{"id":1000083,"date":"2026-04-08T23:34:06","date_gmt":"2026-04-08T21:34:06","guid":{"rendered":"https:\/\/staging.glaswunder.eu\/?post_type=product&#038;p=1000083"},"modified":"2026-04-13T08:50:13","modified_gmt":"2026-04-13T06:50:13","slug":"paint-your-wineglass-am-15-05-2026-coburger-weinfest-2026","status":"publish","type":"product","link":"https:\/\/staging.glaswunder.eu\/en\/shop\/paint-your-wineglass-am-15-05-2026-coburger-weinfest-2026\/","title":{"rendered":"Paint Your WineGlass am 15.05.2026 (2. Tag Coburger Weinfest 2026)"},"content":{"rendered":"<p><script>\n\/\/ENTFERNT DIE PROMO BOX\ndocument.addEventListener(\"DOMContentLoaded\", function () {\n  const elements = document.querySelectorAll(\".shipping-promotions-information\");\n  elements.forEach(function(el) {\n    el.style.display = \"none\";\n  });\n});<\/script><\/p>\n<div class=\"text-base my-auto mx-auto [--thread-content-margin:var(--thread-content-margin-xs,calc(var(--spacing)*4))] @w-sm\/main:[--thread-content-margin:var(--thread-content-margin-sm,calc(var(--spacing)*6))] @w-lg\/main:[--thread-content-margin:var(--thread-content-margin-lg,calc(var(--spacing)*16))] px-(--thread-content-margin)\">\n<div class=\"[--thread-content-max-width:40rem] @w-lg\/main:[--thread-content-max-width:48rem] mx-auto max-w-(--thread-content-max-width) flex-1 group\/turn-messages focus-visible:outline-hidden relative flex w-full min-w-0 flex-col agent-turn\">\n<div class=\"flex max-w-full flex-col gap-4 grow\">\n<div class=\"min-h-8 text-message relative flex w-full flex-col items-end gap-2 text-start break-words whitespace-normal outline-none keyboard-focused:focus-ring [.text-message+&amp;]:mt-1\" dir=\"auto\" data-message-author-role=\"assistant\" data-message-id=\"6ddafd97-064c-465e-9302-b489c3288343\" data-message-model-slug=\"gpt-5-3\">\n<div class=\"flex w-full flex-col gap-1 empty:hidden\">\n<div class=\"markdown prose dark:prose-invert w-full wrap-break-word dark markdown-new-styling\">\n<p data-start=\"60\" data-end=\"263\">Beim diesj\u00e4hrigen Coburger Weinfest l\u00e4dt Glaswunder zu einem ganz besonderen Erlebnis ein: <em data-start=\"151\" data-end=\"177\">Paint your own Wineglass<\/em> \u2013 ein kreatives Highlight f\u00fcr alle, die Wein und Kunst miteinander verbinden m\u00f6chten.<\/p>\n<p data-start=\"265\" data-end=\"665\">In entspannter Atmosph\u00e4re haben Besucher die M\u00f6glichkeit, ihr eigenes Weinglas individuell zu gestalten. Ob verspielte Muster, elegante Schriftz\u00fcge oder farbenfrohe Designs \u2013 der Kreativit\u00e4t sind keine Grenzen gesetzt. Unter fachkundiger Anleitung entstehen so einzigartige Gl\u00e4ser, die nicht nur ein echter Hingucker sind, sondern auch eine pers\u00f6nliche Erinnerung an das Coburger Weinfest darstellen.<\/p>\n<p data-start=\"667\" data-end=\"1033\">Das Event richtet sich sowohl an Anf\u00e4nger als auch an kreative K\u00f6pfe mit Erfahrung. Alle Materialien werden vor Ort bereitgestellt, sodass man sich ganz auf das Gestalten konzentrieren kann. W\u00e4hrenddessen sorgt ein ausgew\u00e4hltes Angebot an Weinen f\u00fcr die passende Stimmung und Inspiration. So wird das Bemalen des Glases zu einem genussvollen Erlebnis f\u00fcr alle Sinne.<\/p>\n<p data-start=\"1035\" data-end=\"1324\">Nach dem Bemalen werden die Gl\u00e4ser professionell eingebrannt, wodurch die Farben dauerhaft fixiert werden und das Design langlebig bleibt. Am n\u00e4chsten Tag sind die fertigen Kunstwerke dann abholbereit \u2013 perfekt, um ein hochwertiges und selbst gestaltetes Weinglas mit nach Hause zu nehmen.<\/p>\n<p data-start=\"1326\" data-end=\"1676\"><em data-start=\"1326\" data-end=\"1352\">Paint your own Wineglass<\/em> ist mehr als nur ein Workshop \u2013 es ist eine Einladung, gemeinsam Zeit zu verbringen, Neues auszuprobieren und dabei ein individuelles Kunstwerk zu erschaffen. Ob mit Freunden, als Date oder einfach als kleine Auszeit vom Alltag: Dieses Event bietet die perfekte Gelegenheit, Kreativit\u00e4t und Genuss miteinander zu verbinden.<\/p>\n<p data-start=\"1678\" data-end=\"1899\">Am Ende entsteht ein pers\u00f6nliches Unikat, das die Erinnerung an einen besonderen Tag beim Coburger Weinfest lebendig h\u00e4lt. Gleichzeitig verbindet das Event Handwerk, Design und regionale Weinkultur auf einzigartige Weise.<\/p>\n<p data-start=\"1901\" data-end=\"2094\" data-is-last-node=\"\" data-is-only-node=\"\">Wer Lust auf ein kreatives Erlebnis in stilvollem Ambiente hat, sollte sich <em data-start=\"1977\" data-end=\"2003\">Paint your own Wineglass<\/em> bei Glaswunder nicht entgehen lassen. Ein Event, das inspiriert, verbindet und begeistert.<\/p>\n<\/div>\n<\/div>\n<\/div>\n<\/div>\n<div class=\"z-0 flex min-h-[46px] justify-start\"><\/div>\n<\/div>\n<\/div>\n","protected":false},"excerpt":{"rendered":"<p>Beim Coburger Weinfest bietet Glaswunder mit <em data-start=\"107\" data-end=\"133\">Paint your own Wineglass<\/em> ein kreatives Erlebnis der besonderen Art. In entspannter Atmosph\u00e4re gestalten Teilnehmer ihr eigenes Weinglas ganz individuell \u2013 von elegant bis farbenfroh. Alle Materialien werden bereitgestellt, sodass sowohl Anf\u00e4nger als auch Kreative auf ihre Kosten kommen. Begleitet von ausgew\u00e4hlten Weinen entsteht ein genussvoller Workshop f\u00fcr alle Sinne. Nach dem Bemalen werden die Gl\u00e4ser professionell eingebrannt und sind am n\u00e4chsten Tag abholbereit. So nimmt jeder ein langlebiges, selbst gestaltetes Unikat und eine besondere Erinnerung an das Weinfest mit nach Hause.<\/p>","protected":false},"featured_media":0,"template":"","meta":{"_acf_changed":false},"product_brand":[],"product_cat":[15],"product_tag":[],"class_list":{"0":"post-1000083","1":"product","2":"type-product","3":"status-publish","5":"product_cat-alle-produkte","7":"first","8":"instock","9":"virtual","10":"taxable","11":"purchasable","12":"product-type-event_ticket_manager"},"acf":[],"yoast_head":"<!-- This site is optimized with the Yoast SEO plugin v27.3 - https:\/\/yoast.com\/product\/yoast-seo-wordpress\/ -->\n<title>Paint Your WineGlass am 15.05.2026 (2. Tag Coburger Weinfest 2026) - Glaswunder<\/title>\n<meta name=\"description\" content=\"Gestalte dein eigenes Weinglas beim Paint your own Wineglass Event bei Glaswunder. Kreativer Workshop\u2013 dein pers\u00f6nliches Unikat.\" \/>\n<meta name=\"robots\" content=\"noindex, follow, max-snippet:-1, max-image-preview:large, max-video-preview:-1\" \/>\n<meta property=\"og:locale\" content=\"en_US\" \/>\n<meta property=\"og:type\" content=\"article\" \/>\n<meta property=\"og:title\" content=\"Paint Your WineGlass am 15.05.2026 (2. Tag Coburger Weinfest 2026) - Glaswunder\" \/>\n<meta property=\"og:description\" content=\"Gestalte dein eigenes Weinglas beim Paint your own Wineglass Event bei Glaswunder. Kreativer Workshop\u2013 dein pers\u00f6nliches Unikat.\" \/>\n<meta property=\"og:url\" content=\"https:\/\/staging.glaswunder.eu\/en\/shop\/paint-your-wineglass-am-15-05-2026-coburger-weinfest-2026\/\" \/>\n<meta property=\"og:site_name\" content=\"Glaswunder\" \/>\n<meta property=\"article:modified_time\" content=\"2026-04-13T06:50:13+00:00\" \/>\n<meta name=\"twitter:card\" content=\"summary_large_image\" \/>\n<meta name=\"twitter:label1\" content=\"Est. reading time\" \/>\n\t<meta name=\"twitter:data1\" content=\"2 minutes\" \/>\n<script type=\"application\/ld+json\" class=\"yoast-schema-graph\">{\"@context\":\"https:\\\/\\\/schema.org\",\"@graph\":[{\"@type\":\"WebPage\",\"@id\":\"https:\\\/\\\/staging.glaswunder.eu\\\/shop\\\/paint-your-wineglass-am-15-05-2026-coburger-weinfest-2026\\\/\",\"url\":\"https:\\\/\\\/staging.glaswunder.eu\\\/shop\\\/paint-your-wineglass-am-15-05-2026-coburger-weinfest-2026\\\/\",\"name\":\"Paint Your WineGlass am 15.05.2026 (2. Tag Coburger Weinfest 2026) - Glaswunder\",\"isPartOf\":{\"@id\":\"https:\\\/\\\/staging.glaswunder.eu\\\/#website\"},\"datePublished\":\"2026-04-08T21:34:06+00:00\",\"dateModified\":\"2026-04-13T06:50:13+00:00\",\"description\":\"Gestalte dein eigenes Weinglas beim Paint your own Wineglass Event bei Glaswunder. Kreativer Workshop\u2013 dein pers\u00f6nliches Unikat.\",\"breadcrumb\":{\"@id\":\"https:\\\/\\\/staging.glaswunder.eu\\\/shop\\\/paint-your-wineglass-am-15-05-2026-coburger-weinfest-2026\\\/#breadcrumb\"},\"inLanguage\":\"en-US\",\"potentialAction\":[{\"@type\":\"ReadAction\",\"target\":[\"https:\\\/\\\/staging.glaswunder.eu\\\/shop\\\/paint-your-wineglass-am-15-05-2026-coburger-weinfest-2026\\\/\"]}]},{\"@type\":\"BreadcrumbList\",\"@id\":\"https:\\\/\\\/staging.glaswunder.eu\\\/shop\\\/paint-your-wineglass-am-15-05-2026-coburger-weinfest-2026\\\/#breadcrumb\",\"itemListElement\":[{\"@type\":\"ListItem\",\"position\":1,\"name\":\"Startseite\",\"item\":\"https:\\\/\\\/staging.glaswunder.eu\\\/\"},{\"@type\":\"ListItem\",\"position\":2,\"name\":\"Shop\",\"item\":\"https:\\\/\\\/staging.glaswunder.eu\\\/shop\\\/\"},{\"@type\":\"ListItem\",\"position\":3,\"name\":\"Paint Your WineGlass am 15.05.2026 (2. Tag Coburger Weinfest 2026)\"}]},{\"@type\":\"WebSite\",\"@id\":\"https:\\\/\\\/staging.glaswunder.eu\\\/#website\",\"url\":\"https:\\\/\\\/staging.glaswunder.eu\\\/\",\"name\":\"Glaswunder\",\"description\":\"Exklusive Christbaumkugeln, Weihnachtkugeln, Christbaumschmuck und mehr.\",\"publisher\":{\"@id\":\"https:\\\/\\\/staging.glaswunder.eu\\\/#organization\"},\"potentialAction\":[{\"@type\":\"SearchAction\",\"target\":{\"@type\":\"EntryPoint\",\"urlTemplate\":\"https:\\\/\\\/staging.glaswunder.eu\\\/?s={search_term_string}\"},\"query-input\":{\"@type\":\"PropertyValueSpecification\",\"valueRequired\":true,\"valueName\":\"search_term_string\"}}],\"inLanguage\":\"en-US\"},{\"@type\":\"Organization\",\"@id\":\"https:\\\/\\\/staging.glaswunder.eu\\\/#organization\",\"name\":\"Glaswunder\",\"url\":\"https:\\\/\\\/staging.glaswunder.eu\\\/\",\"logo\":{\"@type\":\"ImageObject\",\"inLanguage\":\"en-US\",\"@id\":\"https:\\\/\\\/staging.glaswunder.eu\\\/#\\\/schema\\\/logo\\\/image\\\/\",\"url\":\"https:\\\/\\\/staging.glaswunder.eu\\\/wp-content\\\/uploads\\\/2023\\\/02\\\/GlasWunderLogo.webp\",\"contentUrl\":\"https:\\\/\\\/staging.glaswunder.eu\\\/wp-content\\\/uploads\\\/2023\\\/02\\\/GlasWunderLogo.webp\",\"width\":500,\"height\":486,\"caption\":\"Glaswunder\"},\"image\":{\"@id\":\"https:\\\/\\\/staging.glaswunder.eu\\\/#\\\/schema\\\/logo\\\/image\\\/\"}}]}<\/script>\n<!-- \/ Yoast SEO plugin. -->","yoast_head_json":{"title":"Paint Your WineGlass am 15.05.2026 (2. Tag Coburger Weinfest 2026) - Glaswunder","description":"Gestalte dein eigenes Weinglas beim Paint your own Wineglass Event bei Glaswunder. Kreativer Workshop\u2013 dein pers\u00f6nliches Unikat.","robots":{"index":"noindex","follow":"follow","max-snippet":"max-snippet:-1","max-image-preview":"max-image-preview:large","max-video-preview":"max-video-preview:-1"},"og_locale":"en_US","og_type":"article","og_title":"Paint Your WineGlass am 15.05.2026 (2. Tag Coburger Weinfest 2026) - Glaswunder","og_description":"Gestalte dein eigenes Weinglas beim Paint your own Wineglass Event bei Glaswunder. Kreativer Workshop\u2013 dein pers\u00f6nliches Unikat.","og_url":"https:\/\/staging.glaswunder.eu\/en\/shop\/paint-your-wineglass-am-15-05-2026-coburger-weinfest-2026\/","og_site_name":"Glaswunder","article_modified_time":"2026-04-13T06:50:13+00:00","twitter_card":"summary_large_image","twitter_misc":{"Est. reading time":"2 minutes"},"schema":{"@context":"https:\/\/schema.org","@graph":[{"@type":"WebPage","@id":"https:\/\/staging.glaswunder.eu\/shop\/paint-your-wineglass-am-15-05-2026-coburger-weinfest-2026\/","url":"https:\/\/staging.glaswunder.eu\/shop\/paint-your-wineglass-am-15-05-2026-coburger-weinfest-2026\/","name":"Paint Your WineGlass am 15.05.2026 (2. Tag Coburger Weinfest 2026) - Glaswunder","isPartOf":{"@id":"https:\/\/staging.glaswunder.eu\/#website"},"datePublished":"2026-04-08T21:34:06+00:00","dateModified":"2026-04-13T06:50:13+00:00","description":"Gestalte dein eigenes Weinglas beim Paint your own Wineglass Event bei Glaswunder. Kreativer Workshop\u2013 dein pers\u00f6nliches Unikat.","breadcrumb":{"@id":"https:\/\/staging.glaswunder.eu\/shop\/paint-your-wineglass-am-15-05-2026-coburger-weinfest-2026\/#breadcrumb"},"inLanguage":"en-US","potentialAction":[{"@type":"ReadAction","target":["https:\/\/staging.glaswunder.eu\/shop\/paint-your-wineglass-am-15-05-2026-coburger-weinfest-2026\/"]}]},{"@type":"BreadcrumbList","@id":"https:\/\/staging.glaswunder.eu\/shop\/paint-your-wineglass-am-15-05-2026-coburger-weinfest-2026\/#breadcrumb","itemListElement":[{"@type":"ListItem","position":1,"name":"Startseite","item":"https:\/\/staging.glaswunder.eu\/"},{"@type":"ListItem","position":2,"name":"Shop","item":"https:\/\/staging.glaswunder.eu\/shop\/"},{"@type":"ListItem","position":3,"name":"Paint Your WineGlass am 15.05.2026 (2. Tag Coburger Weinfest 2026)"}]},{"@type":"WebSite","@id":"https:\/\/staging.glaswunder.eu\/#website","url":"https:\/\/staging.glaswunder.eu\/","name":"Glaswunder","description":"Exklusive Christbaumkugeln, Weihnachtkugeln, Christbaumschmuck und mehr.","publisher":{"@id":"https:\/\/staging.glaswunder.eu\/#organization"},"potentialAction":[{"@type":"SearchAction","target":{"@type":"EntryPoint","urlTemplate":"https:\/\/staging.glaswunder.eu\/?s={search_term_string}"},"query-input":{"@type":"PropertyValueSpecification","valueRequired":true,"valueName":"search_term_string"}}],"inLanguage":"en-US"},{"@type":"Organization","@id":"https:\/\/staging.glaswunder.eu\/#organization","name":"Glaswunder","url":"https:\/\/staging.glaswunder.eu\/","logo":{"@type":"ImageObject","inLanguage":"en-US","@id":"https:\/\/staging.glaswunder.eu\/#\/schema\/logo\/image\/","url":"https:\/\/staging.glaswunder.eu\/wp-content\/uploads\/2023\/02\/GlasWunderLogo.webp","contentUrl":"https:\/\/staging.glaswunder.eu\/wp-content\/uploads\/2023\/02\/GlasWunderLogo.webp","width":500,"height":486,"caption":"Glaswunder"},"image":{"@id":"https:\/\/staging.glaswunder.eu\/#\/schema\/logo\/image\/"}}]}},"_links":{"self":[{"href":"https:\/\/staging.glaswunder.eu\/en\/wp-json\/wp\/v2\/product\/1000083","targetHints":{"allow":["GET"]}}],"collection":[{"href":"https:\/\/staging.glaswunder.eu\/en\/wp-json\/wp\/v2\/product"}],"about":[{"href":"https:\/\/staging.glaswunder.eu\/en\/wp-json\/wp\/v2\/types\/product"}],"version-history":[{"count":4,"href":"https:\/\/staging.glaswunder.eu\/en\/wp-json\/wp\/v2\/product\/1000083\/revisions"}],"predecessor-version":[{"id":1000147,"href":"https:\/\/staging.glaswunder.eu\/en\/wp-json\/wp\/v2\/product\/1000083\/revisions\/1000147"}],"wp:attachment":[{"href":"https:\/\/staging.glaswunder.eu\/en\/wp-json\/wp\/v2\/media?parent=1000083"}],"wp:term":[{"taxonomy":"product_brand","embeddable":true,"href":"https:\/\/staging.glaswunder.eu\/en\/wp-json\/wp\/v2\/product_brand?post=1000083"},{"taxonomy":"product_cat","embeddable":true,"href":"https:\/\/staging.glaswunder.eu\/en\/wp-json\/wp\/v2\/product_cat?post=1000083"},{"taxonomy":"product_tag","embeddable":true,"href":"https:\/\/staging.glaswunder.eu\/en\/wp-json\/wp\/v2\/product_tag?post=1000083"}],"curies":[{"name":"wp","href":"https:\/\/api.w.org\/{rel}","templated":true}]}}