{"id":1348,"date":"2023-02-01T19:36:58","date_gmt":"2023-02-01T19:36:58","guid":{"rendered":"https:\/\/glaswunder.eu\/?post_type=product&#038;p=1348"},"modified":"2026-04-17T11:58:01","modified_gmt":"2026-04-17T09:58:01","slug":"spring-power","status":"publish","type":"product","link":"https:\/\/staging.glaswunder.eu\/en\/shop\/spring-power\/","title":{"rendered":"&#8222;spring power&#8220; &#8211; Ostereier 6 cm bunt transparent"},"content":{"rendered":"<p>Nach der dunklen Jahreszeit ist der Fr\u00fchling wie ein Erwachen aus einem langen Winterschlaf. Wir stellen Dir hier unsere neue Easter Kollektion vor, mit denen du Farbe und Leben in dein Zuhause bekommst. Ein Osterstrauch, geschm\u00fcckt mit bunten Ostereiern aus Glas zum Aufh\u00e4ngen und farbenfrohen B\u00e4ndern, steht f\u00fcr das Wiedererwachen der Natur im Fr\u00fchling. Wir haben uns f\u00fcr die 4 Farben in gelb, blau, gr\u00fcn und rosa entschieden, da Sie eine besondere Symbolik aufweisen. Sie sind in zarten Pastellt\u00f6nen gehalten und aus transparentem Glas gefertigt. Das gelbe Osterei symbolisiert Licht, W\u00e4rme und Positivit\u00e4t. Es ist Balsam f\u00fcr die Seele. Unser blaues Glasosterei steht f\u00fcr Sanftmut und repr\u00e4sentiert auch gleichzeitig eine klare Besonnenheit. Das schafft Vertrauen und vermittelt ein Gef\u00fchl von Geborgenheit. Unser gr\u00fcnes Osterei gilt als Sinnbild der Natur. Die Farbe erweckt eine Assoziation wie Erneuerung, Wachstum und Freiheit. Zu guter Letzt steht unser rosafarbenes Glasosterei f\u00fcr die bedingungslose Liebe und gegenseitiges Verst\u00e4ndnis. All die Farben sorgen f\u00fcr positive Eigenschaften und erzeugen Gl\u00fccksgef\u00fchle. Unser &#8222;Spring Power&#8220; &#8211; Set ist aus mundgeblasenem transparentem Glas gefertigt. Die Transparenz unserer Ostereier l\u00e4sst im Sonnenlicht Dein Zuhause schimmern und strahlen. Zudem kannst du unsere Ostereier aufh\u00e4ngen oder einfach als Osterdekoration in ein Nest legen. Sie sind handgefertigt und in Deutschland produziert. F\u00fcr etwas mehr Pepp an deinem Osterstrauch haben wir f\u00fcr dich sonst auch noch unser &#8222;<a href=\"https:\/\/staging.glaswunder.eu\/en\/shop\/sparkling-spring\/\">Sparkling Spring<\/a>&#8220; &#8211; Set.<\/p>\n<p>Unsere Ostereier Kollektion l\u00e4sst sich auch prima mit unseren <a href=\"https:\/\/staging.glaswunder.eu\/en\/product-category\/voegel\/\">V\u00f6gelchen &#8211; Sets<\/a> aus der Weihnachtskollektion kombinieren, da die V\u00f6gelchen zeitlos sind.<\/p>\n<p>Unsere Easter Kollektion ist nur f\u00fcr den Gebrauch im Innenbereich vorgesehen.<\/p>\n<p>&nbsp;<\/p>","protected":false},"excerpt":{"rendered":"<p>Dieses Set besteht aus 4 transparenten Ostereiern \u00e0 7 cm, welche in vier wundersch\u00f6nen unterschiedlichen Pastellt\u00f6nen aufwartet. In gelb, rosa, blau und gr\u00fcn bringen sie fr\u00fchlingshafte Frische an Deinen Osterstrauch und Deine Osterdekoration. Das Ostereier-Set &#8222;Spring Power&#8220; wird aus mundgeblasenem Glas gefertigt und von Hand gef\u00e4rbt.<\/p>","protected":false},"featured_media":1980,"template":"","meta":{"_acf_changed":false},"product_brand":[112],"product_cat":[15,52,99,89],"product_tag":[110,101,106,105,103,107,102],"class_list":{"0":"post-1348","1":"product","2":"type-product","3":"status-publish","4":"has-post-thumbnail","6":"product_brand-glaswunder","7":"product_cat-alle-produkte","8":"product_cat-easter-collection","9":"product_cat-ostereier-ostern","10":"product_cat-ostern","11":"product_tag-christbaumschmuck-aus-deutschland","12":"product_tag-christbaumschmuck","13":"product_tag-edler-weihnachtsschmuck","14":"product_tag-geschenkidee-weihnachten-deko","15":"product_tag-handgemachter-christbaumschmuck","16":"product_tag-nachhaltiger-weihnachtsschmuck","17":"product_tag-weihnachtsschmuck","19":"first","20":"instock","21":"taxable","22":"shipping-taxable","23":"purchasable","24":"product-type-simple"},"acf":[],"yoast_head":"<!-- This site is optimized with the Yoast SEO plugin v27.3 - https:\/\/yoast.com\/product\/yoast-seo-wordpress\/ -->\n<title>&quot;spring power&quot; - Ostereier 6 cm bunt transparent - Glaswunder<\/title>\n<meta name=\"description\" content=\"Ostereier 6cm aus mundgeblasenem Glas \u2705handgefertigte Osterdekoration \u2705hergestellt in Deutschland \u2705Pastellt\u00f6ne \u2705 Ostereier zum aufh\u00e4ngen\" \/>\n<meta name=\"robots\" content=\"noindex, follow, max-snippet:-1, max-image-preview:large, max-video-preview:-1\" \/>\n<meta property=\"og:locale\" content=\"en_US\" \/>\n<meta property=\"og:type\" content=\"article\" \/>\n<meta property=\"og:title\" content=\"&quot;spring power&quot; - Ostereier 6 cm bunt transparent - Glaswunder\" \/>\n<meta property=\"og:description\" content=\"Ostereier 6cm aus mundgeblasenem Glas \u2705handgefertigte Osterdekoration \u2705hergestellt in Deutschland \u2705Pastellt\u00f6ne \u2705 Ostereier zum aufh\u00e4ngen\" \/>\n<meta property=\"og:url\" content=\"https:\/\/staging.glaswunder.eu\/en\/shop\/spring-power\/\" \/>\n<meta property=\"og:site_name\" content=\"Glaswunder\" \/>\n<meta property=\"article:modified_time\" content=\"2026-04-17T09:58:01+00:00\" \/>\n<meta property=\"og:image\" content=\"https:\/\/staging.glaswunder.eu\/wp-content\/uploads\/2023\/06\/spring-power-ostereier-4262381710817-773x773.png\" \/>\n\t<meta property=\"og:image:width\" content=\"773\" \/>\n\t<meta property=\"og:image:height\" content=\"773\" \/>\n\t<meta property=\"og:image:type\" content=\"image\/png\" \/>\n<meta name=\"twitter:card\" content=\"summary_large_image\" \/>\n<meta name=\"twitter:label1\" content=\"Est. reading time\" \/>\n\t<meta name=\"twitter:data1\" content=\"2 minutes\" \/>\n<script type=\"application\/ld+json\" class=\"yoast-schema-graph\">{\"@context\":\"https:\\\/\\\/schema.org\",\"@graph\":[{\"@type\":\"WebPage\",\"@id\":\"https:\\\/\\\/staging.glaswunder.eu\\\/shop\\\/spring-power\\\/\",\"url\":\"https:\\\/\\\/staging.glaswunder.eu\\\/shop\\\/spring-power\\\/\",\"name\":\"\\\"spring power\\\" - Ostereier 6 cm bunt transparent - Glaswunder\",\"isPartOf\":{\"@id\":\"https:\\\/\\\/staging.glaswunder.eu\\\/#website\"},\"primaryImageOfPage\":{\"@id\":\"https:\\\/\\\/staging.glaswunder.eu\\\/shop\\\/spring-power\\\/#primaryimage\"},\"image\":{\"@id\":\"https:\\\/\\\/staging.glaswunder.eu\\\/shop\\\/spring-power\\\/#primaryimage\"},\"thumbnailUrl\":\"https:\\\/\\\/staging.glaswunder.eu\\\/wp-content\\\/uploads\\\/2023\\\/06\\\/spring-power-ostereier-4262381710817.png\",\"datePublished\":\"2023-02-01T19:36:58+00:00\",\"dateModified\":\"2026-04-17T09:58:01+00:00\",\"description\":\"Ostereier 6cm aus mundgeblasenem Glas \u2705handgefertigte Osterdekoration \u2705hergestellt in Deutschland \u2705Pastellt\u00f6ne \u2705 Ostereier zum aufh\u00e4ngen\",\"breadcrumb\":{\"@id\":\"https:\\\/\\\/staging.glaswunder.eu\\\/shop\\\/spring-power\\\/#breadcrumb\"},\"inLanguage\":\"en-US\",\"potentialAction\":[{\"@type\":\"ReadAction\",\"target\":[\"https:\\\/\\\/staging.glaswunder.eu\\\/shop\\\/spring-power\\\/\"]}]},{\"@type\":\"ImageObject\",\"inLanguage\":\"en-US\",\"@id\":\"https:\\\/\\\/staging.glaswunder.eu\\\/shop\\\/spring-power\\\/#primaryimage\",\"url\":\"https:\\\/\\\/staging.glaswunder.eu\\\/wp-content\\\/uploads\\\/2023\\\/06\\\/spring-power-ostereier-4262381710817.png\",\"contentUrl\":\"https:\\\/\\\/staging.glaswunder.eu\\\/wp-content\\\/uploads\\\/2023\\\/06\\\/spring-power-ostereier-4262381710817.png\",\"width\":1920,\"height\":1920,\"caption\":\"4er Set Ostereier aus Glas in transparent gr\u00fcn, orange, rot und blau mit 6cm Durchmesser in schwarzem Naturkarton\"},{\"@type\":\"BreadcrumbList\",\"@id\":\"https:\\\/\\\/staging.glaswunder.eu\\\/shop\\\/spring-power\\\/#breadcrumb\",\"itemListElement\":[{\"@type\":\"ListItem\",\"position\":1,\"name\":\"Startseite\",\"item\":\"https:\\\/\\\/staging.glaswunder.eu\\\/\"},{\"@type\":\"ListItem\",\"position\":2,\"name\":\"Shop\",\"item\":\"https:\\\/\\\/staging.glaswunder.eu\\\/shop\\\/\"},{\"@type\":\"ListItem\",\"position\":3,\"name\":\"&#8222;spring power&#8220; &#8211; Ostereier 6 cm bunt transparent\"}]},{\"@type\":\"WebSite\",\"@id\":\"https:\\\/\\\/staging.glaswunder.eu\\\/#website\",\"url\":\"https:\\\/\\\/staging.glaswunder.eu\\\/\",\"name\":\"Glaswunder\",\"description\":\"Exklusive Christbaumkugeln, Weihnachtkugeln, Christbaumschmuck und mehr.\",\"publisher\":{\"@id\":\"https:\\\/\\\/staging.glaswunder.eu\\\/#organization\"},\"potentialAction\":[{\"@type\":\"SearchAction\",\"target\":{\"@type\":\"EntryPoint\",\"urlTemplate\":\"https:\\\/\\\/staging.glaswunder.eu\\\/?s={search_term_string}\"},\"query-input\":{\"@type\":\"PropertyValueSpecification\",\"valueRequired\":true,\"valueName\":\"search_term_string\"}}],\"inLanguage\":\"en-US\"},{\"@type\":\"Organization\",\"@id\":\"https:\\\/\\\/staging.glaswunder.eu\\\/#organization\",\"name\":\"Glaswunder\",\"url\":\"https:\\\/\\\/staging.glaswunder.eu\\\/\",\"logo\":{\"@type\":\"ImageObject\",\"inLanguage\":\"en-US\",\"@id\":\"https:\\\/\\\/staging.glaswunder.eu\\\/#\\\/schema\\\/logo\\\/image\\\/\",\"url\":\"https:\\\/\\\/staging.glaswunder.eu\\\/wp-content\\\/uploads\\\/2023\\\/02\\\/GlasWunderLogo.webp\",\"contentUrl\":\"https:\\\/\\\/staging.glaswunder.eu\\\/wp-content\\\/uploads\\\/2023\\\/02\\\/GlasWunderLogo.webp\",\"width\":500,\"height\":486,\"caption\":\"Glaswunder\"},\"image\":{\"@id\":\"https:\\\/\\\/staging.glaswunder.eu\\\/#\\\/schema\\\/logo\\\/image\\\/\"}}]}<\/script>\n<!-- \/ Yoast SEO plugin. -->","yoast_head_json":{"title":"\"spring power\" - Ostereier 6 cm bunt transparent - Glaswunder","description":"Ostereier 6cm aus mundgeblasenem Glas \u2705handgefertigte Osterdekoration \u2705hergestellt in Deutschland \u2705Pastellt\u00f6ne \u2705 Ostereier zum aufh\u00e4ngen","robots":{"index":"noindex","follow":"follow","max-snippet":"max-snippet:-1","max-image-preview":"max-image-preview:large","max-video-preview":"max-video-preview:-1"},"og_locale":"en_US","og_type":"article","og_title":"\"spring power\" - Ostereier 6 cm bunt transparent - Glaswunder","og_description":"Ostereier 6cm aus mundgeblasenem Glas \u2705handgefertigte Osterdekoration \u2705hergestellt in Deutschland \u2705Pastellt\u00f6ne \u2705 Ostereier zum aufh\u00e4ngen","og_url":"https:\/\/staging.glaswunder.eu\/en\/shop\/spring-power\/","og_site_name":"Glaswunder","article_modified_time":"2026-04-17T09:58:01+00:00","og_image":[{"width":773,"height":773,"url":"https:\/\/staging.glaswunder.eu\/wp-content\/uploads\/2023\/06\/spring-power-ostereier-4262381710817-773x773.png","type":"image\/png"}],"twitter_card":"summary_large_image","twitter_misc":{"Est. reading time":"2 minutes"},"schema":{"@context":"https:\/\/schema.org","@graph":[{"@type":"WebPage","@id":"https:\/\/staging.glaswunder.eu\/shop\/spring-power\/","url":"https:\/\/staging.glaswunder.eu\/shop\/spring-power\/","name":"\"spring power\" - Ostereier 6 cm bunt transparent - Glaswunder","isPartOf":{"@id":"https:\/\/staging.glaswunder.eu\/#website"},"primaryImageOfPage":{"@id":"https:\/\/staging.glaswunder.eu\/shop\/spring-power\/#primaryimage"},"image":{"@id":"https:\/\/staging.glaswunder.eu\/shop\/spring-power\/#primaryimage"},"thumbnailUrl":"https:\/\/staging.glaswunder.eu\/wp-content\/uploads\/2023\/06\/spring-power-ostereier-4262381710817.png","datePublished":"2023-02-01T19:36:58+00:00","dateModified":"2026-04-17T09:58:01+00:00","description":"Ostereier 6cm aus mundgeblasenem Glas \u2705handgefertigte Osterdekoration \u2705hergestellt in Deutschland \u2705Pastellt\u00f6ne \u2705 Ostereier zum aufh\u00e4ngen","breadcrumb":{"@id":"https:\/\/staging.glaswunder.eu\/shop\/spring-power\/#breadcrumb"},"inLanguage":"en-US","potentialAction":[{"@type":"ReadAction","target":["https:\/\/staging.glaswunder.eu\/shop\/spring-power\/"]}]},{"@type":"ImageObject","inLanguage":"en-US","@id":"https:\/\/staging.glaswunder.eu\/shop\/spring-power\/#primaryimage","url":"https:\/\/staging.glaswunder.eu\/wp-content\/uploads\/2023\/06\/spring-power-ostereier-4262381710817.png","contentUrl":"https:\/\/staging.glaswunder.eu\/wp-content\/uploads\/2023\/06\/spring-power-ostereier-4262381710817.png","width":1920,"height":1920,"caption":"4er Set Ostereier aus Glas in transparent gr\u00fcn, orange, rot und blau mit 6cm Durchmesser in schwarzem Naturkarton"},{"@type":"BreadcrumbList","@id":"https:\/\/staging.glaswunder.eu\/shop\/spring-power\/#breadcrumb","itemListElement":[{"@type":"ListItem","position":1,"name":"Startseite","item":"https:\/\/staging.glaswunder.eu\/"},{"@type":"ListItem","position":2,"name":"Shop","item":"https:\/\/staging.glaswunder.eu\/shop\/"},{"@type":"ListItem","position":3,"name":"&#8222;spring power&#8220; &#8211; Ostereier 6 cm bunt transparent"}]},{"@type":"WebSite","@id":"https:\/\/staging.glaswunder.eu\/#website","url":"https:\/\/staging.glaswunder.eu\/","name":"Glaswunder","description":"Exklusive Christbaumkugeln, Weihnachtkugeln, Christbaumschmuck und mehr.","publisher":{"@id":"https:\/\/staging.glaswunder.eu\/#organization"},"potentialAction":[{"@type":"SearchAction","target":{"@type":"EntryPoint","urlTemplate":"https:\/\/staging.glaswunder.eu\/?s={search_term_string}"},"query-input":{"@type":"PropertyValueSpecification","valueRequired":true,"valueName":"search_term_string"}}],"inLanguage":"en-US"},{"@type":"Organization","@id":"https:\/\/staging.glaswunder.eu\/#organization","name":"Glaswunder","url":"https:\/\/staging.glaswunder.eu\/","logo":{"@type":"ImageObject","inLanguage":"en-US","@id":"https:\/\/staging.glaswunder.eu\/#\/schema\/logo\/image\/","url":"https:\/\/staging.glaswunder.eu\/wp-content\/uploads\/2023\/02\/GlasWunderLogo.webp","contentUrl":"https:\/\/staging.glaswunder.eu\/wp-content\/uploads\/2023\/02\/GlasWunderLogo.webp","width":500,"height":486,"caption":"Glaswunder"},"image":{"@id":"https:\/\/staging.glaswunder.eu\/#\/schema\/logo\/image\/"}}]}},"_links":{"self":[{"href":"https:\/\/staging.glaswunder.eu\/en\/wp-json\/wp\/v2\/product\/1348","targetHints":{"allow":["GET"]}}],"collection":[{"href":"https:\/\/staging.glaswunder.eu\/en\/wp-json\/wp\/v2\/product"}],"about":[{"href":"https:\/\/staging.glaswunder.eu\/en\/wp-json\/wp\/v2\/types\/product"}],"version-history":[{"count":8,"href":"https:\/\/staging.glaswunder.eu\/en\/wp-json\/wp\/v2\/product\/1348\/revisions"}],"predecessor-version":[{"id":5804,"href":"https:\/\/staging.glaswunder.eu\/en\/wp-json\/wp\/v2\/product\/1348\/revisions\/5804"}],"wp:featuredmedia":[{"embeddable":true,"href":"https:\/\/staging.glaswunder.eu\/en\/wp-json\/wp\/v2\/media\/1980"}],"wp:attachment":[{"href":"https:\/\/staging.glaswunder.eu\/en\/wp-json\/wp\/v2\/media?parent=1348"}],"wp:term":[{"taxonomy":"product_brand","embeddable":true,"href":"https:\/\/staging.glaswunder.eu\/en\/wp-json\/wp\/v2\/product_brand?post=1348"},{"taxonomy":"product_cat","embeddable":true,"href":"https:\/\/staging.glaswunder.eu\/en\/wp-json\/wp\/v2\/product_cat?post=1348"},{"taxonomy":"product_tag","embeddable":true,"href":"https:\/\/staging.glaswunder.eu\/en\/wp-json\/wp\/v2\/product_tag?post=1348"}],"curies":[{"name":"wp","href":"https:\/\/api.w.org\/{rel}","templated":true}]}}