{"id":1351,"date":"2023-02-13T09:29:18","date_gmt":"2023-02-13T09:29:18","guid":{"rendered":"https:\/\/glaswunder.eu\/?post_type=product&#038;p=1351"},"modified":"2026-04-17T11:58:38","modified_gmt":"2026-04-17T09:58:38","slug":"sparkling-spring","status":"publish","type":"product","link":"https:\/\/staging.glaswunder.eu\/en\/shop\/sparkling-spring\/","title":{"rendered":"&#8222;sparkling spring&#8220; &#8211; Ostereier 6 cm bunt transparent geglittert"},"content":{"rendered":"<p>Nach der tollen Weihnachtszeit und den kalten Tagen steht nun der Fr\u00fchling vor der T\u00fcr. Der bunt geschm\u00fcckte Weihnachtsbaum und die schimmernden Kerzen greifen nun \u00fcber in unsere neue Easter Kollektion. Unser &#8222;Sparkling Spring&#8220; &#8211; Set besteht aus 4 funkelnden und glitzernden Pastellt\u00f6nen. F\u00fcr unsere Ostereier aus Glas zum aufh\u00e4ngen haben wir uns f\u00fcr die Farben gelb, blau, gr\u00fcn und rosa entschieden, da sie alle sehr einzigartig in Ihrer vollen Pracht sind und eine tolles Farbspiel in dein Eigenheim bringen. Der Osterstrauch, ebenfalls auch Goldgl\u00f6ckchen genannt, erleuchtet im Fr\u00fchjahr dennoch an den k\u00fchleren Tagen mit strahlend gelben Bl\u00fcten. Klassisch in der Osterdekoration wird diese durch Zweige der Korkenzieherweide erg\u00e4nzt. Das gelbe Osterei zeigt sich in seiner Kreativit\u00e4t, Neugier und Wissbegierde aus. Dann haben wir das blaue Glasosterei, wessen besonders f\u00fcr die Neutralit\u00e4t und Klarheit steht. Eine wahrhaftige Kunst. Unser gr\u00fcnes Osterei steht f\u00fcr Frische und Lebensfreude. Sie ist eine emotional positive Farbe. Und unser rosa farbiges Osterei steht f\u00fcr Geborgenheit, F\u00fcrsorge und Mitgef\u00fchl. Das zaubert uns ein angenehmes Wohlbefinden bei. All die Farben sorgen f\u00fcr positive Eigenschaften und erzeugen Gl\u00fccksgef\u00fchle. Unser &#8222;Sparkling Spring&#8220; &#8211; Set ist aus mundgeblasenen transparenten Glas gefertigt und mit feinem Sand \u00fcberzogen. Die Transparenz unserer Ostereier mit dem gesandeten Design bringen dein Zuhause zum strahlen. Wir haben f\u00fcr dich auch noch unser &#8222;<a href=\"https:\/\/staging.glaswunder.eu\/en\/shop\/spring-power\/\">Spring Power<\/a>&#8220; &#8211; Set was dich mit der schimmernden Transparenz der Glasostereier begeistern kann.\u00a0 Die Ostereier sind zudem handgefertigt, zum aufh\u00e4ngen und in Deutschland produziert.<\/p>\n<p>Unsere Easter Kollektion l\u00e4sst sich auch prima mit unseren <a href=\"https:\/\/staging.glaswunder.eu\/en\/product-category\/voegel\/\">V\u00f6gelchen &#8211; Sets<\/a> aus der Weihnachtskollektion kombinieren, da die V\u00f6gelchen zeitlos sind.<\/p>\n<p>Unsere Easter Kollektion ist nur f\u00fcr den Gebrauch im Innenbereich vorgesehen.<\/p>","protected":false},"excerpt":{"rendered":"<p>Das Ostereier-Set besteht aus 4 fantastischen Pastellfarben, dass mit transparentem Glitzer \u00fcberzogen ist. Dich erwartet an Deinem Osterstrauch ein sch\u00f6nes Farbspiel aus Gelb, Gr\u00fcn, Blau und Rosa. Die Ostereier sind 7cm gro\u00df, aus mundgeblasenem Glas und von Hand verziert.<\/p>","protected":false},"featured_media":1653,"template":"","meta":{"_acf_changed":false},"product_brand":[112],"product_cat":[15,52,99,89],"product_tag":[110,101,106,105,103,107,102],"class_list":{"0":"post-1351","1":"product","2":"type-product","3":"status-publish","4":"has-post-thumbnail","6":"product_brand-glaswunder","7":"product_cat-alle-produkte","8":"product_cat-easter-collection","9":"product_cat-ostereier-ostern","10":"product_cat-ostern","11":"product_tag-christbaumschmuck-aus-deutschland","12":"product_tag-christbaumschmuck","13":"product_tag-edler-weihnachtsschmuck","14":"product_tag-geschenkidee-weihnachten-deko","15":"product_tag-handgemachter-christbaumschmuck","16":"product_tag-nachhaltiger-weihnachtsschmuck","17":"product_tag-weihnachtsschmuck","19":"first","20":"instock","21":"taxable","22":"shipping-taxable","23":"purchasable","24":"product-type-simple"},"acf":[],"yoast_head":"<!-- This site is optimized with the Yoast SEO plugin v27.3 - https:\/\/yoast.com\/product\/yoast-seo-wordpress\/ -->\n<title>Ostereier aus Glas zum aufh\u00e4ngen - GlasWunder<\/title>\n<meta name=\"description\" content=\"Ostereier \u00e1 6cm mit transparentem Glitzer \u2705 aus mundgeblasenem Glas \u2705 hergestellt in Deutschland \u2705 von Hand verziert\u2705 Ostereier zum Aufh\u00e4ngen\" \/>\n<meta name=\"robots\" content=\"noindex, follow, max-snippet:-1, max-image-preview:large, max-video-preview:-1\" \/>\n<meta property=\"og:locale\" content=\"en_US\" \/>\n<meta property=\"og:type\" content=\"article\" \/>\n<meta property=\"og:title\" content=\"Ostereier aus Glas zum aufh\u00e4ngen - GlasWunder\" \/>\n<meta property=\"og:description\" content=\"Ostereier \u00e1 6cm mit transparentem Glitzer \u2705 aus mundgeblasenem Glas \u2705 hergestellt in Deutschland \u2705 von Hand verziert\u2705 Ostereier zum Aufh\u00e4ngen\" \/>\n<meta property=\"og:url\" content=\"https:\/\/staging.glaswunder.eu\/en\/shop\/sparkling-spring\/\" \/>\n<meta property=\"og:site_name\" content=\"Glaswunder\" \/>\n<meta property=\"article:modified_time\" content=\"2026-04-17T09:58:38+00:00\" \/>\n<meta property=\"og:image\" content=\"https:\/\/staging.glaswunder.eu\/wp-content\/uploads\/2023\/02\/GW-Ostern-01-773x773.png\" \/>\n\t<meta property=\"og:image:width\" content=\"773\" \/>\n\t<meta property=\"og:image:height\" content=\"773\" \/>\n\t<meta property=\"og:image:type\" content=\"image\/png\" \/>\n<meta name=\"twitter:card\" content=\"summary_large_image\" \/>\n<meta name=\"twitter:label1\" content=\"Est. reading time\" \/>\n\t<meta name=\"twitter:data1\" content=\"2 minutes\" \/>\n<script type=\"application\/ld+json\" class=\"yoast-schema-graph\">{\"@context\":\"https:\\\/\\\/schema.org\",\"@graph\":[{\"@type\":\"WebPage\",\"@id\":\"https:\\\/\\\/staging.glaswunder.eu\\\/shop\\\/sparkling-spring\\\/\",\"url\":\"https:\\\/\\\/staging.glaswunder.eu\\\/shop\\\/sparkling-spring\\\/\",\"name\":\"Ostereier aus Glas zum aufh\u00e4ngen - GlasWunder\",\"isPartOf\":{\"@id\":\"https:\\\/\\\/staging.glaswunder.eu\\\/#website\"},\"primaryImageOfPage\":{\"@id\":\"https:\\\/\\\/staging.glaswunder.eu\\\/shop\\\/sparkling-spring\\\/#primaryimage\"},\"image\":{\"@id\":\"https:\\\/\\\/staging.glaswunder.eu\\\/shop\\\/sparkling-spring\\\/#primaryimage\"},\"thumbnailUrl\":\"https:\\\/\\\/staging.glaswunder.eu\\\/wp-content\\\/uploads\\\/2023\\\/02\\\/GW-Ostern-01.png\",\"datePublished\":\"2023-02-13T09:29:18+00:00\",\"dateModified\":\"2026-04-17T09:58:38+00:00\",\"description\":\"Ostereier \u00e1 6cm mit transparentem Glitzer \u2705 aus mundgeblasenem Glas \u2705 hergestellt in Deutschland \u2705 von Hand verziert\u2705 Ostereier zum Aufh\u00e4ngen\",\"breadcrumb\":{\"@id\":\"https:\\\/\\\/staging.glaswunder.eu\\\/shop\\\/sparkling-spring\\\/#breadcrumb\"},\"inLanguage\":\"en-US\",\"potentialAction\":[{\"@type\":\"ReadAction\",\"target\":[\"https:\\\/\\\/staging.glaswunder.eu\\\/shop\\\/sparkling-spring\\\/\"]}]},{\"@type\":\"ImageObject\",\"inLanguage\":\"en-US\",\"@id\":\"https:\\\/\\\/staging.glaswunder.eu\\\/shop\\\/sparkling-spring\\\/#primaryimage\",\"url\":\"https:\\\/\\\/staging.glaswunder.eu\\\/wp-content\\\/uploads\\\/2023\\\/02\\\/GW-Ostern-01.png\",\"contentUrl\":\"https:\\\/\\\/staging.glaswunder.eu\\\/wp-content\\\/uploads\\\/2023\\\/02\\\/GW-Ostern-01.png\",\"width\":1920,\"height\":1920,\"caption\":\"4 Ostereier aus Glas in einem transparenten Gr\u00fcn, Orange, Rot und Blau mit Glitzer \u00fcberzogen und 6cm Durchmesser in einem schwarzen Naturkarton\"},{\"@type\":\"BreadcrumbList\",\"@id\":\"https:\\\/\\\/staging.glaswunder.eu\\\/shop\\\/sparkling-spring\\\/#breadcrumb\",\"itemListElement\":[{\"@type\":\"ListItem\",\"position\":1,\"name\":\"Startseite\",\"item\":\"https:\\\/\\\/staging.glaswunder.eu\\\/\"},{\"@type\":\"ListItem\",\"position\":2,\"name\":\"Shop\",\"item\":\"https:\\\/\\\/staging.glaswunder.eu\\\/shop\\\/\"},{\"@type\":\"ListItem\",\"position\":3,\"name\":\"&#8222;sparkling spring&#8220; &#8211; Ostereier 6 cm bunt transparent geglittert\"}]},{\"@type\":\"WebSite\",\"@id\":\"https:\\\/\\\/staging.glaswunder.eu\\\/#website\",\"url\":\"https:\\\/\\\/staging.glaswunder.eu\\\/\",\"name\":\"Glaswunder\",\"description\":\"Exklusive Christbaumkugeln, Weihnachtkugeln, Christbaumschmuck und mehr.\",\"publisher\":{\"@id\":\"https:\\\/\\\/staging.glaswunder.eu\\\/#organization\"},\"potentialAction\":[{\"@type\":\"SearchAction\",\"target\":{\"@type\":\"EntryPoint\",\"urlTemplate\":\"https:\\\/\\\/staging.glaswunder.eu\\\/?s={search_term_string}\"},\"query-input\":{\"@type\":\"PropertyValueSpecification\",\"valueRequired\":true,\"valueName\":\"search_term_string\"}}],\"inLanguage\":\"en-US\"},{\"@type\":\"Organization\",\"@id\":\"https:\\\/\\\/staging.glaswunder.eu\\\/#organization\",\"name\":\"Glaswunder\",\"url\":\"https:\\\/\\\/staging.glaswunder.eu\\\/\",\"logo\":{\"@type\":\"ImageObject\",\"inLanguage\":\"en-US\",\"@id\":\"https:\\\/\\\/staging.glaswunder.eu\\\/#\\\/schema\\\/logo\\\/image\\\/\",\"url\":\"https:\\\/\\\/staging.glaswunder.eu\\\/wp-content\\\/uploads\\\/2023\\\/02\\\/GlasWunderLogo.webp\",\"contentUrl\":\"https:\\\/\\\/staging.glaswunder.eu\\\/wp-content\\\/uploads\\\/2023\\\/02\\\/GlasWunderLogo.webp\",\"width\":500,\"height\":486,\"caption\":\"Glaswunder\"},\"image\":{\"@id\":\"https:\\\/\\\/staging.glaswunder.eu\\\/#\\\/schema\\\/logo\\\/image\\\/\"}}]}<\/script>\n<!-- \/ Yoast SEO plugin. -->","yoast_head_json":{"title":"Ostereier aus Glas zum aufh\u00e4ngen - GlasWunder","description":"Ostereier \u00e1 6cm mit transparentem Glitzer \u2705 aus mundgeblasenem Glas \u2705 hergestellt in Deutschland \u2705 von Hand verziert\u2705 Ostereier zum Aufh\u00e4ngen","robots":{"index":"noindex","follow":"follow","max-snippet":"max-snippet:-1","max-image-preview":"max-image-preview:large","max-video-preview":"max-video-preview:-1"},"og_locale":"en_US","og_type":"article","og_title":"Ostereier aus Glas zum aufh\u00e4ngen - GlasWunder","og_description":"Ostereier \u00e1 6cm mit transparentem Glitzer \u2705 aus mundgeblasenem Glas \u2705 hergestellt in Deutschland \u2705 von Hand verziert\u2705 Ostereier zum Aufh\u00e4ngen","og_url":"https:\/\/staging.glaswunder.eu\/en\/shop\/sparkling-spring\/","og_site_name":"Glaswunder","article_modified_time":"2026-04-17T09:58:38+00:00","og_image":[{"width":773,"height":773,"url":"https:\/\/staging.glaswunder.eu\/wp-content\/uploads\/2023\/02\/GW-Ostern-01-773x773.png","type":"image\/png"}],"twitter_card":"summary_large_image","twitter_misc":{"Est. reading time":"2 minutes"},"schema":{"@context":"https:\/\/schema.org","@graph":[{"@type":"WebPage","@id":"https:\/\/staging.glaswunder.eu\/shop\/sparkling-spring\/","url":"https:\/\/staging.glaswunder.eu\/shop\/sparkling-spring\/","name":"Ostereier aus Glas zum aufh\u00e4ngen - GlasWunder","isPartOf":{"@id":"https:\/\/staging.glaswunder.eu\/#website"},"primaryImageOfPage":{"@id":"https:\/\/staging.glaswunder.eu\/shop\/sparkling-spring\/#primaryimage"},"image":{"@id":"https:\/\/staging.glaswunder.eu\/shop\/sparkling-spring\/#primaryimage"},"thumbnailUrl":"https:\/\/staging.glaswunder.eu\/wp-content\/uploads\/2023\/02\/GW-Ostern-01.png","datePublished":"2023-02-13T09:29:18+00:00","dateModified":"2026-04-17T09:58:38+00:00","description":"Ostereier \u00e1 6cm mit transparentem Glitzer \u2705 aus mundgeblasenem Glas \u2705 hergestellt in Deutschland \u2705 von Hand verziert\u2705 Ostereier zum Aufh\u00e4ngen","breadcrumb":{"@id":"https:\/\/staging.glaswunder.eu\/shop\/sparkling-spring\/#breadcrumb"},"inLanguage":"en-US","potentialAction":[{"@type":"ReadAction","target":["https:\/\/staging.glaswunder.eu\/shop\/sparkling-spring\/"]}]},{"@type":"ImageObject","inLanguage":"en-US","@id":"https:\/\/staging.glaswunder.eu\/shop\/sparkling-spring\/#primaryimage","url":"https:\/\/staging.glaswunder.eu\/wp-content\/uploads\/2023\/02\/GW-Ostern-01.png","contentUrl":"https:\/\/staging.glaswunder.eu\/wp-content\/uploads\/2023\/02\/GW-Ostern-01.png","width":1920,"height":1920,"caption":"4 Ostereier aus Glas in einem transparenten Gr\u00fcn, Orange, Rot und Blau mit Glitzer \u00fcberzogen und 6cm Durchmesser in einem schwarzen Naturkarton"},{"@type":"BreadcrumbList","@id":"https:\/\/staging.glaswunder.eu\/shop\/sparkling-spring\/#breadcrumb","itemListElement":[{"@type":"ListItem","position":1,"name":"Startseite","item":"https:\/\/staging.glaswunder.eu\/"},{"@type":"ListItem","position":2,"name":"Shop","item":"https:\/\/staging.glaswunder.eu\/shop\/"},{"@type":"ListItem","position":3,"name":"&#8222;sparkling spring&#8220; &#8211; Ostereier 6 cm bunt transparent geglittert"}]},{"@type":"WebSite","@id":"https:\/\/staging.glaswunder.eu\/#website","url":"https:\/\/staging.glaswunder.eu\/","name":"Glaswunder","description":"Exklusive Christbaumkugeln, Weihnachtkugeln, Christbaumschmuck und mehr.","publisher":{"@id":"https:\/\/staging.glaswunder.eu\/#organization"},"potentialAction":[{"@type":"SearchAction","target":{"@type":"EntryPoint","urlTemplate":"https:\/\/staging.glaswunder.eu\/?s={search_term_string}"},"query-input":{"@type":"PropertyValueSpecification","valueRequired":true,"valueName":"search_term_string"}}],"inLanguage":"en-US"},{"@type":"Organization","@id":"https:\/\/staging.glaswunder.eu\/#organization","name":"Glaswunder","url":"https:\/\/staging.glaswunder.eu\/","logo":{"@type":"ImageObject","inLanguage":"en-US","@id":"https:\/\/staging.glaswunder.eu\/#\/schema\/logo\/image\/","url":"https:\/\/staging.glaswunder.eu\/wp-content\/uploads\/2023\/02\/GlasWunderLogo.webp","contentUrl":"https:\/\/staging.glaswunder.eu\/wp-content\/uploads\/2023\/02\/GlasWunderLogo.webp","width":500,"height":486,"caption":"Glaswunder"},"image":{"@id":"https:\/\/staging.glaswunder.eu\/#\/schema\/logo\/image\/"}}]}},"_links":{"self":[{"href":"https:\/\/staging.glaswunder.eu\/en\/wp-json\/wp\/v2\/product\/1351","targetHints":{"allow":["GET"]}}],"collection":[{"href":"https:\/\/staging.glaswunder.eu\/en\/wp-json\/wp\/v2\/product"}],"about":[{"href":"https:\/\/staging.glaswunder.eu\/en\/wp-json\/wp\/v2\/types\/product"}],"version-history":[{"count":8,"href":"https:\/\/staging.glaswunder.eu\/en\/wp-json\/wp\/v2\/product\/1351\/revisions"}],"predecessor-version":[{"id":5805,"href":"https:\/\/staging.glaswunder.eu\/en\/wp-json\/wp\/v2\/product\/1351\/revisions\/5805"}],"wp:featuredmedia":[{"embeddable":true,"href":"https:\/\/staging.glaswunder.eu\/en\/wp-json\/wp\/v2\/media\/1653"}],"wp:attachment":[{"href":"https:\/\/staging.glaswunder.eu\/en\/wp-json\/wp\/v2\/media?parent=1351"}],"wp:term":[{"taxonomy":"product_brand","embeddable":true,"href":"https:\/\/staging.glaswunder.eu\/en\/wp-json\/wp\/v2\/product_brand?post=1351"},{"taxonomy":"product_cat","embeddable":true,"href":"https:\/\/staging.glaswunder.eu\/en\/wp-json\/wp\/v2\/product_cat?post=1351"},{"taxonomy":"product_tag","embeddable":true,"href":"https:\/\/staging.glaswunder.eu\/en\/wp-json\/wp\/v2\/product_tag?post=1351"}],"curies":[{"name":"wp","href":"https:\/\/api.w.org\/{rel}","templated":true}]}}