{"id":1362,"date":"2023-08-19T09:24:34","date_gmt":"2023-08-19T09:24:34","guid":{"rendered":"https:\/\/glaswunder.eu\/?post_type=product&#038;p=1362"},"modified":"2026-04-17T09:04:50","modified_gmt":"2026-04-17T07:04:50","slug":"holy-christmas-6-cm-weihnachtskugeln-rot-hochglanz","status":"publish","type":"product","link":"https:\/\/staging.glaswunder.eu\/en\/shop\/holy-christmas-6-cm-weihnachtskugeln-rot-hochglanz\/","title":{"rendered":"&#8222;holy christmas&#8220; &#8211; 6 cm Weihnachtskugeln rot hochglanz"},"content":{"rendered":"<p>Unser &#8222;holy christmas&#8220; &#8211; Set z\u00e4hlt zu den Klassiker. Nat\u00fcrlich darf das verf\u00fchrerische hochgl\u00e4nzende Rot an Weihnachten nicht fehlen. Sie hat eine klar anregende Wirkung auf uns, energetisiert und belebt unseren K\u00f6rper, Geist und Seele. Ebenso ist sie sehr warm und gibt uns gleichzeitig ein gewisses Gef\u00fchl von Geborgenheit und Hingabe. Da sie so eine gro\u00dfe Sicherheit f\u00fcr uns ausstrahlt, macht sie das so besonders, weshalb wir uns f\u00fcr die bezaubernde Weihnachtskugel entschieden haben. Die Farbe Rot steht hier f\u00fcr die Liebe und das Licht, mit dem Christus zu den Menschen kam. In der Advents- und Weihnachtszeit wird flei\u00dfig geschm\u00fcckt. Die Fenster leuchten bunt, ein Krippenspiel wird aufgestellt und der Tannenbaum kommt hinzu. Diese gr\u00fcnen Zweige stehen f\u00fcr viel Kraft und Schutz. Das &#8222;Fest der Liebe&#8220;, an dem alle sch\u00f6n beisammen sind, umgeben mit sch\u00f6nen Momenten und vielen Leckereien. Man kann unsere Kugeln aus Glas prima mit der Farbe Gold und Gr\u00fcn kombinieren, um dem Klassiker richtig treu zu bleiben. Dazu k\u00f6nnte wunderbar unser Set &#8222;<a href=\"https:\/\/staging.glaswunder.eu\/en\/shop\/royal-highness-6cm\/\">Royal Highness<\/a>&#8220; oder &#8222;<a href=\"https:\/\/staging.glaswunder.eu\/en\/shop\/flowers-friend-6cm\/\">Flowers Friend<\/a>&#8220; passen. Das &#8222;holy christmas&#8220; &#8211; Set besteht aus 6 Kugeln \u00e1 6 cm. Sie sind aus mundgeblasenem Glas, hochgl\u00e4nzend und in Deutschland produziert.<\/p>\n<p>Unsere Weihnachtskugeln sind f\u00fcr den Gebrauch im Innenbereich vorgesehen.<\/p>","protected":false},"excerpt":{"rendered":"<p>Das &#8222;holy christmas&#8220; &#8211; Set besteht aus 6 glanzvollen roten Glaskugeln. Dich erwartet eine verf\u00fchrerische Pracht an deinem Weihnachtsbaum. Die Weihnachtskugeln sind 6 cm gro\u00df, aus mundgeblasenen Glas und hochgl\u00e4nzend.<\/p>","protected":false},"featured_media":2135,"template":"","meta":{"_acf_changed":false},"product_brand":[112],"product_cat":[15,87,35,114,41],"product_tag":[110,101,106,105,103,107,102],"class_list":{"0":"post-1362","1":"product","2":"type-product","3":"status-publish","4":"has-post-thumbnail","6":"product_brand-glaswunder","7":"product_cat-alle-produkte","8":"product_cat-christbaumschmuck","9":"product_cat-classic-moments","10":"product_cat-kugeln","11":"product_cat-weihnachtskugeln-6cm","12":"product_tag-christbaumschmuck-aus-deutschland","13":"product_tag-christbaumschmuck","14":"product_tag-edler-weihnachtsschmuck","15":"product_tag-geschenkidee-weihnachten-deko","16":"product_tag-handgemachter-christbaumschmuck","17":"product_tag-nachhaltiger-weihnachtsschmuck","18":"product_tag-weihnachtsschmuck","20":"first","21":"outofstock","22":"taxable","23":"shipping-taxable","24":"purchasable","25":"product-type-simple"},"acf":[],"yoast_head":"<!-- This site is optimized with the Yoast SEO plugin v27.3 - https:\/\/yoast.com\/product\/yoast-seo-wordpress\/ -->\n<title>&quot;holy christmas&quot; - 6 cm Weihnachtskugeln rot hochglanz - Glaswunder<\/title>\n<meta name=\"description\" content=\"Weichnachtskugel \u00e1 6cm in hochglanz Rot \u2705aus mundgeblasenen Glas \u2705 von Hand verziert \u2705 hergestellt in Deutschland\" \/>\n<meta name=\"robots\" content=\"noindex, follow, max-snippet:-1, max-image-preview:large, max-video-preview:-1\" \/>\n<meta property=\"og:locale\" content=\"en_US\" \/>\n<meta property=\"og:type\" content=\"article\" \/>\n<meta property=\"og:title\" content=\"&quot;holy christmas&quot; - 6 cm Weihnachtskugeln rot hochglanz - Glaswunder\" \/>\n<meta property=\"og:description\" content=\"Weichnachtskugel \u00e1 6cm in hochglanz Rot \u2705aus mundgeblasenen Glas \u2705 von Hand verziert \u2705 hergestellt in Deutschland\" \/>\n<meta property=\"og:url\" content=\"https:\/\/staging.glaswunder.eu\/en\/shop\/holy-christmas-6-cm-weihnachtskugeln-rot-hochglanz\/\" \/>\n<meta property=\"og:site_name\" content=\"Glaswunder\" \/>\n<meta property=\"article:modified_time\" content=\"2026-04-17T07:04:50+00:00\" \/>\n<meta property=\"og:image\" content=\"https:\/\/staging.glaswunder.eu\/wp-content\/uploads\/2023\/07\/holy-christmas-6-cm-4262381710824-t-773x773.png\" \/>\n\t<meta property=\"og:image:width\" content=\"773\" \/>\n\t<meta property=\"og:image:height\" content=\"773\" \/>\n\t<meta property=\"og:image:type\" content=\"image\/png\" \/>\n<meta name=\"twitter:card\" content=\"summary_large_image\" \/>\n<meta name=\"twitter:label1\" content=\"Est. reading time\" \/>\n\t<meta name=\"twitter:data1\" content=\"2 minutes\" \/>\n<script type=\"application\/ld+json\" class=\"yoast-schema-graph\">{\"@context\":\"https:\\\/\\\/schema.org\",\"@graph\":[{\"@type\":\"WebPage\",\"@id\":\"https:\\\/\\\/staging.glaswunder.eu\\\/shop\\\/holy-christmas-6-cm-weihnachtskugeln-rot-hochglanz\\\/\",\"url\":\"https:\\\/\\\/staging.glaswunder.eu\\\/shop\\\/holy-christmas-6-cm-weihnachtskugeln-rot-hochglanz\\\/\",\"name\":\"\\\"holy christmas\\\" - 6 cm Weihnachtskugeln rot hochglanz - Glaswunder\",\"isPartOf\":{\"@id\":\"https:\\\/\\\/staging.glaswunder.eu\\\/#website\"},\"primaryImageOfPage\":{\"@id\":\"https:\\\/\\\/staging.glaswunder.eu\\\/shop\\\/holy-christmas-6-cm-weihnachtskugeln-rot-hochglanz\\\/#primaryimage\"},\"image\":{\"@id\":\"https:\\\/\\\/staging.glaswunder.eu\\\/shop\\\/holy-christmas-6-cm-weihnachtskugeln-rot-hochglanz\\\/#primaryimage\"},\"thumbnailUrl\":\"https:\\\/\\\/staging.glaswunder.eu\\\/wp-content\\\/uploads\\\/2023\\\/07\\\/holy-christmas-6-cm-4262381710824-t.png\",\"datePublished\":\"2023-08-19T09:24:34+00:00\",\"dateModified\":\"2026-04-17T07:04:50+00:00\",\"description\":\"Weichnachtskugel \u00e1 6cm in hochglanz Rot \u2705aus mundgeblasenen Glas \u2705 von Hand verziert \u2705 hergestellt in Deutschland\",\"breadcrumb\":{\"@id\":\"https:\\\/\\\/staging.glaswunder.eu\\\/shop\\\/holy-christmas-6-cm-weihnachtskugeln-rot-hochglanz\\\/#breadcrumb\"},\"inLanguage\":\"en-US\",\"potentialAction\":[{\"@type\":\"ReadAction\",\"target\":[\"https:\\\/\\\/staging.glaswunder.eu\\\/shop\\\/holy-christmas-6-cm-weihnachtskugeln-rot-hochglanz\\\/\"]}]},{\"@type\":\"ImageObject\",\"inLanguage\":\"en-US\",\"@id\":\"https:\\\/\\\/staging.glaswunder.eu\\\/shop\\\/holy-christmas-6-cm-weihnachtskugeln-rot-hochglanz\\\/#primaryimage\",\"url\":\"https:\\\/\\\/staging.glaswunder.eu\\\/wp-content\\\/uploads\\\/2023\\\/07\\\/holy-christmas-6-cm-4262381710824-t.png\",\"contentUrl\":\"https:\\\/\\\/staging.glaswunder.eu\\\/wp-content\\\/uploads\\\/2023\\\/07\\\/holy-christmas-6-cm-4262381710824-t.png\",\"width\":1920,\"height\":1920,\"caption\":\"6er Set Christbaumkugeln in Hochglanz rot mit 6cm Durchmesser im schwarzen Naturkarton\"},{\"@type\":\"BreadcrumbList\",\"@id\":\"https:\\\/\\\/staging.glaswunder.eu\\\/shop\\\/holy-christmas-6-cm-weihnachtskugeln-rot-hochglanz\\\/#breadcrumb\",\"itemListElement\":[{\"@type\":\"ListItem\",\"position\":1,\"name\":\"Startseite\",\"item\":\"https:\\\/\\\/staging.glaswunder.eu\\\/\"},{\"@type\":\"ListItem\",\"position\":2,\"name\":\"Shop\",\"item\":\"https:\\\/\\\/staging.glaswunder.eu\\\/shop\\\/\"},{\"@type\":\"ListItem\",\"position\":3,\"name\":\"&#8222;holy christmas&#8220; &#8211; 6 cm Weihnachtskugeln rot hochglanz\"}]},{\"@type\":\"WebSite\",\"@id\":\"https:\\\/\\\/staging.glaswunder.eu\\\/#website\",\"url\":\"https:\\\/\\\/staging.glaswunder.eu\\\/\",\"name\":\"Glaswunder\",\"description\":\"Exklusive Christbaumkugeln, Weihnachtkugeln, Christbaumschmuck und mehr.\",\"publisher\":{\"@id\":\"https:\\\/\\\/staging.glaswunder.eu\\\/#organization\"},\"potentialAction\":[{\"@type\":\"SearchAction\",\"target\":{\"@type\":\"EntryPoint\",\"urlTemplate\":\"https:\\\/\\\/staging.glaswunder.eu\\\/?s={search_term_string}\"},\"query-input\":{\"@type\":\"PropertyValueSpecification\",\"valueRequired\":true,\"valueName\":\"search_term_string\"}}],\"inLanguage\":\"en-US\"},{\"@type\":\"Organization\",\"@id\":\"https:\\\/\\\/staging.glaswunder.eu\\\/#organization\",\"name\":\"Glaswunder\",\"url\":\"https:\\\/\\\/staging.glaswunder.eu\\\/\",\"logo\":{\"@type\":\"ImageObject\",\"inLanguage\":\"en-US\",\"@id\":\"https:\\\/\\\/staging.glaswunder.eu\\\/#\\\/schema\\\/logo\\\/image\\\/\",\"url\":\"https:\\\/\\\/staging.glaswunder.eu\\\/wp-content\\\/uploads\\\/2023\\\/02\\\/GlasWunderLogo.webp\",\"contentUrl\":\"https:\\\/\\\/staging.glaswunder.eu\\\/wp-content\\\/uploads\\\/2023\\\/02\\\/GlasWunderLogo.webp\",\"width\":500,\"height\":486,\"caption\":\"Glaswunder\"},\"image\":{\"@id\":\"https:\\\/\\\/staging.glaswunder.eu\\\/#\\\/schema\\\/logo\\\/image\\\/\"}}]}<\/script>\n<!-- \/ Yoast SEO plugin. -->","yoast_head_json":{"title":"\"holy christmas\" - 6 cm Weihnachtskugeln rot hochglanz - Glaswunder","description":"Weichnachtskugel \u00e1 6cm in hochglanz Rot \u2705aus mundgeblasenen Glas \u2705 von Hand verziert \u2705 hergestellt in Deutschland","robots":{"index":"noindex","follow":"follow","max-snippet":"max-snippet:-1","max-image-preview":"max-image-preview:large","max-video-preview":"max-video-preview:-1"},"og_locale":"en_US","og_type":"article","og_title":"\"holy christmas\" - 6 cm Weihnachtskugeln rot hochglanz - Glaswunder","og_description":"Weichnachtskugel \u00e1 6cm in hochglanz Rot \u2705aus mundgeblasenen Glas \u2705 von Hand verziert \u2705 hergestellt in Deutschland","og_url":"https:\/\/staging.glaswunder.eu\/en\/shop\/holy-christmas-6-cm-weihnachtskugeln-rot-hochglanz\/","og_site_name":"Glaswunder","article_modified_time":"2026-04-17T07:04:50+00:00","og_image":[{"width":773,"height":773,"url":"https:\/\/staging.glaswunder.eu\/wp-content\/uploads\/2023\/07\/holy-christmas-6-cm-4262381710824-t-773x773.png","type":"image\/png"}],"twitter_card":"summary_large_image","twitter_misc":{"Est. reading time":"2 minutes"},"schema":{"@context":"https:\/\/schema.org","@graph":[{"@type":"WebPage","@id":"https:\/\/staging.glaswunder.eu\/shop\/holy-christmas-6-cm-weihnachtskugeln-rot-hochglanz\/","url":"https:\/\/staging.glaswunder.eu\/shop\/holy-christmas-6-cm-weihnachtskugeln-rot-hochglanz\/","name":"\"holy christmas\" - 6 cm Weihnachtskugeln rot hochglanz - Glaswunder","isPartOf":{"@id":"https:\/\/staging.glaswunder.eu\/#website"},"primaryImageOfPage":{"@id":"https:\/\/staging.glaswunder.eu\/shop\/holy-christmas-6-cm-weihnachtskugeln-rot-hochglanz\/#primaryimage"},"image":{"@id":"https:\/\/staging.glaswunder.eu\/shop\/holy-christmas-6-cm-weihnachtskugeln-rot-hochglanz\/#primaryimage"},"thumbnailUrl":"https:\/\/staging.glaswunder.eu\/wp-content\/uploads\/2023\/07\/holy-christmas-6-cm-4262381710824-t.png","datePublished":"2023-08-19T09:24:34+00:00","dateModified":"2026-04-17T07:04:50+00:00","description":"Weichnachtskugel \u00e1 6cm in hochglanz Rot \u2705aus mundgeblasenen Glas \u2705 von Hand verziert \u2705 hergestellt in Deutschland","breadcrumb":{"@id":"https:\/\/staging.glaswunder.eu\/shop\/holy-christmas-6-cm-weihnachtskugeln-rot-hochglanz\/#breadcrumb"},"inLanguage":"en-US","potentialAction":[{"@type":"ReadAction","target":["https:\/\/staging.glaswunder.eu\/shop\/holy-christmas-6-cm-weihnachtskugeln-rot-hochglanz\/"]}]},{"@type":"ImageObject","inLanguage":"en-US","@id":"https:\/\/staging.glaswunder.eu\/shop\/holy-christmas-6-cm-weihnachtskugeln-rot-hochglanz\/#primaryimage","url":"https:\/\/staging.glaswunder.eu\/wp-content\/uploads\/2023\/07\/holy-christmas-6-cm-4262381710824-t.png","contentUrl":"https:\/\/staging.glaswunder.eu\/wp-content\/uploads\/2023\/07\/holy-christmas-6-cm-4262381710824-t.png","width":1920,"height":1920,"caption":"6er Set Christbaumkugeln in Hochglanz rot mit 6cm Durchmesser im schwarzen Naturkarton"},{"@type":"BreadcrumbList","@id":"https:\/\/staging.glaswunder.eu\/shop\/holy-christmas-6-cm-weihnachtskugeln-rot-hochglanz\/#breadcrumb","itemListElement":[{"@type":"ListItem","position":1,"name":"Startseite","item":"https:\/\/staging.glaswunder.eu\/"},{"@type":"ListItem","position":2,"name":"Shop","item":"https:\/\/staging.glaswunder.eu\/shop\/"},{"@type":"ListItem","position":3,"name":"&#8222;holy christmas&#8220; &#8211; 6 cm Weihnachtskugeln rot hochglanz"}]},{"@type":"WebSite","@id":"https:\/\/staging.glaswunder.eu\/#website","url":"https:\/\/staging.glaswunder.eu\/","name":"Glaswunder","description":"Exklusive Christbaumkugeln, Weihnachtkugeln, Christbaumschmuck und mehr.","publisher":{"@id":"https:\/\/staging.glaswunder.eu\/#organization"},"potentialAction":[{"@type":"SearchAction","target":{"@type":"EntryPoint","urlTemplate":"https:\/\/staging.glaswunder.eu\/?s={search_term_string}"},"query-input":{"@type":"PropertyValueSpecification","valueRequired":true,"valueName":"search_term_string"}}],"inLanguage":"en-US"},{"@type":"Organization","@id":"https:\/\/staging.glaswunder.eu\/#organization","name":"Glaswunder","url":"https:\/\/staging.glaswunder.eu\/","logo":{"@type":"ImageObject","inLanguage":"en-US","@id":"https:\/\/staging.glaswunder.eu\/#\/schema\/logo\/image\/","url":"https:\/\/staging.glaswunder.eu\/wp-content\/uploads\/2023\/02\/GlasWunderLogo.webp","contentUrl":"https:\/\/staging.glaswunder.eu\/wp-content\/uploads\/2023\/02\/GlasWunderLogo.webp","width":500,"height":486,"caption":"Glaswunder"},"image":{"@id":"https:\/\/staging.glaswunder.eu\/#\/schema\/logo\/image\/"}}]}},"_links":{"self":[{"href":"https:\/\/staging.glaswunder.eu\/en\/wp-json\/wp\/v2\/product\/1362","targetHints":{"allow":["GET"]}}],"collection":[{"href":"https:\/\/staging.glaswunder.eu\/en\/wp-json\/wp\/v2\/product"}],"about":[{"href":"https:\/\/staging.glaswunder.eu\/en\/wp-json\/wp\/v2\/types\/product"}],"version-history":[{"count":6,"href":"https:\/\/staging.glaswunder.eu\/en\/wp-json\/wp\/v2\/product\/1362\/revisions"}],"predecessor-version":[{"id":5811,"href":"https:\/\/staging.glaswunder.eu\/en\/wp-json\/wp\/v2\/product\/1362\/revisions\/5811"}],"wp:featuredmedia":[{"embeddable":true,"href":"https:\/\/staging.glaswunder.eu\/en\/wp-json\/wp\/v2\/media\/2135"}],"wp:attachment":[{"href":"https:\/\/staging.glaswunder.eu\/en\/wp-json\/wp\/v2\/media?parent=1362"}],"wp:term":[{"taxonomy":"product_brand","embeddable":true,"href":"https:\/\/staging.glaswunder.eu\/en\/wp-json\/wp\/v2\/product_brand?post=1362"},{"taxonomy":"product_cat","embeddable":true,"href":"https:\/\/staging.glaswunder.eu\/en\/wp-json\/wp\/v2\/product_cat?post=1362"},{"taxonomy":"product_tag","embeddable":true,"href":"https:\/\/staging.glaswunder.eu\/en\/wp-json\/wp\/v2\/product_tag?post=1362"}],"curies":[{"name":"wp","href":"https:\/\/api.w.org\/{rel}","templated":true}]}}