{"id":1364,"date":"2023-08-19T09:25:37","date_gmt":"2023-08-19T09:25:37","guid":{"rendered":"https:\/\/glaswunder.eu\/?post_type=product&#038;p=1364"},"modified":"2026-04-17T11:31:40","modified_gmt":"2026-04-17T09:31:40","slug":"dear-santa-christbaumschmuck-weihnachtsmann","status":"publish","type":"product","link":"https:\/\/staging.glaswunder.eu\/en\/shop\/dear-santa-christbaumschmuck-weihnachtsmann\/","title":{"rendered":"&#8222;dear santa&#8220; &#8211; Christbaumschmuck Weihnachtsmann"},"content":{"rendered":"<p>Der gute alte Klassiker! Nat\u00fcrlich darf unser &#8222;Dear Santa&#8220; an deinem Weihnachtsbaum nicht fehlen. Unser Weihnachtsmann hebt sich durch seinen klassischen Stil hervor. Ein dicker Bauch, wei\u00dfer Rauschebart und ein roter Mantel. Die Figur soll alle Liebe und Geborgenheit schenken. Aber auch die Geschenke d\u00fcrfen nicht fehlen. Selbstverst\u00e4ndlich hat er auch seinen voll gepackten Sack dabei. Traditionell l\u00e4sst sich der Weihnachtsmann allerdings nicht erwischen, wenn er in der Nacht durch den Schornstein h\u00fcpft und die Geschenke unter deinem Weihnachtsbaum packt. Unseren &#8222;Dear Santa&#8220; kannst du prima an deinem Tannenbaum aufh\u00e4ngen. Er ist 10 cm gro\u00df und aus mundgeblasenem Glas. Er wurde von Hand verziert und in Deutschland hergestellt.<\/p>\n<p>&nbsp;<\/p>","protected":false},"excerpt":{"rendered":"<p>&#8222;dear santa&#8220; ist 10 cm gro\u00df und besteht aus mundgeblasenem Glas. Von Hand mit Liebe bemalt strahlt dieser kleine Weihnachtsmann mit seinem langen wei\u00dfen Bart und seinem voll gepackten Sack voller Freude an deinem Weihnachtsbaum.<\/p>","protected":false},"featured_media":2130,"template":"","meta":{"_acf_changed":false},"product_brand":[112],"product_cat":[15,87,66],"product_tag":[110,101,106,105,103,107,102],"class_list":{"0":"post-1364","1":"product","2":"type-product","3":"status-publish","4":"has-post-thumbnail","6":"product_brand-glaswunder","7":"product_cat-alle-produkte","8":"product_cat-christbaumschmuck","9":"product_cat-figuren","10":"product_tag-christbaumschmuck-aus-deutschland","11":"product_tag-christbaumschmuck","12":"product_tag-edler-weihnachtsschmuck","13":"product_tag-geschenkidee-weihnachten-deko","14":"product_tag-handgemachter-christbaumschmuck","15":"product_tag-nachhaltiger-weihnachtsschmuck","16":"product_tag-weihnachtsschmuck","18":"first","19":"instock","20":"taxable","21":"shipping-taxable","22":"purchasable","23":"product-type-simple"},"acf":[],"yoast_head":"<!-- This site is optimized with the Yoast SEO plugin v27.3 - https:\/\/yoast.com\/product\/yoast-seo-wordpress\/ -->\n<title>&quot;dear santa&quot; - Christbaumschmuck Weihnachtsmann - Glaswunder<\/title>\n<meta name=\"description\" content=\"Weihnachtsmann mit Sack \u00e1 10 cm \u2705 in Deutschland hergestellt \u2705 von Hand verziert\" \/>\n<meta name=\"robots\" content=\"noindex, follow, max-snippet:-1, max-image-preview:large, max-video-preview:-1\" \/>\n<meta property=\"og:locale\" content=\"en_US\" \/>\n<meta property=\"og:type\" content=\"article\" \/>\n<meta property=\"og:title\" content=\"&quot;dear santa&quot; - Christbaumschmuck Weihnachtsmann - Glaswunder\" \/>\n<meta property=\"og:description\" content=\"Weihnachtsmann mit Sack \u00e1 10 cm \u2705 in Deutschland hergestellt \u2705 von Hand verziert\" \/>\n<meta property=\"og:url\" content=\"https:\/\/staging.glaswunder.eu\/en\/shop\/dear-santa-christbaumschmuck-weihnachtsmann\/\" \/>\n<meta property=\"og:site_name\" content=\"Glaswunder\" \/>\n<meta property=\"article:modified_time\" content=\"2026-04-17T09:31:40+00:00\" \/>\n<meta property=\"og:image\" content=\"https:\/\/staging.glaswunder.eu\/wp-content\/uploads\/2023\/07\/dear-santa-10cm-4262381710848-t-e1695929271603-773x773.png\" \/>\n\t<meta property=\"og:image:width\" content=\"773\" \/>\n\t<meta property=\"og:image:height\" content=\"773\" \/>\n\t<meta property=\"og:image:type\" content=\"image\/png\" \/>\n<meta name=\"twitter:card\" content=\"summary_large_image\" \/>\n<meta name=\"twitter:label1\" content=\"Est. reading time\" \/>\n\t<meta name=\"twitter:data1\" content=\"1 minute\" \/>\n<script type=\"application\/ld+json\" class=\"yoast-schema-graph\">{\"@context\":\"https:\\\/\\\/schema.org\",\"@graph\":[{\"@type\":\"WebPage\",\"@id\":\"https:\\\/\\\/staging.glaswunder.eu\\\/shop\\\/dear-santa-christbaumschmuck-weihnachtsmann\\\/\",\"url\":\"https:\\\/\\\/staging.glaswunder.eu\\\/shop\\\/dear-santa-christbaumschmuck-weihnachtsmann\\\/\",\"name\":\"\\\"dear santa\\\" - Christbaumschmuck Weihnachtsmann - Glaswunder\",\"isPartOf\":{\"@id\":\"https:\\\/\\\/staging.glaswunder.eu\\\/#website\"},\"primaryImageOfPage\":{\"@id\":\"https:\\\/\\\/staging.glaswunder.eu\\\/shop\\\/dear-santa-christbaumschmuck-weihnachtsmann\\\/#primaryimage\"},\"image\":{\"@id\":\"https:\\\/\\\/staging.glaswunder.eu\\\/shop\\\/dear-santa-christbaumschmuck-weihnachtsmann\\\/#primaryimage\"},\"thumbnailUrl\":\"https:\\\/\\\/staging.glaswunder.eu\\\/wp-content\\\/uploads\\\/2023\\\/07\\\/dear-santa-10cm-4262381710848-t-e1695929271603.png\",\"datePublished\":\"2023-08-19T09:25:37+00:00\",\"dateModified\":\"2026-04-17T09:31:40+00:00\",\"description\":\"Weihnachtsmann mit Sack \u00e1 10 cm \u2705 in Deutschland hergestellt \u2705 von Hand verziert\",\"breadcrumb\":{\"@id\":\"https:\\\/\\\/staging.glaswunder.eu\\\/shop\\\/dear-santa-christbaumschmuck-weihnachtsmann\\\/#breadcrumb\"},\"inLanguage\":\"en-US\",\"potentialAction\":[{\"@type\":\"ReadAction\",\"target\":[\"https:\\\/\\\/staging.glaswunder.eu\\\/shop\\\/dear-santa-christbaumschmuck-weihnachtsmann\\\/\"]}]},{\"@type\":\"ImageObject\",\"inLanguage\":\"en-US\",\"@id\":\"https:\\\/\\\/staging.glaswunder.eu\\\/shop\\\/dear-santa-christbaumschmuck-weihnachtsmann\\\/#primaryimage\",\"url\":\"https:\\\/\\\/staging.glaswunder.eu\\\/wp-content\\\/uploads\\\/2023\\\/07\\\/dear-santa-10cm-4262381710848-t-e1695929271603.png\",\"contentUrl\":\"https:\\\/\\\/staging.glaswunder.eu\\\/wp-content\\\/uploads\\\/2023\\\/07\\\/dear-santa-10cm-4262381710848-t-e1695929271603.png\",\"width\":1920,\"height\":1920,\"caption\":\"Christbaumschmuck Weihnachtsfigur, 10cm Durchmesser, mehrfarbig, im schwarzen Naturkarton\"},{\"@type\":\"BreadcrumbList\",\"@id\":\"https:\\\/\\\/staging.glaswunder.eu\\\/shop\\\/dear-santa-christbaumschmuck-weihnachtsmann\\\/#breadcrumb\",\"itemListElement\":[{\"@type\":\"ListItem\",\"position\":1,\"name\":\"Startseite\",\"item\":\"https:\\\/\\\/staging.glaswunder.eu\\\/\"},{\"@type\":\"ListItem\",\"position\":2,\"name\":\"Shop\",\"item\":\"https:\\\/\\\/staging.glaswunder.eu\\\/shop\\\/\"},{\"@type\":\"ListItem\",\"position\":3,\"name\":\"&#8222;dear santa&#8220; &#8211; Christbaumschmuck Weihnachtsmann\"}]},{\"@type\":\"WebSite\",\"@id\":\"https:\\\/\\\/staging.glaswunder.eu\\\/#website\",\"url\":\"https:\\\/\\\/staging.glaswunder.eu\\\/\",\"name\":\"Glaswunder\",\"description\":\"Exklusive Christbaumkugeln, Weihnachtkugeln, Christbaumschmuck und mehr.\",\"publisher\":{\"@id\":\"https:\\\/\\\/staging.glaswunder.eu\\\/#organization\"},\"potentialAction\":[{\"@type\":\"SearchAction\",\"target\":{\"@type\":\"EntryPoint\",\"urlTemplate\":\"https:\\\/\\\/staging.glaswunder.eu\\\/?s={search_term_string}\"},\"query-input\":{\"@type\":\"PropertyValueSpecification\",\"valueRequired\":true,\"valueName\":\"search_term_string\"}}],\"inLanguage\":\"en-US\"},{\"@type\":\"Organization\",\"@id\":\"https:\\\/\\\/staging.glaswunder.eu\\\/#organization\",\"name\":\"Glaswunder\",\"url\":\"https:\\\/\\\/staging.glaswunder.eu\\\/\",\"logo\":{\"@type\":\"ImageObject\",\"inLanguage\":\"en-US\",\"@id\":\"https:\\\/\\\/staging.glaswunder.eu\\\/#\\\/schema\\\/logo\\\/image\\\/\",\"url\":\"https:\\\/\\\/staging.glaswunder.eu\\\/wp-content\\\/uploads\\\/2023\\\/02\\\/GlasWunderLogo.webp\",\"contentUrl\":\"https:\\\/\\\/staging.glaswunder.eu\\\/wp-content\\\/uploads\\\/2023\\\/02\\\/GlasWunderLogo.webp\",\"width\":500,\"height\":486,\"caption\":\"Glaswunder\"},\"image\":{\"@id\":\"https:\\\/\\\/staging.glaswunder.eu\\\/#\\\/schema\\\/logo\\\/image\\\/\"}}]}<\/script>\n<!-- \/ Yoast SEO plugin. -->","yoast_head_json":{"title":"\"dear santa\" - Christbaumschmuck Weihnachtsmann - Glaswunder","description":"Weihnachtsmann mit Sack \u00e1 10 cm \u2705 in Deutschland hergestellt \u2705 von Hand verziert","robots":{"index":"noindex","follow":"follow","max-snippet":"max-snippet:-1","max-image-preview":"max-image-preview:large","max-video-preview":"max-video-preview:-1"},"og_locale":"en_US","og_type":"article","og_title":"\"dear santa\" - Christbaumschmuck Weihnachtsmann - Glaswunder","og_description":"Weihnachtsmann mit Sack \u00e1 10 cm \u2705 in Deutschland hergestellt \u2705 von Hand verziert","og_url":"https:\/\/staging.glaswunder.eu\/en\/shop\/dear-santa-christbaumschmuck-weihnachtsmann\/","og_site_name":"Glaswunder","article_modified_time":"2026-04-17T09:31:40+00:00","og_image":[{"width":773,"height":773,"url":"https:\/\/staging.glaswunder.eu\/wp-content\/uploads\/2023\/07\/dear-santa-10cm-4262381710848-t-e1695929271603-773x773.png","type":"image\/png"}],"twitter_card":"summary_large_image","twitter_misc":{"Est. reading time":"1 minute"},"schema":{"@context":"https:\/\/schema.org","@graph":[{"@type":"WebPage","@id":"https:\/\/staging.glaswunder.eu\/shop\/dear-santa-christbaumschmuck-weihnachtsmann\/","url":"https:\/\/staging.glaswunder.eu\/shop\/dear-santa-christbaumschmuck-weihnachtsmann\/","name":"\"dear santa\" - Christbaumschmuck Weihnachtsmann - Glaswunder","isPartOf":{"@id":"https:\/\/staging.glaswunder.eu\/#website"},"primaryImageOfPage":{"@id":"https:\/\/staging.glaswunder.eu\/shop\/dear-santa-christbaumschmuck-weihnachtsmann\/#primaryimage"},"image":{"@id":"https:\/\/staging.glaswunder.eu\/shop\/dear-santa-christbaumschmuck-weihnachtsmann\/#primaryimage"},"thumbnailUrl":"https:\/\/staging.glaswunder.eu\/wp-content\/uploads\/2023\/07\/dear-santa-10cm-4262381710848-t-e1695929271603.png","datePublished":"2023-08-19T09:25:37+00:00","dateModified":"2026-04-17T09:31:40+00:00","description":"Weihnachtsmann mit Sack \u00e1 10 cm \u2705 in Deutschland hergestellt \u2705 von Hand verziert","breadcrumb":{"@id":"https:\/\/staging.glaswunder.eu\/shop\/dear-santa-christbaumschmuck-weihnachtsmann\/#breadcrumb"},"inLanguage":"en-US","potentialAction":[{"@type":"ReadAction","target":["https:\/\/staging.glaswunder.eu\/shop\/dear-santa-christbaumschmuck-weihnachtsmann\/"]}]},{"@type":"ImageObject","inLanguage":"en-US","@id":"https:\/\/staging.glaswunder.eu\/shop\/dear-santa-christbaumschmuck-weihnachtsmann\/#primaryimage","url":"https:\/\/staging.glaswunder.eu\/wp-content\/uploads\/2023\/07\/dear-santa-10cm-4262381710848-t-e1695929271603.png","contentUrl":"https:\/\/staging.glaswunder.eu\/wp-content\/uploads\/2023\/07\/dear-santa-10cm-4262381710848-t-e1695929271603.png","width":1920,"height":1920,"caption":"Christbaumschmuck Weihnachtsfigur, 10cm Durchmesser, mehrfarbig, im schwarzen Naturkarton"},{"@type":"BreadcrumbList","@id":"https:\/\/staging.glaswunder.eu\/shop\/dear-santa-christbaumschmuck-weihnachtsmann\/#breadcrumb","itemListElement":[{"@type":"ListItem","position":1,"name":"Startseite","item":"https:\/\/staging.glaswunder.eu\/"},{"@type":"ListItem","position":2,"name":"Shop","item":"https:\/\/staging.glaswunder.eu\/shop\/"},{"@type":"ListItem","position":3,"name":"&#8222;dear santa&#8220; &#8211; Christbaumschmuck Weihnachtsmann"}]},{"@type":"WebSite","@id":"https:\/\/staging.glaswunder.eu\/#website","url":"https:\/\/staging.glaswunder.eu\/","name":"Glaswunder","description":"Exklusive Christbaumkugeln, Weihnachtkugeln, Christbaumschmuck und mehr.","publisher":{"@id":"https:\/\/staging.glaswunder.eu\/#organization"},"potentialAction":[{"@type":"SearchAction","target":{"@type":"EntryPoint","urlTemplate":"https:\/\/staging.glaswunder.eu\/?s={search_term_string}"},"query-input":{"@type":"PropertyValueSpecification","valueRequired":true,"valueName":"search_term_string"}}],"inLanguage":"en-US"},{"@type":"Organization","@id":"https:\/\/staging.glaswunder.eu\/#organization","name":"Glaswunder","url":"https:\/\/staging.glaswunder.eu\/","logo":{"@type":"ImageObject","inLanguage":"en-US","@id":"https:\/\/staging.glaswunder.eu\/#\/schema\/logo\/image\/","url":"https:\/\/staging.glaswunder.eu\/wp-content\/uploads\/2023\/02\/GlasWunderLogo.webp","contentUrl":"https:\/\/staging.glaswunder.eu\/wp-content\/uploads\/2023\/02\/GlasWunderLogo.webp","width":500,"height":486,"caption":"Glaswunder"},"image":{"@id":"https:\/\/staging.glaswunder.eu\/#\/schema\/logo\/image\/"}}]}},"_links":{"self":[{"href":"https:\/\/staging.glaswunder.eu\/en\/wp-json\/wp\/v2\/product\/1364","targetHints":{"allow":["GET"]}}],"collection":[{"href":"https:\/\/staging.glaswunder.eu\/en\/wp-json\/wp\/v2\/product"}],"about":[{"href":"https:\/\/staging.glaswunder.eu\/en\/wp-json\/wp\/v2\/types\/product"}],"version-history":[{"count":7,"href":"https:\/\/staging.glaswunder.eu\/en\/wp-json\/wp\/v2\/product\/1364\/revisions"}],"predecessor-version":[{"id":5838,"href":"https:\/\/staging.glaswunder.eu\/en\/wp-json\/wp\/v2\/product\/1364\/revisions\/5838"}],"wp:featuredmedia":[{"embeddable":true,"href":"https:\/\/staging.glaswunder.eu\/en\/wp-json\/wp\/v2\/media\/2130"}],"wp:attachment":[{"href":"https:\/\/staging.glaswunder.eu\/en\/wp-json\/wp\/v2\/media?parent=1364"}],"wp:term":[{"taxonomy":"product_brand","embeddable":true,"href":"https:\/\/staging.glaswunder.eu\/en\/wp-json\/wp\/v2\/product_brand?post=1364"},{"taxonomy":"product_cat","embeddable":true,"href":"https:\/\/staging.glaswunder.eu\/en\/wp-json\/wp\/v2\/product_cat?post=1364"},{"taxonomy":"product_tag","embeddable":true,"href":"https:\/\/staging.glaswunder.eu\/en\/wp-json\/wp\/v2\/product_tag?post=1364"}],"curies":[{"name":"wp","href":"https:\/\/api.w.org\/{rel}","templated":true}]}}