{"id":1365,"date":"2023-08-19T09:24:31","date_gmt":"2023-08-19T09:24:31","guid":{"rendered":"https:\/\/glaswunder.eu\/?post_type=product&#038;p=1365"},"modified":"2026-04-17T10:01:28","modified_gmt":"2026-04-17T08:01:28","slug":"royal-sea-6-cm-weihnachtskugeln-petrol-matt","status":"publish","type":"product","link":"https:\/\/staging.glaswunder.eu\/en\/shop\/royal-sea-6-cm-weihnachtskugeln-petrol-matt\/","title":{"rendered":"&#8222;royal sea&#8220; &#8211; 6 cm Weihnachtskugeln petrol matt"},"content":{"rendered":"<p>Unser &#8222;royal sea&#8220; &#8211; Set hat mit ihrer starken petrol matten Farbe eine sehr edle und wirkungsvolle Ausstrahlung. Sie ist daher sehr extravagant und intensiv. Bei der kalten Jahreszeit l\u00e4sst uns diese tolle Kugel aus Glas ein wenig in den Sommer versetzen. Sommer, Sonne, Strand und Meer. Das macht deinen Weihnachtsbaum so besonders, wie es dir am besten gef\u00e4llt. Unser &#8222;royal sea&#8220; &#8211; Set kann deinem Weihnachtsbaum aber auch sehr k\u00f6niglich und m\u00e4chtig wirken lassen, wenn man die Farbe <a href=\"https:\/\/staging.glaswunder.eu\/en\/shop\/royal-highness-6cm\/\">Gold<\/a> und <a href=\"https:\/\/staging.glaswunder.eu\/en\/shop\/duke-and-duchess-6cm\/\">Azur Blau<\/a> mit einbringt. Dazu kannst uns die &#8222;royal sea&#8220; Kugeln mit den Kugeln aus der Kings and Queens Kollektion erg\u00e4nzen.\u00a0 Lass deinen Weihnachtsbaum einfach strahlen! Die Weihnachtskugeln sind zum Aufh\u00e4ngen. Unser Set besteht aus 6 mundgeblasenen Kugeln aus Glas. Sie sind 6 cm gro\u00df, von Hand verziert und in Deutschland hergestellt.<\/p>\n<p>&nbsp;<\/p>","protected":false},"excerpt":{"rendered":"<p>Das &#8222;royal sea&#8220; &#8211; Set besteht aus 6 eleganten petrol matt Kugeln. Im Einklang mit deinem Weihnachtsbaum geben sie ein nat\u00fcrliches Ebenbild ab. Die Weihnachtskugeln sind \u00e1 6 cm gro\u00df, von Hand verziert und aus mundgeblasenem Glas.<\/p>\n<p>&nbsp;<\/p>\n<p>&nbsp;<\/p>","protected":false},"featured_media":2154,"template":"","meta":{"_acf_changed":false},"product_brand":[112],"product_cat":[15,87,38,114,41],"product_tag":[110,101,106,105,103,107,102],"class_list":{"0":"post-1365","1":"product","2":"type-product","3":"status-publish","4":"has-post-thumbnail","6":"product_brand-glaswunder","7":"product_cat-alle-produkte","8":"product_cat-christbaumschmuck","9":"product_cat-kings-queens","10":"product_cat-kugeln","11":"product_cat-weihnachtskugeln-6cm","12":"product_tag-christbaumschmuck-aus-deutschland","13":"product_tag-christbaumschmuck","14":"product_tag-edler-weihnachtsschmuck","15":"product_tag-geschenkidee-weihnachten-deko","16":"product_tag-handgemachter-christbaumschmuck","17":"product_tag-nachhaltiger-weihnachtsschmuck","18":"product_tag-weihnachtsschmuck","20":"first","21":"instock","22":"taxable","23":"shipping-taxable","24":"purchasable","25":"product-type-simple"},"acf":[],"yoast_head":"<!-- This site is optimized with the Yoast SEO plugin v27.3 - https:\/\/yoast.com\/product\/yoast-seo-wordpress\/ -->\n<title>&quot;royal sea&quot; - 6 cm Weihnachtskugeln petrol matt - Glaswunder<\/title>\n<meta name=\"description\" content=\"Weihnachtskugel \u00e1 6 cm in Petrol Matt \u2705 von Hand verziert \u2705 aus mundgeblasenem Glas \u2705 in Deutschland produziert\" \/>\n<meta name=\"robots\" content=\"noindex, follow, max-snippet:-1, max-image-preview:large, max-video-preview:-1\" \/>\n<meta property=\"og:locale\" content=\"en_US\" \/>\n<meta property=\"og:type\" content=\"article\" \/>\n<meta property=\"og:title\" content=\"&quot;royal sea&quot; - 6 cm Weihnachtskugeln petrol matt - Glaswunder\" \/>\n<meta property=\"og:description\" content=\"Weihnachtskugel \u00e1 6 cm in Petrol Matt \u2705 von Hand verziert \u2705 aus mundgeblasenem Glas \u2705 in Deutschland produziert\" \/>\n<meta property=\"og:url\" content=\"https:\/\/staging.glaswunder.eu\/en\/shop\/royal-sea-6-cm-weihnachtskugeln-petrol-matt\/\" \/>\n<meta property=\"og:site_name\" content=\"Glaswunder\" \/>\n<meta property=\"article:modified_time\" content=\"2026-04-17T08:01:28+00:00\" \/>\n<meta property=\"og:image\" content=\"https:\/\/staging.glaswunder.eu\/wp-content\/uploads\/2023\/07\/royal-sea-6-cm-4262381710855-t.png\" \/>\n\t<meta property=\"og:image:width\" content=\"773\" \/>\n\t<meta property=\"og:image:height\" content=\"773\" \/>\n\t<meta property=\"og:image:type\" content=\"image\/png\" \/>\n<meta name=\"twitter:card\" content=\"summary_large_image\" \/>\n<meta name=\"twitter:label1\" content=\"Est. reading time\" \/>\n\t<meta name=\"twitter:data1\" content=\"1 minute\" \/>\n<script type=\"application\/ld+json\" class=\"yoast-schema-graph\">{\"@context\":\"https:\\\/\\\/schema.org\",\"@graph\":[{\"@type\":\"WebPage\",\"@id\":\"https:\\\/\\\/staging.glaswunder.eu\\\/shop\\\/royal-sea-6-cm-weihnachtskugeln-petrol-matt\\\/\",\"url\":\"https:\\\/\\\/staging.glaswunder.eu\\\/shop\\\/royal-sea-6-cm-weihnachtskugeln-petrol-matt\\\/\",\"name\":\"\\\"royal sea\\\" - 6 cm Weihnachtskugeln petrol matt - Glaswunder\",\"isPartOf\":{\"@id\":\"https:\\\/\\\/staging.glaswunder.eu\\\/#website\"},\"primaryImageOfPage\":{\"@id\":\"https:\\\/\\\/staging.glaswunder.eu\\\/shop\\\/royal-sea-6-cm-weihnachtskugeln-petrol-matt\\\/#primaryimage\"},\"image\":{\"@id\":\"https:\\\/\\\/staging.glaswunder.eu\\\/shop\\\/royal-sea-6-cm-weihnachtskugeln-petrol-matt\\\/#primaryimage\"},\"thumbnailUrl\":\"https:\\\/\\\/staging.glaswunder.eu\\\/wp-content\\\/uploads\\\/2023\\\/07\\\/royal-sea-6-cm-4262381710855-t.png\",\"datePublished\":\"2023-08-19T09:24:31+00:00\",\"dateModified\":\"2026-04-17T08:01:28+00:00\",\"description\":\"Weihnachtskugel \u00e1 6 cm in Petrol Matt \u2705 von Hand verziert \u2705 aus mundgeblasenem Glas \u2705 in Deutschland produziert\",\"breadcrumb\":{\"@id\":\"https:\\\/\\\/staging.glaswunder.eu\\\/shop\\\/royal-sea-6-cm-weihnachtskugeln-petrol-matt\\\/#breadcrumb\"},\"inLanguage\":\"en-US\",\"potentialAction\":[{\"@type\":\"ReadAction\",\"target\":[\"https:\\\/\\\/staging.glaswunder.eu\\\/shop\\\/royal-sea-6-cm-weihnachtskugeln-petrol-matt\\\/\"]}]},{\"@type\":\"ImageObject\",\"inLanguage\":\"en-US\",\"@id\":\"https:\\\/\\\/staging.glaswunder.eu\\\/shop\\\/royal-sea-6-cm-weihnachtskugeln-petrol-matt\\\/#primaryimage\",\"url\":\"https:\\\/\\\/staging.glaswunder.eu\\\/wp-content\\\/uploads\\\/2023\\\/07\\\/royal-sea-6-cm-4262381710855-t.png\",\"contentUrl\":\"https:\\\/\\\/staging.glaswunder.eu\\\/wp-content\\\/uploads\\\/2023\\\/07\\\/royal-sea-6-cm-4262381710855-t.png\",\"width\":1920,\"height\":1920,\"caption\":\"6er Set Christbaumkugeln mit 6cm Durchmesser in Petrol matt in einem schwarzen Naturkarton\"},{\"@type\":\"BreadcrumbList\",\"@id\":\"https:\\\/\\\/staging.glaswunder.eu\\\/shop\\\/royal-sea-6-cm-weihnachtskugeln-petrol-matt\\\/#breadcrumb\",\"itemListElement\":[{\"@type\":\"ListItem\",\"position\":1,\"name\":\"Startseite\",\"item\":\"https:\\\/\\\/staging.glaswunder.eu\\\/\"},{\"@type\":\"ListItem\",\"position\":2,\"name\":\"Shop\",\"item\":\"https:\\\/\\\/staging.glaswunder.eu\\\/shop\\\/\"},{\"@type\":\"ListItem\",\"position\":3,\"name\":\"&#8222;royal sea&#8220; &#8211; 6 cm Weihnachtskugeln petrol matt\"}]},{\"@type\":\"WebSite\",\"@id\":\"https:\\\/\\\/staging.glaswunder.eu\\\/#website\",\"url\":\"https:\\\/\\\/staging.glaswunder.eu\\\/\",\"name\":\"Glaswunder\",\"description\":\"Exklusive Christbaumkugeln, Weihnachtkugeln, Christbaumschmuck und mehr.\",\"publisher\":{\"@id\":\"https:\\\/\\\/staging.glaswunder.eu\\\/#organization\"},\"potentialAction\":[{\"@type\":\"SearchAction\",\"target\":{\"@type\":\"EntryPoint\",\"urlTemplate\":\"https:\\\/\\\/staging.glaswunder.eu\\\/?s={search_term_string}\"},\"query-input\":{\"@type\":\"PropertyValueSpecification\",\"valueRequired\":true,\"valueName\":\"search_term_string\"}}],\"inLanguage\":\"en-US\"},{\"@type\":\"Organization\",\"@id\":\"https:\\\/\\\/staging.glaswunder.eu\\\/#organization\",\"name\":\"Glaswunder\",\"url\":\"https:\\\/\\\/staging.glaswunder.eu\\\/\",\"logo\":{\"@type\":\"ImageObject\",\"inLanguage\":\"en-US\",\"@id\":\"https:\\\/\\\/staging.glaswunder.eu\\\/#\\\/schema\\\/logo\\\/image\\\/\",\"url\":\"https:\\\/\\\/staging.glaswunder.eu\\\/wp-content\\\/uploads\\\/2023\\\/02\\\/GlasWunderLogo.webp\",\"contentUrl\":\"https:\\\/\\\/staging.glaswunder.eu\\\/wp-content\\\/uploads\\\/2023\\\/02\\\/GlasWunderLogo.webp\",\"width\":500,\"height\":486,\"caption\":\"Glaswunder\"},\"image\":{\"@id\":\"https:\\\/\\\/staging.glaswunder.eu\\\/#\\\/schema\\\/logo\\\/image\\\/\"}}]}<\/script>\n<!-- \/ Yoast SEO plugin. -->","yoast_head_json":{"title":"\"royal sea\" - 6 cm Weihnachtskugeln petrol matt - Glaswunder","description":"Weihnachtskugel \u00e1 6 cm in Petrol Matt \u2705 von Hand verziert \u2705 aus mundgeblasenem Glas \u2705 in Deutschland produziert","robots":{"index":"noindex","follow":"follow","max-snippet":"max-snippet:-1","max-image-preview":"max-image-preview:large","max-video-preview":"max-video-preview:-1"},"og_locale":"en_US","og_type":"article","og_title":"\"royal sea\" - 6 cm Weihnachtskugeln petrol matt - Glaswunder","og_description":"Weihnachtskugel \u00e1 6 cm in Petrol Matt \u2705 von Hand verziert \u2705 aus mundgeblasenem Glas \u2705 in Deutschland produziert","og_url":"https:\/\/staging.glaswunder.eu\/en\/shop\/royal-sea-6-cm-weihnachtskugeln-petrol-matt\/","og_site_name":"Glaswunder","article_modified_time":"2026-04-17T08:01:28+00:00","og_image":[{"url":"https:\/\/staging.glaswunder.eu\/wp-content\/uploads\/2023\/07\/royal-sea-6-cm-4262381710855-t.png","width":773,"height":773,"type":"image\/png"}],"twitter_card":"summary_large_image","twitter_misc":{"Est. reading time":"1 minute"},"schema":{"@context":"https:\/\/schema.org","@graph":[{"@type":"WebPage","@id":"https:\/\/staging.glaswunder.eu\/shop\/royal-sea-6-cm-weihnachtskugeln-petrol-matt\/","url":"https:\/\/staging.glaswunder.eu\/shop\/royal-sea-6-cm-weihnachtskugeln-petrol-matt\/","name":"\"royal sea\" - 6 cm Weihnachtskugeln petrol matt - Glaswunder","isPartOf":{"@id":"https:\/\/staging.glaswunder.eu\/#website"},"primaryImageOfPage":{"@id":"https:\/\/staging.glaswunder.eu\/shop\/royal-sea-6-cm-weihnachtskugeln-petrol-matt\/#primaryimage"},"image":{"@id":"https:\/\/staging.glaswunder.eu\/shop\/royal-sea-6-cm-weihnachtskugeln-petrol-matt\/#primaryimage"},"thumbnailUrl":"https:\/\/staging.glaswunder.eu\/wp-content\/uploads\/2023\/07\/royal-sea-6-cm-4262381710855-t.png","datePublished":"2023-08-19T09:24:31+00:00","dateModified":"2026-04-17T08:01:28+00:00","description":"Weihnachtskugel \u00e1 6 cm in Petrol Matt \u2705 von Hand verziert \u2705 aus mundgeblasenem Glas \u2705 in Deutschland produziert","breadcrumb":{"@id":"https:\/\/staging.glaswunder.eu\/shop\/royal-sea-6-cm-weihnachtskugeln-petrol-matt\/#breadcrumb"},"inLanguage":"en-US","potentialAction":[{"@type":"ReadAction","target":["https:\/\/staging.glaswunder.eu\/shop\/royal-sea-6-cm-weihnachtskugeln-petrol-matt\/"]}]},{"@type":"ImageObject","inLanguage":"en-US","@id":"https:\/\/staging.glaswunder.eu\/shop\/royal-sea-6-cm-weihnachtskugeln-petrol-matt\/#primaryimage","url":"https:\/\/staging.glaswunder.eu\/wp-content\/uploads\/2023\/07\/royal-sea-6-cm-4262381710855-t.png","contentUrl":"https:\/\/staging.glaswunder.eu\/wp-content\/uploads\/2023\/07\/royal-sea-6-cm-4262381710855-t.png","width":1920,"height":1920,"caption":"6er Set Christbaumkugeln mit 6cm Durchmesser in Petrol matt in einem schwarzen Naturkarton"},{"@type":"BreadcrumbList","@id":"https:\/\/staging.glaswunder.eu\/shop\/royal-sea-6-cm-weihnachtskugeln-petrol-matt\/#breadcrumb","itemListElement":[{"@type":"ListItem","position":1,"name":"Startseite","item":"https:\/\/staging.glaswunder.eu\/"},{"@type":"ListItem","position":2,"name":"Shop","item":"https:\/\/staging.glaswunder.eu\/shop\/"},{"@type":"ListItem","position":3,"name":"&#8222;royal sea&#8220; &#8211; 6 cm Weihnachtskugeln petrol matt"}]},{"@type":"WebSite","@id":"https:\/\/staging.glaswunder.eu\/#website","url":"https:\/\/staging.glaswunder.eu\/","name":"Glaswunder","description":"Exklusive Christbaumkugeln, Weihnachtkugeln, Christbaumschmuck und mehr.","publisher":{"@id":"https:\/\/staging.glaswunder.eu\/#organization"},"potentialAction":[{"@type":"SearchAction","target":{"@type":"EntryPoint","urlTemplate":"https:\/\/staging.glaswunder.eu\/?s={search_term_string}"},"query-input":{"@type":"PropertyValueSpecification","valueRequired":true,"valueName":"search_term_string"}}],"inLanguage":"en-US"},{"@type":"Organization","@id":"https:\/\/staging.glaswunder.eu\/#organization","name":"Glaswunder","url":"https:\/\/staging.glaswunder.eu\/","logo":{"@type":"ImageObject","inLanguage":"en-US","@id":"https:\/\/staging.glaswunder.eu\/#\/schema\/logo\/image\/","url":"https:\/\/staging.glaswunder.eu\/wp-content\/uploads\/2023\/02\/GlasWunderLogo.webp","contentUrl":"https:\/\/staging.glaswunder.eu\/wp-content\/uploads\/2023\/02\/GlasWunderLogo.webp","width":500,"height":486,"caption":"Glaswunder"},"image":{"@id":"https:\/\/staging.glaswunder.eu\/#\/schema\/logo\/image\/"}}]}},"_links":{"self":[{"href":"https:\/\/staging.glaswunder.eu\/en\/wp-json\/wp\/v2\/product\/1365","targetHints":{"allow":["GET"]}}],"collection":[{"href":"https:\/\/staging.glaswunder.eu\/en\/wp-json\/wp\/v2\/product"}],"about":[{"href":"https:\/\/staging.glaswunder.eu\/en\/wp-json\/wp\/v2\/types\/product"}],"version-history":[{"count":6,"href":"https:\/\/staging.glaswunder.eu\/en\/wp-json\/wp\/v2\/product\/1365\/revisions"}],"predecessor-version":[{"id":5809,"href":"https:\/\/staging.glaswunder.eu\/en\/wp-json\/wp\/v2\/product\/1365\/revisions\/5809"}],"wp:featuredmedia":[{"embeddable":true,"href":"https:\/\/staging.glaswunder.eu\/en\/wp-json\/wp\/v2\/media\/2154"}],"wp:attachment":[{"href":"https:\/\/staging.glaswunder.eu\/en\/wp-json\/wp\/v2\/media?parent=1365"}],"wp:term":[{"taxonomy":"product_brand","embeddable":true,"href":"https:\/\/staging.glaswunder.eu\/en\/wp-json\/wp\/v2\/product_brand?post=1365"},{"taxonomy":"product_cat","embeddable":true,"href":"https:\/\/staging.glaswunder.eu\/en\/wp-json\/wp\/v2\/product_cat?post=1365"},{"taxonomy":"product_tag","embeddable":true,"href":"https:\/\/staging.glaswunder.eu\/en\/wp-json\/wp\/v2\/product_tag?post=1365"}],"curies":[{"name":"wp","href":"https:\/\/api.w.org\/{rel}","templated":true}]}}