{"id":1367,"date":"2023-08-19T09:25:42","date_gmt":"2023-08-19T09:25:42","guid":{"rendered":"https:\/\/glaswunder.eu\/?post_type=product&#038;p=1367"},"modified":"2026-04-17T08:48:56","modified_gmt":"2026-04-17T06:48:56","slug":"royal-navy-6-cm-weihnachtskugeln-petrol-gold-matt","status":"publish","type":"product","link":"https:\/\/staging.glaswunder.eu\/en\/shop\/royal-navy-6-cm-weihnachtskugeln-petrol-gold-matt\/","title":{"rendered":"&#8222;royal navy&#8220; &#8211; 6 cm Weihnachtskugeln petrol gold matt"},"content":{"rendered":"<p>Unser &#8222;royal navy&#8220; &#8211; Set ist etwas sehr verspieltes und extravagantes, denn diese Prachtvollen Weihnachtskugeln sind in einer dunkeln Petrol matten Farbe, \u00fcberzogen von einer glitzernden Goldlinie in einem Rautenmuster. Besonders dunkle Gr\u00fcnt\u00f6ne bringen Gold zum leuchten. W\u00e4hrend das Gr\u00fcn aber eher f\u00fcr die Natur, Ruhe und Entspannung dient ist Gold der ideale Gegenpart und steht f\u00fcr Luxus und Eleganz. Genau das macht f\u00fcr uns diese Kugeln aber so verspielt und magisch. Sie sind sehr auffallend in deiner Dekoration und stechen super gut hervor. Die Glitter Linien funkeln im Tages und Sonnlicht besonders sch\u00f6n und vers\u00fc\u00dft dir damit deine Weihnachtszeit. Sie haben ebenso eine gem\u00fctliche und ruhige Ausstrahlung, was dann ganz besonders die Harmonie der Weihnachtszeit vor hebt. Die Weihnachtskugeln sind zum aufh\u00e4ngen. Unser Set besteht aus 6 mundgeblasenen Kugeln aus Glas. Sie sind 6 cm gro\u00df, von Hand verziert und in Deutschland hergestellt. Durch ihre hochwertige Verarbeitung sind sie besonders langlebig und Pflegeleicht.<\/p>\n<p>Unsere Weihnachtskugeln sind nur f\u00fcr den Gebrauch im Innenbereich vorgesehen.<\/p>","protected":false},"excerpt":{"rendered":"<p>Das &#8222;royal navy&#8220; &#8211; Set besteht aus 6 petrol matt Kugeln mit einem handbemalten Rautennetz. F\u00fcr dein Weihnachtsbaum ist das ein echter Hingucker. Die Weihnachtskugeln sind \u00e1 6 cm gro\u00df und aus mundgeblasenem Glas.<\/p>\n<p>&nbsp;<\/p>\n<p>&nbsp;<\/p>","protected":false},"featured_media":2150,"template":"","meta":{"_acf_changed":false},"product_brand":[112],"product_cat":[15,87,38,114,41],"product_tag":[110,101,106,105,103,102],"class_list":{"0":"post-1367","1":"product","2":"type-product","3":"status-publish","4":"has-post-thumbnail","6":"product_brand-glaswunder","7":"product_cat-alle-produkte","8":"product_cat-christbaumschmuck","9":"product_cat-kings-queens","10":"product_cat-kugeln","11":"product_cat-weihnachtskugeln-6cm","12":"product_tag-christbaumschmuck-aus-deutschland","13":"product_tag-christbaumschmuck","14":"product_tag-edler-weihnachtsschmuck","15":"product_tag-geschenkidee-weihnachten-deko","16":"product_tag-handgemachter-christbaumschmuck","17":"product_tag-weihnachtsschmuck","19":"first","20":"instock","21":"sale","22":"taxable","23":"shipping-taxable","24":"purchasable","25":"product-type-simple"},"acf":[],"yoast_head":"<!-- This site is optimized with the Yoast SEO plugin v27.3 - https:\/\/yoast.com\/product\/yoast-seo-wordpress\/ -->\n<title>&quot;royal navy&quot; - 6 cm Weihnachtskugeln petrol gold matt - Glaswunder<\/title>\n<meta name=\"description\" content=\"Weihnachtskugeln \u00e1 6 cm in Petrol Matt \u2705 mit Hand verzierten Rauten Netz \u2705 aus mundgeblasenem Glas \u2705 in Deutschland produziert\" \/>\n<meta name=\"robots\" content=\"noindex, follow, max-snippet:-1, max-image-preview:large, max-video-preview:-1\" \/>\n<meta property=\"og:locale\" content=\"en_US\" \/>\n<meta property=\"og:type\" content=\"article\" \/>\n<meta property=\"og:title\" content=\"&quot;royal navy&quot; - 6 cm Weihnachtskugeln petrol gold matt - Glaswunder\" \/>\n<meta property=\"og:description\" content=\"Weihnachtskugeln \u00e1 6 cm in Petrol Matt \u2705 mit Hand verzierten Rauten Netz \u2705 aus mundgeblasenem Glas \u2705 in Deutschland produziert\" \/>\n<meta property=\"og:url\" content=\"https:\/\/staging.glaswunder.eu\/en\/shop\/royal-navy-6-cm-weihnachtskugeln-petrol-gold-matt\/\" \/>\n<meta property=\"og:site_name\" content=\"Glaswunder\" \/>\n<meta property=\"article:modified_time\" content=\"2026-04-17T06:48:56+00:00\" \/>\n<meta property=\"og:image\" content=\"https:\/\/staging.glaswunder.eu\/wp-content\/uploads\/2023\/07\/royal-navy-6-cm-4262381710879-t-773x773.png\" \/>\n\t<meta property=\"og:image:width\" content=\"773\" \/>\n\t<meta property=\"og:image:height\" content=\"773\" \/>\n\t<meta property=\"og:image:type\" content=\"image\/png\" \/>\n<meta name=\"twitter:card\" content=\"summary_large_image\" \/>\n<meta name=\"twitter:label1\" content=\"Est. reading time\" \/>\n\t<meta name=\"twitter:data1\" content=\"2 minutes\" \/>\n<script type=\"application\/ld+json\" class=\"yoast-schema-graph\">{\"@context\":\"https:\\\/\\\/schema.org\",\"@graph\":[{\"@type\":\"WebPage\",\"@id\":\"https:\\\/\\\/staging.glaswunder.eu\\\/shop\\\/royal-navy-6-cm-weihnachtskugeln-petrol-gold-matt\\\/\",\"url\":\"https:\\\/\\\/staging.glaswunder.eu\\\/shop\\\/royal-navy-6-cm-weihnachtskugeln-petrol-gold-matt\\\/\",\"name\":\"\\\"royal navy\\\" - 6 cm Weihnachtskugeln petrol gold matt - Glaswunder\",\"isPartOf\":{\"@id\":\"https:\\\/\\\/staging.glaswunder.eu\\\/#website\"},\"primaryImageOfPage\":{\"@id\":\"https:\\\/\\\/staging.glaswunder.eu\\\/shop\\\/royal-navy-6-cm-weihnachtskugeln-petrol-gold-matt\\\/#primaryimage\"},\"image\":{\"@id\":\"https:\\\/\\\/staging.glaswunder.eu\\\/shop\\\/royal-navy-6-cm-weihnachtskugeln-petrol-gold-matt\\\/#primaryimage\"},\"thumbnailUrl\":\"https:\\\/\\\/staging.glaswunder.eu\\\/wp-content\\\/uploads\\\/2023\\\/07\\\/royal-navy-6-cm-4262381710879-t.png\",\"datePublished\":\"2023-08-19T09:25:42+00:00\",\"dateModified\":\"2026-04-17T06:48:56+00:00\",\"description\":\"Weihnachtskugeln \u00e1 6 cm in Petrol Matt \u2705 mit Hand verzierten Rauten Netz \u2705 aus mundgeblasenem Glas \u2705 in Deutschland produziert\",\"breadcrumb\":{\"@id\":\"https:\\\/\\\/staging.glaswunder.eu\\\/shop\\\/royal-navy-6-cm-weihnachtskugeln-petrol-gold-matt\\\/#breadcrumb\"},\"inLanguage\":\"en-US\",\"potentialAction\":[{\"@type\":\"ReadAction\",\"target\":[\"https:\\\/\\\/staging.glaswunder.eu\\\/shop\\\/royal-navy-6-cm-weihnachtskugeln-petrol-gold-matt\\\/\"]}]},{\"@type\":\"ImageObject\",\"inLanguage\":\"en-US\",\"@id\":\"https:\\\/\\\/staging.glaswunder.eu\\\/shop\\\/royal-navy-6-cm-weihnachtskugeln-petrol-gold-matt\\\/#primaryimage\",\"url\":\"https:\\\/\\\/staging.glaswunder.eu\\\/wp-content\\\/uploads\\\/2023\\\/07\\\/royal-navy-6-cm-4262381710879-t.png\",\"contentUrl\":\"https:\\\/\\\/staging.glaswunder.eu\\\/wp-content\\\/uploads\\\/2023\\\/07\\\/royal-navy-6-cm-4262381710879-t.png\",\"width\":1920,\"height\":1920,\"caption\":\"6er Set Christbaumkugeln mit 6cm Durchmesser in Petrol matt und goldenem Glitzer Rautennetz in schwarzem Naturkarton\"},{\"@type\":\"BreadcrumbList\",\"@id\":\"https:\\\/\\\/staging.glaswunder.eu\\\/shop\\\/royal-navy-6-cm-weihnachtskugeln-petrol-gold-matt\\\/#breadcrumb\",\"itemListElement\":[{\"@type\":\"ListItem\",\"position\":1,\"name\":\"Startseite\",\"item\":\"https:\\\/\\\/staging.glaswunder.eu\\\/\"},{\"@type\":\"ListItem\",\"position\":2,\"name\":\"Shop\",\"item\":\"https:\\\/\\\/staging.glaswunder.eu\\\/shop\\\/\"},{\"@type\":\"ListItem\",\"position\":3,\"name\":\"&#8222;royal navy&#8220; &#8211; 6 cm Weihnachtskugeln petrol gold matt\"}]},{\"@type\":\"WebSite\",\"@id\":\"https:\\\/\\\/staging.glaswunder.eu\\\/#website\",\"url\":\"https:\\\/\\\/staging.glaswunder.eu\\\/\",\"name\":\"Glaswunder\",\"description\":\"Exklusive Christbaumkugeln, Weihnachtkugeln, Christbaumschmuck und mehr.\",\"publisher\":{\"@id\":\"https:\\\/\\\/staging.glaswunder.eu\\\/#organization\"},\"potentialAction\":[{\"@type\":\"SearchAction\",\"target\":{\"@type\":\"EntryPoint\",\"urlTemplate\":\"https:\\\/\\\/staging.glaswunder.eu\\\/?s={search_term_string}\"},\"query-input\":{\"@type\":\"PropertyValueSpecification\",\"valueRequired\":true,\"valueName\":\"search_term_string\"}}],\"inLanguage\":\"en-US\"},{\"@type\":\"Organization\",\"@id\":\"https:\\\/\\\/staging.glaswunder.eu\\\/#organization\",\"name\":\"Glaswunder\",\"url\":\"https:\\\/\\\/staging.glaswunder.eu\\\/\",\"logo\":{\"@type\":\"ImageObject\",\"inLanguage\":\"en-US\",\"@id\":\"https:\\\/\\\/staging.glaswunder.eu\\\/#\\\/schema\\\/logo\\\/image\\\/\",\"url\":\"https:\\\/\\\/staging.glaswunder.eu\\\/wp-content\\\/uploads\\\/2023\\\/02\\\/GlasWunderLogo.webp\",\"contentUrl\":\"https:\\\/\\\/staging.glaswunder.eu\\\/wp-content\\\/uploads\\\/2023\\\/02\\\/GlasWunderLogo.webp\",\"width\":500,\"height\":486,\"caption\":\"Glaswunder\"},\"image\":{\"@id\":\"https:\\\/\\\/staging.glaswunder.eu\\\/#\\\/schema\\\/logo\\\/image\\\/\"}}]}<\/script>\n<!-- \/ Yoast SEO plugin. -->","yoast_head_json":{"title":"\"royal navy\" - 6 cm Weihnachtskugeln petrol gold matt - Glaswunder","description":"Weihnachtskugeln \u00e1 6 cm in Petrol Matt \u2705 mit Hand verzierten Rauten Netz \u2705 aus mundgeblasenem Glas \u2705 in Deutschland produziert","robots":{"index":"noindex","follow":"follow","max-snippet":"max-snippet:-1","max-image-preview":"max-image-preview:large","max-video-preview":"max-video-preview:-1"},"og_locale":"en_US","og_type":"article","og_title":"\"royal navy\" - 6 cm Weihnachtskugeln petrol gold matt - Glaswunder","og_description":"Weihnachtskugeln \u00e1 6 cm in Petrol Matt \u2705 mit Hand verzierten Rauten Netz \u2705 aus mundgeblasenem Glas \u2705 in Deutschland produziert","og_url":"https:\/\/staging.glaswunder.eu\/en\/shop\/royal-navy-6-cm-weihnachtskugeln-petrol-gold-matt\/","og_site_name":"Glaswunder","article_modified_time":"2026-04-17T06:48:56+00:00","og_image":[{"width":773,"height":773,"url":"https:\/\/staging.glaswunder.eu\/wp-content\/uploads\/2023\/07\/royal-navy-6-cm-4262381710879-t-773x773.png","type":"image\/png"}],"twitter_card":"summary_large_image","twitter_misc":{"Est. reading time":"2 minutes"},"schema":{"@context":"https:\/\/schema.org","@graph":[{"@type":"WebPage","@id":"https:\/\/staging.glaswunder.eu\/shop\/royal-navy-6-cm-weihnachtskugeln-petrol-gold-matt\/","url":"https:\/\/staging.glaswunder.eu\/shop\/royal-navy-6-cm-weihnachtskugeln-petrol-gold-matt\/","name":"\"royal navy\" - 6 cm Weihnachtskugeln petrol gold matt - Glaswunder","isPartOf":{"@id":"https:\/\/staging.glaswunder.eu\/#website"},"primaryImageOfPage":{"@id":"https:\/\/staging.glaswunder.eu\/shop\/royal-navy-6-cm-weihnachtskugeln-petrol-gold-matt\/#primaryimage"},"image":{"@id":"https:\/\/staging.glaswunder.eu\/shop\/royal-navy-6-cm-weihnachtskugeln-petrol-gold-matt\/#primaryimage"},"thumbnailUrl":"https:\/\/staging.glaswunder.eu\/wp-content\/uploads\/2023\/07\/royal-navy-6-cm-4262381710879-t.png","datePublished":"2023-08-19T09:25:42+00:00","dateModified":"2026-04-17T06:48:56+00:00","description":"Weihnachtskugeln \u00e1 6 cm in Petrol Matt \u2705 mit Hand verzierten Rauten Netz \u2705 aus mundgeblasenem Glas \u2705 in Deutschland produziert","breadcrumb":{"@id":"https:\/\/staging.glaswunder.eu\/shop\/royal-navy-6-cm-weihnachtskugeln-petrol-gold-matt\/#breadcrumb"},"inLanguage":"en-US","potentialAction":[{"@type":"ReadAction","target":["https:\/\/staging.glaswunder.eu\/shop\/royal-navy-6-cm-weihnachtskugeln-petrol-gold-matt\/"]}]},{"@type":"ImageObject","inLanguage":"en-US","@id":"https:\/\/staging.glaswunder.eu\/shop\/royal-navy-6-cm-weihnachtskugeln-petrol-gold-matt\/#primaryimage","url":"https:\/\/staging.glaswunder.eu\/wp-content\/uploads\/2023\/07\/royal-navy-6-cm-4262381710879-t.png","contentUrl":"https:\/\/staging.glaswunder.eu\/wp-content\/uploads\/2023\/07\/royal-navy-6-cm-4262381710879-t.png","width":1920,"height":1920,"caption":"6er Set Christbaumkugeln mit 6cm Durchmesser in Petrol matt und goldenem Glitzer Rautennetz in schwarzem Naturkarton"},{"@type":"BreadcrumbList","@id":"https:\/\/staging.glaswunder.eu\/shop\/royal-navy-6-cm-weihnachtskugeln-petrol-gold-matt\/#breadcrumb","itemListElement":[{"@type":"ListItem","position":1,"name":"Startseite","item":"https:\/\/staging.glaswunder.eu\/"},{"@type":"ListItem","position":2,"name":"Shop","item":"https:\/\/staging.glaswunder.eu\/shop\/"},{"@type":"ListItem","position":3,"name":"&#8222;royal navy&#8220; &#8211; 6 cm Weihnachtskugeln petrol gold matt"}]},{"@type":"WebSite","@id":"https:\/\/staging.glaswunder.eu\/#website","url":"https:\/\/staging.glaswunder.eu\/","name":"Glaswunder","description":"Exklusive Christbaumkugeln, Weihnachtkugeln, Christbaumschmuck und mehr.","publisher":{"@id":"https:\/\/staging.glaswunder.eu\/#organization"},"potentialAction":[{"@type":"SearchAction","target":{"@type":"EntryPoint","urlTemplate":"https:\/\/staging.glaswunder.eu\/?s={search_term_string}"},"query-input":{"@type":"PropertyValueSpecification","valueRequired":true,"valueName":"search_term_string"}}],"inLanguage":"en-US"},{"@type":"Organization","@id":"https:\/\/staging.glaswunder.eu\/#organization","name":"Glaswunder","url":"https:\/\/staging.glaswunder.eu\/","logo":{"@type":"ImageObject","inLanguage":"en-US","@id":"https:\/\/staging.glaswunder.eu\/#\/schema\/logo\/image\/","url":"https:\/\/staging.glaswunder.eu\/wp-content\/uploads\/2023\/02\/GlasWunderLogo.webp","contentUrl":"https:\/\/staging.glaswunder.eu\/wp-content\/uploads\/2023\/02\/GlasWunderLogo.webp","width":500,"height":486,"caption":"Glaswunder"},"image":{"@id":"https:\/\/staging.glaswunder.eu\/#\/schema\/logo\/image\/"}}]}},"_links":{"self":[{"href":"https:\/\/staging.glaswunder.eu\/en\/wp-json\/wp\/v2\/product\/1367","targetHints":{"allow":["GET"]}}],"collection":[{"href":"https:\/\/staging.glaswunder.eu\/en\/wp-json\/wp\/v2\/product"}],"about":[{"href":"https:\/\/staging.glaswunder.eu\/en\/wp-json\/wp\/v2\/types\/product"}],"version-history":[{"count":6,"href":"https:\/\/staging.glaswunder.eu\/en\/wp-json\/wp\/v2\/product\/1367\/revisions"}],"predecessor-version":[{"id":5867,"href":"https:\/\/staging.glaswunder.eu\/en\/wp-json\/wp\/v2\/product\/1367\/revisions\/5867"}],"wp:featuredmedia":[{"embeddable":true,"href":"https:\/\/staging.glaswunder.eu\/en\/wp-json\/wp\/v2\/media\/2150"}],"wp:attachment":[{"href":"https:\/\/staging.glaswunder.eu\/en\/wp-json\/wp\/v2\/media?parent=1367"}],"wp:term":[{"taxonomy":"product_brand","embeddable":true,"href":"https:\/\/staging.glaswunder.eu\/en\/wp-json\/wp\/v2\/product_brand?post=1367"},{"taxonomy":"product_cat","embeddable":true,"href":"https:\/\/staging.glaswunder.eu\/en\/wp-json\/wp\/v2\/product_cat?post=1367"},{"taxonomy":"product_tag","embeddable":true,"href":"https:\/\/staging.glaswunder.eu\/en\/wp-json\/wp\/v2\/product_tag?post=1367"}],"curies":[{"name":"wp","href":"https:\/\/api.w.org\/{rel}","templated":true}]}}