{"id":1369,"date":"2023-08-19T09:24:35","date_gmt":"2023-08-19T09:24:35","guid":{"rendered":"https:\/\/glaswunder.eu\/?post_type=product&#038;p=1369"},"modified":"2026-04-01T21:11:23","modified_gmt":"2026-04-01T19:11:23","slug":"golden-christmas-6-cm-weihnachtskugeln-gold-glanz","status":"publish","type":"product","link":"https:\/\/staging.glaswunder.eu\/en\/shop\/golden-christmas-6-cm-weihnachtskugeln-gold-glanz\/","title":{"rendered":"&#8222;golden christmas&#8220; &#8211; 6 cm Weihnachtskugeln gold glanz"},"content":{"rendered":"<p>An Weihnachten w\u00fcnschen wir uns alle festliche und kr\u00e4ftige Farben, die hervorragend mit dem Gr\u00fcn der Tannenb\u00e4ume harmoniert. Unser &#8222;golden christmas&#8220; &#8211; Set geh\u00f6rt damit dazu. Die Kombination Rot und Gr\u00fcn empfinden viele Menschen als Klassiker, doch wird auch gerne Gold gew\u00e4hlt. Die Farbe Gold wirkt sehr edel und markant, so darf der Baum zum Hingucker vor lauter Glitzern und Gl\u00e4nzen strahlen. Das Gl\u00e4nzen der goldenen Weihnachtskugel wirkt sch\u00f6n harmonisch und edel. In den kurzen Sonnentagen, w\u00e4hrend der Weihnachtszeit, w\u00fcnschen wir uns alle gerne etwas mehr Licht und W\u00e4rme. Dar\u00fcber hinaus symbolisiert Gold den Reichtum und das G\u00f6ttliche in der christlichen Tradition. Die Weihnachtskugeln sind aus Mund geblasenem Glas. Unser &#8222;golden christmas&#8220; &#8211; Set besteht aus 6 Kugeln, sind \u00e1 6cm gro\u00df und in Deutschland hergestellt.<\/p>\n<p>Wenn du dein Tannenbaum in den klassischen Weihnachtsfarben kombinieren m\u00f6chtest, dann w\u00fcrde unser &#8222;<a href=\"https:\/\/staging.glaswunder.eu\/en\/shop\/nature-friend-6cm\/\">Nature Friend<\/a>&#8220; &#8211; Set in einem satten Gr\u00fcnton oder unser &#8222;<a href=\"https:\/\/staging.glaswunder.eu\/en\/shop\/christmas-classic-6cm\/\">Christmas Classic<\/a>&#8220; &#8211; Set in einem dunkelroten Mattton prima dazu passen, um dein Wohnzimmer sch\u00f6n gem\u00fctlich zu gestalten.<\/p>\n<p>&nbsp;<\/p>","protected":false},"excerpt":{"rendered":"<p>Das &#8222;golden christmas&#8220; &#8211; Set besteht aus 6 hochglanz golden Kugeln. Durch ihre markante Eigenschaft fallen sie besonders gut auf. Die Weihnachtskugeln \u00e1 6 cm sind aus mundgeblasenem Glas und werden in Deutschland hergestellt.<\/p>\n<p>&nbsp;<\/p>\n<p>&nbsp;<\/p>","protected":false},"featured_media":2132,"template":"","meta":{"_acf_changed":false},"product_brand":[112],"product_cat":[15,87,35,41],"product_tag":[110,101,106,105,103,107,102],"class_list":{"0":"post-1369","1":"product","2":"type-product","3":"status-publish","4":"has-post-thumbnail","6":"product_brand-glaswunder","7":"product_cat-alle-produkte","8":"product_cat-christbaumschmuck","9":"product_cat-classic-moments","10":"product_cat-weihnachtskugeln-6cm","11":"product_tag-christbaumschmuck-aus-deutschland","12":"product_tag-christbaumschmuck","13":"product_tag-edler-weihnachtsschmuck","14":"product_tag-geschenkidee-weihnachten-deko","15":"product_tag-handgemachter-christbaumschmuck","16":"product_tag-nachhaltiger-weihnachtsschmuck","17":"product_tag-weihnachtsschmuck","19":"first","20":"instock","21":"taxable","22":"shipping-taxable","23":"purchasable","24":"product-type-simple"},"acf":[],"yoast_head":"<!-- This site is optimized with the Yoast SEO plugin v27.3 - https:\/\/yoast.com\/product\/yoast-seo-wordpress\/ -->\n<title>&quot;golden christmas&quot; - 6 cm Weihnachtskugeln gold glanz - Glaswunder<\/title>\n<meta name=\"description\" content=\"Weihnachtskugeln \u00e1 6 cm in Hochglanz Gold \u2705 aus mundgeblasenem Glas \u2705 von Hand verziert \u2705 in Deutschland hergestellt\" \/>\n<meta name=\"robots\" content=\"noindex, follow, max-snippet:-1, max-image-preview:large, max-video-preview:-1\" \/>\n<meta property=\"og:locale\" content=\"en_US\" \/>\n<meta property=\"og:type\" content=\"article\" \/>\n<meta property=\"og:title\" content=\"&quot;golden christmas&quot; - 6 cm Weihnachtskugeln gold glanz - Glaswunder\" \/>\n<meta property=\"og:description\" content=\"Weihnachtskugeln \u00e1 6 cm in Hochglanz Gold \u2705 aus mundgeblasenem Glas \u2705 von Hand verziert \u2705 in Deutschland hergestellt\" \/>\n<meta property=\"og:url\" content=\"https:\/\/staging.glaswunder.eu\/en\/shop\/golden-christmas-6-cm-weihnachtskugeln-gold-glanz\/\" \/>\n<meta property=\"og:site_name\" content=\"Glaswunder\" \/>\n<meta property=\"article:modified_time\" content=\"2026-04-01T19:11:23+00:00\" \/>\n<meta property=\"og:image\" content=\"https:\/\/staging.glaswunder.eu\/wp-content\/uploads\/2023\/07\/golden-christmas-6-cm-4262381710909-t-773x773.png\" \/>\n\t<meta property=\"og:image:width\" content=\"773\" \/>\n\t<meta property=\"og:image:height\" content=\"773\" \/>\n\t<meta property=\"og:image:type\" content=\"image\/png\" \/>\n<meta name=\"twitter:card\" content=\"summary_large_image\" \/>\n<meta name=\"twitter:label1\" content=\"Est. reading time\" \/>\n\t<meta name=\"twitter:data1\" content=\"2 minutes\" \/>\n<script type=\"application\/ld+json\" class=\"yoast-schema-graph\">{\"@context\":\"https:\\\/\\\/schema.org\",\"@graph\":[{\"@type\":\"WebPage\",\"@id\":\"https:\\\/\\\/staging.glaswunder.eu\\\/shop\\\/golden-christmas-6-cm-weihnachtskugeln-gold-glanz\\\/\",\"url\":\"https:\\\/\\\/staging.glaswunder.eu\\\/shop\\\/golden-christmas-6-cm-weihnachtskugeln-gold-glanz\\\/\",\"name\":\"\\\"golden christmas\\\" - 6 cm Weihnachtskugeln gold glanz - Glaswunder\",\"isPartOf\":{\"@id\":\"https:\\\/\\\/staging.glaswunder.eu\\\/#website\"},\"primaryImageOfPage\":{\"@id\":\"https:\\\/\\\/staging.glaswunder.eu\\\/shop\\\/golden-christmas-6-cm-weihnachtskugeln-gold-glanz\\\/#primaryimage\"},\"image\":{\"@id\":\"https:\\\/\\\/staging.glaswunder.eu\\\/shop\\\/golden-christmas-6-cm-weihnachtskugeln-gold-glanz\\\/#primaryimage\"},\"thumbnailUrl\":\"https:\\\/\\\/staging.glaswunder.eu\\\/wp-content\\\/uploads\\\/2023\\\/07\\\/golden-christmas-6-cm-4262381710909-t.png\",\"datePublished\":\"2023-08-19T09:24:35+00:00\",\"dateModified\":\"2026-04-01T19:11:23+00:00\",\"description\":\"Weihnachtskugeln \u00e1 6 cm in Hochglanz Gold \u2705 aus mundgeblasenem Glas \u2705 von Hand verziert \u2705 in Deutschland hergestellt\",\"breadcrumb\":{\"@id\":\"https:\\\/\\\/staging.glaswunder.eu\\\/shop\\\/golden-christmas-6-cm-weihnachtskugeln-gold-glanz\\\/#breadcrumb\"},\"inLanguage\":\"en-US\",\"potentialAction\":[{\"@type\":\"ReadAction\",\"target\":[\"https:\\\/\\\/staging.glaswunder.eu\\\/shop\\\/golden-christmas-6-cm-weihnachtskugeln-gold-glanz\\\/\"]}]},{\"@type\":\"ImageObject\",\"inLanguage\":\"en-US\",\"@id\":\"https:\\\/\\\/staging.glaswunder.eu\\\/shop\\\/golden-christmas-6-cm-weihnachtskugeln-gold-glanz\\\/#primaryimage\",\"url\":\"https:\\\/\\\/staging.glaswunder.eu\\\/wp-content\\\/uploads\\\/2023\\\/07\\\/golden-christmas-6-cm-4262381710909-t.png\",\"contentUrl\":\"https:\\\/\\\/staging.glaswunder.eu\\\/wp-content\\\/uploads\\\/2023\\\/07\\\/golden-christmas-6-cm-4262381710909-t.png\",\"width\":1920,\"height\":1920,\"caption\":\"6er Set Christbaumkugeln in hochglanz gold mit 6cm Durchmesser im schwarzen Naturkarton\"},{\"@type\":\"BreadcrumbList\",\"@id\":\"https:\\\/\\\/staging.glaswunder.eu\\\/shop\\\/golden-christmas-6-cm-weihnachtskugeln-gold-glanz\\\/#breadcrumb\",\"itemListElement\":[{\"@type\":\"ListItem\",\"position\":1,\"name\":\"Startseite\",\"item\":\"https:\\\/\\\/staging.glaswunder.eu\\\/\"},{\"@type\":\"ListItem\",\"position\":2,\"name\":\"Shop\",\"item\":\"https:\\\/\\\/staging.glaswunder.eu\\\/shop\\\/\"},{\"@type\":\"ListItem\",\"position\":3,\"name\":\"&#8222;golden christmas&#8220; &#8211; 6 cm Weihnachtskugeln gold glanz\"}]},{\"@type\":\"WebSite\",\"@id\":\"https:\\\/\\\/staging.glaswunder.eu\\\/#website\",\"url\":\"https:\\\/\\\/staging.glaswunder.eu\\\/\",\"name\":\"Glaswunder\",\"description\":\"Exklusive Christbaumkugeln, Weihnachtkugeln, Christbaumschmuck und mehr.\",\"publisher\":{\"@id\":\"https:\\\/\\\/staging.glaswunder.eu\\\/#organization\"},\"potentialAction\":[{\"@type\":\"SearchAction\",\"target\":{\"@type\":\"EntryPoint\",\"urlTemplate\":\"https:\\\/\\\/staging.glaswunder.eu\\\/?s={search_term_string}\"},\"query-input\":{\"@type\":\"PropertyValueSpecification\",\"valueRequired\":true,\"valueName\":\"search_term_string\"}}],\"inLanguage\":\"en-US\"},{\"@type\":\"Organization\",\"@id\":\"https:\\\/\\\/staging.glaswunder.eu\\\/#organization\",\"name\":\"Glaswunder\",\"url\":\"https:\\\/\\\/staging.glaswunder.eu\\\/\",\"logo\":{\"@type\":\"ImageObject\",\"inLanguage\":\"en-US\",\"@id\":\"https:\\\/\\\/staging.glaswunder.eu\\\/#\\\/schema\\\/logo\\\/image\\\/\",\"url\":\"https:\\\/\\\/staging.glaswunder.eu\\\/wp-content\\\/uploads\\\/2023\\\/02\\\/GlasWunderLogo.webp\",\"contentUrl\":\"https:\\\/\\\/staging.glaswunder.eu\\\/wp-content\\\/uploads\\\/2023\\\/02\\\/GlasWunderLogo.webp\",\"width\":500,\"height\":486,\"caption\":\"Glaswunder\"},\"image\":{\"@id\":\"https:\\\/\\\/staging.glaswunder.eu\\\/#\\\/schema\\\/logo\\\/image\\\/\"}}]}<\/script>\n<!-- \/ Yoast SEO plugin. -->","yoast_head_json":{"title":"\"golden christmas\" - 6 cm Weihnachtskugeln gold glanz - Glaswunder","description":"Weihnachtskugeln \u00e1 6 cm in Hochglanz Gold \u2705 aus mundgeblasenem Glas \u2705 von Hand verziert \u2705 in Deutschland hergestellt","robots":{"index":"noindex","follow":"follow","max-snippet":"max-snippet:-1","max-image-preview":"max-image-preview:large","max-video-preview":"max-video-preview:-1"},"og_locale":"en_US","og_type":"article","og_title":"\"golden christmas\" - 6 cm Weihnachtskugeln gold glanz - Glaswunder","og_description":"Weihnachtskugeln \u00e1 6 cm in Hochglanz Gold \u2705 aus mundgeblasenem Glas \u2705 von Hand verziert \u2705 in Deutschland hergestellt","og_url":"https:\/\/staging.glaswunder.eu\/en\/shop\/golden-christmas-6-cm-weihnachtskugeln-gold-glanz\/","og_site_name":"Glaswunder","article_modified_time":"2026-04-01T19:11:23+00:00","og_image":[{"width":773,"height":773,"url":"https:\/\/staging.glaswunder.eu\/wp-content\/uploads\/2023\/07\/golden-christmas-6-cm-4262381710909-t-773x773.png","type":"image\/png"}],"twitter_card":"summary_large_image","twitter_misc":{"Est. reading time":"2 minutes"},"schema":{"@context":"https:\/\/schema.org","@graph":[{"@type":"WebPage","@id":"https:\/\/staging.glaswunder.eu\/shop\/golden-christmas-6-cm-weihnachtskugeln-gold-glanz\/","url":"https:\/\/staging.glaswunder.eu\/shop\/golden-christmas-6-cm-weihnachtskugeln-gold-glanz\/","name":"\"golden christmas\" - 6 cm Weihnachtskugeln gold glanz - Glaswunder","isPartOf":{"@id":"https:\/\/staging.glaswunder.eu\/#website"},"primaryImageOfPage":{"@id":"https:\/\/staging.glaswunder.eu\/shop\/golden-christmas-6-cm-weihnachtskugeln-gold-glanz\/#primaryimage"},"image":{"@id":"https:\/\/staging.glaswunder.eu\/shop\/golden-christmas-6-cm-weihnachtskugeln-gold-glanz\/#primaryimage"},"thumbnailUrl":"https:\/\/staging.glaswunder.eu\/wp-content\/uploads\/2023\/07\/golden-christmas-6-cm-4262381710909-t.png","datePublished":"2023-08-19T09:24:35+00:00","dateModified":"2026-04-01T19:11:23+00:00","description":"Weihnachtskugeln \u00e1 6 cm in Hochglanz Gold \u2705 aus mundgeblasenem Glas \u2705 von Hand verziert \u2705 in Deutschland hergestellt","breadcrumb":{"@id":"https:\/\/staging.glaswunder.eu\/shop\/golden-christmas-6-cm-weihnachtskugeln-gold-glanz\/#breadcrumb"},"inLanguage":"en-US","potentialAction":[{"@type":"ReadAction","target":["https:\/\/staging.glaswunder.eu\/shop\/golden-christmas-6-cm-weihnachtskugeln-gold-glanz\/"]}]},{"@type":"ImageObject","inLanguage":"en-US","@id":"https:\/\/staging.glaswunder.eu\/shop\/golden-christmas-6-cm-weihnachtskugeln-gold-glanz\/#primaryimage","url":"https:\/\/staging.glaswunder.eu\/wp-content\/uploads\/2023\/07\/golden-christmas-6-cm-4262381710909-t.png","contentUrl":"https:\/\/staging.glaswunder.eu\/wp-content\/uploads\/2023\/07\/golden-christmas-6-cm-4262381710909-t.png","width":1920,"height":1920,"caption":"6er Set Christbaumkugeln in hochglanz gold mit 6cm Durchmesser im schwarzen Naturkarton"},{"@type":"BreadcrumbList","@id":"https:\/\/staging.glaswunder.eu\/shop\/golden-christmas-6-cm-weihnachtskugeln-gold-glanz\/#breadcrumb","itemListElement":[{"@type":"ListItem","position":1,"name":"Startseite","item":"https:\/\/staging.glaswunder.eu\/"},{"@type":"ListItem","position":2,"name":"Shop","item":"https:\/\/staging.glaswunder.eu\/shop\/"},{"@type":"ListItem","position":3,"name":"&#8222;golden christmas&#8220; &#8211; 6 cm Weihnachtskugeln gold glanz"}]},{"@type":"WebSite","@id":"https:\/\/staging.glaswunder.eu\/#website","url":"https:\/\/staging.glaswunder.eu\/","name":"Glaswunder","description":"Exklusive Christbaumkugeln, Weihnachtkugeln, Christbaumschmuck und mehr.","publisher":{"@id":"https:\/\/staging.glaswunder.eu\/#organization"},"potentialAction":[{"@type":"SearchAction","target":{"@type":"EntryPoint","urlTemplate":"https:\/\/staging.glaswunder.eu\/?s={search_term_string}"},"query-input":{"@type":"PropertyValueSpecification","valueRequired":true,"valueName":"search_term_string"}}],"inLanguage":"en-US"},{"@type":"Organization","@id":"https:\/\/staging.glaswunder.eu\/#organization","name":"Glaswunder","url":"https:\/\/staging.glaswunder.eu\/","logo":{"@type":"ImageObject","inLanguage":"en-US","@id":"https:\/\/staging.glaswunder.eu\/#\/schema\/logo\/image\/","url":"https:\/\/staging.glaswunder.eu\/wp-content\/uploads\/2023\/02\/GlasWunderLogo.webp","contentUrl":"https:\/\/staging.glaswunder.eu\/wp-content\/uploads\/2023\/02\/GlasWunderLogo.webp","width":500,"height":486,"caption":"Glaswunder"},"image":{"@id":"https:\/\/staging.glaswunder.eu\/#\/schema\/logo\/image\/"}}]}},"_links":{"self":[{"href":"https:\/\/staging.glaswunder.eu\/en\/wp-json\/wp\/v2\/product\/1369","targetHints":{"allow":["GET"]}}],"collection":[{"href":"https:\/\/staging.glaswunder.eu\/en\/wp-json\/wp\/v2\/product"}],"about":[{"href":"https:\/\/staging.glaswunder.eu\/en\/wp-json\/wp\/v2\/types\/product"}],"version-history":[{"count":6,"href":"https:\/\/staging.glaswunder.eu\/en\/wp-json\/wp\/v2\/product\/1369\/revisions"}],"predecessor-version":[{"id":5812,"href":"https:\/\/staging.glaswunder.eu\/en\/wp-json\/wp\/v2\/product\/1369\/revisions\/5812"}],"wp:featuredmedia":[{"embeddable":true,"href":"https:\/\/staging.glaswunder.eu\/en\/wp-json\/wp\/v2\/media\/2132"}],"wp:attachment":[{"href":"https:\/\/staging.glaswunder.eu\/en\/wp-json\/wp\/v2\/media?parent=1369"}],"wp:term":[{"taxonomy":"product_brand","embeddable":true,"href":"https:\/\/staging.glaswunder.eu\/en\/wp-json\/wp\/v2\/product_brand?post=1369"},{"taxonomy":"product_cat","embeddable":true,"href":"https:\/\/staging.glaswunder.eu\/en\/wp-json\/wp\/v2\/product_cat?post=1369"},{"taxonomy":"product_tag","embeddable":true,"href":"https:\/\/staging.glaswunder.eu\/en\/wp-json\/wp\/v2\/product_tag?post=1369"}],"curies":[{"name":"wp","href":"https:\/\/api.w.org\/{rel}","templated":true}]}}