{"id":1394,"date":"2023-08-19T09:24:38","date_gmt":"2023-08-19T09:24:38","guid":{"rendered":"https:\/\/glaswunder.eu\/?post_type=product&#038;p=1394"},"modified":"2026-04-17T09:15:26","modified_gmt":"2026-04-17T07:15:26","slug":"night-6-cm-weihnachtskugeln-schwarz-matt","status":"publish","type":"product","link":"https:\/\/staging.glaswunder.eu\/en\/shop\/night-6-cm-weihnachtskugeln-schwarz-matt\/","title":{"rendered":"&#8222;night&#8220; &#8211; 6 cm Weihnachtskugeln schwarz matt"},"content":{"rendered":"<p>Unser Weihnachtskugelset\u00a0 &#8222;night&#8220;\u00a0 mit der Farbe schwarz matt hebt besonders die Tiefe des Farbtons hervor. Die dominante, aber auch sehr elegante und seri\u00f6se Farbe bietet obendrein mit anderen Farben ein besonders gutes Farbspiel an. Sie ist ebenfalls ein guter Ausgleich und kann somit mehr Harmonie erzeugen. In vielen Kulturkreisen steht Schwarz auch f\u00fcr Kultiviertheit und Formalit\u00e4t. Wusstest du, warum schwarz eigentlich keine &#8222;Farbe&#8220; ist ? Das liegt daran, dass schwarz hingegen der Abwesenheit von allen entsprechenden Lichtquellen es weder durchl\u00e4sst noch reflektiert. Das macht das Ganze aber ebenso besonders! Daher passen die Weihnachtskugeln aus Glas auch so toll an deinem Weihnachtsbaum. Das Zeitlose schwarz matt besitzt so viel Power und Tiefe, weshalb du sie mit allem prima kombinieren kannst. Die Weihnachtskugeln kann man auch klasse mit bunten und knalligen B\u00e4ndern aufh\u00e4ngen um einen Gewissen Pepp rein zu bekommen. Unsere &#8222;night&#8220; &#8211; Set besteht aus 6 Kugeln \u00e1 6cm. Sie sind aus mundgeblasenem Glas gefertigt, mit Hand verziert und in Deutschland produziert.<\/p>\n<p>Das &#8222;<a href=\"https:\/\/staging.glaswunder.eu\/en\/shop\/come-together-6cm\/\">come together<\/a>&#8220; Weihnachtskugel Set w\u00e4re eine M\u00f6glichkeit deine schwarzen Kugeln aus Glas wunderbar in Szene zu setzen.<\/p>\n<p>&nbsp;<\/p>","protected":false},"excerpt":{"rendered":"<p>Das &#8222;night&#8220; &#8211; Set besteht aus 6 eleganten Glaskugeln in schwarz matt. Die Farbe ist ein dezentes Schmuckst\u00fcck , welche deinen Weihnachtsbaum sehr edel und zur\u00fcckhaltend in Szene setzt. Die Weihnachtskugeln sind \u00e1 6 cm gro\u00df, von Hand verziert und aus mundgeblasenem Glas.<\/p>","protected":false},"featured_media":2142,"template":"","meta":{"_acf_changed":false},"product_brand":[112],"product_cat":[15,87,114,39,41],"product_tag":[110,101,106,105,103,107,102],"class_list":{"0":"post-1394","1":"product","2":"type-product","3":"status-publish","4":"has-post-thumbnail","6":"product_brand-glaswunder","7":"product_cat-alle-produkte","8":"product_cat-christbaumschmuck","9":"product_cat-kugeln","10":"product_cat-modern-style","11":"product_cat-weihnachtskugeln-6cm","12":"product_tag-christbaumschmuck-aus-deutschland","13":"product_tag-christbaumschmuck","14":"product_tag-edler-weihnachtsschmuck","15":"product_tag-geschenkidee-weihnachten-deko","16":"product_tag-handgemachter-christbaumschmuck","17":"product_tag-nachhaltiger-weihnachtsschmuck","18":"product_tag-weihnachtsschmuck","20":"first","21":"instock","22":"taxable","23":"shipping-taxable","24":"purchasable","25":"product-type-simple"},"acf":[],"yoast_head":"<!-- This site is optimized with the Yoast SEO plugin v27.3 - https:\/\/yoast.com\/product\/yoast-seo-wordpress\/ -->\n<title>&quot;night&quot; - 6 cm Weihnachtskugeln schwarz matt - Glaswunder<\/title>\n<meta name=\"description\" content=\"Weihnachtskugeln \u00e1 6 cm in schwarz matt\u2705 aus mundgeblasenem Glas \u2705 von Hand verziert \u2705 in Deutschland hergestellt\" \/>\n<meta name=\"robots\" content=\"noindex, follow, max-snippet:-1, max-image-preview:large, max-video-preview:-1\" \/>\n<meta property=\"og:locale\" content=\"en_US\" \/>\n<meta property=\"og:type\" content=\"article\" \/>\n<meta property=\"og:title\" content=\"&quot;night&quot; - 6 cm Weihnachtskugeln schwarz matt - Glaswunder\" \/>\n<meta property=\"og:description\" content=\"Weihnachtskugeln \u00e1 6 cm in schwarz matt\u2705 aus mundgeblasenem Glas \u2705 von Hand verziert \u2705 in Deutschland hergestellt\" \/>\n<meta property=\"og:url\" content=\"https:\/\/staging.glaswunder.eu\/en\/shop\/night-6-cm-weihnachtskugeln-schwarz-matt\/\" \/>\n<meta property=\"og:site_name\" content=\"Glaswunder\" \/>\n<meta property=\"article:modified_time\" content=\"2026-04-17T07:15:26+00:00\" \/>\n<meta property=\"og:image\" content=\"https:\/\/staging.glaswunder.eu\/wp-content\/uploads\/2023\/07\/night-6-cm-4262381710923-t-773x773.png\" \/>\n\t<meta property=\"og:image:width\" content=\"773\" \/>\n\t<meta property=\"og:image:height\" content=\"773\" \/>\n\t<meta property=\"og:image:type\" content=\"image\/png\" \/>\n<meta name=\"twitter:card\" content=\"summary_large_image\" \/>\n<meta name=\"twitter:label1\" content=\"Est. reading time\" \/>\n\t<meta name=\"twitter:data1\" content=\"2 minutes\" \/>\n<script type=\"application\/ld+json\" class=\"yoast-schema-graph\">{\"@context\":\"https:\\\/\\\/schema.org\",\"@graph\":[{\"@type\":\"WebPage\",\"@id\":\"https:\\\/\\\/staging.glaswunder.eu\\\/shop\\\/night-6-cm-weihnachtskugeln-schwarz-matt\\\/\",\"url\":\"https:\\\/\\\/staging.glaswunder.eu\\\/shop\\\/night-6-cm-weihnachtskugeln-schwarz-matt\\\/\",\"name\":\"\\\"night\\\" - 6 cm Weihnachtskugeln schwarz matt - Glaswunder\",\"isPartOf\":{\"@id\":\"https:\\\/\\\/staging.glaswunder.eu\\\/#website\"},\"primaryImageOfPage\":{\"@id\":\"https:\\\/\\\/staging.glaswunder.eu\\\/shop\\\/night-6-cm-weihnachtskugeln-schwarz-matt\\\/#primaryimage\"},\"image\":{\"@id\":\"https:\\\/\\\/staging.glaswunder.eu\\\/shop\\\/night-6-cm-weihnachtskugeln-schwarz-matt\\\/#primaryimage\"},\"thumbnailUrl\":\"https:\\\/\\\/staging.glaswunder.eu\\\/wp-content\\\/uploads\\\/2023\\\/07\\\/night-6-cm-4262381710923-t.png\",\"datePublished\":\"2023-08-19T09:24:38+00:00\",\"dateModified\":\"2026-04-17T07:15:26+00:00\",\"description\":\"Weihnachtskugeln \u00e1 6 cm in schwarz matt\u2705 aus mundgeblasenem Glas \u2705 von Hand verziert \u2705 in Deutschland hergestellt\",\"breadcrumb\":{\"@id\":\"https:\\\/\\\/staging.glaswunder.eu\\\/shop\\\/night-6-cm-weihnachtskugeln-schwarz-matt\\\/#breadcrumb\"},\"inLanguage\":\"en-US\",\"potentialAction\":[{\"@type\":\"ReadAction\",\"target\":[\"https:\\\/\\\/staging.glaswunder.eu\\\/shop\\\/night-6-cm-weihnachtskugeln-schwarz-matt\\\/\"]}]},{\"@type\":\"ImageObject\",\"inLanguage\":\"en-US\",\"@id\":\"https:\\\/\\\/staging.glaswunder.eu\\\/shop\\\/night-6-cm-weihnachtskugeln-schwarz-matt\\\/#primaryimage\",\"url\":\"https:\\\/\\\/staging.glaswunder.eu\\\/wp-content\\\/uploads\\\/2023\\\/07\\\/night-6-cm-4262381710923-t.png\",\"contentUrl\":\"https:\\\/\\\/staging.glaswunder.eu\\\/wp-content\\\/uploads\\\/2023\\\/07\\\/night-6-cm-4262381710923-t.png\",\"width\":1920,\"height\":1920,\"caption\":\"6er Set Christbaumkugeln mit 6cm Durchmesser in schwarz matt in einem schwarzen Naturkarton\"},{\"@type\":\"BreadcrumbList\",\"@id\":\"https:\\\/\\\/staging.glaswunder.eu\\\/shop\\\/night-6-cm-weihnachtskugeln-schwarz-matt\\\/#breadcrumb\",\"itemListElement\":[{\"@type\":\"ListItem\",\"position\":1,\"name\":\"Startseite\",\"item\":\"https:\\\/\\\/staging.glaswunder.eu\\\/\"},{\"@type\":\"ListItem\",\"position\":2,\"name\":\"Shop\",\"item\":\"https:\\\/\\\/staging.glaswunder.eu\\\/shop\\\/\"},{\"@type\":\"ListItem\",\"position\":3,\"name\":\"&#8222;night&#8220; &#8211; 6 cm Weihnachtskugeln schwarz matt\"}]},{\"@type\":\"WebSite\",\"@id\":\"https:\\\/\\\/staging.glaswunder.eu\\\/#website\",\"url\":\"https:\\\/\\\/staging.glaswunder.eu\\\/\",\"name\":\"Glaswunder\",\"description\":\"Exklusive Christbaumkugeln, Weihnachtkugeln, Christbaumschmuck und mehr.\",\"publisher\":{\"@id\":\"https:\\\/\\\/staging.glaswunder.eu\\\/#organization\"},\"potentialAction\":[{\"@type\":\"SearchAction\",\"target\":{\"@type\":\"EntryPoint\",\"urlTemplate\":\"https:\\\/\\\/staging.glaswunder.eu\\\/?s={search_term_string}\"},\"query-input\":{\"@type\":\"PropertyValueSpecification\",\"valueRequired\":true,\"valueName\":\"search_term_string\"}}],\"inLanguage\":\"en-US\"},{\"@type\":\"Organization\",\"@id\":\"https:\\\/\\\/staging.glaswunder.eu\\\/#organization\",\"name\":\"Glaswunder\",\"url\":\"https:\\\/\\\/staging.glaswunder.eu\\\/\",\"logo\":{\"@type\":\"ImageObject\",\"inLanguage\":\"en-US\",\"@id\":\"https:\\\/\\\/staging.glaswunder.eu\\\/#\\\/schema\\\/logo\\\/image\\\/\",\"url\":\"https:\\\/\\\/staging.glaswunder.eu\\\/wp-content\\\/uploads\\\/2023\\\/02\\\/GlasWunderLogo.webp\",\"contentUrl\":\"https:\\\/\\\/staging.glaswunder.eu\\\/wp-content\\\/uploads\\\/2023\\\/02\\\/GlasWunderLogo.webp\",\"width\":500,\"height\":486,\"caption\":\"Glaswunder\"},\"image\":{\"@id\":\"https:\\\/\\\/staging.glaswunder.eu\\\/#\\\/schema\\\/logo\\\/image\\\/\"}}]}<\/script>\n<!-- \/ Yoast SEO plugin. -->","yoast_head_json":{"title":"\"night\" - 6 cm Weihnachtskugeln schwarz matt - Glaswunder","description":"Weihnachtskugeln \u00e1 6 cm in schwarz matt\u2705 aus mundgeblasenem Glas \u2705 von Hand verziert \u2705 in Deutschland hergestellt","robots":{"index":"noindex","follow":"follow","max-snippet":"max-snippet:-1","max-image-preview":"max-image-preview:large","max-video-preview":"max-video-preview:-1"},"og_locale":"en_US","og_type":"article","og_title":"\"night\" - 6 cm Weihnachtskugeln schwarz matt - Glaswunder","og_description":"Weihnachtskugeln \u00e1 6 cm in schwarz matt\u2705 aus mundgeblasenem Glas \u2705 von Hand verziert \u2705 in Deutschland hergestellt","og_url":"https:\/\/staging.glaswunder.eu\/en\/shop\/night-6-cm-weihnachtskugeln-schwarz-matt\/","og_site_name":"Glaswunder","article_modified_time":"2026-04-17T07:15:26+00:00","og_image":[{"width":773,"height":773,"url":"https:\/\/staging.glaswunder.eu\/wp-content\/uploads\/2023\/07\/night-6-cm-4262381710923-t-773x773.png","type":"image\/png"}],"twitter_card":"summary_large_image","twitter_misc":{"Est. reading time":"2 minutes"},"schema":{"@context":"https:\/\/schema.org","@graph":[{"@type":"WebPage","@id":"https:\/\/staging.glaswunder.eu\/shop\/night-6-cm-weihnachtskugeln-schwarz-matt\/","url":"https:\/\/staging.glaswunder.eu\/shop\/night-6-cm-weihnachtskugeln-schwarz-matt\/","name":"\"night\" - 6 cm Weihnachtskugeln schwarz matt - Glaswunder","isPartOf":{"@id":"https:\/\/staging.glaswunder.eu\/#website"},"primaryImageOfPage":{"@id":"https:\/\/staging.glaswunder.eu\/shop\/night-6-cm-weihnachtskugeln-schwarz-matt\/#primaryimage"},"image":{"@id":"https:\/\/staging.glaswunder.eu\/shop\/night-6-cm-weihnachtskugeln-schwarz-matt\/#primaryimage"},"thumbnailUrl":"https:\/\/staging.glaswunder.eu\/wp-content\/uploads\/2023\/07\/night-6-cm-4262381710923-t.png","datePublished":"2023-08-19T09:24:38+00:00","dateModified":"2026-04-17T07:15:26+00:00","description":"Weihnachtskugeln \u00e1 6 cm in schwarz matt\u2705 aus mundgeblasenem Glas \u2705 von Hand verziert \u2705 in Deutschland hergestellt","breadcrumb":{"@id":"https:\/\/staging.glaswunder.eu\/shop\/night-6-cm-weihnachtskugeln-schwarz-matt\/#breadcrumb"},"inLanguage":"en-US","potentialAction":[{"@type":"ReadAction","target":["https:\/\/staging.glaswunder.eu\/shop\/night-6-cm-weihnachtskugeln-schwarz-matt\/"]}]},{"@type":"ImageObject","inLanguage":"en-US","@id":"https:\/\/staging.glaswunder.eu\/shop\/night-6-cm-weihnachtskugeln-schwarz-matt\/#primaryimage","url":"https:\/\/staging.glaswunder.eu\/wp-content\/uploads\/2023\/07\/night-6-cm-4262381710923-t.png","contentUrl":"https:\/\/staging.glaswunder.eu\/wp-content\/uploads\/2023\/07\/night-6-cm-4262381710923-t.png","width":1920,"height":1920,"caption":"6er Set Christbaumkugeln mit 6cm Durchmesser in schwarz matt in einem schwarzen Naturkarton"},{"@type":"BreadcrumbList","@id":"https:\/\/staging.glaswunder.eu\/shop\/night-6-cm-weihnachtskugeln-schwarz-matt\/#breadcrumb","itemListElement":[{"@type":"ListItem","position":1,"name":"Startseite","item":"https:\/\/staging.glaswunder.eu\/"},{"@type":"ListItem","position":2,"name":"Shop","item":"https:\/\/staging.glaswunder.eu\/shop\/"},{"@type":"ListItem","position":3,"name":"&#8222;night&#8220; &#8211; 6 cm Weihnachtskugeln schwarz matt"}]},{"@type":"WebSite","@id":"https:\/\/staging.glaswunder.eu\/#website","url":"https:\/\/staging.glaswunder.eu\/","name":"Glaswunder","description":"Exklusive Christbaumkugeln, Weihnachtkugeln, Christbaumschmuck und mehr.","publisher":{"@id":"https:\/\/staging.glaswunder.eu\/#organization"},"potentialAction":[{"@type":"SearchAction","target":{"@type":"EntryPoint","urlTemplate":"https:\/\/staging.glaswunder.eu\/?s={search_term_string}"},"query-input":{"@type":"PropertyValueSpecification","valueRequired":true,"valueName":"search_term_string"}}],"inLanguage":"en-US"},{"@type":"Organization","@id":"https:\/\/staging.glaswunder.eu\/#organization","name":"Glaswunder","url":"https:\/\/staging.glaswunder.eu\/","logo":{"@type":"ImageObject","inLanguage":"en-US","@id":"https:\/\/staging.glaswunder.eu\/#\/schema\/logo\/image\/","url":"https:\/\/staging.glaswunder.eu\/wp-content\/uploads\/2023\/02\/GlasWunderLogo.webp","contentUrl":"https:\/\/staging.glaswunder.eu\/wp-content\/uploads\/2023\/02\/GlasWunderLogo.webp","width":500,"height":486,"caption":"Glaswunder"},"image":{"@id":"https:\/\/staging.glaswunder.eu\/#\/schema\/logo\/image\/"}}]}},"_links":{"self":[{"href":"https:\/\/staging.glaswunder.eu\/en\/wp-json\/wp\/v2\/product\/1394","targetHints":{"allow":["GET"]}}],"collection":[{"href":"https:\/\/staging.glaswunder.eu\/en\/wp-json\/wp\/v2\/product"}],"about":[{"href":"https:\/\/staging.glaswunder.eu\/en\/wp-json\/wp\/v2\/types\/product"}],"version-history":[{"count":4,"href":"https:\/\/staging.glaswunder.eu\/en\/wp-json\/wp\/v2\/product\/1394\/revisions"}],"predecessor-version":[{"id":5815,"href":"https:\/\/staging.glaswunder.eu\/en\/wp-json\/wp\/v2\/product\/1394\/revisions\/5815"}],"wp:featuredmedia":[{"embeddable":true,"href":"https:\/\/staging.glaswunder.eu\/en\/wp-json\/wp\/v2\/media\/2142"}],"wp:attachment":[{"href":"https:\/\/staging.glaswunder.eu\/en\/wp-json\/wp\/v2\/media?parent=1394"}],"wp:term":[{"taxonomy":"product_brand","embeddable":true,"href":"https:\/\/staging.glaswunder.eu\/en\/wp-json\/wp\/v2\/product_brand?post=1394"},{"taxonomy":"product_cat","embeddable":true,"href":"https:\/\/staging.glaswunder.eu\/en\/wp-json\/wp\/v2\/product_cat?post=1394"},{"taxonomy":"product_tag","embeddable":true,"href":"https:\/\/staging.glaswunder.eu\/en\/wp-json\/wp\/v2\/product_tag?post=1394"}],"curies":[{"name":"wp","href":"https:\/\/api.w.org\/{rel}","templated":true}]}}