{"id":1395,"date":"2023-08-19T09:25:40","date_gmt":"2023-08-19T09:25:40","guid":{"rendered":"https:\/\/glaswunder.eu\/?post_type=product&#038;p=1395"},"modified":"2026-04-01T21:18:36","modified_gmt":"2026-04-01T19:18:36","slug":"night-8-cm-weihnachtskugeln-schwarz-matt","status":"publish","type":"product","link":"https:\/\/staging.glaswunder.eu\/en\/shop\/night-8-cm-weihnachtskugeln-schwarz-matt\/","title":{"rendered":"&#8222;night&#8220; &#8211; 8 cm Weihnachtskugeln schwarz matt"},"content":{"rendered":"<p>Unser Set &#8211; &#8222;night&#8220; ist sehr au\u00dfergew\u00f6hnlich aber dennoch sehr besonders. Du fragst dich bestimmt, warum sollte ich eine schwarze Weihnachtskugeln mir kaufen wollen ? Ganz einfach &#8211; du kannst sie prima zu deinen Vorteilen nutzen, denn die Farbe hebt super die feinen Konturen hervor, sodass selbst gew\u00f6hnliche Objekte pr\u00e4zise und elegant wirken. Zudem sind sie interessante Eyecatcher in deiner Dekoration, obwohl sie voller Dunkelheit kaum gestoppt werden k\u00f6nnen. Um weiter etwas hinzuf\u00fcgen zu k\u00f6nnen ist ganz klar schwarz eine gute Grundbasis die mit allen perfekt kombiniert werden kann. Es passt n\u00e4mlich zu allen Farben dieser Welt wunderbar und das sogar ganz ohne Ausrede. Also lass deiner Kreative Ader freien Lauf und nutze diesen Vorteil ganz speziell f\u00fcr dich und zaubere etwas neues und ganz verr\u00fccktes damit. Die Weihnachtskugeln sind zum aufh\u00e4ngen. Unser Set besteht aus 3 mundgeblasenen Kugeln aus Glas. Sie sind \u00e1 8 cm gro\u00df, von Hand verziert und in Deutschland hergestellt. Durch ihre hochwertige Verarbeitung sind sie besonders langlebig und Pflegeleicht.<\/p>\n<p>&nbsp;<\/p>","protected":false},"excerpt":{"rendered":"<p>Das &#8222;night&#8220; &#8211; Set besteht aus 3 Glaskugeln in schwarz matt. Die dominante Farbe erzeugt einen wundervollen Kontrast in Kombination mit allen anderen Farben. Die Weihnachtskugeln sind \u00e1 8 cm gro\u00df, aus mundgeblasenem Glas und von Hand verziert.<\/p>","protected":false},"featured_media":2143,"template":"","meta":{"_acf_changed":false},"product_brand":[112],"product_cat":[15,87,39,42],"product_tag":[110,101,106,105,103,107,102],"class_list":{"0":"post-1395","1":"product","2":"type-product","3":"status-publish","4":"has-post-thumbnail","6":"product_brand-glaswunder","7":"product_cat-alle-produkte","8":"product_cat-christbaumschmuck","9":"product_cat-modern-style","10":"product_cat-weihnachtskugeln-8cm","11":"product_tag-christbaumschmuck-aus-deutschland","12":"product_tag-christbaumschmuck","13":"product_tag-edler-weihnachtsschmuck","14":"product_tag-geschenkidee-weihnachten-deko","15":"product_tag-handgemachter-christbaumschmuck","16":"product_tag-nachhaltiger-weihnachtsschmuck","17":"product_tag-weihnachtsschmuck","19":"first","20":"instock","21":"taxable","22":"shipping-taxable","23":"purchasable","24":"product-type-simple"},"acf":[],"yoast_head":"<!-- This site is optimized with the Yoast SEO plugin v27.3 - https:\/\/yoast.com\/product\/yoast-seo-wordpress\/ -->\n<title>&quot;night&quot; - 8 cm Weihnachtskugeln schwarz matt - Glaswunder<\/title>\n<meta name=\"description\" content=\"Weihnachtskugel \u00e1 8 cm in schwarz matt \u2705 von Hand verziert \u2705 aus mundgeblasenem Glas \u2705 in Deutschland hergestellt\" \/>\n<meta name=\"robots\" content=\"noindex, follow, max-snippet:-1, max-image-preview:large, max-video-preview:-1\" \/>\n<meta property=\"og:locale\" content=\"en_US\" \/>\n<meta property=\"og:type\" content=\"article\" \/>\n<meta property=\"og:title\" content=\"&quot;night&quot; - 8 cm Weihnachtskugeln schwarz matt - Glaswunder\" \/>\n<meta property=\"og:description\" content=\"Weihnachtskugel \u00e1 8 cm in schwarz matt \u2705 von Hand verziert \u2705 aus mundgeblasenem Glas \u2705 in Deutschland hergestellt\" \/>\n<meta property=\"og:url\" content=\"https:\/\/staging.glaswunder.eu\/en\/shop\/night-8-cm-weihnachtskugeln-schwarz-matt\/\" \/>\n<meta property=\"og:site_name\" content=\"Glaswunder\" \/>\n<meta property=\"article:modified_time\" content=\"2026-04-01T19:18:36+00:00\" \/>\n<meta property=\"og:image\" content=\"https:\/\/staging.glaswunder.eu\/wp-content\/uploads\/2023\/07\/night-8cm-4262381710930-t.png\" \/>\n\t<meta property=\"og:image:width\" content=\"1920\" \/>\n\t<meta property=\"og:image:height\" content=\"1920\" \/>\n\t<meta property=\"og:image:type\" content=\"image\/png\" \/>\n<meta name=\"twitter:card\" content=\"summary_large_image\" \/>\n<meta name=\"twitter:label1\" content=\"Est. reading time\" \/>\n\t<meta name=\"twitter:data1\" content=\"2 minutes\" \/>\n<script type=\"application\/ld+json\" class=\"yoast-schema-graph\">{\"@context\":\"https:\\\/\\\/schema.org\",\"@graph\":[{\"@type\":\"WebPage\",\"@id\":\"https:\\\/\\\/staging.glaswunder.eu\\\/shop\\\/night-8-cm-weihnachtskugeln-schwarz-matt\\\/\",\"url\":\"https:\\\/\\\/staging.glaswunder.eu\\\/shop\\\/night-8-cm-weihnachtskugeln-schwarz-matt\\\/\",\"name\":\"\\\"night\\\" - 8 cm Weihnachtskugeln schwarz matt - Glaswunder\",\"isPartOf\":{\"@id\":\"https:\\\/\\\/staging.glaswunder.eu\\\/#website\"},\"primaryImageOfPage\":{\"@id\":\"https:\\\/\\\/staging.glaswunder.eu\\\/shop\\\/night-8-cm-weihnachtskugeln-schwarz-matt\\\/#primaryimage\"},\"image\":{\"@id\":\"https:\\\/\\\/staging.glaswunder.eu\\\/shop\\\/night-8-cm-weihnachtskugeln-schwarz-matt\\\/#primaryimage\"},\"thumbnailUrl\":\"https:\\\/\\\/staging.glaswunder.eu\\\/wp-content\\\/uploads\\\/2023\\\/07\\\/night-8cm-4262381710930-t.png\",\"datePublished\":\"2023-08-19T09:25:40+00:00\",\"dateModified\":\"2026-04-01T19:18:36+00:00\",\"description\":\"Weihnachtskugel \u00e1 8 cm in schwarz matt \u2705 von Hand verziert \u2705 aus mundgeblasenem Glas \u2705 in Deutschland hergestellt\",\"breadcrumb\":{\"@id\":\"https:\\\/\\\/staging.glaswunder.eu\\\/shop\\\/night-8-cm-weihnachtskugeln-schwarz-matt\\\/#breadcrumb\"},\"inLanguage\":\"en-US\",\"potentialAction\":[{\"@type\":\"ReadAction\",\"target\":[\"https:\\\/\\\/staging.glaswunder.eu\\\/shop\\\/night-8-cm-weihnachtskugeln-schwarz-matt\\\/\"]}]},{\"@type\":\"ImageObject\",\"inLanguage\":\"en-US\",\"@id\":\"https:\\\/\\\/staging.glaswunder.eu\\\/shop\\\/night-8-cm-weihnachtskugeln-schwarz-matt\\\/#primaryimage\",\"url\":\"https:\\\/\\\/staging.glaswunder.eu\\\/wp-content\\\/uploads\\\/2023\\\/07\\\/night-8cm-4262381710930-t.png\",\"contentUrl\":\"https:\\\/\\\/staging.glaswunder.eu\\\/wp-content\\\/uploads\\\/2023\\\/07\\\/night-8cm-4262381710930-t.png\",\"width\":1920,\"height\":1920,\"caption\":\"3er Set Christbaumkugeln mit 8cm Durchmesser in schwarz matt in einem schwarzen Seidentuch\"},{\"@type\":\"BreadcrumbList\",\"@id\":\"https:\\\/\\\/staging.glaswunder.eu\\\/shop\\\/night-8-cm-weihnachtskugeln-schwarz-matt\\\/#breadcrumb\",\"itemListElement\":[{\"@type\":\"ListItem\",\"position\":1,\"name\":\"Startseite\",\"item\":\"https:\\\/\\\/staging.glaswunder.eu\\\/\"},{\"@type\":\"ListItem\",\"position\":2,\"name\":\"Shop\",\"item\":\"https:\\\/\\\/staging.glaswunder.eu\\\/shop\\\/\"},{\"@type\":\"ListItem\",\"position\":3,\"name\":\"&#8222;night&#8220; &#8211; 8 cm Weihnachtskugeln schwarz matt\"}]},{\"@type\":\"WebSite\",\"@id\":\"https:\\\/\\\/staging.glaswunder.eu\\\/#website\",\"url\":\"https:\\\/\\\/staging.glaswunder.eu\\\/\",\"name\":\"Glaswunder\",\"description\":\"Exklusive Christbaumkugeln, Weihnachtkugeln, Christbaumschmuck und mehr.\",\"publisher\":{\"@id\":\"https:\\\/\\\/staging.glaswunder.eu\\\/#organization\"},\"potentialAction\":[{\"@type\":\"SearchAction\",\"target\":{\"@type\":\"EntryPoint\",\"urlTemplate\":\"https:\\\/\\\/staging.glaswunder.eu\\\/?s={search_term_string}\"},\"query-input\":{\"@type\":\"PropertyValueSpecification\",\"valueRequired\":true,\"valueName\":\"search_term_string\"}}],\"inLanguage\":\"en-US\"},{\"@type\":\"Organization\",\"@id\":\"https:\\\/\\\/staging.glaswunder.eu\\\/#organization\",\"name\":\"Glaswunder\",\"url\":\"https:\\\/\\\/staging.glaswunder.eu\\\/\",\"logo\":{\"@type\":\"ImageObject\",\"inLanguage\":\"en-US\",\"@id\":\"https:\\\/\\\/staging.glaswunder.eu\\\/#\\\/schema\\\/logo\\\/image\\\/\",\"url\":\"https:\\\/\\\/staging.glaswunder.eu\\\/wp-content\\\/uploads\\\/2023\\\/02\\\/GlasWunderLogo.webp\",\"contentUrl\":\"https:\\\/\\\/staging.glaswunder.eu\\\/wp-content\\\/uploads\\\/2023\\\/02\\\/GlasWunderLogo.webp\",\"width\":500,\"height\":486,\"caption\":\"Glaswunder\"},\"image\":{\"@id\":\"https:\\\/\\\/staging.glaswunder.eu\\\/#\\\/schema\\\/logo\\\/image\\\/\"}}]}<\/script>\n<!-- \/ Yoast SEO plugin. -->","yoast_head_json":{"title":"\"night\" - 8 cm Weihnachtskugeln schwarz matt - Glaswunder","description":"Weihnachtskugel \u00e1 8 cm in schwarz matt \u2705 von Hand verziert \u2705 aus mundgeblasenem Glas \u2705 in Deutschland hergestellt","robots":{"index":"noindex","follow":"follow","max-snippet":"max-snippet:-1","max-image-preview":"max-image-preview:large","max-video-preview":"max-video-preview:-1"},"og_locale":"en_US","og_type":"article","og_title":"\"night\" - 8 cm Weihnachtskugeln schwarz matt - Glaswunder","og_description":"Weihnachtskugel \u00e1 8 cm in schwarz matt \u2705 von Hand verziert \u2705 aus mundgeblasenem Glas \u2705 in Deutschland hergestellt","og_url":"https:\/\/staging.glaswunder.eu\/en\/shop\/night-8-cm-weihnachtskugeln-schwarz-matt\/","og_site_name":"Glaswunder","article_modified_time":"2026-04-01T19:18:36+00:00","og_image":[{"width":1920,"height":1920,"url":"https:\/\/staging.glaswunder.eu\/wp-content\/uploads\/2023\/07\/night-8cm-4262381710930-t.png","type":"image\/png"}],"twitter_card":"summary_large_image","twitter_misc":{"Est. reading time":"2 minutes"},"schema":{"@context":"https:\/\/schema.org","@graph":[{"@type":"WebPage","@id":"https:\/\/staging.glaswunder.eu\/shop\/night-8-cm-weihnachtskugeln-schwarz-matt\/","url":"https:\/\/staging.glaswunder.eu\/shop\/night-8-cm-weihnachtskugeln-schwarz-matt\/","name":"\"night\" - 8 cm Weihnachtskugeln schwarz matt - Glaswunder","isPartOf":{"@id":"https:\/\/staging.glaswunder.eu\/#website"},"primaryImageOfPage":{"@id":"https:\/\/staging.glaswunder.eu\/shop\/night-8-cm-weihnachtskugeln-schwarz-matt\/#primaryimage"},"image":{"@id":"https:\/\/staging.glaswunder.eu\/shop\/night-8-cm-weihnachtskugeln-schwarz-matt\/#primaryimage"},"thumbnailUrl":"https:\/\/staging.glaswunder.eu\/wp-content\/uploads\/2023\/07\/night-8cm-4262381710930-t.png","datePublished":"2023-08-19T09:25:40+00:00","dateModified":"2026-04-01T19:18:36+00:00","description":"Weihnachtskugel \u00e1 8 cm in schwarz matt \u2705 von Hand verziert \u2705 aus mundgeblasenem Glas \u2705 in Deutschland hergestellt","breadcrumb":{"@id":"https:\/\/staging.glaswunder.eu\/shop\/night-8-cm-weihnachtskugeln-schwarz-matt\/#breadcrumb"},"inLanguage":"en-US","potentialAction":[{"@type":"ReadAction","target":["https:\/\/staging.glaswunder.eu\/shop\/night-8-cm-weihnachtskugeln-schwarz-matt\/"]}]},{"@type":"ImageObject","inLanguage":"en-US","@id":"https:\/\/staging.glaswunder.eu\/shop\/night-8-cm-weihnachtskugeln-schwarz-matt\/#primaryimage","url":"https:\/\/staging.glaswunder.eu\/wp-content\/uploads\/2023\/07\/night-8cm-4262381710930-t.png","contentUrl":"https:\/\/staging.glaswunder.eu\/wp-content\/uploads\/2023\/07\/night-8cm-4262381710930-t.png","width":1920,"height":1920,"caption":"3er Set Christbaumkugeln mit 8cm Durchmesser in schwarz matt in einem schwarzen Seidentuch"},{"@type":"BreadcrumbList","@id":"https:\/\/staging.glaswunder.eu\/shop\/night-8-cm-weihnachtskugeln-schwarz-matt\/#breadcrumb","itemListElement":[{"@type":"ListItem","position":1,"name":"Startseite","item":"https:\/\/staging.glaswunder.eu\/"},{"@type":"ListItem","position":2,"name":"Shop","item":"https:\/\/staging.glaswunder.eu\/shop\/"},{"@type":"ListItem","position":3,"name":"&#8222;night&#8220; &#8211; 8 cm Weihnachtskugeln schwarz matt"}]},{"@type":"WebSite","@id":"https:\/\/staging.glaswunder.eu\/#website","url":"https:\/\/staging.glaswunder.eu\/","name":"Glaswunder","description":"Exklusive Christbaumkugeln, Weihnachtkugeln, Christbaumschmuck und mehr.","publisher":{"@id":"https:\/\/staging.glaswunder.eu\/#organization"},"potentialAction":[{"@type":"SearchAction","target":{"@type":"EntryPoint","urlTemplate":"https:\/\/staging.glaswunder.eu\/?s={search_term_string}"},"query-input":{"@type":"PropertyValueSpecification","valueRequired":true,"valueName":"search_term_string"}}],"inLanguage":"en-US"},{"@type":"Organization","@id":"https:\/\/staging.glaswunder.eu\/#organization","name":"Glaswunder","url":"https:\/\/staging.glaswunder.eu\/","logo":{"@type":"ImageObject","inLanguage":"en-US","@id":"https:\/\/staging.glaswunder.eu\/#\/schema\/logo\/image\/","url":"https:\/\/staging.glaswunder.eu\/wp-content\/uploads\/2023\/02\/GlasWunderLogo.webp","contentUrl":"https:\/\/staging.glaswunder.eu\/wp-content\/uploads\/2023\/02\/GlasWunderLogo.webp","width":500,"height":486,"caption":"Glaswunder"},"image":{"@id":"https:\/\/staging.glaswunder.eu\/#\/schema\/logo\/image\/"}}]}},"_links":{"self":[{"href":"https:\/\/staging.glaswunder.eu\/en\/wp-json\/wp\/v2\/product\/1395","targetHints":{"allow":["GET"]}}],"collection":[{"href":"https:\/\/staging.glaswunder.eu\/en\/wp-json\/wp\/v2\/product"}],"about":[{"href":"https:\/\/staging.glaswunder.eu\/en\/wp-json\/wp\/v2\/types\/product"}],"version-history":[{"count":4,"href":"https:\/\/staging.glaswunder.eu\/en\/wp-json\/wp\/v2\/product\/1395\/revisions"}],"predecessor-version":[{"id":5807,"href":"https:\/\/staging.glaswunder.eu\/en\/wp-json\/wp\/v2\/product\/1395\/revisions\/5807"}],"wp:featuredmedia":[{"embeddable":true,"href":"https:\/\/staging.glaswunder.eu\/en\/wp-json\/wp\/v2\/media\/2143"}],"wp:attachment":[{"href":"https:\/\/staging.glaswunder.eu\/en\/wp-json\/wp\/v2\/media?parent=1395"}],"wp:term":[{"taxonomy":"product_brand","embeddable":true,"href":"https:\/\/staging.glaswunder.eu\/en\/wp-json\/wp\/v2\/product_brand?post=1395"},{"taxonomy":"product_cat","embeddable":true,"href":"https:\/\/staging.glaswunder.eu\/en\/wp-json\/wp\/v2\/product_cat?post=1395"},{"taxonomy":"product_tag","embeddable":true,"href":"https:\/\/staging.glaswunder.eu\/en\/wp-json\/wp\/v2\/product_tag?post=1395"}],"curies":[{"name":"wp","href":"https:\/\/api.w.org\/{rel}","templated":true}]}}