{"id":1398,"date":"2023-08-19T09:24:36","date_gmt":"2023-08-19T09:24:36","guid":{"rendered":"https:\/\/glaswunder.eu\/?post_type=product&#038;p=1398"},"modified":"2026-04-17T11:32:38","modified_gmt":"2026-04-17T09:32:38","slug":"christmas-flower-black-6-cm-weihnachtskugeln-schwarz-matt","status":"publish","type":"product","link":"https:\/\/staging.glaswunder.eu\/en\/shop\/christmas-flower-black-6-cm-weihnachtskugeln-schwarz-matt\/","title":{"rendered":"&#8222;christmas flower black&#8220; &#8211; 6 cm Weihnachtskugeln schwarz matt"},"content":{"rendered":"<p>Das &#8222;christmas flower black&#8220; &#8211; Set ist ein echter Hingucker. Mit einem verzierten Weihnachtsstern in gold und mit goldenem Glitter veredelt, strahlt dieses Kugelset in tief mattem schwarz. Die moderne Christbaumkugel kann dich in ein anderes Universum verzaubern. Der ausdrucksstarke Weihnachtsstern ist eine stets bekannte Pflanze. Er l\u00e4sst in der Advents- und Weihnachtszeit dein Wohnzimmer stimmungsvoll in seinen klassischen Farben in rot, wei\u00df, rosa oder zweifarbig, mit seinen attraktiven Hochbl\u00e4ttern begeistern. Die Elegante schwarze Weihnachtskugel aus Glas ist zeitlos, aber dennoch sehr kraftvoll und edel. Man kann sie wunderbar mit verschiedensten Varianten kombinieren. Sei es klassisch und schlicht oder doch ein wenig verr\u00fcckter. Unser &#8222;Christmas Flower Black&#8220; &#8211; Set besteht aus 6 mundgeblasenen Kugeln aus Glas und sind \u00e1 6 cm gro\u00df. Ebenso sind unsere Weihnachtskugeln von Hand verziert und in Deutschland hergestellt.<\/p>\n<p>Um deinen Tannenbaum prima in Szene zu setzen, kannst du hier unsere Modern Style Kollektion erg\u00e4nzen, um es schlicht zu halten. Wenn du es stattdessen etwas ausgefallener m\u00f6chtest, dann kannst du deinen Baum auch mit dem &#8222;<a href=\"https:\/\/staging.glaswunder.eu\/en\/shop\/duke-and-duchess-6cm\/\">duke and duchess<\/a>&#8220; &#8211; Set oder unseren &#8222;V\u00f6gelchen&#8220; &#8211; Sets kombinieren.<\/p>\n<p>&nbsp;<\/p>\n<p>&nbsp;<\/p>\n<p>&nbsp;<\/p>\n<p>&nbsp;<\/p>","protected":false},"excerpt":{"rendered":"<p>Das &#8222;christmas flower black&#8220; &#8211; Set besteht aus 6 Glaskugeln in schwarz matt mit einem Hand verzierten Weihnachtsstern. Sie lassen deinen Weihnachtsbaum wie ein funkelndes Universum erleuchten. Die Weihnachtskugeln sind 6 cm gro\u00df und aus mundgeblasenem Glas.<\/p>","protected":false},"featured_media":2126,"template":"","meta":{"_acf_changed":false},"product_brand":[112],"product_cat":[15,87,39,41],"product_tag":[110,101,106,105,103,107,102],"class_list":{"0":"post-1398","1":"product","2":"type-product","3":"status-publish","4":"has-post-thumbnail","6":"product_brand-glaswunder","7":"product_cat-alle-produkte","8":"product_cat-christbaumschmuck","9":"product_cat-modern-style","10":"product_cat-weihnachtskugeln-6cm","11":"product_tag-christbaumschmuck-aus-deutschland","12":"product_tag-christbaumschmuck","13":"product_tag-edler-weihnachtsschmuck","14":"product_tag-geschenkidee-weihnachten-deko","15":"product_tag-handgemachter-christbaumschmuck","16":"product_tag-nachhaltiger-weihnachtsschmuck","17":"product_tag-weihnachtsschmuck","19":"first","20":"outofstock","21":"taxable","22":"shipping-taxable","23":"purchasable","24":"product-type-simple"},"acf":[],"yoast_head":"<!-- This site is optimized with the Yoast SEO plugin v27.3 - https:\/\/yoast.com\/product\/yoast-seo-wordpress\/ -->\n<title>&quot;christmas flower black&quot; - 6 cm Weihnachtskugeln schwarz matt - Glaswunder<\/title>\n<meta name=\"description\" content=\"Weihnachtskugeln \u00e1 6 cm in schwarz matt \u2705 mit Hand verzierten Weihnachtsstern \u2705 aus mundgeblasenem Glas \u2705 in Deutschland produziert\" \/>\n<meta name=\"robots\" content=\"noindex, follow, max-snippet:-1, max-image-preview:large, max-video-preview:-1\" \/>\n<meta property=\"og:locale\" content=\"en_US\" \/>\n<meta property=\"og:type\" content=\"article\" \/>\n<meta property=\"og:title\" content=\"&quot;christmas flower black&quot; - 6 cm Weihnachtskugeln schwarz matt - Glaswunder\" \/>\n<meta property=\"og:description\" content=\"Weihnachtskugeln \u00e1 6 cm in schwarz matt \u2705 mit Hand verzierten Weihnachtsstern \u2705 aus mundgeblasenem Glas \u2705 in Deutschland produziert\" \/>\n<meta property=\"og:url\" content=\"https:\/\/staging.glaswunder.eu\/en\/shop\/christmas-flower-black-6-cm-weihnachtskugeln-schwarz-matt\/\" \/>\n<meta property=\"og:site_name\" content=\"Glaswunder\" \/>\n<meta property=\"article:modified_time\" content=\"2026-04-17T09:32:38+00:00\" \/>\n<meta property=\"og:image\" content=\"https:\/\/staging.glaswunder.eu\/wp-content\/uploads\/2023\/07\/christmas-flower-black-6cm-4262381710947-t-773x773.png\" \/>\n\t<meta property=\"og:image:width\" content=\"773\" \/>\n\t<meta property=\"og:image:height\" content=\"773\" \/>\n\t<meta property=\"og:image:type\" content=\"image\/png\" \/>\n<meta name=\"twitter:card\" content=\"summary_large_image\" \/>\n<meta name=\"twitter:label1\" content=\"Est. reading time\" \/>\n\t<meta name=\"twitter:data1\" content=\"2 minutes\" \/>\n<script type=\"application\/ld+json\" class=\"yoast-schema-graph\">{\"@context\":\"https:\\\/\\\/schema.org\",\"@graph\":[{\"@type\":\"WebPage\",\"@id\":\"https:\\\/\\\/staging.glaswunder.eu\\\/shop\\\/christmas-flower-black-6-cm-weihnachtskugeln-schwarz-matt\\\/\",\"url\":\"https:\\\/\\\/staging.glaswunder.eu\\\/shop\\\/christmas-flower-black-6-cm-weihnachtskugeln-schwarz-matt\\\/\",\"name\":\"\\\"christmas flower black\\\" - 6 cm Weihnachtskugeln schwarz matt - Glaswunder\",\"isPartOf\":{\"@id\":\"https:\\\/\\\/staging.glaswunder.eu\\\/#website\"},\"primaryImageOfPage\":{\"@id\":\"https:\\\/\\\/staging.glaswunder.eu\\\/shop\\\/christmas-flower-black-6-cm-weihnachtskugeln-schwarz-matt\\\/#primaryimage\"},\"image\":{\"@id\":\"https:\\\/\\\/staging.glaswunder.eu\\\/shop\\\/christmas-flower-black-6-cm-weihnachtskugeln-schwarz-matt\\\/#primaryimage\"},\"thumbnailUrl\":\"https:\\\/\\\/staging.glaswunder.eu\\\/wp-content\\\/uploads\\\/2023\\\/07\\\/christmas-flower-black-6cm-4262381710947-t.png\",\"datePublished\":\"2023-08-19T09:24:36+00:00\",\"dateModified\":\"2026-04-17T09:32:38+00:00\",\"description\":\"Weihnachtskugeln \u00e1 6 cm in schwarz matt \u2705 mit Hand verzierten Weihnachtsstern \u2705 aus mundgeblasenem Glas \u2705 in Deutschland produziert\",\"breadcrumb\":{\"@id\":\"https:\\\/\\\/staging.glaswunder.eu\\\/shop\\\/christmas-flower-black-6-cm-weihnachtskugeln-schwarz-matt\\\/#breadcrumb\"},\"inLanguage\":\"en-US\",\"potentialAction\":[{\"@type\":\"ReadAction\",\"target\":[\"https:\\\/\\\/staging.glaswunder.eu\\\/shop\\\/christmas-flower-black-6-cm-weihnachtskugeln-schwarz-matt\\\/\"]}]},{\"@type\":\"ImageObject\",\"inLanguage\":\"en-US\",\"@id\":\"https:\\\/\\\/staging.glaswunder.eu\\\/shop\\\/christmas-flower-black-6-cm-weihnachtskugeln-schwarz-matt\\\/#primaryimage\",\"url\":\"https:\\\/\\\/staging.glaswunder.eu\\\/wp-content\\\/uploads\\\/2023\\\/07\\\/christmas-flower-black-6cm-4262381710947-t.png\",\"contentUrl\":\"https:\\\/\\\/staging.glaswunder.eu\\\/wp-content\\\/uploads\\\/2023\\\/07\\\/christmas-flower-black-6cm-4262381710947-t.png\",\"width\":1920,\"height\":1920,\"caption\":\"6er Set Weihnachtskugeln aus Glas mit 6cm Durchmesser in schwarz matt mit Weihnachtssternmuster in schwarzem Naturkarton\"},{\"@type\":\"BreadcrumbList\",\"@id\":\"https:\\\/\\\/staging.glaswunder.eu\\\/shop\\\/christmas-flower-black-6-cm-weihnachtskugeln-schwarz-matt\\\/#breadcrumb\",\"itemListElement\":[{\"@type\":\"ListItem\",\"position\":1,\"name\":\"Startseite\",\"item\":\"https:\\\/\\\/staging.glaswunder.eu\\\/\"},{\"@type\":\"ListItem\",\"position\":2,\"name\":\"Shop\",\"item\":\"https:\\\/\\\/staging.glaswunder.eu\\\/shop\\\/\"},{\"@type\":\"ListItem\",\"position\":3,\"name\":\"&#8222;christmas flower black&#8220; &#8211; 6 cm Weihnachtskugeln schwarz matt\"}]},{\"@type\":\"WebSite\",\"@id\":\"https:\\\/\\\/staging.glaswunder.eu\\\/#website\",\"url\":\"https:\\\/\\\/staging.glaswunder.eu\\\/\",\"name\":\"Glaswunder\",\"description\":\"Exklusive Christbaumkugeln, Weihnachtkugeln, Christbaumschmuck und mehr.\",\"publisher\":{\"@id\":\"https:\\\/\\\/staging.glaswunder.eu\\\/#organization\"},\"potentialAction\":[{\"@type\":\"SearchAction\",\"target\":{\"@type\":\"EntryPoint\",\"urlTemplate\":\"https:\\\/\\\/staging.glaswunder.eu\\\/?s={search_term_string}\"},\"query-input\":{\"@type\":\"PropertyValueSpecification\",\"valueRequired\":true,\"valueName\":\"search_term_string\"}}],\"inLanguage\":\"en-US\"},{\"@type\":\"Organization\",\"@id\":\"https:\\\/\\\/staging.glaswunder.eu\\\/#organization\",\"name\":\"Glaswunder\",\"url\":\"https:\\\/\\\/staging.glaswunder.eu\\\/\",\"logo\":{\"@type\":\"ImageObject\",\"inLanguage\":\"en-US\",\"@id\":\"https:\\\/\\\/staging.glaswunder.eu\\\/#\\\/schema\\\/logo\\\/image\\\/\",\"url\":\"https:\\\/\\\/staging.glaswunder.eu\\\/wp-content\\\/uploads\\\/2023\\\/02\\\/GlasWunderLogo.webp\",\"contentUrl\":\"https:\\\/\\\/staging.glaswunder.eu\\\/wp-content\\\/uploads\\\/2023\\\/02\\\/GlasWunderLogo.webp\",\"width\":500,\"height\":486,\"caption\":\"Glaswunder\"},\"image\":{\"@id\":\"https:\\\/\\\/staging.glaswunder.eu\\\/#\\\/schema\\\/logo\\\/image\\\/\"}}]}<\/script>\n<!-- \/ Yoast SEO plugin. -->","yoast_head_json":{"title":"\"christmas flower black\" - 6 cm Weihnachtskugeln schwarz matt - Glaswunder","description":"Weihnachtskugeln \u00e1 6 cm in schwarz matt \u2705 mit Hand verzierten Weihnachtsstern \u2705 aus mundgeblasenem Glas \u2705 in Deutschland produziert","robots":{"index":"noindex","follow":"follow","max-snippet":"max-snippet:-1","max-image-preview":"max-image-preview:large","max-video-preview":"max-video-preview:-1"},"og_locale":"en_US","og_type":"article","og_title":"\"christmas flower black\" - 6 cm Weihnachtskugeln schwarz matt - Glaswunder","og_description":"Weihnachtskugeln \u00e1 6 cm in schwarz matt \u2705 mit Hand verzierten Weihnachtsstern \u2705 aus mundgeblasenem Glas \u2705 in Deutschland produziert","og_url":"https:\/\/staging.glaswunder.eu\/en\/shop\/christmas-flower-black-6-cm-weihnachtskugeln-schwarz-matt\/","og_site_name":"Glaswunder","article_modified_time":"2026-04-17T09:32:38+00:00","og_image":[{"width":773,"height":773,"url":"https:\/\/staging.glaswunder.eu\/wp-content\/uploads\/2023\/07\/christmas-flower-black-6cm-4262381710947-t-773x773.png","type":"image\/png"}],"twitter_card":"summary_large_image","twitter_misc":{"Est. reading time":"2 minutes"},"schema":{"@context":"https:\/\/schema.org","@graph":[{"@type":"WebPage","@id":"https:\/\/staging.glaswunder.eu\/shop\/christmas-flower-black-6-cm-weihnachtskugeln-schwarz-matt\/","url":"https:\/\/staging.glaswunder.eu\/shop\/christmas-flower-black-6-cm-weihnachtskugeln-schwarz-matt\/","name":"\"christmas flower black\" - 6 cm Weihnachtskugeln schwarz matt - Glaswunder","isPartOf":{"@id":"https:\/\/staging.glaswunder.eu\/#website"},"primaryImageOfPage":{"@id":"https:\/\/staging.glaswunder.eu\/shop\/christmas-flower-black-6-cm-weihnachtskugeln-schwarz-matt\/#primaryimage"},"image":{"@id":"https:\/\/staging.glaswunder.eu\/shop\/christmas-flower-black-6-cm-weihnachtskugeln-schwarz-matt\/#primaryimage"},"thumbnailUrl":"https:\/\/staging.glaswunder.eu\/wp-content\/uploads\/2023\/07\/christmas-flower-black-6cm-4262381710947-t.png","datePublished":"2023-08-19T09:24:36+00:00","dateModified":"2026-04-17T09:32:38+00:00","description":"Weihnachtskugeln \u00e1 6 cm in schwarz matt \u2705 mit Hand verzierten Weihnachtsstern \u2705 aus mundgeblasenem Glas \u2705 in Deutschland produziert","breadcrumb":{"@id":"https:\/\/staging.glaswunder.eu\/shop\/christmas-flower-black-6-cm-weihnachtskugeln-schwarz-matt\/#breadcrumb"},"inLanguage":"en-US","potentialAction":[{"@type":"ReadAction","target":["https:\/\/staging.glaswunder.eu\/shop\/christmas-flower-black-6-cm-weihnachtskugeln-schwarz-matt\/"]}]},{"@type":"ImageObject","inLanguage":"en-US","@id":"https:\/\/staging.glaswunder.eu\/shop\/christmas-flower-black-6-cm-weihnachtskugeln-schwarz-matt\/#primaryimage","url":"https:\/\/staging.glaswunder.eu\/wp-content\/uploads\/2023\/07\/christmas-flower-black-6cm-4262381710947-t.png","contentUrl":"https:\/\/staging.glaswunder.eu\/wp-content\/uploads\/2023\/07\/christmas-flower-black-6cm-4262381710947-t.png","width":1920,"height":1920,"caption":"6er Set Weihnachtskugeln aus Glas mit 6cm Durchmesser in schwarz matt mit Weihnachtssternmuster in schwarzem Naturkarton"},{"@type":"BreadcrumbList","@id":"https:\/\/staging.glaswunder.eu\/shop\/christmas-flower-black-6-cm-weihnachtskugeln-schwarz-matt\/#breadcrumb","itemListElement":[{"@type":"ListItem","position":1,"name":"Startseite","item":"https:\/\/staging.glaswunder.eu\/"},{"@type":"ListItem","position":2,"name":"Shop","item":"https:\/\/staging.glaswunder.eu\/shop\/"},{"@type":"ListItem","position":3,"name":"&#8222;christmas flower black&#8220; &#8211; 6 cm Weihnachtskugeln schwarz matt"}]},{"@type":"WebSite","@id":"https:\/\/staging.glaswunder.eu\/#website","url":"https:\/\/staging.glaswunder.eu\/","name":"Glaswunder","description":"Exklusive Christbaumkugeln, Weihnachtkugeln, Christbaumschmuck und mehr.","publisher":{"@id":"https:\/\/staging.glaswunder.eu\/#organization"},"potentialAction":[{"@type":"SearchAction","target":{"@type":"EntryPoint","urlTemplate":"https:\/\/staging.glaswunder.eu\/?s={search_term_string}"},"query-input":{"@type":"PropertyValueSpecification","valueRequired":true,"valueName":"search_term_string"}}],"inLanguage":"en-US"},{"@type":"Organization","@id":"https:\/\/staging.glaswunder.eu\/#organization","name":"Glaswunder","url":"https:\/\/staging.glaswunder.eu\/","logo":{"@type":"ImageObject","inLanguage":"en-US","@id":"https:\/\/staging.glaswunder.eu\/#\/schema\/logo\/image\/","url":"https:\/\/staging.glaswunder.eu\/wp-content\/uploads\/2023\/02\/GlasWunderLogo.webp","contentUrl":"https:\/\/staging.glaswunder.eu\/wp-content\/uploads\/2023\/02\/GlasWunderLogo.webp","width":500,"height":486,"caption":"Glaswunder"},"image":{"@id":"https:\/\/staging.glaswunder.eu\/#\/schema\/logo\/image\/"}}]}},"_links":{"self":[{"href":"https:\/\/staging.glaswunder.eu\/en\/wp-json\/wp\/v2\/product\/1398","targetHints":{"allow":["GET"]}}],"collection":[{"href":"https:\/\/staging.glaswunder.eu\/en\/wp-json\/wp\/v2\/product"}],"about":[{"href":"https:\/\/staging.glaswunder.eu\/en\/wp-json\/wp\/v2\/types\/product"}],"version-history":[{"count":5,"href":"https:\/\/staging.glaswunder.eu\/en\/wp-json\/wp\/v2\/product\/1398\/revisions"}],"predecessor-version":[{"id":5813,"href":"https:\/\/staging.glaswunder.eu\/en\/wp-json\/wp\/v2\/product\/1398\/revisions\/5813"}],"wp:featuredmedia":[{"embeddable":true,"href":"https:\/\/staging.glaswunder.eu\/en\/wp-json\/wp\/v2\/media\/2126"}],"wp:attachment":[{"href":"https:\/\/staging.glaswunder.eu\/en\/wp-json\/wp\/v2\/media?parent=1398"}],"wp:term":[{"taxonomy":"product_brand","embeddable":true,"href":"https:\/\/staging.glaswunder.eu\/en\/wp-json\/wp\/v2\/product_brand?post=1398"},{"taxonomy":"product_cat","embeddable":true,"href":"https:\/\/staging.glaswunder.eu\/en\/wp-json\/wp\/v2\/product_cat?post=1398"},{"taxonomy":"product_tag","embeddable":true,"href":"https:\/\/staging.glaswunder.eu\/en\/wp-json\/wp\/v2\/product_tag?post=1398"}],"curies":[{"name":"wp","href":"https:\/\/api.w.org\/{rel}","templated":true}]}}