{"id":1401,"date":"2023-08-19T09:24:37","date_gmt":"2023-08-19T09:24:37","guid":{"rendered":"https:\/\/glaswunder.eu\/?post_type=product&#038;p=1401"},"modified":"2026-04-01T21:13:55","modified_gmt":"2026-04-01T19:13:55","slug":"love-is-love-6-cm-weihnachtskugeln-regenbogenfarben","status":"publish","type":"product","link":"https:\/\/staging.glaswunder.eu\/en\/shop\/love-is-love-6-cm-weihnachtskugeln-regenbogenfarben\/","title":{"rendered":"&#8222;love is love&#8220; &#8211; 6 cm Weihnachtskugeln Regenbogenfarben"},"content":{"rendered":"<p>Das Leben treibt es manchmal ganz sch\u00f6n bunt! Unser &#8222;Love is Love&#8220; &#8211; Set haben wir aus den 6 Regenbogenfarben f\u00fcr dich zusammen gestellt. Jede Weihnachtskugel aus Glas repr\u00e4sentiert einen Aspekt der Gemeinschaft. Rot steht f\u00fcr das Leben, Orange f\u00fcr die Gesundheit, Gelb soll an die Sonne erinnern, Gr\u00fcn an die Natur, Blau gilt als Farbe f\u00fcr den Frieden und mit Violett wird der Geist wiedergegeben. Der Regenbogen gilt als Symbol f\u00fcr Harmonie, Ganzheitlichkeit, Naturschutz oder als Zeichen der Verbindung zwischen Himmel und Erde. Alle Eigenschaften der Farben und dem Regenbogen sind so individuell, das wir sie an deinem Weihnachtsbaum in Szene setzen m\u00f6chten. Sie sind sehr modern und tragen eine gro\u00dfe Vielfalt. Lass dich leiten und schm\u00fccke deinen Weihnachtsbaum ganz nach deinem Geschmack. Unser &#8220; Love is Love&#8220; &#8211; Set besteht aus 6 Kugeln \u00e1 6 cm. Sie sind aus mundgeblasenem Glas gefertigt, von Hand verziert und in Deutschland hergestellt. Die Weihnachtskugeln sind farblich so individuell, wie jeder einzelne Mensch und jedes Fest.<\/p>","protected":false},"excerpt":{"rendered":"<p>Das &#8222;love is love&#8220; &#8211; Set besteht aus 6 regenbogenfarbenen Glaskugeln. Die bunten Farben symbolisieren ihre Vielfalt der Lebens- und Liebesform. Die Weihnachtskugeln sind \u00e1 6 cm gro\u00df, aus mundgeblasenem Glas und von Hand verziert.<\/p>","protected":false},"featured_media":3023,"template":"","meta":{"_acf_changed":false},"product_brand":[112],"product_cat":[15,87,39,41],"product_tag":[110,101,106,105,103,107,102],"class_list":{"0":"post-1401","1":"product","2":"type-product","3":"status-publish","4":"has-post-thumbnail","6":"product_brand-glaswunder","7":"product_cat-alle-produkte","8":"product_cat-christbaumschmuck","9":"product_cat-modern-style","10":"product_cat-weihnachtskugeln-6cm","11":"product_tag-christbaumschmuck-aus-deutschland","12":"product_tag-christbaumschmuck","13":"product_tag-edler-weihnachtsschmuck","14":"product_tag-geschenkidee-weihnachten-deko","15":"product_tag-handgemachter-christbaumschmuck","16":"product_tag-nachhaltiger-weihnachtsschmuck","17":"product_tag-weihnachtsschmuck","19":"first","20":"instock","21":"taxable","22":"shipping-taxable","23":"purchasable","24":"product-type-simple"},"acf":[],"yoast_head":"<!-- This site is optimized with the Yoast SEO plugin v27.3 - https:\/\/yoast.com\/product\/yoast-seo-wordpress\/ -->\n<title>&quot;love is love&quot; - 6 cm Weihnachtskugeln Regenbogenfarben - Glaswunder<\/title>\n<meta name=\"description\" content=\"Weihnachtskugeln \u00e1 6 cm in regenbogenfarben \u2705 aus mundgeblasenem Glas \u2705 von Hand verziert \u2705 in Deutschland hergestellt\" \/>\n<meta name=\"robots\" content=\"noindex, follow, max-snippet:-1, max-image-preview:large, max-video-preview:-1\" \/>\n<meta property=\"og:locale\" content=\"en_US\" \/>\n<meta property=\"og:type\" content=\"article\" \/>\n<meta property=\"og:title\" content=\"&quot;love is love&quot; - 6 cm Weihnachtskugeln Regenbogenfarben - Glaswunder\" \/>\n<meta property=\"og:description\" content=\"Weihnachtskugeln \u00e1 6 cm in regenbogenfarben \u2705 aus mundgeblasenem Glas \u2705 von Hand verziert \u2705 in Deutschland hergestellt\" \/>\n<meta property=\"og:url\" content=\"https:\/\/staging.glaswunder.eu\/en\/shop\/love-is-love-6-cm-weihnachtskugeln-regenbogenfarben\/\" \/>\n<meta property=\"og:site_name\" content=\"Glaswunder\" \/>\n<meta property=\"article:modified_time\" content=\"2026-04-01T19:13:55+00:00\" \/>\n<meta property=\"og:image\" content=\"https:\/\/staging.glaswunder.eu\/wp-content\/uploads\/2023\/08\/love-is-love-6cm-4262381711142-1.png\" \/>\n\t<meta property=\"og:image:width\" content=\"1500\" \/>\n\t<meta property=\"og:image:height\" content=\"1500\" \/>\n\t<meta property=\"og:image:type\" content=\"image\/png\" \/>\n<meta name=\"twitter:card\" content=\"summary_large_image\" \/>\n<meta name=\"twitter:label1\" content=\"Est. reading time\" \/>\n\t<meta name=\"twitter:data1\" content=\"2 minutes\" \/>\n<script type=\"application\/ld+json\" class=\"yoast-schema-graph\">{\"@context\":\"https:\\\/\\\/schema.org\",\"@graph\":[{\"@type\":\"WebPage\",\"@id\":\"https:\\\/\\\/staging.glaswunder.eu\\\/shop\\\/love-is-love-6-cm-weihnachtskugeln-regenbogenfarben\\\/\",\"url\":\"https:\\\/\\\/staging.glaswunder.eu\\\/shop\\\/love-is-love-6-cm-weihnachtskugeln-regenbogenfarben\\\/\",\"name\":\"\\\"love is love\\\" - 6 cm Weihnachtskugeln Regenbogenfarben - Glaswunder\",\"isPartOf\":{\"@id\":\"https:\\\/\\\/staging.glaswunder.eu\\\/#website\"},\"primaryImageOfPage\":{\"@id\":\"https:\\\/\\\/staging.glaswunder.eu\\\/shop\\\/love-is-love-6-cm-weihnachtskugeln-regenbogenfarben\\\/#primaryimage\"},\"image\":{\"@id\":\"https:\\\/\\\/staging.glaswunder.eu\\\/shop\\\/love-is-love-6-cm-weihnachtskugeln-regenbogenfarben\\\/#primaryimage\"},\"thumbnailUrl\":\"https:\\\/\\\/staging.glaswunder.eu\\\/wp-content\\\/uploads\\\/2023\\\/08\\\/love-is-love-6cm-4262381711142-1.png\",\"datePublished\":\"2023-08-19T09:24:37+00:00\",\"dateModified\":\"2026-04-01T19:13:55+00:00\",\"description\":\"Weihnachtskugeln \u00e1 6 cm in regenbogenfarben \u2705 aus mundgeblasenem Glas \u2705 von Hand verziert \u2705 in Deutschland hergestellt\",\"breadcrumb\":{\"@id\":\"https:\\\/\\\/staging.glaswunder.eu\\\/shop\\\/love-is-love-6-cm-weihnachtskugeln-regenbogenfarben\\\/#breadcrumb\"},\"inLanguage\":\"en-US\",\"potentialAction\":[{\"@type\":\"ReadAction\",\"target\":[\"https:\\\/\\\/staging.glaswunder.eu\\\/shop\\\/love-is-love-6-cm-weihnachtskugeln-regenbogenfarben\\\/\"]}]},{\"@type\":\"ImageObject\",\"inLanguage\":\"en-US\",\"@id\":\"https:\\\/\\\/staging.glaswunder.eu\\\/shop\\\/love-is-love-6-cm-weihnachtskugeln-regenbogenfarben\\\/#primaryimage\",\"url\":\"https:\\\/\\\/staging.glaswunder.eu\\\/wp-content\\\/uploads\\\/2023\\\/08\\\/love-is-love-6cm-4262381711142-1.png\",\"contentUrl\":\"https:\\\/\\\/staging.glaswunder.eu\\\/wp-content\\\/uploads\\\/2023\\\/08\\\/love-is-love-6cm-4262381711142-1.png\",\"width\":1500,\"height\":1500,\"caption\":\"6cm Christbaumkugeln aus Glas in den 6 verschiedenen Regenbogenfarben rot, orange, gelb, gr\u00fcn, blau und lila in einem schwarzen Naturkarton\"},{\"@type\":\"BreadcrumbList\",\"@id\":\"https:\\\/\\\/staging.glaswunder.eu\\\/shop\\\/love-is-love-6-cm-weihnachtskugeln-regenbogenfarben\\\/#breadcrumb\",\"itemListElement\":[{\"@type\":\"ListItem\",\"position\":1,\"name\":\"Startseite\",\"item\":\"https:\\\/\\\/staging.glaswunder.eu\\\/\"},{\"@type\":\"ListItem\",\"position\":2,\"name\":\"Shop\",\"item\":\"https:\\\/\\\/staging.glaswunder.eu\\\/shop\\\/\"},{\"@type\":\"ListItem\",\"position\":3,\"name\":\"&#8222;love is love&#8220; &#8211; 6 cm Weihnachtskugeln Regenbogenfarben\"}]},{\"@type\":\"WebSite\",\"@id\":\"https:\\\/\\\/staging.glaswunder.eu\\\/#website\",\"url\":\"https:\\\/\\\/staging.glaswunder.eu\\\/\",\"name\":\"Glaswunder\",\"description\":\"Exklusive Christbaumkugeln, Weihnachtkugeln, Christbaumschmuck und mehr.\",\"publisher\":{\"@id\":\"https:\\\/\\\/staging.glaswunder.eu\\\/#organization\"},\"potentialAction\":[{\"@type\":\"SearchAction\",\"target\":{\"@type\":\"EntryPoint\",\"urlTemplate\":\"https:\\\/\\\/staging.glaswunder.eu\\\/?s={search_term_string}\"},\"query-input\":{\"@type\":\"PropertyValueSpecification\",\"valueRequired\":true,\"valueName\":\"search_term_string\"}}],\"inLanguage\":\"en-US\"},{\"@type\":\"Organization\",\"@id\":\"https:\\\/\\\/staging.glaswunder.eu\\\/#organization\",\"name\":\"Glaswunder\",\"url\":\"https:\\\/\\\/staging.glaswunder.eu\\\/\",\"logo\":{\"@type\":\"ImageObject\",\"inLanguage\":\"en-US\",\"@id\":\"https:\\\/\\\/staging.glaswunder.eu\\\/#\\\/schema\\\/logo\\\/image\\\/\",\"url\":\"https:\\\/\\\/staging.glaswunder.eu\\\/wp-content\\\/uploads\\\/2023\\\/02\\\/GlasWunderLogo.webp\",\"contentUrl\":\"https:\\\/\\\/staging.glaswunder.eu\\\/wp-content\\\/uploads\\\/2023\\\/02\\\/GlasWunderLogo.webp\",\"width\":500,\"height\":486,\"caption\":\"Glaswunder\"},\"image\":{\"@id\":\"https:\\\/\\\/staging.glaswunder.eu\\\/#\\\/schema\\\/logo\\\/image\\\/\"}}]}<\/script>\n<!-- \/ Yoast SEO plugin. -->","yoast_head_json":{"title":"\"love is love\" - 6 cm Weihnachtskugeln Regenbogenfarben - Glaswunder","description":"Weihnachtskugeln \u00e1 6 cm in regenbogenfarben \u2705 aus mundgeblasenem Glas \u2705 von Hand verziert \u2705 in Deutschland hergestellt","robots":{"index":"noindex","follow":"follow","max-snippet":"max-snippet:-1","max-image-preview":"max-image-preview:large","max-video-preview":"max-video-preview:-1"},"og_locale":"en_US","og_type":"article","og_title":"\"love is love\" - 6 cm Weihnachtskugeln Regenbogenfarben - Glaswunder","og_description":"Weihnachtskugeln \u00e1 6 cm in regenbogenfarben \u2705 aus mundgeblasenem Glas \u2705 von Hand verziert \u2705 in Deutschland hergestellt","og_url":"https:\/\/staging.glaswunder.eu\/en\/shop\/love-is-love-6-cm-weihnachtskugeln-regenbogenfarben\/","og_site_name":"Glaswunder","article_modified_time":"2026-04-01T19:13:55+00:00","og_image":[{"width":1500,"height":1500,"url":"https:\/\/staging.glaswunder.eu\/wp-content\/uploads\/2023\/08\/love-is-love-6cm-4262381711142-1.png","type":"image\/png"}],"twitter_card":"summary_large_image","twitter_misc":{"Est. reading time":"2 minutes"},"schema":{"@context":"https:\/\/schema.org","@graph":[{"@type":"WebPage","@id":"https:\/\/staging.glaswunder.eu\/shop\/love-is-love-6-cm-weihnachtskugeln-regenbogenfarben\/","url":"https:\/\/staging.glaswunder.eu\/shop\/love-is-love-6-cm-weihnachtskugeln-regenbogenfarben\/","name":"\"love is love\" - 6 cm Weihnachtskugeln Regenbogenfarben - Glaswunder","isPartOf":{"@id":"https:\/\/staging.glaswunder.eu\/#website"},"primaryImageOfPage":{"@id":"https:\/\/staging.glaswunder.eu\/shop\/love-is-love-6-cm-weihnachtskugeln-regenbogenfarben\/#primaryimage"},"image":{"@id":"https:\/\/staging.glaswunder.eu\/shop\/love-is-love-6-cm-weihnachtskugeln-regenbogenfarben\/#primaryimage"},"thumbnailUrl":"https:\/\/staging.glaswunder.eu\/wp-content\/uploads\/2023\/08\/love-is-love-6cm-4262381711142-1.png","datePublished":"2023-08-19T09:24:37+00:00","dateModified":"2026-04-01T19:13:55+00:00","description":"Weihnachtskugeln \u00e1 6 cm in regenbogenfarben \u2705 aus mundgeblasenem Glas \u2705 von Hand verziert \u2705 in Deutschland hergestellt","breadcrumb":{"@id":"https:\/\/staging.glaswunder.eu\/shop\/love-is-love-6-cm-weihnachtskugeln-regenbogenfarben\/#breadcrumb"},"inLanguage":"en-US","potentialAction":[{"@type":"ReadAction","target":["https:\/\/staging.glaswunder.eu\/shop\/love-is-love-6-cm-weihnachtskugeln-regenbogenfarben\/"]}]},{"@type":"ImageObject","inLanguage":"en-US","@id":"https:\/\/staging.glaswunder.eu\/shop\/love-is-love-6-cm-weihnachtskugeln-regenbogenfarben\/#primaryimage","url":"https:\/\/staging.glaswunder.eu\/wp-content\/uploads\/2023\/08\/love-is-love-6cm-4262381711142-1.png","contentUrl":"https:\/\/staging.glaswunder.eu\/wp-content\/uploads\/2023\/08\/love-is-love-6cm-4262381711142-1.png","width":1500,"height":1500,"caption":"6cm Christbaumkugeln aus Glas in den 6 verschiedenen Regenbogenfarben rot, orange, gelb, gr\u00fcn, blau und lila in einem schwarzen Naturkarton"},{"@type":"BreadcrumbList","@id":"https:\/\/staging.glaswunder.eu\/shop\/love-is-love-6-cm-weihnachtskugeln-regenbogenfarben\/#breadcrumb","itemListElement":[{"@type":"ListItem","position":1,"name":"Startseite","item":"https:\/\/staging.glaswunder.eu\/"},{"@type":"ListItem","position":2,"name":"Shop","item":"https:\/\/staging.glaswunder.eu\/shop\/"},{"@type":"ListItem","position":3,"name":"&#8222;love is love&#8220; &#8211; 6 cm Weihnachtskugeln Regenbogenfarben"}]},{"@type":"WebSite","@id":"https:\/\/staging.glaswunder.eu\/#website","url":"https:\/\/staging.glaswunder.eu\/","name":"Glaswunder","description":"Exklusive Christbaumkugeln, Weihnachtkugeln, Christbaumschmuck und mehr.","publisher":{"@id":"https:\/\/staging.glaswunder.eu\/#organization"},"potentialAction":[{"@type":"SearchAction","target":{"@type":"EntryPoint","urlTemplate":"https:\/\/staging.glaswunder.eu\/?s={search_term_string}"},"query-input":{"@type":"PropertyValueSpecification","valueRequired":true,"valueName":"search_term_string"}}],"inLanguage":"en-US"},{"@type":"Organization","@id":"https:\/\/staging.glaswunder.eu\/#organization","name":"Glaswunder","url":"https:\/\/staging.glaswunder.eu\/","logo":{"@type":"ImageObject","inLanguage":"en-US","@id":"https:\/\/staging.glaswunder.eu\/#\/schema\/logo\/image\/","url":"https:\/\/staging.glaswunder.eu\/wp-content\/uploads\/2023\/02\/GlasWunderLogo.webp","contentUrl":"https:\/\/staging.glaswunder.eu\/wp-content\/uploads\/2023\/02\/GlasWunderLogo.webp","width":500,"height":486,"caption":"Glaswunder"},"image":{"@id":"https:\/\/staging.glaswunder.eu\/#\/schema\/logo\/image\/"}}]}},"_links":{"self":[{"href":"https:\/\/staging.glaswunder.eu\/en\/wp-json\/wp\/v2\/product\/1401","targetHints":{"allow":["GET"]}}],"collection":[{"href":"https:\/\/staging.glaswunder.eu\/en\/wp-json\/wp\/v2\/product"}],"about":[{"href":"https:\/\/staging.glaswunder.eu\/en\/wp-json\/wp\/v2\/types\/product"}],"version-history":[{"count":5,"href":"https:\/\/staging.glaswunder.eu\/en\/wp-json\/wp\/v2\/product\/1401\/revisions"}],"predecessor-version":[{"id":5814,"href":"https:\/\/staging.glaswunder.eu\/en\/wp-json\/wp\/v2\/product\/1401\/revisions\/5814"}],"wp:featuredmedia":[{"embeddable":true,"href":"https:\/\/staging.glaswunder.eu\/en\/wp-json\/wp\/v2\/media\/3023"}],"wp:attachment":[{"href":"https:\/\/staging.glaswunder.eu\/en\/wp-json\/wp\/v2\/media?parent=1401"}],"wp:term":[{"taxonomy":"product_brand","embeddable":true,"href":"https:\/\/staging.glaswunder.eu\/en\/wp-json\/wp\/v2\/product_brand?post=1401"},{"taxonomy":"product_cat","embeddable":true,"href":"https:\/\/staging.glaswunder.eu\/en\/wp-json\/wp\/v2\/product_cat?post=1401"},{"taxonomy":"product_tag","embeddable":true,"href":"https:\/\/staging.glaswunder.eu\/en\/wp-json\/wp\/v2\/product_tag?post=1401"}],"curies":[{"name":"wp","href":"https:\/\/api.w.org\/{rel}","templated":true}]}}