{"id":1434,"date":"2023-08-19T09:24:32","date_gmt":"2023-08-19T09:24:32","guid":{"rendered":"https:\/\/glaswunder.eu\/?post_type=product&#038;p=1434"},"modified":"2026-04-01T19:05:01","modified_gmt":"2026-04-01T19:05:01","slug":"royal-admiral-11-cm-gedrehter-zapfen-christbaumschmuck-petrol-matt","status":"publish","type":"product","link":"https:\/\/staging.glaswunder.eu\/en\/shop\/royal-admiral-11-cm-gedrehter-zapfen-christbaumschmuck-petrol-matt\/","title":{"rendered":"&#8222;royal admiral&#8220; &#8211; 11 cm gedrehter Zapfen | Christbaumschmuck petrol matt"},"content":{"rendered":"<p>Unser &#8222;Royal Admiral&#8220; &#8211; Set besteht aus gedrehten Zapfen. Sie haben eine sehr intensive und ausdrucksvolle Petrol matte Farbe, die sehr m\u00e4chtig wirken kann. Du kannst diese bezaubernden Zapfen sehr vielf\u00e4ltig in deiner Weihnachtsdeko unterbreiten und deine Familie und Freunde staunen lassen. Sie funkeln zus\u00e4tzlich noch so sch\u00f6n durch ihren feinen goldenen Verlauf, der durch zus\u00e4tzlichem gold farbendem Glitter von Hand verziert wurde. Egal, wie sie zum Einsatz kommen werden &#8211; sie strahlen \u00fcberall! Du kannst unser &#8222;<a href=\"https:\/\/staging.glaswunder.eu\/en\/shop\/duke-and-duchess-8cm\/\">Duke and Duchess<\/a>&#8220; Glaskugelset erg\u00e4nzend dazu wundervoll kombinieren. Der Christbaumschmuck besteht aus 3 gedrehte Eiszapfen \u00e1 11 cm. Sie sind aus mundgeblasenem Glas und von Hand verziert. Die Zapfen sind langlebig und in Deutschland hergestellt.<\/p>\n<p>Unser Christbaumschmuck in nur f\u00fcr den Gebrauch im Innenbereich vorgesehen.<\/p>","protected":false},"excerpt":{"rendered":"<p>Dieses Set besteht aus 3 gedrehte Eiszapfen \u00e1 11 cm, welche in ihrem petrol matten Farbton durch feinen goldenen Verlauf besticht, der zus\u00e4tzlich mit gold farbendem Glitter von Hand verziert wurde. Diese Eiszapfen sind ein echter Hingucker in deinem Weihnachtsbaum. Sie sind aus mundgeblasenem Glas und von Hand verziert.<\/p>","protected":false},"featured_media":2145,"template":"","meta":{"_acf_changed":false},"product_brand":[112],"product_cat":[15,87,38,94],"product_tag":[110,101,106,105,103,107,102],"class_list":{"0":"post-1434","1":"product","2":"type-product","3":"status-publish","4":"has-post-thumbnail","6":"product_brand-glaswunder","7":"product_cat-alle-produkte","8":"product_cat-christbaumschmuck","9":"product_cat-kings-queens","10":"product_cat-zapfen-christbaumschmuck","11":"product_tag-christbaumschmuck-aus-deutschland","12":"product_tag-christbaumschmuck","13":"product_tag-edler-weihnachtsschmuck","14":"product_tag-geschenkidee-weihnachten-deko","15":"product_tag-handgemachter-christbaumschmuck","16":"product_tag-nachhaltiger-weihnachtsschmuck","17":"product_tag-weihnachtsschmuck","19":"first","20":"outofstock","21":"sale","22":"taxable","23":"shipping-taxable","24":"purchasable","25":"product-type-simple"},"acf":[],"yoast_head":"<!-- This site is optimized with the Yoast SEO plugin v27.3 - https:\/\/yoast.com\/product\/yoast-seo-wordpress\/ -->\n<title>&quot;royal admiral&quot; - 11 cm gedrehter Zapfen | Christbaumschmuck petrol matt - Glaswunder<\/title>\n<meta name=\"description\" content=\"gedrehter Eiszapfen \u00e1 11 cm in petrol matt mit Gold Linie \u2705 von Hand verziert \u2705 aus mundgeblasenem Glas \u2705 hergestellt in Deutschland\" \/>\n<meta name=\"robots\" content=\"noindex, follow, max-snippet:-1, max-image-preview:large, max-video-preview:-1\" \/>\n<meta property=\"og:locale\" content=\"en_US\" \/>\n<meta property=\"og:type\" content=\"article\" \/>\n<meta property=\"og:title\" content=\"&quot;royal admiral&quot; - 11 cm gedrehter Zapfen | Christbaumschmuck petrol matt - Glaswunder\" \/>\n<meta property=\"og:description\" content=\"gedrehter Eiszapfen \u00e1 11 cm in petrol matt mit Gold Linie \u2705 von Hand verziert \u2705 aus mundgeblasenem Glas \u2705 hergestellt in Deutschland\" \/>\n<meta property=\"og:url\" content=\"https:\/\/staging.glaswunder.eu\/en\/shop\/royal-admiral-11-cm-gedrehter-zapfen-christbaumschmuck-petrol-matt\/\" \/>\n<meta property=\"og:site_name\" content=\"Glaswunder\" \/>\n<meta property=\"article:modified_time\" content=\"2026-04-01T19:05:01+00:00\" \/>\n<meta property=\"og:image\" content=\"https:\/\/staging.glaswunder.eu\/wp-content\/uploads\/2023\/07\/royal-admiral-gedrehte-Zapfen-11cm-4262381710893-t-773x773.png\" \/>\n\t<meta property=\"og:image:width\" content=\"773\" \/>\n\t<meta property=\"og:image:height\" content=\"773\" \/>\n\t<meta property=\"og:image:type\" content=\"image\/png\" \/>\n<meta name=\"twitter:card\" content=\"summary_large_image\" \/>\n<meta name=\"twitter:label1\" content=\"Est. reading time\" \/>\n\t<meta name=\"twitter:data1\" content=\"1 minute\" \/>\n<script type=\"application\/ld+json\" class=\"yoast-schema-graph\">{\"@context\":\"https:\\\/\\\/schema.org\",\"@graph\":[{\"@type\":\"WebPage\",\"@id\":\"https:\\\/\\\/staging.glaswunder.eu\\\/shop\\\/royal-admiral-11-cm-gedrehter-zapfen-christbaumschmuck-petrol-matt\\\/\",\"url\":\"https:\\\/\\\/staging.glaswunder.eu\\\/shop\\\/royal-admiral-11-cm-gedrehter-zapfen-christbaumschmuck-petrol-matt\\\/\",\"name\":\"\\\"royal admiral\\\" - 11 cm gedrehter Zapfen | Christbaumschmuck petrol matt - Glaswunder\",\"isPartOf\":{\"@id\":\"https:\\\/\\\/staging.glaswunder.eu\\\/#website\"},\"primaryImageOfPage\":{\"@id\":\"https:\\\/\\\/staging.glaswunder.eu\\\/shop\\\/royal-admiral-11-cm-gedrehter-zapfen-christbaumschmuck-petrol-matt\\\/#primaryimage\"},\"image\":{\"@id\":\"https:\\\/\\\/staging.glaswunder.eu\\\/shop\\\/royal-admiral-11-cm-gedrehter-zapfen-christbaumschmuck-petrol-matt\\\/#primaryimage\"},\"thumbnailUrl\":\"https:\\\/\\\/staging.glaswunder.eu\\\/wp-content\\\/uploads\\\/2023\\\/07\\\/royal-admiral-gedrehte-Zapfen-11cm-4262381710893-t.png\",\"datePublished\":\"2023-08-19T09:24:32+00:00\",\"dateModified\":\"2026-04-01T19:05:01+00:00\",\"description\":\"gedrehter Eiszapfen \u00e1 11 cm in petrol matt mit Gold Linie \u2705 von Hand verziert \u2705 aus mundgeblasenem Glas \u2705 hergestellt in Deutschland\",\"breadcrumb\":{\"@id\":\"https:\\\/\\\/staging.glaswunder.eu\\\/shop\\\/royal-admiral-11-cm-gedrehter-zapfen-christbaumschmuck-petrol-matt\\\/#breadcrumb\"},\"inLanguage\":\"en-US\",\"potentialAction\":[{\"@type\":\"ReadAction\",\"target\":[\"https:\\\/\\\/staging.glaswunder.eu\\\/shop\\\/royal-admiral-11-cm-gedrehter-zapfen-christbaumschmuck-petrol-matt\\\/\"]}]},{\"@type\":\"ImageObject\",\"inLanguage\":\"en-US\",\"@id\":\"https:\\\/\\\/staging.glaswunder.eu\\\/shop\\\/royal-admiral-11-cm-gedrehter-zapfen-christbaumschmuck-petrol-matt\\\/#primaryimage\",\"url\":\"https:\\\/\\\/staging.glaswunder.eu\\\/wp-content\\\/uploads\\\/2023\\\/07\\\/royal-admiral-gedrehte-Zapfen-11cm-4262381710893-t.png\",\"contentUrl\":\"https:\\\/\\\/staging.glaswunder.eu\\\/wp-content\\\/uploads\\\/2023\\\/07\\\/royal-admiral-gedrehte-Zapfen-11cm-4262381710893-t.png\",\"width\":1920,\"height\":1920,\"caption\":\"3er Set gedrehte Zapfen mit 11cm Durchmesser in Petrol matt, ohne Farbverlauf, mit gold in schwarzem Naturkarton\"},{\"@type\":\"BreadcrumbList\",\"@id\":\"https:\\\/\\\/staging.glaswunder.eu\\\/shop\\\/royal-admiral-11-cm-gedrehter-zapfen-christbaumschmuck-petrol-matt\\\/#breadcrumb\",\"itemListElement\":[{\"@type\":\"ListItem\",\"position\":1,\"name\":\"Startseite\",\"item\":\"https:\\\/\\\/staging.glaswunder.eu\\\/\"},{\"@type\":\"ListItem\",\"position\":2,\"name\":\"Shop\",\"item\":\"https:\\\/\\\/staging.glaswunder.eu\\\/shop\\\/\"},{\"@type\":\"ListItem\",\"position\":3,\"name\":\"&#8222;royal admiral&#8220; &#8211; 11 cm gedrehter Zapfen | Christbaumschmuck petrol matt\"}]},{\"@type\":\"WebSite\",\"@id\":\"https:\\\/\\\/staging.glaswunder.eu\\\/#website\",\"url\":\"https:\\\/\\\/staging.glaswunder.eu\\\/\",\"name\":\"Glaswunder\",\"description\":\"Exklusive Christbaumkugeln, Weihnachtkugeln, Christbaumschmuck und mehr.\",\"publisher\":{\"@id\":\"https:\\\/\\\/staging.glaswunder.eu\\\/#organization\"},\"potentialAction\":[{\"@type\":\"SearchAction\",\"target\":{\"@type\":\"EntryPoint\",\"urlTemplate\":\"https:\\\/\\\/staging.glaswunder.eu\\\/?s={search_term_string}\"},\"query-input\":{\"@type\":\"PropertyValueSpecification\",\"valueRequired\":true,\"valueName\":\"search_term_string\"}}],\"inLanguage\":\"en-US\"},{\"@type\":\"Organization\",\"@id\":\"https:\\\/\\\/staging.glaswunder.eu\\\/#organization\",\"name\":\"Glaswunder\",\"url\":\"https:\\\/\\\/staging.glaswunder.eu\\\/\",\"logo\":{\"@type\":\"ImageObject\",\"inLanguage\":\"en-US\",\"@id\":\"https:\\\/\\\/staging.glaswunder.eu\\\/#\\\/schema\\\/logo\\\/image\\\/\",\"url\":\"https:\\\/\\\/staging.glaswunder.eu\\\/wp-content\\\/uploads\\\/2023\\\/02\\\/GlasWunderLogo.webp\",\"contentUrl\":\"https:\\\/\\\/staging.glaswunder.eu\\\/wp-content\\\/uploads\\\/2023\\\/02\\\/GlasWunderLogo.webp\",\"width\":500,\"height\":486,\"caption\":\"Glaswunder\"},\"image\":{\"@id\":\"https:\\\/\\\/staging.glaswunder.eu\\\/#\\\/schema\\\/logo\\\/image\\\/\"}}]}<\/script>\n<!-- \/ Yoast SEO plugin. -->","yoast_head_json":{"title":"\"royal admiral\" - 11 cm gedrehter Zapfen | Christbaumschmuck petrol matt - Glaswunder","description":"gedrehter Eiszapfen \u00e1 11 cm in petrol matt mit Gold Linie \u2705 von Hand verziert \u2705 aus mundgeblasenem Glas \u2705 hergestellt in Deutschland","robots":{"index":"noindex","follow":"follow","max-snippet":"max-snippet:-1","max-image-preview":"max-image-preview:large","max-video-preview":"max-video-preview:-1"},"og_locale":"en_US","og_type":"article","og_title":"\"royal admiral\" - 11 cm gedrehter Zapfen | Christbaumschmuck petrol matt - Glaswunder","og_description":"gedrehter Eiszapfen \u00e1 11 cm in petrol matt mit Gold Linie \u2705 von Hand verziert \u2705 aus mundgeblasenem Glas \u2705 hergestellt in Deutschland","og_url":"https:\/\/staging.glaswunder.eu\/en\/shop\/royal-admiral-11-cm-gedrehter-zapfen-christbaumschmuck-petrol-matt\/","og_site_name":"Glaswunder","article_modified_time":"2026-04-01T19:05:01+00:00","og_image":[{"width":773,"height":773,"url":"https:\/\/staging.glaswunder.eu\/wp-content\/uploads\/2023\/07\/royal-admiral-gedrehte-Zapfen-11cm-4262381710893-t-773x773.png","type":"image\/png"}],"twitter_card":"summary_large_image","twitter_misc":{"Est. reading time":"1 minute"},"schema":{"@context":"https:\/\/schema.org","@graph":[{"@type":"WebPage","@id":"https:\/\/staging.glaswunder.eu\/shop\/royal-admiral-11-cm-gedrehter-zapfen-christbaumschmuck-petrol-matt\/","url":"https:\/\/staging.glaswunder.eu\/shop\/royal-admiral-11-cm-gedrehter-zapfen-christbaumschmuck-petrol-matt\/","name":"\"royal admiral\" - 11 cm gedrehter Zapfen | Christbaumschmuck petrol matt - Glaswunder","isPartOf":{"@id":"https:\/\/staging.glaswunder.eu\/#website"},"primaryImageOfPage":{"@id":"https:\/\/staging.glaswunder.eu\/shop\/royal-admiral-11-cm-gedrehter-zapfen-christbaumschmuck-petrol-matt\/#primaryimage"},"image":{"@id":"https:\/\/staging.glaswunder.eu\/shop\/royal-admiral-11-cm-gedrehter-zapfen-christbaumschmuck-petrol-matt\/#primaryimage"},"thumbnailUrl":"https:\/\/staging.glaswunder.eu\/wp-content\/uploads\/2023\/07\/royal-admiral-gedrehte-Zapfen-11cm-4262381710893-t.png","datePublished":"2023-08-19T09:24:32+00:00","dateModified":"2026-04-01T19:05:01+00:00","description":"gedrehter Eiszapfen \u00e1 11 cm in petrol matt mit Gold Linie \u2705 von Hand verziert \u2705 aus mundgeblasenem Glas \u2705 hergestellt in Deutschland","breadcrumb":{"@id":"https:\/\/staging.glaswunder.eu\/shop\/royal-admiral-11-cm-gedrehter-zapfen-christbaumschmuck-petrol-matt\/#breadcrumb"},"inLanguage":"en-US","potentialAction":[{"@type":"ReadAction","target":["https:\/\/staging.glaswunder.eu\/shop\/royal-admiral-11-cm-gedrehter-zapfen-christbaumschmuck-petrol-matt\/"]}]},{"@type":"ImageObject","inLanguage":"en-US","@id":"https:\/\/staging.glaswunder.eu\/shop\/royal-admiral-11-cm-gedrehter-zapfen-christbaumschmuck-petrol-matt\/#primaryimage","url":"https:\/\/staging.glaswunder.eu\/wp-content\/uploads\/2023\/07\/royal-admiral-gedrehte-Zapfen-11cm-4262381710893-t.png","contentUrl":"https:\/\/staging.glaswunder.eu\/wp-content\/uploads\/2023\/07\/royal-admiral-gedrehte-Zapfen-11cm-4262381710893-t.png","width":1920,"height":1920,"caption":"3er Set gedrehte Zapfen mit 11cm Durchmesser in Petrol matt, ohne Farbverlauf, mit gold in schwarzem Naturkarton"},{"@type":"BreadcrumbList","@id":"https:\/\/staging.glaswunder.eu\/shop\/royal-admiral-11-cm-gedrehter-zapfen-christbaumschmuck-petrol-matt\/#breadcrumb","itemListElement":[{"@type":"ListItem","position":1,"name":"Startseite","item":"https:\/\/staging.glaswunder.eu\/"},{"@type":"ListItem","position":2,"name":"Shop","item":"https:\/\/staging.glaswunder.eu\/shop\/"},{"@type":"ListItem","position":3,"name":"&#8222;royal admiral&#8220; &#8211; 11 cm gedrehter Zapfen | Christbaumschmuck petrol matt"}]},{"@type":"WebSite","@id":"https:\/\/staging.glaswunder.eu\/#website","url":"https:\/\/staging.glaswunder.eu\/","name":"Glaswunder","description":"Exklusive Christbaumkugeln, Weihnachtkugeln, Christbaumschmuck und mehr.","publisher":{"@id":"https:\/\/staging.glaswunder.eu\/#organization"},"potentialAction":[{"@type":"SearchAction","target":{"@type":"EntryPoint","urlTemplate":"https:\/\/staging.glaswunder.eu\/?s={search_term_string}"},"query-input":{"@type":"PropertyValueSpecification","valueRequired":true,"valueName":"search_term_string"}}],"inLanguage":"en-US"},{"@type":"Organization","@id":"https:\/\/staging.glaswunder.eu\/#organization","name":"Glaswunder","url":"https:\/\/staging.glaswunder.eu\/","logo":{"@type":"ImageObject","inLanguage":"en-US","@id":"https:\/\/staging.glaswunder.eu\/#\/schema\/logo\/image\/","url":"https:\/\/staging.glaswunder.eu\/wp-content\/uploads\/2023\/02\/GlasWunderLogo.webp","contentUrl":"https:\/\/staging.glaswunder.eu\/wp-content\/uploads\/2023\/02\/GlasWunderLogo.webp","width":500,"height":486,"caption":"Glaswunder"},"image":{"@id":"https:\/\/staging.glaswunder.eu\/#\/schema\/logo\/image\/"}}]}},"_links":{"self":[{"href":"https:\/\/staging.glaswunder.eu\/en\/wp-json\/wp\/v2\/product\/1434","targetHints":{"allow":["GET"]}}],"collection":[{"href":"https:\/\/staging.glaswunder.eu\/en\/wp-json\/wp\/v2\/product"}],"about":[{"href":"https:\/\/staging.glaswunder.eu\/en\/wp-json\/wp\/v2\/types\/product"}],"version-history":[{"count":5,"href":"https:\/\/staging.glaswunder.eu\/en\/wp-json\/wp\/v2\/product\/1434\/revisions"}],"predecessor-version":[{"id":5810,"href":"https:\/\/staging.glaswunder.eu\/en\/wp-json\/wp\/v2\/product\/1434\/revisions\/5810"}],"wp:featuredmedia":[{"embeddable":true,"href":"https:\/\/staging.glaswunder.eu\/en\/wp-json\/wp\/v2\/media\/2145"}],"wp:attachment":[{"href":"https:\/\/staging.glaswunder.eu\/en\/wp-json\/wp\/v2\/media?parent=1434"}],"wp:term":[{"taxonomy":"product_brand","embeddable":true,"href":"https:\/\/staging.glaswunder.eu\/en\/wp-json\/wp\/v2\/product_brand?post=1434"},{"taxonomy":"product_cat","embeddable":true,"href":"https:\/\/staging.glaswunder.eu\/en\/wp-json\/wp\/v2\/product_cat?post=1434"},{"taxonomy":"product_tag","embeddable":true,"href":"https:\/\/staging.glaswunder.eu\/en\/wp-json\/wp\/v2\/product_tag?post=1434"}],"curies":[{"name":"wp","href":"https:\/\/api.w.org\/{rel}","templated":true}]}}