{"id":332,"date":"2022-09-14T08:31:08","date_gmt":"2022-09-14T08:31:08","guid":{"rendered":"https:\/\/glaswunder.eu\/?post_type=product&#038;p=332"},"modified":"2026-04-17T10:37:41","modified_gmt":"2026-04-17T08:37:41","slug":"come-together-8cm","status":"publish","type":"product","link":"https:\/\/staging.glaswunder.eu\/en\/shop\/come-together-8cm\/","title":{"rendered":"&#8222;come together&#8220; &#8211; 8 cm Weihnachtskugeln champagner gold matt"},"content":{"rendered":"<p>Einzigartig und voller Eleganz sind die handverzierten und mundgeblasenen Christbaumkugeln 8cm in Champagner Gold Matt mit einem Blumendekor. Diese exquisiten Weihnachtskugeln sind ein Geschenk an sich und werden jeden Weihnachtsbaum in ein Meisterst\u00fcck verwandeln. Dieses Set enth\u00e4lt 3 Kugeln, die aus mundgeblasenem Glas hergestellt wurden und dann von Hand mit einem aufw\u00e4ndigen Blumendekor und einer matten Champagner-Gold-Oberfl\u00e4che versehen wurden. Jede Kugel ist ein Unikat und wurde mit viel Liebe und Sorgfalt handverziert. Die Kugeln haben einen Durchmesser von 8 cm und sind mit einer robusten Metall\u00f6se versehen, die es erm\u00f6glicht, sie leicht an einem Weihnachtsbaum oder anderen Dekorationen aufzuh\u00e4ngen.<\/p>\n<p>Die Kugeln sind eine stilvolle Erg\u00e4nzung zu jedem Weihnachtsbaum und anderen weihnachtlichen Dekorationen. Mit diesen Christbaumkugeln kann man seinem Weihnachtsbaum einen einzigartigen, stilvollen und luxuri\u00f6sen Look verleihen. Sie sind auch eine gro\u00dfartige Idee, um sie als Geschenk zu Weihnachten oder als sch\u00f6ne Erinnerung an einen besonderen Anlass zu verschenken. Du kannst diese Weihnachtskugeln als Weihnachtsbaumornamente, als Weihnachtsdekorationen auf dem Kamin oder auf Tischen verwendet werden. Sie k\u00f6nnen auch als Schmuck f\u00fcr Weihnachtsstr\u00e4u\u00dfe oder in festlichen Geschenkpaketen verwendet werden.<\/p>","protected":false},"excerpt":{"rendered":"<p>Dieses Set besteht aus 3 Kugeln \u00e0 8 cm in einem zart matten Champagnerton, welche mit einem Bl\u00fctendesign \u00fcberzogen sind. &#8222;come together&#8220; soll an den gedeckten Tisch mit Freunden und Familie erinnern.<\/p>","protected":false},"featured_media":1729,"template":"","meta":{"_acf_changed":false},"product_brand":[112],"product_cat":[15,87,35,114,42],"product_tag":[110,101,106,105,103,107,102],"class_list":{"0":"post-332","1":"product","2":"type-product","3":"status-publish","4":"has-post-thumbnail","6":"product_brand-glaswunder","7":"product_cat-alle-produkte","8":"product_cat-christbaumschmuck","9":"product_cat-classic-moments","10":"product_cat-kugeln","11":"product_cat-weihnachtskugeln-8cm","12":"product_tag-christbaumschmuck-aus-deutschland","13":"product_tag-christbaumschmuck","14":"product_tag-edler-weihnachtsschmuck","15":"product_tag-geschenkidee-weihnachten-deko","16":"product_tag-handgemachter-christbaumschmuck","17":"product_tag-nachhaltiger-weihnachtsschmuck","18":"product_tag-weihnachtsschmuck","20":"first","21":"instock","22":"taxable","23":"shipping-taxable","24":"purchasable","25":"product-type-simple"},"acf":[],"yoast_head":"<!-- This site is optimized with the Yoast SEO plugin v27.3 - https:\/\/yoast.com\/product\/yoast-seo-wordpress\/ -->\n<title>Christbaumdeko - Weihnachtskugeln 8cm in Champagner-Gold<\/title>\n<meta name=\"description\" content=\"Weihnachtskugeln 8cm mit Bl\u00fctendekor in Champagner-Gold aus Glas von Glaswunder. Handgefertigter Christbaumschmuck \u2705 Mundgeblasen \u2705 Hergestellt in Deutschland \u2705\" \/>\n<meta name=\"robots\" content=\"noindex, follow, max-snippet:-1, max-image-preview:large, max-video-preview:-1\" \/>\n<meta property=\"og:locale\" content=\"en_US\" \/>\n<meta property=\"og:type\" content=\"article\" \/>\n<meta property=\"og:title\" content=\"Christbaumdeko - Weihnachtskugeln 8cm in Champagner-Gold\" \/>\n<meta property=\"og:description\" content=\"Weihnachtskugeln 8cm mit Bl\u00fctendekor in Champagner-Gold aus Glas von Glaswunder. Handgefertigter Christbaumschmuck \u2705 Mundgeblasen \u2705 Hergestellt in Deutschland \u2705\" \/>\n<meta property=\"og:url\" content=\"https:\/\/staging.glaswunder.eu\/en\/shop\/come-together-8cm\/\" \/>\n<meta property=\"og:site_name\" content=\"Glaswunder\" \/>\n<meta property=\"article:modified_time\" content=\"2026-04-17T08:37:41+00:00\" \/>\n<meta property=\"og:image\" content=\"https:\/\/staging.glaswunder.eu\/wp-content\/uploads\/2023\/06\/come-together-8cm-4262381710039.png\" \/>\n\t<meta property=\"og:image:width\" content=\"1500\" \/>\n\t<meta property=\"og:image:height\" content=\"1500\" \/>\n\t<meta property=\"og:image:type\" content=\"image\/png\" \/>\n<meta name=\"twitter:card\" content=\"summary_large_image\" \/>\n<meta name=\"twitter:label1\" content=\"Est. reading time\" \/>\n\t<meta name=\"twitter:data1\" content=\"2 minutes\" \/>\n<script type=\"application\/ld+json\" class=\"yoast-schema-graph\">{\"@context\":\"https:\\\/\\\/schema.org\",\"@graph\":[{\"@type\":\"WebPage\",\"@id\":\"https:\\\/\\\/staging.glaswunder.eu\\\/shop\\\/come-together-8cm\\\/\",\"url\":\"https:\\\/\\\/staging.glaswunder.eu\\\/shop\\\/come-together-8cm\\\/\",\"name\":\"Christbaumdeko - Weihnachtskugeln 8cm in Champagner-Gold\",\"isPartOf\":{\"@id\":\"https:\\\/\\\/staging.glaswunder.eu\\\/#website\"},\"primaryImageOfPage\":{\"@id\":\"https:\\\/\\\/staging.glaswunder.eu\\\/shop\\\/come-together-8cm\\\/#primaryimage\"},\"image\":{\"@id\":\"https:\\\/\\\/staging.glaswunder.eu\\\/shop\\\/come-together-8cm\\\/#primaryimage\"},\"thumbnailUrl\":\"https:\\\/\\\/staging.glaswunder.eu\\\/wp-content\\\/uploads\\\/2023\\\/06\\\/come-together-8cm-4262381710039.png\",\"datePublished\":\"2022-09-14T08:31:08+00:00\",\"dateModified\":\"2026-04-17T08:37:41+00:00\",\"description\":\"Weihnachtskugeln 8cm mit Bl\u00fctendekor in Champagner-Gold aus Glas von Glaswunder. Handgefertigter Christbaumschmuck \u2705 Mundgeblasen \u2705 Hergestellt in Deutschland \u2705\",\"breadcrumb\":{\"@id\":\"https:\\\/\\\/staging.glaswunder.eu\\\/shop\\\/come-together-8cm\\\/#breadcrumb\"},\"inLanguage\":\"en-US\",\"potentialAction\":[{\"@type\":\"ReadAction\",\"target\":[\"https:\\\/\\\/staging.glaswunder.eu\\\/shop\\\/come-together-8cm\\\/\"]}]},{\"@type\":\"ImageObject\",\"inLanguage\":\"en-US\",\"@id\":\"https:\\\/\\\/staging.glaswunder.eu\\\/shop\\\/come-together-8cm\\\/#primaryimage\",\"url\":\"https:\\\/\\\/staging.glaswunder.eu\\\/wp-content\\\/uploads\\\/2023\\\/06\\\/come-together-8cm-4262381710039.png\",\"contentUrl\":\"https:\\\/\\\/staging.glaswunder.eu\\\/wp-content\\\/uploads\\\/2023\\\/06\\\/come-together-8cm-4262381710039.png\",\"width\":1500,\"height\":1500,\"caption\":\"3er Set Christbaumkugeln aus Glas in einem Champagner matt, einem Bl\u00fctendekor und 8cm Durchmesser. Glocken liegen auf einem schwarzen Seidentuch\"},{\"@type\":\"BreadcrumbList\",\"@id\":\"https:\\\/\\\/staging.glaswunder.eu\\\/shop\\\/come-together-8cm\\\/#breadcrumb\",\"itemListElement\":[{\"@type\":\"ListItem\",\"position\":1,\"name\":\"Startseite\",\"item\":\"https:\\\/\\\/staging.glaswunder.eu\\\/\"},{\"@type\":\"ListItem\",\"position\":2,\"name\":\"Shop\",\"item\":\"https:\\\/\\\/staging.glaswunder.eu\\\/shop\\\/\"},{\"@type\":\"ListItem\",\"position\":3,\"name\":\"&#8222;come together&#8220; &#8211; 8 cm Weihnachtskugeln champagner gold matt\"}]},{\"@type\":\"WebSite\",\"@id\":\"https:\\\/\\\/staging.glaswunder.eu\\\/#website\",\"url\":\"https:\\\/\\\/staging.glaswunder.eu\\\/\",\"name\":\"Glaswunder\",\"description\":\"Exklusive Christbaumkugeln, Weihnachtkugeln, Christbaumschmuck und mehr.\",\"publisher\":{\"@id\":\"https:\\\/\\\/staging.glaswunder.eu\\\/#organization\"},\"potentialAction\":[{\"@type\":\"SearchAction\",\"target\":{\"@type\":\"EntryPoint\",\"urlTemplate\":\"https:\\\/\\\/staging.glaswunder.eu\\\/?s={search_term_string}\"},\"query-input\":{\"@type\":\"PropertyValueSpecification\",\"valueRequired\":true,\"valueName\":\"search_term_string\"}}],\"inLanguage\":\"en-US\"},{\"@type\":\"Organization\",\"@id\":\"https:\\\/\\\/staging.glaswunder.eu\\\/#organization\",\"name\":\"Glaswunder\",\"url\":\"https:\\\/\\\/staging.glaswunder.eu\\\/\",\"logo\":{\"@type\":\"ImageObject\",\"inLanguage\":\"en-US\",\"@id\":\"https:\\\/\\\/staging.glaswunder.eu\\\/#\\\/schema\\\/logo\\\/image\\\/\",\"url\":\"https:\\\/\\\/staging.glaswunder.eu\\\/wp-content\\\/uploads\\\/2023\\\/02\\\/GlasWunderLogo.webp\",\"contentUrl\":\"https:\\\/\\\/staging.glaswunder.eu\\\/wp-content\\\/uploads\\\/2023\\\/02\\\/GlasWunderLogo.webp\",\"width\":500,\"height\":486,\"caption\":\"Glaswunder\"},\"image\":{\"@id\":\"https:\\\/\\\/staging.glaswunder.eu\\\/#\\\/schema\\\/logo\\\/image\\\/\"}}]}<\/script>\n<!-- \/ Yoast SEO plugin. -->","yoast_head_json":{"title":"Christbaumdeko - Weihnachtskugeln 8cm in Champagner-Gold","description":"Weihnachtskugeln 8cm mit Bl\u00fctendekor in Champagner-Gold aus Glas von Glaswunder. Handgefertigter Christbaumschmuck \u2705 Mundgeblasen \u2705 Hergestellt in Deutschland \u2705","robots":{"index":"noindex","follow":"follow","max-snippet":"max-snippet:-1","max-image-preview":"max-image-preview:large","max-video-preview":"max-video-preview:-1"},"og_locale":"en_US","og_type":"article","og_title":"Christbaumdeko - Weihnachtskugeln 8cm in Champagner-Gold","og_description":"Weihnachtskugeln 8cm mit Bl\u00fctendekor in Champagner-Gold aus Glas von Glaswunder. Handgefertigter Christbaumschmuck \u2705 Mundgeblasen \u2705 Hergestellt in Deutschland \u2705","og_url":"https:\/\/staging.glaswunder.eu\/en\/shop\/come-together-8cm\/","og_site_name":"Glaswunder","article_modified_time":"2026-04-17T08:37:41+00:00","og_image":[{"width":1500,"height":1500,"url":"https:\/\/staging.glaswunder.eu\/wp-content\/uploads\/2023\/06\/come-together-8cm-4262381710039.png","type":"image\/png"}],"twitter_card":"summary_large_image","twitter_misc":{"Est. reading time":"2 minutes"},"schema":{"@context":"https:\/\/schema.org","@graph":[{"@type":"WebPage","@id":"https:\/\/staging.glaswunder.eu\/shop\/come-together-8cm\/","url":"https:\/\/staging.glaswunder.eu\/shop\/come-together-8cm\/","name":"Christbaumdeko - Weihnachtskugeln 8cm in Champagner-Gold","isPartOf":{"@id":"https:\/\/staging.glaswunder.eu\/#website"},"primaryImageOfPage":{"@id":"https:\/\/staging.glaswunder.eu\/shop\/come-together-8cm\/#primaryimage"},"image":{"@id":"https:\/\/staging.glaswunder.eu\/shop\/come-together-8cm\/#primaryimage"},"thumbnailUrl":"https:\/\/staging.glaswunder.eu\/wp-content\/uploads\/2023\/06\/come-together-8cm-4262381710039.png","datePublished":"2022-09-14T08:31:08+00:00","dateModified":"2026-04-17T08:37:41+00:00","description":"Weihnachtskugeln 8cm mit Bl\u00fctendekor in Champagner-Gold aus Glas von Glaswunder. Handgefertigter Christbaumschmuck \u2705 Mundgeblasen \u2705 Hergestellt in Deutschland \u2705","breadcrumb":{"@id":"https:\/\/staging.glaswunder.eu\/shop\/come-together-8cm\/#breadcrumb"},"inLanguage":"en-US","potentialAction":[{"@type":"ReadAction","target":["https:\/\/staging.glaswunder.eu\/shop\/come-together-8cm\/"]}]},{"@type":"ImageObject","inLanguage":"en-US","@id":"https:\/\/staging.glaswunder.eu\/shop\/come-together-8cm\/#primaryimage","url":"https:\/\/staging.glaswunder.eu\/wp-content\/uploads\/2023\/06\/come-together-8cm-4262381710039.png","contentUrl":"https:\/\/staging.glaswunder.eu\/wp-content\/uploads\/2023\/06\/come-together-8cm-4262381710039.png","width":1500,"height":1500,"caption":"3er Set Christbaumkugeln aus Glas in einem Champagner matt, einem Bl\u00fctendekor und 8cm Durchmesser. Glocken liegen auf einem schwarzen Seidentuch"},{"@type":"BreadcrumbList","@id":"https:\/\/staging.glaswunder.eu\/shop\/come-together-8cm\/#breadcrumb","itemListElement":[{"@type":"ListItem","position":1,"name":"Startseite","item":"https:\/\/staging.glaswunder.eu\/"},{"@type":"ListItem","position":2,"name":"Shop","item":"https:\/\/staging.glaswunder.eu\/shop\/"},{"@type":"ListItem","position":3,"name":"&#8222;come together&#8220; &#8211; 8 cm Weihnachtskugeln champagner gold matt"}]},{"@type":"WebSite","@id":"https:\/\/staging.glaswunder.eu\/#website","url":"https:\/\/staging.glaswunder.eu\/","name":"Glaswunder","description":"Exklusive Christbaumkugeln, Weihnachtkugeln, Christbaumschmuck und mehr.","publisher":{"@id":"https:\/\/staging.glaswunder.eu\/#organization"},"potentialAction":[{"@type":"SearchAction","target":{"@type":"EntryPoint","urlTemplate":"https:\/\/staging.glaswunder.eu\/?s={search_term_string}"},"query-input":{"@type":"PropertyValueSpecification","valueRequired":true,"valueName":"search_term_string"}}],"inLanguage":"en-US"},{"@type":"Organization","@id":"https:\/\/staging.glaswunder.eu\/#organization","name":"Glaswunder","url":"https:\/\/staging.glaswunder.eu\/","logo":{"@type":"ImageObject","inLanguage":"en-US","@id":"https:\/\/staging.glaswunder.eu\/#\/schema\/logo\/image\/","url":"https:\/\/staging.glaswunder.eu\/wp-content\/uploads\/2023\/02\/GlasWunderLogo.webp","contentUrl":"https:\/\/staging.glaswunder.eu\/wp-content\/uploads\/2023\/02\/GlasWunderLogo.webp","width":500,"height":486,"caption":"Glaswunder"},"image":{"@id":"https:\/\/staging.glaswunder.eu\/#\/schema\/logo\/image\/"}}]}},"_links":{"self":[{"href":"https:\/\/staging.glaswunder.eu\/en\/wp-json\/wp\/v2\/product\/332","targetHints":{"allow":["GET"]}}],"collection":[{"href":"https:\/\/staging.glaswunder.eu\/en\/wp-json\/wp\/v2\/product"}],"about":[{"href":"https:\/\/staging.glaswunder.eu\/en\/wp-json\/wp\/v2\/types\/product"}],"version-history":[{"count":7,"href":"https:\/\/staging.glaswunder.eu\/en\/wp-json\/wp\/v2\/product\/332\/revisions"}],"predecessor-version":[{"id":5685,"href":"https:\/\/staging.glaswunder.eu\/en\/wp-json\/wp\/v2\/product\/332\/revisions\/5685"}],"wp:featuredmedia":[{"embeddable":true,"href":"https:\/\/staging.glaswunder.eu\/en\/wp-json\/wp\/v2\/media\/1729"}],"wp:attachment":[{"href":"https:\/\/staging.glaswunder.eu\/en\/wp-json\/wp\/v2\/media?parent=332"}],"wp:term":[{"taxonomy":"product_brand","embeddable":true,"href":"https:\/\/staging.glaswunder.eu\/en\/wp-json\/wp\/v2\/product_brand?post=332"},{"taxonomy":"product_cat","embeddable":true,"href":"https:\/\/staging.glaswunder.eu\/en\/wp-json\/wp\/v2\/product_cat?post=332"},{"taxonomy":"product_tag","embeddable":true,"href":"https:\/\/staging.glaswunder.eu\/en\/wp-json\/wp\/v2\/product_tag?post=332"}],"curies":[{"name":"wp","href":"https:\/\/api.w.org\/{rel}","templated":true}]}}