{"id":333,"date":"2022-09-14T08:31:08","date_gmt":"2022-09-14T08:31:08","guid":{"rendered":"https:\/\/glaswunder.eu\/?post_type=product&#038;p=333"},"modified":"2026-04-01T08:33:09","modified_gmt":"2026-04-01T08:33:09","slug":"christmas-outside-6cm","status":"publish","type":"product","link":"https:\/\/staging.glaswunder.eu\/en\/shop\/christmas-outside-6cm\/","title":{"rendered":"&#8222;christmas outside&#8220; &#8211; 6 cm Weihnachtskugeln blau ice"},"content":{"rendered":"<p>Die Christbaumkugeln 6 cm in Blau Ice sind wundervolle Weihnachtsbaumornamente, die jeden Weihnachtsbaum sch\u00f6n schm\u00fccken. Sie sind in einem frostigen Blauton gehalten, der an einen kalten Wintermorgen erinnert. Die Kugeln sind 6 cm im Durchmesser und haben eine glatte Oberfl\u00e4che, der die Kugeln noch sch\u00f6ner macht. Es ist eine sch\u00f6ne Erinnerung an die Weihnachtszeit, die das ganze Fest \u00fcber anh\u00e4lt. Die Kugeln sind aus Glas gefertigt, wodurch sie sehr langlebig sind und \u00fcber viele Jahre hinweg sch\u00f6n bleiben. Diese Christbaumkugeln erzeugen ein wundersch\u00f6nes Weihnachtsambiente.<\/p>\n<p>Einzelne Kugeln sind auch eine sch\u00f6ne Geste zum Dekorieren Deines Zuhauses. Du kannst sie an einem Kranz oder \u00e4hnlichem befestigen, um Deinem Zuhause einen festlichen Touch zu verleihen. Au\u00dferdem sind diese Christbaumkugeln auch ein sch\u00f6nes Geschenk an sich. Du kannst einzelne Kugeln oder Sets an Freunde, Familie oder Kollegen verschenken, um ihnen ein wenig Freude zu bereiten. Wenn Sie nach einem sch\u00f6nen Weihnachtsornament suchen, dann sollten Sie die Christbaumkugeln 6 cm in Blau Ice auf jeden Fall in Betracht ziehen. Mit der Vielzahl an verschiedenen Farben und Gr\u00f6\u00dfen, die in unserem Shop zur Verf\u00fcgung stehen, kannst Du die perfekte Kombination finden, um Deinen Weihnachtsbaum zu schm\u00fccken oder Deine bereits vorhandene Weihnachtsdekoration erweitern.<\/p>\n<p>Dieses Weihnachtsornament ist ein perfektes Geschenk f\u00fcr jeden Anlass.<\/p>","protected":false},"excerpt":{"rendered":"<p>Dieses Set besteht aus 6 Kugeln \u00e0 6 cm in einem Blauton, welcher in einem Iced-Design daherkommt. &#8222;christmas outside&#8220; erinnert an die k\u00fchlen winterlichen Temperaturen, die du dir ohne zu frieren ins Wohnzimmer holst.<\/p>","protected":false},"featured_media":1722,"template":"","meta":{"_acf_changed":false},"product_brand":[112],"product_cat":[15,87,35,114,41],"product_tag":[110,101,106,105,103,107,102],"class_list":{"0":"post-333","1":"product","2":"type-product","3":"status-publish","4":"has-post-thumbnail","6":"product_brand-glaswunder","7":"product_cat-alle-produkte","8":"product_cat-christbaumschmuck","9":"product_cat-classic-moments","10":"product_cat-kugeln","11":"product_cat-weihnachtskugeln-6cm","12":"product_tag-christbaumschmuck-aus-deutschland","13":"product_tag-christbaumschmuck","14":"product_tag-edler-weihnachtsschmuck","15":"product_tag-geschenkidee-weihnachten-deko","16":"product_tag-handgemachter-christbaumschmuck","17":"product_tag-nachhaltiger-weihnachtsschmuck","18":"product_tag-weihnachtsschmuck","20":"first","21":"outofstock","22":"taxable","23":"shipping-taxable","24":"purchasable","25":"product-type-simple"},"acf":[],"yoast_head":"<!-- This site is optimized with the Yoast SEO plugin v27.3 - https:\/\/yoast.com\/product\/yoast-seo-wordpress\/ -->\n<title>Christbaumkugeln- Weihnachtskugeln 6cm in Blau Ice<\/title>\n<meta name=\"description\" content=\"Weihnachtskugeln 6cm in Blau Ice aus Glas von Glaswunder. Handgefertigter Christbaumschmuck \u2705 Mundgeblasen \u2705 Hergestellt in Deutschland \u2705\" \/>\n<meta name=\"robots\" content=\"noindex, follow, max-snippet:-1, max-image-preview:large, max-video-preview:-1\" \/>\n<meta property=\"og:locale\" content=\"en_US\" \/>\n<meta property=\"og:type\" content=\"article\" \/>\n<meta property=\"og:title\" content=\"Christbaumkugeln- Weihnachtskugeln 6cm in Blau Ice\" \/>\n<meta property=\"og:description\" content=\"Weihnachtskugeln 6cm in Blau Ice aus Glas von Glaswunder. Handgefertigter Christbaumschmuck \u2705 Mundgeblasen \u2705 Hergestellt in Deutschland \u2705\" \/>\n<meta property=\"og:url\" content=\"https:\/\/staging.glaswunder.eu\/en\/shop\/christmas-outside-6cm\/\" \/>\n<meta property=\"og:site_name\" content=\"Glaswunder\" \/>\n<meta property=\"article:modified_time\" content=\"2026-04-01T08:33:09+00:00\" \/>\n<meta property=\"og:image\" content=\"https:\/\/staging.glaswunder.eu\/wp-content\/uploads\/2023\/06\/christmas-outside-6cm-4262381710060-773x773.png\" \/>\n\t<meta property=\"og:image:width\" content=\"773\" \/>\n\t<meta property=\"og:image:height\" content=\"773\" \/>\n\t<meta property=\"og:image:type\" content=\"image\/png\" \/>\n<meta name=\"twitter:card\" content=\"summary_large_image\" \/>\n<meta name=\"twitter:label1\" content=\"Est. reading time\" \/>\n\t<meta name=\"twitter:data1\" content=\"2 minutes\" \/>\n<script type=\"application\/ld+json\" class=\"yoast-schema-graph\">{\"@context\":\"https:\\\/\\\/schema.org\",\"@graph\":[{\"@type\":\"WebPage\",\"@id\":\"https:\\\/\\\/staging.glaswunder.eu\\\/shop\\\/christmas-outside-6cm\\\/\",\"url\":\"https:\\\/\\\/staging.glaswunder.eu\\\/shop\\\/christmas-outside-6cm\\\/\",\"name\":\"Christbaumkugeln- Weihnachtskugeln 6cm in Blau Ice\",\"isPartOf\":{\"@id\":\"https:\\\/\\\/staging.glaswunder.eu\\\/#website\"},\"primaryImageOfPage\":{\"@id\":\"https:\\\/\\\/staging.glaswunder.eu\\\/shop\\\/christmas-outside-6cm\\\/#primaryimage\"},\"image\":{\"@id\":\"https:\\\/\\\/staging.glaswunder.eu\\\/shop\\\/christmas-outside-6cm\\\/#primaryimage\"},\"thumbnailUrl\":\"https:\\\/\\\/staging.glaswunder.eu\\\/wp-content\\\/uploads\\\/2023\\\/06\\\/christmas-outside-6cm-4262381710060.png\",\"datePublished\":\"2022-09-14T08:31:08+00:00\",\"dateModified\":\"2026-04-01T08:33:09+00:00\",\"description\":\"Weihnachtskugeln 6cm in Blau Ice aus Glas von Glaswunder. Handgefertigter Christbaumschmuck \u2705 Mundgeblasen \u2705 Hergestellt in Deutschland \u2705\",\"breadcrumb\":{\"@id\":\"https:\\\/\\\/staging.glaswunder.eu\\\/shop\\\/christmas-outside-6cm\\\/#breadcrumb\"},\"inLanguage\":\"en-US\",\"potentialAction\":[{\"@type\":\"ReadAction\",\"target\":[\"https:\\\/\\\/staging.glaswunder.eu\\\/shop\\\/christmas-outside-6cm\\\/\"]}]},{\"@type\":\"ImageObject\",\"inLanguage\":\"en-US\",\"@id\":\"https:\\\/\\\/staging.glaswunder.eu\\\/shop\\\/christmas-outside-6cm\\\/#primaryimage\",\"url\":\"https:\\\/\\\/staging.glaswunder.eu\\\/wp-content\\\/uploads\\\/2023\\\/06\\\/christmas-outside-6cm-4262381710060.png\",\"contentUrl\":\"https:\\\/\\\/staging.glaswunder.eu\\\/wp-content\\\/uploads\\\/2023\\\/06\\\/christmas-outside-6cm-4262381710060.png\",\"width\":1500,\"height\":1500,\"caption\":\"6er Set Christbaumkugeln aus Glas mit 6cm Durchmesser in einem dunklen Blauton und Icing-Design in einem schwarzen Naturkarton\"},{\"@type\":\"BreadcrumbList\",\"@id\":\"https:\\\/\\\/staging.glaswunder.eu\\\/shop\\\/christmas-outside-6cm\\\/#breadcrumb\",\"itemListElement\":[{\"@type\":\"ListItem\",\"position\":1,\"name\":\"Startseite\",\"item\":\"https:\\\/\\\/staging.glaswunder.eu\\\/\"},{\"@type\":\"ListItem\",\"position\":2,\"name\":\"Shop\",\"item\":\"https:\\\/\\\/staging.glaswunder.eu\\\/shop\\\/\"},{\"@type\":\"ListItem\",\"position\":3,\"name\":\"&#8222;christmas outside&#8220; &#8211; 6 cm Weihnachtskugeln blau ice\"}]},{\"@type\":\"WebSite\",\"@id\":\"https:\\\/\\\/staging.glaswunder.eu\\\/#website\",\"url\":\"https:\\\/\\\/staging.glaswunder.eu\\\/\",\"name\":\"Glaswunder\",\"description\":\"Exklusive Christbaumkugeln, Weihnachtkugeln, Christbaumschmuck und mehr.\",\"publisher\":{\"@id\":\"https:\\\/\\\/staging.glaswunder.eu\\\/#organization\"},\"potentialAction\":[{\"@type\":\"SearchAction\",\"target\":{\"@type\":\"EntryPoint\",\"urlTemplate\":\"https:\\\/\\\/staging.glaswunder.eu\\\/?s={search_term_string}\"},\"query-input\":{\"@type\":\"PropertyValueSpecification\",\"valueRequired\":true,\"valueName\":\"search_term_string\"}}],\"inLanguage\":\"en-US\"},{\"@type\":\"Organization\",\"@id\":\"https:\\\/\\\/staging.glaswunder.eu\\\/#organization\",\"name\":\"Glaswunder\",\"url\":\"https:\\\/\\\/staging.glaswunder.eu\\\/\",\"logo\":{\"@type\":\"ImageObject\",\"inLanguage\":\"en-US\",\"@id\":\"https:\\\/\\\/staging.glaswunder.eu\\\/#\\\/schema\\\/logo\\\/image\\\/\",\"url\":\"https:\\\/\\\/staging.glaswunder.eu\\\/wp-content\\\/uploads\\\/2023\\\/02\\\/GlasWunderLogo.webp\",\"contentUrl\":\"https:\\\/\\\/staging.glaswunder.eu\\\/wp-content\\\/uploads\\\/2023\\\/02\\\/GlasWunderLogo.webp\",\"width\":500,\"height\":486,\"caption\":\"Glaswunder\"},\"image\":{\"@id\":\"https:\\\/\\\/staging.glaswunder.eu\\\/#\\\/schema\\\/logo\\\/image\\\/\"}}]}<\/script>\n<!-- \/ Yoast SEO plugin. -->","yoast_head_json":{"title":"Christbaumkugeln- Weihnachtskugeln 6cm in Blau Ice","description":"Weihnachtskugeln 6cm in Blau Ice aus Glas von Glaswunder. Handgefertigter Christbaumschmuck \u2705 Mundgeblasen \u2705 Hergestellt in Deutschland \u2705","robots":{"index":"noindex","follow":"follow","max-snippet":"max-snippet:-1","max-image-preview":"max-image-preview:large","max-video-preview":"max-video-preview:-1"},"og_locale":"en_US","og_type":"article","og_title":"Christbaumkugeln- Weihnachtskugeln 6cm in Blau Ice","og_description":"Weihnachtskugeln 6cm in Blau Ice aus Glas von Glaswunder. Handgefertigter Christbaumschmuck \u2705 Mundgeblasen \u2705 Hergestellt in Deutschland \u2705","og_url":"https:\/\/staging.glaswunder.eu\/en\/shop\/christmas-outside-6cm\/","og_site_name":"Glaswunder","article_modified_time":"2026-04-01T08:33:09+00:00","og_image":[{"width":773,"height":773,"url":"https:\/\/staging.glaswunder.eu\/wp-content\/uploads\/2023\/06\/christmas-outside-6cm-4262381710060-773x773.png","type":"image\/png"}],"twitter_card":"summary_large_image","twitter_misc":{"Est. reading time":"2 minutes"},"schema":{"@context":"https:\/\/schema.org","@graph":[{"@type":"WebPage","@id":"https:\/\/staging.glaswunder.eu\/shop\/christmas-outside-6cm\/","url":"https:\/\/staging.glaswunder.eu\/shop\/christmas-outside-6cm\/","name":"Christbaumkugeln- Weihnachtskugeln 6cm in Blau Ice","isPartOf":{"@id":"https:\/\/staging.glaswunder.eu\/#website"},"primaryImageOfPage":{"@id":"https:\/\/staging.glaswunder.eu\/shop\/christmas-outside-6cm\/#primaryimage"},"image":{"@id":"https:\/\/staging.glaswunder.eu\/shop\/christmas-outside-6cm\/#primaryimage"},"thumbnailUrl":"https:\/\/staging.glaswunder.eu\/wp-content\/uploads\/2023\/06\/christmas-outside-6cm-4262381710060.png","datePublished":"2022-09-14T08:31:08+00:00","dateModified":"2026-04-01T08:33:09+00:00","description":"Weihnachtskugeln 6cm in Blau Ice aus Glas von Glaswunder. Handgefertigter Christbaumschmuck \u2705 Mundgeblasen \u2705 Hergestellt in Deutschland \u2705","breadcrumb":{"@id":"https:\/\/staging.glaswunder.eu\/shop\/christmas-outside-6cm\/#breadcrumb"},"inLanguage":"en-US","potentialAction":[{"@type":"ReadAction","target":["https:\/\/staging.glaswunder.eu\/shop\/christmas-outside-6cm\/"]}]},{"@type":"ImageObject","inLanguage":"en-US","@id":"https:\/\/staging.glaswunder.eu\/shop\/christmas-outside-6cm\/#primaryimage","url":"https:\/\/staging.glaswunder.eu\/wp-content\/uploads\/2023\/06\/christmas-outside-6cm-4262381710060.png","contentUrl":"https:\/\/staging.glaswunder.eu\/wp-content\/uploads\/2023\/06\/christmas-outside-6cm-4262381710060.png","width":1500,"height":1500,"caption":"6er Set Christbaumkugeln aus Glas mit 6cm Durchmesser in einem dunklen Blauton und Icing-Design in einem schwarzen Naturkarton"},{"@type":"BreadcrumbList","@id":"https:\/\/staging.glaswunder.eu\/shop\/christmas-outside-6cm\/#breadcrumb","itemListElement":[{"@type":"ListItem","position":1,"name":"Startseite","item":"https:\/\/staging.glaswunder.eu\/"},{"@type":"ListItem","position":2,"name":"Shop","item":"https:\/\/staging.glaswunder.eu\/shop\/"},{"@type":"ListItem","position":3,"name":"&#8222;christmas outside&#8220; &#8211; 6 cm Weihnachtskugeln blau ice"}]},{"@type":"WebSite","@id":"https:\/\/staging.glaswunder.eu\/#website","url":"https:\/\/staging.glaswunder.eu\/","name":"Glaswunder","description":"Exklusive Christbaumkugeln, Weihnachtkugeln, Christbaumschmuck und mehr.","publisher":{"@id":"https:\/\/staging.glaswunder.eu\/#organization"},"potentialAction":[{"@type":"SearchAction","target":{"@type":"EntryPoint","urlTemplate":"https:\/\/staging.glaswunder.eu\/?s={search_term_string}"},"query-input":{"@type":"PropertyValueSpecification","valueRequired":true,"valueName":"search_term_string"}}],"inLanguage":"en-US"},{"@type":"Organization","@id":"https:\/\/staging.glaswunder.eu\/#organization","name":"Glaswunder","url":"https:\/\/staging.glaswunder.eu\/","logo":{"@type":"ImageObject","inLanguage":"en-US","@id":"https:\/\/staging.glaswunder.eu\/#\/schema\/logo\/image\/","url":"https:\/\/staging.glaswunder.eu\/wp-content\/uploads\/2023\/02\/GlasWunderLogo.webp","contentUrl":"https:\/\/staging.glaswunder.eu\/wp-content\/uploads\/2023\/02\/GlasWunderLogo.webp","width":500,"height":486,"caption":"Glaswunder"},"image":{"@id":"https:\/\/staging.glaswunder.eu\/#\/schema\/logo\/image\/"}}]}},"_links":{"self":[{"href":"https:\/\/staging.glaswunder.eu\/en\/wp-json\/wp\/v2\/product\/333","targetHints":{"allow":["GET"]}}],"collection":[{"href":"https:\/\/staging.glaswunder.eu\/en\/wp-json\/wp\/v2\/product"}],"about":[{"href":"https:\/\/staging.glaswunder.eu\/en\/wp-json\/wp\/v2\/types\/product"}],"version-history":[{"count":7,"href":"https:\/\/staging.glaswunder.eu\/en\/wp-json\/wp\/v2\/product\/333\/revisions"}],"predecessor-version":[{"id":5687,"href":"https:\/\/staging.glaswunder.eu\/en\/wp-json\/wp\/v2\/product\/333\/revisions\/5687"}],"wp:featuredmedia":[{"embeddable":true,"href":"https:\/\/staging.glaswunder.eu\/en\/wp-json\/wp\/v2\/media\/1722"}],"wp:attachment":[{"href":"https:\/\/staging.glaswunder.eu\/en\/wp-json\/wp\/v2\/media?parent=333"}],"wp:term":[{"taxonomy":"product_brand","embeddable":true,"href":"https:\/\/staging.glaswunder.eu\/en\/wp-json\/wp\/v2\/product_brand?post=333"},{"taxonomy":"product_cat","embeddable":true,"href":"https:\/\/staging.glaswunder.eu\/en\/wp-json\/wp\/v2\/product_cat?post=333"},{"taxonomy":"product_tag","embeddable":true,"href":"https:\/\/staging.glaswunder.eu\/en\/wp-json\/wp\/v2\/product_tag?post=333"}],"curies":[{"name":"wp","href":"https:\/\/api.w.org\/{rel}","templated":true}]}}