{"id":340,"date":"2022-09-14T08:31:10","date_gmt":"2022-09-14T08:31:10","guid":{"rendered":"https:\/\/glaswunder.eu\/?post_type=product&#038;p=340"},"modified":"2026-03-31T14:37:35","modified_gmt":"2026-03-31T14:37:35","slug":"cheers-to-christmas-voegel","status":"publish","type":"product","link":"https:\/\/staging.glaswunder.eu\/en\/shop\/cheers-to-christmas-voegel\/","title":{"rendered":"&#8222;cheers to christmas&#8220; &#8211; Vogel 8cm | Christbaumschmuck champagner gold"},"content":{"rendered":"<p>Der Christbaumvogel in Champagner Gold Matt ist ein beeindruckendes Dekorationsst\u00fcck, das jeden Raum festlich in Szene setzt. Der Vogel ist aus hochwertigem Glas gefertigt, der durch seine mattierte Oberfl\u00e4che einen edlen Glanz erh\u00e4lt und Ihren Weihnachtsbaum mit seinen goldenen Fl\u00fcgelchen zu einem echten Blickfang macht. Der Christbaumvogel ist 8 cm gro\u00df und hat einen Schweif aus zwei wei\u00dfen Federn. Der Christbaumvogel in Champagner Gold Matt ist ein wundervolles Accessoire f\u00fcr jeden Weihnachtsbaum. Die goldene Farbe ist ein echter Hingucker, der jedem Baum ein wenig Glamour hinzuf\u00fcgt.<\/p>\n<p>Er eignet sich auch hervorragend als Geschenk, da er durch sein dekoratives Design eine gute Wahl f\u00fcr jeden Anlass ist. Der Christbaumvogel ist ein einmaliges Dekorationsst\u00fcck, das mit seinem Clip einfach zu installieren ist. Er ist auch langlebig und wird Ihnen f\u00fcr viele Jahre Freude bereiten.<\/p>\n<p>Der Vogel ist auch sehr leicht zu integrieren, was ihn zu einem idealen Begleiter f\u00fcr Ihren Weihnachtsbaum macht. Der Weihnachtsvogel in Champagner Gold Matt ist ein elegantes und stilvolles Accessoire, das jeden Weihnachtsbaum in ein Wunderland voller Magie verwandelt. Er kann als Dekoration an fast jedem beliebigen Gegenstand angeclipt werden und wird die Augen jedes Betrachters zum Strahlen bringen.<\/p>","protected":false},"excerpt":{"rendered":"<p>Dieses Set, bestehend aus zwei wundersch\u00f6nen V\u00f6gelchen, zaubert ein weiteres Highlight an deinen Weihnachtsbaum. Passend zu den Kugeln &#8222;cheers to christmas&#8220;.<\/p>","protected":false},"featured_media":2867,"template":"","meta":{"_acf_changed":false},"product_brand":[112],"product_cat":[15,87,35,93],"product_tag":[110,101,106,105,103,107,102],"class_list":{"0":"post-340","1":"product","2":"type-product","3":"status-publish","4":"has-post-thumbnail","6":"product_brand-glaswunder","7":"product_cat-alle-produkte","8":"product_cat-christbaumschmuck","9":"product_cat-classic-moments","10":"product_cat-voegel-christbaumschmuck","11":"product_tag-christbaumschmuck-aus-deutschland","12":"product_tag-christbaumschmuck","13":"product_tag-edler-weihnachtsschmuck","14":"product_tag-geschenkidee-weihnachten-deko","15":"product_tag-handgemachter-christbaumschmuck","16":"product_tag-nachhaltiger-weihnachtsschmuck","17":"product_tag-weihnachtsschmuck","19":"first","20":"outofstock","21":"taxable","22":"shipping-taxable","23":"purchasable","24":"product-type-simple"},"acf":[],"yoast_head":"<!-- This site is optimized with the Yoast SEO plugin v27.3 - https:\/\/yoast.com\/product\/yoast-seo-wordpress\/ -->\n<title>Christbaumschmuck - Weihnachtsvogel in Champagner-Gold<\/title>\n<meta name=\"description\" content=\"Weihnachtsvogel in Champagner-Gold aus Glas von Glaswunder. Handgefertigter Christbaumschmuck \u2705 Mundgeblasen \u2705 Hergestellt in Deutschland \u2705\" \/>\n<meta name=\"robots\" content=\"noindex, follow, max-snippet:-1, max-image-preview:large, max-video-preview:-1\" \/>\n<meta property=\"og:locale\" content=\"en_US\" \/>\n<meta property=\"og:type\" content=\"article\" \/>\n<meta property=\"og:title\" content=\"Christbaumschmuck - Weihnachtsvogel in Champagner-Gold\" \/>\n<meta property=\"og:description\" content=\"Weihnachtsvogel in Champagner-Gold aus Glas von Glaswunder. Handgefertigter Christbaumschmuck \u2705 Mundgeblasen \u2705 Hergestellt in Deutschland \u2705\" \/>\n<meta property=\"og:url\" content=\"https:\/\/staging.glaswunder.eu\/en\/shop\/cheers-to-christmas-voegel\/\" \/>\n<meta property=\"og:site_name\" content=\"Glaswunder\" \/>\n<meta property=\"article:modified_time\" content=\"2026-03-31T14:37:35+00:00\" \/>\n<meta property=\"og:image\" content=\"https:\/\/staging.glaswunder.eu\/wp-content\/uploads\/2022\/09\/cheers-to-christmas-Vogel-4262381710138-1.png\" \/>\n\t<meta property=\"og:image:width\" content=\"1500\" \/>\n\t<meta property=\"og:image:height\" content=\"1500\" \/>\n\t<meta property=\"og:image:type\" content=\"image\/png\" \/>\n<meta name=\"twitter:card\" content=\"summary_large_image\" \/>\n<meta name=\"twitter:label1\" content=\"Est. reading time\" \/>\n\t<meta name=\"twitter:data1\" content=\"2 minutes\" \/>\n<script type=\"application\/ld+json\" class=\"yoast-schema-graph\">{\"@context\":\"https:\\\/\\\/schema.org\",\"@graph\":[{\"@type\":\"WebPage\",\"@id\":\"https:\\\/\\\/staging.glaswunder.eu\\\/shop\\\/cheers-to-christmas-voegel\\\/\",\"url\":\"https:\\\/\\\/staging.glaswunder.eu\\\/shop\\\/cheers-to-christmas-voegel\\\/\",\"name\":\"Christbaumschmuck - Weihnachtsvogel in Champagner-Gold\",\"isPartOf\":{\"@id\":\"https:\\\/\\\/staging.glaswunder.eu\\\/#website\"},\"primaryImageOfPage\":{\"@id\":\"https:\\\/\\\/staging.glaswunder.eu\\\/shop\\\/cheers-to-christmas-voegel\\\/#primaryimage\"},\"image\":{\"@id\":\"https:\\\/\\\/staging.glaswunder.eu\\\/shop\\\/cheers-to-christmas-voegel\\\/#primaryimage\"},\"thumbnailUrl\":\"https:\\\/\\\/staging.glaswunder.eu\\\/wp-content\\\/uploads\\\/2022\\\/09\\\/cheers-to-christmas-Vogel-4262381710138-1.png\",\"datePublished\":\"2022-09-14T08:31:10+00:00\",\"dateModified\":\"2026-03-31T14:37:35+00:00\",\"description\":\"Weihnachtsvogel in Champagner-Gold aus Glas von Glaswunder. Handgefertigter Christbaumschmuck \u2705 Mundgeblasen \u2705 Hergestellt in Deutschland \u2705\",\"breadcrumb\":{\"@id\":\"https:\\\/\\\/staging.glaswunder.eu\\\/shop\\\/cheers-to-christmas-voegel\\\/#breadcrumb\"},\"inLanguage\":\"en-US\",\"potentialAction\":[{\"@type\":\"ReadAction\",\"target\":[\"https:\\\/\\\/staging.glaswunder.eu\\\/shop\\\/cheers-to-christmas-voegel\\\/\"]}]},{\"@type\":\"ImageObject\",\"inLanguage\":\"en-US\",\"@id\":\"https:\\\/\\\/staging.glaswunder.eu\\\/shop\\\/cheers-to-christmas-voegel\\\/#primaryimage\",\"url\":\"https:\\\/\\\/staging.glaswunder.eu\\\/wp-content\\\/uploads\\\/2022\\\/09\\\/cheers-to-christmas-Vogel-4262381710138-1.png\",\"contentUrl\":\"https:\\\/\\\/staging.glaswunder.eu\\\/wp-content\\\/uploads\\\/2022\\\/09\\\/cheers-to-christmas-Vogel-4262381710138-1.png\",\"width\":1500,\"height\":1500,\"caption\":\"2er Set V\u00f6gelchen aus Glas mit 8cm Durchmesser in Champagner matt und wei\u00dfer Feder in einem schwarzen Naturkarton\"},{\"@type\":\"BreadcrumbList\",\"@id\":\"https:\\\/\\\/staging.glaswunder.eu\\\/shop\\\/cheers-to-christmas-voegel\\\/#breadcrumb\",\"itemListElement\":[{\"@type\":\"ListItem\",\"position\":1,\"name\":\"Startseite\",\"item\":\"https:\\\/\\\/staging.glaswunder.eu\\\/\"},{\"@type\":\"ListItem\",\"position\":2,\"name\":\"Shop\",\"item\":\"https:\\\/\\\/staging.glaswunder.eu\\\/shop\\\/\"},{\"@type\":\"ListItem\",\"position\":3,\"name\":\"&#8222;cheers to christmas&#8220; &#8211; Vogel 8cm | Christbaumschmuck champagner gold\"}]},{\"@type\":\"WebSite\",\"@id\":\"https:\\\/\\\/staging.glaswunder.eu\\\/#website\",\"url\":\"https:\\\/\\\/staging.glaswunder.eu\\\/\",\"name\":\"Glaswunder\",\"description\":\"Exklusive Christbaumkugeln, Weihnachtkugeln, Christbaumschmuck und mehr.\",\"publisher\":{\"@id\":\"https:\\\/\\\/staging.glaswunder.eu\\\/#organization\"},\"potentialAction\":[{\"@type\":\"SearchAction\",\"target\":{\"@type\":\"EntryPoint\",\"urlTemplate\":\"https:\\\/\\\/staging.glaswunder.eu\\\/?s={search_term_string}\"},\"query-input\":{\"@type\":\"PropertyValueSpecification\",\"valueRequired\":true,\"valueName\":\"search_term_string\"}}],\"inLanguage\":\"en-US\"},{\"@type\":\"Organization\",\"@id\":\"https:\\\/\\\/staging.glaswunder.eu\\\/#organization\",\"name\":\"Glaswunder\",\"url\":\"https:\\\/\\\/staging.glaswunder.eu\\\/\",\"logo\":{\"@type\":\"ImageObject\",\"inLanguage\":\"en-US\",\"@id\":\"https:\\\/\\\/staging.glaswunder.eu\\\/#\\\/schema\\\/logo\\\/image\\\/\",\"url\":\"https:\\\/\\\/staging.glaswunder.eu\\\/wp-content\\\/uploads\\\/2023\\\/02\\\/GlasWunderLogo.webp\",\"contentUrl\":\"https:\\\/\\\/staging.glaswunder.eu\\\/wp-content\\\/uploads\\\/2023\\\/02\\\/GlasWunderLogo.webp\",\"width\":500,\"height\":486,\"caption\":\"Glaswunder\"},\"image\":{\"@id\":\"https:\\\/\\\/staging.glaswunder.eu\\\/#\\\/schema\\\/logo\\\/image\\\/\"}}]}<\/script>\n<!-- \/ Yoast SEO plugin. -->","yoast_head_json":{"title":"Christbaumschmuck - Weihnachtsvogel in Champagner-Gold","description":"Weihnachtsvogel in Champagner-Gold aus Glas von Glaswunder. Handgefertigter Christbaumschmuck \u2705 Mundgeblasen \u2705 Hergestellt in Deutschland \u2705","robots":{"index":"noindex","follow":"follow","max-snippet":"max-snippet:-1","max-image-preview":"max-image-preview:large","max-video-preview":"max-video-preview:-1"},"og_locale":"en_US","og_type":"article","og_title":"Christbaumschmuck - Weihnachtsvogel in Champagner-Gold","og_description":"Weihnachtsvogel in Champagner-Gold aus Glas von Glaswunder. Handgefertigter Christbaumschmuck \u2705 Mundgeblasen \u2705 Hergestellt in Deutschland \u2705","og_url":"https:\/\/staging.glaswunder.eu\/en\/shop\/cheers-to-christmas-voegel\/","og_site_name":"Glaswunder","article_modified_time":"2026-03-31T14:37:35+00:00","og_image":[{"width":1500,"height":1500,"url":"https:\/\/staging.glaswunder.eu\/wp-content\/uploads\/2022\/09\/cheers-to-christmas-Vogel-4262381710138-1.png","type":"image\/png"}],"twitter_card":"summary_large_image","twitter_misc":{"Est. reading time":"2 minutes"},"schema":{"@context":"https:\/\/schema.org","@graph":[{"@type":"WebPage","@id":"https:\/\/staging.glaswunder.eu\/shop\/cheers-to-christmas-voegel\/","url":"https:\/\/staging.glaswunder.eu\/shop\/cheers-to-christmas-voegel\/","name":"Christbaumschmuck - Weihnachtsvogel in Champagner-Gold","isPartOf":{"@id":"https:\/\/staging.glaswunder.eu\/#website"},"primaryImageOfPage":{"@id":"https:\/\/staging.glaswunder.eu\/shop\/cheers-to-christmas-voegel\/#primaryimage"},"image":{"@id":"https:\/\/staging.glaswunder.eu\/shop\/cheers-to-christmas-voegel\/#primaryimage"},"thumbnailUrl":"https:\/\/staging.glaswunder.eu\/wp-content\/uploads\/2022\/09\/cheers-to-christmas-Vogel-4262381710138-1.png","datePublished":"2022-09-14T08:31:10+00:00","dateModified":"2026-03-31T14:37:35+00:00","description":"Weihnachtsvogel in Champagner-Gold aus Glas von Glaswunder. Handgefertigter Christbaumschmuck \u2705 Mundgeblasen \u2705 Hergestellt in Deutschland \u2705","breadcrumb":{"@id":"https:\/\/staging.glaswunder.eu\/shop\/cheers-to-christmas-voegel\/#breadcrumb"},"inLanguage":"en-US","potentialAction":[{"@type":"ReadAction","target":["https:\/\/staging.glaswunder.eu\/shop\/cheers-to-christmas-voegel\/"]}]},{"@type":"ImageObject","inLanguage":"en-US","@id":"https:\/\/staging.glaswunder.eu\/shop\/cheers-to-christmas-voegel\/#primaryimage","url":"https:\/\/staging.glaswunder.eu\/wp-content\/uploads\/2022\/09\/cheers-to-christmas-Vogel-4262381710138-1.png","contentUrl":"https:\/\/staging.glaswunder.eu\/wp-content\/uploads\/2022\/09\/cheers-to-christmas-Vogel-4262381710138-1.png","width":1500,"height":1500,"caption":"2er Set V\u00f6gelchen aus Glas mit 8cm Durchmesser in Champagner matt und wei\u00dfer Feder in einem schwarzen Naturkarton"},{"@type":"BreadcrumbList","@id":"https:\/\/staging.glaswunder.eu\/shop\/cheers-to-christmas-voegel\/#breadcrumb","itemListElement":[{"@type":"ListItem","position":1,"name":"Startseite","item":"https:\/\/staging.glaswunder.eu\/"},{"@type":"ListItem","position":2,"name":"Shop","item":"https:\/\/staging.glaswunder.eu\/shop\/"},{"@type":"ListItem","position":3,"name":"&#8222;cheers to christmas&#8220; &#8211; Vogel 8cm | Christbaumschmuck champagner gold"}]},{"@type":"WebSite","@id":"https:\/\/staging.glaswunder.eu\/#website","url":"https:\/\/staging.glaswunder.eu\/","name":"Glaswunder","description":"Exklusive Christbaumkugeln, Weihnachtkugeln, Christbaumschmuck und mehr.","publisher":{"@id":"https:\/\/staging.glaswunder.eu\/#organization"},"potentialAction":[{"@type":"SearchAction","target":{"@type":"EntryPoint","urlTemplate":"https:\/\/staging.glaswunder.eu\/?s={search_term_string}"},"query-input":{"@type":"PropertyValueSpecification","valueRequired":true,"valueName":"search_term_string"}}],"inLanguage":"en-US"},{"@type":"Organization","@id":"https:\/\/staging.glaswunder.eu\/#organization","name":"Glaswunder","url":"https:\/\/staging.glaswunder.eu\/","logo":{"@type":"ImageObject","inLanguage":"en-US","@id":"https:\/\/staging.glaswunder.eu\/#\/schema\/logo\/image\/","url":"https:\/\/staging.glaswunder.eu\/wp-content\/uploads\/2023\/02\/GlasWunderLogo.webp","contentUrl":"https:\/\/staging.glaswunder.eu\/wp-content\/uploads\/2023\/02\/GlasWunderLogo.webp","width":500,"height":486,"caption":"Glaswunder"},"image":{"@id":"https:\/\/staging.glaswunder.eu\/#\/schema\/logo\/image\/"}}]}},"_links":{"self":[{"href":"https:\/\/staging.glaswunder.eu\/en\/wp-json\/wp\/v2\/product\/340","targetHints":{"allow":["GET"]}}],"collection":[{"href":"https:\/\/staging.glaswunder.eu\/en\/wp-json\/wp\/v2\/product"}],"about":[{"href":"https:\/\/staging.glaswunder.eu\/en\/wp-json\/wp\/v2\/types\/product"}],"version-history":[{"count":7,"href":"https:\/\/staging.glaswunder.eu\/en\/wp-json\/wp\/v2\/product\/340\/revisions"}],"predecessor-version":[{"id":5679,"href":"https:\/\/staging.glaswunder.eu\/en\/wp-json\/wp\/v2\/product\/340\/revisions\/5679"}],"wp:featuredmedia":[{"embeddable":true,"href":"https:\/\/staging.glaswunder.eu\/en\/wp-json\/wp\/v2\/media\/2867"}],"wp:attachment":[{"href":"https:\/\/staging.glaswunder.eu\/en\/wp-json\/wp\/v2\/media?parent=340"}],"wp:term":[{"taxonomy":"product_brand","embeddable":true,"href":"https:\/\/staging.glaswunder.eu\/en\/wp-json\/wp\/v2\/product_brand?post=340"},{"taxonomy":"product_cat","embeddable":true,"href":"https:\/\/staging.glaswunder.eu\/en\/wp-json\/wp\/v2\/product_cat?post=340"},{"taxonomy":"product_tag","embeddable":true,"href":"https:\/\/staging.glaswunder.eu\/en\/wp-json\/wp\/v2\/product_tag?post=340"}],"curies":[{"name":"wp","href":"https:\/\/api.w.org\/{rel}","templated":true}]}}