{"id":342,"date":"2022-09-14T08:31:11","date_gmt":"2022-09-14T08:31:11","guid":{"rendered":"https:\/\/glaswunder.eu\/?post_type=product&#038;p=342"},"modified":"2026-03-31T15:05:39","modified_gmt":"2026-03-31T15:05:39","slug":"cheers-to-christmas-cones-zapfen","status":"publish","type":"product","link":"https:\/\/staging.glaswunder.eu\/en\/shop\/cheers-to-christmas-cones-zapfen\/","title":{"rendered":"&#8222;cheers to christmas&#8220; &#8211; Zapfen 6 cm | Christbaumschmuck champagner gold"},"content":{"rendered":"<p>Christbaumzapfen in Champagner Gold \u2013 Ein festlicher Akzent f\u00fcr Ihren Weihnachtsschmuck<\/p>\n<p>Du suchst nach einem besonderen Weihnachtsdeko-Element f\u00fcr Dein Zuhause? Dann sind die Christbaumzapfen in Champagner Gold die perfekte Wahl! Mit ihrer schimmernden F\u00e4rbung und den hochwertigen Materialien, aus denen sie hergestellt werden, sorgen sie f\u00fcr ein festliches und luxuri\u00f6ses Ambiente in Deinem Zuhause. Die Zapfen werden mundgeblasen aus Glas hergestellt, das daf\u00fcr sorgt, dass sie eine lange Lebensdauer haben. Der Goldton der Christbaumzapfen wird durch die Kombination aus Glas und Glitzer noch verst\u00e4rkt und sorgt f\u00fcr einen wirklich eleganten Look.<\/p>\n<p>Du kannst die Zapfen f\u00fcr deinen Weihnachtsbaum und weitere Christbaumdekoration wie zum Beispiel Tannenzweige verwenden oder einfach zu den passenden Christbaumkugeln aufh\u00e4ngen. Die Zapfen sind ca. 6 cm gro\u00df und bieten Dir eine Vielzahl von Gestaltungsm\u00f6glichkeiten. Die Christbaumzapfen in Champagner Gold sind auch eine sch\u00f6ne Erg\u00e4nzung zu anderen Weihnachtsdekorationen. Du kannst sie f\u00fcr eine festliche Tischdekoration verwenden, indem du sie zum Beispiel als Serviettenhalter verwendest. Ebenso kannst Du sie auch als sch\u00f6ne Erg\u00e4nzung zu den anderen Weihnachtszapfen in an Deinem Weihnachtsbaum verwenden, um eine sch\u00f6ne, festliche Atmosph\u00e4re zu schaffen. Die Christbaumzapfen in Champagner Gold sind ein wundersch\u00f6nes, luxuri\u00f6ses Accessoire, das Deinem Weihnachtsschmuck ein ganz besonderes Etwas verleiht. Mit ihrem luxuri\u00f6sen Glanz und ihrer schimmernden F\u00e4rbung werden sie auch in den kommenden Jahren ein wahres Schmuckst\u00fcck in Ihrem Zuhause sein.<\/p>","protected":false},"excerpt":{"rendered":"<p>Dieses Set, bestehend aus zwei 6 cm gro\u00dfen Tannenzapfen, erg\u00e4nzt deine Weihnachtsbaumdekoration ganz hervorragend.<\/p>","protected":false},"featured_media":2869,"template":"","meta":{"_acf_changed":false},"product_brand":[112],"product_cat":[15,87,35,94],"product_tag":[110,101,106,105,103,107,102],"class_list":{"0":"post-342","1":"product","2":"type-product","3":"status-publish","4":"has-post-thumbnail","6":"product_brand-glaswunder","7":"product_cat-alle-produkte","8":"product_cat-christbaumschmuck","9":"product_cat-classic-moments","10":"product_cat-zapfen-christbaumschmuck","11":"product_tag-christbaumschmuck-aus-deutschland","12":"product_tag-christbaumschmuck","13":"product_tag-edler-weihnachtsschmuck","14":"product_tag-geschenkidee-weihnachten-deko","15":"product_tag-handgemachter-christbaumschmuck","16":"product_tag-nachhaltiger-weihnachtsschmuck","17":"product_tag-weihnachtsschmuck","19":"first","20":"outofstock","21":"sale","22":"taxable","23":"shipping-taxable","24":"purchasable","25":"product-type-simple"},"acf":[],"yoast_head":"<!-- This site is optimized with the Yoast SEO plugin v27.3 - https:\/\/yoast.com\/product\/yoast-seo-wordpress\/ -->\n<title>Christbaumschmuck - Tannenzapfen in Champagner Gold<\/title>\n<meta name=\"description\" content=\"Tannenzapfen in Champagner Gold aus Glas von Glaswunder. Handgefertigter Christbaumschmuck \u2705 Mundgeblasen \u2705 Hergestellt in Deutschland \u2705\" \/>\n<meta name=\"robots\" content=\"noindex, follow, max-snippet:-1, max-image-preview:large, max-video-preview:-1\" \/>\n<meta property=\"og:locale\" content=\"en_US\" \/>\n<meta property=\"og:type\" content=\"article\" \/>\n<meta property=\"og:title\" content=\"Christbaumschmuck - Tannenzapfen in Champagner Gold\" \/>\n<meta property=\"og:description\" content=\"Tannenzapfen in Champagner Gold aus Glas von Glaswunder. Handgefertigter Christbaumschmuck \u2705 Mundgeblasen \u2705 Hergestellt in Deutschland \u2705\" \/>\n<meta property=\"og:url\" content=\"https:\/\/staging.glaswunder.eu\/en\/shop\/cheers-to-christmas-cones-zapfen\/\" \/>\n<meta property=\"og:site_name\" content=\"Glaswunder\" \/>\n<meta property=\"article:modified_time\" content=\"2026-03-31T15:05:39+00:00\" \/>\n<meta property=\"og:image\" content=\"https:\/\/staging.glaswunder.eu\/wp-content\/uploads\/2022\/09\/cheers-to-christmas-Zapfen-4262381710152.png\" \/>\n\t<meta property=\"og:image:width\" content=\"1500\" \/>\n\t<meta property=\"og:image:height\" content=\"1500\" \/>\n\t<meta property=\"og:image:type\" content=\"image\/png\" \/>\n<meta name=\"twitter:card\" content=\"summary_large_image\" \/>\n<meta name=\"twitter:label1\" content=\"Est. reading time\" \/>\n\t<meta name=\"twitter:data1\" content=\"2 minutes\" \/>\n<script type=\"application\/ld+json\" class=\"yoast-schema-graph\">{\"@context\":\"https:\\\/\\\/schema.org\",\"@graph\":[{\"@type\":\"WebPage\",\"@id\":\"https:\\\/\\\/staging.glaswunder.eu\\\/shop\\\/cheers-to-christmas-cones-zapfen\\\/\",\"url\":\"https:\\\/\\\/staging.glaswunder.eu\\\/shop\\\/cheers-to-christmas-cones-zapfen\\\/\",\"name\":\"Christbaumschmuck - Tannenzapfen in Champagner Gold\",\"isPartOf\":{\"@id\":\"https:\\\/\\\/staging.glaswunder.eu\\\/#website\"},\"primaryImageOfPage\":{\"@id\":\"https:\\\/\\\/staging.glaswunder.eu\\\/shop\\\/cheers-to-christmas-cones-zapfen\\\/#primaryimage\"},\"image\":{\"@id\":\"https:\\\/\\\/staging.glaswunder.eu\\\/shop\\\/cheers-to-christmas-cones-zapfen\\\/#primaryimage\"},\"thumbnailUrl\":\"https:\\\/\\\/staging.glaswunder.eu\\\/wp-content\\\/uploads\\\/2022\\\/09\\\/cheers-to-christmas-Zapfen-4262381710152.png\",\"datePublished\":\"2022-09-14T08:31:11+00:00\",\"dateModified\":\"2026-03-31T15:05:39+00:00\",\"description\":\"Tannenzapfen in Champagner Gold aus Glas von Glaswunder. Handgefertigter Christbaumschmuck \u2705 Mundgeblasen \u2705 Hergestellt in Deutschland \u2705\",\"breadcrumb\":{\"@id\":\"https:\\\/\\\/staging.glaswunder.eu\\\/shop\\\/cheers-to-christmas-cones-zapfen\\\/#breadcrumb\"},\"inLanguage\":\"en-US\",\"potentialAction\":[{\"@type\":\"ReadAction\",\"target\":[\"https:\\\/\\\/staging.glaswunder.eu\\\/shop\\\/cheers-to-christmas-cones-zapfen\\\/\"]}]},{\"@type\":\"ImageObject\",\"inLanguage\":\"en-US\",\"@id\":\"https:\\\/\\\/staging.glaswunder.eu\\\/shop\\\/cheers-to-christmas-cones-zapfen\\\/#primaryimage\",\"url\":\"https:\\\/\\\/staging.glaswunder.eu\\\/wp-content\\\/uploads\\\/2022\\\/09\\\/cheers-to-christmas-Zapfen-4262381710152.png\",\"contentUrl\":\"https:\\\/\\\/staging.glaswunder.eu\\\/wp-content\\\/uploads\\\/2022\\\/09\\\/cheers-to-christmas-Zapfen-4262381710152.png\",\"width\":1500,\"height\":1500,\"caption\":\"2er Set Zapfen aus Glas mit 6cm Durchmesser in Champagner matt und Glitter in schwarzem Naturkarton\"},{\"@type\":\"BreadcrumbList\",\"@id\":\"https:\\\/\\\/staging.glaswunder.eu\\\/shop\\\/cheers-to-christmas-cones-zapfen\\\/#breadcrumb\",\"itemListElement\":[{\"@type\":\"ListItem\",\"position\":1,\"name\":\"Startseite\",\"item\":\"https:\\\/\\\/staging.glaswunder.eu\\\/\"},{\"@type\":\"ListItem\",\"position\":2,\"name\":\"Shop\",\"item\":\"https:\\\/\\\/staging.glaswunder.eu\\\/shop\\\/\"},{\"@type\":\"ListItem\",\"position\":3,\"name\":\"&#8222;cheers to christmas&#8220; &#8211; Zapfen 6 cm | Christbaumschmuck champagner gold\"}]},{\"@type\":\"WebSite\",\"@id\":\"https:\\\/\\\/staging.glaswunder.eu\\\/#website\",\"url\":\"https:\\\/\\\/staging.glaswunder.eu\\\/\",\"name\":\"Glaswunder\",\"description\":\"Exklusive Christbaumkugeln, Weihnachtkugeln, Christbaumschmuck und mehr.\",\"publisher\":{\"@id\":\"https:\\\/\\\/staging.glaswunder.eu\\\/#organization\"},\"potentialAction\":[{\"@type\":\"SearchAction\",\"target\":{\"@type\":\"EntryPoint\",\"urlTemplate\":\"https:\\\/\\\/staging.glaswunder.eu\\\/?s={search_term_string}\"},\"query-input\":{\"@type\":\"PropertyValueSpecification\",\"valueRequired\":true,\"valueName\":\"search_term_string\"}}],\"inLanguage\":\"en-US\"},{\"@type\":\"Organization\",\"@id\":\"https:\\\/\\\/staging.glaswunder.eu\\\/#organization\",\"name\":\"Glaswunder\",\"url\":\"https:\\\/\\\/staging.glaswunder.eu\\\/\",\"logo\":{\"@type\":\"ImageObject\",\"inLanguage\":\"en-US\",\"@id\":\"https:\\\/\\\/staging.glaswunder.eu\\\/#\\\/schema\\\/logo\\\/image\\\/\",\"url\":\"https:\\\/\\\/staging.glaswunder.eu\\\/wp-content\\\/uploads\\\/2023\\\/02\\\/GlasWunderLogo.webp\",\"contentUrl\":\"https:\\\/\\\/staging.glaswunder.eu\\\/wp-content\\\/uploads\\\/2023\\\/02\\\/GlasWunderLogo.webp\",\"width\":500,\"height\":486,\"caption\":\"Glaswunder\"},\"image\":{\"@id\":\"https:\\\/\\\/staging.glaswunder.eu\\\/#\\\/schema\\\/logo\\\/image\\\/\"}}]}<\/script>\n<!-- \/ Yoast SEO plugin. -->","yoast_head_json":{"title":"Christbaumschmuck - Tannenzapfen in Champagner Gold","description":"Tannenzapfen in Champagner Gold aus Glas von Glaswunder. Handgefertigter Christbaumschmuck \u2705 Mundgeblasen \u2705 Hergestellt in Deutschland \u2705","robots":{"index":"noindex","follow":"follow","max-snippet":"max-snippet:-1","max-image-preview":"max-image-preview:large","max-video-preview":"max-video-preview:-1"},"og_locale":"en_US","og_type":"article","og_title":"Christbaumschmuck - Tannenzapfen in Champagner Gold","og_description":"Tannenzapfen in Champagner Gold aus Glas von Glaswunder. Handgefertigter Christbaumschmuck \u2705 Mundgeblasen \u2705 Hergestellt in Deutschland \u2705","og_url":"https:\/\/staging.glaswunder.eu\/en\/shop\/cheers-to-christmas-cones-zapfen\/","og_site_name":"Glaswunder","article_modified_time":"2026-03-31T15:05:39+00:00","og_image":[{"width":1500,"height":1500,"url":"https:\/\/staging.glaswunder.eu\/wp-content\/uploads\/2022\/09\/cheers-to-christmas-Zapfen-4262381710152.png","type":"image\/png"}],"twitter_card":"summary_large_image","twitter_misc":{"Est. reading time":"2 minutes"},"schema":{"@context":"https:\/\/schema.org","@graph":[{"@type":"WebPage","@id":"https:\/\/staging.glaswunder.eu\/shop\/cheers-to-christmas-cones-zapfen\/","url":"https:\/\/staging.glaswunder.eu\/shop\/cheers-to-christmas-cones-zapfen\/","name":"Christbaumschmuck - Tannenzapfen in Champagner Gold","isPartOf":{"@id":"https:\/\/staging.glaswunder.eu\/#website"},"primaryImageOfPage":{"@id":"https:\/\/staging.glaswunder.eu\/shop\/cheers-to-christmas-cones-zapfen\/#primaryimage"},"image":{"@id":"https:\/\/staging.glaswunder.eu\/shop\/cheers-to-christmas-cones-zapfen\/#primaryimage"},"thumbnailUrl":"https:\/\/staging.glaswunder.eu\/wp-content\/uploads\/2022\/09\/cheers-to-christmas-Zapfen-4262381710152.png","datePublished":"2022-09-14T08:31:11+00:00","dateModified":"2026-03-31T15:05:39+00:00","description":"Tannenzapfen in Champagner Gold aus Glas von Glaswunder. Handgefertigter Christbaumschmuck \u2705 Mundgeblasen \u2705 Hergestellt in Deutschland \u2705","breadcrumb":{"@id":"https:\/\/staging.glaswunder.eu\/shop\/cheers-to-christmas-cones-zapfen\/#breadcrumb"},"inLanguage":"en-US","potentialAction":[{"@type":"ReadAction","target":["https:\/\/staging.glaswunder.eu\/shop\/cheers-to-christmas-cones-zapfen\/"]}]},{"@type":"ImageObject","inLanguage":"en-US","@id":"https:\/\/staging.glaswunder.eu\/shop\/cheers-to-christmas-cones-zapfen\/#primaryimage","url":"https:\/\/staging.glaswunder.eu\/wp-content\/uploads\/2022\/09\/cheers-to-christmas-Zapfen-4262381710152.png","contentUrl":"https:\/\/staging.glaswunder.eu\/wp-content\/uploads\/2022\/09\/cheers-to-christmas-Zapfen-4262381710152.png","width":1500,"height":1500,"caption":"2er Set Zapfen aus Glas mit 6cm Durchmesser in Champagner matt und Glitter in schwarzem Naturkarton"},{"@type":"BreadcrumbList","@id":"https:\/\/staging.glaswunder.eu\/shop\/cheers-to-christmas-cones-zapfen\/#breadcrumb","itemListElement":[{"@type":"ListItem","position":1,"name":"Startseite","item":"https:\/\/staging.glaswunder.eu\/"},{"@type":"ListItem","position":2,"name":"Shop","item":"https:\/\/staging.glaswunder.eu\/shop\/"},{"@type":"ListItem","position":3,"name":"&#8222;cheers to christmas&#8220; &#8211; Zapfen 6 cm | Christbaumschmuck champagner gold"}]},{"@type":"WebSite","@id":"https:\/\/staging.glaswunder.eu\/#website","url":"https:\/\/staging.glaswunder.eu\/","name":"Glaswunder","description":"Exklusive Christbaumkugeln, Weihnachtkugeln, Christbaumschmuck und mehr.","publisher":{"@id":"https:\/\/staging.glaswunder.eu\/#organization"},"potentialAction":[{"@type":"SearchAction","target":{"@type":"EntryPoint","urlTemplate":"https:\/\/staging.glaswunder.eu\/?s={search_term_string}"},"query-input":{"@type":"PropertyValueSpecification","valueRequired":true,"valueName":"search_term_string"}}],"inLanguage":"en-US"},{"@type":"Organization","@id":"https:\/\/staging.glaswunder.eu\/#organization","name":"Glaswunder","url":"https:\/\/staging.glaswunder.eu\/","logo":{"@type":"ImageObject","inLanguage":"en-US","@id":"https:\/\/staging.glaswunder.eu\/#\/schema\/logo\/image\/","url":"https:\/\/staging.glaswunder.eu\/wp-content\/uploads\/2023\/02\/GlasWunderLogo.webp","contentUrl":"https:\/\/staging.glaswunder.eu\/wp-content\/uploads\/2023\/02\/GlasWunderLogo.webp","width":500,"height":486,"caption":"Glaswunder"},"image":{"@id":"https:\/\/staging.glaswunder.eu\/#\/schema\/logo\/image\/"}}]}},"_links":{"self":[{"href":"https:\/\/staging.glaswunder.eu\/en\/wp-json\/wp\/v2\/product\/342","targetHints":{"allow":["GET"]}}],"collection":[{"href":"https:\/\/staging.glaswunder.eu\/en\/wp-json\/wp\/v2\/product"}],"about":[{"href":"https:\/\/staging.glaswunder.eu\/en\/wp-json\/wp\/v2\/types\/product"}],"version-history":[{"count":7,"href":"https:\/\/staging.glaswunder.eu\/en\/wp-json\/wp\/v2\/product\/342\/revisions"}],"predecessor-version":[{"id":5693,"href":"https:\/\/staging.glaswunder.eu\/en\/wp-json\/wp\/v2\/product\/342\/revisions\/5693"}],"wp:featuredmedia":[{"embeddable":true,"href":"https:\/\/staging.glaswunder.eu\/en\/wp-json\/wp\/v2\/media\/2869"}],"wp:attachment":[{"href":"https:\/\/staging.glaswunder.eu\/en\/wp-json\/wp\/v2\/media?parent=342"}],"wp:term":[{"taxonomy":"product_brand","embeddable":true,"href":"https:\/\/staging.glaswunder.eu\/en\/wp-json\/wp\/v2\/product_brand?post=342"},{"taxonomy":"product_cat","embeddable":true,"href":"https:\/\/staging.glaswunder.eu\/en\/wp-json\/wp\/v2\/product_cat?post=342"},{"taxonomy":"product_tag","embeddable":true,"href":"https:\/\/staging.glaswunder.eu\/en\/wp-json\/wp\/v2\/product_tag?post=342"}],"curies":[{"name":"wp","href":"https:\/\/api.w.org\/{rel}","templated":true}]}}