{"id":348,"date":"2022-09-14T08:31:13","date_gmt":"2022-09-14T08:31:13","guid":{"rendered":"https:\/\/glaswunder.eu\/?post_type=product&#038;p=348"},"modified":"2026-04-17T10:30:38","modified_gmt":"2026-04-17T08:30:38","slug":"sleeping-beauty-6cm","status":"publish","type":"product","link":"https:\/\/staging.glaswunder.eu\/en\/shop\/sleeping-beauty-6cm\/","title":{"rendered":"&#8222;sleeping beauty&#8220; &#8211; 6 cm Weihnachtskugeln ros\u00e9 gold"},"content":{"rendered":"<p>Christbaumkugeln und Ornamente aus Glas sind eine wunderbare M\u00f6glichkeit, um Ihren Weihnachtsbaum oder Ihre Weihnachtsdekoration zu versch\u00f6nern. Diese mundgeblasenen und handverzierten Glas Christbaumkugeln 6 cm in Ros\u00e9 Matt mit einem Softeffekt Design sind ein einzigartiger Weg, um Ihren Baum zum Leuchten zu bringen. Diese Glas Christbaumkugeln haben ein weiches, mattes Ros\u00e9-Finish, das sich wunderbar von dem weihnachtlichen Tannengr\u00fcn einf\u00fcgen l\u00e4sst. Die Kugeln sind von Hand verziert, wodurch jede einzelne einzigartig ist. Jede Kugel ist mit einem zarten goldenen Muster verziert, dass einen weichen, romantischen Look erzeugt.<\/p>\n<p>Die Glas Christbaumkugeln sehen nicht nur sch\u00f6n aus, sie sind auch langlebig und robust. Sie sind aus hochwertigem, mundgeblasenem Glas hergestellt. Diese Glas Christbaumkugeln eignen sich hervorragend zur Weihnachtsdekoration. Sie k\u00f6nnen entweder alleine oder in einer Gruppe aufgeh\u00e4ngt werden, um eine sehr festliche Atmosph\u00e4re zu schaffen. Sie sehen auch wunderbar aus, wenn sie mit anderen Dekorationen kombiniert werden, um ein einzigartiges Weihnachtsarrangement zu schaffen. Sie sind auch eine wunderbare Geschenkidee, da jede Kugel einzigartig und unverwechselbar ist. Bringen Sie Ihren Weihnachtsbaum mit diesen mundgeblasenen und handverzierten Glas Christbaumkugeln in 6 cm Ros\u00e9 Matt mit einem Softeffekt Design zum Leuchten.<\/p>","protected":false},"excerpt":{"rendered":"<p>Dieses Set besteht aus 6 Kugeln \u00e0 6 cm in einem zarten Ros\u00e9-Ton mit einem Softeffekt-Design. Sie tauchen deinen Weihnachtsbaum ganz sanft in eine Traumwelt; modern und elegant.<\/p>","protected":false},"featured_media":1763,"template":"","meta":{"_acf_changed":false},"product_brand":[112],"product_cat":[15,87,114,51,41],"product_tag":[110,101,106,105,103,107,102],"class_list":{"0":"post-348","1":"product","2":"type-product","3":"status-publish","4":"has-post-thumbnail","6":"product_brand-glaswunder","7":"product_cat-alle-produkte","8":"product_cat-christbaumschmuck","9":"product_cat-kugeln","10":"product_cat-magic_dreams","11":"product_cat-weihnachtskugeln-6cm","12":"product_tag-christbaumschmuck-aus-deutschland","13":"product_tag-christbaumschmuck","14":"product_tag-edler-weihnachtsschmuck","15":"product_tag-geschenkidee-weihnachten-deko","16":"product_tag-handgemachter-christbaumschmuck","17":"product_tag-nachhaltiger-weihnachtsschmuck","18":"product_tag-weihnachtsschmuck","20":"first","21":"instock","22":"taxable","23":"shipping-taxable","24":"purchasable","25":"product-type-simple"},"acf":[],"yoast_head":"<!-- This site is optimized with the Yoast SEO plugin v27.3 - https:\/\/yoast.com\/product\/yoast-seo-wordpress\/ -->\n<title>Christbaumkugeln - Weihnachtskugel 6cm in Ros\u00e9-Gold<\/title>\n<meta name=\"description\" content=\"Weihnachtskugeln in 6cm Ros\u00e9-Gold aus Glas von Glaswunder. Handgefertigter Christbaumschmuck \u2705 Mundgeblasen \u2705 Hergestellt in Deutschland \u2705\" \/>\n<meta name=\"robots\" content=\"noindex, follow, max-snippet:-1, max-image-preview:large, max-video-preview:-1\" \/>\n<meta property=\"og:locale\" content=\"en_US\" \/>\n<meta property=\"og:type\" content=\"article\" \/>\n<meta property=\"og:title\" content=\"Christbaumkugeln - Weihnachtskugel 6cm in Ros\u00e9-Gold\" \/>\n<meta property=\"og:description\" content=\"Weihnachtskugeln in 6cm Ros\u00e9-Gold aus Glas von Glaswunder. Handgefertigter Christbaumschmuck \u2705 Mundgeblasen \u2705 Hergestellt in Deutschland \u2705\" \/>\n<meta property=\"og:url\" content=\"https:\/\/staging.glaswunder.eu\/en\/shop\/sleeping-beauty-6cm\/\" \/>\n<meta property=\"og:site_name\" content=\"Glaswunder\" \/>\n<meta property=\"article:modified_time\" content=\"2026-04-17T08:30:38+00:00\" \/>\n<meta property=\"og:image\" content=\"https:\/\/staging.glaswunder.eu\/wp-content\/uploads\/2023\/06\/sleeping-beauty-6cm-4262381710213-773x773.png\" \/>\n\t<meta property=\"og:image:width\" content=\"773\" \/>\n\t<meta property=\"og:image:height\" content=\"773\" \/>\n\t<meta property=\"og:image:type\" content=\"image\/png\" \/>\n<meta name=\"twitter:card\" content=\"summary_large_image\" \/>\n<meta name=\"twitter:label1\" content=\"Est. reading time\" \/>\n\t<meta name=\"twitter:data1\" content=\"2 minutes\" \/>\n<script type=\"application\/ld+json\" class=\"yoast-schema-graph\">{\"@context\":\"https:\\\/\\\/schema.org\",\"@graph\":[{\"@type\":\"WebPage\",\"@id\":\"https:\\\/\\\/staging.glaswunder.eu\\\/shop\\\/sleeping-beauty-6cm\\\/\",\"url\":\"https:\\\/\\\/staging.glaswunder.eu\\\/shop\\\/sleeping-beauty-6cm\\\/\",\"name\":\"Christbaumkugeln - Weihnachtskugel 6cm in Ros\u00e9-Gold\",\"isPartOf\":{\"@id\":\"https:\\\/\\\/staging.glaswunder.eu\\\/#website\"},\"primaryImageOfPage\":{\"@id\":\"https:\\\/\\\/staging.glaswunder.eu\\\/shop\\\/sleeping-beauty-6cm\\\/#primaryimage\"},\"image\":{\"@id\":\"https:\\\/\\\/staging.glaswunder.eu\\\/shop\\\/sleeping-beauty-6cm\\\/#primaryimage\"},\"thumbnailUrl\":\"https:\\\/\\\/staging.glaswunder.eu\\\/wp-content\\\/uploads\\\/2023\\\/06\\\/sleeping-beauty-6cm-4262381710213.png\",\"datePublished\":\"2022-09-14T08:31:13+00:00\",\"dateModified\":\"2026-04-17T08:30:38+00:00\",\"description\":\"Weihnachtskugeln in 6cm Ros\u00e9-Gold aus Glas von Glaswunder. Handgefertigter Christbaumschmuck \u2705 Mundgeblasen \u2705 Hergestellt in Deutschland \u2705\",\"breadcrumb\":{\"@id\":\"https:\\\/\\\/staging.glaswunder.eu\\\/shop\\\/sleeping-beauty-6cm\\\/#breadcrumb\"},\"inLanguage\":\"en-US\",\"potentialAction\":[{\"@type\":\"ReadAction\",\"target\":[\"https:\\\/\\\/staging.glaswunder.eu\\\/shop\\\/sleeping-beauty-6cm\\\/\"]}]},{\"@type\":\"ImageObject\",\"inLanguage\":\"en-US\",\"@id\":\"https:\\\/\\\/staging.glaswunder.eu\\\/shop\\\/sleeping-beauty-6cm\\\/#primaryimage\",\"url\":\"https:\\\/\\\/staging.glaswunder.eu\\\/wp-content\\\/uploads\\\/2023\\\/06\\\/sleeping-beauty-6cm-4262381710213.png\",\"contentUrl\":\"https:\\\/\\\/staging.glaswunder.eu\\\/wp-content\\\/uploads\\\/2023\\\/06\\\/sleeping-beauty-6cm-4262381710213.png\",\"width\":1500,\"height\":1500,\"caption\":\"6er Set Christbaumkugeln aus Glas in einem matten Rosatraum und einem Softeffekt mit 6cm Durchmesser in einem schwarzen Naturkarton\"},{\"@type\":\"BreadcrumbList\",\"@id\":\"https:\\\/\\\/staging.glaswunder.eu\\\/shop\\\/sleeping-beauty-6cm\\\/#breadcrumb\",\"itemListElement\":[{\"@type\":\"ListItem\",\"position\":1,\"name\":\"Startseite\",\"item\":\"https:\\\/\\\/staging.glaswunder.eu\\\/\"},{\"@type\":\"ListItem\",\"position\":2,\"name\":\"Shop\",\"item\":\"https:\\\/\\\/staging.glaswunder.eu\\\/shop\\\/\"},{\"@type\":\"ListItem\",\"position\":3,\"name\":\"&#8222;sleeping beauty&#8220; &#8211; 6 cm Weihnachtskugeln ros\u00e9 gold\"}]},{\"@type\":\"WebSite\",\"@id\":\"https:\\\/\\\/staging.glaswunder.eu\\\/#website\",\"url\":\"https:\\\/\\\/staging.glaswunder.eu\\\/\",\"name\":\"Glaswunder\",\"description\":\"Exklusive Christbaumkugeln, Weihnachtkugeln, Christbaumschmuck und mehr.\",\"publisher\":{\"@id\":\"https:\\\/\\\/staging.glaswunder.eu\\\/#organization\"},\"potentialAction\":[{\"@type\":\"SearchAction\",\"target\":{\"@type\":\"EntryPoint\",\"urlTemplate\":\"https:\\\/\\\/staging.glaswunder.eu\\\/?s={search_term_string}\"},\"query-input\":{\"@type\":\"PropertyValueSpecification\",\"valueRequired\":true,\"valueName\":\"search_term_string\"}}],\"inLanguage\":\"en-US\"},{\"@type\":\"Organization\",\"@id\":\"https:\\\/\\\/staging.glaswunder.eu\\\/#organization\",\"name\":\"Glaswunder\",\"url\":\"https:\\\/\\\/staging.glaswunder.eu\\\/\",\"logo\":{\"@type\":\"ImageObject\",\"inLanguage\":\"en-US\",\"@id\":\"https:\\\/\\\/staging.glaswunder.eu\\\/#\\\/schema\\\/logo\\\/image\\\/\",\"url\":\"https:\\\/\\\/staging.glaswunder.eu\\\/wp-content\\\/uploads\\\/2023\\\/02\\\/GlasWunderLogo.webp\",\"contentUrl\":\"https:\\\/\\\/staging.glaswunder.eu\\\/wp-content\\\/uploads\\\/2023\\\/02\\\/GlasWunderLogo.webp\",\"width\":500,\"height\":486,\"caption\":\"Glaswunder\"},\"image\":{\"@id\":\"https:\\\/\\\/staging.glaswunder.eu\\\/#\\\/schema\\\/logo\\\/image\\\/\"}}]}<\/script>\n<!-- \/ Yoast SEO plugin. -->","yoast_head_json":{"title":"Christbaumkugeln - Weihnachtskugel 6cm in Ros\u00e9-Gold","description":"Weihnachtskugeln in 6cm Ros\u00e9-Gold aus Glas von Glaswunder. Handgefertigter Christbaumschmuck \u2705 Mundgeblasen \u2705 Hergestellt in Deutschland \u2705","robots":{"index":"noindex","follow":"follow","max-snippet":"max-snippet:-1","max-image-preview":"max-image-preview:large","max-video-preview":"max-video-preview:-1"},"og_locale":"en_US","og_type":"article","og_title":"Christbaumkugeln - Weihnachtskugel 6cm in Ros\u00e9-Gold","og_description":"Weihnachtskugeln in 6cm Ros\u00e9-Gold aus Glas von Glaswunder. Handgefertigter Christbaumschmuck \u2705 Mundgeblasen \u2705 Hergestellt in Deutschland \u2705","og_url":"https:\/\/staging.glaswunder.eu\/en\/shop\/sleeping-beauty-6cm\/","og_site_name":"Glaswunder","article_modified_time":"2026-04-17T08:30:38+00:00","og_image":[{"width":773,"height":773,"url":"https:\/\/staging.glaswunder.eu\/wp-content\/uploads\/2023\/06\/sleeping-beauty-6cm-4262381710213-773x773.png","type":"image\/png"}],"twitter_card":"summary_large_image","twitter_misc":{"Est. reading time":"2 minutes"},"schema":{"@context":"https:\/\/schema.org","@graph":[{"@type":"WebPage","@id":"https:\/\/staging.glaswunder.eu\/shop\/sleeping-beauty-6cm\/","url":"https:\/\/staging.glaswunder.eu\/shop\/sleeping-beauty-6cm\/","name":"Christbaumkugeln - Weihnachtskugel 6cm in Ros\u00e9-Gold","isPartOf":{"@id":"https:\/\/staging.glaswunder.eu\/#website"},"primaryImageOfPage":{"@id":"https:\/\/staging.glaswunder.eu\/shop\/sleeping-beauty-6cm\/#primaryimage"},"image":{"@id":"https:\/\/staging.glaswunder.eu\/shop\/sleeping-beauty-6cm\/#primaryimage"},"thumbnailUrl":"https:\/\/staging.glaswunder.eu\/wp-content\/uploads\/2023\/06\/sleeping-beauty-6cm-4262381710213.png","datePublished":"2022-09-14T08:31:13+00:00","dateModified":"2026-04-17T08:30:38+00:00","description":"Weihnachtskugeln in 6cm Ros\u00e9-Gold aus Glas von Glaswunder. Handgefertigter Christbaumschmuck \u2705 Mundgeblasen \u2705 Hergestellt in Deutschland \u2705","breadcrumb":{"@id":"https:\/\/staging.glaswunder.eu\/shop\/sleeping-beauty-6cm\/#breadcrumb"},"inLanguage":"en-US","potentialAction":[{"@type":"ReadAction","target":["https:\/\/staging.glaswunder.eu\/shop\/sleeping-beauty-6cm\/"]}]},{"@type":"ImageObject","inLanguage":"en-US","@id":"https:\/\/staging.glaswunder.eu\/shop\/sleeping-beauty-6cm\/#primaryimage","url":"https:\/\/staging.glaswunder.eu\/wp-content\/uploads\/2023\/06\/sleeping-beauty-6cm-4262381710213.png","contentUrl":"https:\/\/staging.glaswunder.eu\/wp-content\/uploads\/2023\/06\/sleeping-beauty-6cm-4262381710213.png","width":1500,"height":1500,"caption":"6er Set Christbaumkugeln aus Glas in einem matten Rosatraum und einem Softeffekt mit 6cm Durchmesser in einem schwarzen Naturkarton"},{"@type":"BreadcrumbList","@id":"https:\/\/staging.glaswunder.eu\/shop\/sleeping-beauty-6cm\/#breadcrumb","itemListElement":[{"@type":"ListItem","position":1,"name":"Startseite","item":"https:\/\/staging.glaswunder.eu\/"},{"@type":"ListItem","position":2,"name":"Shop","item":"https:\/\/staging.glaswunder.eu\/shop\/"},{"@type":"ListItem","position":3,"name":"&#8222;sleeping beauty&#8220; &#8211; 6 cm Weihnachtskugeln ros\u00e9 gold"}]},{"@type":"WebSite","@id":"https:\/\/staging.glaswunder.eu\/#website","url":"https:\/\/staging.glaswunder.eu\/","name":"Glaswunder","description":"Exklusive Christbaumkugeln, Weihnachtkugeln, Christbaumschmuck und mehr.","publisher":{"@id":"https:\/\/staging.glaswunder.eu\/#organization"},"potentialAction":[{"@type":"SearchAction","target":{"@type":"EntryPoint","urlTemplate":"https:\/\/staging.glaswunder.eu\/?s={search_term_string}"},"query-input":{"@type":"PropertyValueSpecification","valueRequired":true,"valueName":"search_term_string"}}],"inLanguage":"en-US"},{"@type":"Organization","@id":"https:\/\/staging.glaswunder.eu\/#organization","name":"Glaswunder","url":"https:\/\/staging.glaswunder.eu\/","logo":{"@type":"ImageObject","inLanguage":"en-US","@id":"https:\/\/staging.glaswunder.eu\/#\/schema\/logo\/image\/","url":"https:\/\/staging.glaswunder.eu\/wp-content\/uploads\/2023\/02\/GlasWunderLogo.webp","contentUrl":"https:\/\/staging.glaswunder.eu\/wp-content\/uploads\/2023\/02\/GlasWunderLogo.webp","width":500,"height":486,"caption":"Glaswunder"},"image":{"@id":"https:\/\/staging.glaswunder.eu\/#\/schema\/logo\/image\/"}}]}},"_links":{"self":[{"href":"https:\/\/staging.glaswunder.eu\/en\/wp-json\/wp\/v2\/product\/348","targetHints":{"allow":["GET"]}}],"collection":[{"href":"https:\/\/staging.glaswunder.eu\/en\/wp-json\/wp\/v2\/product"}],"about":[{"href":"https:\/\/staging.glaswunder.eu\/en\/wp-json\/wp\/v2\/types\/product"}],"version-history":[{"count":7,"href":"https:\/\/staging.glaswunder.eu\/en\/wp-json\/wp\/v2\/product\/348\/revisions"}],"predecessor-version":[{"id":477,"href":"https:\/\/staging.glaswunder.eu\/en\/wp-json\/wp\/v2\/product\/348\/revisions\/477"}],"wp:featuredmedia":[{"embeddable":true,"href":"https:\/\/staging.glaswunder.eu\/en\/wp-json\/wp\/v2\/media\/1763"}],"wp:attachment":[{"href":"https:\/\/staging.glaswunder.eu\/en\/wp-json\/wp\/v2\/media?parent=348"}],"wp:term":[{"taxonomy":"product_brand","embeddable":true,"href":"https:\/\/staging.glaswunder.eu\/en\/wp-json\/wp\/v2\/product_brand?post=348"},{"taxonomy":"product_cat","embeddable":true,"href":"https:\/\/staging.glaswunder.eu\/en\/wp-json\/wp\/v2\/product_cat?post=348"},{"taxonomy":"product_tag","embeddable":true,"href":"https:\/\/staging.glaswunder.eu\/en\/wp-json\/wp\/v2\/product_tag?post=348"}],"curies":[{"name":"wp","href":"https:\/\/api.w.org\/{rel}","templated":true}]}}