{"id":357,"date":"2022-09-14T08:31:24","date_gmt":"2022-09-14T08:31:24","guid":{"rendered":"https:\/\/glaswunder.eu\/?post_type=product&#038;p=357"},"modified":"2026-03-31T15:26:23","modified_gmt":"2026-03-31T15:26:23","slug":"swirled-snow-gedr-zapfen","status":"publish","type":"product","link":"https:\/\/staging.glaswunder.eu\/en\/shop\/swirled-snow-gedr-zapfen\/","title":{"rendered":"&#8222;swirled snow&#8220; &#8211; gedrehte Zapfen 11 cm | Christbaumschmuck wei\u00df ice"},"content":{"rendered":"<p>Unser &#8222;Swirled Snow&#8220; &#8211; Zapfenset ist in einem wundersch\u00f6nen frostigen wei\u00df Ice mit Glitter \u00fcberzogen und einer sehr tollen gedrehten Optik. Sie ergeben an deinem Weihnachtsbaum die sch\u00f6ne Eiszeit ab, da sie uns ganz besonders an die Eiszapfen zur kalten Winter- und Weihnachtszeit erinnern. Sie sind ebenso ein toller Hingucker und lassen sich auch prima mit aller Art an Weihnachtsschmuck kombinieren. Sehr auffallend und einzigartig stechen sie aus deinem toll geschm\u00fcckten Baum hervor. Im Licht kommt das schimmern und glitzern besonders gut zur Geltung und verzaubert uns so richtig in das Winter Wonderland Feeling. Ein passendes Pendant zu den gedrehten Zapfen w\u00e4re unser &#8222;<a href=\"https:\/\/staging.glaswunder.eu\/en\/shop\/snow-white-iced-zapfen\/\">Snow White Iced<\/a>&#8220; &#8211; Zapfenset. Schau es dir doch gerne mal an.\u00a0Der Christbaumschmuck besteht aus 3 Zapfen \u00e1 11cm. Sie sind aus mundgeblasenem Glas und von Hand verziert. Durch die hochwertige Verarbeitung sind die Zapfen sehr langlebig. Sie sind in Deutschland hergestellt.<\/p>\n<p>Die Zapfen aus Glas sind nur f\u00fcr den Gebrauch im Innenbereich vorgesehen.<\/p>","protected":false},"excerpt":{"rendered":"<p>Dieses Set besteht aus 3 gedrehten Tannenzapfen \u00e0 11 cm, welche in ihrem wei\u00dfen Farbton und mit dem icing Design an den Look von Eiszapfen erinnern. Diese Eiszapfen geben deinem Weihnachtsbaum den letzten Feinschliff.<\/p>","protected":false},"featured_media":1785,"template":"","meta":{"_acf_changed":false},"product_brand":[112],"product_cat":[15,87,51,94],"product_tag":[110,101,106,105,103,107,102],"class_list":{"0":"post-357","1":"product","2":"type-product","3":"status-publish","4":"has-post-thumbnail","6":"product_brand-glaswunder","7":"product_cat-alle-produkte","8":"product_cat-christbaumschmuck","9":"product_cat-magic_dreams","10":"product_cat-zapfen-christbaumschmuck","11":"product_tag-christbaumschmuck-aus-deutschland","12":"product_tag-christbaumschmuck","13":"product_tag-edler-weihnachtsschmuck","14":"product_tag-geschenkidee-weihnachten-deko","15":"product_tag-handgemachter-christbaumschmuck","16":"product_tag-nachhaltiger-weihnachtsschmuck","17":"product_tag-weihnachtsschmuck","19":"first","20":"outofstock","21":"taxable","22":"shipping-taxable","23":"purchasable","24":"product-type-simple"},"acf":[],"yoast_head":"<!-- This site is optimized with the Yoast SEO plugin v27.3 - https:\/\/yoast.com\/product\/yoast-seo-wordpress\/ -->\n<title>Christbaumschmuck - Gedrehte Zapfen in Wei\u00df Ice<\/title>\n<meta name=\"description\" content=\"Gedrehte Zapfen Wei\u00df Ice aus Glas von Glaswunder. Handgefertigter Christbaumschmuck \u2705 Mundgeblasen \u2705 Hergestellt in Deutschland \u2705\" \/>\n<meta name=\"robots\" content=\"noindex, follow, max-snippet:-1, max-image-preview:large, max-video-preview:-1\" \/>\n<meta property=\"og:locale\" content=\"en_US\" \/>\n<meta property=\"og:type\" content=\"article\" \/>\n<meta property=\"og:title\" content=\"Christbaumschmuck - Gedrehte Zapfen in Wei\u00df Ice\" \/>\n<meta property=\"og:description\" content=\"Gedrehte Zapfen Wei\u00df Ice aus Glas von Glaswunder. Handgefertigter Christbaumschmuck \u2705 Mundgeblasen \u2705 Hergestellt in Deutschland \u2705\" \/>\n<meta property=\"og:url\" content=\"https:\/\/staging.glaswunder.eu\/en\/shop\/swirled-snow-gedr-zapfen\/\" \/>\n<meta property=\"og:site_name\" content=\"Glaswunder\" \/>\n<meta property=\"article:modified_time\" content=\"2026-03-31T15:26:23+00:00\" \/>\n<meta property=\"og:image\" content=\"https:\/\/staging.glaswunder.eu\/wp-content\/uploads\/2023\/06\/swirled-snow-gedrehte-Zapfen-4262381710305.png\" \/>\n\t<meta property=\"og:image:width\" content=\"1500\" \/>\n\t<meta property=\"og:image:height\" content=\"1500\" \/>\n\t<meta property=\"og:image:type\" content=\"image\/png\" \/>\n<meta name=\"twitter:card\" content=\"summary_large_image\" \/>\n<meta name=\"twitter:label1\" content=\"Est. reading time\" \/>\n\t<meta name=\"twitter:data1\" content=\"2 minutes\" \/>\n<script type=\"application\/ld+json\" class=\"yoast-schema-graph\">{\"@context\":\"https:\\\/\\\/schema.org\",\"@graph\":[{\"@type\":\"WebPage\",\"@id\":\"https:\\\/\\\/staging.glaswunder.eu\\\/shop\\\/swirled-snow-gedr-zapfen\\\/\",\"url\":\"https:\\\/\\\/staging.glaswunder.eu\\\/shop\\\/swirled-snow-gedr-zapfen\\\/\",\"name\":\"Christbaumschmuck - Gedrehte Zapfen in Wei\u00df Ice\",\"isPartOf\":{\"@id\":\"https:\\\/\\\/staging.glaswunder.eu\\\/#website\"},\"primaryImageOfPage\":{\"@id\":\"https:\\\/\\\/staging.glaswunder.eu\\\/shop\\\/swirled-snow-gedr-zapfen\\\/#primaryimage\"},\"image\":{\"@id\":\"https:\\\/\\\/staging.glaswunder.eu\\\/shop\\\/swirled-snow-gedr-zapfen\\\/#primaryimage\"},\"thumbnailUrl\":\"https:\\\/\\\/staging.glaswunder.eu\\\/wp-content\\\/uploads\\\/2023\\\/06\\\/swirled-snow-gedrehte-Zapfen-4262381710305.png\",\"datePublished\":\"2022-09-14T08:31:24+00:00\",\"dateModified\":\"2026-03-31T15:26:23+00:00\",\"description\":\"Gedrehte Zapfen Wei\u00df Ice aus Glas von Glaswunder. Handgefertigter Christbaumschmuck \u2705 Mundgeblasen \u2705 Hergestellt in Deutschland \u2705\",\"breadcrumb\":{\"@id\":\"https:\\\/\\\/staging.glaswunder.eu\\\/shop\\\/swirled-snow-gedr-zapfen\\\/#breadcrumb\"},\"inLanguage\":\"en-US\",\"potentialAction\":[{\"@type\":\"ReadAction\",\"target\":[\"https:\\\/\\\/staging.glaswunder.eu\\\/shop\\\/swirled-snow-gedr-zapfen\\\/\"]}]},{\"@type\":\"ImageObject\",\"inLanguage\":\"en-US\",\"@id\":\"https:\\\/\\\/staging.glaswunder.eu\\\/shop\\\/swirled-snow-gedr-zapfen\\\/#primaryimage\",\"url\":\"https:\\\/\\\/staging.glaswunder.eu\\\/wp-content\\\/uploads\\\/2023\\\/06\\\/swirled-snow-gedrehte-Zapfen-4262381710305.png\",\"contentUrl\":\"https:\\\/\\\/staging.glaswunder.eu\\\/wp-content\\\/uploads\\\/2023\\\/06\\\/swirled-snow-gedrehte-Zapfen-4262381710305.png\",\"width\":1500,\"height\":1500,\"caption\":\"3er Set gedrehte Zapfen aus Glas in wei\u00df Eis mit 11cm Durchmesser in einem schwarzen Naturkarton\"},{\"@type\":\"BreadcrumbList\",\"@id\":\"https:\\\/\\\/staging.glaswunder.eu\\\/shop\\\/swirled-snow-gedr-zapfen\\\/#breadcrumb\",\"itemListElement\":[{\"@type\":\"ListItem\",\"position\":1,\"name\":\"Startseite\",\"item\":\"https:\\\/\\\/staging.glaswunder.eu\\\/\"},{\"@type\":\"ListItem\",\"position\":2,\"name\":\"Shop\",\"item\":\"https:\\\/\\\/staging.glaswunder.eu\\\/shop\\\/\"},{\"@type\":\"ListItem\",\"position\":3,\"name\":\"&#8222;swirled snow&#8220; &#8211; gedrehte Zapfen 11 cm | Christbaumschmuck wei\u00df ice\"}]},{\"@type\":\"WebSite\",\"@id\":\"https:\\\/\\\/staging.glaswunder.eu\\\/#website\",\"url\":\"https:\\\/\\\/staging.glaswunder.eu\\\/\",\"name\":\"Glaswunder\",\"description\":\"Exklusive Christbaumkugeln, Weihnachtkugeln, Christbaumschmuck und mehr.\",\"publisher\":{\"@id\":\"https:\\\/\\\/staging.glaswunder.eu\\\/#organization\"},\"potentialAction\":[{\"@type\":\"SearchAction\",\"target\":{\"@type\":\"EntryPoint\",\"urlTemplate\":\"https:\\\/\\\/staging.glaswunder.eu\\\/?s={search_term_string}\"},\"query-input\":{\"@type\":\"PropertyValueSpecification\",\"valueRequired\":true,\"valueName\":\"search_term_string\"}}],\"inLanguage\":\"en-US\"},{\"@type\":\"Organization\",\"@id\":\"https:\\\/\\\/staging.glaswunder.eu\\\/#organization\",\"name\":\"Glaswunder\",\"url\":\"https:\\\/\\\/staging.glaswunder.eu\\\/\",\"logo\":{\"@type\":\"ImageObject\",\"inLanguage\":\"en-US\",\"@id\":\"https:\\\/\\\/staging.glaswunder.eu\\\/#\\\/schema\\\/logo\\\/image\\\/\",\"url\":\"https:\\\/\\\/staging.glaswunder.eu\\\/wp-content\\\/uploads\\\/2023\\\/02\\\/GlasWunderLogo.webp\",\"contentUrl\":\"https:\\\/\\\/staging.glaswunder.eu\\\/wp-content\\\/uploads\\\/2023\\\/02\\\/GlasWunderLogo.webp\",\"width\":500,\"height\":486,\"caption\":\"Glaswunder\"},\"image\":{\"@id\":\"https:\\\/\\\/staging.glaswunder.eu\\\/#\\\/schema\\\/logo\\\/image\\\/\"}}]}<\/script>\n<!-- \/ Yoast SEO plugin. -->","yoast_head_json":{"title":"Christbaumschmuck - Gedrehte Zapfen in Wei\u00df Ice","description":"Gedrehte Zapfen Wei\u00df Ice aus Glas von Glaswunder. Handgefertigter Christbaumschmuck \u2705 Mundgeblasen \u2705 Hergestellt in Deutschland \u2705","robots":{"index":"noindex","follow":"follow","max-snippet":"max-snippet:-1","max-image-preview":"max-image-preview:large","max-video-preview":"max-video-preview:-1"},"og_locale":"en_US","og_type":"article","og_title":"Christbaumschmuck - Gedrehte Zapfen in Wei\u00df Ice","og_description":"Gedrehte Zapfen Wei\u00df Ice aus Glas von Glaswunder. Handgefertigter Christbaumschmuck \u2705 Mundgeblasen \u2705 Hergestellt in Deutschland \u2705","og_url":"https:\/\/staging.glaswunder.eu\/en\/shop\/swirled-snow-gedr-zapfen\/","og_site_name":"Glaswunder","article_modified_time":"2026-03-31T15:26:23+00:00","og_image":[{"width":1500,"height":1500,"url":"https:\/\/staging.glaswunder.eu\/wp-content\/uploads\/2023\/06\/swirled-snow-gedrehte-Zapfen-4262381710305.png","type":"image\/png"}],"twitter_card":"summary_large_image","twitter_misc":{"Est. reading time":"2 minutes"},"schema":{"@context":"https:\/\/schema.org","@graph":[{"@type":"WebPage","@id":"https:\/\/staging.glaswunder.eu\/shop\/swirled-snow-gedr-zapfen\/","url":"https:\/\/staging.glaswunder.eu\/shop\/swirled-snow-gedr-zapfen\/","name":"Christbaumschmuck - Gedrehte Zapfen in Wei\u00df Ice","isPartOf":{"@id":"https:\/\/staging.glaswunder.eu\/#website"},"primaryImageOfPage":{"@id":"https:\/\/staging.glaswunder.eu\/shop\/swirled-snow-gedr-zapfen\/#primaryimage"},"image":{"@id":"https:\/\/staging.glaswunder.eu\/shop\/swirled-snow-gedr-zapfen\/#primaryimage"},"thumbnailUrl":"https:\/\/staging.glaswunder.eu\/wp-content\/uploads\/2023\/06\/swirled-snow-gedrehte-Zapfen-4262381710305.png","datePublished":"2022-09-14T08:31:24+00:00","dateModified":"2026-03-31T15:26:23+00:00","description":"Gedrehte Zapfen Wei\u00df Ice aus Glas von Glaswunder. Handgefertigter Christbaumschmuck \u2705 Mundgeblasen \u2705 Hergestellt in Deutschland \u2705","breadcrumb":{"@id":"https:\/\/staging.glaswunder.eu\/shop\/swirled-snow-gedr-zapfen\/#breadcrumb"},"inLanguage":"en-US","potentialAction":[{"@type":"ReadAction","target":["https:\/\/staging.glaswunder.eu\/shop\/swirled-snow-gedr-zapfen\/"]}]},{"@type":"ImageObject","inLanguage":"en-US","@id":"https:\/\/staging.glaswunder.eu\/shop\/swirled-snow-gedr-zapfen\/#primaryimage","url":"https:\/\/staging.glaswunder.eu\/wp-content\/uploads\/2023\/06\/swirled-snow-gedrehte-Zapfen-4262381710305.png","contentUrl":"https:\/\/staging.glaswunder.eu\/wp-content\/uploads\/2023\/06\/swirled-snow-gedrehte-Zapfen-4262381710305.png","width":1500,"height":1500,"caption":"3er Set gedrehte Zapfen aus Glas in wei\u00df Eis mit 11cm Durchmesser in einem schwarzen Naturkarton"},{"@type":"BreadcrumbList","@id":"https:\/\/staging.glaswunder.eu\/shop\/swirled-snow-gedr-zapfen\/#breadcrumb","itemListElement":[{"@type":"ListItem","position":1,"name":"Startseite","item":"https:\/\/staging.glaswunder.eu\/"},{"@type":"ListItem","position":2,"name":"Shop","item":"https:\/\/staging.glaswunder.eu\/shop\/"},{"@type":"ListItem","position":3,"name":"&#8222;swirled snow&#8220; &#8211; gedrehte Zapfen 11 cm | Christbaumschmuck wei\u00df ice"}]},{"@type":"WebSite","@id":"https:\/\/staging.glaswunder.eu\/#website","url":"https:\/\/staging.glaswunder.eu\/","name":"Glaswunder","description":"Exklusive Christbaumkugeln, Weihnachtkugeln, Christbaumschmuck und mehr.","publisher":{"@id":"https:\/\/staging.glaswunder.eu\/#organization"},"potentialAction":[{"@type":"SearchAction","target":{"@type":"EntryPoint","urlTemplate":"https:\/\/staging.glaswunder.eu\/?s={search_term_string}"},"query-input":{"@type":"PropertyValueSpecification","valueRequired":true,"valueName":"search_term_string"}}],"inLanguage":"en-US"},{"@type":"Organization","@id":"https:\/\/staging.glaswunder.eu\/#organization","name":"Glaswunder","url":"https:\/\/staging.glaswunder.eu\/","logo":{"@type":"ImageObject","inLanguage":"en-US","@id":"https:\/\/staging.glaswunder.eu\/#\/schema\/logo\/image\/","url":"https:\/\/staging.glaswunder.eu\/wp-content\/uploads\/2023\/02\/GlasWunderLogo.webp","contentUrl":"https:\/\/staging.glaswunder.eu\/wp-content\/uploads\/2023\/02\/GlasWunderLogo.webp","width":500,"height":486,"caption":"Glaswunder"},"image":{"@id":"https:\/\/staging.glaswunder.eu\/#\/schema\/logo\/image\/"}}]}},"_links":{"self":[{"href":"https:\/\/staging.glaswunder.eu\/en\/wp-json\/wp\/v2\/product\/357","targetHints":{"allow":["GET"]}}],"collection":[{"href":"https:\/\/staging.glaswunder.eu\/en\/wp-json\/wp\/v2\/product"}],"about":[{"href":"https:\/\/staging.glaswunder.eu\/en\/wp-json\/wp\/v2\/types\/product"}],"version-history":[{"count":7,"href":"https:\/\/staging.glaswunder.eu\/en\/wp-json\/wp\/v2\/product\/357\/revisions"}],"predecessor-version":[{"id":5708,"href":"https:\/\/staging.glaswunder.eu\/en\/wp-json\/wp\/v2\/product\/357\/revisions\/5708"}],"wp:featuredmedia":[{"embeddable":true,"href":"https:\/\/staging.glaswunder.eu\/en\/wp-json\/wp\/v2\/media\/1785"}],"wp:attachment":[{"href":"https:\/\/staging.glaswunder.eu\/en\/wp-json\/wp\/v2\/media?parent=357"}],"wp:term":[{"taxonomy":"product_brand","embeddable":true,"href":"https:\/\/staging.glaswunder.eu\/en\/wp-json\/wp\/v2\/product_brand?post=357"},{"taxonomy":"product_cat","embeddable":true,"href":"https:\/\/staging.glaswunder.eu\/en\/wp-json\/wp\/v2\/product_cat?post=357"},{"taxonomy":"product_tag","embeddable":true,"href":"https:\/\/staging.glaswunder.eu\/en\/wp-json\/wp\/v2\/product_tag?post=357"}],"curies":[{"name":"wp","href":"https:\/\/api.w.org\/{rel}","templated":true}]}}