{"id":359,"date":"2022-09-14T08:31:25","date_gmt":"2022-09-14T08:31:25","guid":{"rendered":"https:\/\/glaswunder.eu\/?post_type=product&#038;p=359"},"modified":"2026-03-31T15:27:33","modified_gmt":"2026-03-31T15:27:33","slug":"flowers-on-earth-glocke","status":"publish","type":"product","link":"https:\/\/staging.glaswunder.eu\/en\/shop\/flowers-on-earth-glocke\/","title":{"rendered":"&#8222;flowers on earth&#8220; &#8211; Glocke 5 cm | Christbaumschmuck cappuccino braun"},"content":{"rendered":"<p>Unser &#8222;Flower on Earth&#8220; &#8211; Glockenset haben wir f\u00fcr dich in einem kr\u00e4ftigen Cappuccino braunmatt, \u00fcberzogen von einem wundersch\u00f6nen floralem Design zusammen gestellt. Die Tiefe der Farbe ist sehr beeindruckend und gibt einem das Gef\u00fchl von Bodenst\u00e4ndigkeit und gleichzeitig die Offenheit f\u00fcr Genuss. Sei es der warme Kakao oder der Kaffee zur kalten Jahreszeit oder einfach ein leckeres St\u00fcck Schokolade. In deinem Weihnachtsbaum w\u00e4ren unsere Glocken ein toller Hingucker und ergeben ein tolles Sinnbild der Natur ab. Unser Christbaumschmuck ist vielf\u00e4ltig einsetzbar und man kann ihn prima aufh\u00e4ngen. Das &#8222;Flower on Earth&#8220; &#8211; Set besteht aus 2 mundgeblasenen Glocken aus Glas. Sie sind 5cm gro\u00df, von Hand verziert und in Deutschland hergestellt. Durch die Hochwertige Verarbeitung sind die Glocken auch sehr langlebig und lassen sich einfach reinigen.<\/p>\n<p>Der Christbaumschmuck ist nur f\u00fcr den Gebrauch im Innenbereich vorgesehen.<\/p>","protected":false},"excerpt":{"rendered":"<p>Dieses Glocken-Set, bestehend aus zwei 5 cm gro\u00dfen Glocken, l\u00e4sst deinen Weihnachtsbaum in einem sinnlichen dunklen Braunton mit zartem Bl\u00fcten-Design erstrahlen. Als optimale Erg\u00e4nzung zu den Kugeln und der Spitze der &#8222;Nature Spirit&#8220; Collection.<\/p>","protected":false},"featured_media":1842,"template":"","meta":{"_acf_changed":false},"product_brand":[112],"product_cat":[15,87,95,37],"product_tag":[110,101,106,105,103,107,102],"class_list":{"0":"post-359","1":"product","2":"type-product","3":"status-publish","4":"has-post-thumbnail","6":"product_brand-glaswunder","7":"product_cat-alle-produkte","8":"product_cat-christbaumschmuck","9":"product_cat-glocken","10":"product_cat-nature-spirit","11":"product_tag-christbaumschmuck-aus-deutschland","12":"product_tag-christbaumschmuck","13":"product_tag-edler-weihnachtsschmuck","14":"product_tag-geschenkidee-weihnachten-deko","15":"product_tag-handgemachter-christbaumschmuck","16":"product_tag-nachhaltiger-weihnachtsschmuck","17":"product_tag-weihnachtsschmuck","19":"first","20":"instock","21":"taxable","22":"shipping-taxable","23":"purchasable","24":"product-type-simple"},"acf":[],"yoast_head":"<!-- This site is optimized with the Yoast SEO plugin v27.3 - https:\/\/yoast.com\/product\/yoast-seo-wordpress\/ -->\n<title>Christbaumschmuck - Weihnachtsglocke in Cappuccino-Braun<\/title>\n<meta name=\"description\" content=\"Weihnachtsglocke in Cappuccino-Braun aus Glas von Glaswunder. Handgefertigter Christbaumschmuck \u2705 Mundgeblasen \u2705 Hergestellt in Deutschland \u2705\" \/>\n<meta name=\"robots\" content=\"noindex, follow, max-snippet:-1, max-image-preview:large, max-video-preview:-1\" \/>\n<meta property=\"og:locale\" content=\"en_US\" \/>\n<meta property=\"og:type\" content=\"article\" \/>\n<meta property=\"og:title\" content=\"Christbaumschmuck - Weihnachtsglocke in Cappuccino-Braun\" \/>\n<meta property=\"og:description\" content=\"Weihnachtsglocke in Cappuccino-Braun aus Glas von Glaswunder. Handgefertigter Christbaumschmuck \u2705 Mundgeblasen \u2705 Hergestellt in Deutschland \u2705\" \/>\n<meta property=\"og:url\" content=\"https:\/\/staging.glaswunder.eu\/en\/shop\/flowers-on-earth-glocke\/\" \/>\n<meta property=\"og:site_name\" content=\"Glaswunder\" \/>\n<meta property=\"article:modified_time\" content=\"2026-03-31T15:27:33+00:00\" \/>\n<meta property=\"og:image\" content=\"https:\/\/staging.glaswunder.eu\/wp-content\/uploads\/2023\/06\/flowers-on-earth-Glocke-4262381710329-773x773.png\" \/>\n\t<meta property=\"og:image:width\" content=\"773\" \/>\n\t<meta property=\"og:image:height\" content=\"773\" \/>\n\t<meta property=\"og:image:type\" content=\"image\/png\" \/>\n<meta name=\"twitter:card\" content=\"summary_large_image\" \/>\n<meta name=\"twitter:label1\" content=\"Est. reading time\" \/>\n\t<meta name=\"twitter:data1\" content=\"1 minute\" \/>\n<script type=\"application\/ld+json\" class=\"yoast-schema-graph\">{\"@context\":\"https:\\\/\\\/schema.org\",\"@graph\":[{\"@type\":\"WebPage\",\"@id\":\"https:\\\/\\\/staging.glaswunder.eu\\\/shop\\\/flowers-on-earth-glocke\\\/\",\"url\":\"https:\\\/\\\/staging.glaswunder.eu\\\/shop\\\/flowers-on-earth-glocke\\\/\",\"name\":\"Christbaumschmuck - Weihnachtsglocke in Cappuccino-Braun\",\"isPartOf\":{\"@id\":\"https:\\\/\\\/staging.glaswunder.eu\\\/#website\"},\"primaryImageOfPage\":{\"@id\":\"https:\\\/\\\/staging.glaswunder.eu\\\/shop\\\/flowers-on-earth-glocke\\\/#primaryimage\"},\"image\":{\"@id\":\"https:\\\/\\\/staging.glaswunder.eu\\\/shop\\\/flowers-on-earth-glocke\\\/#primaryimage\"},\"thumbnailUrl\":\"https:\\\/\\\/staging.glaswunder.eu\\\/wp-content\\\/uploads\\\/2023\\\/06\\\/flowers-on-earth-Glocke-4262381710329.png\",\"datePublished\":\"2022-09-14T08:31:25+00:00\",\"dateModified\":\"2026-03-31T15:27:33+00:00\",\"description\":\"Weihnachtsglocke in Cappuccino-Braun aus Glas von Glaswunder. Handgefertigter Christbaumschmuck \u2705 Mundgeblasen \u2705 Hergestellt in Deutschland \u2705\",\"breadcrumb\":{\"@id\":\"https:\\\/\\\/staging.glaswunder.eu\\\/shop\\\/flowers-on-earth-glocke\\\/#breadcrumb\"},\"inLanguage\":\"en-US\",\"potentialAction\":[{\"@type\":\"ReadAction\",\"target\":[\"https:\\\/\\\/staging.glaswunder.eu\\\/shop\\\/flowers-on-earth-glocke\\\/\"]}]},{\"@type\":\"ImageObject\",\"inLanguage\":\"en-US\",\"@id\":\"https:\\\/\\\/staging.glaswunder.eu\\\/shop\\\/flowers-on-earth-glocke\\\/#primaryimage\",\"url\":\"https:\\\/\\\/staging.glaswunder.eu\\\/wp-content\\\/uploads\\\/2023\\\/06\\\/flowers-on-earth-Glocke-4262381710329.png\",\"contentUrl\":\"https:\\\/\\\/staging.glaswunder.eu\\\/wp-content\\\/uploads\\\/2023\\\/06\\\/flowers-on-earth-Glocke-4262381710329.png\",\"width\":1500,\"height\":1500,\"caption\":\"2er Set Glocken aus Glas mit 5cm Durchmesser in Caramel Opal und einem Bl\u00fctenbouquet in einem schwarzen Naturkarton\"},{\"@type\":\"BreadcrumbList\",\"@id\":\"https:\\\/\\\/staging.glaswunder.eu\\\/shop\\\/flowers-on-earth-glocke\\\/#breadcrumb\",\"itemListElement\":[{\"@type\":\"ListItem\",\"position\":1,\"name\":\"Startseite\",\"item\":\"https:\\\/\\\/staging.glaswunder.eu\\\/\"},{\"@type\":\"ListItem\",\"position\":2,\"name\":\"Shop\",\"item\":\"https:\\\/\\\/staging.glaswunder.eu\\\/shop\\\/\"},{\"@type\":\"ListItem\",\"position\":3,\"name\":\"&#8222;flowers on earth&#8220; &#8211; Glocke 5 cm | Christbaumschmuck cappuccino braun\"}]},{\"@type\":\"WebSite\",\"@id\":\"https:\\\/\\\/staging.glaswunder.eu\\\/#website\",\"url\":\"https:\\\/\\\/staging.glaswunder.eu\\\/\",\"name\":\"Glaswunder\",\"description\":\"Exklusive Christbaumkugeln, Weihnachtkugeln, Christbaumschmuck und mehr.\",\"publisher\":{\"@id\":\"https:\\\/\\\/staging.glaswunder.eu\\\/#organization\"},\"potentialAction\":[{\"@type\":\"SearchAction\",\"target\":{\"@type\":\"EntryPoint\",\"urlTemplate\":\"https:\\\/\\\/staging.glaswunder.eu\\\/?s={search_term_string}\"},\"query-input\":{\"@type\":\"PropertyValueSpecification\",\"valueRequired\":true,\"valueName\":\"search_term_string\"}}],\"inLanguage\":\"en-US\"},{\"@type\":\"Organization\",\"@id\":\"https:\\\/\\\/staging.glaswunder.eu\\\/#organization\",\"name\":\"Glaswunder\",\"url\":\"https:\\\/\\\/staging.glaswunder.eu\\\/\",\"logo\":{\"@type\":\"ImageObject\",\"inLanguage\":\"en-US\",\"@id\":\"https:\\\/\\\/staging.glaswunder.eu\\\/#\\\/schema\\\/logo\\\/image\\\/\",\"url\":\"https:\\\/\\\/staging.glaswunder.eu\\\/wp-content\\\/uploads\\\/2023\\\/02\\\/GlasWunderLogo.webp\",\"contentUrl\":\"https:\\\/\\\/staging.glaswunder.eu\\\/wp-content\\\/uploads\\\/2023\\\/02\\\/GlasWunderLogo.webp\",\"width\":500,\"height\":486,\"caption\":\"Glaswunder\"},\"image\":{\"@id\":\"https:\\\/\\\/staging.glaswunder.eu\\\/#\\\/schema\\\/logo\\\/image\\\/\"}}]}<\/script>\n<!-- \/ Yoast SEO plugin. -->","yoast_head_json":{"title":"Christbaumschmuck - Weihnachtsglocke in Cappuccino-Braun","description":"Weihnachtsglocke in Cappuccino-Braun aus Glas von Glaswunder. Handgefertigter Christbaumschmuck \u2705 Mundgeblasen \u2705 Hergestellt in Deutschland \u2705","robots":{"index":"noindex","follow":"follow","max-snippet":"max-snippet:-1","max-image-preview":"max-image-preview:large","max-video-preview":"max-video-preview:-1"},"og_locale":"en_US","og_type":"article","og_title":"Christbaumschmuck - Weihnachtsglocke in Cappuccino-Braun","og_description":"Weihnachtsglocke in Cappuccino-Braun aus Glas von Glaswunder. Handgefertigter Christbaumschmuck \u2705 Mundgeblasen \u2705 Hergestellt in Deutschland \u2705","og_url":"https:\/\/staging.glaswunder.eu\/en\/shop\/flowers-on-earth-glocke\/","og_site_name":"Glaswunder","article_modified_time":"2026-03-31T15:27:33+00:00","og_image":[{"width":773,"height":773,"url":"https:\/\/staging.glaswunder.eu\/wp-content\/uploads\/2023\/06\/flowers-on-earth-Glocke-4262381710329-773x773.png","type":"image\/png"}],"twitter_card":"summary_large_image","twitter_misc":{"Est. reading time":"1 minute"},"schema":{"@context":"https:\/\/schema.org","@graph":[{"@type":"WebPage","@id":"https:\/\/staging.glaswunder.eu\/shop\/flowers-on-earth-glocke\/","url":"https:\/\/staging.glaswunder.eu\/shop\/flowers-on-earth-glocke\/","name":"Christbaumschmuck - Weihnachtsglocke in Cappuccino-Braun","isPartOf":{"@id":"https:\/\/staging.glaswunder.eu\/#website"},"primaryImageOfPage":{"@id":"https:\/\/staging.glaswunder.eu\/shop\/flowers-on-earth-glocke\/#primaryimage"},"image":{"@id":"https:\/\/staging.glaswunder.eu\/shop\/flowers-on-earth-glocke\/#primaryimage"},"thumbnailUrl":"https:\/\/staging.glaswunder.eu\/wp-content\/uploads\/2023\/06\/flowers-on-earth-Glocke-4262381710329.png","datePublished":"2022-09-14T08:31:25+00:00","dateModified":"2026-03-31T15:27:33+00:00","description":"Weihnachtsglocke in Cappuccino-Braun aus Glas von Glaswunder. Handgefertigter Christbaumschmuck \u2705 Mundgeblasen \u2705 Hergestellt in Deutschland \u2705","breadcrumb":{"@id":"https:\/\/staging.glaswunder.eu\/shop\/flowers-on-earth-glocke\/#breadcrumb"},"inLanguage":"en-US","potentialAction":[{"@type":"ReadAction","target":["https:\/\/staging.glaswunder.eu\/shop\/flowers-on-earth-glocke\/"]}]},{"@type":"ImageObject","inLanguage":"en-US","@id":"https:\/\/staging.glaswunder.eu\/shop\/flowers-on-earth-glocke\/#primaryimage","url":"https:\/\/staging.glaswunder.eu\/wp-content\/uploads\/2023\/06\/flowers-on-earth-Glocke-4262381710329.png","contentUrl":"https:\/\/staging.glaswunder.eu\/wp-content\/uploads\/2023\/06\/flowers-on-earth-Glocke-4262381710329.png","width":1500,"height":1500,"caption":"2er Set Glocken aus Glas mit 5cm Durchmesser in Caramel Opal und einem Bl\u00fctenbouquet in einem schwarzen Naturkarton"},{"@type":"BreadcrumbList","@id":"https:\/\/staging.glaswunder.eu\/shop\/flowers-on-earth-glocke\/#breadcrumb","itemListElement":[{"@type":"ListItem","position":1,"name":"Startseite","item":"https:\/\/staging.glaswunder.eu\/"},{"@type":"ListItem","position":2,"name":"Shop","item":"https:\/\/staging.glaswunder.eu\/shop\/"},{"@type":"ListItem","position":3,"name":"&#8222;flowers on earth&#8220; &#8211; Glocke 5 cm | Christbaumschmuck cappuccino braun"}]},{"@type":"WebSite","@id":"https:\/\/staging.glaswunder.eu\/#website","url":"https:\/\/staging.glaswunder.eu\/","name":"Glaswunder","description":"Exklusive Christbaumkugeln, Weihnachtkugeln, Christbaumschmuck und mehr.","publisher":{"@id":"https:\/\/staging.glaswunder.eu\/#organization"},"potentialAction":[{"@type":"SearchAction","target":{"@type":"EntryPoint","urlTemplate":"https:\/\/staging.glaswunder.eu\/?s={search_term_string}"},"query-input":{"@type":"PropertyValueSpecification","valueRequired":true,"valueName":"search_term_string"}}],"inLanguage":"en-US"},{"@type":"Organization","@id":"https:\/\/staging.glaswunder.eu\/#organization","name":"Glaswunder","url":"https:\/\/staging.glaswunder.eu\/","logo":{"@type":"ImageObject","inLanguage":"en-US","@id":"https:\/\/staging.glaswunder.eu\/#\/schema\/logo\/image\/","url":"https:\/\/staging.glaswunder.eu\/wp-content\/uploads\/2023\/02\/GlasWunderLogo.webp","contentUrl":"https:\/\/staging.glaswunder.eu\/wp-content\/uploads\/2023\/02\/GlasWunderLogo.webp","width":500,"height":486,"caption":"Glaswunder"},"image":{"@id":"https:\/\/staging.glaswunder.eu\/#\/schema\/logo\/image\/"}}]}},"_links":{"self":[{"href":"https:\/\/staging.glaswunder.eu\/en\/wp-json\/wp\/v2\/product\/359","targetHints":{"allow":["GET"]}}],"collection":[{"href":"https:\/\/staging.glaswunder.eu\/en\/wp-json\/wp\/v2\/product"}],"about":[{"href":"https:\/\/staging.glaswunder.eu\/en\/wp-json\/wp\/v2\/types\/product"}],"version-history":[{"count":8,"href":"https:\/\/staging.glaswunder.eu\/en\/wp-json\/wp\/v2\/product\/359\/revisions"}],"predecessor-version":[{"id":5709,"href":"https:\/\/staging.glaswunder.eu\/en\/wp-json\/wp\/v2\/product\/359\/revisions\/5709"}],"wp:featuredmedia":[{"embeddable":true,"href":"https:\/\/staging.glaswunder.eu\/en\/wp-json\/wp\/v2\/media\/1842"}],"wp:attachment":[{"href":"https:\/\/staging.glaswunder.eu\/en\/wp-json\/wp\/v2\/media?parent=359"}],"wp:term":[{"taxonomy":"product_brand","embeddable":true,"href":"https:\/\/staging.glaswunder.eu\/en\/wp-json\/wp\/v2\/product_brand?post=359"},{"taxonomy":"product_cat","embeddable":true,"href":"https:\/\/staging.glaswunder.eu\/en\/wp-json\/wp\/v2\/product_cat?post=359"},{"taxonomy":"product_tag","embeddable":true,"href":"https:\/\/staging.glaswunder.eu\/en\/wp-json\/wp\/v2\/product_tag?post=359"}],"curies":[{"name":"wp","href":"https:\/\/api.w.org\/{rel}","templated":true}]}}