{"id":360,"date":"2022-09-14T08:31:25","date_gmt":"2022-09-14T08:31:25","guid":{"rendered":"https:\/\/glaswunder.eu\/?post_type=product&#038;p=360"},"modified":"2026-04-17T10:27:19","modified_gmt":"2026-04-17T08:27:19","slug":"nature-friend-6cm","status":"publish","type":"product","link":"https:\/\/staging.glaswunder.eu\/en\/shop\/nature-friend-6cm\/","title":{"rendered":"&#8222;nature friend&#8220; &#8211; 6 cm Weihnachtskugeln gr\u00fcn matt"},"content":{"rendered":"<p>Unser &#8222;Nature Friend&#8220; &#8211; Set steht als Sinnbild f\u00fcr das Leben und der Nat\u00fcrlichkeit. Im Einklang mit dem Tannenbaum erzeugt es einen optischen Ruhepunkt im Raum und wirkt sehr beruhigend. Gr\u00fcn z\u00e4hlt zu den klassischen Weihnachtsfarben und l\u00e4sst sich daher auch prima mit rot, gold oder anderen tollen Farben kombinieren. Um der Harmonie treu zu bleiben und noch ein wenig w\u00e4rme mit einzubringen w\u00fcrde sich unser &#8222;<a href=\"https:\/\/staging.glaswunder.eu\/en\/shop\/christmas-lightning-6-cm\/\">Christmas Lightning<\/a>&#8220; &#8211; Set perfekt eignen. Unsere Weihnachtskugeln sind zum aufh\u00e4ngen. Sie sind aus mundgeblasenem Glas und in Deutschland hergestellt. Sie lassen sich auch sehr einfach arrangieren und sind durch ihre hochwertige Verarbeitung sehr langlebig.<\/p>\n<p>Die Kugeln sind nur f\u00fcr den Gebrauch im Innenbereich vorgesehen.<\/p>","protected":false},"excerpt":{"rendered":"<p>Dieses Set, bestehend aus 6 Kugeln \u00e0 6 cm, sorgt mit seinem satten Gr\u00fcnton f\u00fcr ein naturverbundenes Gef\u00fchl an deinem Weihnachtsbaum. Dezent und unaufdringlich, aber dennoch kraftvoll, setzt es deinen Weihnachtsbaum mit seinem Naturton in Szene.<\/p>","protected":false},"featured_media":1850,"template":"","meta":{"_acf_changed":false},"product_brand":[112],"product_cat":[15,87,114,37,41],"product_tag":[110,101,106,105,103,107,102],"class_list":{"0":"post-360","1":"product","2":"type-product","3":"status-publish","4":"has-post-thumbnail","6":"product_brand-glaswunder","7":"product_cat-alle-produkte","8":"product_cat-christbaumschmuck","9":"product_cat-kugeln","10":"product_cat-nature-spirit","11":"product_cat-weihnachtskugeln-6cm","12":"product_tag-christbaumschmuck-aus-deutschland","13":"product_tag-christbaumschmuck","14":"product_tag-edler-weihnachtsschmuck","15":"product_tag-geschenkidee-weihnachten-deko","16":"product_tag-handgemachter-christbaumschmuck","17":"product_tag-nachhaltiger-weihnachtsschmuck","18":"product_tag-weihnachtsschmuck","20":"first","21":"instock","22":"taxable","23":"shipping-taxable","24":"purchasable","25":"product-type-simple"},"acf":[],"yoast_head":"<!-- This site is optimized with the Yoast SEO plugin v27.3 - https:\/\/yoast.com\/product\/yoast-seo-wordpress\/ -->\n<title>Christbaumkugeln - Weihnachtskugeln 6cm in gr\u00fcn matt<\/title>\n<meta name=\"description\" content=\"Weihnachtskugeln 6cm in gr\u00fcn matt aus Glas von Glaswunder. Handgefertigter Christbaumschmuck \u2705 Mundgeblasen \u2705 Hergestellt in Deutschland \u2705\" \/>\n<meta name=\"robots\" content=\"noindex, follow, max-snippet:-1, max-image-preview:large, max-video-preview:-1\" \/>\n<meta property=\"og:locale\" content=\"en_US\" \/>\n<meta property=\"og:type\" content=\"article\" \/>\n<meta property=\"og:title\" content=\"Christbaumkugeln - Weihnachtskugeln 6cm in gr\u00fcn matt\" \/>\n<meta property=\"og:description\" content=\"Weihnachtskugeln 6cm in gr\u00fcn matt aus Glas von Glaswunder. Handgefertigter Christbaumschmuck \u2705 Mundgeblasen \u2705 Hergestellt in Deutschland \u2705\" \/>\n<meta property=\"og:url\" content=\"https:\/\/staging.glaswunder.eu\/en\/shop\/nature-friend-6cm\/\" \/>\n<meta property=\"og:site_name\" content=\"Glaswunder\" \/>\n<meta property=\"article:modified_time\" content=\"2026-04-17T08:27:19+00:00\" \/>\n<meta property=\"og:image\" content=\"https:\/\/staging.glaswunder.eu\/wp-content\/uploads\/2023\/06\/nature-friend-6cm-4262381710336-773x773.png\" \/>\n\t<meta property=\"og:image:width\" content=\"773\" \/>\n\t<meta property=\"og:image:height\" content=\"773\" \/>\n\t<meta property=\"og:image:type\" content=\"image\/png\" \/>\n<meta name=\"twitter:card\" content=\"summary_large_image\" \/>\n<meta name=\"twitter:label1\" content=\"Est. reading time\" \/>\n\t<meta name=\"twitter:data1\" content=\"1 minute\" \/>\n<script type=\"application\/ld+json\" class=\"yoast-schema-graph\">{\"@context\":\"https:\\\/\\\/schema.org\",\"@graph\":[{\"@type\":\"WebPage\",\"@id\":\"https:\\\/\\\/staging.glaswunder.eu\\\/shop\\\/nature-friend-6cm\\\/\",\"url\":\"https:\\\/\\\/staging.glaswunder.eu\\\/shop\\\/nature-friend-6cm\\\/\",\"name\":\"Christbaumkugeln - Weihnachtskugeln 6cm in gr\u00fcn matt\",\"isPartOf\":{\"@id\":\"https:\\\/\\\/staging.glaswunder.eu\\\/#website\"},\"primaryImageOfPage\":{\"@id\":\"https:\\\/\\\/staging.glaswunder.eu\\\/shop\\\/nature-friend-6cm\\\/#primaryimage\"},\"image\":{\"@id\":\"https:\\\/\\\/staging.glaswunder.eu\\\/shop\\\/nature-friend-6cm\\\/#primaryimage\"},\"thumbnailUrl\":\"https:\\\/\\\/staging.glaswunder.eu\\\/wp-content\\\/uploads\\\/2023\\\/06\\\/nature-friend-6cm-4262381710336.png\",\"datePublished\":\"2022-09-14T08:31:25+00:00\",\"dateModified\":\"2026-04-17T08:27:19+00:00\",\"description\":\"Weihnachtskugeln 6cm in gr\u00fcn matt aus Glas von Glaswunder. Handgefertigter Christbaumschmuck \u2705 Mundgeblasen \u2705 Hergestellt in Deutschland \u2705\",\"breadcrumb\":{\"@id\":\"https:\\\/\\\/staging.glaswunder.eu\\\/shop\\\/nature-friend-6cm\\\/#breadcrumb\"},\"inLanguage\":\"en-US\",\"potentialAction\":[{\"@type\":\"ReadAction\",\"target\":[\"https:\\\/\\\/staging.glaswunder.eu\\\/shop\\\/nature-friend-6cm\\\/\"]}]},{\"@type\":\"ImageObject\",\"inLanguage\":\"en-US\",\"@id\":\"https:\\\/\\\/staging.glaswunder.eu\\\/shop\\\/nature-friend-6cm\\\/#primaryimage\",\"url\":\"https:\\\/\\\/staging.glaswunder.eu\\\/wp-content\\\/uploads\\\/2023\\\/06\\\/nature-friend-6cm-4262381710336.png\",\"contentUrl\":\"https:\\\/\\\/staging.glaswunder.eu\\\/wp-content\\\/uploads\\\/2023\\\/06\\\/nature-friend-6cm-4262381710336.png\",\"width\":1500,\"height\":1500,\"caption\":\"6er Set Christbaumkugeln mit 6cm Durchmesser in Moosgr\u00fcn matt in einem schwarzem Naturkarton\"},{\"@type\":\"BreadcrumbList\",\"@id\":\"https:\\\/\\\/staging.glaswunder.eu\\\/shop\\\/nature-friend-6cm\\\/#breadcrumb\",\"itemListElement\":[{\"@type\":\"ListItem\",\"position\":1,\"name\":\"Startseite\",\"item\":\"https:\\\/\\\/staging.glaswunder.eu\\\/\"},{\"@type\":\"ListItem\",\"position\":2,\"name\":\"Shop\",\"item\":\"https:\\\/\\\/staging.glaswunder.eu\\\/shop\\\/\"},{\"@type\":\"ListItem\",\"position\":3,\"name\":\"&#8222;nature friend&#8220; &#8211; 6 cm Weihnachtskugeln gr\u00fcn matt\"}]},{\"@type\":\"WebSite\",\"@id\":\"https:\\\/\\\/staging.glaswunder.eu\\\/#website\",\"url\":\"https:\\\/\\\/staging.glaswunder.eu\\\/\",\"name\":\"Glaswunder\",\"description\":\"Exklusive Christbaumkugeln, Weihnachtkugeln, Christbaumschmuck und mehr.\",\"publisher\":{\"@id\":\"https:\\\/\\\/staging.glaswunder.eu\\\/#organization\"},\"potentialAction\":[{\"@type\":\"SearchAction\",\"target\":{\"@type\":\"EntryPoint\",\"urlTemplate\":\"https:\\\/\\\/staging.glaswunder.eu\\\/?s={search_term_string}\"},\"query-input\":{\"@type\":\"PropertyValueSpecification\",\"valueRequired\":true,\"valueName\":\"search_term_string\"}}],\"inLanguage\":\"en-US\"},{\"@type\":\"Organization\",\"@id\":\"https:\\\/\\\/staging.glaswunder.eu\\\/#organization\",\"name\":\"Glaswunder\",\"url\":\"https:\\\/\\\/staging.glaswunder.eu\\\/\",\"logo\":{\"@type\":\"ImageObject\",\"inLanguage\":\"en-US\",\"@id\":\"https:\\\/\\\/staging.glaswunder.eu\\\/#\\\/schema\\\/logo\\\/image\\\/\",\"url\":\"https:\\\/\\\/staging.glaswunder.eu\\\/wp-content\\\/uploads\\\/2023\\\/02\\\/GlasWunderLogo.webp\",\"contentUrl\":\"https:\\\/\\\/staging.glaswunder.eu\\\/wp-content\\\/uploads\\\/2023\\\/02\\\/GlasWunderLogo.webp\",\"width\":500,\"height\":486,\"caption\":\"Glaswunder\"},\"image\":{\"@id\":\"https:\\\/\\\/staging.glaswunder.eu\\\/#\\\/schema\\\/logo\\\/image\\\/\"}}]}<\/script>\n<!-- \/ Yoast SEO plugin. -->","yoast_head_json":{"title":"Christbaumkugeln - Weihnachtskugeln 6cm in gr\u00fcn matt","description":"Weihnachtskugeln 6cm in gr\u00fcn matt aus Glas von Glaswunder. Handgefertigter Christbaumschmuck \u2705 Mundgeblasen \u2705 Hergestellt in Deutschland \u2705","robots":{"index":"noindex","follow":"follow","max-snippet":"max-snippet:-1","max-image-preview":"max-image-preview:large","max-video-preview":"max-video-preview:-1"},"og_locale":"en_US","og_type":"article","og_title":"Christbaumkugeln - Weihnachtskugeln 6cm in gr\u00fcn matt","og_description":"Weihnachtskugeln 6cm in gr\u00fcn matt aus Glas von Glaswunder. Handgefertigter Christbaumschmuck \u2705 Mundgeblasen \u2705 Hergestellt in Deutschland \u2705","og_url":"https:\/\/staging.glaswunder.eu\/en\/shop\/nature-friend-6cm\/","og_site_name":"Glaswunder","article_modified_time":"2026-04-17T08:27:19+00:00","og_image":[{"width":773,"height":773,"url":"https:\/\/staging.glaswunder.eu\/wp-content\/uploads\/2023\/06\/nature-friend-6cm-4262381710336-773x773.png","type":"image\/png"}],"twitter_card":"summary_large_image","twitter_misc":{"Est. reading time":"1 minute"},"schema":{"@context":"https:\/\/schema.org","@graph":[{"@type":"WebPage","@id":"https:\/\/staging.glaswunder.eu\/shop\/nature-friend-6cm\/","url":"https:\/\/staging.glaswunder.eu\/shop\/nature-friend-6cm\/","name":"Christbaumkugeln - Weihnachtskugeln 6cm in gr\u00fcn matt","isPartOf":{"@id":"https:\/\/staging.glaswunder.eu\/#website"},"primaryImageOfPage":{"@id":"https:\/\/staging.glaswunder.eu\/shop\/nature-friend-6cm\/#primaryimage"},"image":{"@id":"https:\/\/staging.glaswunder.eu\/shop\/nature-friend-6cm\/#primaryimage"},"thumbnailUrl":"https:\/\/staging.glaswunder.eu\/wp-content\/uploads\/2023\/06\/nature-friend-6cm-4262381710336.png","datePublished":"2022-09-14T08:31:25+00:00","dateModified":"2026-04-17T08:27:19+00:00","description":"Weihnachtskugeln 6cm in gr\u00fcn matt aus Glas von Glaswunder. Handgefertigter Christbaumschmuck \u2705 Mundgeblasen \u2705 Hergestellt in Deutschland \u2705","breadcrumb":{"@id":"https:\/\/staging.glaswunder.eu\/shop\/nature-friend-6cm\/#breadcrumb"},"inLanguage":"en-US","potentialAction":[{"@type":"ReadAction","target":["https:\/\/staging.glaswunder.eu\/shop\/nature-friend-6cm\/"]}]},{"@type":"ImageObject","inLanguage":"en-US","@id":"https:\/\/staging.glaswunder.eu\/shop\/nature-friend-6cm\/#primaryimage","url":"https:\/\/staging.glaswunder.eu\/wp-content\/uploads\/2023\/06\/nature-friend-6cm-4262381710336.png","contentUrl":"https:\/\/staging.glaswunder.eu\/wp-content\/uploads\/2023\/06\/nature-friend-6cm-4262381710336.png","width":1500,"height":1500,"caption":"6er Set Christbaumkugeln mit 6cm Durchmesser in Moosgr\u00fcn matt in einem schwarzem Naturkarton"},{"@type":"BreadcrumbList","@id":"https:\/\/staging.glaswunder.eu\/shop\/nature-friend-6cm\/#breadcrumb","itemListElement":[{"@type":"ListItem","position":1,"name":"Startseite","item":"https:\/\/staging.glaswunder.eu\/"},{"@type":"ListItem","position":2,"name":"Shop","item":"https:\/\/staging.glaswunder.eu\/shop\/"},{"@type":"ListItem","position":3,"name":"&#8222;nature friend&#8220; &#8211; 6 cm Weihnachtskugeln gr\u00fcn matt"}]},{"@type":"WebSite","@id":"https:\/\/staging.glaswunder.eu\/#website","url":"https:\/\/staging.glaswunder.eu\/","name":"Glaswunder","description":"Exklusive Christbaumkugeln, Weihnachtkugeln, Christbaumschmuck und mehr.","publisher":{"@id":"https:\/\/staging.glaswunder.eu\/#organization"},"potentialAction":[{"@type":"SearchAction","target":{"@type":"EntryPoint","urlTemplate":"https:\/\/staging.glaswunder.eu\/?s={search_term_string}"},"query-input":{"@type":"PropertyValueSpecification","valueRequired":true,"valueName":"search_term_string"}}],"inLanguage":"en-US"},{"@type":"Organization","@id":"https:\/\/staging.glaswunder.eu\/#organization","name":"Glaswunder","url":"https:\/\/staging.glaswunder.eu\/","logo":{"@type":"ImageObject","inLanguage":"en-US","@id":"https:\/\/staging.glaswunder.eu\/#\/schema\/logo\/image\/","url":"https:\/\/staging.glaswunder.eu\/wp-content\/uploads\/2023\/02\/GlasWunderLogo.webp","contentUrl":"https:\/\/staging.glaswunder.eu\/wp-content\/uploads\/2023\/02\/GlasWunderLogo.webp","width":500,"height":486,"caption":"Glaswunder"},"image":{"@id":"https:\/\/staging.glaswunder.eu\/#\/schema\/logo\/image\/"}}]}},"_links":{"self":[{"href":"https:\/\/staging.glaswunder.eu\/en\/wp-json\/wp\/v2\/product\/360","targetHints":{"allow":["GET"]}}],"collection":[{"href":"https:\/\/staging.glaswunder.eu\/en\/wp-json\/wp\/v2\/product"}],"about":[{"href":"https:\/\/staging.glaswunder.eu\/en\/wp-json\/wp\/v2\/types\/product"}],"version-history":[{"count":9,"href":"https:\/\/staging.glaswunder.eu\/en\/wp-json\/wp\/v2\/product\/360\/revisions"}],"predecessor-version":[{"id":5711,"href":"https:\/\/staging.glaswunder.eu\/en\/wp-json\/wp\/v2\/product\/360\/revisions\/5711"}],"wp:featuredmedia":[{"embeddable":true,"href":"https:\/\/staging.glaswunder.eu\/en\/wp-json\/wp\/v2\/media\/1850"}],"wp:attachment":[{"href":"https:\/\/staging.glaswunder.eu\/en\/wp-json\/wp\/v2\/media?parent=360"}],"wp:term":[{"taxonomy":"product_brand","embeddable":true,"href":"https:\/\/staging.glaswunder.eu\/en\/wp-json\/wp\/v2\/product_brand?post=360"},{"taxonomy":"product_cat","embeddable":true,"href":"https:\/\/staging.glaswunder.eu\/en\/wp-json\/wp\/v2\/product_cat?post=360"},{"taxonomy":"product_tag","embeddable":true,"href":"https:\/\/staging.glaswunder.eu\/en\/wp-json\/wp\/v2\/product_tag?post=360"}],"curies":[{"name":"wp","href":"https:\/\/api.w.org\/{rel}","templated":true}]}}