{"id":367,"date":"2022-09-14T08:31:28","date_gmt":"2022-09-14T08:31:28","guid":{"rendered":"https:\/\/glaswunder.eu\/?post_type=product&#038;p=367"},"modified":"2026-04-17T10:22:48","modified_gmt":"2026-04-17T08:22:48","slug":"flowers-friend-8cm","status":"publish","type":"product","link":"https:\/\/staging.glaswunder.eu\/en\/shop\/flowers-friend-8cm\/","title":{"rendered":"&#8222;flowers friend&#8220; &#8211; 8 cm Weihnachtskugeln gr\u00fcn"},"content":{"rendered":"<p>Unser &#8222;Flowers Friend&#8220; &#8211; Set ist in einem tollen klassischen Gr\u00fcnton gehalten, allerdings haben wir uns daf\u00fcr entschieden, dieses etwas in Szene setzen zu lassen. Die Weihnachtskugeln haben n\u00e4mlich ein sehr sch\u00f6nes Rankendesign bekommen. Sie machen einen schlichten und modernen Eindruck in deiner Dekoration. Die Farbe wirkt beruhigend und harmonisch und ergibt ein tolles Bild mit ebenso etablierten Weihnachtsfarben wie Gold oder Rot zum Beispiel. Allerdings kannst du auch ganz Naturell bleiben und jegliche Erdt\u00f6ne mit diesen tollen Weihnachtskugeln kombinieren. F\u00fcr die klassische Variante kannst du dir gerne mal unsere &#8222;<a href=\"https:\/\/staging.glaswunder.eu\/en\/shop\/christmas-classic-cones-zapfen\/\">Christmas Classic<\/a>&#8220; &#8211; Zapfenset anschauen und f\u00fcr die Naturelle Variante unser &#8222;<a href=\"https:\/\/staging.glaswunder.eu\/en\/shop\/down-to-earth-8cm\/\">Down to Earth<\/a>&#8220; &#8211; Weihnachtskugelset. Die Weihnachtskugeln sind zum aufh\u00e4ngen. Unser Set besteht aus 3 mundgeblasenen Kugeln aus Glas. Sie sind 8 cm gro\u00df, von Hand verziert und in Deutschland hergestellt.<\/p>\n<p>Unsere Weihnachtskugeln sind nur f\u00fcr den Gebrauch im Innenbereich vorgesehen.<\/p>","protected":false},"excerpt":{"rendered":"<p>Dieses Set, bestehend aus 3 Kugeln \u00e0 8 cm in einem matten Gr\u00fcn, besticht durch sein florales Design und zaubert ein elegantes Highlight an deinen Baum.<\/p>","protected":false},"featured_media":1835,"template":"","meta":{"_acf_changed":false},"product_brand":[112],"product_cat":[15,87,114,37,42],"product_tag":[110,101,106,105,103,102],"class_list":{"0":"post-367","1":"product","2":"type-product","3":"status-publish","4":"has-post-thumbnail","6":"product_brand-glaswunder","7":"product_cat-alle-produkte","8":"product_cat-christbaumschmuck","9":"product_cat-kugeln","10":"product_cat-nature-spirit","11":"product_cat-weihnachtskugeln-8cm","12":"product_tag-christbaumschmuck-aus-deutschland","13":"product_tag-christbaumschmuck","14":"product_tag-edler-weihnachtsschmuck","15":"product_tag-geschenkidee-weihnachten-deko","16":"product_tag-handgemachter-christbaumschmuck","17":"product_tag-weihnachtsschmuck","19":"first","20":"instock","21":"taxable","22":"shipping-taxable","23":"purchasable","24":"product-type-simple"},"acf":[],"yoast_head":"<!-- This site is optimized with the Yoast SEO plugin v27.3 - https:\/\/yoast.com\/product\/yoast-seo-wordpress\/ -->\n<title>Christbaumkugeln - Weihnachtskugeln 8cm in Cappuccino Braun<\/title>\n<meta name=\"description\" content=\"Weihnachtskugeln 8cm in Cappuccino Braun aus Glas von Glaswunder. Handgefertigter Christbaumschmuck \u2705 Mundgeblasen \u2705 Hergestellt in Deutschland \u2705\" \/>\n<meta name=\"robots\" content=\"noindex, follow, max-snippet:-1, max-image-preview:large, max-video-preview:-1\" \/>\n<meta property=\"og:locale\" content=\"en_US\" \/>\n<meta property=\"og:type\" content=\"article\" \/>\n<meta property=\"og:title\" content=\"Christbaumkugeln - Weihnachtskugeln 8cm in Cappuccino Braun\" \/>\n<meta property=\"og:description\" content=\"Weihnachtskugeln 8cm in Cappuccino Braun aus Glas von Glaswunder. Handgefertigter Christbaumschmuck \u2705 Mundgeblasen \u2705 Hergestellt in Deutschland \u2705\" \/>\n<meta property=\"og:url\" content=\"https:\/\/staging.glaswunder.eu\/en\/shop\/flowers-friend-8cm\/\" \/>\n<meta property=\"og:site_name\" content=\"Glaswunder\" \/>\n<meta property=\"article:modified_time\" content=\"2026-04-17T08:22:48+00:00\" \/>\n<meta property=\"og:image\" content=\"https:\/\/staging.glaswunder.eu\/wp-content\/uploads\/2023\/06\/flowers-friend-8cm-4262381710404.png\" \/>\n\t<meta property=\"og:image:width\" content=\"1500\" \/>\n\t<meta property=\"og:image:height\" content=\"1500\" \/>\n\t<meta property=\"og:image:type\" content=\"image\/png\" \/>\n<meta name=\"twitter:card\" content=\"summary_large_image\" \/>\n<meta name=\"twitter:label1\" content=\"Est. reading time\" \/>\n\t<meta name=\"twitter:data1\" content=\"1 minute\" \/>\n<script type=\"application\/ld+json\" class=\"yoast-schema-graph\">{\"@context\":\"https:\\\/\\\/schema.org\",\"@graph\":[{\"@type\":\"WebPage\",\"@id\":\"https:\\\/\\\/staging.glaswunder.eu\\\/shop\\\/flowers-friend-8cm\\\/\",\"url\":\"https:\\\/\\\/staging.glaswunder.eu\\\/shop\\\/flowers-friend-8cm\\\/\",\"name\":\"Christbaumkugeln - Weihnachtskugeln 8cm in Cappuccino Braun\",\"isPartOf\":{\"@id\":\"https:\\\/\\\/staging.glaswunder.eu\\\/#website\"},\"primaryImageOfPage\":{\"@id\":\"https:\\\/\\\/staging.glaswunder.eu\\\/shop\\\/flowers-friend-8cm\\\/#primaryimage\"},\"image\":{\"@id\":\"https:\\\/\\\/staging.glaswunder.eu\\\/shop\\\/flowers-friend-8cm\\\/#primaryimage\"},\"thumbnailUrl\":\"https:\\\/\\\/staging.glaswunder.eu\\\/wp-content\\\/uploads\\\/2023\\\/06\\\/flowers-friend-8cm-4262381710404.png\",\"datePublished\":\"2022-09-14T08:31:28+00:00\",\"dateModified\":\"2026-04-17T08:22:48+00:00\",\"description\":\"Weihnachtskugeln 8cm in Cappuccino Braun aus Glas von Glaswunder. Handgefertigter Christbaumschmuck \u2705 Mundgeblasen \u2705 Hergestellt in Deutschland \u2705\",\"breadcrumb\":{\"@id\":\"https:\\\/\\\/staging.glaswunder.eu\\\/shop\\\/flowers-friend-8cm\\\/#breadcrumb\"},\"inLanguage\":\"en-US\",\"potentialAction\":[{\"@type\":\"ReadAction\",\"target\":[\"https:\\\/\\\/staging.glaswunder.eu\\\/shop\\\/flowers-friend-8cm\\\/\"]}]},{\"@type\":\"ImageObject\",\"inLanguage\":\"en-US\",\"@id\":\"https:\\\/\\\/staging.glaswunder.eu\\\/shop\\\/flowers-friend-8cm\\\/#primaryimage\",\"url\":\"https:\\\/\\\/staging.glaswunder.eu\\\/wp-content\\\/uploads\\\/2023\\\/06\\\/flowers-friend-8cm-4262381710404.png\",\"contentUrl\":\"https:\\\/\\\/staging.glaswunder.eu\\\/wp-content\\\/uploads\\\/2023\\\/06\\\/flowers-friend-8cm-4262381710404.png\",\"width\":1500,\"height\":1500,\"caption\":\"3er Set Christbaumkugeln aus Glas mit 8cm Durchmesser in Moosgr\u00fcn matt und einem Bl\u00fctenbouquet auf einem schwarzen Seidentuch\"},{\"@type\":\"BreadcrumbList\",\"@id\":\"https:\\\/\\\/staging.glaswunder.eu\\\/shop\\\/flowers-friend-8cm\\\/#breadcrumb\",\"itemListElement\":[{\"@type\":\"ListItem\",\"position\":1,\"name\":\"Startseite\",\"item\":\"https:\\\/\\\/staging.glaswunder.eu\\\/\"},{\"@type\":\"ListItem\",\"position\":2,\"name\":\"Shop\",\"item\":\"https:\\\/\\\/staging.glaswunder.eu\\\/shop\\\/\"},{\"@type\":\"ListItem\",\"position\":3,\"name\":\"&#8222;flowers friend&#8220; &#8211; 8 cm Weihnachtskugeln gr\u00fcn\"}]},{\"@type\":\"WebSite\",\"@id\":\"https:\\\/\\\/staging.glaswunder.eu\\\/#website\",\"url\":\"https:\\\/\\\/staging.glaswunder.eu\\\/\",\"name\":\"Glaswunder\",\"description\":\"Exklusive Christbaumkugeln, Weihnachtkugeln, Christbaumschmuck und mehr.\",\"publisher\":{\"@id\":\"https:\\\/\\\/staging.glaswunder.eu\\\/#organization\"},\"potentialAction\":[{\"@type\":\"SearchAction\",\"target\":{\"@type\":\"EntryPoint\",\"urlTemplate\":\"https:\\\/\\\/staging.glaswunder.eu\\\/?s={search_term_string}\"},\"query-input\":{\"@type\":\"PropertyValueSpecification\",\"valueRequired\":true,\"valueName\":\"search_term_string\"}}],\"inLanguage\":\"en-US\"},{\"@type\":\"Organization\",\"@id\":\"https:\\\/\\\/staging.glaswunder.eu\\\/#organization\",\"name\":\"Glaswunder\",\"url\":\"https:\\\/\\\/staging.glaswunder.eu\\\/\",\"logo\":{\"@type\":\"ImageObject\",\"inLanguage\":\"en-US\",\"@id\":\"https:\\\/\\\/staging.glaswunder.eu\\\/#\\\/schema\\\/logo\\\/image\\\/\",\"url\":\"https:\\\/\\\/staging.glaswunder.eu\\\/wp-content\\\/uploads\\\/2023\\\/02\\\/GlasWunderLogo.webp\",\"contentUrl\":\"https:\\\/\\\/staging.glaswunder.eu\\\/wp-content\\\/uploads\\\/2023\\\/02\\\/GlasWunderLogo.webp\",\"width\":500,\"height\":486,\"caption\":\"Glaswunder\"},\"image\":{\"@id\":\"https:\\\/\\\/staging.glaswunder.eu\\\/#\\\/schema\\\/logo\\\/image\\\/\"}}]}<\/script>\n<!-- \/ Yoast SEO plugin. -->","yoast_head_json":{"title":"Christbaumkugeln - Weihnachtskugeln 8cm in Cappuccino Braun","description":"Weihnachtskugeln 8cm in Cappuccino Braun aus Glas von Glaswunder. Handgefertigter Christbaumschmuck \u2705 Mundgeblasen \u2705 Hergestellt in Deutschland \u2705","robots":{"index":"noindex","follow":"follow","max-snippet":"max-snippet:-1","max-image-preview":"max-image-preview:large","max-video-preview":"max-video-preview:-1"},"og_locale":"en_US","og_type":"article","og_title":"Christbaumkugeln - Weihnachtskugeln 8cm in Cappuccino Braun","og_description":"Weihnachtskugeln 8cm in Cappuccino Braun aus Glas von Glaswunder. Handgefertigter Christbaumschmuck \u2705 Mundgeblasen \u2705 Hergestellt in Deutschland \u2705","og_url":"https:\/\/staging.glaswunder.eu\/en\/shop\/flowers-friend-8cm\/","og_site_name":"Glaswunder","article_modified_time":"2026-04-17T08:22:48+00:00","og_image":[{"width":1500,"height":1500,"url":"https:\/\/staging.glaswunder.eu\/wp-content\/uploads\/2023\/06\/flowers-friend-8cm-4262381710404.png","type":"image\/png"}],"twitter_card":"summary_large_image","twitter_misc":{"Est. reading time":"1 minute"},"schema":{"@context":"https:\/\/schema.org","@graph":[{"@type":"WebPage","@id":"https:\/\/staging.glaswunder.eu\/shop\/flowers-friend-8cm\/","url":"https:\/\/staging.glaswunder.eu\/shop\/flowers-friend-8cm\/","name":"Christbaumkugeln - Weihnachtskugeln 8cm in Cappuccino Braun","isPartOf":{"@id":"https:\/\/staging.glaswunder.eu\/#website"},"primaryImageOfPage":{"@id":"https:\/\/staging.glaswunder.eu\/shop\/flowers-friend-8cm\/#primaryimage"},"image":{"@id":"https:\/\/staging.glaswunder.eu\/shop\/flowers-friend-8cm\/#primaryimage"},"thumbnailUrl":"https:\/\/staging.glaswunder.eu\/wp-content\/uploads\/2023\/06\/flowers-friend-8cm-4262381710404.png","datePublished":"2022-09-14T08:31:28+00:00","dateModified":"2026-04-17T08:22:48+00:00","description":"Weihnachtskugeln 8cm in Cappuccino Braun aus Glas von Glaswunder. Handgefertigter Christbaumschmuck \u2705 Mundgeblasen \u2705 Hergestellt in Deutschland \u2705","breadcrumb":{"@id":"https:\/\/staging.glaswunder.eu\/shop\/flowers-friend-8cm\/#breadcrumb"},"inLanguage":"en-US","potentialAction":[{"@type":"ReadAction","target":["https:\/\/staging.glaswunder.eu\/shop\/flowers-friend-8cm\/"]}]},{"@type":"ImageObject","inLanguage":"en-US","@id":"https:\/\/staging.glaswunder.eu\/shop\/flowers-friend-8cm\/#primaryimage","url":"https:\/\/staging.glaswunder.eu\/wp-content\/uploads\/2023\/06\/flowers-friend-8cm-4262381710404.png","contentUrl":"https:\/\/staging.glaswunder.eu\/wp-content\/uploads\/2023\/06\/flowers-friend-8cm-4262381710404.png","width":1500,"height":1500,"caption":"3er Set Christbaumkugeln aus Glas mit 8cm Durchmesser in Moosgr\u00fcn matt und einem Bl\u00fctenbouquet auf einem schwarzen Seidentuch"},{"@type":"BreadcrumbList","@id":"https:\/\/staging.glaswunder.eu\/shop\/flowers-friend-8cm\/#breadcrumb","itemListElement":[{"@type":"ListItem","position":1,"name":"Startseite","item":"https:\/\/staging.glaswunder.eu\/"},{"@type":"ListItem","position":2,"name":"Shop","item":"https:\/\/staging.glaswunder.eu\/shop\/"},{"@type":"ListItem","position":3,"name":"&#8222;flowers friend&#8220; &#8211; 8 cm Weihnachtskugeln gr\u00fcn"}]},{"@type":"WebSite","@id":"https:\/\/staging.glaswunder.eu\/#website","url":"https:\/\/staging.glaswunder.eu\/","name":"Glaswunder","description":"Exklusive Christbaumkugeln, Weihnachtkugeln, Christbaumschmuck und mehr.","publisher":{"@id":"https:\/\/staging.glaswunder.eu\/#organization"},"potentialAction":[{"@type":"SearchAction","target":{"@type":"EntryPoint","urlTemplate":"https:\/\/staging.glaswunder.eu\/?s={search_term_string}"},"query-input":{"@type":"PropertyValueSpecification","valueRequired":true,"valueName":"search_term_string"}}],"inLanguage":"en-US"},{"@type":"Organization","@id":"https:\/\/staging.glaswunder.eu\/#organization","name":"Glaswunder","url":"https:\/\/staging.glaswunder.eu\/","logo":{"@type":"ImageObject","inLanguage":"en-US","@id":"https:\/\/staging.glaswunder.eu\/#\/schema\/logo\/image\/","url":"https:\/\/staging.glaswunder.eu\/wp-content\/uploads\/2023\/02\/GlasWunderLogo.webp","contentUrl":"https:\/\/staging.glaswunder.eu\/wp-content\/uploads\/2023\/02\/GlasWunderLogo.webp","width":500,"height":486,"caption":"Glaswunder"},"image":{"@id":"https:\/\/staging.glaswunder.eu\/#\/schema\/logo\/image\/"}}]}},"_links":{"self":[{"href":"https:\/\/staging.glaswunder.eu\/en\/wp-json\/wp\/v2\/product\/367","targetHints":{"allow":["GET"]}}],"collection":[{"href":"https:\/\/staging.glaswunder.eu\/en\/wp-json\/wp\/v2\/product"}],"about":[{"href":"https:\/\/staging.glaswunder.eu\/en\/wp-json\/wp\/v2\/types\/product"}],"version-history":[{"count":8,"href":"https:\/\/staging.glaswunder.eu\/en\/wp-json\/wp\/v2\/product\/367\/revisions"}],"predecessor-version":[{"id":5729,"href":"https:\/\/staging.glaswunder.eu\/en\/wp-json\/wp\/v2\/product\/367\/revisions\/5729"}],"wp:featuredmedia":[{"embeddable":true,"href":"https:\/\/staging.glaswunder.eu\/en\/wp-json\/wp\/v2\/media\/1835"}],"wp:attachment":[{"href":"https:\/\/staging.glaswunder.eu\/en\/wp-json\/wp\/v2\/media?parent=367"}],"wp:term":[{"taxonomy":"product_brand","embeddable":true,"href":"https:\/\/staging.glaswunder.eu\/en\/wp-json\/wp\/v2\/product_brand?post=367"},{"taxonomy":"product_cat","embeddable":true,"href":"https:\/\/staging.glaswunder.eu\/en\/wp-json\/wp\/v2\/product_cat?post=367"},{"taxonomy":"product_tag","embeddable":true,"href":"https:\/\/staging.glaswunder.eu\/en\/wp-json\/wp\/v2\/product_tag?post=367"}],"curies":[{"name":"wp","href":"https:\/\/api.w.org\/{rel}","templated":true}]}}