{"id":3703,"date":"2024-08-02T08:49:41","date_gmt":"2024-08-02T08:49:41","guid":{"rendered":"https:\/\/glaswunder.eu\/?post_type=product&#038;p=3703"},"modified":"2026-04-02T15:22:56","modified_gmt":"2026-04-02T13:22:56","slug":"snow-flake-6cm-weihnachtskugeln-weiss-ice","status":"publish","type":"product","link":"https:\/\/staging.glaswunder.eu\/en\/shop\/snow-flake-6cm-weihnachtskugeln-weiss-ice\/","title":{"rendered":"&#8222;snow flake&#8220;- 6cm Weihnachtskugeln wei\u00df ice"},"content":{"rendered":"<p>Dieses wundersch\u00f6nes Set besteht auf 6 Kugeln \u00e0 6cm Gr\u00f6\u00dfe, welche in wei\u00df Icing Lack getaucht und von Hand mit dem klassischen Waffelmuster in Rot und silbernem Glitter verziert sind. Bei diesem Set haben wir uns auf Vintage Muster besinnt und die Vergangenheitserinnerungen in die Moderne Zeit zur\u00fcck geholt. Die Kugeln sollen an den Weihnachtsbaum von Oma und Opa erinnern, die eigenen leuchtenden Kinderaugen. Unsere Kugeln werden ausschlie\u00dflich im Th\u00fcringer Wald von Mund geblasen.<\/p>","protected":false},"excerpt":{"rendered":"<p>Dieses Set bestehend aus 6 Kugeln von je 6cm Gr\u00f6\u00dfe sind in wei\u00dfem Icing Lack \u00fcberzogen und von Hand mit dem klassischen Waffelmuster in Rot und silbernem Glitter verziert.<\/p>","protected":false},"featured_media":3719,"template":"","meta":{"_acf_changed":false},"product_brand":[112],"product_cat":[15,87,114,51,41],"product_tag":[110,101,106,105,107,102],"class_list":{"0":"post-3703","1":"product","2":"type-product","3":"status-publish","4":"has-post-thumbnail","6":"product_brand-glaswunder","7":"product_cat-alle-produkte","8":"product_cat-christbaumschmuck","9":"product_cat-kugeln","10":"product_cat-magic_dreams","11":"product_cat-weihnachtskugeln-6cm","12":"product_tag-christbaumschmuck-aus-deutschland","13":"product_tag-christbaumschmuck","14":"product_tag-edler-weihnachtsschmuck","15":"product_tag-geschenkidee-weihnachten-deko","16":"product_tag-nachhaltiger-weihnachtsschmuck","17":"product_tag-weihnachtsschmuck","19":"first","20":"instock","21":"sale","22":"taxable","23":"shipping-taxable","24":"purchasable","25":"product-type-simple"},"acf":[],"yoast_head":"<!-- This site is optimized with the Yoast SEO plugin v27.3 - https:\/\/yoast.com\/product\/yoast-seo-wordpress\/ -->\n<title>&quot;snow flake&quot;- 6cm Weihnachtskugeln wei\u00df ice - Glaswunder<\/title>\n<meta name=\"robots\" content=\"noindex, follow, max-snippet:-1, max-image-preview:large, max-video-preview:-1\" \/>\n<meta property=\"og:locale\" content=\"en_US\" \/>\n<meta property=\"og:type\" content=\"article\" \/>\n<meta property=\"og:title\" content=\"&quot;snow flake&quot;- 6cm Weihnachtskugeln wei\u00df ice - Glaswunder\" \/>\n<meta property=\"og:description\" content=\"Dieses Set bestehend aus 6 Kugeln von je 6cm Gr\u00f6\u00dfe sind in wei\u00dfem Icing Lack \u00fcberzogen und von Hand mit dem klassischen Waffelmuster in Rot und silbernem Glitter verziert.\" \/>\n<meta property=\"og:url\" content=\"https:\/\/staging.glaswunder.eu\/en\/shop\/snow-flake-6cm-weihnachtskugeln-weiss-ice\/\" \/>\n<meta property=\"og:site_name\" content=\"Glaswunder\" \/>\n<meta property=\"article:modified_time\" content=\"2026-04-02T13:22:56+00:00\" \/>\n<meta property=\"og:image\" content=\"https:\/\/staging.glaswunder.eu\/wp-content\/uploads\/2024\/08\/snow-flake-6cm-tr-773x773.png\" \/>\n\t<meta property=\"og:image:width\" content=\"773\" \/>\n\t<meta property=\"og:image:height\" content=\"773\" \/>\n\t<meta property=\"og:image:type\" content=\"image\/png\" \/>\n<meta name=\"twitter:card\" content=\"summary_large_image\" \/>\n<meta name=\"twitter:label1\" content=\"Est. reading time\" \/>\n\t<meta name=\"twitter:data1\" content=\"1 minute\" \/>\n<script type=\"application\/ld+json\" class=\"yoast-schema-graph\">{\"@context\":\"https:\\\/\\\/schema.org\",\"@graph\":[{\"@type\":\"WebPage\",\"@id\":\"https:\\\/\\\/staging.glaswunder.eu\\\/shop\\\/snow-flake-6cm-weihnachtskugeln-weiss-ice\\\/\",\"url\":\"https:\\\/\\\/staging.glaswunder.eu\\\/shop\\\/snow-flake-6cm-weihnachtskugeln-weiss-ice\\\/\",\"name\":\"\\\"snow flake\\\"- 6cm Weihnachtskugeln wei\u00df ice - Glaswunder\",\"isPartOf\":{\"@id\":\"https:\\\/\\\/staging.glaswunder.eu\\\/#website\"},\"primaryImageOfPage\":{\"@id\":\"https:\\\/\\\/staging.glaswunder.eu\\\/shop\\\/snow-flake-6cm-weihnachtskugeln-weiss-ice\\\/#primaryimage\"},\"image\":{\"@id\":\"https:\\\/\\\/staging.glaswunder.eu\\\/shop\\\/snow-flake-6cm-weihnachtskugeln-weiss-ice\\\/#primaryimage\"},\"thumbnailUrl\":\"https:\\\/\\\/staging.glaswunder.eu\\\/wp-content\\\/uploads\\\/2024\\\/08\\\/snow-flake-6cm-tr.png\",\"datePublished\":\"2024-08-02T08:49:41+00:00\",\"dateModified\":\"2026-04-02T13:22:56+00:00\",\"breadcrumb\":{\"@id\":\"https:\\\/\\\/staging.glaswunder.eu\\\/shop\\\/snow-flake-6cm-weihnachtskugeln-weiss-ice\\\/#breadcrumb\"},\"inLanguage\":\"en-US\",\"potentialAction\":[{\"@type\":\"ReadAction\",\"target\":[\"https:\\\/\\\/staging.glaswunder.eu\\\/shop\\\/snow-flake-6cm-weihnachtskugeln-weiss-ice\\\/\"]}]},{\"@type\":\"ImageObject\",\"inLanguage\":\"en-US\",\"@id\":\"https:\\\/\\\/staging.glaswunder.eu\\\/shop\\\/snow-flake-6cm-weihnachtskugeln-weiss-ice\\\/#primaryimage\",\"url\":\"https:\\\/\\\/staging.glaswunder.eu\\\/wp-content\\\/uploads\\\/2024\\\/08\\\/snow-flake-6cm-tr.png\",\"contentUrl\":\"https:\\\/\\\/staging.glaswunder.eu\\\/wp-content\\\/uploads\\\/2024\\\/08\\\/snow-flake-6cm-tr.png\",\"width\":1920,\"height\":1920},{\"@type\":\"BreadcrumbList\",\"@id\":\"https:\\\/\\\/staging.glaswunder.eu\\\/shop\\\/snow-flake-6cm-weihnachtskugeln-weiss-ice\\\/#breadcrumb\",\"itemListElement\":[{\"@type\":\"ListItem\",\"position\":1,\"name\":\"Startseite\",\"item\":\"https:\\\/\\\/staging.glaswunder.eu\\\/\"},{\"@type\":\"ListItem\",\"position\":2,\"name\":\"Shop\",\"item\":\"https:\\\/\\\/staging.glaswunder.eu\\\/shop\\\/\"},{\"@type\":\"ListItem\",\"position\":3,\"name\":\"&#8222;snow flake&#8220;- 6cm Weihnachtskugeln wei\u00df ice\"}]},{\"@type\":\"WebSite\",\"@id\":\"https:\\\/\\\/staging.glaswunder.eu\\\/#website\",\"url\":\"https:\\\/\\\/staging.glaswunder.eu\\\/\",\"name\":\"Glaswunder\",\"description\":\"Exklusive Christbaumkugeln, Weihnachtkugeln, Christbaumschmuck und mehr.\",\"publisher\":{\"@id\":\"https:\\\/\\\/staging.glaswunder.eu\\\/#organization\"},\"potentialAction\":[{\"@type\":\"SearchAction\",\"target\":{\"@type\":\"EntryPoint\",\"urlTemplate\":\"https:\\\/\\\/staging.glaswunder.eu\\\/?s={search_term_string}\"},\"query-input\":{\"@type\":\"PropertyValueSpecification\",\"valueRequired\":true,\"valueName\":\"search_term_string\"}}],\"inLanguage\":\"en-US\"},{\"@type\":\"Organization\",\"@id\":\"https:\\\/\\\/staging.glaswunder.eu\\\/#organization\",\"name\":\"Glaswunder\",\"url\":\"https:\\\/\\\/staging.glaswunder.eu\\\/\",\"logo\":{\"@type\":\"ImageObject\",\"inLanguage\":\"en-US\",\"@id\":\"https:\\\/\\\/staging.glaswunder.eu\\\/#\\\/schema\\\/logo\\\/image\\\/\",\"url\":\"https:\\\/\\\/staging.glaswunder.eu\\\/wp-content\\\/uploads\\\/2023\\\/02\\\/GlasWunderLogo.webp\",\"contentUrl\":\"https:\\\/\\\/staging.glaswunder.eu\\\/wp-content\\\/uploads\\\/2023\\\/02\\\/GlasWunderLogo.webp\",\"width\":500,\"height\":486,\"caption\":\"Glaswunder\"},\"image\":{\"@id\":\"https:\\\/\\\/staging.glaswunder.eu\\\/#\\\/schema\\\/logo\\\/image\\\/\"}}]}<\/script>\n<!-- \/ Yoast SEO plugin. -->","yoast_head_json":{"title":"\"snow flake\"- 6cm Weihnachtskugeln wei\u00df ice - Glaswunder","robots":{"index":"noindex","follow":"follow","max-snippet":"max-snippet:-1","max-image-preview":"max-image-preview:large","max-video-preview":"max-video-preview:-1"},"og_locale":"en_US","og_type":"article","og_title":"\"snow flake\"- 6cm Weihnachtskugeln wei\u00df ice - Glaswunder","og_description":"Dieses Set bestehend aus 6 Kugeln von je 6cm Gr\u00f6\u00dfe sind in wei\u00dfem Icing Lack \u00fcberzogen und von Hand mit dem klassischen Waffelmuster in Rot und silbernem Glitter verziert.","og_url":"https:\/\/staging.glaswunder.eu\/en\/shop\/snow-flake-6cm-weihnachtskugeln-weiss-ice\/","og_site_name":"Glaswunder","article_modified_time":"2026-04-02T13:22:56+00:00","og_image":[{"width":773,"height":773,"url":"https:\/\/staging.glaswunder.eu\/wp-content\/uploads\/2024\/08\/snow-flake-6cm-tr-773x773.png","type":"image\/png"}],"twitter_card":"summary_large_image","twitter_misc":{"Est. reading time":"1 minute"},"schema":{"@context":"https:\/\/schema.org","@graph":[{"@type":"WebPage","@id":"https:\/\/staging.glaswunder.eu\/shop\/snow-flake-6cm-weihnachtskugeln-weiss-ice\/","url":"https:\/\/staging.glaswunder.eu\/shop\/snow-flake-6cm-weihnachtskugeln-weiss-ice\/","name":"\"snow flake\"- 6cm Weihnachtskugeln wei\u00df ice - Glaswunder","isPartOf":{"@id":"https:\/\/staging.glaswunder.eu\/#website"},"primaryImageOfPage":{"@id":"https:\/\/staging.glaswunder.eu\/shop\/snow-flake-6cm-weihnachtskugeln-weiss-ice\/#primaryimage"},"image":{"@id":"https:\/\/staging.glaswunder.eu\/shop\/snow-flake-6cm-weihnachtskugeln-weiss-ice\/#primaryimage"},"thumbnailUrl":"https:\/\/staging.glaswunder.eu\/wp-content\/uploads\/2024\/08\/snow-flake-6cm-tr.png","datePublished":"2024-08-02T08:49:41+00:00","dateModified":"2026-04-02T13:22:56+00:00","breadcrumb":{"@id":"https:\/\/staging.glaswunder.eu\/shop\/snow-flake-6cm-weihnachtskugeln-weiss-ice\/#breadcrumb"},"inLanguage":"en-US","potentialAction":[{"@type":"ReadAction","target":["https:\/\/staging.glaswunder.eu\/shop\/snow-flake-6cm-weihnachtskugeln-weiss-ice\/"]}]},{"@type":"ImageObject","inLanguage":"en-US","@id":"https:\/\/staging.glaswunder.eu\/shop\/snow-flake-6cm-weihnachtskugeln-weiss-ice\/#primaryimage","url":"https:\/\/staging.glaswunder.eu\/wp-content\/uploads\/2024\/08\/snow-flake-6cm-tr.png","contentUrl":"https:\/\/staging.glaswunder.eu\/wp-content\/uploads\/2024\/08\/snow-flake-6cm-tr.png","width":1920,"height":1920},{"@type":"BreadcrumbList","@id":"https:\/\/staging.glaswunder.eu\/shop\/snow-flake-6cm-weihnachtskugeln-weiss-ice\/#breadcrumb","itemListElement":[{"@type":"ListItem","position":1,"name":"Startseite","item":"https:\/\/staging.glaswunder.eu\/"},{"@type":"ListItem","position":2,"name":"Shop","item":"https:\/\/staging.glaswunder.eu\/shop\/"},{"@type":"ListItem","position":3,"name":"&#8222;snow flake&#8220;- 6cm Weihnachtskugeln wei\u00df ice"}]},{"@type":"WebSite","@id":"https:\/\/staging.glaswunder.eu\/#website","url":"https:\/\/staging.glaswunder.eu\/","name":"Glaswunder","description":"Exklusive Christbaumkugeln, Weihnachtkugeln, Christbaumschmuck und mehr.","publisher":{"@id":"https:\/\/staging.glaswunder.eu\/#organization"},"potentialAction":[{"@type":"SearchAction","target":{"@type":"EntryPoint","urlTemplate":"https:\/\/staging.glaswunder.eu\/?s={search_term_string}"},"query-input":{"@type":"PropertyValueSpecification","valueRequired":true,"valueName":"search_term_string"}}],"inLanguage":"en-US"},{"@type":"Organization","@id":"https:\/\/staging.glaswunder.eu\/#organization","name":"Glaswunder","url":"https:\/\/staging.glaswunder.eu\/","logo":{"@type":"ImageObject","inLanguage":"en-US","@id":"https:\/\/staging.glaswunder.eu\/#\/schema\/logo\/image\/","url":"https:\/\/staging.glaswunder.eu\/wp-content\/uploads\/2023\/02\/GlasWunderLogo.webp","contentUrl":"https:\/\/staging.glaswunder.eu\/wp-content\/uploads\/2023\/02\/GlasWunderLogo.webp","width":500,"height":486,"caption":"Glaswunder"},"image":{"@id":"https:\/\/staging.glaswunder.eu\/#\/schema\/logo\/image\/"}}]}},"_links":{"self":[{"href":"https:\/\/staging.glaswunder.eu\/en\/wp-json\/wp\/v2\/product\/3703","targetHints":{"allow":["GET"]}}],"collection":[{"href":"https:\/\/staging.glaswunder.eu\/en\/wp-json\/wp\/v2\/product"}],"about":[{"href":"https:\/\/staging.glaswunder.eu\/en\/wp-json\/wp\/v2\/types\/product"}],"version-history":[{"count":5,"href":"https:\/\/staging.glaswunder.eu\/en\/wp-json\/wp\/v2\/product\/3703\/revisions"}],"predecessor-version":[{"id":5864,"href":"https:\/\/staging.glaswunder.eu\/en\/wp-json\/wp\/v2\/product\/3703\/revisions\/5864"}],"wp:featuredmedia":[{"embeddable":true,"href":"https:\/\/staging.glaswunder.eu\/en\/wp-json\/wp\/v2\/media\/3719"}],"wp:attachment":[{"href":"https:\/\/staging.glaswunder.eu\/en\/wp-json\/wp\/v2\/media?parent=3703"}],"wp:term":[{"taxonomy":"product_brand","embeddable":true,"href":"https:\/\/staging.glaswunder.eu\/en\/wp-json\/wp\/v2\/product_brand?post=3703"},{"taxonomy":"product_cat","embeddable":true,"href":"https:\/\/staging.glaswunder.eu\/en\/wp-json\/wp\/v2\/product_cat?post=3703"},{"taxonomy":"product_tag","embeddable":true,"href":"https:\/\/staging.glaswunder.eu\/en\/wp-json\/wp\/v2\/product_tag?post=3703"}],"curies":[{"name":"wp","href":"https:\/\/api.w.org\/{rel}","templated":true}]}}