{"id":3706,"date":"2024-08-02T08:52:52","date_gmt":"2024-08-02T08:52:52","guid":{"rendered":"https:\/\/glaswunder.eu\/?post_type=product&#038;p=3706"},"modified":"2026-04-02T15:18:08","modified_gmt":"2026-04-02T13:18:08","slug":"snow-flake-icicles-gedr-zapfen-13cm","status":"publish","type":"product","link":"https:\/\/staging.glaswunder.eu\/en\/shop\/snow-flake-icicles-gedr-zapfen-13cm\/","title":{"rendered":"&#8222;snow flake icicles&#8220; &#8211; gedr. Zapfen 13cm"},"content":{"rendered":"<p>Dieses Set besteht aus 3 gedrehte Zapfen zu je 13 cm. Die Zapfen sind in wei\u00dfem Icing Lack \u00fcberzogen und von Hand mit Rot verziert. Sie sind eine passende Erg\u00e4nzung zu dem Weihnachtskugelset &#8222;snow flake&#8220;. Das klassisches Waffelmuster in Rot mit silbernem Glitter ist ein echtes Highlight.<\/p>","protected":false},"excerpt":{"rendered":"<p>Dieses Set im passendem Design zum Waffelmuster besteht aus 3 jeweils 13 cm langen gedrehten Zapfen. Von Mund geblasen, liebevoll in Handarbeit gef\u00e4rbt und verziert liegen diese 3 Zapfen auf einem Satinbett in einen edlen Naturkarton. Der wei\u00dfe Lack in Icing Optik und die zarten roten Linien kommen elegant und dennoch kraftvoll daher.<\/p>","protected":false},"featured_media":3717,"template":"","meta":{"_acf_changed":false},"product_brand":[112],"product_cat":[87,35,51,94],"product_tag":[110,101,106,105,103,107,102],"class_list":{"0":"post-3706","1":"product","2":"type-product","3":"status-publish","4":"has-post-thumbnail","6":"product_brand-glaswunder","7":"product_cat-christbaumschmuck","8":"product_cat-classic-moments","9":"product_cat-magic_dreams","10":"product_cat-zapfen-christbaumschmuck","11":"product_tag-christbaumschmuck-aus-deutschland","12":"product_tag-christbaumschmuck","13":"product_tag-edler-weihnachtsschmuck","14":"product_tag-geschenkidee-weihnachten-deko","15":"product_tag-handgemachter-christbaumschmuck","16":"product_tag-nachhaltiger-weihnachtsschmuck","17":"product_tag-weihnachtsschmuck","19":"first","20":"outofstock","21":"sale","22":"taxable","23":"shipping-taxable","24":"purchasable","25":"product-type-simple"},"acf":[],"yoast_head":"<!-- This site is optimized with the Yoast SEO plugin v27.3 - https:\/\/yoast.com\/product\/yoast-seo-wordpress\/ -->\n<title>&quot;snow flake icicles&quot; - gedr. Zapfen 13cm - Glaswunder<\/title>\n<meta name=\"robots\" content=\"noindex, follow, max-snippet:-1, max-image-preview:large, max-video-preview:-1\" \/>\n<meta property=\"og:locale\" content=\"en_US\" \/>\n<meta property=\"og:type\" content=\"article\" \/>\n<meta property=\"og:title\" content=\"&quot;snow flake icicles&quot; - gedr. Zapfen 13cm - Glaswunder\" \/>\n<meta property=\"og:description\" content=\"Dieses Set im passendem Design zum Waffelmuster besteht aus 3 jeweils 13 cm langen gedrehten Zapfen. Von Mund geblasen, liebevoll in Handarbeit gef\u00e4rbt und verziert liegen diese 3 Zapfen auf einem Satinbett in einen edlen Naturkarton. Der wei\u00dfe Lack in Icing Optik und die zarten roten Linien kommen elegant und dennoch kraftvoll daher.\" \/>\n<meta property=\"og:url\" content=\"https:\/\/staging.glaswunder.eu\/en\/shop\/snow-flake-icicles-gedr-zapfen-13cm\/\" \/>\n<meta property=\"og:site_name\" content=\"Glaswunder\" \/>\n<meta property=\"article:modified_time\" content=\"2026-04-02T13:18:08+00:00\" \/>\n<meta property=\"og:image\" content=\"https:\/\/staging.glaswunder.eu\/wp-content\/uploads\/2024\/08\/snow-flake-icicles-gedr.-Zapfen-773x773.png\" \/>\n\t<meta property=\"og:image:width\" content=\"773\" \/>\n\t<meta property=\"og:image:height\" content=\"773\" \/>\n\t<meta property=\"og:image:type\" content=\"image\/png\" \/>\n<meta name=\"twitter:card\" content=\"summary_large_image\" \/>\n<meta name=\"twitter:label1\" content=\"Est. reading time\" \/>\n\t<meta name=\"twitter:data1\" content=\"1 minute\" \/>\n<script type=\"application\/ld+json\" class=\"yoast-schema-graph\">{\"@context\":\"https:\\\/\\\/schema.org\",\"@graph\":[{\"@type\":\"WebPage\",\"@id\":\"https:\\\/\\\/staging.glaswunder.eu\\\/shop\\\/snow-flake-icicles-gedr-zapfen-13cm\\\/\",\"url\":\"https:\\\/\\\/staging.glaswunder.eu\\\/shop\\\/snow-flake-icicles-gedr-zapfen-13cm\\\/\",\"name\":\"\\\"snow flake icicles\\\" - gedr. Zapfen 13cm - Glaswunder\",\"isPartOf\":{\"@id\":\"https:\\\/\\\/staging.glaswunder.eu\\\/#website\"},\"primaryImageOfPage\":{\"@id\":\"https:\\\/\\\/staging.glaswunder.eu\\\/shop\\\/snow-flake-icicles-gedr-zapfen-13cm\\\/#primaryimage\"},\"image\":{\"@id\":\"https:\\\/\\\/staging.glaswunder.eu\\\/shop\\\/snow-flake-icicles-gedr-zapfen-13cm\\\/#primaryimage\"},\"thumbnailUrl\":\"https:\\\/\\\/staging.glaswunder.eu\\\/wp-content\\\/uploads\\\/2024\\\/08\\\/snow-flake-icicles-gedr.-Zapfen.png\",\"datePublished\":\"2024-08-02T08:52:52+00:00\",\"dateModified\":\"2026-04-02T13:18:08+00:00\",\"breadcrumb\":{\"@id\":\"https:\\\/\\\/staging.glaswunder.eu\\\/shop\\\/snow-flake-icicles-gedr-zapfen-13cm\\\/#breadcrumb\"},\"inLanguage\":\"en-US\",\"potentialAction\":[{\"@type\":\"ReadAction\",\"target\":[\"https:\\\/\\\/staging.glaswunder.eu\\\/shop\\\/snow-flake-icicles-gedr-zapfen-13cm\\\/\"]}]},{\"@type\":\"ImageObject\",\"inLanguage\":\"en-US\",\"@id\":\"https:\\\/\\\/staging.glaswunder.eu\\\/shop\\\/snow-flake-icicles-gedr-zapfen-13cm\\\/#primaryimage\",\"url\":\"https:\\\/\\\/staging.glaswunder.eu\\\/wp-content\\\/uploads\\\/2024\\\/08\\\/snow-flake-icicles-gedr.-Zapfen.png\",\"contentUrl\":\"https:\\\/\\\/staging.glaswunder.eu\\\/wp-content\\\/uploads\\\/2024\\\/08\\\/snow-flake-icicles-gedr.-Zapfen.png\",\"width\":1920,\"height\":1920},{\"@type\":\"BreadcrumbList\",\"@id\":\"https:\\\/\\\/staging.glaswunder.eu\\\/shop\\\/snow-flake-icicles-gedr-zapfen-13cm\\\/#breadcrumb\",\"itemListElement\":[{\"@type\":\"ListItem\",\"position\":1,\"name\":\"Startseite\",\"item\":\"https:\\\/\\\/staging.glaswunder.eu\\\/\"},{\"@type\":\"ListItem\",\"position\":2,\"name\":\"Shop\",\"item\":\"https:\\\/\\\/staging.glaswunder.eu\\\/shop\\\/\"},{\"@type\":\"ListItem\",\"position\":3,\"name\":\"&#8222;snow flake icicles&#8220; &#8211; gedr. Zapfen 13cm\"}]},{\"@type\":\"WebSite\",\"@id\":\"https:\\\/\\\/staging.glaswunder.eu\\\/#website\",\"url\":\"https:\\\/\\\/staging.glaswunder.eu\\\/\",\"name\":\"Glaswunder\",\"description\":\"Exklusive Christbaumkugeln, Weihnachtkugeln, Christbaumschmuck und mehr.\",\"publisher\":{\"@id\":\"https:\\\/\\\/staging.glaswunder.eu\\\/#organization\"},\"potentialAction\":[{\"@type\":\"SearchAction\",\"target\":{\"@type\":\"EntryPoint\",\"urlTemplate\":\"https:\\\/\\\/staging.glaswunder.eu\\\/?s={search_term_string}\"},\"query-input\":{\"@type\":\"PropertyValueSpecification\",\"valueRequired\":true,\"valueName\":\"search_term_string\"}}],\"inLanguage\":\"en-US\"},{\"@type\":\"Organization\",\"@id\":\"https:\\\/\\\/staging.glaswunder.eu\\\/#organization\",\"name\":\"Glaswunder\",\"url\":\"https:\\\/\\\/staging.glaswunder.eu\\\/\",\"logo\":{\"@type\":\"ImageObject\",\"inLanguage\":\"en-US\",\"@id\":\"https:\\\/\\\/staging.glaswunder.eu\\\/#\\\/schema\\\/logo\\\/image\\\/\",\"url\":\"https:\\\/\\\/staging.glaswunder.eu\\\/wp-content\\\/uploads\\\/2023\\\/02\\\/GlasWunderLogo.webp\",\"contentUrl\":\"https:\\\/\\\/staging.glaswunder.eu\\\/wp-content\\\/uploads\\\/2023\\\/02\\\/GlasWunderLogo.webp\",\"width\":500,\"height\":486,\"caption\":\"Glaswunder\"},\"image\":{\"@id\":\"https:\\\/\\\/staging.glaswunder.eu\\\/#\\\/schema\\\/logo\\\/image\\\/\"}}]}<\/script>\n<!-- \/ Yoast SEO plugin. -->","yoast_head_json":{"title":"\"snow flake icicles\" - gedr. Zapfen 13cm - Glaswunder","robots":{"index":"noindex","follow":"follow","max-snippet":"max-snippet:-1","max-image-preview":"max-image-preview:large","max-video-preview":"max-video-preview:-1"},"og_locale":"en_US","og_type":"article","og_title":"\"snow flake icicles\" - gedr. Zapfen 13cm - Glaswunder","og_description":"Dieses Set im passendem Design zum Waffelmuster besteht aus 3 jeweils 13 cm langen gedrehten Zapfen. Von Mund geblasen, liebevoll in Handarbeit gef\u00e4rbt und verziert liegen diese 3 Zapfen auf einem Satinbett in einen edlen Naturkarton. Der wei\u00dfe Lack in Icing Optik und die zarten roten Linien kommen elegant und dennoch kraftvoll daher.","og_url":"https:\/\/staging.glaswunder.eu\/en\/shop\/snow-flake-icicles-gedr-zapfen-13cm\/","og_site_name":"Glaswunder","article_modified_time":"2026-04-02T13:18:08+00:00","og_image":[{"width":773,"height":773,"url":"https:\/\/staging.glaswunder.eu\/wp-content\/uploads\/2024\/08\/snow-flake-icicles-gedr.-Zapfen-773x773.png","type":"image\/png"}],"twitter_card":"summary_large_image","twitter_misc":{"Est. reading time":"1 minute"},"schema":{"@context":"https:\/\/schema.org","@graph":[{"@type":"WebPage","@id":"https:\/\/staging.glaswunder.eu\/shop\/snow-flake-icicles-gedr-zapfen-13cm\/","url":"https:\/\/staging.glaswunder.eu\/shop\/snow-flake-icicles-gedr-zapfen-13cm\/","name":"\"snow flake icicles\" - gedr. Zapfen 13cm - Glaswunder","isPartOf":{"@id":"https:\/\/staging.glaswunder.eu\/#website"},"primaryImageOfPage":{"@id":"https:\/\/staging.glaswunder.eu\/shop\/snow-flake-icicles-gedr-zapfen-13cm\/#primaryimage"},"image":{"@id":"https:\/\/staging.glaswunder.eu\/shop\/snow-flake-icicles-gedr-zapfen-13cm\/#primaryimage"},"thumbnailUrl":"https:\/\/staging.glaswunder.eu\/wp-content\/uploads\/2024\/08\/snow-flake-icicles-gedr.-Zapfen.png","datePublished":"2024-08-02T08:52:52+00:00","dateModified":"2026-04-02T13:18:08+00:00","breadcrumb":{"@id":"https:\/\/staging.glaswunder.eu\/shop\/snow-flake-icicles-gedr-zapfen-13cm\/#breadcrumb"},"inLanguage":"en-US","potentialAction":[{"@type":"ReadAction","target":["https:\/\/staging.glaswunder.eu\/shop\/snow-flake-icicles-gedr-zapfen-13cm\/"]}]},{"@type":"ImageObject","inLanguage":"en-US","@id":"https:\/\/staging.glaswunder.eu\/shop\/snow-flake-icicles-gedr-zapfen-13cm\/#primaryimage","url":"https:\/\/staging.glaswunder.eu\/wp-content\/uploads\/2024\/08\/snow-flake-icicles-gedr.-Zapfen.png","contentUrl":"https:\/\/staging.glaswunder.eu\/wp-content\/uploads\/2024\/08\/snow-flake-icicles-gedr.-Zapfen.png","width":1920,"height":1920},{"@type":"BreadcrumbList","@id":"https:\/\/staging.glaswunder.eu\/shop\/snow-flake-icicles-gedr-zapfen-13cm\/#breadcrumb","itemListElement":[{"@type":"ListItem","position":1,"name":"Startseite","item":"https:\/\/staging.glaswunder.eu\/"},{"@type":"ListItem","position":2,"name":"Shop","item":"https:\/\/staging.glaswunder.eu\/shop\/"},{"@type":"ListItem","position":3,"name":"&#8222;snow flake icicles&#8220; &#8211; gedr. Zapfen 13cm"}]},{"@type":"WebSite","@id":"https:\/\/staging.glaswunder.eu\/#website","url":"https:\/\/staging.glaswunder.eu\/","name":"Glaswunder","description":"Exklusive Christbaumkugeln, Weihnachtkugeln, Christbaumschmuck und mehr.","publisher":{"@id":"https:\/\/staging.glaswunder.eu\/#organization"},"potentialAction":[{"@type":"SearchAction","target":{"@type":"EntryPoint","urlTemplate":"https:\/\/staging.glaswunder.eu\/?s={search_term_string}"},"query-input":{"@type":"PropertyValueSpecification","valueRequired":true,"valueName":"search_term_string"}}],"inLanguage":"en-US"},{"@type":"Organization","@id":"https:\/\/staging.glaswunder.eu\/#organization","name":"Glaswunder","url":"https:\/\/staging.glaswunder.eu\/","logo":{"@type":"ImageObject","inLanguage":"en-US","@id":"https:\/\/staging.glaswunder.eu\/#\/schema\/logo\/image\/","url":"https:\/\/staging.glaswunder.eu\/wp-content\/uploads\/2023\/02\/GlasWunderLogo.webp","contentUrl":"https:\/\/staging.glaswunder.eu\/wp-content\/uploads\/2023\/02\/GlasWunderLogo.webp","width":500,"height":486,"caption":"Glaswunder"},"image":{"@id":"https:\/\/staging.glaswunder.eu\/#\/schema\/logo\/image\/"}}]}},"_links":{"self":[{"href":"https:\/\/staging.glaswunder.eu\/en\/wp-json\/wp\/v2\/product\/3706","targetHints":{"allow":["GET"]}}],"collection":[{"href":"https:\/\/staging.glaswunder.eu\/en\/wp-json\/wp\/v2\/product"}],"about":[{"href":"https:\/\/staging.glaswunder.eu\/en\/wp-json\/wp\/v2\/types\/product"}],"version-history":[{"count":5,"href":"https:\/\/staging.glaswunder.eu\/en\/wp-json\/wp\/v2\/product\/3706\/revisions"}],"predecessor-version":[{"id":5862,"href":"https:\/\/staging.glaswunder.eu\/en\/wp-json\/wp\/v2\/product\/3706\/revisions\/5862"}],"wp:featuredmedia":[{"embeddable":true,"href":"https:\/\/staging.glaswunder.eu\/en\/wp-json\/wp\/v2\/media\/3717"}],"wp:attachment":[{"href":"https:\/\/staging.glaswunder.eu\/en\/wp-json\/wp\/v2\/media?parent=3706"}],"wp:term":[{"taxonomy":"product_brand","embeddable":true,"href":"https:\/\/staging.glaswunder.eu\/en\/wp-json\/wp\/v2\/product_brand?post=3706"},{"taxonomy":"product_cat","embeddable":true,"href":"https:\/\/staging.glaswunder.eu\/en\/wp-json\/wp\/v2\/product_cat?post=3706"},{"taxonomy":"product_tag","embeddable":true,"href":"https:\/\/staging.glaswunder.eu\/en\/wp-json\/wp\/v2\/product_tag?post=3706"}],"curies":[{"name":"wp","href":"https:\/\/api.w.org\/{rel}","templated":true}]}}