{"id":3708,"date":"2024-08-02T08:51:38","date_gmt":"2024-08-02T08:51:38","guid":{"rendered":"https:\/\/glaswunder.eu\/?post_type=product&#038;p=3708"},"modified":"2026-04-02T15:20:07","modified_gmt":"2026-04-02T13:20:07","slug":"snow-flake-oliven-14-cm","status":"publish","type":"product","link":"https:\/\/staging.glaswunder.eu\/en\/shop\/snow-flake-oliven-14-cm\/","title":{"rendered":"\u201csnow flake\u201d &#8211; Oliven 14 cm"},"content":{"rendered":"<p>Dieses 3er Set besteht aus in wei\u00dfem Icing Lack getauchte und mit dem klassischen Waffelmuster verzierte Oliven. Die Oliven sind 14 cm gro\u00df, werden von Mund geblasen und von Hand mit Liebe mit dem Waffelmuster in Rot und silbernem Glitter verziert.<\/p>","protected":false},"excerpt":{"rendered":"<p>Dieses 3er Set besteht aus 14cm gro\u00dfen Oliven, welche in wei\u00dfem Icing Lack gef\u00e4rbt und von Hand mit dem klassischen Waffelmuster verziert wurden. Diese Oliven sind eine super Erg\u00e4nzung zu den Weihnachtskugeln &#8222;snow <a href=\"https:\/\/staging.glaswunder.eu\/en\/shop\/snow-white-6cm\/\">white&#8220;<\/a> und &#8222;snow flake&#8220; und der Christbaumspitze <a href=\"https:\/\/staging.glaswunder.eu\/en\/shop\/snow-white-spitze\/\">&#8222;snow<\/a> white&#8220;. Der wei\u00dfe Lack wirkt sehr elegant und erinnert an das Glitzern von Schneekugeln.<\/p>","protected":false},"featured_media":3715,"template":"","meta":{"_acf_changed":false},"product_brand":[112],"product_cat":[15,87,35,51,94],"product_tag":[110,101,106,105,103,107,102],"class_list":{"0":"post-3708","1":"product","2":"type-product","3":"status-publish","4":"has-post-thumbnail","6":"product_brand-glaswunder","7":"product_cat-alle-produkte","8":"product_cat-christbaumschmuck","9":"product_cat-classic-moments","10":"product_cat-magic_dreams","11":"product_cat-zapfen-christbaumschmuck","12":"product_tag-christbaumschmuck-aus-deutschland","13":"product_tag-christbaumschmuck","14":"product_tag-edler-weihnachtsschmuck","15":"product_tag-geschenkidee-weihnachten-deko","16":"product_tag-handgemachter-christbaumschmuck","17":"product_tag-nachhaltiger-weihnachtsschmuck","18":"product_tag-weihnachtsschmuck","20":"first","21":"instock","22":"sale","23":"taxable","24":"shipping-taxable","25":"purchasable","26":"product-type-simple"},"acf":[],"yoast_head":"<!-- This site is optimized with the Yoast SEO plugin v27.3 - https:\/\/yoast.com\/product\/yoast-seo-wordpress\/ -->\n<title>\u201csnow flake\u201d - Oliven 14 cm - Glaswunder<\/title>\n<meta name=\"robots\" content=\"noindex, follow, max-snippet:-1, max-image-preview:large, max-video-preview:-1\" \/>\n<meta property=\"og:locale\" content=\"en_US\" \/>\n<meta property=\"og:type\" content=\"article\" \/>\n<meta property=\"og:title\" content=\"\u201csnow flake\u201d - Oliven 14 cm - Glaswunder\" \/>\n<meta property=\"og:description\" content=\"Dieses 3er Set besteht aus 14cm gro\u00dfen Oliven, welche in wei\u00dfem Icing Lack gef\u00e4rbt und von Hand mit dem klassischen Waffelmuster verziert wurden. Diese Oliven sind eine super Erg\u00e4nzung zu den Weihnachtskugeln &quot;snow white&quot; und &quot;snow flake&quot; und der Christbaumspitze &quot;snow white&quot;. Der wei\u00dfe Lack wirkt sehr elegant und erinnert an das Glitzern von Schneekugeln.\" \/>\n<meta property=\"og:url\" content=\"https:\/\/staging.glaswunder.eu\/en\/shop\/snow-flake-oliven-14-cm\/\" \/>\n<meta property=\"og:site_name\" content=\"Glaswunder\" \/>\n<meta property=\"article:modified_time\" content=\"2026-04-02T13:20:07+00:00\" \/>\n<meta property=\"og:image\" content=\"https:\/\/staging.glaswunder.eu\/wp-content\/uploads\/2024\/08\/snow-flake-Oliven-773x773.png\" \/>\n\t<meta property=\"og:image:width\" content=\"773\" \/>\n\t<meta property=\"og:image:height\" content=\"773\" \/>\n\t<meta property=\"og:image:type\" content=\"image\/png\" \/>\n<meta name=\"twitter:card\" content=\"summary_large_image\" \/>\n<meta name=\"twitter:label1\" content=\"Est. reading time\" \/>\n\t<meta name=\"twitter:data1\" content=\"1 minute\" \/>\n<script type=\"application\/ld+json\" class=\"yoast-schema-graph\">{\"@context\":\"https:\\\/\\\/schema.org\",\"@graph\":[{\"@type\":\"WebPage\",\"@id\":\"https:\\\/\\\/staging.glaswunder.eu\\\/shop\\\/snow-flake-oliven-14-cm\\\/\",\"url\":\"https:\\\/\\\/staging.glaswunder.eu\\\/shop\\\/snow-flake-oliven-14-cm\\\/\",\"name\":\"\u201csnow flake\u201d - Oliven 14 cm - Glaswunder\",\"isPartOf\":{\"@id\":\"https:\\\/\\\/staging.glaswunder.eu\\\/#website\"},\"primaryImageOfPage\":{\"@id\":\"https:\\\/\\\/staging.glaswunder.eu\\\/shop\\\/snow-flake-oliven-14-cm\\\/#primaryimage\"},\"image\":{\"@id\":\"https:\\\/\\\/staging.glaswunder.eu\\\/shop\\\/snow-flake-oliven-14-cm\\\/#primaryimage\"},\"thumbnailUrl\":\"https:\\\/\\\/staging.glaswunder.eu\\\/wp-content\\\/uploads\\\/2024\\\/08\\\/snow-flake-Oliven.png\",\"datePublished\":\"2024-08-02T08:51:38+00:00\",\"dateModified\":\"2026-04-02T13:20:07+00:00\",\"breadcrumb\":{\"@id\":\"https:\\\/\\\/staging.glaswunder.eu\\\/shop\\\/snow-flake-oliven-14-cm\\\/#breadcrumb\"},\"inLanguage\":\"en-US\",\"potentialAction\":[{\"@type\":\"ReadAction\",\"target\":[\"https:\\\/\\\/staging.glaswunder.eu\\\/shop\\\/snow-flake-oliven-14-cm\\\/\"]}]},{\"@type\":\"ImageObject\",\"inLanguage\":\"en-US\",\"@id\":\"https:\\\/\\\/staging.glaswunder.eu\\\/shop\\\/snow-flake-oliven-14-cm\\\/#primaryimage\",\"url\":\"https:\\\/\\\/staging.glaswunder.eu\\\/wp-content\\\/uploads\\\/2024\\\/08\\\/snow-flake-Oliven.png\",\"contentUrl\":\"https:\\\/\\\/staging.glaswunder.eu\\\/wp-content\\\/uploads\\\/2024\\\/08\\\/snow-flake-Oliven.png\",\"width\":1920,\"height\":1920},{\"@type\":\"BreadcrumbList\",\"@id\":\"https:\\\/\\\/staging.glaswunder.eu\\\/shop\\\/snow-flake-oliven-14-cm\\\/#breadcrumb\",\"itemListElement\":[{\"@type\":\"ListItem\",\"position\":1,\"name\":\"Startseite\",\"item\":\"https:\\\/\\\/staging.glaswunder.eu\\\/\"},{\"@type\":\"ListItem\",\"position\":2,\"name\":\"Shop\",\"item\":\"https:\\\/\\\/staging.glaswunder.eu\\\/shop\\\/\"},{\"@type\":\"ListItem\",\"position\":3,\"name\":\"\u201csnow flake\u201d &#8211; Oliven 14 cm\"}]},{\"@type\":\"WebSite\",\"@id\":\"https:\\\/\\\/staging.glaswunder.eu\\\/#website\",\"url\":\"https:\\\/\\\/staging.glaswunder.eu\\\/\",\"name\":\"Glaswunder\",\"description\":\"Exklusive Christbaumkugeln, Weihnachtkugeln, Christbaumschmuck und mehr.\",\"publisher\":{\"@id\":\"https:\\\/\\\/staging.glaswunder.eu\\\/#organization\"},\"potentialAction\":[{\"@type\":\"SearchAction\",\"target\":{\"@type\":\"EntryPoint\",\"urlTemplate\":\"https:\\\/\\\/staging.glaswunder.eu\\\/?s={search_term_string}\"},\"query-input\":{\"@type\":\"PropertyValueSpecification\",\"valueRequired\":true,\"valueName\":\"search_term_string\"}}],\"inLanguage\":\"en-US\"},{\"@type\":\"Organization\",\"@id\":\"https:\\\/\\\/staging.glaswunder.eu\\\/#organization\",\"name\":\"Glaswunder\",\"url\":\"https:\\\/\\\/staging.glaswunder.eu\\\/\",\"logo\":{\"@type\":\"ImageObject\",\"inLanguage\":\"en-US\",\"@id\":\"https:\\\/\\\/staging.glaswunder.eu\\\/#\\\/schema\\\/logo\\\/image\\\/\",\"url\":\"https:\\\/\\\/staging.glaswunder.eu\\\/wp-content\\\/uploads\\\/2023\\\/02\\\/GlasWunderLogo.webp\",\"contentUrl\":\"https:\\\/\\\/staging.glaswunder.eu\\\/wp-content\\\/uploads\\\/2023\\\/02\\\/GlasWunderLogo.webp\",\"width\":500,\"height\":486,\"caption\":\"Glaswunder\"},\"image\":{\"@id\":\"https:\\\/\\\/staging.glaswunder.eu\\\/#\\\/schema\\\/logo\\\/image\\\/\"}}]}<\/script>\n<!-- \/ Yoast SEO plugin. -->","yoast_head_json":{"title":"\u201csnow flake\u201d - Oliven 14 cm - Glaswunder","robots":{"index":"noindex","follow":"follow","max-snippet":"max-snippet:-1","max-image-preview":"max-image-preview:large","max-video-preview":"max-video-preview:-1"},"og_locale":"en_US","og_type":"article","og_title":"\u201csnow flake\u201d - Oliven 14 cm - Glaswunder","og_description":"Dieses 3er Set besteht aus 14cm gro\u00dfen Oliven, welche in wei\u00dfem Icing Lack gef\u00e4rbt und von Hand mit dem klassischen Waffelmuster verziert wurden. Diese Oliven sind eine super Erg\u00e4nzung zu den Weihnachtskugeln \"snow white\" und \"snow flake\" und der Christbaumspitze \"snow white\". Der wei\u00dfe Lack wirkt sehr elegant und erinnert an das Glitzern von Schneekugeln.","og_url":"https:\/\/staging.glaswunder.eu\/en\/shop\/snow-flake-oliven-14-cm\/","og_site_name":"Glaswunder","article_modified_time":"2026-04-02T13:20:07+00:00","og_image":[{"width":773,"height":773,"url":"https:\/\/staging.glaswunder.eu\/wp-content\/uploads\/2024\/08\/snow-flake-Oliven-773x773.png","type":"image\/png"}],"twitter_card":"summary_large_image","twitter_misc":{"Est. reading time":"1 minute"},"schema":{"@context":"https:\/\/schema.org","@graph":[{"@type":"WebPage","@id":"https:\/\/staging.glaswunder.eu\/shop\/snow-flake-oliven-14-cm\/","url":"https:\/\/staging.glaswunder.eu\/shop\/snow-flake-oliven-14-cm\/","name":"\u201csnow flake\u201d - Oliven 14 cm - Glaswunder","isPartOf":{"@id":"https:\/\/staging.glaswunder.eu\/#website"},"primaryImageOfPage":{"@id":"https:\/\/staging.glaswunder.eu\/shop\/snow-flake-oliven-14-cm\/#primaryimage"},"image":{"@id":"https:\/\/staging.glaswunder.eu\/shop\/snow-flake-oliven-14-cm\/#primaryimage"},"thumbnailUrl":"https:\/\/staging.glaswunder.eu\/wp-content\/uploads\/2024\/08\/snow-flake-Oliven.png","datePublished":"2024-08-02T08:51:38+00:00","dateModified":"2026-04-02T13:20:07+00:00","breadcrumb":{"@id":"https:\/\/staging.glaswunder.eu\/shop\/snow-flake-oliven-14-cm\/#breadcrumb"},"inLanguage":"en-US","potentialAction":[{"@type":"ReadAction","target":["https:\/\/staging.glaswunder.eu\/shop\/snow-flake-oliven-14-cm\/"]}]},{"@type":"ImageObject","inLanguage":"en-US","@id":"https:\/\/staging.glaswunder.eu\/shop\/snow-flake-oliven-14-cm\/#primaryimage","url":"https:\/\/staging.glaswunder.eu\/wp-content\/uploads\/2024\/08\/snow-flake-Oliven.png","contentUrl":"https:\/\/staging.glaswunder.eu\/wp-content\/uploads\/2024\/08\/snow-flake-Oliven.png","width":1920,"height":1920},{"@type":"BreadcrumbList","@id":"https:\/\/staging.glaswunder.eu\/shop\/snow-flake-oliven-14-cm\/#breadcrumb","itemListElement":[{"@type":"ListItem","position":1,"name":"Startseite","item":"https:\/\/staging.glaswunder.eu\/"},{"@type":"ListItem","position":2,"name":"Shop","item":"https:\/\/staging.glaswunder.eu\/shop\/"},{"@type":"ListItem","position":3,"name":"\u201csnow flake\u201d &#8211; Oliven 14 cm"}]},{"@type":"WebSite","@id":"https:\/\/staging.glaswunder.eu\/#website","url":"https:\/\/staging.glaswunder.eu\/","name":"Glaswunder","description":"Exklusive Christbaumkugeln, Weihnachtkugeln, Christbaumschmuck und mehr.","publisher":{"@id":"https:\/\/staging.glaswunder.eu\/#organization"},"potentialAction":[{"@type":"SearchAction","target":{"@type":"EntryPoint","urlTemplate":"https:\/\/staging.glaswunder.eu\/?s={search_term_string}"},"query-input":{"@type":"PropertyValueSpecification","valueRequired":true,"valueName":"search_term_string"}}],"inLanguage":"en-US"},{"@type":"Organization","@id":"https:\/\/staging.glaswunder.eu\/#organization","name":"Glaswunder","url":"https:\/\/staging.glaswunder.eu\/","logo":{"@type":"ImageObject","inLanguage":"en-US","@id":"https:\/\/staging.glaswunder.eu\/#\/schema\/logo\/image\/","url":"https:\/\/staging.glaswunder.eu\/wp-content\/uploads\/2023\/02\/GlasWunderLogo.webp","contentUrl":"https:\/\/staging.glaswunder.eu\/wp-content\/uploads\/2023\/02\/GlasWunderLogo.webp","width":500,"height":486,"caption":"Glaswunder"},"image":{"@id":"https:\/\/staging.glaswunder.eu\/#\/schema\/logo\/image\/"}}]}},"_links":{"self":[{"href":"https:\/\/staging.glaswunder.eu\/en\/wp-json\/wp\/v2\/product\/3708","targetHints":{"allow":["GET"]}}],"collection":[{"href":"https:\/\/staging.glaswunder.eu\/en\/wp-json\/wp\/v2\/product"}],"about":[{"href":"https:\/\/staging.glaswunder.eu\/en\/wp-json\/wp\/v2\/types\/product"}],"version-history":[{"count":4,"href":"https:\/\/staging.glaswunder.eu\/en\/wp-json\/wp\/v2\/product\/3708\/revisions"}],"predecessor-version":[{"id":5863,"href":"https:\/\/staging.glaswunder.eu\/en\/wp-json\/wp\/v2\/product\/3708\/revisions\/5863"}],"wp:featuredmedia":[{"embeddable":true,"href":"https:\/\/staging.glaswunder.eu\/en\/wp-json\/wp\/v2\/media\/3715"}],"wp:attachment":[{"href":"https:\/\/staging.glaswunder.eu\/en\/wp-json\/wp\/v2\/media?parent=3708"}],"wp:term":[{"taxonomy":"product_brand","embeddable":true,"href":"https:\/\/staging.glaswunder.eu\/en\/wp-json\/wp\/v2\/product_brand?post=3708"},{"taxonomy":"product_cat","embeddable":true,"href":"https:\/\/staging.glaswunder.eu\/en\/wp-json\/wp\/v2\/product_cat?post=3708"},{"taxonomy":"product_tag","embeddable":true,"href":"https:\/\/staging.glaswunder.eu\/en\/wp-json\/wp\/v2\/product_tag?post=3708"}],"curies":[{"name":"wp","href":"https:\/\/api.w.org\/{rel}","templated":true}]}}