{"id":375,"date":"2022-09-14T08:31:30","date_gmt":"2022-09-14T08:31:30","guid":{"rendered":"https:\/\/glaswunder.eu\/?post_type=product&#038;p=375"},"modified":"2026-03-31T15:51:03","modified_gmt":"2026-03-31T15:51:03","slug":"nature-friend-zapfen","status":"publish","type":"product","link":"https:\/\/staging.glaswunder.eu\/en\/shop\/nature-friend-zapfen\/","title":{"rendered":"&#8222;nature friend&#8220; &#8211; Zapfen 6 cm | Christbaumschmuck gr\u00fcn matt"},"content":{"rendered":"<p>Unserer Christbaumzapfen aus Glas sind in einem matten Gr\u00fcnton. Sie stellen das Sinnbild unserer Natur dar und sind ein wesentlicher Bestandteil des festlichen Weihnachtsdekors. Unsere Zapfen bieten dir eine sehr vielf\u00e4ltige Gestaltungsm\u00f6glichkeit an. Du kannst sie prima f\u00fcr dein Weihnachtsgesteck oder mit ein par Tannenzweige kombinieren. Nat\u00fcrlich eignen sie sich aber auch Ideal an deinem Weihnachtsbaum f\u00fcr einen zus\u00e4tzlichen Hingucker. Die gr\u00fcne Farbe hebt sich emotional positiv ab und verleiht dir zu der kalten Winterzeit einen kleinen Fr\u00fchlingstatsch. Man kann sie wunderbar mit Erdt\u00f6nen oder den klassischen Weihnachtsfarben rot oder gold verbinden. Eine sch\u00f6ne Erg\u00e4nzung w\u00e4re vielleicht unser &#8222;<a href=\"https:\/\/staging.glaswunder.eu\/en\/shop\/down-to-earth-6cm\/\">Down to Earth<\/a>&#8220; Weihnachtskugeln &#8211; Set. Der Christbaumschmuck ist zum aufh\u00e4ngen gedacht und besteht aus 2 Zapfen \u00e1 6 cm. Sie sind aus mundgeblasenem Glas und von Hand verziert. Die Zapfen sind langlebig und in Deutschland hergestellt.<\/p>\n<p>Unser Christbaumschmuck in nur f\u00fcr den Gebrauch im Innenbereich vorgesehen.<\/p>","protected":false},"excerpt":{"rendered":"<p>Dieses Set, bestehend aus zwei 6 cm Tannenzapfen in dem matten Gr\u00fcnton, greift das Naturthema deiner Weihnachtsbaumdekoration hervorragend auf und perfektioniert den nat\u00fcrlichen Look der Serie &#8222;nature spirit&#8220;.<\/p>","protected":false},"featured_media":2880,"template":"","meta":{"_acf_changed":false},"product_brand":[112],"product_cat":[15,87,37,94],"product_tag":[110,101,106,105,103,107,102],"class_list":{"0":"post-375","1":"product","2":"type-product","3":"status-publish","4":"has-post-thumbnail","6":"product_brand-glaswunder","7":"product_cat-alle-produkte","8":"product_cat-christbaumschmuck","9":"product_cat-nature-spirit","10":"product_cat-zapfen-christbaumschmuck","11":"product_tag-christbaumschmuck-aus-deutschland","12":"product_tag-christbaumschmuck","13":"product_tag-edler-weihnachtsschmuck","14":"product_tag-geschenkidee-weihnachten-deko","15":"product_tag-handgemachter-christbaumschmuck","16":"product_tag-nachhaltiger-weihnachtsschmuck","17":"product_tag-weihnachtsschmuck","19":"first","20":"instock","21":"taxable","22":"shipping-taxable","23":"purchasable","24":"product-type-simple"},"acf":[],"yoast_head":"<!-- This site is optimized with the Yoast SEO plugin v27.3 - https:\/\/yoast.com\/product\/yoast-seo-wordpress\/ -->\n<title>Christbaumzapfen - Tannenzapfen in gr\u00fcn matt<\/title>\n<meta name=\"description\" content=\"Tannenzapfen in gr\u00fcn mattaus Glas von Glaswunder. Handgefertigter Christbaumschmuck \u2705 Mundgeblasen \u2705 Hergestellt in Deutschland \u2705\" \/>\n<meta name=\"robots\" content=\"noindex, follow, max-snippet:-1, max-image-preview:large, max-video-preview:-1\" \/>\n<meta property=\"og:locale\" content=\"en_US\" \/>\n<meta property=\"og:type\" content=\"article\" \/>\n<meta property=\"og:title\" content=\"Christbaumzapfen - Tannenzapfen in gr\u00fcn matt\" \/>\n<meta property=\"og:description\" content=\"Tannenzapfen in gr\u00fcn mattaus Glas von Glaswunder. Handgefertigter Christbaumschmuck \u2705 Mundgeblasen \u2705 Hergestellt in Deutschland \u2705\" \/>\n<meta property=\"og:url\" content=\"https:\/\/staging.glaswunder.eu\/en\/shop\/nature-friend-zapfen\/\" \/>\n<meta property=\"og:site_name\" content=\"Glaswunder\" \/>\n<meta property=\"article:modified_time\" content=\"2026-03-31T15:51:03+00:00\" \/>\n<meta property=\"og:image\" content=\"https:\/\/staging.glaswunder.eu\/wp-content\/uploads\/2022\/09\/nature-friend-Zapfen-4262381710480-1.png\" \/>\n\t<meta property=\"og:image:width\" content=\"1500\" \/>\n\t<meta property=\"og:image:height\" content=\"1500\" \/>\n\t<meta property=\"og:image:type\" content=\"image\/png\" \/>\n<meta name=\"twitter:card\" content=\"summary_large_image\" \/>\n<meta name=\"twitter:label1\" content=\"Est. reading time\" \/>\n\t<meta name=\"twitter:data1\" content=\"2 minutes\" \/>\n<script type=\"application\/ld+json\" class=\"yoast-schema-graph\">{\"@context\":\"https:\\\/\\\/schema.org\",\"@graph\":[{\"@type\":\"WebPage\",\"@id\":\"https:\\\/\\\/staging.glaswunder.eu\\\/shop\\\/nature-friend-zapfen\\\/\",\"url\":\"https:\\\/\\\/staging.glaswunder.eu\\\/shop\\\/nature-friend-zapfen\\\/\",\"name\":\"Christbaumzapfen - Tannenzapfen in gr\u00fcn matt\",\"isPartOf\":{\"@id\":\"https:\\\/\\\/staging.glaswunder.eu\\\/#website\"},\"primaryImageOfPage\":{\"@id\":\"https:\\\/\\\/staging.glaswunder.eu\\\/shop\\\/nature-friend-zapfen\\\/#primaryimage\"},\"image\":{\"@id\":\"https:\\\/\\\/staging.glaswunder.eu\\\/shop\\\/nature-friend-zapfen\\\/#primaryimage\"},\"thumbnailUrl\":\"https:\\\/\\\/staging.glaswunder.eu\\\/wp-content\\\/uploads\\\/2022\\\/09\\\/nature-friend-Zapfen-4262381710480-1.png\",\"datePublished\":\"2022-09-14T08:31:30+00:00\",\"dateModified\":\"2026-03-31T15:51:03+00:00\",\"description\":\"Tannenzapfen in gr\u00fcn mattaus Glas von Glaswunder. Handgefertigter Christbaumschmuck \u2705 Mundgeblasen \u2705 Hergestellt in Deutschland \u2705\",\"breadcrumb\":{\"@id\":\"https:\\\/\\\/staging.glaswunder.eu\\\/shop\\\/nature-friend-zapfen\\\/#breadcrumb\"},\"inLanguage\":\"en-US\",\"potentialAction\":[{\"@type\":\"ReadAction\",\"target\":[\"https:\\\/\\\/staging.glaswunder.eu\\\/shop\\\/nature-friend-zapfen\\\/\"]}]},{\"@type\":\"ImageObject\",\"inLanguage\":\"en-US\",\"@id\":\"https:\\\/\\\/staging.glaswunder.eu\\\/shop\\\/nature-friend-zapfen\\\/#primaryimage\",\"url\":\"https:\\\/\\\/staging.glaswunder.eu\\\/wp-content\\\/uploads\\\/2022\\\/09\\\/nature-friend-Zapfen-4262381710480-1.png\",\"contentUrl\":\"https:\\\/\\\/staging.glaswunder.eu\\\/wp-content\\\/uploads\\\/2022\\\/09\\\/nature-friend-Zapfen-4262381710480-1.png\",\"width\":1500,\"height\":1500,\"caption\":\"2er Set Christbaumschmuck Glaszapfen mit 6cm Durchmesser in Moosgr\u00fcn matt und Glitter \u00fcberzogen in einem schwarzen Naturkarton\"},{\"@type\":\"BreadcrumbList\",\"@id\":\"https:\\\/\\\/staging.glaswunder.eu\\\/shop\\\/nature-friend-zapfen\\\/#breadcrumb\",\"itemListElement\":[{\"@type\":\"ListItem\",\"position\":1,\"name\":\"Startseite\",\"item\":\"https:\\\/\\\/staging.glaswunder.eu\\\/\"},{\"@type\":\"ListItem\",\"position\":2,\"name\":\"Shop\",\"item\":\"https:\\\/\\\/staging.glaswunder.eu\\\/shop\\\/\"},{\"@type\":\"ListItem\",\"position\":3,\"name\":\"&#8222;nature friend&#8220; &#8211; Zapfen 6 cm | Christbaumschmuck gr\u00fcn matt\"}]},{\"@type\":\"WebSite\",\"@id\":\"https:\\\/\\\/staging.glaswunder.eu\\\/#website\",\"url\":\"https:\\\/\\\/staging.glaswunder.eu\\\/\",\"name\":\"Glaswunder\",\"description\":\"Exklusive Christbaumkugeln, Weihnachtkugeln, Christbaumschmuck und mehr.\",\"publisher\":{\"@id\":\"https:\\\/\\\/staging.glaswunder.eu\\\/#organization\"},\"potentialAction\":[{\"@type\":\"SearchAction\",\"target\":{\"@type\":\"EntryPoint\",\"urlTemplate\":\"https:\\\/\\\/staging.glaswunder.eu\\\/?s={search_term_string}\"},\"query-input\":{\"@type\":\"PropertyValueSpecification\",\"valueRequired\":true,\"valueName\":\"search_term_string\"}}],\"inLanguage\":\"en-US\"},{\"@type\":\"Organization\",\"@id\":\"https:\\\/\\\/staging.glaswunder.eu\\\/#organization\",\"name\":\"Glaswunder\",\"url\":\"https:\\\/\\\/staging.glaswunder.eu\\\/\",\"logo\":{\"@type\":\"ImageObject\",\"inLanguage\":\"en-US\",\"@id\":\"https:\\\/\\\/staging.glaswunder.eu\\\/#\\\/schema\\\/logo\\\/image\\\/\",\"url\":\"https:\\\/\\\/staging.glaswunder.eu\\\/wp-content\\\/uploads\\\/2023\\\/02\\\/GlasWunderLogo.webp\",\"contentUrl\":\"https:\\\/\\\/staging.glaswunder.eu\\\/wp-content\\\/uploads\\\/2023\\\/02\\\/GlasWunderLogo.webp\",\"width\":500,\"height\":486,\"caption\":\"Glaswunder\"},\"image\":{\"@id\":\"https:\\\/\\\/staging.glaswunder.eu\\\/#\\\/schema\\\/logo\\\/image\\\/\"}}]}<\/script>\n<!-- \/ Yoast SEO plugin. -->","yoast_head_json":{"title":"Christbaumzapfen - Tannenzapfen in gr\u00fcn matt","description":"Tannenzapfen in gr\u00fcn mattaus Glas von Glaswunder. Handgefertigter Christbaumschmuck \u2705 Mundgeblasen \u2705 Hergestellt in Deutschland \u2705","robots":{"index":"noindex","follow":"follow","max-snippet":"max-snippet:-1","max-image-preview":"max-image-preview:large","max-video-preview":"max-video-preview:-1"},"og_locale":"en_US","og_type":"article","og_title":"Christbaumzapfen - Tannenzapfen in gr\u00fcn matt","og_description":"Tannenzapfen in gr\u00fcn mattaus Glas von Glaswunder. Handgefertigter Christbaumschmuck \u2705 Mundgeblasen \u2705 Hergestellt in Deutschland \u2705","og_url":"https:\/\/staging.glaswunder.eu\/en\/shop\/nature-friend-zapfen\/","og_site_name":"Glaswunder","article_modified_time":"2026-03-31T15:51:03+00:00","og_image":[{"width":1500,"height":1500,"url":"https:\/\/staging.glaswunder.eu\/wp-content\/uploads\/2022\/09\/nature-friend-Zapfen-4262381710480-1.png","type":"image\/png"}],"twitter_card":"summary_large_image","twitter_misc":{"Est. reading time":"2 minutes"},"schema":{"@context":"https:\/\/schema.org","@graph":[{"@type":"WebPage","@id":"https:\/\/staging.glaswunder.eu\/shop\/nature-friend-zapfen\/","url":"https:\/\/staging.glaswunder.eu\/shop\/nature-friend-zapfen\/","name":"Christbaumzapfen - Tannenzapfen in gr\u00fcn matt","isPartOf":{"@id":"https:\/\/staging.glaswunder.eu\/#website"},"primaryImageOfPage":{"@id":"https:\/\/staging.glaswunder.eu\/shop\/nature-friend-zapfen\/#primaryimage"},"image":{"@id":"https:\/\/staging.glaswunder.eu\/shop\/nature-friend-zapfen\/#primaryimage"},"thumbnailUrl":"https:\/\/staging.glaswunder.eu\/wp-content\/uploads\/2022\/09\/nature-friend-Zapfen-4262381710480-1.png","datePublished":"2022-09-14T08:31:30+00:00","dateModified":"2026-03-31T15:51:03+00:00","description":"Tannenzapfen in gr\u00fcn mattaus Glas von Glaswunder. Handgefertigter Christbaumschmuck \u2705 Mundgeblasen \u2705 Hergestellt in Deutschland \u2705","breadcrumb":{"@id":"https:\/\/staging.glaswunder.eu\/shop\/nature-friend-zapfen\/#breadcrumb"},"inLanguage":"en-US","potentialAction":[{"@type":"ReadAction","target":["https:\/\/staging.glaswunder.eu\/shop\/nature-friend-zapfen\/"]}]},{"@type":"ImageObject","inLanguage":"en-US","@id":"https:\/\/staging.glaswunder.eu\/shop\/nature-friend-zapfen\/#primaryimage","url":"https:\/\/staging.glaswunder.eu\/wp-content\/uploads\/2022\/09\/nature-friend-Zapfen-4262381710480-1.png","contentUrl":"https:\/\/staging.glaswunder.eu\/wp-content\/uploads\/2022\/09\/nature-friend-Zapfen-4262381710480-1.png","width":1500,"height":1500,"caption":"2er Set Christbaumschmuck Glaszapfen mit 6cm Durchmesser in Moosgr\u00fcn matt und Glitter \u00fcberzogen in einem schwarzen Naturkarton"},{"@type":"BreadcrumbList","@id":"https:\/\/staging.glaswunder.eu\/shop\/nature-friend-zapfen\/#breadcrumb","itemListElement":[{"@type":"ListItem","position":1,"name":"Startseite","item":"https:\/\/staging.glaswunder.eu\/"},{"@type":"ListItem","position":2,"name":"Shop","item":"https:\/\/staging.glaswunder.eu\/shop\/"},{"@type":"ListItem","position":3,"name":"&#8222;nature friend&#8220; &#8211; Zapfen 6 cm | Christbaumschmuck gr\u00fcn matt"}]},{"@type":"WebSite","@id":"https:\/\/staging.glaswunder.eu\/#website","url":"https:\/\/staging.glaswunder.eu\/","name":"Glaswunder","description":"Exklusive Christbaumkugeln, Weihnachtkugeln, Christbaumschmuck und mehr.","publisher":{"@id":"https:\/\/staging.glaswunder.eu\/#organization"},"potentialAction":[{"@type":"SearchAction","target":{"@type":"EntryPoint","urlTemplate":"https:\/\/staging.glaswunder.eu\/?s={search_term_string}"},"query-input":{"@type":"PropertyValueSpecification","valueRequired":true,"valueName":"search_term_string"}}],"inLanguage":"en-US"},{"@type":"Organization","@id":"https:\/\/staging.glaswunder.eu\/#organization","name":"Glaswunder","url":"https:\/\/staging.glaswunder.eu\/","logo":{"@type":"ImageObject","inLanguage":"en-US","@id":"https:\/\/staging.glaswunder.eu\/#\/schema\/logo\/image\/","url":"https:\/\/staging.glaswunder.eu\/wp-content\/uploads\/2023\/02\/GlasWunderLogo.webp","contentUrl":"https:\/\/staging.glaswunder.eu\/wp-content\/uploads\/2023\/02\/GlasWunderLogo.webp","width":500,"height":486,"caption":"Glaswunder"},"image":{"@id":"https:\/\/staging.glaswunder.eu\/#\/schema\/logo\/image\/"}}]}},"_links":{"self":[{"href":"https:\/\/staging.glaswunder.eu\/en\/wp-json\/wp\/v2\/product\/375","targetHints":{"allow":["GET"]}}],"collection":[{"href":"https:\/\/staging.glaswunder.eu\/en\/wp-json\/wp\/v2\/product"}],"about":[{"href":"https:\/\/staging.glaswunder.eu\/en\/wp-json\/wp\/v2\/types\/product"}],"version-history":[{"count":7,"href":"https:\/\/staging.glaswunder.eu\/en\/wp-json\/wp\/v2\/product\/375\/revisions"}],"predecessor-version":[{"id":5723,"href":"https:\/\/staging.glaswunder.eu\/en\/wp-json\/wp\/v2\/product\/375\/revisions\/5723"}],"wp:featuredmedia":[{"embeddable":true,"href":"https:\/\/staging.glaswunder.eu\/en\/wp-json\/wp\/v2\/media\/2880"}],"wp:attachment":[{"href":"https:\/\/staging.glaswunder.eu\/en\/wp-json\/wp\/v2\/media?parent=375"}],"wp:term":[{"taxonomy":"product_brand","embeddable":true,"href":"https:\/\/staging.glaswunder.eu\/en\/wp-json\/wp\/v2\/product_brand?post=375"},{"taxonomy":"product_cat","embeddable":true,"href":"https:\/\/staging.glaswunder.eu\/en\/wp-json\/wp\/v2\/product_cat?post=375"},{"taxonomy":"product_tag","embeddable":true,"href":"https:\/\/staging.glaswunder.eu\/en\/wp-json\/wp\/v2\/product_tag?post=375"}],"curies":[{"name":"wp","href":"https:\/\/api.w.org\/{rel}","templated":true}]}}