{"id":3779,"date":"2024-10-22T18:04:29","date_gmt":"2024-10-22T18:04:29","guid":{"rendered":"https:\/\/glaswunder.eu\/?post_type=product&#038;p=3779"},"modified":"2026-04-02T15:15:01","modified_gmt":"2026-04-02T13:15:01","slug":"happy-hare-hase-12cm","status":"publish","type":"product","link":"https:\/\/staging.glaswunder.eu\/en\/shop\/happy-hare-hase-12cm\/","title":{"rendered":"&#8222;happy hare&#8220; &#8211; Hase 12cm"},"content":{"rendered":"<p>Dieser Hase namens &#8222;happy hare&#8220; ist 12cm gro\u00df und einen sch\u00f6nen Wei\u00df gehalten, mit leichtem Glitter an den Hinterl\u00e4ufern wirkt er edel. Das h\u00fcbsche Gesicht gibt dem H\u00e4schen sein Charakter. Befestigt wird der Hase auf einem Zweig mit einem Clip aus Metall. So kann er beliebig auf jede Zweige, \u00c4ste oder Kr\u00e4nze befestigt werden.<\/p>","protected":false},"excerpt":{"rendered":"<p>&#8222;Happy Hare&#8220; ist ein 12cm gro\u00dfer Hase, der sowohl an Weihnachten als auch an Ostern ein Highlight in deiner Dekoration ist. Das niedliche Gesicht und die wundervollen Details verleihen ihm ein tolles Aussehen.<\/p>","protected":false},"featured_media":3966,"template":"","meta":{"_acf_changed":false},"product_brand":[112],"product_cat":[15,52,66,100,89],"product_tag":[110,101,106,130,105,103,107,131,132,102],"class_list":{"0":"post-3779","1":"product","2":"type-product","3":"status-publish","4":"has-post-thumbnail","6":"product_brand-glaswunder","7":"product_cat-alle-produkte","8":"product_cat-easter-collection","9":"product_cat-figuren","10":"product_cat-figuren-ostern","11":"product_cat-ostern","12":"product_tag-christbaumschmuck-aus-deutschland","13":"product_tag-christbaumschmuck","14":"product_tag-edler-weihnachtsschmuck","15":"product_tag-geschenk-ideen-deko-ostern","16":"product_tag-geschenkidee-weihnachten-deko","17":"product_tag-handgemachter-christbaumschmuck","18":"product_tag-nachhaltiger-weihnachtsschmuck","19":"product_tag-osterdekoration","20":"product_tag-osterhase","21":"product_tag-weihnachtsschmuck","23":"first","24":"instock","25":"taxable","26":"shipping-taxable","27":"purchasable","28":"product-type-simple"},"acf":[],"yoast_head":"<!-- This site is optimized with the Yoast SEO plugin v27.3 - https:\/\/yoast.com\/product\/yoast-seo-wordpress\/ -->\n<title>&quot;happy hare&quot; - Hase 12cm - Glaswunder<\/title>\n<meta name=\"description\" content=\"Dieses kleine wundervolle H\u00e4schen kann sowohl an Weihnachten oder Ostern die Deko versch\u00f6nern und wirkt mit seinen niedlichen Details einzigartig.\" \/>\n<meta name=\"robots\" content=\"noindex, follow, max-snippet:-1, max-image-preview:large, max-video-preview:-1\" \/>\n<meta property=\"og:locale\" content=\"en_US\" \/>\n<meta property=\"og:type\" content=\"article\" \/>\n<meta property=\"og:title\" content=\"&quot;happy hare&quot; - Hase 12cm - Glaswunder\" \/>\n<meta property=\"og:description\" content=\"Dieses kleine wundervolle H\u00e4schen kann sowohl an Weihnachten oder Ostern die Deko versch\u00f6nern und wirkt mit seinen niedlichen Details einzigartig.\" \/>\n<meta property=\"og:url\" content=\"https:\/\/staging.glaswunder.eu\/en\/shop\/happy-hare-hase-12cm\/\" \/>\n<meta property=\"og:site_name\" content=\"Glaswunder\" \/>\n<meta property=\"article:modified_time\" content=\"2026-04-02T13:15:01+00:00\" \/>\n<meta property=\"og:image\" content=\"https:\/\/staging.glaswunder.eu\/wp-content\/uploads\/2025\/05\/4262381711012-happy-hare-Hase-12cm.png\" \/>\n\t<meta property=\"og:image:width\" content=\"1500\" \/>\n\t<meta property=\"og:image:height\" content=\"1500\" \/>\n\t<meta property=\"og:image:type\" content=\"image\/png\" \/>\n<meta name=\"twitter:card\" content=\"summary_large_image\" \/>\n<meta name=\"twitter:label1\" content=\"Est. reading time\" \/>\n\t<meta name=\"twitter:data1\" content=\"1 minute\" \/>\n<script type=\"application\/ld+json\" class=\"yoast-schema-graph\">{\"@context\":\"https:\\\/\\\/schema.org\",\"@graph\":[{\"@type\":\"WebPage\",\"@id\":\"https:\\\/\\\/staging.glaswunder.eu\\\/shop\\\/happy-hare-hase-12cm\\\/\",\"url\":\"https:\\\/\\\/staging.glaswunder.eu\\\/shop\\\/happy-hare-hase-12cm\\\/\",\"name\":\"\\\"happy hare\\\" - Hase 12cm - Glaswunder\",\"isPartOf\":{\"@id\":\"https:\\\/\\\/staging.glaswunder.eu\\\/#website\"},\"primaryImageOfPage\":{\"@id\":\"https:\\\/\\\/staging.glaswunder.eu\\\/shop\\\/happy-hare-hase-12cm\\\/#primaryimage\"},\"image\":{\"@id\":\"https:\\\/\\\/staging.glaswunder.eu\\\/shop\\\/happy-hare-hase-12cm\\\/#primaryimage\"},\"thumbnailUrl\":\"https:\\\/\\\/staging.glaswunder.eu\\\/wp-content\\\/uploads\\\/2025\\\/05\\\/4262381711012-happy-hare-Hase-12cm.png\",\"datePublished\":\"2024-10-22T18:04:29+00:00\",\"dateModified\":\"2026-04-02T13:15:01+00:00\",\"description\":\"Dieses kleine wundervolle H\u00e4schen kann sowohl an Weihnachten oder Ostern die Deko versch\u00f6nern und wirkt mit seinen niedlichen Details einzigartig.\",\"breadcrumb\":{\"@id\":\"https:\\\/\\\/staging.glaswunder.eu\\\/shop\\\/happy-hare-hase-12cm\\\/#breadcrumb\"},\"inLanguage\":\"en-US\",\"potentialAction\":[{\"@type\":\"ReadAction\",\"target\":[\"https:\\\/\\\/staging.glaswunder.eu\\\/shop\\\/happy-hare-hase-12cm\\\/\"]}]},{\"@type\":\"ImageObject\",\"inLanguage\":\"en-US\",\"@id\":\"https:\\\/\\\/staging.glaswunder.eu\\\/shop\\\/happy-hare-hase-12cm\\\/#primaryimage\",\"url\":\"https:\\\/\\\/staging.glaswunder.eu\\\/wp-content\\\/uploads\\\/2025\\\/05\\\/4262381711012-happy-hare-Hase-12cm.png\",\"contentUrl\":\"https:\\\/\\\/staging.glaswunder.eu\\\/wp-content\\\/uploads\\\/2025\\\/05\\\/4262381711012-happy-hare-Hase-12cm.png\",\"width\":1500,\"height\":1500},{\"@type\":\"BreadcrumbList\",\"@id\":\"https:\\\/\\\/staging.glaswunder.eu\\\/shop\\\/happy-hare-hase-12cm\\\/#breadcrumb\",\"itemListElement\":[{\"@type\":\"ListItem\",\"position\":1,\"name\":\"Startseite\",\"item\":\"https:\\\/\\\/staging.glaswunder.eu\\\/\"},{\"@type\":\"ListItem\",\"position\":2,\"name\":\"Shop\",\"item\":\"https:\\\/\\\/staging.glaswunder.eu\\\/shop\\\/\"},{\"@type\":\"ListItem\",\"position\":3,\"name\":\"&#8222;happy hare&#8220; &#8211; Hase 12cm\"}]},{\"@type\":\"WebSite\",\"@id\":\"https:\\\/\\\/staging.glaswunder.eu\\\/#website\",\"url\":\"https:\\\/\\\/staging.glaswunder.eu\\\/\",\"name\":\"Glaswunder\",\"description\":\"Exklusive Christbaumkugeln, Weihnachtkugeln, Christbaumschmuck und mehr.\",\"publisher\":{\"@id\":\"https:\\\/\\\/staging.glaswunder.eu\\\/#organization\"},\"potentialAction\":[{\"@type\":\"SearchAction\",\"target\":{\"@type\":\"EntryPoint\",\"urlTemplate\":\"https:\\\/\\\/staging.glaswunder.eu\\\/?s={search_term_string}\"},\"query-input\":{\"@type\":\"PropertyValueSpecification\",\"valueRequired\":true,\"valueName\":\"search_term_string\"}}],\"inLanguage\":\"en-US\"},{\"@type\":\"Organization\",\"@id\":\"https:\\\/\\\/staging.glaswunder.eu\\\/#organization\",\"name\":\"Glaswunder\",\"url\":\"https:\\\/\\\/staging.glaswunder.eu\\\/\",\"logo\":{\"@type\":\"ImageObject\",\"inLanguage\":\"en-US\",\"@id\":\"https:\\\/\\\/staging.glaswunder.eu\\\/#\\\/schema\\\/logo\\\/image\\\/\",\"url\":\"https:\\\/\\\/staging.glaswunder.eu\\\/wp-content\\\/uploads\\\/2023\\\/02\\\/GlasWunderLogo.webp\",\"contentUrl\":\"https:\\\/\\\/staging.glaswunder.eu\\\/wp-content\\\/uploads\\\/2023\\\/02\\\/GlasWunderLogo.webp\",\"width\":500,\"height\":486,\"caption\":\"Glaswunder\"},\"image\":{\"@id\":\"https:\\\/\\\/staging.glaswunder.eu\\\/#\\\/schema\\\/logo\\\/image\\\/\"}}]}<\/script>\n<!-- \/ Yoast SEO plugin. -->","yoast_head_json":{"title":"\"happy hare\" - Hase 12cm - Glaswunder","description":"Dieses kleine wundervolle H\u00e4schen kann sowohl an Weihnachten oder Ostern die Deko versch\u00f6nern und wirkt mit seinen niedlichen Details einzigartig.","robots":{"index":"noindex","follow":"follow","max-snippet":"max-snippet:-1","max-image-preview":"max-image-preview:large","max-video-preview":"max-video-preview:-1"},"og_locale":"en_US","og_type":"article","og_title":"\"happy hare\" - Hase 12cm - Glaswunder","og_description":"Dieses kleine wundervolle H\u00e4schen kann sowohl an Weihnachten oder Ostern die Deko versch\u00f6nern und wirkt mit seinen niedlichen Details einzigartig.","og_url":"https:\/\/staging.glaswunder.eu\/en\/shop\/happy-hare-hase-12cm\/","og_site_name":"Glaswunder","article_modified_time":"2026-04-02T13:15:01+00:00","og_image":[{"width":1500,"height":1500,"url":"https:\/\/staging.glaswunder.eu\/wp-content\/uploads\/2025\/05\/4262381711012-happy-hare-Hase-12cm.png","type":"image\/png"}],"twitter_card":"summary_large_image","twitter_misc":{"Est. reading time":"1 minute"},"schema":{"@context":"https:\/\/schema.org","@graph":[{"@type":"WebPage","@id":"https:\/\/staging.glaswunder.eu\/shop\/happy-hare-hase-12cm\/","url":"https:\/\/staging.glaswunder.eu\/shop\/happy-hare-hase-12cm\/","name":"\"happy hare\" - Hase 12cm - Glaswunder","isPartOf":{"@id":"https:\/\/staging.glaswunder.eu\/#website"},"primaryImageOfPage":{"@id":"https:\/\/staging.glaswunder.eu\/shop\/happy-hare-hase-12cm\/#primaryimage"},"image":{"@id":"https:\/\/staging.glaswunder.eu\/shop\/happy-hare-hase-12cm\/#primaryimage"},"thumbnailUrl":"https:\/\/staging.glaswunder.eu\/wp-content\/uploads\/2025\/05\/4262381711012-happy-hare-Hase-12cm.png","datePublished":"2024-10-22T18:04:29+00:00","dateModified":"2026-04-02T13:15:01+00:00","description":"Dieses kleine wundervolle H\u00e4schen kann sowohl an Weihnachten oder Ostern die Deko versch\u00f6nern und wirkt mit seinen niedlichen Details einzigartig.","breadcrumb":{"@id":"https:\/\/staging.glaswunder.eu\/shop\/happy-hare-hase-12cm\/#breadcrumb"},"inLanguage":"en-US","potentialAction":[{"@type":"ReadAction","target":["https:\/\/staging.glaswunder.eu\/shop\/happy-hare-hase-12cm\/"]}]},{"@type":"ImageObject","inLanguage":"en-US","@id":"https:\/\/staging.glaswunder.eu\/shop\/happy-hare-hase-12cm\/#primaryimage","url":"https:\/\/staging.glaswunder.eu\/wp-content\/uploads\/2025\/05\/4262381711012-happy-hare-Hase-12cm.png","contentUrl":"https:\/\/staging.glaswunder.eu\/wp-content\/uploads\/2025\/05\/4262381711012-happy-hare-Hase-12cm.png","width":1500,"height":1500},{"@type":"BreadcrumbList","@id":"https:\/\/staging.glaswunder.eu\/shop\/happy-hare-hase-12cm\/#breadcrumb","itemListElement":[{"@type":"ListItem","position":1,"name":"Startseite","item":"https:\/\/staging.glaswunder.eu\/"},{"@type":"ListItem","position":2,"name":"Shop","item":"https:\/\/staging.glaswunder.eu\/shop\/"},{"@type":"ListItem","position":3,"name":"&#8222;happy hare&#8220; &#8211; Hase 12cm"}]},{"@type":"WebSite","@id":"https:\/\/staging.glaswunder.eu\/#website","url":"https:\/\/staging.glaswunder.eu\/","name":"Glaswunder","description":"Exklusive Christbaumkugeln, Weihnachtkugeln, Christbaumschmuck und mehr.","publisher":{"@id":"https:\/\/staging.glaswunder.eu\/#organization"},"potentialAction":[{"@type":"SearchAction","target":{"@type":"EntryPoint","urlTemplate":"https:\/\/staging.glaswunder.eu\/?s={search_term_string}"},"query-input":{"@type":"PropertyValueSpecification","valueRequired":true,"valueName":"search_term_string"}}],"inLanguage":"en-US"},{"@type":"Organization","@id":"https:\/\/staging.glaswunder.eu\/#organization","name":"Glaswunder","url":"https:\/\/staging.glaswunder.eu\/","logo":{"@type":"ImageObject","inLanguage":"en-US","@id":"https:\/\/staging.glaswunder.eu\/#\/schema\/logo\/image\/","url":"https:\/\/staging.glaswunder.eu\/wp-content\/uploads\/2023\/02\/GlasWunderLogo.webp","contentUrl":"https:\/\/staging.glaswunder.eu\/wp-content\/uploads\/2023\/02\/GlasWunderLogo.webp","width":500,"height":486,"caption":"Glaswunder"},"image":{"@id":"https:\/\/staging.glaswunder.eu\/#\/schema\/logo\/image\/"}}]}},"_links":{"self":[{"href":"https:\/\/staging.glaswunder.eu\/en\/wp-json\/wp\/v2\/product\/3779","targetHints":{"allow":["GET"]}}],"collection":[{"href":"https:\/\/staging.glaswunder.eu\/en\/wp-json\/wp\/v2\/product"}],"about":[{"href":"https:\/\/staging.glaswunder.eu\/en\/wp-json\/wp\/v2\/types\/product"}],"version-history":[{"count":3,"href":"https:\/\/staging.glaswunder.eu\/en\/wp-json\/wp\/v2\/product\/3779\/revisions"}],"predecessor-version":[{"id":5858,"href":"https:\/\/staging.glaswunder.eu\/en\/wp-json\/wp\/v2\/product\/3779\/revisions\/5858"}],"wp:featuredmedia":[{"embeddable":true,"href":"https:\/\/staging.glaswunder.eu\/en\/wp-json\/wp\/v2\/media\/3966"}],"wp:attachment":[{"href":"https:\/\/staging.glaswunder.eu\/en\/wp-json\/wp\/v2\/media?parent=3779"}],"wp:term":[{"taxonomy":"product_brand","embeddable":true,"href":"https:\/\/staging.glaswunder.eu\/en\/wp-json\/wp\/v2\/product_brand?post=3779"},{"taxonomy":"product_cat","embeddable":true,"href":"https:\/\/staging.glaswunder.eu\/en\/wp-json\/wp\/v2\/product_cat?post=3779"},{"taxonomy":"product_tag","embeddable":true,"href":"https:\/\/staging.glaswunder.eu\/en\/wp-json\/wp\/v2\/product_tag?post=3779"}],"curies":[{"name":"wp","href":"https:\/\/api.w.org\/{rel}","templated":true}]}}