{"id":3782,"date":"2024-10-22T20:51:16","date_gmt":"2024-10-22T20:51:16","guid":{"rendered":"https:\/\/glaswunder.eu\/?post_type=product&#038;p=3782"},"modified":"2026-04-02T15:13:00","modified_gmt":"2026-04-02T13:13:00","slug":"owls-in-love-eulen-paerchen-6cm","status":"publish","type":"product","link":"https:\/\/staging.glaswunder.eu\/en\/shop\/owls-in-love-eulen-paerchen-6cm\/","title":{"rendered":"&#8222;owls in love&#8220; &#8211; Eulen-P\u00e4rchen 6cm"},"content":{"rendered":"<p>Dieses wundersch\u00f6ne P\u00e4rchen &#8222;owls in love&#8220; besteht aus zwei 6cm gro\u00dfen Eulen. Eine tr\u00e4gt ein hellbraunes Fl\u00fcgelkleid und die andere ein dunkelbraunes Fl\u00fcgelkleid. Als Geschenk f\u00fcr ein liebendes Paar geben diese Eulen ein wundersch\u00f6nes Bild im Tannenbaum oder als Geschenk f\u00fcr die Lieben zum Weihnachtsfest.<\/p>","protected":false},"excerpt":{"rendered":"<p>&#8222;Owls in love&#8220; besteht aus zwei 6cm gro\u00dfen Eulen. Die eine zeichnet ein hellbraunes Fl\u00fcgelpaar aus und das andere ein dunkelbraunes. Als P\u00e4rchen im Weihnachtsbaum wirken sie harmonisch und sind ein toller Hingucker.<\/p>","protected":false},"featured_media":3968,"template":"","meta":{"_acf_changed":false},"product_brand":[112],"product_cat":[15,66],"product_tag":[110,101,106,105,103,107,102],"class_list":{"0":"post-3782","1":"product","2":"type-product","3":"status-publish","4":"has-post-thumbnail","6":"product_brand-glaswunder","7":"product_cat-alle-produkte","8":"product_cat-figuren","9":"product_tag-christbaumschmuck-aus-deutschland","10":"product_tag-christbaumschmuck","11":"product_tag-edler-weihnachtsschmuck","12":"product_tag-geschenkidee-weihnachten-deko","13":"product_tag-handgemachter-christbaumschmuck","14":"product_tag-nachhaltiger-weihnachtsschmuck","15":"product_tag-weihnachtsschmuck","17":"first","18":"instock","19":"taxable","20":"shipping-taxable","21":"purchasable","22":"product-type-simple"},"acf":[],"yoast_head":"<!-- This site is optimized with the Yoast SEO plugin v27.3 - https:\/\/yoast.com\/product\/yoast-seo-wordpress\/ -->\n<title>&quot;owls in love&quot; - Eulen-P\u00e4rchen 6cm - Glaswunder<\/title>\n<meta name=\"description\" content=\"Diese wundersch\u00f6ne Eulen-P\u00e4rchen names &quot;owls in love&quot; eignet sich wunderbar als Geschenk oder besonderes Highlight in deinem Weihnachtsbaum.\" \/>\n<meta name=\"robots\" content=\"noindex, follow, max-snippet:-1, max-image-preview:large, max-video-preview:-1\" \/>\n<meta property=\"og:locale\" content=\"en_US\" \/>\n<meta property=\"og:type\" content=\"article\" \/>\n<meta property=\"og:title\" content=\"&quot;owls in love&quot; - Eulen-P\u00e4rchen 6cm - Glaswunder\" \/>\n<meta property=\"og:description\" content=\"Diese wundersch\u00f6ne Eulen-P\u00e4rchen names &quot;owls in love&quot; eignet sich wunderbar als Geschenk oder besonderes Highlight in deinem Weihnachtsbaum.\" \/>\n<meta property=\"og:url\" content=\"https:\/\/staging.glaswunder.eu\/en\/shop\/owls-in-love-eulen-paerchen-6cm\/\" \/>\n<meta property=\"og:site_name\" content=\"Glaswunder\" \/>\n<meta property=\"article:modified_time\" content=\"2026-04-02T13:13:00+00:00\" \/>\n<meta property=\"og:image\" content=\"https:\/\/staging.glaswunder.eu\/wp-content\/uploads\/2025\/05\/4262381711029-owls-in-love-Eulen-Paerchen-6cm.png\" \/>\n\t<meta property=\"og:image:width\" content=\"1500\" \/>\n\t<meta property=\"og:image:height\" content=\"1500\" \/>\n\t<meta property=\"og:image:type\" content=\"image\/png\" \/>\n<meta name=\"twitter:card\" content=\"summary_large_image\" \/>\n<meta name=\"twitter:label1\" content=\"Est. reading time\" \/>\n\t<meta name=\"twitter:data1\" content=\"1 minute\" \/>\n<script type=\"application\/ld+json\" class=\"yoast-schema-graph\">{\"@context\":\"https:\\\/\\\/schema.org\",\"@graph\":[{\"@type\":\"WebPage\",\"@id\":\"https:\\\/\\\/staging.glaswunder.eu\\\/shop\\\/owls-in-love-eulen-paerchen-6cm\\\/\",\"url\":\"https:\\\/\\\/staging.glaswunder.eu\\\/shop\\\/owls-in-love-eulen-paerchen-6cm\\\/\",\"name\":\"\\\"owls in love\\\" - Eulen-P\u00e4rchen 6cm - Glaswunder\",\"isPartOf\":{\"@id\":\"https:\\\/\\\/staging.glaswunder.eu\\\/#website\"},\"primaryImageOfPage\":{\"@id\":\"https:\\\/\\\/staging.glaswunder.eu\\\/shop\\\/owls-in-love-eulen-paerchen-6cm\\\/#primaryimage\"},\"image\":{\"@id\":\"https:\\\/\\\/staging.glaswunder.eu\\\/shop\\\/owls-in-love-eulen-paerchen-6cm\\\/#primaryimage\"},\"thumbnailUrl\":\"https:\\\/\\\/staging.glaswunder.eu\\\/wp-content\\\/uploads\\\/2025\\\/05\\\/4262381711029-owls-in-love-Eulen-Paerchen-6cm.png\",\"datePublished\":\"2024-10-22T20:51:16+00:00\",\"dateModified\":\"2026-04-02T13:13:00+00:00\",\"description\":\"Diese wundersch\u00f6ne Eulen-P\u00e4rchen names \\\"owls in love\\\" eignet sich wunderbar als Geschenk oder besonderes Highlight in deinem Weihnachtsbaum.\",\"breadcrumb\":{\"@id\":\"https:\\\/\\\/staging.glaswunder.eu\\\/shop\\\/owls-in-love-eulen-paerchen-6cm\\\/#breadcrumb\"},\"inLanguage\":\"en-US\",\"potentialAction\":[{\"@type\":\"ReadAction\",\"target\":[\"https:\\\/\\\/staging.glaswunder.eu\\\/shop\\\/owls-in-love-eulen-paerchen-6cm\\\/\"]}]},{\"@type\":\"ImageObject\",\"inLanguage\":\"en-US\",\"@id\":\"https:\\\/\\\/staging.glaswunder.eu\\\/shop\\\/owls-in-love-eulen-paerchen-6cm\\\/#primaryimage\",\"url\":\"https:\\\/\\\/staging.glaswunder.eu\\\/wp-content\\\/uploads\\\/2025\\\/05\\\/4262381711029-owls-in-love-Eulen-Paerchen-6cm.png\",\"contentUrl\":\"https:\\\/\\\/staging.glaswunder.eu\\\/wp-content\\\/uploads\\\/2025\\\/05\\\/4262381711029-owls-in-love-Eulen-Paerchen-6cm.png\",\"width\":1500,\"height\":1500},{\"@type\":\"BreadcrumbList\",\"@id\":\"https:\\\/\\\/staging.glaswunder.eu\\\/shop\\\/owls-in-love-eulen-paerchen-6cm\\\/#breadcrumb\",\"itemListElement\":[{\"@type\":\"ListItem\",\"position\":1,\"name\":\"Startseite\",\"item\":\"https:\\\/\\\/staging.glaswunder.eu\\\/\"},{\"@type\":\"ListItem\",\"position\":2,\"name\":\"Shop\",\"item\":\"https:\\\/\\\/staging.glaswunder.eu\\\/shop\\\/\"},{\"@type\":\"ListItem\",\"position\":3,\"name\":\"&#8222;owls in love&#8220; &#8211; Eulen-P\u00e4rchen 6cm\"}]},{\"@type\":\"WebSite\",\"@id\":\"https:\\\/\\\/staging.glaswunder.eu\\\/#website\",\"url\":\"https:\\\/\\\/staging.glaswunder.eu\\\/\",\"name\":\"Glaswunder\",\"description\":\"Exklusive Christbaumkugeln, Weihnachtkugeln, Christbaumschmuck und mehr.\",\"publisher\":{\"@id\":\"https:\\\/\\\/staging.glaswunder.eu\\\/#organization\"},\"potentialAction\":[{\"@type\":\"SearchAction\",\"target\":{\"@type\":\"EntryPoint\",\"urlTemplate\":\"https:\\\/\\\/staging.glaswunder.eu\\\/?s={search_term_string}\"},\"query-input\":{\"@type\":\"PropertyValueSpecification\",\"valueRequired\":true,\"valueName\":\"search_term_string\"}}],\"inLanguage\":\"en-US\"},{\"@type\":\"Organization\",\"@id\":\"https:\\\/\\\/staging.glaswunder.eu\\\/#organization\",\"name\":\"Glaswunder\",\"url\":\"https:\\\/\\\/staging.glaswunder.eu\\\/\",\"logo\":{\"@type\":\"ImageObject\",\"inLanguage\":\"en-US\",\"@id\":\"https:\\\/\\\/staging.glaswunder.eu\\\/#\\\/schema\\\/logo\\\/image\\\/\",\"url\":\"https:\\\/\\\/staging.glaswunder.eu\\\/wp-content\\\/uploads\\\/2023\\\/02\\\/GlasWunderLogo.webp\",\"contentUrl\":\"https:\\\/\\\/staging.glaswunder.eu\\\/wp-content\\\/uploads\\\/2023\\\/02\\\/GlasWunderLogo.webp\",\"width\":500,\"height\":486,\"caption\":\"Glaswunder\"},\"image\":{\"@id\":\"https:\\\/\\\/staging.glaswunder.eu\\\/#\\\/schema\\\/logo\\\/image\\\/\"}}]}<\/script>\n<!-- \/ Yoast SEO plugin. -->","yoast_head_json":{"title":"\"owls in love\" - Eulen-P\u00e4rchen 6cm - Glaswunder","description":"Diese wundersch\u00f6ne Eulen-P\u00e4rchen names \"owls in love\" eignet sich wunderbar als Geschenk oder besonderes Highlight in deinem Weihnachtsbaum.","robots":{"index":"noindex","follow":"follow","max-snippet":"max-snippet:-1","max-image-preview":"max-image-preview:large","max-video-preview":"max-video-preview:-1"},"og_locale":"en_US","og_type":"article","og_title":"\"owls in love\" - Eulen-P\u00e4rchen 6cm - Glaswunder","og_description":"Diese wundersch\u00f6ne Eulen-P\u00e4rchen names \"owls in love\" eignet sich wunderbar als Geschenk oder besonderes Highlight in deinem Weihnachtsbaum.","og_url":"https:\/\/staging.glaswunder.eu\/en\/shop\/owls-in-love-eulen-paerchen-6cm\/","og_site_name":"Glaswunder","article_modified_time":"2026-04-02T13:13:00+00:00","og_image":[{"width":1500,"height":1500,"url":"https:\/\/staging.glaswunder.eu\/wp-content\/uploads\/2025\/05\/4262381711029-owls-in-love-Eulen-Paerchen-6cm.png","type":"image\/png"}],"twitter_card":"summary_large_image","twitter_misc":{"Est. reading time":"1 minute"},"schema":{"@context":"https:\/\/schema.org","@graph":[{"@type":"WebPage","@id":"https:\/\/staging.glaswunder.eu\/shop\/owls-in-love-eulen-paerchen-6cm\/","url":"https:\/\/staging.glaswunder.eu\/shop\/owls-in-love-eulen-paerchen-6cm\/","name":"\"owls in love\" - Eulen-P\u00e4rchen 6cm - Glaswunder","isPartOf":{"@id":"https:\/\/staging.glaswunder.eu\/#website"},"primaryImageOfPage":{"@id":"https:\/\/staging.glaswunder.eu\/shop\/owls-in-love-eulen-paerchen-6cm\/#primaryimage"},"image":{"@id":"https:\/\/staging.glaswunder.eu\/shop\/owls-in-love-eulen-paerchen-6cm\/#primaryimage"},"thumbnailUrl":"https:\/\/staging.glaswunder.eu\/wp-content\/uploads\/2025\/05\/4262381711029-owls-in-love-Eulen-Paerchen-6cm.png","datePublished":"2024-10-22T20:51:16+00:00","dateModified":"2026-04-02T13:13:00+00:00","description":"Diese wundersch\u00f6ne Eulen-P\u00e4rchen names \"owls in love\" eignet sich wunderbar als Geschenk oder besonderes Highlight in deinem Weihnachtsbaum.","breadcrumb":{"@id":"https:\/\/staging.glaswunder.eu\/shop\/owls-in-love-eulen-paerchen-6cm\/#breadcrumb"},"inLanguage":"en-US","potentialAction":[{"@type":"ReadAction","target":["https:\/\/staging.glaswunder.eu\/shop\/owls-in-love-eulen-paerchen-6cm\/"]}]},{"@type":"ImageObject","inLanguage":"en-US","@id":"https:\/\/staging.glaswunder.eu\/shop\/owls-in-love-eulen-paerchen-6cm\/#primaryimage","url":"https:\/\/staging.glaswunder.eu\/wp-content\/uploads\/2025\/05\/4262381711029-owls-in-love-Eulen-Paerchen-6cm.png","contentUrl":"https:\/\/staging.glaswunder.eu\/wp-content\/uploads\/2025\/05\/4262381711029-owls-in-love-Eulen-Paerchen-6cm.png","width":1500,"height":1500},{"@type":"BreadcrumbList","@id":"https:\/\/staging.glaswunder.eu\/shop\/owls-in-love-eulen-paerchen-6cm\/#breadcrumb","itemListElement":[{"@type":"ListItem","position":1,"name":"Startseite","item":"https:\/\/staging.glaswunder.eu\/"},{"@type":"ListItem","position":2,"name":"Shop","item":"https:\/\/staging.glaswunder.eu\/shop\/"},{"@type":"ListItem","position":3,"name":"&#8222;owls in love&#8220; &#8211; Eulen-P\u00e4rchen 6cm"}]},{"@type":"WebSite","@id":"https:\/\/staging.glaswunder.eu\/#website","url":"https:\/\/staging.glaswunder.eu\/","name":"Glaswunder","description":"Exklusive Christbaumkugeln, Weihnachtkugeln, Christbaumschmuck und mehr.","publisher":{"@id":"https:\/\/staging.glaswunder.eu\/#organization"},"potentialAction":[{"@type":"SearchAction","target":{"@type":"EntryPoint","urlTemplate":"https:\/\/staging.glaswunder.eu\/?s={search_term_string}"},"query-input":{"@type":"PropertyValueSpecification","valueRequired":true,"valueName":"search_term_string"}}],"inLanguage":"en-US"},{"@type":"Organization","@id":"https:\/\/staging.glaswunder.eu\/#organization","name":"Glaswunder","url":"https:\/\/staging.glaswunder.eu\/","logo":{"@type":"ImageObject","inLanguage":"en-US","@id":"https:\/\/staging.glaswunder.eu\/#\/schema\/logo\/image\/","url":"https:\/\/staging.glaswunder.eu\/wp-content\/uploads\/2023\/02\/GlasWunderLogo.webp","contentUrl":"https:\/\/staging.glaswunder.eu\/wp-content\/uploads\/2023\/02\/GlasWunderLogo.webp","width":500,"height":486,"caption":"Glaswunder"},"image":{"@id":"https:\/\/staging.glaswunder.eu\/#\/schema\/logo\/image\/"}}]}},"_links":{"self":[{"href":"https:\/\/staging.glaswunder.eu\/en\/wp-json\/wp\/v2\/product\/3782","targetHints":{"allow":["GET"]}}],"collection":[{"href":"https:\/\/staging.glaswunder.eu\/en\/wp-json\/wp\/v2\/product"}],"about":[{"href":"https:\/\/staging.glaswunder.eu\/en\/wp-json\/wp\/v2\/types\/product"}],"version-history":[{"count":3,"href":"https:\/\/staging.glaswunder.eu\/en\/wp-json\/wp\/v2\/product\/3782\/revisions"}],"predecessor-version":[{"id":5857,"href":"https:\/\/staging.glaswunder.eu\/en\/wp-json\/wp\/v2\/product\/3782\/revisions\/5857"}],"wp:featuredmedia":[{"embeddable":true,"href":"https:\/\/staging.glaswunder.eu\/en\/wp-json\/wp\/v2\/media\/3968"}],"wp:attachment":[{"href":"https:\/\/staging.glaswunder.eu\/en\/wp-json\/wp\/v2\/media?parent=3782"}],"wp:term":[{"taxonomy":"product_brand","embeddable":true,"href":"https:\/\/staging.glaswunder.eu\/en\/wp-json\/wp\/v2\/product_brand?post=3782"},{"taxonomy":"product_cat","embeddable":true,"href":"https:\/\/staging.glaswunder.eu\/en\/wp-json\/wp\/v2\/product_cat?post=3782"},{"taxonomy":"product_tag","embeddable":true,"href":"https:\/\/staging.glaswunder.eu\/en\/wp-json\/wp\/v2\/product_tag?post=3782"}],"curies":[{"name":"wp","href":"https:\/\/api.w.org\/{rel}","templated":true}]}}