{"id":3784,"date":"2024-10-22T21:28:59","date_gmt":"2024-10-22T21:28:59","guid":{"rendered":"https:\/\/glaswunder.eu\/?post_type=product&#038;p=3784"},"modified":"2026-04-02T15:12:18","modified_gmt":"2026-04-02T13:12:18","slug":"red-cardinal-voegel-6cm","status":"publish","type":"product","link":"https:\/\/staging.glaswunder.eu\/en\/shop\/red-cardinal-voegel-6cm\/","title":{"rendered":"&#8222;red cardinal &#8220; &#8211; V\u00f6gel 6cm"},"content":{"rendered":"<p>Mit gro\u00dfem Charm und voller Symbolkraft schm\u00fccken diese zauberhaften Glasv\u00f6gelchen den Weihnachtsbaum. In traditionellem, mattem Rot gehalten, erinnern sie an die W\u00e4rme und Geborgenheit vergangener Feste. Ihre filigranen Fl\u00fcgel sind mit feinem, silbernem Glitzer umrahmt, der sie im Kerzenlicht sanft funkeln l\u00e4sst \u2013 wie kleine Boten des Winters. Am Ende der Fl\u00fcgel schimmert eine strahlend wei\u00dfe Feder, die den V\u00f6gelchen Leichtigkeit und Lebendigkeit verleiht. Sie wirken, als k\u00f6nnten sie im n\u00e4chsten Augenblick auffliegen, um die frohe Botschaft von Freude und Frieden weiterzutragen. Mundgeblasen und handverziert, wird jedes V\u00f6gelchen zu einem liebevollen Unikat. Im Set vereint, bringen sie eine festliche Harmonie in den Baum \u2013 eine zarte Erinnerung daran, dass die sch\u00f6nsten Momente oft in den kleinsten Details verborgen liegen. Unser Set besteht aus 2 mundgeblasenen V\u00f6gelchen aus Glas. Sie sind 6 cm gro\u00df, von Hand verziert und in Deutschland hergestellt. Durch ihre hochwertige Verarbeitung sind sie besonders langlebig und Pflegeleicht. Unser Weihnachtsschmuck ist nur f\u00fcr den Gebrauch im Innenbereich vorgesehen.<\/p>","protected":false},"excerpt":{"rendered":"<p>&#8222;Red cardinal&#8220;, bestehend aus zwei 6cm gro\u00dfen V\u00f6gelchen, haben eine rote F\u00e4rbung und silberne Fl\u00fcgelchen. Sie stehen als Boten des Guten, der Liebe und der Kraft. Dieses P\u00e4rchen setzt an Tannenzweigen, im Weihnachtsbaum oder an einem Kranz ein wundersch\u00f6nes harmonisches Bild.<\/p>","protected":false},"featured_media":3754,"template":"","meta":{"_acf_changed":false},"product_brand":[112],"product_cat":[15,87,35,93],"product_tag":[110,101,106,105,103,107,102],"class_list":{"0":"post-3784","1":"product","2":"type-product","3":"status-publish","4":"has-post-thumbnail","6":"product_brand-glaswunder","7":"product_cat-alle-produkte","8":"product_cat-christbaumschmuck","9":"product_cat-classic-moments","10":"product_cat-voegel-christbaumschmuck","11":"product_tag-christbaumschmuck-aus-deutschland","12":"product_tag-christbaumschmuck","13":"product_tag-edler-weihnachtsschmuck","14":"product_tag-geschenkidee-weihnachten-deko","15":"product_tag-handgemachter-christbaumschmuck","16":"product_tag-nachhaltiger-weihnachtsschmuck","17":"product_tag-weihnachtsschmuck","19":"first","20":"instock","21":"taxable","22":"shipping-taxable","23":"purchasable","24":"product-type-simple"},"acf":[],"yoast_head":"<!-- This site is optimized with the Yoast SEO plugin v27.3 - https:\/\/yoast.com\/product\/yoast-seo-wordpress\/ -->\n<title>&quot;red cardinal &quot; - V\u00f6gel 6cm - Glaswunder<\/title>\n<meta name=\"description\" content=\"Dieses wundersch\u00f6ne Vogel-P\u00e4rchen namens &quot;red cardinal&quot; symbolisieren Harmonie, Liebe und Kraft. Es passt also hervorragend zum Weihnachtsfest.\" \/>\n<meta name=\"robots\" content=\"noindex, follow, max-snippet:-1, max-image-preview:large, max-video-preview:-1\" \/>\n<meta property=\"og:locale\" content=\"en_US\" \/>\n<meta property=\"og:type\" content=\"article\" \/>\n<meta property=\"og:title\" content=\"&quot;red cardinal &quot; - V\u00f6gel 6cm - Glaswunder\" \/>\n<meta property=\"og:description\" content=\"Dieses wundersch\u00f6ne Vogel-P\u00e4rchen namens &quot;red cardinal&quot; symbolisieren Harmonie, Liebe und Kraft. Es passt also hervorragend zum Weihnachtsfest.\" \/>\n<meta property=\"og:url\" content=\"https:\/\/staging.glaswunder.eu\/en\/shop\/red-cardinal-voegel-6cm\/\" \/>\n<meta property=\"og:site_name\" content=\"Glaswunder\" \/>\n<meta property=\"article:modified_time\" content=\"2026-04-02T13:12:18+00:00\" \/>\n<meta property=\"og:image\" content=\"https:\/\/staging.glaswunder.eu\/wp-content\/uploads\/2024\/10\/4262381711036-red-cardinal-Voegelchen.png\" \/>\n\t<meta property=\"og:image:width\" content=\"2000\" \/>\n\t<meta property=\"og:image:height\" content=\"2000\" \/>\n\t<meta property=\"og:image:type\" content=\"image\/png\" \/>\n<meta name=\"twitter:card\" content=\"summary_large_image\" \/>\n<meta name=\"twitter:label1\" content=\"Est. reading time\" \/>\n\t<meta name=\"twitter:data1\" content=\"2 minutes\" \/>\n<script type=\"application\/ld+json\" class=\"yoast-schema-graph\">{\"@context\":\"https:\\\/\\\/schema.org\",\"@graph\":[{\"@type\":\"WebPage\",\"@id\":\"https:\\\/\\\/staging.glaswunder.eu\\\/shop\\\/red-cardinal-voegel-6cm\\\/\",\"url\":\"https:\\\/\\\/staging.glaswunder.eu\\\/shop\\\/red-cardinal-voegel-6cm\\\/\",\"name\":\"\\\"red cardinal \\\" - V\u00f6gel 6cm - Glaswunder\",\"isPartOf\":{\"@id\":\"https:\\\/\\\/staging.glaswunder.eu\\\/#website\"},\"primaryImageOfPage\":{\"@id\":\"https:\\\/\\\/staging.glaswunder.eu\\\/shop\\\/red-cardinal-voegel-6cm\\\/#primaryimage\"},\"image\":{\"@id\":\"https:\\\/\\\/staging.glaswunder.eu\\\/shop\\\/red-cardinal-voegel-6cm\\\/#primaryimage\"},\"thumbnailUrl\":\"https:\\\/\\\/staging.glaswunder.eu\\\/wp-content\\\/uploads\\\/2024\\\/10\\\/4262381711036-red-cardinal-Voegelchen.png\",\"datePublished\":\"2024-10-22T21:28:59+00:00\",\"dateModified\":\"2026-04-02T13:12:18+00:00\",\"description\":\"Dieses wundersch\u00f6ne Vogel-P\u00e4rchen namens \\\"red cardinal\\\" symbolisieren Harmonie, Liebe und Kraft. Es passt also hervorragend zum Weihnachtsfest.\",\"breadcrumb\":{\"@id\":\"https:\\\/\\\/staging.glaswunder.eu\\\/shop\\\/red-cardinal-voegel-6cm\\\/#breadcrumb\"},\"inLanguage\":\"en-US\",\"potentialAction\":[{\"@type\":\"ReadAction\",\"target\":[\"https:\\\/\\\/staging.glaswunder.eu\\\/shop\\\/red-cardinal-voegel-6cm\\\/\"]}]},{\"@type\":\"ImageObject\",\"inLanguage\":\"en-US\",\"@id\":\"https:\\\/\\\/staging.glaswunder.eu\\\/shop\\\/red-cardinal-voegel-6cm\\\/#primaryimage\",\"url\":\"https:\\\/\\\/staging.glaswunder.eu\\\/wp-content\\\/uploads\\\/2024\\\/10\\\/4262381711036-red-cardinal-Voegelchen.png\",\"contentUrl\":\"https:\\\/\\\/staging.glaswunder.eu\\\/wp-content\\\/uploads\\\/2024\\\/10\\\/4262381711036-red-cardinal-Voegelchen.png\",\"width\":2000,\"height\":2000},{\"@type\":\"BreadcrumbList\",\"@id\":\"https:\\\/\\\/staging.glaswunder.eu\\\/shop\\\/red-cardinal-voegel-6cm\\\/#breadcrumb\",\"itemListElement\":[{\"@type\":\"ListItem\",\"position\":1,\"name\":\"Startseite\",\"item\":\"https:\\\/\\\/staging.glaswunder.eu\\\/\"},{\"@type\":\"ListItem\",\"position\":2,\"name\":\"Shop\",\"item\":\"https:\\\/\\\/staging.glaswunder.eu\\\/shop\\\/\"},{\"@type\":\"ListItem\",\"position\":3,\"name\":\"&#8222;red cardinal &#8220; &#8211; V\u00f6gel 6cm\"}]},{\"@type\":\"WebSite\",\"@id\":\"https:\\\/\\\/staging.glaswunder.eu\\\/#website\",\"url\":\"https:\\\/\\\/staging.glaswunder.eu\\\/\",\"name\":\"Glaswunder\",\"description\":\"Exklusive Christbaumkugeln, Weihnachtkugeln, Christbaumschmuck und mehr.\",\"publisher\":{\"@id\":\"https:\\\/\\\/staging.glaswunder.eu\\\/#organization\"},\"potentialAction\":[{\"@type\":\"SearchAction\",\"target\":{\"@type\":\"EntryPoint\",\"urlTemplate\":\"https:\\\/\\\/staging.glaswunder.eu\\\/?s={search_term_string}\"},\"query-input\":{\"@type\":\"PropertyValueSpecification\",\"valueRequired\":true,\"valueName\":\"search_term_string\"}}],\"inLanguage\":\"en-US\"},{\"@type\":\"Organization\",\"@id\":\"https:\\\/\\\/staging.glaswunder.eu\\\/#organization\",\"name\":\"Glaswunder\",\"url\":\"https:\\\/\\\/staging.glaswunder.eu\\\/\",\"logo\":{\"@type\":\"ImageObject\",\"inLanguage\":\"en-US\",\"@id\":\"https:\\\/\\\/staging.glaswunder.eu\\\/#\\\/schema\\\/logo\\\/image\\\/\",\"url\":\"https:\\\/\\\/staging.glaswunder.eu\\\/wp-content\\\/uploads\\\/2023\\\/02\\\/GlasWunderLogo.webp\",\"contentUrl\":\"https:\\\/\\\/staging.glaswunder.eu\\\/wp-content\\\/uploads\\\/2023\\\/02\\\/GlasWunderLogo.webp\",\"width\":500,\"height\":486,\"caption\":\"Glaswunder\"},\"image\":{\"@id\":\"https:\\\/\\\/staging.glaswunder.eu\\\/#\\\/schema\\\/logo\\\/image\\\/\"}}]}<\/script>\n<!-- \/ Yoast SEO plugin. -->","yoast_head_json":{"title":"\"red cardinal \" - V\u00f6gel 6cm - Glaswunder","description":"Dieses wundersch\u00f6ne Vogel-P\u00e4rchen namens \"red cardinal\" symbolisieren Harmonie, Liebe und Kraft. Es passt also hervorragend zum Weihnachtsfest.","robots":{"index":"noindex","follow":"follow","max-snippet":"max-snippet:-1","max-image-preview":"max-image-preview:large","max-video-preview":"max-video-preview:-1"},"og_locale":"en_US","og_type":"article","og_title":"\"red cardinal \" - V\u00f6gel 6cm - Glaswunder","og_description":"Dieses wundersch\u00f6ne Vogel-P\u00e4rchen namens \"red cardinal\" symbolisieren Harmonie, Liebe und Kraft. Es passt also hervorragend zum Weihnachtsfest.","og_url":"https:\/\/staging.glaswunder.eu\/en\/shop\/red-cardinal-voegel-6cm\/","og_site_name":"Glaswunder","article_modified_time":"2026-04-02T13:12:18+00:00","og_image":[{"width":2000,"height":2000,"url":"https:\/\/staging.glaswunder.eu\/wp-content\/uploads\/2024\/10\/4262381711036-red-cardinal-Voegelchen.png","type":"image\/png"}],"twitter_card":"summary_large_image","twitter_misc":{"Est. reading time":"2 minutes"},"schema":{"@context":"https:\/\/schema.org","@graph":[{"@type":"WebPage","@id":"https:\/\/staging.glaswunder.eu\/shop\/red-cardinal-voegel-6cm\/","url":"https:\/\/staging.glaswunder.eu\/shop\/red-cardinal-voegel-6cm\/","name":"\"red cardinal \" - V\u00f6gel 6cm - Glaswunder","isPartOf":{"@id":"https:\/\/staging.glaswunder.eu\/#website"},"primaryImageOfPage":{"@id":"https:\/\/staging.glaswunder.eu\/shop\/red-cardinal-voegel-6cm\/#primaryimage"},"image":{"@id":"https:\/\/staging.glaswunder.eu\/shop\/red-cardinal-voegel-6cm\/#primaryimage"},"thumbnailUrl":"https:\/\/staging.glaswunder.eu\/wp-content\/uploads\/2024\/10\/4262381711036-red-cardinal-Voegelchen.png","datePublished":"2024-10-22T21:28:59+00:00","dateModified":"2026-04-02T13:12:18+00:00","description":"Dieses wundersch\u00f6ne Vogel-P\u00e4rchen namens \"red cardinal\" symbolisieren Harmonie, Liebe und Kraft. Es passt also hervorragend zum Weihnachtsfest.","breadcrumb":{"@id":"https:\/\/staging.glaswunder.eu\/shop\/red-cardinal-voegel-6cm\/#breadcrumb"},"inLanguage":"en-US","potentialAction":[{"@type":"ReadAction","target":["https:\/\/staging.glaswunder.eu\/shop\/red-cardinal-voegel-6cm\/"]}]},{"@type":"ImageObject","inLanguage":"en-US","@id":"https:\/\/staging.glaswunder.eu\/shop\/red-cardinal-voegel-6cm\/#primaryimage","url":"https:\/\/staging.glaswunder.eu\/wp-content\/uploads\/2024\/10\/4262381711036-red-cardinal-Voegelchen.png","contentUrl":"https:\/\/staging.glaswunder.eu\/wp-content\/uploads\/2024\/10\/4262381711036-red-cardinal-Voegelchen.png","width":2000,"height":2000},{"@type":"BreadcrumbList","@id":"https:\/\/staging.glaswunder.eu\/shop\/red-cardinal-voegel-6cm\/#breadcrumb","itemListElement":[{"@type":"ListItem","position":1,"name":"Startseite","item":"https:\/\/staging.glaswunder.eu\/"},{"@type":"ListItem","position":2,"name":"Shop","item":"https:\/\/staging.glaswunder.eu\/shop\/"},{"@type":"ListItem","position":3,"name":"&#8222;red cardinal &#8220; &#8211; V\u00f6gel 6cm"}]},{"@type":"WebSite","@id":"https:\/\/staging.glaswunder.eu\/#website","url":"https:\/\/staging.glaswunder.eu\/","name":"Glaswunder","description":"Exklusive Christbaumkugeln, Weihnachtkugeln, Christbaumschmuck und mehr.","publisher":{"@id":"https:\/\/staging.glaswunder.eu\/#organization"},"potentialAction":[{"@type":"SearchAction","target":{"@type":"EntryPoint","urlTemplate":"https:\/\/staging.glaswunder.eu\/?s={search_term_string}"},"query-input":{"@type":"PropertyValueSpecification","valueRequired":true,"valueName":"search_term_string"}}],"inLanguage":"en-US"},{"@type":"Organization","@id":"https:\/\/staging.glaswunder.eu\/#organization","name":"Glaswunder","url":"https:\/\/staging.glaswunder.eu\/","logo":{"@type":"ImageObject","inLanguage":"en-US","@id":"https:\/\/staging.glaswunder.eu\/#\/schema\/logo\/image\/","url":"https:\/\/staging.glaswunder.eu\/wp-content\/uploads\/2023\/02\/GlasWunderLogo.webp","contentUrl":"https:\/\/staging.glaswunder.eu\/wp-content\/uploads\/2023\/02\/GlasWunderLogo.webp","width":500,"height":486,"caption":"Glaswunder"},"image":{"@id":"https:\/\/staging.glaswunder.eu\/#\/schema\/logo\/image\/"}}]}},"_links":{"self":[{"href":"https:\/\/staging.glaswunder.eu\/en\/wp-json\/wp\/v2\/product\/3784","targetHints":{"allow":["GET"]}}],"collection":[{"href":"https:\/\/staging.glaswunder.eu\/en\/wp-json\/wp\/v2\/product"}],"about":[{"href":"https:\/\/staging.glaswunder.eu\/en\/wp-json\/wp\/v2\/types\/product"}],"version-history":[{"count":5,"href":"https:\/\/staging.glaswunder.eu\/en\/wp-json\/wp\/v2\/product\/3784\/revisions"}],"predecessor-version":[{"id":5856,"href":"https:\/\/staging.glaswunder.eu\/en\/wp-json\/wp\/v2\/product\/3784\/revisions\/5856"}],"wp:featuredmedia":[{"embeddable":true,"href":"https:\/\/staging.glaswunder.eu\/en\/wp-json\/wp\/v2\/media\/3754"}],"wp:attachment":[{"href":"https:\/\/staging.glaswunder.eu\/en\/wp-json\/wp\/v2\/media?parent=3784"}],"wp:term":[{"taxonomy":"product_brand","embeddable":true,"href":"https:\/\/staging.glaswunder.eu\/en\/wp-json\/wp\/v2\/product_brand?post=3784"},{"taxonomy":"product_cat","embeddable":true,"href":"https:\/\/staging.glaswunder.eu\/en\/wp-json\/wp\/v2\/product_cat?post=3784"},{"taxonomy":"product_tag","embeddable":true,"href":"https:\/\/staging.glaswunder.eu\/en\/wp-json\/wp\/v2\/product_tag?post=3784"}],"curies":[{"name":"wp","href":"https:\/\/api.w.org\/{rel}","templated":true}]}}