{"id":3791,"date":"2024-10-25T08:25:38","date_gmt":"2024-10-25T08:25:38","guid":{"rendered":"https:\/\/glaswunder.eu\/?post_type=product&#038;p=3791"},"modified":"2026-04-02T15:10:35","modified_gmt":"2026-04-02T13:10:35","slug":"father-frost","status":"publish","type":"product","link":"https:\/\/staging.glaswunder.eu\/en\/shop\/father-frost\/","title":{"rendered":"&#8222;father frost &#8220; &#8211; V\u00e4terchen Frost 13cm"},"content":{"rendered":"<p>Der zauberhafte Christbaumschmuck aus Glas in Form von V\u00e4terchen Frost bringt die Magie des Winters direkt in Ihr Zuhause. Mit filigranen Details und leuchtenden Farben strahlt diese handgefertigte Ornamentik eine nostalgische Atmosph\u00e4re aus. V\u00e4terchen Frost, der fr\u00f6hliche Schlittenfahrer mit einem langen, wei\u00dfen Bart und einem warmen, blauen Gewand, symbolisiert die winterliche Freude und die Tradition der besinnlichen Weihnachtszeit. H\u00e4ngend an den Zweigen des geschm\u00fcckten Christbaums f\u00e4ngt er das Licht ein und verleiht dem Raum eine festliche Eleganz. Ein solches St\u00fcck wird nicht nur zum Blickfang, sondern auch zu einem wertvollen Erbst\u00fcck, das Generationen \u00fcberdauert und die Erinnerungen an frohe Weihnachten lebendig h\u00e4lt.<\/p>","protected":false},"excerpt":{"rendered":"<p>&#8222;Father Frost&#8220; ist 13cm gro\u00df und in strahlendem Blau gef\u00e4rbt. Mit seinen vielen Details kann man ihn stundenlang betrachten und im Tr\u00e4umen schwelgen, welche Geschenke er wohl beh\u00fctet mitbringt.<\/p>","protected":false},"featured_media":3972,"template":"","meta":{"_acf_changed":false},"product_brand":[112],"product_cat":[15,66],"product_tag":[110,101,106,105,103,107,102],"class_list":{"0":"post-3791","1":"product","2":"type-product","3":"status-publish","4":"has-post-thumbnail","6":"product_brand-glaswunder","7":"product_cat-alle-produkte","8":"product_cat-figuren","9":"product_tag-christbaumschmuck-aus-deutschland","10":"product_tag-christbaumschmuck","11":"product_tag-edler-weihnachtsschmuck","12":"product_tag-geschenkidee-weihnachten-deko","13":"product_tag-handgemachter-christbaumschmuck","14":"product_tag-nachhaltiger-weihnachtsschmuck","15":"product_tag-weihnachtsschmuck","17":"first","18":"instock","19":"taxable","20":"shipping-taxable","21":"purchasable","22":"product-type-simple"},"acf":[],"yoast_head":"<!-- This site is optimized with the Yoast SEO plugin v27.3 - https:\/\/yoast.com\/product\/yoast-seo-wordpress\/ -->\n<title>&quot;father frost &quot; - V\u00e4terchen Frost 13cm - Glaswunder<\/title>\n<meta name=\"description\" content=\"V\u00e4terchen Frost gibt es nun auch bei GlasWunder. In strahlenden blauen Farben und reichliche bepackt wird er zu einem Highlight an deinem Baum.\" \/>\n<meta name=\"robots\" content=\"noindex, follow, max-snippet:-1, max-image-preview:large, max-video-preview:-1\" \/>\n<meta property=\"og:locale\" content=\"en_US\" \/>\n<meta property=\"og:type\" content=\"article\" \/>\n<meta property=\"og:title\" content=\"&quot;father frost &quot; - V\u00e4terchen Frost 13cm - Glaswunder\" \/>\n<meta property=\"og:description\" content=\"V\u00e4terchen Frost gibt es nun auch bei GlasWunder. In strahlenden blauen Farben und reichliche bepackt wird er zu einem Highlight an deinem Baum.\" \/>\n<meta property=\"og:url\" content=\"https:\/\/staging.glaswunder.eu\/en\/shop\/father-frost\/\" \/>\n<meta property=\"og:site_name\" content=\"Glaswunder\" \/>\n<meta property=\"article:modified_time\" content=\"2026-04-02T13:10:35+00:00\" \/>\n<meta property=\"og:image\" content=\"https:\/\/staging.glaswunder.eu\/wp-content\/uploads\/2025\/05\/4262381711050-father-frost-Vaeterchen-Frost-13cm.png\" \/>\n\t<meta property=\"og:image:width\" content=\"1500\" \/>\n\t<meta property=\"og:image:height\" content=\"1500\" \/>\n\t<meta property=\"og:image:type\" content=\"image\/png\" \/>\n<meta name=\"twitter:card\" content=\"summary_large_image\" \/>\n<meta name=\"twitter:label1\" content=\"Est. reading time\" \/>\n\t<meta name=\"twitter:data1\" content=\"1 minute\" \/>\n<script type=\"application\/ld+json\" class=\"yoast-schema-graph\">{\"@context\":\"https:\\\/\\\/schema.org\",\"@graph\":[{\"@type\":\"WebPage\",\"@id\":\"https:\\\/\\\/staging.glaswunder.eu\\\/shop\\\/father-frost\\\/\",\"url\":\"https:\\\/\\\/staging.glaswunder.eu\\\/shop\\\/father-frost\\\/\",\"name\":\"\\\"father frost \\\" - V\u00e4terchen Frost 13cm - Glaswunder\",\"isPartOf\":{\"@id\":\"https:\\\/\\\/staging.glaswunder.eu\\\/#website\"},\"primaryImageOfPage\":{\"@id\":\"https:\\\/\\\/staging.glaswunder.eu\\\/shop\\\/father-frost\\\/#primaryimage\"},\"image\":{\"@id\":\"https:\\\/\\\/staging.glaswunder.eu\\\/shop\\\/father-frost\\\/#primaryimage\"},\"thumbnailUrl\":\"https:\\\/\\\/staging.glaswunder.eu\\\/wp-content\\\/uploads\\\/2025\\\/05\\\/4262381711050-father-frost-Vaeterchen-Frost-13cm.png\",\"datePublished\":\"2024-10-25T08:25:38+00:00\",\"dateModified\":\"2026-04-02T13:10:35+00:00\",\"description\":\"V\u00e4terchen Frost gibt es nun auch bei GlasWunder. In strahlenden blauen Farben und reichliche bepackt wird er zu einem Highlight an deinem Baum.\",\"breadcrumb\":{\"@id\":\"https:\\\/\\\/staging.glaswunder.eu\\\/shop\\\/father-frost\\\/#breadcrumb\"},\"inLanguage\":\"en-US\",\"potentialAction\":[{\"@type\":\"ReadAction\",\"target\":[\"https:\\\/\\\/staging.glaswunder.eu\\\/shop\\\/father-frost\\\/\"]}]},{\"@type\":\"ImageObject\",\"inLanguage\":\"en-US\",\"@id\":\"https:\\\/\\\/staging.glaswunder.eu\\\/shop\\\/father-frost\\\/#primaryimage\",\"url\":\"https:\\\/\\\/staging.glaswunder.eu\\\/wp-content\\\/uploads\\\/2025\\\/05\\\/4262381711050-father-frost-Vaeterchen-Frost-13cm.png\",\"contentUrl\":\"https:\\\/\\\/staging.glaswunder.eu\\\/wp-content\\\/uploads\\\/2025\\\/05\\\/4262381711050-father-frost-Vaeterchen-Frost-13cm.png\",\"width\":1500,\"height\":1500},{\"@type\":\"BreadcrumbList\",\"@id\":\"https:\\\/\\\/staging.glaswunder.eu\\\/shop\\\/father-frost\\\/#breadcrumb\",\"itemListElement\":[{\"@type\":\"ListItem\",\"position\":1,\"name\":\"Startseite\",\"item\":\"https:\\\/\\\/staging.glaswunder.eu\\\/\"},{\"@type\":\"ListItem\",\"position\":2,\"name\":\"Shop\",\"item\":\"https:\\\/\\\/staging.glaswunder.eu\\\/shop\\\/\"},{\"@type\":\"ListItem\",\"position\":3,\"name\":\"&#8222;father frost &#8220; &#8211; V\u00e4terchen Frost 13cm\"}]},{\"@type\":\"WebSite\",\"@id\":\"https:\\\/\\\/staging.glaswunder.eu\\\/#website\",\"url\":\"https:\\\/\\\/staging.glaswunder.eu\\\/\",\"name\":\"Glaswunder\",\"description\":\"Exklusive Christbaumkugeln, Weihnachtkugeln, Christbaumschmuck und mehr.\",\"publisher\":{\"@id\":\"https:\\\/\\\/staging.glaswunder.eu\\\/#organization\"},\"potentialAction\":[{\"@type\":\"SearchAction\",\"target\":{\"@type\":\"EntryPoint\",\"urlTemplate\":\"https:\\\/\\\/staging.glaswunder.eu\\\/?s={search_term_string}\"},\"query-input\":{\"@type\":\"PropertyValueSpecification\",\"valueRequired\":true,\"valueName\":\"search_term_string\"}}],\"inLanguage\":\"en-US\"},{\"@type\":\"Organization\",\"@id\":\"https:\\\/\\\/staging.glaswunder.eu\\\/#organization\",\"name\":\"Glaswunder\",\"url\":\"https:\\\/\\\/staging.glaswunder.eu\\\/\",\"logo\":{\"@type\":\"ImageObject\",\"inLanguage\":\"en-US\",\"@id\":\"https:\\\/\\\/staging.glaswunder.eu\\\/#\\\/schema\\\/logo\\\/image\\\/\",\"url\":\"https:\\\/\\\/staging.glaswunder.eu\\\/wp-content\\\/uploads\\\/2023\\\/02\\\/GlasWunderLogo.webp\",\"contentUrl\":\"https:\\\/\\\/staging.glaswunder.eu\\\/wp-content\\\/uploads\\\/2023\\\/02\\\/GlasWunderLogo.webp\",\"width\":500,\"height\":486,\"caption\":\"Glaswunder\"},\"image\":{\"@id\":\"https:\\\/\\\/staging.glaswunder.eu\\\/#\\\/schema\\\/logo\\\/image\\\/\"}}]}<\/script>\n<!-- \/ Yoast SEO plugin. -->","yoast_head_json":{"title":"\"father frost \" - V\u00e4terchen Frost 13cm - Glaswunder","description":"V\u00e4terchen Frost gibt es nun auch bei GlasWunder. In strahlenden blauen Farben und reichliche bepackt wird er zu einem Highlight an deinem Baum.","robots":{"index":"noindex","follow":"follow","max-snippet":"max-snippet:-1","max-image-preview":"max-image-preview:large","max-video-preview":"max-video-preview:-1"},"og_locale":"en_US","og_type":"article","og_title":"\"father frost \" - V\u00e4terchen Frost 13cm - Glaswunder","og_description":"V\u00e4terchen Frost gibt es nun auch bei GlasWunder. In strahlenden blauen Farben und reichliche bepackt wird er zu einem Highlight an deinem Baum.","og_url":"https:\/\/staging.glaswunder.eu\/en\/shop\/father-frost\/","og_site_name":"Glaswunder","article_modified_time":"2026-04-02T13:10:35+00:00","og_image":[{"width":1500,"height":1500,"url":"https:\/\/staging.glaswunder.eu\/wp-content\/uploads\/2025\/05\/4262381711050-father-frost-Vaeterchen-Frost-13cm.png","type":"image\/png"}],"twitter_card":"summary_large_image","twitter_misc":{"Est. reading time":"1 minute"},"schema":{"@context":"https:\/\/schema.org","@graph":[{"@type":"WebPage","@id":"https:\/\/staging.glaswunder.eu\/shop\/father-frost\/","url":"https:\/\/staging.glaswunder.eu\/shop\/father-frost\/","name":"\"father frost \" - V\u00e4terchen Frost 13cm - Glaswunder","isPartOf":{"@id":"https:\/\/staging.glaswunder.eu\/#website"},"primaryImageOfPage":{"@id":"https:\/\/staging.glaswunder.eu\/shop\/father-frost\/#primaryimage"},"image":{"@id":"https:\/\/staging.glaswunder.eu\/shop\/father-frost\/#primaryimage"},"thumbnailUrl":"https:\/\/staging.glaswunder.eu\/wp-content\/uploads\/2025\/05\/4262381711050-father-frost-Vaeterchen-Frost-13cm.png","datePublished":"2024-10-25T08:25:38+00:00","dateModified":"2026-04-02T13:10:35+00:00","description":"V\u00e4terchen Frost gibt es nun auch bei GlasWunder. In strahlenden blauen Farben und reichliche bepackt wird er zu einem Highlight an deinem Baum.","breadcrumb":{"@id":"https:\/\/staging.glaswunder.eu\/shop\/father-frost\/#breadcrumb"},"inLanguage":"en-US","potentialAction":[{"@type":"ReadAction","target":["https:\/\/staging.glaswunder.eu\/shop\/father-frost\/"]}]},{"@type":"ImageObject","inLanguage":"en-US","@id":"https:\/\/staging.glaswunder.eu\/shop\/father-frost\/#primaryimage","url":"https:\/\/staging.glaswunder.eu\/wp-content\/uploads\/2025\/05\/4262381711050-father-frost-Vaeterchen-Frost-13cm.png","contentUrl":"https:\/\/staging.glaswunder.eu\/wp-content\/uploads\/2025\/05\/4262381711050-father-frost-Vaeterchen-Frost-13cm.png","width":1500,"height":1500},{"@type":"BreadcrumbList","@id":"https:\/\/staging.glaswunder.eu\/shop\/father-frost\/#breadcrumb","itemListElement":[{"@type":"ListItem","position":1,"name":"Startseite","item":"https:\/\/staging.glaswunder.eu\/"},{"@type":"ListItem","position":2,"name":"Shop","item":"https:\/\/staging.glaswunder.eu\/shop\/"},{"@type":"ListItem","position":3,"name":"&#8222;father frost &#8220; &#8211; V\u00e4terchen Frost 13cm"}]},{"@type":"WebSite","@id":"https:\/\/staging.glaswunder.eu\/#website","url":"https:\/\/staging.glaswunder.eu\/","name":"Glaswunder","description":"Exklusive Christbaumkugeln, Weihnachtkugeln, Christbaumschmuck und mehr.","publisher":{"@id":"https:\/\/staging.glaswunder.eu\/#organization"},"potentialAction":[{"@type":"SearchAction","target":{"@type":"EntryPoint","urlTemplate":"https:\/\/staging.glaswunder.eu\/?s={search_term_string}"},"query-input":{"@type":"PropertyValueSpecification","valueRequired":true,"valueName":"search_term_string"}}],"inLanguage":"en-US"},{"@type":"Organization","@id":"https:\/\/staging.glaswunder.eu\/#organization","name":"Glaswunder","url":"https:\/\/staging.glaswunder.eu\/","logo":{"@type":"ImageObject","inLanguage":"en-US","@id":"https:\/\/staging.glaswunder.eu\/#\/schema\/logo\/image\/","url":"https:\/\/staging.glaswunder.eu\/wp-content\/uploads\/2023\/02\/GlasWunderLogo.webp","contentUrl":"https:\/\/staging.glaswunder.eu\/wp-content\/uploads\/2023\/02\/GlasWunderLogo.webp","width":500,"height":486,"caption":"Glaswunder"},"image":{"@id":"https:\/\/staging.glaswunder.eu\/#\/schema\/logo\/image\/"}}]}},"_links":{"self":[{"href":"https:\/\/staging.glaswunder.eu\/en\/wp-json\/wp\/v2\/product\/3791","targetHints":{"allow":["GET"]}}],"collection":[{"href":"https:\/\/staging.glaswunder.eu\/en\/wp-json\/wp\/v2\/product"}],"about":[{"href":"https:\/\/staging.glaswunder.eu\/en\/wp-json\/wp\/v2\/types\/product"}],"version-history":[{"count":4,"href":"https:\/\/staging.glaswunder.eu\/en\/wp-json\/wp\/v2\/product\/3791\/revisions"}],"predecessor-version":[{"id":5852,"href":"https:\/\/staging.glaswunder.eu\/en\/wp-json\/wp\/v2\/product\/3791\/revisions\/5852"}],"wp:featuredmedia":[{"embeddable":true,"href":"https:\/\/staging.glaswunder.eu\/en\/wp-json\/wp\/v2\/media\/3972"}],"wp:attachment":[{"href":"https:\/\/staging.glaswunder.eu\/en\/wp-json\/wp\/v2\/media?parent=3791"}],"wp:term":[{"taxonomy":"product_brand","embeddable":true,"href":"https:\/\/staging.glaswunder.eu\/en\/wp-json\/wp\/v2\/product_brand?post=3791"},{"taxonomy":"product_cat","embeddable":true,"href":"https:\/\/staging.glaswunder.eu\/en\/wp-json\/wp\/v2\/product_cat?post=3791"},{"taxonomy":"product_tag","embeddable":true,"href":"https:\/\/staging.glaswunder.eu\/en\/wp-json\/wp\/v2\/product_tag?post=3791"}],"curies":[{"name":"wp","href":"https:\/\/api.w.org\/{rel}","templated":true}]}}