{"id":3794,"date":"2024-10-25T08:46:53","date_gmt":"2024-10-25T08:46:53","guid":{"rendered":"https:\/\/glaswunder.eu\/?post_type=product&#038;p=3794"},"modified":"2026-04-17T11:23:26","modified_gmt":"2026-04-17T09:23:26","slug":"major-tom-astronaut-14cm","status":"publish","type":"product","link":"https:\/\/staging.glaswunder.eu\/en\/shop\/major-tom-astronaut-14cm\/","title":{"rendered":"&#8222;major tom&#8220; &#8211; Astronaut 14cm"},"content":{"rendered":"<p>Stell dir vor, du hast einen Christbaumanh\u00e4nger in Form eines kleinen Astronauten aus Glas! Er glitzert im Lichterglanz und schwebt f\u00f6rmlich zwischen den Tannenzweigen. Mit seinem freundlichen Gesicht und dem gl\u00e4nzenden Raumanzug bringt er das Gef\u00fchl von Abenteuer und Freiheit in dein Wohnzimmer. W\u00e4hrend du den Baum schm\u00fcckst, f\u00fchlt es sich fast so an, als w\u00fcrde der Astronaut bereit sein, in die unendlichen Weiten des Alls aufbrechen. Ein perfektes St\u00fcck, um die Feiertage mit einem Hauch von Staunen und kindlicher Freude zu f\u00fcllen! Weihnachten wird nie wieder gleich sein!<\/p>","protected":false},"excerpt":{"rendered":"<p>Der glitzernde Christbaumanh\u00e4nger in Form eines Astronauten ist das perfekte Highlight f\u00fcr deinen Weihnachtsbaum! In seinem funkelnden Raumanzug und den detailreichen Verzierungen zieht er alle Blicke auf sich. Stell dir vor, wie dieser kleine Weltraumheld fr\u00f6hlich zwischen den anderen Kugeln schwebt und die Baumlichter reflektiert \u2013 fast so, als w\u00fcrde er von einem fernen Planeten zur\u00fcckkehren. Er bringt nicht nur eine Portion intergalaktischen Charme mit, sondern sorgt auch f\u00fcr fr\u00f6hliche Gespr\u00e4che bei jedem Fest. Ein bisschen Nostalgie f\u00fcr gro\u00dfe und kleine Astronautenliebhaber, die den Zauber der Feiertage lieben!<\/p>","protected":false},"featured_media":3974,"template":"","meta":{"_acf_changed":false},"product_brand":[112],"product_cat":[15,66],"product_tag":[110,101,106,105,103,107,102],"class_list":{"0":"post-3794","1":"product","2":"type-product","3":"status-publish","4":"has-post-thumbnail","6":"product_brand-glaswunder","7":"product_cat-alle-produkte","8":"product_cat-figuren","9":"product_tag-christbaumschmuck-aus-deutschland","10":"product_tag-christbaumschmuck","11":"product_tag-edler-weihnachtsschmuck","12":"product_tag-geschenkidee-weihnachten-deko","13":"product_tag-handgemachter-christbaumschmuck","14":"product_tag-nachhaltiger-weihnachtsschmuck","15":"product_tag-weihnachtsschmuck","17":"first","18":"instock","19":"taxable","20":"shipping-taxable","21":"purchasable","22":"product-type-simple"},"acf":[],"yoast_head":"<!-- This site is optimized with the Yoast SEO plugin v27.3 - https:\/\/yoast.com\/product\/yoast-seo-wordpress\/ -->\n<title>&quot;major tom&quot; - Astronaut 14cm - Glaswunder<\/title>\n<meta name=\"description\" content=\"Neu im Sortiment von GlasWunder ist &quot;Major Tom&quot; unser Astronaut. Dieser h\u00fcbsche Astronaut bringt das Universum an St\u00fcck n\u00e4her in dein Wohnzimmer.\" \/>\n<meta name=\"robots\" content=\"noindex, follow, max-snippet:-1, max-image-preview:large, max-video-preview:-1\" \/>\n<meta property=\"og:locale\" content=\"en_US\" \/>\n<meta property=\"og:type\" content=\"article\" \/>\n<meta property=\"og:title\" content=\"&quot;major tom&quot; - Astronaut 14cm - Glaswunder\" \/>\n<meta property=\"og:description\" content=\"Neu im Sortiment von GlasWunder ist &quot;Major Tom&quot; unser Astronaut. Dieser h\u00fcbsche Astronaut bringt das Universum an St\u00fcck n\u00e4her in dein Wohnzimmer.\" \/>\n<meta property=\"og:url\" content=\"https:\/\/staging.glaswunder.eu\/en\/shop\/major-tom-astronaut-14cm\/\" \/>\n<meta property=\"og:site_name\" content=\"Glaswunder\" \/>\n<meta property=\"article:modified_time\" content=\"2026-04-17T09:23:26+00:00\" \/>\n<meta property=\"og:image\" content=\"https:\/\/staging.glaswunder.eu\/wp-content\/uploads\/2025\/05\/4262381711067-major-tom-Astronaut-14cm.png\" \/>\n\t<meta property=\"og:image:width\" content=\"1500\" \/>\n\t<meta property=\"og:image:height\" content=\"1500\" \/>\n\t<meta property=\"og:image:type\" content=\"image\/png\" \/>\n<meta name=\"twitter:card\" content=\"summary_large_image\" \/>\n<meta name=\"twitter:label1\" content=\"Est. reading time\" \/>\n\t<meta name=\"twitter:data1\" content=\"1 minute\" \/>\n<script type=\"application\/ld+json\" class=\"yoast-schema-graph\">{\"@context\":\"https:\\\/\\\/schema.org\",\"@graph\":[{\"@type\":\"WebPage\",\"@id\":\"https:\\\/\\\/staging.glaswunder.eu\\\/shop\\\/major-tom-astronaut-14cm\\\/\",\"url\":\"https:\\\/\\\/staging.glaswunder.eu\\\/shop\\\/major-tom-astronaut-14cm\\\/\",\"name\":\"\\\"major tom\\\" - Astronaut 14cm - Glaswunder\",\"isPartOf\":{\"@id\":\"https:\\\/\\\/staging.glaswunder.eu\\\/#website\"},\"primaryImageOfPage\":{\"@id\":\"https:\\\/\\\/staging.glaswunder.eu\\\/shop\\\/major-tom-astronaut-14cm\\\/#primaryimage\"},\"image\":{\"@id\":\"https:\\\/\\\/staging.glaswunder.eu\\\/shop\\\/major-tom-astronaut-14cm\\\/#primaryimage\"},\"thumbnailUrl\":\"https:\\\/\\\/staging.glaswunder.eu\\\/wp-content\\\/uploads\\\/2025\\\/05\\\/4262381711067-major-tom-Astronaut-14cm.png\",\"datePublished\":\"2024-10-25T08:46:53+00:00\",\"dateModified\":\"2026-04-17T09:23:26+00:00\",\"description\":\"Neu im Sortiment von GlasWunder ist \\\"Major Tom\\\" unser Astronaut. Dieser h\u00fcbsche Astronaut bringt das Universum an St\u00fcck n\u00e4her in dein Wohnzimmer.\",\"breadcrumb\":{\"@id\":\"https:\\\/\\\/staging.glaswunder.eu\\\/shop\\\/major-tom-astronaut-14cm\\\/#breadcrumb\"},\"inLanguage\":\"en-US\",\"potentialAction\":[{\"@type\":\"ReadAction\",\"target\":[\"https:\\\/\\\/staging.glaswunder.eu\\\/shop\\\/major-tom-astronaut-14cm\\\/\"]}]},{\"@type\":\"ImageObject\",\"inLanguage\":\"en-US\",\"@id\":\"https:\\\/\\\/staging.glaswunder.eu\\\/shop\\\/major-tom-astronaut-14cm\\\/#primaryimage\",\"url\":\"https:\\\/\\\/staging.glaswunder.eu\\\/wp-content\\\/uploads\\\/2025\\\/05\\\/4262381711067-major-tom-Astronaut-14cm.png\",\"contentUrl\":\"https:\\\/\\\/staging.glaswunder.eu\\\/wp-content\\\/uploads\\\/2025\\\/05\\\/4262381711067-major-tom-Astronaut-14cm.png\",\"width\":1500,\"height\":1500},{\"@type\":\"BreadcrumbList\",\"@id\":\"https:\\\/\\\/staging.glaswunder.eu\\\/shop\\\/major-tom-astronaut-14cm\\\/#breadcrumb\",\"itemListElement\":[{\"@type\":\"ListItem\",\"position\":1,\"name\":\"Startseite\",\"item\":\"https:\\\/\\\/staging.glaswunder.eu\\\/\"},{\"@type\":\"ListItem\",\"position\":2,\"name\":\"Shop\",\"item\":\"https:\\\/\\\/staging.glaswunder.eu\\\/shop\\\/\"},{\"@type\":\"ListItem\",\"position\":3,\"name\":\"&#8222;major tom&#8220; &#8211; Astronaut 14cm\"}]},{\"@type\":\"WebSite\",\"@id\":\"https:\\\/\\\/staging.glaswunder.eu\\\/#website\",\"url\":\"https:\\\/\\\/staging.glaswunder.eu\\\/\",\"name\":\"Glaswunder\",\"description\":\"Exklusive Christbaumkugeln, Weihnachtkugeln, Christbaumschmuck und mehr.\",\"publisher\":{\"@id\":\"https:\\\/\\\/staging.glaswunder.eu\\\/#organization\"},\"potentialAction\":[{\"@type\":\"SearchAction\",\"target\":{\"@type\":\"EntryPoint\",\"urlTemplate\":\"https:\\\/\\\/staging.glaswunder.eu\\\/?s={search_term_string}\"},\"query-input\":{\"@type\":\"PropertyValueSpecification\",\"valueRequired\":true,\"valueName\":\"search_term_string\"}}],\"inLanguage\":\"en-US\"},{\"@type\":\"Organization\",\"@id\":\"https:\\\/\\\/staging.glaswunder.eu\\\/#organization\",\"name\":\"Glaswunder\",\"url\":\"https:\\\/\\\/staging.glaswunder.eu\\\/\",\"logo\":{\"@type\":\"ImageObject\",\"inLanguage\":\"en-US\",\"@id\":\"https:\\\/\\\/staging.glaswunder.eu\\\/#\\\/schema\\\/logo\\\/image\\\/\",\"url\":\"https:\\\/\\\/staging.glaswunder.eu\\\/wp-content\\\/uploads\\\/2023\\\/02\\\/GlasWunderLogo.webp\",\"contentUrl\":\"https:\\\/\\\/staging.glaswunder.eu\\\/wp-content\\\/uploads\\\/2023\\\/02\\\/GlasWunderLogo.webp\",\"width\":500,\"height\":486,\"caption\":\"Glaswunder\"},\"image\":{\"@id\":\"https:\\\/\\\/staging.glaswunder.eu\\\/#\\\/schema\\\/logo\\\/image\\\/\"}}]}<\/script>\n<!-- \/ Yoast SEO plugin. -->","yoast_head_json":{"title":"\"major tom\" - Astronaut 14cm - Glaswunder","description":"Neu im Sortiment von GlasWunder ist \"Major Tom\" unser Astronaut. Dieser h\u00fcbsche Astronaut bringt das Universum an St\u00fcck n\u00e4her in dein Wohnzimmer.","robots":{"index":"noindex","follow":"follow","max-snippet":"max-snippet:-1","max-image-preview":"max-image-preview:large","max-video-preview":"max-video-preview:-1"},"og_locale":"en_US","og_type":"article","og_title":"\"major tom\" - Astronaut 14cm - Glaswunder","og_description":"Neu im Sortiment von GlasWunder ist \"Major Tom\" unser Astronaut. Dieser h\u00fcbsche Astronaut bringt das Universum an St\u00fcck n\u00e4her in dein Wohnzimmer.","og_url":"https:\/\/staging.glaswunder.eu\/en\/shop\/major-tom-astronaut-14cm\/","og_site_name":"Glaswunder","article_modified_time":"2026-04-17T09:23:26+00:00","og_image":[{"width":1500,"height":1500,"url":"https:\/\/staging.glaswunder.eu\/wp-content\/uploads\/2025\/05\/4262381711067-major-tom-Astronaut-14cm.png","type":"image\/png"}],"twitter_card":"summary_large_image","twitter_misc":{"Est. reading time":"1 minute"},"schema":{"@context":"https:\/\/schema.org","@graph":[{"@type":"WebPage","@id":"https:\/\/staging.glaswunder.eu\/shop\/major-tom-astronaut-14cm\/","url":"https:\/\/staging.glaswunder.eu\/shop\/major-tom-astronaut-14cm\/","name":"\"major tom\" - Astronaut 14cm - Glaswunder","isPartOf":{"@id":"https:\/\/staging.glaswunder.eu\/#website"},"primaryImageOfPage":{"@id":"https:\/\/staging.glaswunder.eu\/shop\/major-tom-astronaut-14cm\/#primaryimage"},"image":{"@id":"https:\/\/staging.glaswunder.eu\/shop\/major-tom-astronaut-14cm\/#primaryimage"},"thumbnailUrl":"https:\/\/staging.glaswunder.eu\/wp-content\/uploads\/2025\/05\/4262381711067-major-tom-Astronaut-14cm.png","datePublished":"2024-10-25T08:46:53+00:00","dateModified":"2026-04-17T09:23:26+00:00","description":"Neu im Sortiment von GlasWunder ist \"Major Tom\" unser Astronaut. Dieser h\u00fcbsche Astronaut bringt das Universum an St\u00fcck n\u00e4her in dein Wohnzimmer.","breadcrumb":{"@id":"https:\/\/staging.glaswunder.eu\/shop\/major-tom-astronaut-14cm\/#breadcrumb"},"inLanguage":"en-US","potentialAction":[{"@type":"ReadAction","target":["https:\/\/staging.glaswunder.eu\/shop\/major-tom-astronaut-14cm\/"]}]},{"@type":"ImageObject","inLanguage":"en-US","@id":"https:\/\/staging.glaswunder.eu\/shop\/major-tom-astronaut-14cm\/#primaryimage","url":"https:\/\/staging.glaswunder.eu\/wp-content\/uploads\/2025\/05\/4262381711067-major-tom-Astronaut-14cm.png","contentUrl":"https:\/\/staging.glaswunder.eu\/wp-content\/uploads\/2025\/05\/4262381711067-major-tom-Astronaut-14cm.png","width":1500,"height":1500},{"@type":"BreadcrumbList","@id":"https:\/\/staging.glaswunder.eu\/shop\/major-tom-astronaut-14cm\/#breadcrumb","itemListElement":[{"@type":"ListItem","position":1,"name":"Startseite","item":"https:\/\/staging.glaswunder.eu\/"},{"@type":"ListItem","position":2,"name":"Shop","item":"https:\/\/staging.glaswunder.eu\/shop\/"},{"@type":"ListItem","position":3,"name":"&#8222;major tom&#8220; &#8211; Astronaut 14cm"}]},{"@type":"WebSite","@id":"https:\/\/staging.glaswunder.eu\/#website","url":"https:\/\/staging.glaswunder.eu\/","name":"Glaswunder","description":"Exklusive Christbaumkugeln, Weihnachtkugeln, Christbaumschmuck und mehr.","publisher":{"@id":"https:\/\/staging.glaswunder.eu\/#organization"},"potentialAction":[{"@type":"SearchAction","target":{"@type":"EntryPoint","urlTemplate":"https:\/\/staging.glaswunder.eu\/?s={search_term_string}"},"query-input":{"@type":"PropertyValueSpecification","valueRequired":true,"valueName":"search_term_string"}}],"inLanguage":"en-US"},{"@type":"Organization","@id":"https:\/\/staging.glaswunder.eu\/#organization","name":"Glaswunder","url":"https:\/\/staging.glaswunder.eu\/","logo":{"@type":"ImageObject","inLanguage":"en-US","@id":"https:\/\/staging.glaswunder.eu\/#\/schema\/logo\/image\/","url":"https:\/\/staging.glaswunder.eu\/wp-content\/uploads\/2023\/02\/GlasWunderLogo.webp","contentUrl":"https:\/\/staging.glaswunder.eu\/wp-content\/uploads\/2023\/02\/GlasWunderLogo.webp","width":500,"height":486,"caption":"Glaswunder"},"image":{"@id":"https:\/\/staging.glaswunder.eu\/#\/schema\/logo\/image\/"}}]}},"_links":{"self":[{"href":"https:\/\/staging.glaswunder.eu\/en\/wp-json\/wp\/v2\/product\/3794","targetHints":{"allow":["GET"]}}],"collection":[{"href":"https:\/\/staging.glaswunder.eu\/en\/wp-json\/wp\/v2\/product"}],"about":[{"href":"https:\/\/staging.glaswunder.eu\/en\/wp-json\/wp\/v2\/types\/product"}],"version-history":[{"count":3,"href":"https:\/\/staging.glaswunder.eu\/en\/wp-json\/wp\/v2\/product\/3794\/revisions"}],"predecessor-version":[{"id":5851,"href":"https:\/\/staging.glaswunder.eu\/en\/wp-json\/wp\/v2\/product\/3794\/revisions\/5851"}],"wp:featuredmedia":[{"embeddable":true,"href":"https:\/\/staging.glaswunder.eu\/en\/wp-json\/wp\/v2\/media\/3974"}],"wp:attachment":[{"href":"https:\/\/staging.glaswunder.eu\/en\/wp-json\/wp\/v2\/media?parent=3794"}],"wp:term":[{"taxonomy":"product_brand","embeddable":true,"href":"https:\/\/staging.glaswunder.eu\/en\/wp-json\/wp\/v2\/product_brand?post=3794"},{"taxonomy":"product_cat","embeddable":true,"href":"https:\/\/staging.glaswunder.eu\/en\/wp-json\/wp\/v2\/product_cat?post=3794"},{"taxonomy":"product_tag","embeddable":true,"href":"https:\/\/staging.glaswunder.eu\/en\/wp-json\/wp\/v2\/product_tag?post=3794"}],"curies":[{"name":"wp","href":"https:\/\/api.w.org\/{rel}","templated":true}]}}