{"id":384,"date":"2022-09-14T08:31:33","date_gmt":"2022-09-14T08:31:33","guid":{"rendered":"https:\/\/glaswunder.eu\/?post_type=product&#038;p=384"},"modified":"2026-04-01T16:37:35","modified_gmt":"2026-04-01T16:37:35","slug":"your-majesty-vogel","status":"publish","type":"product","link":"https:\/\/staging.glaswunder.eu\/en\/shop\/your-majesty-vogel\/","title":{"rendered":"&#8222;your majesty&#8220; &#8211; Vogel 11 cm | Christbaumschmuck azur blau"},"content":{"rendered":"<p>Unser &#8222;Your Majesty&#8220; &#8211; Pfau ist in einem opulenten Ombr\u00e9 Look von einem wundersch\u00f6nen Azurblau bis hin zu einem angenehmen Karamellton. Sein prachtvolles Federkleid bedeutet in der Antike das h\u00e4ufigste Symbol seiner nachwachsenden Federn der Erneuerung, Unsterblichkeit und Ewigkeit. Durch ihr leuchten fallen sie besonders gut auf und bringen dein Weihnachtsbaum zum funkeln und strahlen. Unser Pfau hat ebenfalls eine Krone auf, die ihn an das Majest\u00e4tische erinnern lassen.\u00a0 Um dein Christbaumschmuck w\u00fcrdevoll zu vervollst\u00e4ndigen kannst du dir gerne mal unser &#8222;<a href=\"https:\/\/staging.glaswunder.eu\/en\/shop\/duke-and-duchess-6cm\/\">Duke and Duchess<\/a>&#8220; und &#8222;<a href=\"https:\/\/staging.glaswunder.eu\/en\/shop\/new-beginning-6cm\/\">New beginnig<\/a>&#8220; &#8211; Glaskugelset anschauen. Das w\u00fcrde super harmonieren. Unseren Pfau kannst du ganz einfach mit einer Klemme im Baum befestigen. Er ist aus mundgeblasenen Glas und von Hand verziert. Unsere Produkte sind sehr hochwertig in Deutschland hergestellt und damit auch sehr langlebig.<\/p>\n<p>Der Christbaumschmuck ist nur f\u00fcr den Gebrauch im Innenbereich vorgesehen.<\/p>","protected":false},"excerpt":{"rendered":"<p>Passend zur Serie &#8222;kings and queens&#8220; ist dieser Pfau ein absolutes Must-Have an deinem Weihnachtsbaum. Seine Krone erinnert an die K\u00f6nige und K\u00f6niginnen.<\/p>","protected":false},"featured_media":2914,"template":"","meta":{"_acf_changed":false},"product_brand":[112],"product_cat":[15,87,38,93],"product_tag":[110,101,106,105,103,107,102],"class_list":{"0":"post-384","1":"product","2":"type-product","3":"status-publish","4":"has-post-thumbnail","6":"product_brand-glaswunder","7":"product_cat-alle-produkte","8":"product_cat-christbaumschmuck","9":"product_cat-kings-queens","10":"product_cat-voegel-christbaumschmuck","11":"product_tag-christbaumschmuck-aus-deutschland","12":"product_tag-christbaumschmuck","13":"product_tag-edler-weihnachtsschmuck","14":"product_tag-geschenkidee-weihnachten-deko","15":"product_tag-handgemachter-christbaumschmuck","16":"product_tag-nachhaltiger-weihnachtsschmuck","17":"product_tag-weihnachtsschmuck","19":"first","20":"outofstock","21":"taxable","22":"shipping-taxable","23":"purchasable","24":"product-type-simple"},"acf":[],"yoast_head":"<!-- This site is optimized with the Yoast SEO plugin v27.3 - https:\/\/yoast.com\/product\/yoast-seo-wordpress\/ -->\n<title>Christbaumschmuck - edler Pfau in Azurblau<\/title>\n<meta name=\"description\" content=\"Christbaum-Pfau in Azurblau aus Glas von Glaswunder. Handgefertigter Christbaumschmuck \u2705 Mundgeblasen \u2705 Hergestellt in Deutschland \u2705\" \/>\n<meta name=\"robots\" content=\"noindex, follow, max-snippet:-1, max-image-preview:large, max-video-preview:-1\" \/>\n<meta property=\"og:locale\" content=\"en_US\" \/>\n<meta property=\"og:type\" content=\"article\" \/>\n<meta property=\"og:title\" content=\"Christbaumschmuck - edler Pfau in Azurblau\" \/>\n<meta property=\"og:description\" content=\"Christbaum-Pfau in Azurblau aus Glas von Glaswunder. Handgefertigter Christbaumschmuck \u2705 Mundgeblasen \u2705 Hergestellt in Deutschland \u2705\" \/>\n<meta property=\"og:url\" content=\"https:\/\/staging.glaswunder.eu\/en\/shop\/your-majesty-vogel\/\" \/>\n<meta property=\"og:site_name\" content=\"Glaswunder\" \/>\n<meta property=\"article:modified_time\" content=\"2026-04-01T16:37:35+00:00\" \/>\n<meta property=\"og:image\" content=\"https:\/\/staging.glaswunder.eu\/wp-content\/uploads\/2022\/09\/your-majesty-Vogel-4262381710572-1.png\" \/>\n\t<meta property=\"og:image:width\" content=\"1500\" \/>\n\t<meta property=\"og:image:height\" content=\"1500\" \/>\n\t<meta property=\"og:image:type\" content=\"image\/png\" \/>\n<meta name=\"twitter:card\" content=\"summary_large_image\" \/>\n<meta name=\"twitter:label1\" content=\"Est. reading time\" \/>\n\t<meta name=\"twitter:data1\" content=\"1 minute\" \/>\n<script type=\"application\/ld+json\" class=\"yoast-schema-graph\">{\"@context\":\"https:\\\/\\\/schema.org\",\"@graph\":[{\"@type\":\"WebPage\",\"@id\":\"https:\\\/\\\/staging.glaswunder.eu\\\/shop\\\/your-majesty-vogel\\\/\",\"url\":\"https:\\\/\\\/staging.glaswunder.eu\\\/shop\\\/your-majesty-vogel\\\/\",\"name\":\"Christbaumschmuck - edler Pfau in Azurblau\",\"isPartOf\":{\"@id\":\"https:\\\/\\\/staging.glaswunder.eu\\\/#website\"},\"primaryImageOfPage\":{\"@id\":\"https:\\\/\\\/staging.glaswunder.eu\\\/shop\\\/your-majesty-vogel\\\/#primaryimage\"},\"image\":{\"@id\":\"https:\\\/\\\/staging.glaswunder.eu\\\/shop\\\/your-majesty-vogel\\\/#primaryimage\"},\"thumbnailUrl\":\"https:\\\/\\\/staging.glaswunder.eu\\\/wp-content\\\/uploads\\\/2022\\\/09\\\/your-majesty-Vogel-4262381710572-1.png\",\"datePublished\":\"2022-09-14T08:31:33+00:00\",\"dateModified\":\"2026-04-01T16:37:35+00:00\",\"description\":\"Christbaum-Pfau in Azurblau aus Glas von Glaswunder. Handgefertigter Christbaumschmuck \u2705 Mundgeblasen \u2705 Hergestellt in Deutschland \u2705\",\"breadcrumb\":{\"@id\":\"https:\\\/\\\/staging.glaswunder.eu\\\/shop\\\/your-majesty-vogel\\\/#breadcrumb\"},\"inLanguage\":\"en-US\",\"potentialAction\":[{\"@type\":\"ReadAction\",\"target\":[\"https:\\\/\\\/staging.glaswunder.eu\\\/shop\\\/your-majesty-vogel\\\/\"]}]},{\"@type\":\"ImageObject\",\"inLanguage\":\"en-US\",\"@id\":\"https:\\\/\\\/staging.glaswunder.eu\\\/shop\\\/your-majesty-vogel\\\/#primaryimage\",\"url\":\"https:\\\/\\\/staging.glaswunder.eu\\\/wp-content\\\/uploads\\\/2022\\\/09\\\/your-majesty-Vogel-4262381710572-1.png\",\"contentUrl\":\"https:\\\/\\\/staging.glaswunder.eu\\\/wp-content\\\/uploads\\\/2022\\\/09\\\/your-majesty-Vogel-4262381710572-1.png\",\"width\":1500,\"height\":1500,\"caption\":\"Christbaumschmuck 11cm Pfau aus Glas in Azurblau mit schwarzem Naturkarton\"},{\"@type\":\"BreadcrumbList\",\"@id\":\"https:\\\/\\\/staging.glaswunder.eu\\\/shop\\\/your-majesty-vogel\\\/#breadcrumb\",\"itemListElement\":[{\"@type\":\"ListItem\",\"position\":1,\"name\":\"Startseite\",\"item\":\"https:\\\/\\\/staging.glaswunder.eu\\\/\"},{\"@type\":\"ListItem\",\"position\":2,\"name\":\"Shop\",\"item\":\"https:\\\/\\\/staging.glaswunder.eu\\\/shop\\\/\"},{\"@type\":\"ListItem\",\"position\":3,\"name\":\"&#8222;your majesty&#8220; &#8211; Vogel 11 cm | Christbaumschmuck azur blau\"}]},{\"@type\":\"WebSite\",\"@id\":\"https:\\\/\\\/staging.glaswunder.eu\\\/#website\",\"url\":\"https:\\\/\\\/staging.glaswunder.eu\\\/\",\"name\":\"Glaswunder\",\"description\":\"Exklusive Christbaumkugeln, Weihnachtkugeln, Christbaumschmuck und mehr.\",\"publisher\":{\"@id\":\"https:\\\/\\\/staging.glaswunder.eu\\\/#organization\"},\"potentialAction\":[{\"@type\":\"SearchAction\",\"target\":{\"@type\":\"EntryPoint\",\"urlTemplate\":\"https:\\\/\\\/staging.glaswunder.eu\\\/?s={search_term_string}\"},\"query-input\":{\"@type\":\"PropertyValueSpecification\",\"valueRequired\":true,\"valueName\":\"search_term_string\"}}],\"inLanguage\":\"en-US\"},{\"@type\":\"Organization\",\"@id\":\"https:\\\/\\\/staging.glaswunder.eu\\\/#organization\",\"name\":\"Glaswunder\",\"url\":\"https:\\\/\\\/staging.glaswunder.eu\\\/\",\"logo\":{\"@type\":\"ImageObject\",\"inLanguage\":\"en-US\",\"@id\":\"https:\\\/\\\/staging.glaswunder.eu\\\/#\\\/schema\\\/logo\\\/image\\\/\",\"url\":\"https:\\\/\\\/staging.glaswunder.eu\\\/wp-content\\\/uploads\\\/2023\\\/02\\\/GlasWunderLogo.webp\",\"contentUrl\":\"https:\\\/\\\/staging.glaswunder.eu\\\/wp-content\\\/uploads\\\/2023\\\/02\\\/GlasWunderLogo.webp\",\"width\":500,\"height\":486,\"caption\":\"Glaswunder\"},\"image\":{\"@id\":\"https:\\\/\\\/staging.glaswunder.eu\\\/#\\\/schema\\\/logo\\\/image\\\/\"}}]}<\/script>\n<!-- \/ Yoast SEO plugin. -->","yoast_head_json":{"title":"Christbaumschmuck - edler Pfau in Azurblau","description":"Christbaum-Pfau in Azurblau aus Glas von Glaswunder. Handgefertigter Christbaumschmuck \u2705 Mundgeblasen \u2705 Hergestellt in Deutschland \u2705","robots":{"index":"noindex","follow":"follow","max-snippet":"max-snippet:-1","max-image-preview":"max-image-preview:large","max-video-preview":"max-video-preview:-1"},"og_locale":"en_US","og_type":"article","og_title":"Christbaumschmuck - edler Pfau in Azurblau","og_description":"Christbaum-Pfau in Azurblau aus Glas von Glaswunder. Handgefertigter Christbaumschmuck \u2705 Mundgeblasen \u2705 Hergestellt in Deutschland \u2705","og_url":"https:\/\/staging.glaswunder.eu\/en\/shop\/your-majesty-vogel\/","og_site_name":"Glaswunder","article_modified_time":"2026-04-01T16:37:35+00:00","og_image":[{"width":1500,"height":1500,"url":"https:\/\/staging.glaswunder.eu\/wp-content\/uploads\/2022\/09\/your-majesty-Vogel-4262381710572-1.png","type":"image\/png"}],"twitter_card":"summary_large_image","twitter_misc":{"Est. reading time":"1 minute"},"schema":{"@context":"https:\/\/schema.org","@graph":[{"@type":"WebPage","@id":"https:\/\/staging.glaswunder.eu\/shop\/your-majesty-vogel\/","url":"https:\/\/staging.glaswunder.eu\/shop\/your-majesty-vogel\/","name":"Christbaumschmuck - edler Pfau in Azurblau","isPartOf":{"@id":"https:\/\/staging.glaswunder.eu\/#website"},"primaryImageOfPage":{"@id":"https:\/\/staging.glaswunder.eu\/shop\/your-majesty-vogel\/#primaryimage"},"image":{"@id":"https:\/\/staging.glaswunder.eu\/shop\/your-majesty-vogel\/#primaryimage"},"thumbnailUrl":"https:\/\/staging.glaswunder.eu\/wp-content\/uploads\/2022\/09\/your-majesty-Vogel-4262381710572-1.png","datePublished":"2022-09-14T08:31:33+00:00","dateModified":"2026-04-01T16:37:35+00:00","description":"Christbaum-Pfau in Azurblau aus Glas von Glaswunder. Handgefertigter Christbaumschmuck \u2705 Mundgeblasen \u2705 Hergestellt in Deutschland \u2705","breadcrumb":{"@id":"https:\/\/staging.glaswunder.eu\/shop\/your-majesty-vogel\/#breadcrumb"},"inLanguage":"en-US","potentialAction":[{"@type":"ReadAction","target":["https:\/\/staging.glaswunder.eu\/shop\/your-majesty-vogel\/"]}]},{"@type":"ImageObject","inLanguage":"en-US","@id":"https:\/\/staging.glaswunder.eu\/shop\/your-majesty-vogel\/#primaryimage","url":"https:\/\/staging.glaswunder.eu\/wp-content\/uploads\/2022\/09\/your-majesty-Vogel-4262381710572-1.png","contentUrl":"https:\/\/staging.glaswunder.eu\/wp-content\/uploads\/2022\/09\/your-majesty-Vogel-4262381710572-1.png","width":1500,"height":1500,"caption":"Christbaumschmuck 11cm Pfau aus Glas in Azurblau mit schwarzem Naturkarton"},{"@type":"BreadcrumbList","@id":"https:\/\/staging.glaswunder.eu\/shop\/your-majesty-vogel\/#breadcrumb","itemListElement":[{"@type":"ListItem","position":1,"name":"Startseite","item":"https:\/\/staging.glaswunder.eu\/"},{"@type":"ListItem","position":2,"name":"Shop","item":"https:\/\/staging.glaswunder.eu\/shop\/"},{"@type":"ListItem","position":3,"name":"&#8222;your majesty&#8220; &#8211; Vogel 11 cm | Christbaumschmuck azur blau"}]},{"@type":"WebSite","@id":"https:\/\/staging.glaswunder.eu\/#website","url":"https:\/\/staging.glaswunder.eu\/","name":"Glaswunder","description":"Exklusive Christbaumkugeln, Weihnachtkugeln, Christbaumschmuck und mehr.","publisher":{"@id":"https:\/\/staging.glaswunder.eu\/#organization"},"potentialAction":[{"@type":"SearchAction","target":{"@type":"EntryPoint","urlTemplate":"https:\/\/staging.glaswunder.eu\/?s={search_term_string}"},"query-input":{"@type":"PropertyValueSpecification","valueRequired":true,"valueName":"search_term_string"}}],"inLanguage":"en-US"},{"@type":"Organization","@id":"https:\/\/staging.glaswunder.eu\/#organization","name":"Glaswunder","url":"https:\/\/staging.glaswunder.eu\/","logo":{"@type":"ImageObject","inLanguage":"en-US","@id":"https:\/\/staging.glaswunder.eu\/#\/schema\/logo\/image\/","url":"https:\/\/staging.glaswunder.eu\/wp-content\/uploads\/2023\/02\/GlasWunderLogo.webp","contentUrl":"https:\/\/staging.glaswunder.eu\/wp-content\/uploads\/2023\/02\/GlasWunderLogo.webp","width":500,"height":486,"caption":"Glaswunder"},"image":{"@id":"https:\/\/staging.glaswunder.eu\/#\/schema\/logo\/image\/"}}]}},"_links":{"self":[{"href":"https:\/\/staging.glaswunder.eu\/en\/wp-json\/wp\/v2\/product\/384","targetHints":{"allow":["GET"]}}],"collection":[{"href":"https:\/\/staging.glaswunder.eu\/en\/wp-json\/wp\/v2\/product"}],"about":[{"href":"https:\/\/staging.glaswunder.eu\/en\/wp-json\/wp\/v2\/types\/product"}],"version-history":[{"count":7,"href":"https:\/\/staging.glaswunder.eu\/en\/wp-json\/wp\/v2\/product\/384\/revisions"}],"predecessor-version":[{"id":5798,"href":"https:\/\/staging.glaswunder.eu\/en\/wp-json\/wp\/v2\/product\/384\/revisions\/5798"}],"wp:featuredmedia":[{"embeddable":true,"href":"https:\/\/staging.glaswunder.eu\/en\/wp-json\/wp\/v2\/media\/2914"}],"wp:attachment":[{"href":"https:\/\/staging.glaswunder.eu\/en\/wp-json\/wp\/v2\/media?parent=384"}],"wp:term":[{"taxonomy":"product_brand","embeddable":true,"href":"https:\/\/staging.glaswunder.eu\/en\/wp-json\/wp\/v2\/product_brand?post=384"},{"taxonomy":"product_cat","embeddable":true,"href":"https:\/\/staging.glaswunder.eu\/en\/wp-json\/wp\/v2\/product_cat?post=384"},{"taxonomy":"product_tag","embeddable":true,"href":"https:\/\/staging.glaswunder.eu\/en\/wp-json\/wp\/v2\/product_tag?post=384"}],"curies":[{"name":"wp","href":"https:\/\/api.w.org\/{rel}","templated":true}]}}