{"id":387,"date":"2022-09-14T08:31:43","date_gmt":"2022-09-14T08:31:43","guid":{"rendered":"https:\/\/glaswunder.eu\/?post_type=product&#038;p=387"},"modified":"2026-04-02T14:49:25","modified_gmt":"2026-04-02T12:49:25","slug":"royal-twist-gedr-zapfen","status":"publish","type":"product","link":"https:\/\/staging.glaswunder.eu\/en\/shop\/royal-twist-gedr-zapfen\/","title":{"rendered":"&#8222;royal twist&#8220; &#8211; gedrehte Zapfen 11 cm | Christbaumschmuck transparent &#8211; 24 Karat Gold"},"content":{"rendered":"<p>Unser wunderbares Zapfen Set &#8211; &#8222;Royal Twist&#8220; ist in einer besonderen gedrehten Optik in einem transparenten Glasdesign. Diese Schmuckst\u00fccke sind mit Linien aus 24 Karat Gold versehen und sind damit sehr wertvoll. Unsere bescheidenen Zapfen sind sehr au\u00dfergew\u00f6hnlich, weshalb es sie aber auch so besonders macht. Dein Weihnachtsbaum wird voller Pracht erleuchten und strahlen. Sie funkeln im Tageslicht ausgesprochen gut! Eine tolle Kombination w\u00fcrden sie mit unseren\u00a0 &#8222;<a href=\"https:\/\/staging.glaswunder.eu\/en\/shop\/flowers-on-earth-6cm\/\">Flower on Earth<\/a>&#8220; &#8211; Weihnachtskugel Set abgeben. Schau es dir gerne mal an wie gut die zusammen harmonieren w\u00fcrden! Der Christbaumschmuck besteht aus 3 Zapfen \u00e1 11cm. Sie sind aus mundgeblasenem Glas und von Hand verziert. Durch die hochwertige Verarbeitung sind die Zapfen sehr langlebig. Sie sind in Deutschland hergestellt.<\/p>\n<p>Die Zapfen aus Glas sind nur f\u00fcr den Gebrauch im Innenbereich vorgesehen.<\/p>\n<p>&nbsp;<\/p>","protected":false},"excerpt":{"rendered":"<p>&#8222;royal twist&#8220; ist ein Set, bestehend aus drei 11 cm langen, gedrehten, transparenten Glaszapfen. In ihrer Form erinnern sie an Eiszapfen und werden durch die feinen 24 Karat Goldlinien deinem Weihnachtsbaum zu einem unvergesslichen Look verhelfen.<\/p>","protected":false},"featured_media":1745,"template":"","meta":{"_acf_changed":false},"product_brand":[112],"product_cat":[15,87,38,94],"product_tag":[110,101,106,105,103,107,102],"class_list":{"0":"post-387","1":"product","2":"type-product","3":"status-publish","4":"has-post-thumbnail","6":"product_brand-glaswunder","7":"product_cat-alle-produkte","8":"product_cat-christbaumschmuck","9":"product_cat-kings-queens","10":"product_cat-zapfen-christbaumschmuck","11":"product_tag-christbaumschmuck-aus-deutschland","12":"product_tag-christbaumschmuck","13":"product_tag-edler-weihnachtsschmuck","14":"product_tag-geschenkidee-weihnachten-deko","15":"product_tag-handgemachter-christbaumschmuck","16":"product_tag-nachhaltiger-weihnachtsschmuck","17":"product_tag-weihnachtsschmuck","19":"first","20":"outofstock","21":"taxable","22":"shipping-taxable","23":"purchasable","24":"product-type-simple"},"acf":[],"yoast_head":"<!-- This site is optimized with the Yoast SEO plugin v27.3 - https:\/\/yoast.com\/product\/yoast-seo-wordpress\/ -->\n<title>Weihnachtsdeko - Edel-Zapfen in Transparent mit 24 Karat Gold<\/title>\n<meta name=\"description\" content=\"Gedrehte Zapfen in Transparent mit 24 Karat Gold aus Glas von Glaswunder. Handgefertigter Christbaumschmuck \u2705 Mundgeblasen \u2705 Hergestellt in Deutschland \u2705\" \/>\n<meta name=\"robots\" content=\"noindex, follow, max-snippet:-1, max-image-preview:large, max-video-preview:-1\" \/>\n<meta property=\"og:locale\" content=\"en_US\" \/>\n<meta property=\"og:type\" content=\"article\" \/>\n<meta property=\"og:title\" content=\"Weihnachtsdeko - Edel-Zapfen in Transparent mit 24 Karat Gold\" \/>\n<meta property=\"og:description\" content=\"Gedrehte Zapfen in Transparent mit 24 Karat Gold aus Glas von Glaswunder. Handgefertigter Christbaumschmuck \u2705 Mundgeblasen \u2705 Hergestellt in Deutschland \u2705\" \/>\n<meta property=\"og:url\" content=\"https:\/\/staging.glaswunder.eu\/en\/shop\/royal-twist-gedr-zapfen\/\" \/>\n<meta property=\"og:site_name\" content=\"Glaswunder\" \/>\n<meta property=\"article:modified_time\" content=\"2026-04-02T12:49:25+00:00\" \/>\n<meta property=\"og:image\" content=\"https:\/\/staging.glaswunder.eu\/wp-content\/uploads\/2023\/06\/royal-twist-gedrehte-Zapfen-4262381710602.png\" \/>\n\t<meta property=\"og:image:width\" content=\"1500\" \/>\n\t<meta property=\"og:image:height\" content=\"1500\" \/>\n\t<meta property=\"og:image:type\" content=\"image\/png\" \/>\n<meta name=\"twitter:card\" content=\"summary_large_image\" \/>\n<meta name=\"twitter:label1\" content=\"Est. reading time\" \/>\n\t<meta name=\"twitter:data1\" content=\"1 minute\" \/>\n<script type=\"application\/ld+json\" class=\"yoast-schema-graph\">{\"@context\":\"https:\\\/\\\/schema.org\",\"@graph\":[{\"@type\":\"WebPage\",\"@id\":\"https:\\\/\\\/staging.glaswunder.eu\\\/shop\\\/royal-twist-gedr-zapfen\\\/\",\"url\":\"https:\\\/\\\/staging.glaswunder.eu\\\/shop\\\/royal-twist-gedr-zapfen\\\/\",\"name\":\"Weihnachtsdeko - Edel-Zapfen in Transparent mit 24 Karat Gold\",\"isPartOf\":{\"@id\":\"https:\\\/\\\/staging.glaswunder.eu\\\/#website\"},\"primaryImageOfPage\":{\"@id\":\"https:\\\/\\\/staging.glaswunder.eu\\\/shop\\\/royal-twist-gedr-zapfen\\\/#primaryimage\"},\"image\":{\"@id\":\"https:\\\/\\\/staging.glaswunder.eu\\\/shop\\\/royal-twist-gedr-zapfen\\\/#primaryimage\"},\"thumbnailUrl\":\"https:\\\/\\\/staging.glaswunder.eu\\\/wp-content\\\/uploads\\\/2023\\\/06\\\/royal-twist-gedrehte-Zapfen-4262381710602.png\",\"datePublished\":\"2022-09-14T08:31:43+00:00\",\"dateModified\":\"2026-04-02T12:49:25+00:00\",\"description\":\"Gedrehte Zapfen in Transparent mit 24 Karat Gold aus Glas von Glaswunder. Handgefertigter Christbaumschmuck \u2705 Mundgeblasen \u2705 Hergestellt in Deutschland \u2705\",\"breadcrumb\":{\"@id\":\"https:\\\/\\\/staging.glaswunder.eu\\\/shop\\\/royal-twist-gedr-zapfen\\\/#breadcrumb\"},\"inLanguage\":\"en-US\",\"potentialAction\":[{\"@type\":\"ReadAction\",\"target\":[\"https:\\\/\\\/staging.glaswunder.eu\\\/shop\\\/royal-twist-gedr-zapfen\\\/\"]}]},{\"@type\":\"ImageObject\",\"inLanguage\":\"en-US\",\"@id\":\"https:\\\/\\\/staging.glaswunder.eu\\\/shop\\\/royal-twist-gedr-zapfen\\\/#primaryimage\",\"url\":\"https:\\\/\\\/staging.glaswunder.eu\\\/wp-content\\\/uploads\\\/2023\\\/06\\\/royal-twist-gedrehte-Zapfen-4262381710602.png\",\"contentUrl\":\"https:\\\/\\\/staging.glaswunder.eu\\\/wp-content\\\/uploads\\\/2023\\\/06\\\/royal-twist-gedrehte-Zapfen-4262381710602.png\",\"width\":1500,\"height\":1500,\"caption\":\"3er Set gedrehte Zapfen aus Glas in einem transparenten Look und 24 Karat Gold Linien mit 11cm Durchmesser n einem schwarzen Naturkarton\"},{\"@type\":\"BreadcrumbList\",\"@id\":\"https:\\\/\\\/staging.glaswunder.eu\\\/shop\\\/royal-twist-gedr-zapfen\\\/#breadcrumb\",\"itemListElement\":[{\"@type\":\"ListItem\",\"position\":1,\"name\":\"Startseite\",\"item\":\"https:\\\/\\\/staging.glaswunder.eu\\\/\"},{\"@type\":\"ListItem\",\"position\":2,\"name\":\"Shop\",\"item\":\"https:\\\/\\\/staging.glaswunder.eu\\\/shop\\\/\"},{\"@type\":\"ListItem\",\"position\":3,\"name\":\"&#8222;royal twist&#8220; &#8211; gedrehte Zapfen 11 cm | Christbaumschmuck transparent &#8211; 24 Karat Gold\"}]},{\"@type\":\"WebSite\",\"@id\":\"https:\\\/\\\/staging.glaswunder.eu\\\/#website\",\"url\":\"https:\\\/\\\/staging.glaswunder.eu\\\/\",\"name\":\"Glaswunder\",\"description\":\"Exklusive Christbaumkugeln, Weihnachtkugeln, Christbaumschmuck und mehr.\",\"publisher\":{\"@id\":\"https:\\\/\\\/staging.glaswunder.eu\\\/#organization\"},\"potentialAction\":[{\"@type\":\"SearchAction\",\"target\":{\"@type\":\"EntryPoint\",\"urlTemplate\":\"https:\\\/\\\/staging.glaswunder.eu\\\/?s={search_term_string}\"},\"query-input\":{\"@type\":\"PropertyValueSpecification\",\"valueRequired\":true,\"valueName\":\"search_term_string\"}}],\"inLanguage\":\"en-US\"},{\"@type\":\"Organization\",\"@id\":\"https:\\\/\\\/staging.glaswunder.eu\\\/#organization\",\"name\":\"Glaswunder\",\"url\":\"https:\\\/\\\/staging.glaswunder.eu\\\/\",\"logo\":{\"@type\":\"ImageObject\",\"inLanguage\":\"en-US\",\"@id\":\"https:\\\/\\\/staging.glaswunder.eu\\\/#\\\/schema\\\/logo\\\/image\\\/\",\"url\":\"https:\\\/\\\/staging.glaswunder.eu\\\/wp-content\\\/uploads\\\/2023\\\/02\\\/GlasWunderLogo.webp\",\"contentUrl\":\"https:\\\/\\\/staging.glaswunder.eu\\\/wp-content\\\/uploads\\\/2023\\\/02\\\/GlasWunderLogo.webp\",\"width\":500,\"height\":486,\"caption\":\"Glaswunder\"},\"image\":{\"@id\":\"https:\\\/\\\/staging.glaswunder.eu\\\/#\\\/schema\\\/logo\\\/image\\\/\"}}]}<\/script>\n<!-- \/ Yoast SEO plugin. -->","yoast_head_json":{"title":"Weihnachtsdeko - Edel-Zapfen in Transparent mit 24 Karat Gold","description":"Gedrehte Zapfen in Transparent mit 24 Karat Gold aus Glas von Glaswunder. Handgefertigter Christbaumschmuck \u2705 Mundgeblasen \u2705 Hergestellt in Deutschland \u2705","robots":{"index":"noindex","follow":"follow","max-snippet":"max-snippet:-1","max-image-preview":"max-image-preview:large","max-video-preview":"max-video-preview:-1"},"og_locale":"en_US","og_type":"article","og_title":"Weihnachtsdeko - Edel-Zapfen in Transparent mit 24 Karat Gold","og_description":"Gedrehte Zapfen in Transparent mit 24 Karat Gold aus Glas von Glaswunder. Handgefertigter Christbaumschmuck \u2705 Mundgeblasen \u2705 Hergestellt in Deutschland \u2705","og_url":"https:\/\/staging.glaswunder.eu\/en\/shop\/royal-twist-gedr-zapfen\/","og_site_name":"Glaswunder","article_modified_time":"2026-04-02T12:49:25+00:00","og_image":[{"width":1500,"height":1500,"url":"https:\/\/staging.glaswunder.eu\/wp-content\/uploads\/2023\/06\/royal-twist-gedrehte-Zapfen-4262381710602.png","type":"image\/png"}],"twitter_card":"summary_large_image","twitter_misc":{"Est. reading time":"1 minute"},"schema":{"@context":"https:\/\/schema.org","@graph":[{"@type":"WebPage","@id":"https:\/\/staging.glaswunder.eu\/shop\/royal-twist-gedr-zapfen\/","url":"https:\/\/staging.glaswunder.eu\/shop\/royal-twist-gedr-zapfen\/","name":"Weihnachtsdeko - Edel-Zapfen in Transparent mit 24 Karat Gold","isPartOf":{"@id":"https:\/\/staging.glaswunder.eu\/#website"},"primaryImageOfPage":{"@id":"https:\/\/staging.glaswunder.eu\/shop\/royal-twist-gedr-zapfen\/#primaryimage"},"image":{"@id":"https:\/\/staging.glaswunder.eu\/shop\/royal-twist-gedr-zapfen\/#primaryimage"},"thumbnailUrl":"https:\/\/staging.glaswunder.eu\/wp-content\/uploads\/2023\/06\/royal-twist-gedrehte-Zapfen-4262381710602.png","datePublished":"2022-09-14T08:31:43+00:00","dateModified":"2026-04-02T12:49:25+00:00","description":"Gedrehte Zapfen in Transparent mit 24 Karat Gold aus Glas von Glaswunder. Handgefertigter Christbaumschmuck \u2705 Mundgeblasen \u2705 Hergestellt in Deutschland \u2705","breadcrumb":{"@id":"https:\/\/staging.glaswunder.eu\/shop\/royal-twist-gedr-zapfen\/#breadcrumb"},"inLanguage":"en-US","potentialAction":[{"@type":"ReadAction","target":["https:\/\/staging.glaswunder.eu\/shop\/royal-twist-gedr-zapfen\/"]}]},{"@type":"ImageObject","inLanguage":"en-US","@id":"https:\/\/staging.glaswunder.eu\/shop\/royal-twist-gedr-zapfen\/#primaryimage","url":"https:\/\/staging.glaswunder.eu\/wp-content\/uploads\/2023\/06\/royal-twist-gedrehte-Zapfen-4262381710602.png","contentUrl":"https:\/\/staging.glaswunder.eu\/wp-content\/uploads\/2023\/06\/royal-twist-gedrehte-Zapfen-4262381710602.png","width":1500,"height":1500,"caption":"3er Set gedrehte Zapfen aus Glas in einem transparenten Look und 24 Karat Gold Linien mit 11cm Durchmesser n einem schwarzen Naturkarton"},{"@type":"BreadcrumbList","@id":"https:\/\/staging.glaswunder.eu\/shop\/royal-twist-gedr-zapfen\/#breadcrumb","itemListElement":[{"@type":"ListItem","position":1,"name":"Startseite","item":"https:\/\/staging.glaswunder.eu\/"},{"@type":"ListItem","position":2,"name":"Shop","item":"https:\/\/staging.glaswunder.eu\/shop\/"},{"@type":"ListItem","position":3,"name":"&#8222;royal twist&#8220; &#8211; gedrehte Zapfen 11 cm | Christbaumschmuck transparent &#8211; 24 Karat Gold"}]},{"@type":"WebSite","@id":"https:\/\/staging.glaswunder.eu\/#website","url":"https:\/\/staging.glaswunder.eu\/","name":"Glaswunder","description":"Exklusive Christbaumkugeln, Weihnachtkugeln, Christbaumschmuck und mehr.","publisher":{"@id":"https:\/\/staging.glaswunder.eu\/#organization"},"potentialAction":[{"@type":"SearchAction","target":{"@type":"EntryPoint","urlTemplate":"https:\/\/staging.glaswunder.eu\/?s={search_term_string}"},"query-input":{"@type":"PropertyValueSpecification","valueRequired":true,"valueName":"search_term_string"}}],"inLanguage":"en-US"},{"@type":"Organization","@id":"https:\/\/staging.glaswunder.eu\/#organization","name":"Glaswunder","url":"https:\/\/staging.glaswunder.eu\/","logo":{"@type":"ImageObject","inLanguage":"en-US","@id":"https:\/\/staging.glaswunder.eu\/#\/schema\/logo\/image\/","url":"https:\/\/staging.glaswunder.eu\/wp-content\/uploads\/2023\/02\/GlasWunderLogo.webp","contentUrl":"https:\/\/staging.glaswunder.eu\/wp-content\/uploads\/2023\/02\/GlasWunderLogo.webp","width":500,"height":486,"caption":"Glaswunder"},"image":{"@id":"https:\/\/staging.glaswunder.eu\/#\/schema\/logo\/image\/"}}]}},"_links":{"self":[{"href":"https:\/\/staging.glaswunder.eu\/en\/wp-json\/wp\/v2\/product\/387","targetHints":{"allow":["GET"]}}],"collection":[{"href":"https:\/\/staging.glaswunder.eu\/en\/wp-json\/wp\/v2\/product"}],"about":[{"href":"https:\/\/staging.glaswunder.eu\/en\/wp-json\/wp\/v2\/types\/product"}],"version-history":[{"count":8,"href":"https:\/\/staging.glaswunder.eu\/en\/wp-json\/wp\/v2\/product\/387\/revisions"}],"predecessor-version":[{"id":5795,"href":"https:\/\/staging.glaswunder.eu\/en\/wp-json\/wp\/v2\/product\/387\/revisions\/5795"}],"wp:featuredmedia":[{"embeddable":true,"href":"https:\/\/staging.glaswunder.eu\/en\/wp-json\/wp\/v2\/media\/1745"}],"wp:attachment":[{"href":"https:\/\/staging.glaswunder.eu\/en\/wp-json\/wp\/v2\/media?parent=387"}],"wp:term":[{"taxonomy":"product_brand","embeddable":true,"href":"https:\/\/staging.glaswunder.eu\/en\/wp-json\/wp\/v2\/product_brand?post=387"},{"taxonomy":"product_cat","embeddable":true,"href":"https:\/\/staging.glaswunder.eu\/en\/wp-json\/wp\/v2\/product_cat?post=387"},{"taxonomy":"product_tag","embeddable":true,"href":"https:\/\/staging.glaswunder.eu\/en\/wp-json\/wp\/v2\/product_tag?post=387"}],"curies":[{"name":"wp","href":"https:\/\/api.w.org\/{rel}","templated":true}]}}