{"id":4482,"date":"2025-11-15T15:56:11","date_gmt":"2025-11-15T15:56:11","guid":{"rendered":"https:\/\/glaswunder.eu\/shop\/snow-queen-spitze\/"},"modified":"2026-04-16T12:10:30","modified_gmt":"2026-04-16T10:10:30","slug":"snow-queen-spitze","status":"publish","type":"product","link":"https:\/\/staging.glaswunder.eu\/en\/shop\/snow-queen-spitze\/","title":{"rendered":"&#8222;snow queen&#8220; &#8211; Spitze"},"content":{"rendered":"<p>Diese wundersch\u00f6ne Christbaumspitze aus Glas ist das Highlight auf jedem Weihnachtsbaum. Ihr wei\u00df mattes Frost-Design schimmert sanft im Lichterglanz und verleiht dem Baum eine ruhige, edle Ausstrahlung. Auf den beiden harmonisch geformten Glasb\u00e4uchen wiederholt sich das zarte Muster der Kugeln: Eine feine, matte goldene Glitter Linie umspielt die B\u00e4uche, begleitet von gl\u00e4nzenden goldenen Tropfen, die von einem Hauch mattem Gold eingefasst sind. Dieses Zusammenspiel wirkt festlich, ohne aufdringlich zu sein \u2013 einfach gro\u00dfartig. Am Ende der Spitze ist nochmals das goldene Glitter wiederzufinden. Jede Spitze wird aus hochwertigem mundgeblasenem Glas gefertigt und mit viel Liebe zum Detail veredelt. Ob als kr\u00f6nender Abschluss Deines Weihnachtsbaums oder als besonderes Einzelst\u00fcck \u2013 sie bringt W\u00e4rme, Stil und ein bisschen Magie in die festliche Zeit. Die Spitze ist 31 cm gro\u00df, von Hand verziert und in Deutschland hergestellt. Durch ihre hochwertige Verarbeitung ist sie besonders langlebig und Pflegeleicht. Unser Weihnachtsschmuck ist nur f\u00fcr den Gebrauch im Innenbereich vorgesehen.<\/p>","protected":false},"excerpt":{"rendered":"<p>Diese abschlie\u00dfende Spitze aus Glas ist 31cm gro\u00df. Sie leuchtet in einem mattes Frost-Design auf mit einer filigranen, matten goldenen Glitter Linie die die B\u00e4uche umspielt und von gl\u00e4nzenden goldenen Tropfen begleitet werden.<\/p>","protected":false},"featured_media":4658,"template":"","meta":{"_acf_changed":false},"product_brand":[112],"product_cat":[15,87,51,92],"product_tag":[110,101,106,103,107,102],"class_list":{"0":"post-4482","1":"product","2":"type-product","3":"status-publish","4":"has-post-thumbnail","6":"product_brand-glaswunder","7":"product_cat-alle-produkte","8":"product_cat-christbaumschmuck","9":"product_cat-magic_dreams","10":"product_cat-spitzen","11":"product_tag-christbaumschmuck-aus-deutschland","12":"product_tag-christbaumschmuck","13":"product_tag-edler-weihnachtsschmuck","14":"product_tag-handgemachter-christbaumschmuck","15":"product_tag-nachhaltiger-weihnachtsschmuck","16":"product_tag-weihnachtsschmuck","18":"first","19":"instock","20":"taxable","21":"shipping-taxable","22":"purchasable","23":"product-type-simple"},"acf":[],"yoast_head":"<!-- This site is optimized with the Yoast SEO plugin v27.3 - https:\/\/yoast.com\/product\/yoast-seo-wordpress\/ -->\n<title>&quot;snow queen&quot; - Spitze - Glaswunder<\/title>\n<meta name=\"description\" content=\"Mundgeblasen, handbemalt und in Deutschland gefertigt: Diese Christbaumspitze aus Glas verk\u00f6rpert echtes traditionelles Handwerk.\" \/>\n<meta name=\"robots\" content=\"noindex, follow, max-snippet:-1, max-image-preview:large, max-video-preview:-1\" \/>\n<meta property=\"og:locale\" content=\"en_US\" \/>\n<meta property=\"og:type\" content=\"article\" \/>\n<meta property=\"og:title\" content=\"&quot;snow queen&quot; - Spitze - Glaswunder\" \/>\n<meta property=\"og:description\" content=\"Mundgeblasen, handbemalt und in Deutschland gefertigt: Diese Christbaumspitze aus Glas verk\u00f6rpert echtes traditionelles Handwerk.\" \/>\n<meta property=\"og:url\" content=\"https:\/\/staging.glaswunder.eu\/en\/shop\/snow-queen-spitze\/\" \/>\n<meta property=\"og:site_name\" content=\"Glaswunder\" \/>\n<meta property=\"article:modified_time\" content=\"2026-04-16T10:10:30+00:00\" \/>\n<meta property=\"og:image\" content=\"https:\/\/staging.glaswunder.eu\/wp-content\/uploads\/2025\/11\/4262381711128.jpg\" \/>\n\t<meta property=\"og:image:width\" content=\"1920\" \/>\n\t<meta property=\"og:image:height\" content=\"1920\" \/>\n\t<meta property=\"og:image:type\" content=\"image\/jpeg\" \/>\n<meta name=\"twitter:card\" content=\"summary_large_image\" \/>\n<meta name=\"twitter:label1\" content=\"Est. reading time\" \/>\n\t<meta name=\"twitter:data1\" content=\"2 minutes\" \/>\n<script type=\"application\/ld+json\" class=\"yoast-schema-graph\">{\"@context\":\"https:\\\/\\\/schema.org\",\"@graph\":[{\"@type\":\"WebPage\",\"@id\":\"https:\\\/\\\/staging.glaswunder.eu\\\/shop\\\/snow-queen-spitze\\\/\",\"url\":\"https:\\\/\\\/staging.glaswunder.eu\\\/shop\\\/snow-queen-spitze\\\/\",\"name\":\"\\\"snow queen\\\" - Spitze - Glaswunder\",\"isPartOf\":{\"@id\":\"https:\\\/\\\/staging.glaswunder.eu\\\/#website\"},\"primaryImageOfPage\":{\"@id\":\"https:\\\/\\\/staging.glaswunder.eu\\\/shop\\\/snow-queen-spitze\\\/#primaryimage\"},\"image\":{\"@id\":\"https:\\\/\\\/staging.glaswunder.eu\\\/shop\\\/snow-queen-spitze\\\/#primaryimage\"},\"thumbnailUrl\":\"https:\\\/\\\/staging.glaswunder.eu\\\/wp-content\\\/uploads\\\/2025\\\/11\\\/4262381711128.jpg\",\"datePublished\":\"2025-11-15T15:56:11+00:00\",\"dateModified\":\"2026-04-16T10:10:30+00:00\",\"description\":\"Mundgeblasen, handbemalt und in Deutschland gefertigt: Diese Christbaumspitze aus Glas verk\u00f6rpert echtes traditionelles Handwerk.\",\"breadcrumb\":{\"@id\":\"https:\\\/\\\/staging.glaswunder.eu\\\/shop\\\/snow-queen-spitze\\\/#breadcrumb\"},\"inLanguage\":\"en-US\",\"potentialAction\":[{\"@type\":\"ReadAction\",\"target\":[\"https:\\\/\\\/staging.glaswunder.eu\\\/shop\\\/snow-queen-spitze\\\/\"]}]},{\"@type\":\"ImageObject\",\"inLanguage\":\"en-US\",\"@id\":\"https:\\\/\\\/staging.glaswunder.eu\\\/shop\\\/snow-queen-spitze\\\/#primaryimage\",\"url\":\"https:\\\/\\\/staging.glaswunder.eu\\\/wp-content\\\/uploads\\\/2025\\\/11\\\/4262381711128.jpg\",\"contentUrl\":\"https:\\\/\\\/staging.glaswunder.eu\\\/wp-content\\\/uploads\\\/2025\\\/11\\\/4262381711128.jpg\",\"width\":1920,\"height\":1920},{\"@type\":\"BreadcrumbList\",\"@id\":\"https:\\\/\\\/staging.glaswunder.eu\\\/shop\\\/snow-queen-spitze\\\/#breadcrumb\",\"itemListElement\":[{\"@type\":\"ListItem\",\"position\":1,\"name\":\"Startseite\",\"item\":\"https:\\\/\\\/staging.glaswunder.eu\\\/\"},{\"@type\":\"ListItem\",\"position\":2,\"name\":\"Shop\",\"item\":\"https:\\\/\\\/staging.glaswunder.eu\\\/shop\\\/\"},{\"@type\":\"ListItem\",\"position\":3,\"name\":\"&#8222;snow queen&#8220; &#8211; Spitze\"}]},{\"@type\":\"WebSite\",\"@id\":\"https:\\\/\\\/staging.glaswunder.eu\\\/#website\",\"url\":\"https:\\\/\\\/staging.glaswunder.eu\\\/\",\"name\":\"Glaswunder\",\"description\":\"Exklusive Christbaumkugeln, Weihnachtkugeln, Christbaumschmuck und mehr.\",\"publisher\":{\"@id\":\"https:\\\/\\\/staging.glaswunder.eu\\\/#organization\"},\"potentialAction\":[{\"@type\":\"SearchAction\",\"target\":{\"@type\":\"EntryPoint\",\"urlTemplate\":\"https:\\\/\\\/staging.glaswunder.eu\\\/?s={search_term_string}\"},\"query-input\":{\"@type\":\"PropertyValueSpecification\",\"valueRequired\":true,\"valueName\":\"search_term_string\"}}],\"inLanguage\":\"en-US\"},{\"@type\":\"Organization\",\"@id\":\"https:\\\/\\\/staging.glaswunder.eu\\\/#organization\",\"name\":\"Glaswunder\",\"url\":\"https:\\\/\\\/staging.glaswunder.eu\\\/\",\"logo\":{\"@type\":\"ImageObject\",\"inLanguage\":\"en-US\",\"@id\":\"https:\\\/\\\/staging.glaswunder.eu\\\/#\\\/schema\\\/logo\\\/image\\\/\",\"url\":\"https:\\\/\\\/staging.glaswunder.eu\\\/wp-content\\\/uploads\\\/2023\\\/02\\\/GlasWunderLogo.webp\",\"contentUrl\":\"https:\\\/\\\/staging.glaswunder.eu\\\/wp-content\\\/uploads\\\/2023\\\/02\\\/GlasWunderLogo.webp\",\"width\":500,\"height\":486,\"caption\":\"Glaswunder\"},\"image\":{\"@id\":\"https:\\\/\\\/staging.glaswunder.eu\\\/#\\\/schema\\\/logo\\\/image\\\/\"}}]}<\/script>\n<!-- \/ Yoast SEO plugin. -->","yoast_head_json":{"title":"\"snow queen\" - Spitze - Glaswunder","description":"Mundgeblasen, handbemalt und in Deutschland gefertigt: Diese Christbaumspitze aus Glas verk\u00f6rpert echtes traditionelles Handwerk.","robots":{"index":"noindex","follow":"follow","max-snippet":"max-snippet:-1","max-image-preview":"max-image-preview:large","max-video-preview":"max-video-preview:-1"},"og_locale":"en_US","og_type":"article","og_title":"\"snow queen\" - Spitze - Glaswunder","og_description":"Mundgeblasen, handbemalt und in Deutschland gefertigt: Diese Christbaumspitze aus Glas verk\u00f6rpert echtes traditionelles Handwerk.","og_url":"https:\/\/staging.glaswunder.eu\/en\/shop\/snow-queen-spitze\/","og_site_name":"Glaswunder","article_modified_time":"2026-04-16T10:10:30+00:00","og_image":[{"width":1920,"height":1920,"url":"https:\/\/staging.glaswunder.eu\/wp-content\/uploads\/2025\/11\/4262381711128.jpg","type":"image\/jpeg"}],"twitter_card":"summary_large_image","twitter_misc":{"Est. reading time":"2 minutes"},"schema":{"@context":"https:\/\/schema.org","@graph":[{"@type":"WebPage","@id":"https:\/\/staging.glaswunder.eu\/shop\/snow-queen-spitze\/","url":"https:\/\/staging.glaswunder.eu\/shop\/snow-queen-spitze\/","name":"\"snow queen\" - Spitze - Glaswunder","isPartOf":{"@id":"https:\/\/staging.glaswunder.eu\/#website"},"primaryImageOfPage":{"@id":"https:\/\/staging.glaswunder.eu\/shop\/snow-queen-spitze\/#primaryimage"},"image":{"@id":"https:\/\/staging.glaswunder.eu\/shop\/snow-queen-spitze\/#primaryimage"},"thumbnailUrl":"https:\/\/staging.glaswunder.eu\/wp-content\/uploads\/2025\/11\/4262381711128.jpg","datePublished":"2025-11-15T15:56:11+00:00","dateModified":"2026-04-16T10:10:30+00:00","description":"Mundgeblasen, handbemalt und in Deutschland gefertigt: Diese Christbaumspitze aus Glas verk\u00f6rpert echtes traditionelles Handwerk.","breadcrumb":{"@id":"https:\/\/staging.glaswunder.eu\/shop\/snow-queen-spitze\/#breadcrumb"},"inLanguage":"en-US","potentialAction":[{"@type":"ReadAction","target":["https:\/\/staging.glaswunder.eu\/shop\/snow-queen-spitze\/"]}]},{"@type":"ImageObject","inLanguage":"en-US","@id":"https:\/\/staging.glaswunder.eu\/shop\/snow-queen-spitze\/#primaryimage","url":"https:\/\/staging.glaswunder.eu\/wp-content\/uploads\/2025\/11\/4262381711128.jpg","contentUrl":"https:\/\/staging.glaswunder.eu\/wp-content\/uploads\/2025\/11\/4262381711128.jpg","width":1920,"height":1920},{"@type":"BreadcrumbList","@id":"https:\/\/staging.glaswunder.eu\/shop\/snow-queen-spitze\/#breadcrumb","itemListElement":[{"@type":"ListItem","position":1,"name":"Startseite","item":"https:\/\/staging.glaswunder.eu\/"},{"@type":"ListItem","position":2,"name":"Shop","item":"https:\/\/staging.glaswunder.eu\/shop\/"},{"@type":"ListItem","position":3,"name":"&#8222;snow queen&#8220; &#8211; Spitze"}]},{"@type":"WebSite","@id":"https:\/\/staging.glaswunder.eu\/#website","url":"https:\/\/staging.glaswunder.eu\/","name":"Glaswunder","description":"Exklusive Christbaumkugeln, Weihnachtkugeln, Christbaumschmuck und mehr.","publisher":{"@id":"https:\/\/staging.glaswunder.eu\/#organization"},"potentialAction":[{"@type":"SearchAction","target":{"@type":"EntryPoint","urlTemplate":"https:\/\/staging.glaswunder.eu\/?s={search_term_string}"},"query-input":{"@type":"PropertyValueSpecification","valueRequired":true,"valueName":"search_term_string"}}],"inLanguage":"en-US"},{"@type":"Organization","@id":"https:\/\/staging.glaswunder.eu\/#organization","name":"Glaswunder","url":"https:\/\/staging.glaswunder.eu\/","logo":{"@type":"ImageObject","inLanguage":"en-US","@id":"https:\/\/staging.glaswunder.eu\/#\/schema\/logo\/image\/","url":"https:\/\/staging.glaswunder.eu\/wp-content\/uploads\/2023\/02\/GlasWunderLogo.webp","contentUrl":"https:\/\/staging.glaswunder.eu\/wp-content\/uploads\/2023\/02\/GlasWunderLogo.webp","width":500,"height":486,"caption":"Glaswunder"},"image":{"@id":"https:\/\/staging.glaswunder.eu\/#\/schema\/logo\/image\/"}}]}},"_links":{"self":[{"href":"https:\/\/staging.glaswunder.eu\/en\/wp-json\/wp\/v2\/product\/4482","targetHints":{"allow":["GET"]}}],"collection":[{"href":"https:\/\/staging.glaswunder.eu\/en\/wp-json\/wp\/v2\/product"}],"about":[{"href":"https:\/\/staging.glaswunder.eu\/en\/wp-json\/wp\/v2\/types\/product"}],"version-history":[{"count":3,"href":"https:\/\/staging.glaswunder.eu\/en\/wp-json\/wp\/v2\/product\/4482\/revisions"}],"predecessor-version":[{"id":4842,"href":"https:\/\/staging.glaswunder.eu\/en\/wp-json\/wp\/v2\/product\/4482\/revisions\/4842"}],"wp:featuredmedia":[{"embeddable":true,"href":"https:\/\/staging.glaswunder.eu\/en\/wp-json\/wp\/v2\/media\/4658"}],"wp:attachment":[{"href":"https:\/\/staging.glaswunder.eu\/en\/wp-json\/wp\/v2\/media?parent=4482"}],"wp:term":[{"taxonomy":"product_brand","embeddable":true,"href":"https:\/\/staging.glaswunder.eu\/en\/wp-json\/wp\/v2\/product_brand?post=4482"},{"taxonomy":"product_cat","embeddable":true,"href":"https:\/\/staging.glaswunder.eu\/en\/wp-json\/wp\/v2\/product_cat?post=4482"},{"taxonomy":"product_tag","embeddable":true,"href":"https:\/\/staging.glaswunder.eu\/en\/wp-json\/wp\/v2\/product_tag?post=4482"}],"curies":[{"name":"wp","href":"https:\/\/api.w.org\/{rel}","templated":true}]}}