{"id":4485,"date":"2025-11-15T15:56:12","date_gmt":"2025-11-15T15:56:12","guid":{"rendered":"https:\/\/glaswunder.eu\/shop\/snow-princess-8cm\/"},"modified":"2026-04-02T16:06:17","modified_gmt":"2026-04-02T14:06:17","slug":"snow-princess-8cm","status":"publish","type":"product","link":"https:\/\/staging.glaswunder.eu\/en\/shop\/snow-princess-8cm\/","title":{"rendered":"&#8222;snow princess&#8220; &#8211; 8cm"},"content":{"rendered":"<p>Zart wie ein Wintertraum und funkelnd wie der erste Schnee \u2013 diese wundersch\u00f6ne, mundgeblasene Weihnachtskugel aus Glas verleiht deinem Baum einen Hauch von Magie und Romantik. In einem wundersch\u00f6nen, matten Rosaton erstrahlt sie elegant und zugleich verspielt. Das liebevoll aufgetragene Icing-Design erinnert an zarte Frostspuren, die vom silbernen Glitzerornament traumhaft umrahmt werden. Als besonderes Detail schimmern auf beiden Seiten Tropfen in einem gl\u00e4nzenden Rot, eingefasst von feinem Silberglitter \u2013 kleine, leuchtende Akzente, die das Licht wundersch\u00f6n einfangen und f\u00fcr funkelnde Momente sorgen. Unser Set besteht aus 3 mundgeblasenen Kugeln aus Glas. Sie sind 8 cm gro\u00df, von Hand verziert und in Deutschland hergestellt. Durch ihre hochwertige Verarbeitung sind sie besonders langlebig und Pflegeleicht. Unsere Weihnachtskugeln sind nur f\u00fcr den Gebrauch im Innenbereich vorgesehen.<\/p>","protected":false},"excerpt":{"rendered":"<p>Dieses Set besteht aus 3 Kugeln \u00e0 8 cm. Sie strahlt eine pure Eleganz aus. &#8222;Snow Princess&#8220; ist in einem matten Rose Icing-Design. Ihre prachtvollen Tropfen schm\u00fccken in einem gl\u00e4nzenden Rot die Oberfl\u00e4che<\/p>","protected":false},"featured_media":5139,"template":"","meta":{"_acf_changed":false},"product_brand":[112],"product_cat":[15,87,114,51,42],"product_tag":[110,101,106,105,103,107,102],"class_list":{"0":"post-4485","1":"product","2":"type-product","3":"status-publish","4":"has-post-thumbnail","6":"product_brand-glaswunder","7":"product_cat-alle-produkte","8":"product_cat-christbaumschmuck","9":"product_cat-kugeln","10":"product_cat-magic_dreams","11":"product_cat-weihnachtskugeln-8cm","12":"product_tag-christbaumschmuck-aus-deutschland","13":"product_tag-christbaumschmuck","14":"product_tag-edler-weihnachtsschmuck","15":"product_tag-geschenkidee-weihnachten-deko","16":"product_tag-handgemachter-christbaumschmuck","17":"product_tag-nachhaltiger-weihnachtsschmuck","18":"product_tag-weihnachtsschmuck","20":"first","21":"instock","22":"taxable","23":"shipping-taxable","24":"purchasable","25":"product-type-simple"},"acf":[],"yoast_head":"<!-- This site is optimized with the Yoast SEO plugin v27.3 - https:\/\/yoast.com\/product\/yoast-seo-wordpress\/ -->\n<title>&quot;snow princess&quot; - 8cm - Glaswunder<\/title>\n<meta name=\"description\" content=\"Mundgeblasen, handbemalt und in Deutschland gefertigt: Diese Christbaumkugel aus Glas verk\u00f6rpert echtes traditionelles Handwerk.\" \/>\n<meta name=\"robots\" content=\"noindex, follow, max-snippet:-1, max-image-preview:large, max-video-preview:-1\" \/>\n<meta property=\"og:locale\" content=\"en_US\" \/>\n<meta property=\"og:type\" content=\"article\" \/>\n<meta property=\"og:title\" content=\"&quot;snow princess&quot; - 8cm - Glaswunder\" \/>\n<meta property=\"og:description\" content=\"Mundgeblasen, handbemalt und in Deutschland gefertigt: Diese Christbaumkugel aus Glas verk\u00f6rpert echtes traditionelles Handwerk.\" \/>\n<meta property=\"og:url\" content=\"https:\/\/staging.glaswunder.eu\/en\/shop\/snow-princess-8cm\/\" \/>\n<meta property=\"og:site_name\" content=\"Glaswunder\" \/>\n<meta property=\"article:modified_time\" content=\"2026-04-02T14:06:17+00:00\" \/>\n<meta property=\"og:image\" content=\"https:\/\/staging.glaswunder.eu\/wp-content\/uploads\/2025\/11\/4262381711203.png\" \/>\n\t<meta property=\"og:image:width\" content=\"1500\" \/>\n\t<meta property=\"og:image:height\" content=\"1500\" \/>\n\t<meta property=\"og:image:type\" content=\"image\/png\" \/>\n<meta name=\"twitter:card\" content=\"summary_large_image\" \/>\n<meta name=\"twitter:label1\" content=\"Est. reading time\" \/>\n\t<meta name=\"twitter:data1\" content=\"1 minute\" \/>\n<script type=\"application\/ld+json\" class=\"yoast-schema-graph\">{\"@context\":\"https:\\\/\\\/schema.org\",\"@graph\":[{\"@type\":\"WebPage\",\"@id\":\"https:\\\/\\\/staging.glaswunder.eu\\\/shop\\\/snow-princess-8cm\\\/\",\"url\":\"https:\\\/\\\/staging.glaswunder.eu\\\/shop\\\/snow-princess-8cm\\\/\",\"name\":\"\\\"snow princess\\\" - 8cm - Glaswunder\",\"isPartOf\":{\"@id\":\"https:\\\/\\\/staging.glaswunder.eu\\\/#website\"},\"primaryImageOfPage\":{\"@id\":\"https:\\\/\\\/staging.glaswunder.eu\\\/shop\\\/snow-princess-8cm\\\/#primaryimage\"},\"image\":{\"@id\":\"https:\\\/\\\/staging.glaswunder.eu\\\/shop\\\/snow-princess-8cm\\\/#primaryimage\"},\"thumbnailUrl\":\"https:\\\/\\\/staging.glaswunder.eu\\\/wp-content\\\/uploads\\\/2025\\\/11\\\/4262381711203.png\",\"datePublished\":\"2025-11-15T15:56:12+00:00\",\"dateModified\":\"2026-04-02T14:06:17+00:00\",\"description\":\"Mundgeblasen, handbemalt und in Deutschland gefertigt: Diese Christbaumkugel aus Glas verk\u00f6rpert echtes traditionelles Handwerk.\",\"breadcrumb\":{\"@id\":\"https:\\\/\\\/staging.glaswunder.eu\\\/shop\\\/snow-princess-8cm\\\/#breadcrumb\"},\"inLanguage\":\"en-US\",\"potentialAction\":[{\"@type\":\"ReadAction\",\"target\":[\"https:\\\/\\\/staging.glaswunder.eu\\\/shop\\\/snow-princess-8cm\\\/\"]}]},{\"@type\":\"ImageObject\",\"inLanguage\":\"en-US\",\"@id\":\"https:\\\/\\\/staging.glaswunder.eu\\\/shop\\\/snow-princess-8cm\\\/#primaryimage\",\"url\":\"https:\\\/\\\/staging.glaswunder.eu\\\/wp-content\\\/uploads\\\/2025\\\/11\\\/4262381711203.png\",\"contentUrl\":\"https:\\\/\\\/staging.glaswunder.eu\\\/wp-content\\\/uploads\\\/2025\\\/11\\\/4262381711203.png\",\"width\":1500,\"height\":1500},{\"@type\":\"BreadcrumbList\",\"@id\":\"https:\\\/\\\/staging.glaswunder.eu\\\/shop\\\/snow-princess-8cm\\\/#breadcrumb\",\"itemListElement\":[{\"@type\":\"ListItem\",\"position\":1,\"name\":\"Startseite\",\"item\":\"https:\\\/\\\/staging.glaswunder.eu\\\/\"},{\"@type\":\"ListItem\",\"position\":2,\"name\":\"Shop\",\"item\":\"https:\\\/\\\/staging.glaswunder.eu\\\/shop\\\/\"},{\"@type\":\"ListItem\",\"position\":3,\"name\":\"&#8222;snow princess&#8220; &#8211; 8cm\"}]},{\"@type\":\"WebSite\",\"@id\":\"https:\\\/\\\/staging.glaswunder.eu\\\/#website\",\"url\":\"https:\\\/\\\/staging.glaswunder.eu\\\/\",\"name\":\"Glaswunder\",\"description\":\"Exklusive Christbaumkugeln, Weihnachtkugeln, Christbaumschmuck und mehr.\",\"publisher\":{\"@id\":\"https:\\\/\\\/staging.glaswunder.eu\\\/#organization\"},\"potentialAction\":[{\"@type\":\"SearchAction\",\"target\":{\"@type\":\"EntryPoint\",\"urlTemplate\":\"https:\\\/\\\/staging.glaswunder.eu\\\/?s={search_term_string}\"},\"query-input\":{\"@type\":\"PropertyValueSpecification\",\"valueRequired\":true,\"valueName\":\"search_term_string\"}}],\"inLanguage\":\"en-US\"},{\"@type\":\"Organization\",\"@id\":\"https:\\\/\\\/staging.glaswunder.eu\\\/#organization\",\"name\":\"Glaswunder\",\"url\":\"https:\\\/\\\/staging.glaswunder.eu\\\/\",\"logo\":{\"@type\":\"ImageObject\",\"inLanguage\":\"en-US\",\"@id\":\"https:\\\/\\\/staging.glaswunder.eu\\\/#\\\/schema\\\/logo\\\/image\\\/\",\"url\":\"https:\\\/\\\/staging.glaswunder.eu\\\/wp-content\\\/uploads\\\/2023\\\/02\\\/GlasWunderLogo.webp\",\"contentUrl\":\"https:\\\/\\\/staging.glaswunder.eu\\\/wp-content\\\/uploads\\\/2023\\\/02\\\/GlasWunderLogo.webp\",\"width\":500,\"height\":486,\"caption\":\"Glaswunder\"},\"image\":{\"@id\":\"https:\\\/\\\/staging.glaswunder.eu\\\/#\\\/schema\\\/logo\\\/image\\\/\"}}]}<\/script>\n<!-- \/ Yoast SEO plugin. -->","yoast_head_json":{"title":"\"snow princess\" - 8cm - Glaswunder","description":"Mundgeblasen, handbemalt und in Deutschland gefertigt: Diese Christbaumkugel aus Glas verk\u00f6rpert echtes traditionelles Handwerk.","robots":{"index":"noindex","follow":"follow","max-snippet":"max-snippet:-1","max-image-preview":"max-image-preview:large","max-video-preview":"max-video-preview:-1"},"og_locale":"en_US","og_type":"article","og_title":"\"snow princess\" - 8cm - Glaswunder","og_description":"Mundgeblasen, handbemalt und in Deutschland gefertigt: Diese Christbaumkugel aus Glas verk\u00f6rpert echtes traditionelles Handwerk.","og_url":"https:\/\/staging.glaswunder.eu\/en\/shop\/snow-princess-8cm\/","og_site_name":"Glaswunder","article_modified_time":"2026-04-02T14:06:17+00:00","og_image":[{"width":1500,"height":1500,"url":"https:\/\/staging.glaswunder.eu\/wp-content\/uploads\/2025\/11\/4262381711203.png","type":"image\/png"}],"twitter_card":"summary_large_image","twitter_misc":{"Est. reading time":"1 minute"},"schema":{"@context":"https:\/\/schema.org","@graph":[{"@type":"WebPage","@id":"https:\/\/staging.glaswunder.eu\/shop\/snow-princess-8cm\/","url":"https:\/\/staging.glaswunder.eu\/shop\/snow-princess-8cm\/","name":"\"snow princess\" - 8cm - Glaswunder","isPartOf":{"@id":"https:\/\/staging.glaswunder.eu\/#website"},"primaryImageOfPage":{"@id":"https:\/\/staging.glaswunder.eu\/shop\/snow-princess-8cm\/#primaryimage"},"image":{"@id":"https:\/\/staging.glaswunder.eu\/shop\/snow-princess-8cm\/#primaryimage"},"thumbnailUrl":"https:\/\/staging.glaswunder.eu\/wp-content\/uploads\/2025\/11\/4262381711203.png","datePublished":"2025-11-15T15:56:12+00:00","dateModified":"2026-04-02T14:06:17+00:00","description":"Mundgeblasen, handbemalt und in Deutschland gefertigt: Diese Christbaumkugel aus Glas verk\u00f6rpert echtes traditionelles Handwerk.","breadcrumb":{"@id":"https:\/\/staging.glaswunder.eu\/shop\/snow-princess-8cm\/#breadcrumb"},"inLanguage":"en-US","potentialAction":[{"@type":"ReadAction","target":["https:\/\/staging.glaswunder.eu\/shop\/snow-princess-8cm\/"]}]},{"@type":"ImageObject","inLanguage":"en-US","@id":"https:\/\/staging.glaswunder.eu\/shop\/snow-princess-8cm\/#primaryimage","url":"https:\/\/staging.glaswunder.eu\/wp-content\/uploads\/2025\/11\/4262381711203.png","contentUrl":"https:\/\/staging.glaswunder.eu\/wp-content\/uploads\/2025\/11\/4262381711203.png","width":1500,"height":1500},{"@type":"BreadcrumbList","@id":"https:\/\/staging.glaswunder.eu\/shop\/snow-princess-8cm\/#breadcrumb","itemListElement":[{"@type":"ListItem","position":1,"name":"Startseite","item":"https:\/\/staging.glaswunder.eu\/"},{"@type":"ListItem","position":2,"name":"Shop","item":"https:\/\/staging.glaswunder.eu\/shop\/"},{"@type":"ListItem","position":3,"name":"&#8222;snow princess&#8220; &#8211; 8cm"}]},{"@type":"WebSite","@id":"https:\/\/staging.glaswunder.eu\/#website","url":"https:\/\/staging.glaswunder.eu\/","name":"Glaswunder","description":"Exklusive Christbaumkugeln, Weihnachtkugeln, Christbaumschmuck und mehr.","publisher":{"@id":"https:\/\/staging.glaswunder.eu\/#organization"},"potentialAction":[{"@type":"SearchAction","target":{"@type":"EntryPoint","urlTemplate":"https:\/\/staging.glaswunder.eu\/?s={search_term_string}"},"query-input":{"@type":"PropertyValueSpecification","valueRequired":true,"valueName":"search_term_string"}}],"inLanguage":"en-US"},{"@type":"Organization","@id":"https:\/\/staging.glaswunder.eu\/#organization","name":"Glaswunder","url":"https:\/\/staging.glaswunder.eu\/","logo":{"@type":"ImageObject","inLanguage":"en-US","@id":"https:\/\/staging.glaswunder.eu\/#\/schema\/logo\/image\/","url":"https:\/\/staging.glaswunder.eu\/wp-content\/uploads\/2023\/02\/GlasWunderLogo.webp","contentUrl":"https:\/\/staging.glaswunder.eu\/wp-content\/uploads\/2023\/02\/GlasWunderLogo.webp","width":500,"height":486,"caption":"Glaswunder"},"image":{"@id":"https:\/\/staging.glaswunder.eu\/#\/schema\/logo\/image\/"}}]}},"_links":{"self":[{"href":"https:\/\/staging.glaswunder.eu\/en\/wp-json\/wp\/v2\/product\/4485","targetHints":{"allow":["GET"]}}],"collection":[{"href":"https:\/\/staging.glaswunder.eu\/en\/wp-json\/wp\/v2\/product"}],"about":[{"href":"https:\/\/staging.glaswunder.eu\/en\/wp-json\/wp\/v2\/types\/product"}],"version-history":[{"count":3,"href":"https:\/\/staging.glaswunder.eu\/en\/wp-json\/wp\/v2\/product\/4485\/revisions"}],"predecessor-version":[{"id":4754,"href":"https:\/\/staging.glaswunder.eu\/en\/wp-json\/wp\/v2\/product\/4485\/revisions\/4754"}],"wp:featuredmedia":[{"embeddable":true,"href":"https:\/\/staging.glaswunder.eu\/en\/wp-json\/wp\/v2\/media\/5139"}],"wp:attachment":[{"href":"https:\/\/staging.glaswunder.eu\/en\/wp-json\/wp\/v2\/media?parent=4485"}],"wp:term":[{"taxonomy":"product_brand","embeddable":true,"href":"https:\/\/staging.glaswunder.eu\/en\/wp-json\/wp\/v2\/product_brand?post=4485"},{"taxonomy":"product_cat","embeddable":true,"href":"https:\/\/staging.glaswunder.eu\/en\/wp-json\/wp\/v2\/product_cat?post=4485"},{"taxonomy":"product_tag","embeddable":true,"href":"https:\/\/staging.glaswunder.eu\/en\/wp-json\/wp\/v2\/product_tag?post=4485"}],"curies":[{"name":"wp","href":"https:\/\/api.w.org\/{rel}","templated":true}]}}