{"id":4486,"date":"2025-11-15T15:56:13","date_gmt":"2025-11-15T15:56:13","guid":{"rendered":"https:\/\/glaswunder.eu\/shop\/snow-princess-glocke\/"},"modified":"2026-04-17T12:02:39","modified_gmt":"2026-04-17T10:02:39","slug":"snow-princess-glocke","status":"publish","type":"product","link":"https:\/\/staging.glaswunder.eu\/en\/shop\/snow-princess-glocke\/","title":{"rendered":"&#8222;snow princess&#8220; &#8211; Glocke"},"content":{"rendered":"<p>Diese elegante Weihnachtsglocke aus mundgeblasenem Glas vereint traditionelle Handwerkskunst mit festlichem Glanz. Jede Glocke wird von Hand bemalt, wodurch jedes St\u00fcck zu einem einzigartigen Kunstwerk wird. Der zarte, matte Rosaton verleiht der Glocke eine edle, sanfte Ausstrahlung. Verziert mit einem kunstvollen Icing-Design und Silber glitzernden Ornamenten, entsteht ein zauberhaft winterlicher Look, der Licht und Glanz perfekt einf\u00e4ngt. Auf beiden Seiten der Glocke zieren tropfenf\u00f6rmige Akzente in einem gl\u00e4nzenden Rot, umrahmt von feinem Silberglitter \u2013 ein harmonisches Zusammenspiel aus W\u00e4rme und Eleganz, das an funkelnde Weihnachtsmomente erinnert. Unser Set besteht aus 2 mundgeblasenen Glocken aus Glas. Sie sind 5 cm gro\u00df, von Hand verziert und in Deutschland hergestellt. Durch ihre hochwertige Verarbeitung sind sie besonders langlebig und Pflegeleicht. Unser Weihnachtsschmuck ist nur f\u00fcr den Gebrauch im Innenbereich vorgesehen.<\/p>","protected":false},"excerpt":{"rendered":"<p>Dieses Set besteht aus zwei 5 cm gro\u00dfen Glocken aus glas. Sie schimmern in einem matten Rosaton, verziert mit einem kunstvollen Icing-Design und Silber glitzernden Ornamenten. Ein zus\u00e4tzliches Highlight sind die beiden gl\u00e4nzenden roten Tropfen die ebenfalls mit einem Silberglitzer ummantelt werden.<\/p>","protected":false},"featured_media":5057,"template":"","meta":{"_acf_changed":false},"product_brand":[112],"product_cat":[15,87,95,51],"product_tag":[110,101,106,105,103,107,102],"class_list":{"0":"post-4486","1":"product","2":"type-product","3":"status-publish","4":"has-post-thumbnail","6":"product_brand-glaswunder","7":"product_cat-alle-produkte","8":"product_cat-christbaumschmuck","9":"product_cat-glocken","10":"product_cat-magic_dreams","11":"product_tag-christbaumschmuck-aus-deutschland","12":"product_tag-christbaumschmuck","13":"product_tag-edler-weihnachtsschmuck","14":"product_tag-geschenkidee-weihnachten-deko","15":"product_tag-handgemachter-christbaumschmuck","16":"product_tag-nachhaltiger-weihnachtsschmuck","17":"product_tag-weihnachtsschmuck","19":"first","20":"instock","21":"taxable","22":"shipping-taxable","23":"purchasable","24":"product-type-simple"},"acf":[],"yoast_head":"<!-- This site is optimized with the Yoast SEO plugin v27.3 - https:\/\/yoast.com\/product\/yoast-seo-wordpress\/ -->\n<title>&quot;snow princess&quot; - Glocke - Glaswunder<\/title>\n<meta name=\"description\" content=\"Dieser in Deutschland hergestellte, mundgeblasene und handbemalte Christbaumschmuck ist ein hochwertiges Beispiel traditioneller Handwerkskunst.\" \/>\n<meta name=\"robots\" content=\"noindex, follow, max-snippet:-1, max-image-preview:large, max-video-preview:-1\" \/>\n<meta property=\"og:locale\" content=\"en_US\" \/>\n<meta property=\"og:type\" content=\"article\" \/>\n<meta property=\"og:title\" content=\"&quot;snow princess&quot; - Glocke - Glaswunder\" \/>\n<meta property=\"og:description\" content=\"Dieser in Deutschland hergestellte, mundgeblasene und handbemalte Christbaumschmuck ist ein hochwertiges Beispiel traditioneller Handwerkskunst.\" \/>\n<meta property=\"og:url\" content=\"https:\/\/staging.glaswunder.eu\/en\/shop\/snow-princess-glocke\/\" \/>\n<meta property=\"og:site_name\" content=\"Glaswunder\" \/>\n<meta property=\"article:modified_time\" content=\"2026-04-17T10:02:39+00:00\" \/>\n<meta property=\"og:image\" content=\"https:\/\/staging.glaswunder.eu\/wp-content\/uploads\/2026\/02\/snow-princess-glocke-4262381711210-set.webp\" \/>\n\t<meta property=\"og:image:width\" content=\"1500\" \/>\n\t<meta property=\"og:image:height\" content=\"1500\" \/>\n\t<meta property=\"og:image:type\" content=\"image\/webp\" \/>\n<meta name=\"twitter:card\" content=\"summary_large_image\" \/>\n<meta name=\"twitter:label1\" content=\"Est. reading time\" \/>\n\t<meta name=\"twitter:data1\" content=\"1 minute\" \/>\n<script type=\"application\/ld+json\" class=\"yoast-schema-graph\">{\"@context\":\"https:\\\/\\\/schema.org\",\"@graph\":[{\"@type\":\"WebPage\",\"@id\":\"https:\\\/\\\/staging.glaswunder.eu\\\/shop\\\/snow-princess-glocke\\\/\",\"url\":\"https:\\\/\\\/staging.glaswunder.eu\\\/shop\\\/snow-princess-glocke\\\/\",\"name\":\"\\\"snow princess\\\" - Glocke - Glaswunder\",\"isPartOf\":{\"@id\":\"https:\\\/\\\/staging.glaswunder.eu\\\/#website\"},\"primaryImageOfPage\":{\"@id\":\"https:\\\/\\\/staging.glaswunder.eu\\\/shop\\\/snow-princess-glocke\\\/#primaryimage\"},\"image\":{\"@id\":\"https:\\\/\\\/staging.glaswunder.eu\\\/shop\\\/snow-princess-glocke\\\/#primaryimage\"},\"thumbnailUrl\":\"https:\\\/\\\/staging.glaswunder.eu\\\/wp-content\\\/uploads\\\/2026\\\/02\\\/snow-princess-glocke-4262381711210-set.webp\",\"datePublished\":\"2025-11-15T15:56:13+00:00\",\"dateModified\":\"2026-04-17T10:02:39+00:00\",\"description\":\"Dieser in Deutschland hergestellte, mundgeblasene und handbemalte Christbaumschmuck ist ein hochwertiges Beispiel traditioneller Handwerkskunst.\",\"breadcrumb\":{\"@id\":\"https:\\\/\\\/staging.glaswunder.eu\\\/shop\\\/snow-princess-glocke\\\/#breadcrumb\"},\"inLanguage\":\"en-US\",\"potentialAction\":[{\"@type\":\"ReadAction\",\"target\":[\"https:\\\/\\\/staging.glaswunder.eu\\\/shop\\\/snow-princess-glocke\\\/\"]}]},{\"@type\":\"ImageObject\",\"inLanguage\":\"en-US\",\"@id\":\"https:\\\/\\\/staging.glaswunder.eu\\\/shop\\\/snow-princess-glocke\\\/#primaryimage\",\"url\":\"https:\\\/\\\/staging.glaswunder.eu\\\/wp-content\\\/uploads\\\/2026\\\/02\\\/snow-princess-glocke-4262381711210-set.webp\",\"contentUrl\":\"https:\\\/\\\/staging.glaswunder.eu\\\/wp-content\\\/uploads\\\/2026\\\/02\\\/snow-princess-glocke-4262381711210-set.webp\",\"width\":1500,\"height\":1500},{\"@type\":\"BreadcrumbList\",\"@id\":\"https:\\\/\\\/staging.glaswunder.eu\\\/shop\\\/snow-princess-glocke\\\/#breadcrumb\",\"itemListElement\":[{\"@type\":\"ListItem\",\"position\":1,\"name\":\"Startseite\",\"item\":\"https:\\\/\\\/staging.glaswunder.eu\\\/\"},{\"@type\":\"ListItem\",\"position\":2,\"name\":\"Shop\",\"item\":\"https:\\\/\\\/staging.glaswunder.eu\\\/shop\\\/\"},{\"@type\":\"ListItem\",\"position\":3,\"name\":\"&#8222;snow princess&#8220; &#8211; Glocke\"}]},{\"@type\":\"WebSite\",\"@id\":\"https:\\\/\\\/staging.glaswunder.eu\\\/#website\",\"url\":\"https:\\\/\\\/staging.glaswunder.eu\\\/\",\"name\":\"Glaswunder\",\"description\":\"Exklusive Christbaumkugeln, Weihnachtkugeln, Christbaumschmuck und mehr.\",\"publisher\":{\"@id\":\"https:\\\/\\\/staging.glaswunder.eu\\\/#organization\"},\"potentialAction\":[{\"@type\":\"SearchAction\",\"target\":{\"@type\":\"EntryPoint\",\"urlTemplate\":\"https:\\\/\\\/staging.glaswunder.eu\\\/?s={search_term_string}\"},\"query-input\":{\"@type\":\"PropertyValueSpecification\",\"valueRequired\":true,\"valueName\":\"search_term_string\"}}],\"inLanguage\":\"en-US\"},{\"@type\":\"Organization\",\"@id\":\"https:\\\/\\\/staging.glaswunder.eu\\\/#organization\",\"name\":\"Glaswunder\",\"url\":\"https:\\\/\\\/staging.glaswunder.eu\\\/\",\"logo\":{\"@type\":\"ImageObject\",\"inLanguage\":\"en-US\",\"@id\":\"https:\\\/\\\/staging.glaswunder.eu\\\/#\\\/schema\\\/logo\\\/image\\\/\",\"url\":\"https:\\\/\\\/staging.glaswunder.eu\\\/wp-content\\\/uploads\\\/2023\\\/02\\\/GlasWunderLogo.webp\",\"contentUrl\":\"https:\\\/\\\/staging.glaswunder.eu\\\/wp-content\\\/uploads\\\/2023\\\/02\\\/GlasWunderLogo.webp\",\"width\":500,\"height\":486,\"caption\":\"Glaswunder\"},\"image\":{\"@id\":\"https:\\\/\\\/staging.glaswunder.eu\\\/#\\\/schema\\\/logo\\\/image\\\/\"}}]}<\/script>\n<!-- \/ Yoast SEO plugin. -->","yoast_head_json":{"title":"\"snow princess\" - Glocke - Glaswunder","description":"Dieser in Deutschland hergestellte, mundgeblasene und handbemalte Christbaumschmuck ist ein hochwertiges Beispiel traditioneller Handwerkskunst.","robots":{"index":"noindex","follow":"follow","max-snippet":"max-snippet:-1","max-image-preview":"max-image-preview:large","max-video-preview":"max-video-preview:-1"},"og_locale":"en_US","og_type":"article","og_title":"\"snow princess\" - Glocke - Glaswunder","og_description":"Dieser in Deutschland hergestellte, mundgeblasene und handbemalte Christbaumschmuck ist ein hochwertiges Beispiel traditioneller Handwerkskunst.","og_url":"https:\/\/staging.glaswunder.eu\/en\/shop\/snow-princess-glocke\/","og_site_name":"Glaswunder","article_modified_time":"2026-04-17T10:02:39+00:00","og_image":[{"width":1500,"height":1500,"url":"https:\/\/staging.glaswunder.eu\/wp-content\/uploads\/2026\/02\/snow-princess-glocke-4262381711210-set.webp","type":"image\/webp"}],"twitter_card":"summary_large_image","twitter_misc":{"Est. reading time":"1 minute"},"schema":{"@context":"https:\/\/schema.org","@graph":[{"@type":"WebPage","@id":"https:\/\/staging.glaswunder.eu\/shop\/snow-princess-glocke\/","url":"https:\/\/staging.glaswunder.eu\/shop\/snow-princess-glocke\/","name":"\"snow princess\" - Glocke - Glaswunder","isPartOf":{"@id":"https:\/\/staging.glaswunder.eu\/#website"},"primaryImageOfPage":{"@id":"https:\/\/staging.glaswunder.eu\/shop\/snow-princess-glocke\/#primaryimage"},"image":{"@id":"https:\/\/staging.glaswunder.eu\/shop\/snow-princess-glocke\/#primaryimage"},"thumbnailUrl":"https:\/\/staging.glaswunder.eu\/wp-content\/uploads\/2026\/02\/snow-princess-glocke-4262381711210-set.webp","datePublished":"2025-11-15T15:56:13+00:00","dateModified":"2026-04-17T10:02:39+00:00","description":"Dieser in Deutschland hergestellte, mundgeblasene und handbemalte Christbaumschmuck ist ein hochwertiges Beispiel traditioneller Handwerkskunst.","breadcrumb":{"@id":"https:\/\/staging.glaswunder.eu\/shop\/snow-princess-glocke\/#breadcrumb"},"inLanguage":"en-US","potentialAction":[{"@type":"ReadAction","target":["https:\/\/staging.glaswunder.eu\/shop\/snow-princess-glocke\/"]}]},{"@type":"ImageObject","inLanguage":"en-US","@id":"https:\/\/staging.glaswunder.eu\/shop\/snow-princess-glocke\/#primaryimage","url":"https:\/\/staging.glaswunder.eu\/wp-content\/uploads\/2026\/02\/snow-princess-glocke-4262381711210-set.webp","contentUrl":"https:\/\/staging.glaswunder.eu\/wp-content\/uploads\/2026\/02\/snow-princess-glocke-4262381711210-set.webp","width":1500,"height":1500},{"@type":"BreadcrumbList","@id":"https:\/\/staging.glaswunder.eu\/shop\/snow-princess-glocke\/#breadcrumb","itemListElement":[{"@type":"ListItem","position":1,"name":"Startseite","item":"https:\/\/staging.glaswunder.eu\/"},{"@type":"ListItem","position":2,"name":"Shop","item":"https:\/\/staging.glaswunder.eu\/shop\/"},{"@type":"ListItem","position":3,"name":"&#8222;snow princess&#8220; &#8211; Glocke"}]},{"@type":"WebSite","@id":"https:\/\/staging.glaswunder.eu\/#website","url":"https:\/\/staging.glaswunder.eu\/","name":"Glaswunder","description":"Exklusive Christbaumkugeln, Weihnachtkugeln, Christbaumschmuck und mehr.","publisher":{"@id":"https:\/\/staging.glaswunder.eu\/#organization"},"potentialAction":[{"@type":"SearchAction","target":{"@type":"EntryPoint","urlTemplate":"https:\/\/staging.glaswunder.eu\/?s={search_term_string}"},"query-input":{"@type":"PropertyValueSpecification","valueRequired":true,"valueName":"search_term_string"}}],"inLanguage":"en-US"},{"@type":"Organization","@id":"https:\/\/staging.glaswunder.eu\/#organization","name":"Glaswunder","url":"https:\/\/staging.glaswunder.eu\/","logo":{"@type":"ImageObject","inLanguage":"en-US","@id":"https:\/\/staging.glaswunder.eu\/#\/schema\/logo\/image\/","url":"https:\/\/staging.glaswunder.eu\/wp-content\/uploads\/2023\/02\/GlasWunderLogo.webp","contentUrl":"https:\/\/staging.glaswunder.eu\/wp-content\/uploads\/2023\/02\/GlasWunderLogo.webp","width":500,"height":486,"caption":"Glaswunder"},"image":{"@id":"https:\/\/staging.glaswunder.eu\/#\/schema\/logo\/image\/"}}]}},"_links":{"self":[{"href":"https:\/\/staging.glaswunder.eu\/en\/wp-json\/wp\/v2\/product\/4486","targetHints":{"allow":["GET"]}}],"collection":[{"href":"https:\/\/staging.glaswunder.eu\/en\/wp-json\/wp\/v2\/product"}],"about":[{"href":"https:\/\/staging.glaswunder.eu\/en\/wp-json\/wp\/v2\/types\/product"}],"version-history":[{"count":4,"href":"https:\/\/staging.glaswunder.eu\/en\/wp-json\/wp\/v2\/product\/4486\/revisions"}],"predecessor-version":[{"id":5069,"href":"https:\/\/staging.glaswunder.eu\/en\/wp-json\/wp\/v2\/product\/4486\/revisions\/5069"}],"wp:featuredmedia":[{"embeddable":true,"href":"https:\/\/staging.glaswunder.eu\/en\/wp-json\/wp\/v2\/media\/5057"}],"wp:attachment":[{"href":"https:\/\/staging.glaswunder.eu\/en\/wp-json\/wp\/v2\/media?parent=4486"}],"wp:term":[{"taxonomy":"product_brand","embeddable":true,"href":"https:\/\/staging.glaswunder.eu\/en\/wp-json\/wp\/v2\/product_brand?post=4486"},{"taxonomy":"product_cat","embeddable":true,"href":"https:\/\/staging.glaswunder.eu\/en\/wp-json\/wp\/v2\/product_cat?post=4486"},{"taxonomy":"product_tag","embeddable":true,"href":"https:\/\/staging.glaswunder.eu\/en\/wp-json\/wp\/v2\/product_tag?post=4486"}],"curies":[{"name":"wp","href":"https:\/\/api.w.org\/{rel}","templated":true}]}}