{"id":4487,"date":"2025-11-15T15:56:13","date_gmt":"2025-11-15T15:56:13","guid":{"rendered":"https:\/\/glaswunder.eu\/shop\/snow-princess-spitze\/"},"modified":"2026-04-16T12:09:19","modified_gmt":"2026-04-16T10:09:19","slug":"snow-princess-spitze","status":"publish","type":"product","link":"https:\/\/staging.glaswunder.eu\/en\/shop\/snow-princess-spitze\/","title":{"rendered":"&#8222;snow princess&#8220; &#8211; Spitze"},"content":{"rendered":"<p>Diese edle Weihnachtsbaumspitze ist das glanzvolle Highlight jeder festlichen Dekoration. Mundgeblasen und von Hand bemalt, vereint sie traditionelle Glasbl\u00e4serkunst mit zeitloser Eleganz. Die Spitze zeigt sich in einem verspielten, matten Rosaton, geschm\u00fcckt mit einem kunstvollen Icing-Design und Silber glitzernden Ornamenten, die das Licht festlich reflektieren. Besonders auff\u00e4llig sind die zwei elegant geformten B\u00e4uche, die der Spitze eine harmonische Silhouette und au\u00dfergew\u00f6hnliche Tiefe verleihen. Links und rechts schm\u00fccken tropfenf\u00f6rmige Akzente in gl\u00e4nzendem Rot, eingerahmt von feinem Silberglitter \u2013 ein faszinierendes Zusammenspiel aus Glanz und Struktur. Die Spitze ist 31 cm gro\u00df, von Hand verziert und in Deutschland hergestellt. Durch ihre hochwertige Verarbeitung ist sie besonders langlebig und Pflegeleicht. Unser Weihnachtsschmuck ist nur f\u00fcr den Gebrauch im Innenbereich vorgesehen.<\/p>","protected":false},"excerpt":{"rendered":"<p>Diese Spitze aus Glas ist 31cm gro\u00df und hebt deinen Weihnachtsbaum ganz besonders hervor. Mit Ihrem zarten matten Rosafarbton und dem besonderen Icing-Design ist es ein toller Hingucker. Hinzu kommen die auff\u00e4lligen Roten Tropfen an den Glasb\u00e4uchen. Ein tolles Unikat!<\/p>","protected":false},"featured_media":4991,"template":"","meta":{"_acf_changed":false},"product_brand":[112],"product_cat":[15,87,51,92],"product_tag":[110,101,106,105,107,102],"class_list":{"0":"post-4487","1":"product","2":"type-product","3":"status-publish","4":"has-post-thumbnail","6":"product_brand-glaswunder","7":"product_cat-alle-produkte","8":"product_cat-christbaumschmuck","9":"product_cat-magic_dreams","10":"product_cat-spitzen","11":"product_tag-christbaumschmuck-aus-deutschland","12":"product_tag-christbaumschmuck","13":"product_tag-edler-weihnachtsschmuck","14":"product_tag-geschenkidee-weihnachten-deko","15":"product_tag-nachhaltiger-weihnachtsschmuck","16":"product_tag-weihnachtsschmuck","18":"first","19":"instock","20":"taxable","21":"shipping-taxable","22":"purchasable","23":"product-type-simple"},"acf":[],"yoast_head":"<!-- This site is optimized with the Yoast SEO plugin v27.3 - https:\/\/yoast.com\/product\/yoast-seo-wordpress\/ -->\n<title>&quot;snow princess&quot; - Spitze - Glaswunder<\/title>\n<meta name=\"description\" content=\"Dieser mundgeblasene Christbaumschmuck aus Glas wird in Deutschland hergestellt und sorgf\u00e4ltig von Hand bemalt - ein Ausdruck gelebter Tradition.\" \/>\n<meta name=\"robots\" content=\"noindex, follow, max-snippet:-1, max-image-preview:large, max-video-preview:-1\" \/>\n<meta property=\"og:locale\" content=\"en_US\" \/>\n<meta property=\"og:type\" content=\"article\" \/>\n<meta property=\"og:title\" content=\"&quot;snow princess&quot; - Spitze - Glaswunder\" \/>\n<meta property=\"og:description\" content=\"Dieser mundgeblasene Christbaumschmuck aus Glas wird in Deutschland hergestellt und sorgf\u00e4ltig von Hand bemalt - ein Ausdruck gelebter Tradition.\" \/>\n<meta property=\"og:url\" content=\"https:\/\/staging.glaswunder.eu\/en\/shop\/snow-princess-spitze\/\" \/>\n<meta property=\"og:site_name\" content=\"Glaswunder\" \/>\n<meta property=\"article:modified_time\" content=\"2026-04-16T10:09:19+00:00\" \/>\n<meta property=\"og:image\" content=\"https:\/\/staging.glaswunder.eu\/wp-content\/uploads\/2026\/02\/snow-princess-spitze-4262381711227.webp\" \/>\n\t<meta property=\"og:image:width\" content=\"1500\" \/>\n\t<meta property=\"og:image:height\" content=\"1500\" \/>\n\t<meta property=\"og:image:type\" content=\"image\/webp\" \/>\n<meta name=\"twitter:card\" content=\"summary_large_image\" \/>\n<meta name=\"twitter:label1\" content=\"Est. reading time\" \/>\n\t<meta name=\"twitter:data1\" content=\"1 minute\" \/>\n<script type=\"application\/ld+json\" class=\"yoast-schema-graph\">{\"@context\":\"https:\\\/\\\/schema.org\",\"@graph\":[{\"@type\":\"WebPage\",\"@id\":\"https:\\\/\\\/staging.glaswunder.eu\\\/shop\\\/snow-princess-spitze\\\/\",\"url\":\"https:\\\/\\\/staging.glaswunder.eu\\\/shop\\\/snow-princess-spitze\\\/\",\"name\":\"\\\"snow princess\\\" - Spitze - Glaswunder\",\"isPartOf\":{\"@id\":\"https:\\\/\\\/staging.glaswunder.eu\\\/#website\"},\"primaryImageOfPage\":{\"@id\":\"https:\\\/\\\/staging.glaswunder.eu\\\/shop\\\/snow-princess-spitze\\\/#primaryimage\"},\"image\":{\"@id\":\"https:\\\/\\\/staging.glaswunder.eu\\\/shop\\\/snow-princess-spitze\\\/#primaryimage\"},\"thumbnailUrl\":\"https:\\\/\\\/staging.glaswunder.eu\\\/wp-content\\\/uploads\\\/2026\\\/02\\\/snow-princess-spitze-4262381711227.webp\",\"datePublished\":\"2025-11-15T15:56:13+00:00\",\"dateModified\":\"2026-04-16T10:09:19+00:00\",\"description\":\"Dieser mundgeblasene Christbaumschmuck aus Glas wird in Deutschland hergestellt und sorgf\u00e4ltig von Hand bemalt - ein Ausdruck gelebter Tradition.\",\"breadcrumb\":{\"@id\":\"https:\\\/\\\/staging.glaswunder.eu\\\/shop\\\/snow-princess-spitze\\\/#breadcrumb\"},\"inLanguage\":\"en-US\",\"potentialAction\":[{\"@type\":\"ReadAction\",\"target\":[\"https:\\\/\\\/staging.glaswunder.eu\\\/shop\\\/snow-princess-spitze\\\/\"]}]},{\"@type\":\"ImageObject\",\"inLanguage\":\"en-US\",\"@id\":\"https:\\\/\\\/staging.glaswunder.eu\\\/shop\\\/snow-princess-spitze\\\/#primaryimage\",\"url\":\"https:\\\/\\\/staging.glaswunder.eu\\\/wp-content\\\/uploads\\\/2026\\\/02\\\/snow-princess-spitze-4262381711227.webp\",\"contentUrl\":\"https:\\\/\\\/staging.glaswunder.eu\\\/wp-content\\\/uploads\\\/2026\\\/02\\\/snow-princess-spitze-4262381711227.webp\",\"width\":1500,\"height\":1500},{\"@type\":\"BreadcrumbList\",\"@id\":\"https:\\\/\\\/staging.glaswunder.eu\\\/shop\\\/snow-princess-spitze\\\/#breadcrumb\",\"itemListElement\":[{\"@type\":\"ListItem\",\"position\":1,\"name\":\"Startseite\",\"item\":\"https:\\\/\\\/staging.glaswunder.eu\\\/\"},{\"@type\":\"ListItem\",\"position\":2,\"name\":\"Shop\",\"item\":\"https:\\\/\\\/staging.glaswunder.eu\\\/shop\\\/\"},{\"@type\":\"ListItem\",\"position\":3,\"name\":\"&#8222;snow princess&#8220; &#8211; Spitze\"}]},{\"@type\":\"WebSite\",\"@id\":\"https:\\\/\\\/staging.glaswunder.eu\\\/#website\",\"url\":\"https:\\\/\\\/staging.glaswunder.eu\\\/\",\"name\":\"Glaswunder\",\"description\":\"Exklusive Christbaumkugeln, Weihnachtkugeln, Christbaumschmuck und mehr.\",\"publisher\":{\"@id\":\"https:\\\/\\\/staging.glaswunder.eu\\\/#organization\"},\"potentialAction\":[{\"@type\":\"SearchAction\",\"target\":{\"@type\":\"EntryPoint\",\"urlTemplate\":\"https:\\\/\\\/staging.glaswunder.eu\\\/?s={search_term_string}\"},\"query-input\":{\"@type\":\"PropertyValueSpecification\",\"valueRequired\":true,\"valueName\":\"search_term_string\"}}],\"inLanguage\":\"en-US\"},{\"@type\":\"Organization\",\"@id\":\"https:\\\/\\\/staging.glaswunder.eu\\\/#organization\",\"name\":\"Glaswunder\",\"url\":\"https:\\\/\\\/staging.glaswunder.eu\\\/\",\"logo\":{\"@type\":\"ImageObject\",\"inLanguage\":\"en-US\",\"@id\":\"https:\\\/\\\/staging.glaswunder.eu\\\/#\\\/schema\\\/logo\\\/image\\\/\",\"url\":\"https:\\\/\\\/staging.glaswunder.eu\\\/wp-content\\\/uploads\\\/2023\\\/02\\\/GlasWunderLogo.webp\",\"contentUrl\":\"https:\\\/\\\/staging.glaswunder.eu\\\/wp-content\\\/uploads\\\/2023\\\/02\\\/GlasWunderLogo.webp\",\"width\":500,\"height\":486,\"caption\":\"Glaswunder\"},\"image\":{\"@id\":\"https:\\\/\\\/staging.glaswunder.eu\\\/#\\\/schema\\\/logo\\\/image\\\/\"}}]}<\/script>\n<!-- \/ Yoast SEO plugin. -->","yoast_head_json":{"title":"\"snow princess\" - Spitze - Glaswunder","description":"Dieser mundgeblasene Christbaumschmuck aus Glas wird in Deutschland hergestellt und sorgf\u00e4ltig von Hand bemalt - ein Ausdruck gelebter Tradition.","robots":{"index":"noindex","follow":"follow","max-snippet":"max-snippet:-1","max-image-preview":"max-image-preview:large","max-video-preview":"max-video-preview:-1"},"og_locale":"en_US","og_type":"article","og_title":"\"snow princess\" - Spitze - Glaswunder","og_description":"Dieser mundgeblasene Christbaumschmuck aus Glas wird in Deutschland hergestellt und sorgf\u00e4ltig von Hand bemalt - ein Ausdruck gelebter Tradition.","og_url":"https:\/\/staging.glaswunder.eu\/en\/shop\/snow-princess-spitze\/","og_site_name":"Glaswunder","article_modified_time":"2026-04-16T10:09:19+00:00","og_image":[{"width":1500,"height":1500,"url":"https:\/\/staging.glaswunder.eu\/wp-content\/uploads\/2026\/02\/snow-princess-spitze-4262381711227.webp","type":"image\/webp"}],"twitter_card":"summary_large_image","twitter_misc":{"Est. reading time":"1 minute"},"schema":{"@context":"https:\/\/schema.org","@graph":[{"@type":"WebPage","@id":"https:\/\/staging.glaswunder.eu\/shop\/snow-princess-spitze\/","url":"https:\/\/staging.glaswunder.eu\/shop\/snow-princess-spitze\/","name":"\"snow princess\" - Spitze - Glaswunder","isPartOf":{"@id":"https:\/\/staging.glaswunder.eu\/#website"},"primaryImageOfPage":{"@id":"https:\/\/staging.glaswunder.eu\/shop\/snow-princess-spitze\/#primaryimage"},"image":{"@id":"https:\/\/staging.glaswunder.eu\/shop\/snow-princess-spitze\/#primaryimage"},"thumbnailUrl":"https:\/\/staging.glaswunder.eu\/wp-content\/uploads\/2026\/02\/snow-princess-spitze-4262381711227.webp","datePublished":"2025-11-15T15:56:13+00:00","dateModified":"2026-04-16T10:09:19+00:00","description":"Dieser mundgeblasene Christbaumschmuck aus Glas wird in Deutschland hergestellt und sorgf\u00e4ltig von Hand bemalt - ein Ausdruck gelebter Tradition.","breadcrumb":{"@id":"https:\/\/staging.glaswunder.eu\/shop\/snow-princess-spitze\/#breadcrumb"},"inLanguage":"en-US","potentialAction":[{"@type":"ReadAction","target":["https:\/\/staging.glaswunder.eu\/shop\/snow-princess-spitze\/"]}]},{"@type":"ImageObject","inLanguage":"en-US","@id":"https:\/\/staging.glaswunder.eu\/shop\/snow-princess-spitze\/#primaryimage","url":"https:\/\/staging.glaswunder.eu\/wp-content\/uploads\/2026\/02\/snow-princess-spitze-4262381711227.webp","contentUrl":"https:\/\/staging.glaswunder.eu\/wp-content\/uploads\/2026\/02\/snow-princess-spitze-4262381711227.webp","width":1500,"height":1500},{"@type":"BreadcrumbList","@id":"https:\/\/staging.glaswunder.eu\/shop\/snow-princess-spitze\/#breadcrumb","itemListElement":[{"@type":"ListItem","position":1,"name":"Startseite","item":"https:\/\/staging.glaswunder.eu\/"},{"@type":"ListItem","position":2,"name":"Shop","item":"https:\/\/staging.glaswunder.eu\/shop\/"},{"@type":"ListItem","position":3,"name":"&#8222;snow princess&#8220; &#8211; Spitze"}]},{"@type":"WebSite","@id":"https:\/\/staging.glaswunder.eu\/#website","url":"https:\/\/staging.glaswunder.eu\/","name":"Glaswunder","description":"Exklusive Christbaumkugeln, Weihnachtkugeln, Christbaumschmuck und mehr.","publisher":{"@id":"https:\/\/staging.glaswunder.eu\/#organization"},"potentialAction":[{"@type":"SearchAction","target":{"@type":"EntryPoint","urlTemplate":"https:\/\/staging.glaswunder.eu\/?s={search_term_string}"},"query-input":{"@type":"PropertyValueSpecification","valueRequired":true,"valueName":"search_term_string"}}],"inLanguage":"en-US"},{"@type":"Organization","@id":"https:\/\/staging.glaswunder.eu\/#organization","name":"Glaswunder","url":"https:\/\/staging.glaswunder.eu\/","logo":{"@type":"ImageObject","inLanguage":"en-US","@id":"https:\/\/staging.glaswunder.eu\/#\/schema\/logo\/image\/","url":"https:\/\/staging.glaswunder.eu\/wp-content\/uploads\/2023\/02\/GlasWunderLogo.webp","contentUrl":"https:\/\/staging.glaswunder.eu\/wp-content\/uploads\/2023\/02\/GlasWunderLogo.webp","width":500,"height":486,"caption":"Glaswunder"},"image":{"@id":"https:\/\/staging.glaswunder.eu\/#\/schema\/logo\/image\/"}}]}},"_links":{"self":[{"href":"https:\/\/staging.glaswunder.eu\/en\/wp-json\/wp\/v2\/product\/4487","targetHints":{"allow":["GET"]}}],"collection":[{"href":"https:\/\/staging.glaswunder.eu\/en\/wp-json\/wp\/v2\/product"}],"about":[{"href":"https:\/\/staging.glaswunder.eu\/en\/wp-json\/wp\/v2\/types\/product"}],"version-history":[{"count":3,"href":"https:\/\/staging.glaswunder.eu\/en\/wp-json\/wp\/v2\/product\/4487\/revisions"}],"predecessor-version":[{"id":4752,"href":"https:\/\/staging.glaswunder.eu\/en\/wp-json\/wp\/v2\/product\/4487\/revisions\/4752"}],"wp:featuredmedia":[{"embeddable":true,"href":"https:\/\/staging.glaswunder.eu\/en\/wp-json\/wp\/v2\/media\/4991"}],"wp:attachment":[{"href":"https:\/\/staging.glaswunder.eu\/en\/wp-json\/wp\/v2\/media?parent=4487"}],"wp:term":[{"taxonomy":"product_brand","embeddable":true,"href":"https:\/\/staging.glaswunder.eu\/en\/wp-json\/wp\/v2\/product_brand?post=4487"},{"taxonomy":"product_cat","embeddable":true,"href":"https:\/\/staging.glaswunder.eu\/en\/wp-json\/wp\/v2\/product_cat?post=4487"},{"taxonomy":"product_tag","embeddable":true,"href":"https:\/\/staging.glaswunder.eu\/en\/wp-json\/wp\/v2\/product_tag?post=4487"}],"curies":[{"name":"wp","href":"https:\/\/api.w.org\/{rel}","templated":true}]}}