{"id":4488,"date":"2025-11-15T15:56:13","date_gmt":"2025-11-15T15:56:13","guid":{"rendered":"https:\/\/glaswunder.eu\/shop\/mistletoe-6cm\/"},"modified":"2026-04-02T16:04:27","modified_gmt":"2026-04-02T14:04:27","slug":"mistletoe-6cm","status":"publish","type":"product","link":"https:\/\/staging.glaswunder.eu\/en\/shop\/mistletoe-6cm\/","title":{"rendered":"&#8222;mistletoe&#8220; &#8211; 6cm"},"content":{"rendered":"<p>Diese edlen Weihnachtskugeln vereinen schlichte Sch\u00f6nheit und festlichen Glanz auf ganz besondere Weise. Die Kugeln sind zweifarbig gestaltet \u2013 der untere Teil erstrahlt in einem gl\u00e4nzenden Silber, w\u00e4hrend der obere Bereich in einem zarten, matten Silbergrau gehalten ist. Getrennt werden die beiden Fl\u00e4chen durch eine feine, waagerechte Ranke, deren gr\u00fcn und wei\u00df schimmernde Bl\u00e4tter an winterliche Zweige erinnern. Das dezente Farbspiel verleiht den Kugeln eine nat\u00fcrliche Leichtigkeit und sorgt gleichzeitig f\u00fcr eine festliche Ausstrahlung. Sie fallen positiv mit Ihrer Helligkeit am Christbaum auf und sind f\u00fcr alle ein ganz besonderer Hingucker. Unser Set besteht aus 6 mundgeblasenen Kugeln aus Glas. Sie sind 6 cm gro\u00df, von Hand verziert und in Deutschland hergestellt. Durch ihre hochwertige Verarbeitung sind sie besonders langlebig und Pflegeleicht. Unsere Weihnachtskugeln sind nur f\u00fcr den Gebrauch im Innenbereich vorgesehen.<\/p>","protected":false},"excerpt":{"rendered":"<p>Dieses Set besteht aus 6 Kugeln \u00e1 6cm. Die Kugeln zeigen eine zweifarbige Gestaltung: Unten gl\u00e4nzen sie in strahlendem Silber, w\u00e4hrend der obere Bereich in einem freundlichen, matten Silbergrau gehalten ist. Eine feinbesaitete, waagerechte Ranke trennt die beiden Fl\u00e4chen voneinander. Ihre gr\u00fcn-wei\u00dfen, schimmernden Bl\u00e4tter erinnern an winterliche Mistelzweigen.<\/p>","protected":false},"featured_media":4640,"template":"","meta":{"_acf_changed":false},"product_brand":[112],"product_cat":[15,87,35,114,41],"product_tag":[110,101,106,105,103,102],"class_list":{"0":"post-4488","1":"product","2":"type-product","3":"status-publish","4":"has-post-thumbnail","6":"product_brand-glaswunder","7":"product_cat-alle-produkte","8":"product_cat-christbaumschmuck","9":"product_cat-classic-moments","10":"product_cat-kugeln","11":"product_cat-weihnachtskugeln-6cm","12":"product_tag-christbaumschmuck-aus-deutschland","13":"product_tag-christbaumschmuck","14":"product_tag-edler-weihnachtsschmuck","15":"product_tag-geschenkidee-weihnachten-deko","16":"product_tag-handgemachter-christbaumschmuck","17":"product_tag-weihnachtsschmuck","19":"first","20":"instock","21":"taxable","22":"shipping-taxable","23":"purchasable","24":"product-type-simple"},"acf":[],"yoast_head":"<!-- This site is optimized with the Yoast SEO plugin v27.3 - https:\/\/yoast.com\/product\/yoast-seo-wordpress\/ -->\n<title>&quot;mistletoe&quot; - 6cm - Glaswunder<\/title>\n<meta name=\"description\" content=\"Handbemalt, mundgeblasen und in Deutschland produziert \u2013 diese Christbaumkugel verbindet meisterliches K\u00f6nnen mit traditioneller Fertigung.\" \/>\n<meta name=\"robots\" content=\"noindex, follow, max-snippet:-1, max-image-preview:large, max-video-preview:-1\" \/>\n<meta property=\"og:locale\" content=\"en_US\" \/>\n<meta property=\"og:type\" content=\"article\" \/>\n<meta property=\"og:title\" content=\"&quot;mistletoe&quot; - 6cm - Glaswunder\" \/>\n<meta property=\"og:description\" content=\"Handbemalt, mundgeblasen und in Deutschland produziert \u2013 diese Christbaumkugel verbindet meisterliches K\u00f6nnen mit traditioneller Fertigung.\" \/>\n<meta property=\"og:url\" content=\"https:\/\/staging.glaswunder.eu\/en\/shop\/mistletoe-6cm\/\" \/>\n<meta property=\"og:site_name\" content=\"Glaswunder\" \/>\n<meta property=\"article:modified_time\" content=\"2026-04-02T14:04:27+00:00\" \/>\n<meta property=\"og:image\" content=\"https:\/\/staging.glaswunder.eu\/wp-content\/uploads\/2025\/11\/4262381711234-773x773.png\" \/>\n\t<meta property=\"og:image:width\" content=\"773\" \/>\n\t<meta property=\"og:image:height\" content=\"773\" \/>\n\t<meta property=\"og:image:type\" content=\"image\/png\" \/>\n<meta name=\"twitter:card\" content=\"summary_large_image\" \/>\n<meta name=\"twitter:label1\" content=\"Est. reading time\" \/>\n\t<meta name=\"twitter:data1\" content=\"1 minute\" \/>\n<script type=\"application\/ld+json\" class=\"yoast-schema-graph\">{\"@context\":\"https:\\\/\\\/schema.org\",\"@graph\":[{\"@type\":\"WebPage\",\"@id\":\"https:\\\/\\\/staging.glaswunder.eu\\\/shop\\\/mistletoe-6cm\\\/\",\"url\":\"https:\\\/\\\/staging.glaswunder.eu\\\/shop\\\/mistletoe-6cm\\\/\",\"name\":\"\\\"mistletoe\\\" - 6cm - Glaswunder\",\"isPartOf\":{\"@id\":\"https:\\\/\\\/staging.glaswunder.eu\\\/#website\"},\"primaryImageOfPage\":{\"@id\":\"https:\\\/\\\/staging.glaswunder.eu\\\/shop\\\/mistletoe-6cm\\\/#primaryimage\"},\"image\":{\"@id\":\"https:\\\/\\\/staging.glaswunder.eu\\\/shop\\\/mistletoe-6cm\\\/#primaryimage\"},\"thumbnailUrl\":\"https:\\\/\\\/staging.glaswunder.eu\\\/wp-content\\\/uploads\\\/2025\\\/11\\\/4262381711234.png\",\"datePublished\":\"2025-11-15T15:56:13+00:00\",\"dateModified\":\"2026-04-02T14:04:27+00:00\",\"description\":\"Handbemalt, mundgeblasen und in Deutschland produziert \u2013 diese Christbaumkugel verbindet meisterliches K\u00f6nnen mit traditioneller Fertigung.\",\"breadcrumb\":{\"@id\":\"https:\\\/\\\/staging.glaswunder.eu\\\/shop\\\/mistletoe-6cm\\\/#breadcrumb\"},\"inLanguage\":\"en-US\",\"potentialAction\":[{\"@type\":\"ReadAction\",\"target\":[\"https:\\\/\\\/staging.glaswunder.eu\\\/shop\\\/mistletoe-6cm\\\/\"]}]},{\"@type\":\"ImageObject\",\"inLanguage\":\"en-US\",\"@id\":\"https:\\\/\\\/staging.glaswunder.eu\\\/shop\\\/mistletoe-6cm\\\/#primaryimage\",\"url\":\"https:\\\/\\\/staging.glaswunder.eu\\\/wp-content\\\/uploads\\\/2025\\\/11\\\/4262381711234.png\",\"contentUrl\":\"https:\\\/\\\/staging.glaswunder.eu\\\/wp-content\\\/uploads\\\/2025\\\/11\\\/4262381711234.png\",\"width\":1920,\"height\":1920},{\"@type\":\"BreadcrumbList\",\"@id\":\"https:\\\/\\\/staging.glaswunder.eu\\\/shop\\\/mistletoe-6cm\\\/#breadcrumb\",\"itemListElement\":[{\"@type\":\"ListItem\",\"position\":1,\"name\":\"Startseite\",\"item\":\"https:\\\/\\\/staging.glaswunder.eu\\\/\"},{\"@type\":\"ListItem\",\"position\":2,\"name\":\"Shop\",\"item\":\"https:\\\/\\\/staging.glaswunder.eu\\\/shop\\\/\"},{\"@type\":\"ListItem\",\"position\":3,\"name\":\"&#8222;mistletoe&#8220; &#8211; 6cm\"}]},{\"@type\":\"WebSite\",\"@id\":\"https:\\\/\\\/staging.glaswunder.eu\\\/#website\",\"url\":\"https:\\\/\\\/staging.glaswunder.eu\\\/\",\"name\":\"Glaswunder\",\"description\":\"Exklusive Christbaumkugeln, Weihnachtkugeln, Christbaumschmuck und mehr.\",\"publisher\":{\"@id\":\"https:\\\/\\\/staging.glaswunder.eu\\\/#organization\"},\"potentialAction\":[{\"@type\":\"SearchAction\",\"target\":{\"@type\":\"EntryPoint\",\"urlTemplate\":\"https:\\\/\\\/staging.glaswunder.eu\\\/?s={search_term_string}\"},\"query-input\":{\"@type\":\"PropertyValueSpecification\",\"valueRequired\":true,\"valueName\":\"search_term_string\"}}],\"inLanguage\":\"en-US\"},{\"@type\":\"Organization\",\"@id\":\"https:\\\/\\\/staging.glaswunder.eu\\\/#organization\",\"name\":\"Glaswunder\",\"url\":\"https:\\\/\\\/staging.glaswunder.eu\\\/\",\"logo\":{\"@type\":\"ImageObject\",\"inLanguage\":\"en-US\",\"@id\":\"https:\\\/\\\/staging.glaswunder.eu\\\/#\\\/schema\\\/logo\\\/image\\\/\",\"url\":\"https:\\\/\\\/staging.glaswunder.eu\\\/wp-content\\\/uploads\\\/2023\\\/02\\\/GlasWunderLogo.webp\",\"contentUrl\":\"https:\\\/\\\/staging.glaswunder.eu\\\/wp-content\\\/uploads\\\/2023\\\/02\\\/GlasWunderLogo.webp\",\"width\":500,\"height\":486,\"caption\":\"Glaswunder\"},\"image\":{\"@id\":\"https:\\\/\\\/staging.glaswunder.eu\\\/#\\\/schema\\\/logo\\\/image\\\/\"}}]}<\/script>\n<!-- \/ Yoast SEO plugin. -->","yoast_head_json":{"title":"\"mistletoe\" - 6cm - Glaswunder","description":"Handbemalt, mundgeblasen und in Deutschland produziert \u2013 diese Christbaumkugel verbindet meisterliches K\u00f6nnen mit traditioneller Fertigung.","robots":{"index":"noindex","follow":"follow","max-snippet":"max-snippet:-1","max-image-preview":"max-image-preview:large","max-video-preview":"max-video-preview:-1"},"og_locale":"en_US","og_type":"article","og_title":"\"mistletoe\" - 6cm - Glaswunder","og_description":"Handbemalt, mundgeblasen und in Deutschland produziert \u2013 diese Christbaumkugel verbindet meisterliches K\u00f6nnen mit traditioneller Fertigung.","og_url":"https:\/\/staging.glaswunder.eu\/en\/shop\/mistletoe-6cm\/","og_site_name":"Glaswunder","article_modified_time":"2026-04-02T14:04:27+00:00","og_image":[{"width":773,"height":773,"url":"https:\/\/staging.glaswunder.eu\/wp-content\/uploads\/2025\/11\/4262381711234-773x773.png","type":"image\/png"}],"twitter_card":"summary_large_image","twitter_misc":{"Est. reading time":"1 minute"},"schema":{"@context":"https:\/\/schema.org","@graph":[{"@type":"WebPage","@id":"https:\/\/staging.glaswunder.eu\/shop\/mistletoe-6cm\/","url":"https:\/\/staging.glaswunder.eu\/shop\/mistletoe-6cm\/","name":"\"mistletoe\" - 6cm - Glaswunder","isPartOf":{"@id":"https:\/\/staging.glaswunder.eu\/#website"},"primaryImageOfPage":{"@id":"https:\/\/staging.glaswunder.eu\/shop\/mistletoe-6cm\/#primaryimage"},"image":{"@id":"https:\/\/staging.glaswunder.eu\/shop\/mistletoe-6cm\/#primaryimage"},"thumbnailUrl":"https:\/\/staging.glaswunder.eu\/wp-content\/uploads\/2025\/11\/4262381711234.png","datePublished":"2025-11-15T15:56:13+00:00","dateModified":"2026-04-02T14:04:27+00:00","description":"Handbemalt, mundgeblasen und in Deutschland produziert \u2013 diese Christbaumkugel verbindet meisterliches K\u00f6nnen mit traditioneller Fertigung.","breadcrumb":{"@id":"https:\/\/staging.glaswunder.eu\/shop\/mistletoe-6cm\/#breadcrumb"},"inLanguage":"en-US","potentialAction":[{"@type":"ReadAction","target":["https:\/\/staging.glaswunder.eu\/shop\/mistletoe-6cm\/"]}]},{"@type":"ImageObject","inLanguage":"en-US","@id":"https:\/\/staging.glaswunder.eu\/shop\/mistletoe-6cm\/#primaryimage","url":"https:\/\/staging.glaswunder.eu\/wp-content\/uploads\/2025\/11\/4262381711234.png","contentUrl":"https:\/\/staging.glaswunder.eu\/wp-content\/uploads\/2025\/11\/4262381711234.png","width":1920,"height":1920},{"@type":"BreadcrumbList","@id":"https:\/\/staging.glaswunder.eu\/shop\/mistletoe-6cm\/#breadcrumb","itemListElement":[{"@type":"ListItem","position":1,"name":"Startseite","item":"https:\/\/staging.glaswunder.eu\/"},{"@type":"ListItem","position":2,"name":"Shop","item":"https:\/\/staging.glaswunder.eu\/shop\/"},{"@type":"ListItem","position":3,"name":"&#8222;mistletoe&#8220; &#8211; 6cm"}]},{"@type":"WebSite","@id":"https:\/\/staging.glaswunder.eu\/#website","url":"https:\/\/staging.glaswunder.eu\/","name":"Glaswunder","description":"Exklusive Christbaumkugeln, Weihnachtkugeln, Christbaumschmuck und mehr.","publisher":{"@id":"https:\/\/staging.glaswunder.eu\/#organization"},"potentialAction":[{"@type":"SearchAction","target":{"@type":"EntryPoint","urlTemplate":"https:\/\/staging.glaswunder.eu\/?s={search_term_string}"},"query-input":{"@type":"PropertyValueSpecification","valueRequired":true,"valueName":"search_term_string"}}],"inLanguage":"en-US"},{"@type":"Organization","@id":"https:\/\/staging.glaswunder.eu\/#organization","name":"Glaswunder","url":"https:\/\/staging.glaswunder.eu\/","logo":{"@type":"ImageObject","inLanguage":"en-US","@id":"https:\/\/staging.glaswunder.eu\/#\/schema\/logo\/image\/","url":"https:\/\/staging.glaswunder.eu\/wp-content\/uploads\/2023\/02\/GlasWunderLogo.webp","contentUrl":"https:\/\/staging.glaswunder.eu\/wp-content\/uploads\/2023\/02\/GlasWunderLogo.webp","width":500,"height":486,"caption":"Glaswunder"},"image":{"@id":"https:\/\/staging.glaswunder.eu\/#\/schema\/logo\/image\/"}}]}},"_links":{"self":[{"href":"https:\/\/staging.glaswunder.eu\/en\/wp-json\/wp\/v2\/product\/4488","targetHints":{"allow":["GET"]}}],"collection":[{"href":"https:\/\/staging.glaswunder.eu\/en\/wp-json\/wp\/v2\/product"}],"about":[{"href":"https:\/\/staging.glaswunder.eu\/en\/wp-json\/wp\/v2\/types\/product"}],"version-history":[{"count":3,"href":"https:\/\/staging.glaswunder.eu\/en\/wp-json\/wp\/v2\/product\/4488\/revisions"}],"predecessor-version":[{"id":4850,"href":"https:\/\/staging.glaswunder.eu\/en\/wp-json\/wp\/v2\/product\/4488\/revisions\/4850"}],"wp:featuredmedia":[{"embeddable":true,"href":"https:\/\/staging.glaswunder.eu\/en\/wp-json\/wp\/v2\/media\/4640"}],"wp:attachment":[{"href":"https:\/\/staging.glaswunder.eu\/en\/wp-json\/wp\/v2\/media?parent=4488"}],"wp:term":[{"taxonomy":"product_brand","embeddable":true,"href":"https:\/\/staging.glaswunder.eu\/en\/wp-json\/wp\/v2\/product_brand?post=4488"},{"taxonomy":"product_cat","embeddable":true,"href":"https:\/\/staging.glaswunder.eu\/en\/wp-json\/wp\/v2\/product_cat?post=4488"},{"taxonomy":"product_tag","embeddable":true,"href":"https:\/\/staging.glaswunder.eu\/en\/wp-json\/wp\/v2\/product_tag?post=4488"}],"curies":[{"name":"wp","href":"https:\/\/api.w.org\/{rel}","templated":true}]}}