{"id":4491,"date":"2025-11-15T15:56:14","date_gmt":"2025-11-15T15:56:14","guid":{"rendered":"https:\/\/glaswunder.eu\/shop\/mistletoe-spitze\/"},"modified":"2026-04-16T12:07:43","modified_gmt":"2026-04-16T10:07:43","slug":"mistletoe-spitze","status":"publish","type":"product","link":"https:\/\/staging.glaswunder.eu\/en\/shop\/mistletoe-spitze\/","title":{"rendered":"&#8222;mistletoe&#8220; &#8211; Spitze"},"content":{"rendered":"<p>Diese festliche Christbaumspitze vollendet jeden Weihnachtsbaum mit purer Eleganz und feinem Stilgef\u00fchl. Die Spitze ist in einem wundersch\u00f6nen, gl\u00e4nzenden Silber gehalten und in einem zarten, matten Silbergrau. Die Spitze besteht aus zwei wohlgeformten B\u00e4uchen, die ihr eine klassische, zugleich au\u00dfergew\u00f6hnlich anmutige Silhouette verleihen. Ranken mit schimmernden Bl\u00e4ttern in Gr\u00fcn und Wei\u00df trenne die Oberfl\u00e4che in einem Waagerechten Stil und bringen einen Hauch von Natur in den festlichen Glanz des Silbers. Ob einzeln oder in Kombination mit den passenden Kugeln \u2013 diese Christbaumspitze setzt einen strahlenden Abschluss und l\u00e4sst den Baum in festlicher Ruhe und Harmonie erstrahlen. Die Spitze ist 31 cm gro\u00df, von Hand verziert und in Deutschland hergestellt. Durch ihre hochwertige Verarbeitung ist sie besonders langlebig und Pflegeleicht. Unser Weihnachtsschmuck ist nur f\u00fcr den Gebrauch im Innenbereich vorgesehen.<\/p>","protected":false},"excerpt":{"rendered":"<p>Diese Spitze ist 31cm gro\u00df. Sie pr\u00e4sentiert sich in einem strahlendem Silber sowie in einem feinem, mattem Silbergrau. Ihr zwei Glasb\u00e4uche sind von wundersch\u00f6nen Ranken und Mistelzweigen verziert.<\/p>","protected":false},"featured_media":4994,"template":"","meta":{"_acf_changed":false},"product_brand":[112],"product_cat":[15,87,35,92],"product_tag":[110,101,106,105,103,107,102],"class_list":{"0":"post-4491","1":"product","2":"type-product","3":"status-publish","4":"has-post-thumbnail","6":"product_brand-glaswunder","7":"product_cat-alle-produkte","8":"product_cat-christbaumschmuck","9":"product_cat-classic-moments","10":"product_cat-spitzen","11":"product_tag-christbaumschmuck-aus-deutschland","12":"product_tag-christbaumschmuck","13":"product_tag-edler-weihnachtsschmuck","14":"product_tag-geschenkidee-weihnachten-deko","15":"product_tag-handgemachter-christbaumschmuck","16":"product_tag-nachhaltiger-weihnachtsschmuck","17":"product_tag-weihnachtsschmuck","19":"first","20":"instock","21":"taxable","22":"shipping-taxable","23":"purchasable","24":"product-type-simple"},"acf":[],"yoast_head":"<!-- This site is optimized with the Yoast SEO plugin v27.3 - https:\/\/yoast.com\/product\/yoast-seo-wordpress\/ -->\n<title>&quot;mistletoe&quot; - Spitze - Glaswunder<\/title>\n<meta name=\"description\" content=\"Aus mundgeblasenem Glase gefertigt und sorgf\u00e4ltig von Hand veredelt, entsteht in Deutschland eine Christbaumspitze, die f\u00fcr echtes Handwerk steht.\" \/>\n<meta name=\"robots\" content=\"noindex, follow, max-snippet:-1, max-image-preview:large, max-video-preview:-1\" \/>\n<meta property=\"og:locale\" content=\"en_US\" \/>\n<meta property=\"og:type\" content=\"article\" \/>\n<meta property=\"og:title\" content=\"&quot;mistletoe&quot; - Spitze - Glaswunder\" \/>\n<meta property=\"og:description\" content=\"Aus mundgeblasenem Glase gefertigt und sorgf\u00e4ltig von Hand veredelt, entsteht in Deutschland eine Christbaumspitze, die f\u00fcr echtes Handwerk steht.\" \/>\n<meta property=\"og:url\" content=\"https:\/\/staging.glaswunder.eu\/en\/shop\/mistletoe-spitze\/\" \/>\n<meta property=\"og:site_name\" content=\"Glaswunder\" \/>\n<meta property=\"article:modified_time\" content=\"2026-04-16T10:07:43+00:00\" \/>\n<meta property=\"og:image\" content=\"https:\/\/staging.glaswunder.eu\/wp-content\/uploads\/2026\/02\/mistletoe-spitze-4262381711265.webp\" \/>\n\t<meta property=\"og:image:width\" content=\"1500\" \/>\n\t<meta property=\"og:image:height\" content=\"1499\" \/>\n\t<meta property=\"og:image:type\" content=\"image\/webp\" \/>\n<meta name=\"twitter:card\" content=\"summary_large_image\" \/>\n<meta name=\"twitter:label1\" content=\"Est. reading time\" \/>\n\t<meta name=\"twitter:data1\" content=\"1 minute\" \/>\n<script type=\"application\/ld+json\" class=\"yoast-schema-graph\">{\"@context\":\"https:\\\/\\\/schema.org\",\"@graph\":[{\"@type\":\"WebPage\",\"@id\":\"https:\\\/\\\/staging.glaswunder.eu\\\/shop\\\/mistletoe-spitze\\\/\",\"url\":\"https:\\\/\\\/staging.glaswunder.eu\\\/shop\\\/mistletoe-spitze\\\/\",\"name\":\"\\\"mistletoe\\\" - Spitze - Glaswunder\",\"isPartOf\":{\"@id\":\"https:\\\/\\\/staging.glaswunder.eu\\\/#website\"},\"primaryImageOfPage\":{\"@id\":\"https:\\\/\\\/staging.glaswunder.eu\\\/shop\\\/mistletoe-spitze\\\/#primaryimage\"},\"image\":{\"@id\":\"https:\\\/\\\/staging.glaswunder.eu\\\/shop\\\/mistletoe-spitze\\\/#primaryimage\"},\"thumbnailUrl\":\"https:\\\/\\\/staging.glaswunder.eu\\\/wp-content\\\/uploads\\\/2026\\\/02\\\/mistletoe-spitze-4262381711265.webp\",\"datePublished\":\"2025-11-15T15:56:14+00:00\",\"dateModified\":\"2026-04-16T10:07:43+00:00\",\"description\":\"Aus mundgeblasenem Glase gefertigt und sorgf\u00e4ltig von Hand veredelt, entsteht in Deutschland eine Christbaumspitze, die f\u00fcr echtes Handwerk steht.\",\"breadcrumb\":{\"@id\":\"https:\\\/\\\/staging.glaswunder.eu\\\/shop\\\/mistletoe-spitze\\\/#breadcrumb\"},\"inLanguage\":\"en-US\",\"potentialAction\":[{\"@type\":\"ReadAction\",\"target\":[\"https:\\\/\\\/staging.glaswunder.eu\\\/shop\\\/mistletoe-spitze\\\/\"]}]},{\"@type\":\"ImageObject\",\"inLanguage\":\"en-US\",\"@id\":\"https:\\\/\\\/staging.glaswunder.eu\\\/shop\\\/mistletoe-spitze\\\/#primaryimage\",\"url\":\"https:\\\/\\\/staging.glaswunder.eu\\\/wp-content\\\/uploads\\\/2026\\\/02\\\/mistletoe-spitze-4262381711265.webp\",\"contentUrl\":\"https:\\\/\\\/staging.glaswunder.eu\\\/wp-content\\\/uploads\\\/2026\\\/02\\\/mistletoe-spitze-4262381711265.webp\",\"width\":1500,\"height\":1499},{\"@type\":\"BreadcrumbList\",\"@id\":\"https:\\\/\\\/staging.glaswunder.eu\\\/shop\\\/mistletoe-spitze\\\/#breadcrumb\",\"itemListElement\":[{\"@type\":\"ListItem\",\"position\":1,\"name\":\"Startseite\",\"item\":\"https:\\\/\\\/staging.glaswunder.eu\\\/\"},{\"@type\":\"ListItem\",\"position\":2,\"name\":\"Shop\",\"item\":\"https:\\\/\\\/staging.glaswunder.eu\\\/shop\\\/\"},{\"@type\":\"ListItem\",\"position\":3,\"name\":\"&#8222;mistletoe&#8220; &#8211; Spitze\"}]},{\"@type\":\"WebSite\",\"@id\":\"https:\\\/\\\/staging.glaswunder.eu\\\/#website\",\"url\":\"https:\\\/\\\/staging.glaswunder.eu\\\/\",\"name\":\"Glaswunder\",\"description\":\"Exklusive Christbaumkugeln, Weihnachtkugeln, Christbaumschmuck und mehr.\",\"publisher\":{\"@id\":\"https:\\\/\\\/staging.glaswunder.eu\\\/#organization\"},\"potentialAction\":[{\"@type\":\"SearchAction\",\"target\":{\"@type\":\"EntryPoint\",\"urlTemplate\":\"https:\\\/\\\/staging.glaswunder.eu\\\/?s={search_term_string}\"},\"query-input\":{\"@type\":\"PropertyValueSpecification\",\"valueRequired\":true,\"valueName\":\"search_term_string\"}}],\"inLanguage\":\"en-US\"},{\"@type\":\"Organization\",\"@id\":\"https:\\\/\\\/staging.glaswunder.eu\\\/#organization\",\"name\":\"Glaswunder\",\"url\":\"https:\\\/\\\/staging.glaswunder.eu\\\/\",\"logo\":{\"@type\":\"ImageObject\",\"inLanguage\":\"en-US\",\"@id\":\"https:\\\/\\\/staging.glaswunder.eu\\\/#\\\/schema\\\/logo\\\/image\\\/\",\"url\":\"https:\\\/\\\/staging.glaswunder.eu\\\/wp-content\\\/uploads\\\/2023\\\/02\\\/GlasWunderLogo.webp\",\"contentUrl\":\"https:\\\/\\\/staging.glaswunder.eu\\\/wp-content\\\/uploads\\\/2023\\\/02\\\/GlasWunderLogo.webp\",\"width\":500,\"height\":486,\"caption\":\"Glaswunder\"},\"image\":{\"@id\":\"https:\\\/\\\/staging.glaswunder.eu\\\/#\\\/schema\\\/logo\\\/image\\\/\"}}]}<\/script>\n<!-- \/ Yoast SEO plugin. -->","yoast_head_json":{"title":"\"mistletoe\" - Spitze - Glaswunder","description":"Aus mundgeblasenem Glase gefertigt und sorgf\u00e4ltig von Hand veredelt, entsteht in Deutschland eine Christbaumspitze, die f\u00fcr echtes Handwerk steht.","robots":{"index":"noindex","follow":"follow","max-snippet":"max-snippet:-1","max-image-preview":"max-image-preview:large","max-video-preview":"max-video-preview:-1"},"og_locale":"en_US","og_type":"article","og_title":"\"mistletoe\" - Spitze - Glaswunder","og_description":"Aus mundgeblasenem Glase gefertigt und sorgf\u00e4ltig von Hand veredelt, entsteht in Deutschland eine Christbaumspitze, die f\u00fcr echtes Handwerk steht.","og_url":"https:\/\/staging.glaswunder.eu\/en\/shop\/mistletoe-spitze\/","og_site_name":"Glaswunder","article_modified_time":"2026-04-16T10:07:43+00:00","og_image":[{"width":1500,"height":1499,"url":"https:\/\/staging.glaswunder.eu\/wp-content\/uploads\/2026\/02\/mistletoe-spitze-4262381711265.webp","type":"image\/webp"}],"twitter_card":"summary_large_image","twitter_misc":{"Est. reading time":"1 minute"},"schema":{"@context":"https:\/\/schema.org","@graph":[{"@type":"WebPage","@id":"https:\/\/staging.glaswunder.eu\/shop\/mistletoe-spitze\/","url":"https:\/\/staging.glaswunder.eu\/shop\/mistletoe-spitze\/","name":"\"mistletoe\" - Spitze - Glaswunder","isPartOf":{"@id":"https:\/\/staging.glaswunder.eu\/#website"},"primaryImageOfPage":{"@id":"https:\/\/staging.glaswunder.eu\/shop\/mistletoe-spitze\/#primaryimage"},"image":{"@id":"https:\/\/staging.glaswunder.eu\/shop\/mistletoe-spitze\/#primaryimage"},"thumbnailUrl":"https:\/\/staging.glaswunder.eu\/wp-content\/uploads\/2026\/02\/mistletoe-spitze-4262381711265.webp","datePublished":"2025-11-15T15:56:14+00:00","dateModified":"2026-04-16T10:07:43+00:00","description":"Aus mundgeblasenem Glase gefertigt und sorgf\u00e4ltig von Hand veredelt, entsteht in Deutschland eine Christbaumspitze, die f\u00fcr echtes Handwerk steht.","breadcrumb":{"@id":"https:\/\/staging.glaswunder.eu\/shop\/mistletoe-spitze\/#breadcrumb"},"inLanguage":"en-US","potentialAction":[{"@type":"ReadAction","target":["https:\/\/staging.glaswunder.eu\/shop\/mistletoe-spitze\/"]}]},{"@type":"ImageObject","inLanguage":"en-US","@id":"https:\/\/staging.glaswunder.eu\/shop\/mistletoe-spitze\/#primaryimage","url":"https:\/\/staging.glaswunder.eu\/wp-content\/uploads\/2026\/02\/mistletoe-spitze-4262381711265.webp","contentUrl":"https:\/\/staging.glaswunder.eu\/wp-content\/uploads\/2026\/02\/mistletoe-spitze-4262381711265.webp","width":1500,"height":1499},{"@type":"BreadcrumbList","@id":"https:\/\/staging.glaswunder.eu\/shop\/mistletoe-spitze\/#breadcrumb","itemListElement":[{"@type":"ListItem","position":1,"name":"Startseite","item":"https:\/\/staging.glaswunder.eu\/"},{"@type":"ListItem","position":2,"name":"Shop","item":"https:\/\/staging.glaswunder.eu\/shop\/"},{"@type":"ListItem","position":3,"name":"&#8222;mistletoe&#8220; &#8211; Spitze"}]},{"@type":"WebSite","@id":"https:\/\/staging.glaswunder.eu\/#website","url":"https:\/\/staging.glaswunder.eu\/","name":"Glaswunder","description":"Exklusive Christbaumkugeln, Weihnachtkugeln, Christbaumschmuck und mehr.","publisher":{"@id":"https:\/\/staging.glaswunder.eu\/#organization"},"potentialAction":[{"@type":"SearchAction","target":{"@type":"EntryPoint","urlTemplate":"https:\/\/staging.glaswunder.eu\/?s={search_term_string}"},"query-input":{"@type":"PropertyValueSpecification","valueRequired":true,"valueName":"search_term_string"}}],"inLanguage":"en-US"},{"@type":"Organization","@id":"https:\/\/staging.glaswunder.eu\/#organization","name":"Glaswunder","url":"https:\/\/staging.glaswunder.eu\/","logo":{"@type":"ImageObject","inLanguage":"en-US","@id":"https:\/\/staging.glaswunder.eu\/#\/schema\/logo\/image\/","url":"https:\/\/staging.glaswunder.eu\/wp-content\/uploads\/2023\/02\/GlasWunderLogo.webp","contentUrl":"https:\/\/staging.glaswunder.eu\/wp-content\/uploads\/2023\/02\/GlasWunderLogo.webp","width":500,"height":486,"caption":"Glaswunder"},"image":{"@id":"https:\/\/staging.glaswunder.eu\/#\/schema\/logo\/image\/"}}]}},"_links":{"self":[{"href":"https:\/\/staging.glaswunder.eu\/en\/wp-json\/wp\/v2\/product\/4491","targetHints":{"allow":["GET"]}}],"collection":[{"href":"https:\/\/staging.glaswunder.eu\/en\/wp-json\/wp\/v2\/product"}],"about":[{"href":"https:\/\/staging.glaswunder.eu\/en\/wp-json\/wp\/v2\/types\/product"}],"version-history":[{"count":3,"href":"https:\/\/staging.glaswunder.eu\/en\/wp-json\/wp\/v2\/product\/4491\/revisions"}],"predecessor-version":[{"id":4852,"href":"https:\/\/staging.glaswunder.eu\/en\/wp-json\/wp\/v2\/product\/4491\/revisions\/4852"}],"wp:featuredmedia":[{"embeddable":true,"href":"https:\/\/staging.glaswunder.eu\/en\/wp-json\/wp\/v2\/media\/4994"}],"wp:attachment":[{"href":"https:\/\/staging.glaswunder.eu\/en\/wp-json\/wp\/v2\/media?parent=4491"}],"wp:term":[{"taxonomy":"product_brand","embeddable":true,"href":"https:\/\/staging.glaswunder.eu\/en\/wp-json\/wp\/v2\/product_brand?post=4491"},{"taxonomy":"product_cat","embeddable":true,"href":"https:\/\/staging.glaswunder.eu\/en\/wp-json\/wp\/v2\/product_cat?post=4491"},{"taxonomy":"product_tag","embeddable":true,"href":"https:\/\/staging.glaswunder.eu\/en\/wp-json\/wp\/v2\/product_tag?post=4491"}],"curies":[{"name":"wp","href":"https:\/\/api.w.org\/{rel}","templated":true}]}}