{"id":4519,"date":"2025-11-15T15:56:26","date_gmt":"2025-11-15T15:56:26","guid":{"rendered":"https:\/\/glaswunder.eu\/shop\/frosted-blue-glocke\/"},"modified":"2026-04-01T08:01:59","modified_gmt":"2026-04-01T08:01:59","slug":"frosted-blue-glocke","status":"publish","type":"product","link":"https:\/\/staging.glaswunder.eu\/en\/shop\/frosted-blue-glocke\/","title":{"rendered":"&#8222;frosted blue&#8220; &#8211; Glocke"},"content":{"rendered":"<p>Ein sch\u00f6ner Klang von Wintermagie in jeder Hinsicht \u2013 diese wundersch\u00f6ne Weihnachtsglocke aus Glas bringt frostigen Glanz und festliche Eleganz in dein Zuhause. In einem edlen Wei\u00df mit feinem Icing-Frost-Design erinnert sie an frische Schneekristalle, die im Winterlicht glitzern. Die Oberfl\u00e4che ist liebevoll von Hand bemalt und mit blauen, gl\u00e4nzenden Tropfen verziert, die von zartem Silberglitter umrahmt sind \u2013 ein traumhaftes Zusammenspiel aus k\u00fchlem Blau und funkelndem Frost. Diese Glocke zieht alle Blicke auf sich und bringt einen Hauch von Winterwunderland in dein Zuhause. Unser Set besteht aus 2 mundgeblasenen Glocken aus Glas. Sie sind 5 cm gro\u00df, von Hand verziert und in Deutschland hergestellt. Durch ihre hochwertige Verarbeitung sind sie besonders langlebig und Pflegeleicht. Unser Weihnachtsschmuck ist nur f\u00fcr den Gebrauch im Innenbereich vorgesehen.<\/p>","protected":false},"excerpt":{"rendered":"<p>Dieses Glocken-Set besteht aus zwei 5 cm gro\u00dfen Glocken. Ein unsichtbares L\u00e4uten, das ganz still die Seele ber\u00fchrt, durch Ihr einzigartiges wei\u00dfes Frost-Icing-Design. Mit Ihrem blau gl\u00e4nzenden Tropfen hebt es das noch besonders hervor.<\/p>","protected":false},"featured_media":5059,"template":"","meta":{"_acf_changed":false},"product_brand":[],"product_cat":[15,87,95],"product_tag":[],"class_list":{"0":"post-4519","1":"product","2":"type-product","3":"status-publish","4":"has-post-thumbnail","6":"product_cat-alle-produkte","7":"product_cat-christbaumschmuck","8":"product_cat-glocken","10":"first","11":"instock","12":"taxable","13":"shipping-taxable","14":"purchasable","15":"product-type-simple"},"acf":[],"yoast_head":"<!-- This site is optimized with the Yoast SEO plugin v27.3 - https:\/\/yoast.com\/product\/yoast-seo-wordpress\/ -->\n<title>&quot;frosted blue&quot; - Glocke - Glaswunder<\/title>\n<meta name=\"description\" content=\"Aus mundgeblasenem Glase gefertigt und sorgf\u00e4ltig von Hand veredelt, entsteht in Deutschland ein Christbaumschmuck, das f\u00fcr echtes Handwerk steht.\" \/>\n<meta name=\"robots\" content=\"noindex, follow, max-snippet:-1, max-image-preview:large, max-video-preview:-1\" \/>\n<meta property=\"og:locale\" content=\"en_US\" \/>\n<meta property=\"og:type\" content=\"article\" \/>\n<meta property=\"og:title\" content=\"&quot;frosted blue&quot; - Glocke - Glaswunder\" \/>\n<meta property=\"og:description\" content=\"Aus mundgeblasenem Glase gefertigt und sorgf\u00e4ltig von Hand veredelt, entsteht in Deutschland ein Christbaumschmuck, das f\u00fcr echtes Handwerk steht.\" \/>\n<meta property=\"og:url\" content=\"https:\/\/staging.glaswunder.eu\/en\/shop\/frosted-blue-glocke\/\" \/>\n<meta property=\"og:site_name\" content=\"Glaswunder\" \/>\n<meta property=\"article:modified_time\" content=\"2026-04-01T08:01:59+00:00\" \/>\n<meta property=\"og:image\" content=\"https:\/\/staging.glaswunder.eu\/wp-content\/uploads\/2026\/02\/frosted-blue-glocke-4262381711548-set.webp\" \/>\n\t<meta property=\"og:image:width\" content=\"1500\" \/>\n\t<meta property=\"og:image:height\" content=\"1500\" \/>\n\t<meta property=\"og:image:type\" content=\"image\/webp\" \/>\n<meta name=\"twitter:card\" content=\"summary_large_image\" \/>\n<meta name=\"twitter:label1\" content=\"Est. reading time\" \/>\n\t<meta name=\"twitter:data1\" content=\"1 minute\" \/>\n<script type=\"application\/ld+json\" class=\"yoast-schema-graph\">{\"@context\":\"https:\\\/\\\/schema.org\",\"@graph\":[{\"@type\":\"WebPage\",\"@id\":\"https:\\\/\\\/staging.glaswunder.eu\\\/shop\\\/frosted-blue-glocke\\\/\",\"url\":\"https:\\\/\\\/staging.glaswunder.eu\\\/shop\\\/frosted-blue-glocke\\\/\",\"name\":\"\\\"frosted blue\\\" - Glocke - Glaswunder\",\"isPartOf\":{\"@id\":\"https:\\\/\\\/staging.glaswunder.eu\\\/#website\"},\"primaryImageOfPage\":{\"@id\":\"https:\\\/\\\/staging.glaswunder.eu\\\/shop\\\/frosted-blue-glocke\\\/#primaryimage\"},\"image\":{\"@id\":\"https:\\\/\\\/staging.glaswunder.eu\\\/shop\\\/frosted-blue-glocke\\\/#primaryimage\"},\"thumbnailUrl\":\"https:\\\/\\\/staging.glaswunder.eu\\\/wp-content\\\/uploads\\\/2026\\\/02\\\/frosted-blue-glocke-4262381711548-set.webp\",\"datePublished\":\"2025-11-15T15:56:26+00:00\",\"dateModified\":\"2026-04-01T08:01:59+00:00\",\"description\":\"Aus mundgeblasenem Glase gefertigt und sorgf\u00e4ltig von Hand veredelt, entsteht in Deutschland ein Christbaumschmuck, das f\u00fcr echtes Handwerk steht.\",\"breadcrumb\":{\"@id\":\"https:\\\/\\\/staging.glaswunder.eu\\\/shop\\\/frosted-blue-glocke\\\/#breadcrumb\"},\"inLanguage\":\"en-US\",\"potentialAction\":[{\"@type\":\"ReadAction\",\"target\":[\"https:\\\/\\\/staging.glaswunder.eu\\\/shop\\\/frosted-blue-glocke\\\/\"]}]},{\"@type\":\"ImageObject\",\"inLanguage\":\"en-US\",\"@id\":\"https:\\\/\\\/staging.glaswunder.eu\\\/shop\\\/frosted-blue-glocke\\\/#primaryimage\",\"url\":\"https:\\\/\\\/staging.glaswunder.eu\\\/wp-content\\\/uploads\\\/2026\\\/02\\\/frosted-blue-glocke-4262381711548-set.webp\",\"contentUrl\":\"https:\\\/\\\/staging.glaswunder.eu\\\/wp-content\\\/uploads\\\/2026\\\/02\\\/frosted-blue-glocke-4262381711548-set.webp\",\"width\":1500,\"height\":1500},{\"@type\":\"BreadcrumbList\",\"@id\":\"https:\\\/\\\/staging.glaswunder.eu\\\/shop\\\/frosted-blue-glocke\\\/#breadcrumb\",\"itemListElement\":[{\"@type\":\"ListItem\",\"position\":1,\"name\":\"Startseite\",\"item\":\"https:\\\/\\\/staging.glaswunder.eu\\\/\"},{\"@type\":\"ListItem\",\"position\":2,\"name\":\"Shop\",\"item\":\"https:\\\/\\\/staging.glaswunder.eu\\\/shop\\\/\"},{\"@type\":\"ListItem\",\"position\":3,\"name\":\"&#8222;frosted blue&#8220; &#8211; Glocke\"}]},{\"@type\":\"WebSite\",\"@id\":\"https:\\\/\\\/staging.glaswunder.eu\\\/#website\",\"url\":\"https:\\\/\\\/staging.glaswunder.eu\\\/\",\"name\":\"Glaswunder\",\"description\":\"Exklusive Christbaumkugeln, Weihnachtkugeln, Christbaumschmuck und mehr.\",\"publisher\":{\"@id\":\"https:\\\/\\\/staging.glaswunder.eu\\\/#organization\"},\"potentialAction\":[{\"@type\":\"SearchAction\",\"target\":{\"@type\":\"EntryPoint\",\"urlTemplate\":\"https:\\\/\\\/staging.glaswunder.eu\\\/?s={search_term_string}\"},\"query-input\":{\"@type\":\"PropertyValueSpecification\",\"valueRequired\":true,\"valueName\":\"search_term_string\"}}],\"inLanguage\":\"en-US\"},{\"@type\":\"Organization\",\"@id\":\"https:\\\/\\\/staging.glaswunder.eu\\\/#organization\",\"name\":\"Glaswunder\",\"url\":\"https:\\\/\\\/staging.glaswunder.eu\\\/\",\"logo\":{\"@type\":\"ImageObject\",\"inLanguage\":\"en-US\",\"@id\":\"https:\\\/\\\/staging.glaswunder.eu\\\/#\\\/schema\\\/logo\\\/image\\\/\",\"url\":\"https:\\\/\\\/staging.glaswunder.eu\\\/wp-content\\\/uploads\\\/2023\\\/02\\\/GlasWunderLogo.webp\",\"contentUrl\":\"https:\\\/\\\/staging.glaswunder.eu\\\/wp-content\\\/uploads\\\/2023\\\/02\\\/GlasWunderLogo.webp\",\"width\":500,\"height\":486,\"caption\":\"Glaswunder\"},\"image\":{\"@id\":\"https:\\\/\\\/staging.glaswunder.eu\\\/#\\\/schema\\\/logo\\\/image\\\/\"}}]}<\/script>\n<!-- \/ Yoast SEO plugin. -->","yoast_head_json":{"title":"\"frosted blue\" - Glocke - Glaswunder","description":"Aus mundgeblasenem Glase gefertigt und sorgf\u00e4ltig von Hand veredelt, entsteht in Deutschland ein Christbaumschmuck, das f\u00fcr echtes Handwerk steht.","robots":{"index":"noindex","follow":"follow","max-snippet":"max-snippet:-1","max-image-preview":"max-image-preview:large","max-video-preview":"max-video-preview:-1"},"og_locale":"en_US","og_type":"article","og_title":"\"frosted blue\" - Glocke - Glaswunder","og_description":"Aus mundgeblasenem Glase gefertigt und sorgf\u00e4ltig von Hand veredelt, entsteht in Deutschland ein Christbaumschmuck, das f\u00fcr echtes Handwerk steht.","og_url":"https:\/\/staging.glaswunder.eu\/en\/shop\/frosted-blue-glocke\/","og_site_name":"Glaswunder","article_modified_time":"2026-04-01T08:01:59+00:00","og_image":[{"width":1500,"height":1500,"url":"https:\/\/staging.glaswunder.eu\/wp-content\/uploads\/2026\/02\/frosted-blue-glocke-4262381711548-set.webp","type":"image\/webp"}],"twitter_card":"summary_large_image","twitter_misc":{"Est. reading time":"1 minute"},"schema":{"@context":"https:\/\/schema.org","@graph":[{"@type":"WebPage","@id":"https:\/\/staging.glaswunder.eu\/shop\/frosted-blue-glocke\/","url":"https:\/\/staging.glaswunder.eu\/shop\/frosted-blue-glocke\/","name":"\"frosted blue\" - Glocke - Glaswunder","isPartOf":{"@id":"https:\/\/staging.glaswunder.eu\/#website"},"primaryImageOfPage":{"@id":"https:\/\/staging.glaswunder.eu\/shop\/frosted-blue-glocke\/#primaryimage"},"image":{"@id":"https:\/\/staging.glaswunder.eu\/shop\/frosted-blue-glocke\/#primaryimage"},"thumbnailUrl":"https:\/\/staging.glaswunder.eu\/wp-content\/uploads\/2026\/02\/frosted-blue-glocke-4262381711548-set.webp","datePublished":"2025-11-15T15:56:26+00:00","dateModified":"2026-04-01T08:01:59+00:00","description":"Aus mundgeblasenem Glase gefertigt und sorgf\u00e4ltig von Hand veredelt, entsteht in Deutschland ein Christbaumschmuck, das f\u00fcr echtes Handwerk steht.","breadcrumb":{"@id":"https:\/\/staging.glaswunder.eu\/shop\/frosted-blue-glocke\/#breadcrumb"},"inLanguage":"en-US","potentialAction":[{"@type":"ReadAction","target":["https:\/\/staging.glaswunder.eu\/shop\/frosted-blue-glocke\/"]}]},{"@type":"ImageObject","inLanguage":"en-US","@id":"https:\/\/staging.glaswunder.eu\/shop\/frosted-blue-glocke\/#primaryimage","url":"https:\/\/staging.glaswunder.eu\/wp-content\/uploads\/2026\/02\/frosted-blue-glocke-4262381711548-set.webp","contentUrl":"https:\/\/staging.glaswunder.eu\/wp-content\/uploads\/2026\/02\/frosted-blue-glocke-4262381711548-set.webp","width":1500,"height":1500},{"@type":"BreadcrumbList","@id":"https:\/\/staging.glaswunder.eu\/shop\/frosted-blue-glocke\/#breadcrumb","itemListElement":[{"@type":"ListItem","position":1,"name":"Startseite","item":"https:\/\/staging.glaswunder.eu\/"},{"@type":"ListItem","position":2,"name":"Shop","item":"https:\/\/staging.glaswunder.eu\/shop\/"},{"@type":"ListItem","position":3,"name":"&#8222;frosted blue&#8220; &#8211; Glocke"}]},{"@type":"WebSite","@id":"https:\/\/staging.glaswunder.eu\/#website","url":"https:\/\/staging.glaswunder.eu\/","name":"Glaswunder","description":"Exklusive Christbaumkugeln, Weihnachtkugeln, Christbaumschmuck und mehr.","publisher":{"@id":"https:\/\/staging.glaswunder.eu\/#organization"},"potentialAction":[{"@type":"SearchAction","target":{"@type":"EntryPoint","urlTemplate":"https:\/\/staging.glaswunder.eu\/?s={search_term_string}"},"query-input":{"@type":"PropertyValueSpecification","valueRequired":true,"valueName":"search_term_string"}}],"inLanguage":"en-US"},{"@type":"Organization","@id":"https:\/\/staging.glaswunder.eu\/#organization","name":"Glaswunder","url":"https:\/\/staging.glaswunder.eu\/","logo":{"@type":"ImageObject","inLanguage":"en-US","@id":"https:\/\/staging.glaswunder.eu\/#\/schema\/logo\/image\/","url":"https:\/\/staging.glaswunder.eu\/wp-content\/uploads\/2023\/02\/GlasWunderLogo.webp","contentUrl":"https:\/\/staging.glaswunder.eu\/wp-content\/uploads\/2023\/02\/GlasWunderLogo.webp","width":500,"height":486,"caption":"Glaswunder"},"image":{"@id":"https:\/\/staging.glaswunder.eu\/#\/schema\/logo\/image\/"}}]}},"_links":{"self":[{"href":"https:\/\/staging.glaswunder.eu\/en\/wp-json\/wp\/v2\/product\/4519","targetHints":{"allow":["GET"]}}],"collection":[{"href":"https:\/\/staging.glaswunder.eu\/en\/wp-json\/wp\/v2\/product"}],"about":[{"href":"https:\/\/staging.glaswunder.eu\/en\/wp-json\/wp\/v2\/types\/product"}],"version-history":[{"count":3,"href":"https:\/\/staging.glaswunder.eu\/en\/wp-json\/wp\/v2\/product\/4519\/revisions"}],"predecessor-version":[{"id":4770,"href":"https:\/\/staging.glaswunder.eu\/en\/wp-json\/wp\/v2\/product\/4519\/revisions\/4770"}],"wp:featuredmedia":[{"embeddable":true,"href":"https:\/\/staging.glaswunder.eu\/en\/wp-json\/wp\/v2\/media\/5059"}],"wp:attachment":[{"href":"https:\/\/staging.glaswunder.eu\/en\/wp-json\/wp\/v2\/media?parent=4519"}],"wp:term":[{"taxonomy":"product_brand","embeddable":true,"href":"https:\/\/staging.glaswunder.eu\/en\/wp-json\/wp\/v2\/product_brand?post=4519"},{"taxonomy":"product_cat","embeddable":true,"href":"https:\/\/staging.glaswunder.eu\/en\/wp-json\/wp\/v2\/product_cat?post=4519"},{"taxonomy":"product_tag","embeddable":true,"href":"https:\/\/staging.glaswunder.eu\/en\/wp-json\/wp\/v2\/product_tag?post=4519"}],"curies":[{"name":"wp","href":"https:\/\/api.w.org\/{rel}","templated":true}]}}