{"id":4539,"date":"2025-11-15T15:56:34","date_gmt":"2025-11-15T15:56:34","guid":{"rendered":"https:\/\/glaswunder.eu\/shop\/christmas-pyramid-weihnachtspyramide\/"},"modified":"2026-03-26T09:46:56","modified_gmt":"2026-03-26T09:46:56","slug":"christmas-pyramid-weihnachtspyramide","status":"publish","type":"product","link":"https:\/\/staging.glaswunder.eu\/en\/shop\/christmas-pyramid-weihnachtspyramide\/","title":{"rendered":"&#8222;christmas pyramid&#8220; &#8211; Weihnachtspyramide"},"content":{"rendered":"<p data-start=\"428\" data-end=\"791\">Die <em data-start=\"432\" data-end=\"472\">Christmas Pyramid Weihnachtspyramide<\/em> ist ein kunstvoll gestaltetes Glas-Ornament, das durch seine harmonische Form und sein stimmungsvolles Design sofort ins Herz f\u00e4llt. Ihr edler Schimmer und die festlichen Details bringen eine warme, einladende Atmosph\u00e4re in deine Weihnachtsdekoration ganz so, als w\u00fcrde die winterliche Freude selbst sichtbar werden.<\/p>\n<p data-start=\"793\" data-end=\"1117\">Die sorgf\u00e4ltig ausgearbeiteten Konturen und die elegante Struktur unterstreichen die traditionelle Handwerkskunst, die in diesem Schmuckst\u00fcck steckt. Beim Spiel des Lichts entstehen zarte Reflektionen, die deine Dekoration lebendig und einladend erscheinen lassen ein Geschenk an die Sinne und ein Blickfang in jedem Raum.<\/p>\n<p data-start=\"1119\" data-end=\"1455\">Gefertigt aus hochwertigem Glas und von Hand mit gro\u00dfer Sorgfalt veredelt, \u00fcberzeugt die <em data-start=\"1208\" data-end=\"1248\">Christmas Pyramid\u00a0 Weihnachtspyramide<\/em> durch Qualit\u00e4t und zeitlose Sch\u00f6nheit. Sie ist ein stilvolles Highlight f\u00fcr deinen Weihnachtsbaum, als stimmungsvolle Erg\u00e4nzung in deinem Wohnzimmer oder als liebevoller Akzent deiner festlichen Dekoration.<\/p>\n<p data-start=\"1457\" data-end=\"1544\">Unser Weihnachtsschmuck ist ausschlie\u00dflich f\u00fcr den Gebrauch im Innenbereich vorgesehen.<\/p>","protected":false},"excerpt":{"rendered":"<p data-start=\"165\" data-end=\"389\">Die <em data-start=\"169\" data-end=\"209\">Christmas Pyramid Weihnachtspyramide<\/em> aus Glas vereint klassische Festlichkeit und liebevolle Handwerkskunst. Ein elegantes Highlight, das deiner Weihnachtsdekoration lebendige Stimmung und zauberhaften Glanz schenkt.<\/p>","protected":false},"featured_media":5023,"template":"","meta":{"_acf_changed":false},"product_brand":[],"product_cat":[15],"product_tag":[],"class_list":{"0":"post-4539","1":"product","2":"type-product","3":"status-publish","4":"has-post-thumbnail","6":"product_cat-alle-produkte","8":"first","9":"instock","10":"taxable","11":"shipping-taxable","12":"purchasable","13":"product-type-simple"},"acf":[],"yoast_head":"<!-- This site is optimized with the Yoast SEO plugin v27.3 - https:\/\/yoast.com\/product\/yoast-seo-wordpress\/ -->\n<title>&quot;christmas pyramid&quot; - Weihnachtspyramide - Glaswunder<\/title>\n<meta name=\"robots\" content=\"noindex, follow, max-snippet:-1, max-image-preview:large, max-video-preview:-1\" \/>\n<meta property=\"og:locale\" content=\"en_US\" \/>\n<meta property=\"og:type\" content=\"article\" \/>\n<meta property=\"og:title\" content=\"&quot;christmas pyramid&quot; - Weihnachtspyramide - Glaswunder\" \/>\n<meta property=\"og:description\" content=\"Die Christmas Pyramid Weihnachtspyramide aus Glas vereint klassische Festlichkeit und liebevolle Handwerkskunst. Ein elegantes Highlight, das deiner Weihnachtsdekoration lebendige Stimmung und zauberhaften Glanz schenkt.\" \/>\n<meta property=\"og:url\" content=\"https:\/\/staging.glaswunder.eu\/en\/shop\/christmas-pyramid-weihnachtspyramide\/\" \/>\n<meta property=\"og:site_name\" content=\"Glaswunder\" \/>\n<meta property=\"article:modified_time\" content=\"2026-03-26T09:46:56+00:00\" \/>\n<meta property=\"og:image\" content=\"https:\/\/staging.glaswunder.eu\/wp-content\/uploads\/2026\/02\/christmas-pyramid-weihnachtspyramide-4262381711746.webp\" \/>\n\t<meta property=\"og:image:width\" content=\"1500\" \/>\n\t<meta property=\"og:image:height\" content=\"1500\" \/>\n\t<meta property=\"og:image:type\" content=\"image\/webp\" \/>\n<meta name=\"twitter:card\" content=\"summary_large_image\" \/>\n<meta name=\"twitter:label1\" content=\"Est. reading time\" \/>\n\t<meta name=\"twitter:data1\" content=\"1 minute\" \/>\n<script type=\"application\/ld+json\" class=\"yoast-schema-graph\">{\"@context\":\"https:\\\/\\\/schema.org\",\"@graph\":[{\"@type\":\"WebPage\",\"@id\":\"https:\\\/\\\/staging.glaswunder.eu\\\/shop\\\/christmas-pyramid-weihnachtspyramide\\\/\",\"url\":\"https:\\\/\\\/staging.glaswunder.eu\\\/shop\\\/christmas-pyramid-weihnachtspyramide\\\/\",\"name\":\"\\\"christmas pyramid\\\" - Weihnachtspyramide - Glaswunder\",\"isPartOf\":{\"@id\":\"https:\\\/\\\/staging.glaswunder.eu\\\/#website\"},\"primaryImageOfPage\":{\"@id\":\"https:\\\/\\\/staging.glaswunder.eu\\\/shop\\\/christmas-pyramid-weihnachtspyramide\\\/#primaryimage\"},\"image\":{\"@id\":\"https:\\\/\\\/staging.glaswunder.eu\\\/shop\\\/christmas-pyramid-weihnachtspyramide\\\/#primaryimage\"},\"thumbnailUrl\":\"https:\\\/\\\/staging.glaswunder.eu\\\/wp-content\\\/uploads\\\/2026\\\/02\\\/christmas-pyramid-weihnachtspyramide-4262381711746.webp\",\"datePublished\":\"2025-11-15T15:56:34+00:00\",\"dateModified\":\"2026-03-26T09:46:56+00:00\",\"breadcrumb\":{\"@id\":\"https:\\\/\\\/staging.glaswunder.eu\\\/shop\\\/christmas-pyramid-weihnachtspyramide\\\/#breadcrumb\"},\"inLanguage\":\"en-US\",\"potentialAction\":[{\"@type\":\"ReadAction\",\"target\":[\"https:\\\/\\\/staging.glaswunder.eu\\\/shop\\\/christmas-pyramid-weihnachtspyramide\\\/\"]}]},{\"@type\":\"ImageObject\",\"inLanguage\":\"en-US\",\"@id\":\"https:\\\/\\\/staging.glaswunder.eu\\\/shop\\\/christmas-pyramid-weihnachtspyramide\\\/#primaryimage\",\"url\":\"https:\\\/\\\/staging.glaswunder.eu\\\/wp-content\\\/uploads\\\/2026\\\/02\\\/christmas-pyramid-weihnachtspyramide-4262381711746.webp\",\"contentUrl\":\"https:\\\/\\\/staging.glaswunder.eu\\\/wp-content\\\/uploads\\\/2026\\\/02\\\/christmas-pyramid-weihnachtspyramide-4262381711746.webp\",\"width\":1500,\"height\":1500},{\"@type\":\"BreadcrumbList\",\"@id\":\"https:\\\/\\\/staging.glaswunder.eu\\\/shop\\\/christmas-pyramid-weihnachtspyramide\\\/#breadcrumb\",\"itemListElement\":[{\"@type\":\"ListItem\",\"position\":1,\"name\":\"Startseite\",\"item\":\"https:\\\/\\\/staging.glaswunder.eu\\\/\"},{\"@type\":\"ListItem\",\"position\":2,\"name\":\"Shop\",\"item\":\"https:\\\/\\\/staging.glaswunder.eu\\\/shop\\\/\"},{\"@type\":\"ListItem\",\"position\":3,\"name\":\"&#8222;christmas pyramid&#8220; &#8211; Weihnachtspyramide\"}]},{\"@type\":\"WebSite\",\"@id\":\"https:\\\/\\\/staging.glaswunder.eu\\\/#website\",\"url\":\"https:\\\/\\\/staging.glaswunder.eu\\\/\",\"name\":\"Glaswunder\",\"description\":\"Exklusive Christbaumkugeln, Weihnachtkugeln, Christbaumschmuck und mehr.\",\"publisher\":{\"@id\":\"https:\\\/\\\/staging.glaswunder.eu\\\/#organization\"},\"potentialAction\":[{\"@type\":\"SearchAction\",\"target\":{\"@type\":\"EntryPoint\",\"urlTemplate\":\"https:\\\/\\\/staging.glaswunder.eu\\\/?s={search_term_string}\"},\"query-input\":{\"@type\":\"PropertyValueSpecification\",\"valueRequired\":true,\"valueName\":\"search_term_string\"}}],\"inLanguage\":\"en-US\"},{\"@type\":\"Organization\",\"@id\":\"https:\\\/\\\/staging.glaswunder.eu\\\/#organization\",\"name\":\"Glaswunder\",\"url\":\"https:\\\/\\\/staging.glaswunder.eu\\\/\",\"logo\":{\"@type\":\"ImageObject\",\"inLanguage\":\"en-US\",\"@id\":\"https:\\\/\\\/staging.glaswunder.eu\\\/#\\\/schema\\\/logo\\\/image\\\/\",\"url\":\"https:\\\/\\\/staging.glaswunder.eu\\\/wp-content\\\/uploads\\\/2023\\\/02\\\/GlasWunderLogo.webp\",\"contentUrl\":\"https:\\\/\\\/staging.glaswunder.eu\\\/wp-content\\\/uploads\\\/2023\\\/02\\\/GlasWunderLogo.webp\",\"width\":500,\"height\":486,\"caption\":\"Glaswunder\"},\"image\":{\"@id\":\"https:\\\/\\\/staging.glaswunder.eu\\\/#\\\/schema\\\/logo\\\/image\\\/\"}}]}<\/script>\n<!-- \/ Yoast SEO plugin. -->","yoast_head_json":{"title":"\"christmas pyramid\" - Weihnachtspyramide - Glaswunder","robots":{"index":"noindex","follow":"follow","max-snippet":"max-snippet:-1","max-image-preview":"max-image-preview:large","max-video-preview":"max-video-preview:-1"},"og_locale":"en_US","og_type":"article","og_title":"\"christmas pyramid\" - Weihnachtspyramide - Glaswunder","og_description":"Die Christmas Pyramid Weihnachtspyramide aus Glas vereint klassische Festlichkeit und liebevolle Handwerkskunst. Ein elegantes Highlight, das deiner Weihnachtsdekoration lebendige Stimmung und zauberhaften Glanz schenkt.","og_url":"https:\/\/staging.glaswunder.eu\/en\/shop\/christmas-pyramid-weihnachtspyramide\/","og_site_name":"Glaswunder","article_modified_time":"2026-03-26T09:46:56+00:00","og_image":[{"width":1500,"height":1500,"url":"https:\/\/staging.glaswunder.eu\/wp-content\/uploads\/2026\/02\/christmas-pyramid-weihnachtspyramide-4262381711746.webp","type":"image\/webp"}],"twitter_card":"summary_large_image","twitter_misc":{"Est. reading time":"1 minute"},"schema":{"@context":"https:\/\/schema.org","@graph":[{"@type":"WebPage","@id":"https:\/\/staging.glaswunder.eu\/shop\/christmas-pyramid-weihnachtspyramide\/","url":"https:\/\/staging.glaswunder.eu\/shop\/christmas-pyramid-weihnachtspyramide\/","name":"\"christmas pyramid\" - Weihnachtspyramide - Glaswunder","isPartOf":{"@id":"https:\/\/staging.glaswunder.eu\/#website"},"primaryImageOfPage":{"@id":"https:\/\/staging.glaswunder.eu\/shop\/christmas-pyramid-weihnachtspyramide\/#primaryimage"},"image":{"@id":"https:\/\/staging.glaswunder.eu\/shop\/christmas-pyramid-weihnachtspyramide\/#primaryimage"},"thumbnailUrl":"https:\/\/staging.glaswunder.eu\/wp-content\/uploads\/2026\/02\/christmas-pyramid-weihnachtspyramide-4262381711746.webp","datePublished":"2025-11-15T15:56:34+00:00","dateModified":"2026-03-26T09:46:56+00:00","breadcrumb":{"@id":"https:\/\/staging.glaswunder.eu\/shop\/christmas-pyramid-weihnachtspyramide\/#breadcrumb"},"inLanguage":"en-US","potentialAction":[{"@type":"ReadAction","target":["https:\/\/staging.glaswunder.eu\/shop\/christmas-pyramid-weihnachtspyramide\/"]}]},{"@type":"ImageObject","inLanguage":"en-US","@id":"https:\/\/staging.glaswunder.eu\/shop\/christmas-pyramid-weihnachtspyramide\/#primaryimage","url":"https:\/\/staging.glaswunder.eu\/wp-content\/uploads\/2026\/02\/christmas-pyramid-weihnachtspyramide-4262381711746.webp","contentUrl":"https:\/\/staging.glaswunder.eu\/wp-content\/uploads\/2026\/02\/christmas-pyramid-weihnachtspyramide-4262381711746.webp","width":1500,"height":1500},{"@type":"BreadcrumbList","@id":"https:\/\/staging.glaswunder.eu\/shop\/christmas-pyramid-weihnachtspyramide\/#breadcrumb","itemListElement":[{"@type":"ListItem","position":1,"name":"Startseite","item":"https:\/\/staging.glaswunder.eu\/"},{"@type":"ListItem","position":2,"name":"Shop","item":"https:\/\/staging.glaswunder.eu\/shop\/"},{"@type":"ListItem","position":3,"name":"&#8222;christmas pyramid&#8220; &#8211; Weihnachtspyramide"}]},{"@type":"WebSite","@id":"https:\/\/staging.glaswunder.eu\/#website","url":"https:\/\/staging.glaswunder.eu\/","name":"Glaswunder","description":"Exklusive Christbaumkugeln, Weihnachtkugeln, Christbaumschmuck und mehr.","publisher":{"@id":"https:\/\/staging.glaswunder.eu\/#organization"},"potentialAction":[{"@type":"SearchAction","target":{"@type":"EntryPoint","urlTemplate":"https:\/\/staging.glaswunder.eu\/?s={search_term_string}"},"query-input":{"@type":"PropertyValueSpecification","valueRequired":true,"valueName":"search_term_string"}}],"inLanguage":"en-US"},{"@type":"Organization","@id":"https:\/\/staging.glaswunder.eu\/#organization","name":"Glaswunder","url":"https:\/\/staging.glaswunder.eu\/","logo":{"@type":"ImageObject","inLanguage":"en-US","@id":"https:\/\/staging.glaswunder.eu\/#\/schema\/logo\/image\/","url":"https:\/\/staging.glaswunder.eu\/wp-content\/uploads\/2023\/02\/GlasWunderLogo.webp","contentUrl":"https:\/\/staging.glaswunder.eu\/wp-content\/uploads\/2023\/02\/GlasWunderLogo.webp","width":500,"height":486,"caption":"Glaswunder"},"image":{"@id":"https:\/\/staging.glaswunder.eu\/#\/schema\/logo\/image\/"}}]}},"_links":{"self":[{"href":"https:\/\/staging.glaswunder.eu\/en\/wp-json\/wp\/v2\/product\/4539","targetHints":{"allow":["GET"]}}],"collection":[{"href":"https:\/\/staging.glaswunder.eu\/en\/wp-json\/wp\/v2\/product"}],"about":[{"href":"https:\/\/staging.glaswunder.eu\/en\/wp-json\/wp\/v2\/types\/product"}],"version-history":[{"count":3,"href":"https:\/\/staging.glaswunder.eu\/en\/wp-json\/wp\/v2\/product\/4539\/revisions"}],"predecessor-version":[{"id":5092,"href":"https:\/\/staging.glaswunder.eu\/en\/wp-json\/wp\/v2\/product\/4539\/revisions\/5092"}],"wp:featuredmedia":[{"embeddable":true,"href":"https:\/\/staging.glaswunder.eu\/en\/wp-json\/wp\/v2\/media\/5023"}],"wp:attachment":[{"href":"https:\/\/staging.glaswunder.eu\/en\/wp-json\/wp\/v2\/media?parent=4539"}],"wp:term":[{"taxonomy":"product_brand","embeddable":true,"href":"https:\/\/staging.glaswunder.eu\/en\/wp-json\/wp\/v2\/product_brand?post=4539"},{"taxonomy":"product_cat","embeddable":true,"href":"https:\/\/staging.glaswunder.eu\/en\/wp-json\/wp\/v2\/product_cat?post=4539"},{"taxonomy":"product_tag","embeddable":true,"href":"https:\/\/staging.glaswunder.eu\/en\/wp-json\/wp\/v2\/product_tag?post=4539"}],"curies":[{"name":"wp","href":"https:\/\/api.w.org\/{rel}","templated":true}]}}