{"id":4557,"date":"2025-11-15T15:56:42","date_gmt":"2025-11-15T15:56:42","guid":{"rendered":"https:\/\/glaswunder.eu\/shop\/snow-flake-glocke\/"},"modified":"2026-04-01T09:22:11","modified_gmt":"2026-04-01T09:22:11","slug":"snow-flake-glocke","status":"publish","type":"product","link":"https:\/\/staging.glaswunder.eu\/en\/shop\/snow-flake-glocke\/","title":{"rendered":"&#8222;snow flake&#8220; &#8211; Glocke"},"content":{"rendered":"<p data-start=\"127\" data-end=\"395\">Unsere \u201esnow flake\u201c Glocke ist ein stilvoller Blickfang und verleiht deiner Weihnachtsdekoration eine besonders elegante Note. Mit ihrem filigranen Schneeflocken-Design bringt sie winterliche Leichtigkeit und eine sanfte, festliche Atmosph\u00e4re an deinen Weihnachtsbaum.<\/p>\n<p data-start=\"397\" data-end=\"701\">Das feine Muster schimmert dezent im Licht und sorgt f\u00fcr ein harmonisches Spiel aus Glanz und Struktur. Die sorgf\u00e4ltig ausgearbeiteten Details unterstreichen die hochwertige Handwerkskunst und verleihen der Glocke eine edle Ausstrahlung. Durch das klare Glas wirkt das Motiv besonders leicht und zeitlos.<\/p>\n<p data-start=\"703\" data-end=\"880\">Von Hand gefertigt und mit gro\u00dfer Sorgfalt veredelt, \u00fcberzeugt diese Glasglocke durch Qualit\u00e4t und Langlebigkeit. Eine geschmackvolle Erg\u00e4nzung f\u00fcr deine Weihnachtsdekoration.<\/p>\n<p data-start=\"882\" data-end=\"969\">Unser Weihnachtsschmuck ist ausschlie\u00dflich f\u00fcr den Gebrauch im Innenbereich vorgesehen.<\/p>","protected":false},"excerpt":{"rendered":"<p data-start=\"225\" data-end=\"469\">Unsere \u201esnow flake\u201c Glocke aus Glas begeistert mit ihrem filigranen Schneeflocken-Design und verleiht deinem Weihnachtsbaum eine elegante, winterliche Note. Ein stilvoller Christbaumschmuck mit liebevollen Details und hochwertiger Verarbeitung.<\/p>","protected":false},"featured_media":5056,"template":"","meta":{"_acf_changed":false},"product_brand":[],"product_cat":[15,87,95],"product_tag":[],"class_list":{"0":"post-4557","1":"product","2":"type-product","3":"status-publish","4":"has-post-thumbnail","6":"product_cat-alle-produkte","7":"product_cat-christbaumschmuck","8":"product_cat-glocken","10":"first","11":"instock","12":"taxable","13":"shipping-taxable","14":"purchasable","15":"product-type-simple"},"acf":[],"yoast_head":"<!-- This site is optimized with the Yoast SEO plugin v27.3 - https:\/\/yoast.com\/product\/yoast-seo-wordpress\/ -->\n<title>&quot;snow flake&quot; - Glocke - Glaswunder<\/title>\n<meta name=\"robots\" content=\"noindex, follow, max-snippet:-1, max-image-preview:large, max-video-preview:-1\" \/>\n<meta property=\"og:locale\" content=\"en_US\" \/>\n<meta property=\"og:type\" content=\"article\" \/>\n<meta property=\"og:title\" content=\"&quot;snow flake&quot; - Glocke - Glaswunder\" \/>\n<meta property=\"og:description\" content=\"Unsere \u201esnow flake\u201c Glocke aus Glas begeistert mit ihrem filigranen Schneeflocken-Design und verleiht deinem Weihnachtsbaum eine elegante, winterliche Note. Ein stilvoller Christbaumschmuck mit liebevollen Details und hochwertiger Verarbeitung.\" \/>\n<meta property=\"og:url\" content=\"https:\/\/staging.glaswunder.eu\/en\/shop\/snow-flake-glocke\/\" \/>\n<meta property=\"og:site_name\" content=\"Glaswunder\" \/>\n<meta property=\"article:modified_time\" content=\"2026-04-01T09:22:11+00:00\" \/>\n<meta property=\"og:image\" content=\"https:\/\/staging.glaswunder.eu\/wp-content\/uploads\/2026\/02\/snow-flake-glocke-4262381711920-set.webp\" \/>\n\t<meta property=\"og:image:width\" content=\"1500\" \/>\n\t<meta property=\"og:image:height\" content=\"1500\" \/>\n\t<meta property=\"og:image:type\" content=\"image\/webp\" \/>\n<meta name=\"twitter:card\" content=\"summary_large_image\" \/>\n<meta name=\"twitter:label1\" content=\"Est. reading time\" \/>\n\t<meta name=\"twitter:data1\" content=\"1 minute\" \/>\n<script type=\"application\/ld+json\" class=\"yoast-schema-graph\">{\"@context\":\"https:\\\/\\\/schema.org\",\"@graph\":[{\"@type\":\"WebPage\",\"@id\":\"https:\\\/\\\/staging.glaswunder.eu\\\/shop\\\/snow-flake-glocke\\\/\",\"url\":\"https:\\\/\\\/staging.glaswunder.eu\\\/shop\\\/snow-flake-glocke\\\/\",\"name\":\"\\\"snow flake\\\" - Glocke - Glaswunder\",\"isPartOf\":{\"@id\":\"https:\\\/\\\/staging.glaswunder.eu\\\/#website\"},\"primaryImageOfPage\":{\"@id\":\"https:\\\/\\\/staging.glaswunder.eu\\\/shop\\\/snow-flake-glocke\\\/#primaryimage\"},\"image\":{\"@id\":\"https:\\\/\\\/staging.glaswunder.eu\\\/shop\\\/snow-flake-glocke\\\/#primaryimage\"},\"thumbnailUrl\":\"https:\\\/\\\/staging.glaswunder.eu\\\/wp-content\\\/uploads\\\/2026\\\/02\\\/snow-flake-glocke-4262381711920-set.webp\",\"datePublished\":\"2025-11-15T15:56:42+00:00\",\"dateModified\":\"2026-04-01T09:22:11+00:00\",\"breadcrumb\":{\"@id\":\"https:\\\/\\\/staging.glaswunder.eu\\\/shop\\\/snow-flake-glocke\\\/#breadcrumb\"},\"inLanguage\":\"en-US\",\"potentialAction\":[{\"@type\":\"ReadAction\",\"target\":[\"https:\\\/\\\/staging.glaswunder.eu\\\/shop\\\/snow-flake-glocke\\\/\"]}]},{\"@type\":\"ImageObject\",\"inLanguage\":\"en-US\",\"@id\":\"https:\\\/\\\/staging.glaswunder.eu\\\/shop\\\/snow-flake-glocke\\\/#primaryimage\",\"url\":\"https:\\\/\\\/staging.glaswunder.eu\\\/wp-content\\\/uploads\\\/2026\\\/02\\\/snow-flake-glocke-4262381711920-set.webp\",\"contentUrl\":\"https:\\\/\\\/staging.glaswunder.eu\\\/wp-content\\\/uploads\\\/2026\\\/02\\\/snow-flake-glocke-4262381711920-set.webp\",\"width\":1500,\"height\":1500},{\"@type\":\"BreadcrumbList\",\"@id\":\"https:\\\/\\\/staging.glaswunder.eu\\\/shop\\\/snow-flake-glocke\\\/#breadcrumb\",\"itemListElement\":[{\"@type\":\"ListItem\",\"position\":1,\"name\":\"Startseite\",\"item\":\"https:\\\/\\\/staging.glaswunder.eu\\\/\"},{\"@type\":\"ListItem\",\"position\":2,\"name\":\"Shop\",\"item\":\"https:\\\/\\\/staging.glaswunder.eu\\\/shop\\\/\"},{\"@type\":\"ListItem\",\"position\":3,\"name\":\"&#8222;snow flake&#8220; &#8211; Glocke\"}]},{\"@type\":\"WebSite\",\"@id\":\"https:\\\/\\\/staging.glaswunder.eu\\\/#website\",\"url\":\"https:\\\/\\\/staging.glaswunder.eu\\\/\",\"name\":\"Glaswunder\",\"description\":\"Exklusive Christbaumkugeln, Weihnachtkugeln, Christbaumschmuck und mehr.\",\"publisher\":{\"@id\":\"https:\\\/\\\/staging.glaswunder.eu\\\/#organization\"},\"potentialAction\":[{\"@type\":\"SearchAction\",\"target\":{\"@type\":\"EntryPoint\",\"urlTemplate\":\"https:\\\/\\\/staging.glaswunder.eu\\\/?s={search_term_string}\"},\"query-input\":{\"@type\":\"PropertyValueSpecification\",\"valueRequired\":true,\"valueName\":\"search_term_string\"}}],\"inLanguage\":\"en-US\"},{\"@type\":\"Organization\",\"@id\":\"https:\\\/\\\/staging.glaswunder.eu\\\/#organization\",\"name\":\"Glaswunder\",\"url\":\"https:\\\/\\\/staging.glaswunder.eu\\\/\",\"logo\":{\"@type\":\"ImageObject\",\"inLanguage\":\"en-US\",\"@id\":\"https:\\\/\\\/staging.glaswunder.eu\\\/#\\\/schema\\\/logo\\\/image\\\/\",\"url\":\"https:\\\/\\\/staging.glaswunder.eu\\\/wp-content\\\/uploads\\\/2023\\\/02\\\/GlasWunderLogo.webp\",\"contentUrl\":\"https:\\\/\\\/staging.glaswunder.eu\\\/wp-content\\\/uploads\\\/2023\\\/02\\\/GlasWunderLogo.webp\",\"width\":500,\"height\":486,\"caption\":\"Glaswunder\"},\"image\":{\"@id\":\"https:\\\/\\\/staging.glaswunder.eu\\\/#\\\/schema\\\/logo\\\/image\\\/\"}}]}<\/script>\n<!-- \/ Yoast SEO plugin. -->","yoast_head_json":{"title":"\"snow flake\" - Glocke - Glaswunder","robots":{"index":"noindex","follow":"follow","max-snippet":"max-snippet:-1","max-image-preview":"max-image-preview:large","max-video-preview":"max-video-preview:-1"},"og_locale":"en_US","og_type":"article","og_title":"\"snow flake\" - Glocke - Glaswunder","og_description":"Unsere \u201esnow flake\u201c Glocke aus Glas begeistert mit ihrem filigranen Schneeflocken-Design und verleiht deinem Weihnachtsbaum eine elegante, winterliche Note. Ein stilvoller Christbaumschmuck mit liebevollen Details und hochwertiger Verarbeitung.","og_url":"https:\/\/staging.glaswunder.eu\/en\/shop\/snow-flake-glocke\/","og_site_name":"Glaswunder","article_modified_time":"2026-04-01T09:22:11+00:00","og_image":[{"width":1500,"height":1500,"url":"https:\/\/staging.glaswunder.eu\/wp-content\/uploads\/2026\/02\/snow-flake-glocke-4262381711920-set.webp","type":"image\/webp"}],"twitter_card":"summary_large_image","twitter_misc":{"Est. reading time":"1 minute"},"schema":{"@context":"https:\/\/schema.org","@graph":[{"@type":"WebPage","@id":"https:\/\/staging.glaswunder.eu\/shop\/snow-flake-glocke\/","url":"https:\/\/staging.glaswunder.eu\/shop\/snow-flake-glocke\/","name":"\"snow flake\" - Glocke - Glaswunder","isPartOf":{"@id":"https:\/\/staging.glaswunder.eu\/#website"},"primaryImageOfPage":{"@id":"https:\/\/staging.glaswunder.eu\/shop\/snow-flake-glocke\/#primaryimage"},"image":{"@id":"https:\/\/staging.glaswunder.eu\/shop\/snow-flake-glocke\/#primaryimage"},"thumbnailUrl":"https:\/\/staging.glaswunder.eu\/wp-content\/uploads\/2026\/02\/snow-flake-glocke-4262381711920-set.webp","datePublished":"2025-11-15T15:56:42+00:00","dateModified":"2026-04-01T09:22:11+00:00","breadcrumb":{"@id":"https:\/\/staging.glaswunder.eu\/shop\/snow-flake-glocke\/#breadcrumb"},"inLanguage":"en-US","potentialAction":[{"@type":"ReadAction","target":["https:\/\/staging.glaswunder.eu\/shop\/snow-flake-glocke\/"]}]},{"@type":"ImageObject","inLanguage":"en-US","@id":"https:\/\/staging.glaswunder.eu\/shop\/snow-flake-glocke\/#primaryimage","url":"https:\/\/staging.glaswunder.eu\/wp-content\/uploads\/2026\/02\/snow-flake-glocke-4262381711920-set.webp","contentUrl":"https:\/\/staging.glaswunder.eu\/wp-content\/uploads\/2026\/02\/snow-flake-glocke-4262381711920-set.webp","width":1500,"height":1500},{"@type":"BreadcrumbList","@id":"https:\/\/staging.glaswunder.eu\/shop\/snow-flake-glocke\/#breadcrumb","itemListElement":[{"@type":"ListItem","position":1,"name":"Startseite","item":"https:\/\/staging.glaswunder.eu\/"},{"@type":"ListItem","position":2,"name":"Shop","item":"https:\/\/staging.glaswunder.eu\/shop\/"},{"@type":"ListItem","position":3,"name":"&#8222;snow flake&#8220; &#8211; Glocke"}]},{"@type":"WebSite","@id":"https:\/\/staging.glaswunder.eu\/#website","url":"https:\/\/staging.glaswunder.eu\/","name":"Glaswunder","description":"Exklusive Christbaumkugeln, Weihnachtkugeln, Christbaumschmuck und mehr.","publisher":{"@id":"https:\/\/staging.glaswunder.eu\/#organization"},"potentialAction":[{"@type":"SearchAction","target":{"@type":"EntryPoint","urlTemplate":"https:\/\/staging.glaswunder.eu\/?s={search_term_string}"},"query-input":{"@type":"PropertyValueSpecification","valueRequired":true,"valueName":"search_term_string"}}],"inLanguage":"en-US"},{"@type":"Organization","@id":"https:\/\/staging.glaswunder.eu\/#organization","name":"Glaswunder","url":"https:\/\/staging.glaswunder.eu\/","logo":{"@type":"ImageObject","inLanguage":"en-US","@id":"https:\/\/staging.glaswunder.eu\/#\/schema\/logo\/image\/","url":"https:\/\/staging.glaswunder.eu\/wp-content\/uploads\/2023\/02\/GlasWunderLogo.webp","contentUrl":"https:\/\/staging.glaswunder.eu\/wp-content\/uploads\/2023\/02\/GlasWunderLogo.webp","width":500,"height":486,"caption":"Glaswunder"},"image":{"@id":"https:\/\/staging.glaswunder.eu\/#\/schema\/logo\/image\/"}}]}},"_links":{"self":[{"href":"https:\/\/staging.glaswunder.eu\/en\/wp-json\/wp\/v2\/product\/4557","targetHints":{"allow":["GET"]}}],"collection":[{"href":"https:\/\/staging.glaswunder.eu\/en\/wp-json\/wp\/v2\/product"}],"about":[{"href":"https:\/\/staging.glaswunder.eu\/en\/wp-json\/wp\/v2\/types\/product"}],"version-history":[{"count":5,"href":"https:\/\/staging.glaswunder.eu\/en\/wp-json\/wp\/v2\/product\/4557\/revisions"}],"predecessor-version":[{"id":5062,"href":"https:\/\/staging.glaswunder.eu\/en\/wp-json\/wp\/v2\/product\/4557\/revisions\/5062"}],"wp:featuredmedia":[{"embeddable":true,"href":"https:\/\/staging.glaswunder.eu\/en\/wp-json\/wp\/v2\/media\/5056"}],"wp:attachment":[{"href":"https:\/\/staging.glaswunder.eu\/en\/wp-json\/wp\/v2\/media?parent=4557"}],"wp:term":[{"taxonomy":"product_brand","embeddable":true,"href":"https:\/\/staging.glaswunder.eu\/en\/wp-json\/wp\/v2\/product_brand?post=4557"},{"taxonomy":"product_cat","embeddable":true,"href":"https:\/\/staging.glaswunder.eu\/en\/wp-json\/wp\/v2\/product_cat?post=4557"},{"taxonomy":"product_tag","embeddable":true,"href":"https:\/\/staging.glaswunder.eu\/en\/wp-json\/wp\/v2\/product_tag?post=4557"}],"curies":[{"name":"wp","href":"https:\/\/api.w.org\/{rel}","templated":true}]}}