{"id":4558,"date":"2025-11-15T15:56:42","date_gmt":"2025-11-15T15:56:42","guid":{"rendered":"https:\/\/glaswunder.eu\/shop\/little-guardians-erdmaennchen\/"},"modified":"2026-03-26T09:39:14","modified_gmt":"2026-03-26T09:39:14","slug":"little-guardians-erdmaennchen","status":"publish","type":"product","link":"https:\/\/staging.glaswunder.eu\/en\/shop\/little-guardians-erdmaennchen\/","title":{"rendered":"&#8222;little guardians&#8220; &#8211; Erdm\u00e4nnchen"},"content":{"rendered":"<p>Diese kleinen Erdm\u00e4nnchen sind nicht nur ein toller Hingucker, sondern Sie bringen auch ein St\u00fcck Herzlichkeit an deinen Weihnachtsbaum. Ob als besonderes Highlight am Baum oder als Tierliebhaber \u2013 diese Erdm\u00e4nnchen sorgen garantiert f\u00fcr ein L\u00e4cheln und weckt die Freude an traditioneller Handwerkskunst. Der sanfte Braun-Champagner-Ton schimmert warm im Licht und verleiht dem Erdm\u00e4nnchen eine besondere Ausstrahlung. Mit feinen, schwarzen Akzenten an den Pfoten und dem Gesicht. Es wirkt lebendig und detailverliebt \u2013 fast so, als w\u00fcrde es neugierig aus dem Weihnachtszweig herausspitzen. Unser Set besteht aus 2 mundgeblasenen Erdm\u00e4nnchen aus Glas. Sie sind von Hand verziert und in Deutschland hergestellt. Durch ihre hochwertige Verarbeitung sind sie besonders langlebig und Pflegeleicht. Unser Weihnachtsschmuck ist nur f\u00fcr den Gebrauch im Innenbereich vorgesehen.<\/p>","protected":false},"excerpt":{"rendered":"<p>Unser &#8222;little guardians&#8220; Set besteht aus 2 mundgeblasenen Erdm\u00e4nnchen. Sie stehen symbolisch f\u00fcr Wachsamkeit, Gemeinschaftssinn und soziale Struktur. Eine tolle Erg\u00e4nzung f\u00fcr Deinen Weihnachtsbaum!<\/p>","protected":false},"featured_media":5026,"template":"","meta":{"_acf_changed":false},"product_brand":[],"product_cat":[15],"product_tag":[],"class_list":{"0":"post-4558","1":"product","2":"type-product","3":"status-publish","4":"has-post-thumbnail","6":"product_cat-alle-produkte","8":"first","9":"instock","10":"taxable","11":"shipping-taxable","12":"purchasable","13":"product-type-simple"},"acf":[],"yoast_head":"<!-- This site is optimized with the Yoast SEO plugin v27.3 - https:\/\/yoast.com\/product\/yoast-seo-wordpress\/ -->\n<title>&quot;little guardians&quot; - Erdm\u00e4nnchen - Glaswunder<\/title>\n<meta name=\"description\" content=\"Dieser in Deutschland hergestellte, mundgeblasene und handbemalte Christbaumschmuck ist ein hochwertiges Beispiel traditioneller Handwerkskunst.\" \/>\n<meta name=\"robots\" content=\"noindex, follow, max-snippet:-1, max-image-preview:large, max-video-preview:-1\" \/>\n<meta property=\"og:locale\" content=\"en_US\" \/>\n<meta property=\"og:type\" content=\"article\" \/>\n<meta property=\"og:title\" content=\"&quot;little guardians&quot; - Erdm\u00e4nnchen - Glaswunder\" \/>\n<meta property=\"og:description\" content=\"Dieser in Deutschland hergestellte, mundgeblasene und handbemalte Christbaumschmuck ist ein hochwertiges Beispiel traditioneller Handwerkskunst.\" \/>\n<meta property=\"og:url\" content=\"https:\/\/staging.glaswunder.eu\/en\/shop\/little-guardians-erdmaennchen\/\" \/>\n<meta property=\"og:site_name\" content=\"Glaswunder\" \/>\n<meta property=\"article:modified_time\" content=\"2026-03-26T09:39:14+00:00\" \/>\n<meta property=\"og:image\" content=\"https:\/\/staging.glaswunder.eu\/wp-content\/uploads\/2026\/02\/little-guardians-erdmaennchen-4262381711937.webp\" \/>\n\t<meta property=\"og:image:width\" content=\"1500\" \/>\n\t<meta property=\"og:image:height\" content=\"1500\" \/>\n\t<meta property=\"og:image:type\" content=\"image\/webp\" \/>\n<meta name=\"twitter:card\" content=\"summary_large_image\" \/>\n<meta name=\"twitter:label1\" content=\"Est. reading time\" \/>\n\t<meta name=\"twitter:data1\" content=\"1 minute\" \/>\n<script type=\"application\/ld+json\" class=\"yoast-schema-graph\">{\"@context\":\"https:\\\/\\\/schema.org\",\"@graph\":[{\"@type\":\"WebPage\",\"@id\":\"https:\\\/\\\/staging.glaswunder.eu\\\/shop\\\/little-guardians-erdmaennchen\\\/\",\"url\":\"https:\\\/\\\/staging.glaswunder.eu\\\/shop\\\/little-guardians-erdmaennchen\\\/\",\"name\":\"\\\"little guardians\\\" - Erdm\u00e4nnchen - Glaswunder\",\"isPartOf\":{\"@id\":\"https:\\\/\\\/staging.glaswunder.eu\\\/#website\"},\"primaryImageOfPage\":{\"@id\":\"https:\\\/\\\/staging.glaswunder.eu\\\/shop\\\/little-guardians-erdmaennchen\\\/#primaryimage\"},\"image\":{\"@id\":\"https:\\\/\\\/staging.glaswunder.eu\\\/shop\\\/little-guardians-erdmaennchen\\\/#primaryimage\"},\"thumbnailUrl\":\"https:\\\/\\\/staging.glaswunder.eu\\\/wp-content\\\/uploads\\\/2026\\\/02\\\/little-guardians-erdmaennchen-4262381711937.webp\",\"datePublished\":\"2025-11-15T15:56:42+00:00\",\"dateModified\":\"2026-03-26T09:39:14+00:00\",\"description\":\"Dieser in Deutschland hergestellte, mundgeblasene und handbemalte Christbaumschmuck ist ein hochwertiges Beispiel traditioneller Handwerkskunst.\",\"breadcrumb\":{\"@id\":\"https:\\\/\\\/staging.glaswunder.eu\\\/shop\\\/little-guardians-erdmaennchen\\\/#breadcrumb\"},\"inLanguage\":\"en-US\",\"potentialAction\":[{\"@type\":\"ReadAction\",\"target\":[\"https:\\\/\\\/staging.glaswunder.eu\\\/shop\\\/little-guardians-erdmaennchen\\\/\"]}]},{\"@type\":\"ImageObject\",\"inLanguage\":\"en-US\",\"@id\":\"https:\\\/\\\/staging.glaswunder.eu\\\/shop\\\/little-guardians-erdmaennchen\\\/#primaryimage\",\"url\":\"https:\\\/\\\/staging.glaswunder.eu\\\/wp-content\\\/uploads\\\/2026\\\/02\\\/little-guardians-erdmaennchen-4262381711937.webp\",\"contentUrl\":\"https:\\\/\\\/staging.glaswunder.eu\\\/wp-content\\\/uploads\\\/2026\\\/02\\\/little-guardians-erdmaennchen-4262381711937.webp\",\"width\":1500,\"height\":1500},{\"@type\":\"BreadcrumbList\",\"@id\":\"https:\\\/\\\/staging.glaswunder.eu\\\/shop\\\/little-guardians-erdmaennchen\\\/#breadcrumb\",\"itemListElement\":[{\"@type\":\"ListItem\",\"position\":1,\"name\":\"Startseite\",\"item\":\"https:\\\/\\\/staging.glaswunder.eu\\\/\"},{\"@type\":\"ListItem\",\"position\":2,\"name\":\"Shop\",\"item\":\"https:\\\/\\\/staging.glaswunder.eu\\\/shop\\\/\"},{\"@type\":\"ListItem\",\"position\":3,\"name\":\"&#8222;little guardians&#8220; &#8211; Erdm\u00e4nnchen\"}]},{\"@type\":\"WebSite\",\"@id\":\"https:\\\/\\\/staging.glaswunder.eu\\\/#website\",\"url\":\"https:\\\/\\\/staging.glaswunder.eu\\\/\",\"name\":\"Glaswunder\",\"description\":\"Exklusive Christbaumkugeln, Weihnachtkugeln, Christbaumschmuck und mehr.\",\"publisher\":{\"@id\":\"https:\\\/\\\/staging.glaswunder.eu\\\/#organization\"},\"potentialAction\":[{\"@type\":\"SearchAction\",\"target\":{\"@type\":\"EntryPoint\",\"urlTemplate\":\"https:\\\/\\\/staging.glaswunder.eu\\\/?s={search_term_string}\"},\"query-input\":{\"@type\":\"PropertyValueSpecification\",\"valueRequired\":true,\"valueName\":\"search_term_string\"}}],\"inLanguage\":\"en-US\"},{\"@type\":\"Organization\",\"@id\":\"https:\\\/\\\/staging.glaswunder.eu\\\/#organization\",\"name\":\"Glaswunder\",\"url\":\"https:\\\/\\\/staging.glaswunder.eu\\\/\",\"logo\":{\"@type\":\"ImageObject\",\"inLanguage\":\"en-US\",\"@id\":\"https:\\\/\\\/staging.glaswunder.eu\\\/#\\\/schema\\\/logo\\\/image\\\/\",\"url\":\"https:\\\/\\\/staging.glaswunder.eu\\\/wp-content\\\/uploads\\\/2023\\\/02\\\/GlasWunderLogo.webp\",\"contentUrl\":\"https:\\\/\\\/staging.glaswunder.eu\\\/wp-content\\\/uploads\\\/2023\\\/02\\\/GlasWunderLogo.webp\",\"width\":500,\"height\":486,\"caption\":\"Glaswunder\"},\"image\":{\"@id\":\"https:\\\/\\\/staging.glaswunder.eu\\\/#\\\/schema\\\/logo\\\/image\\\/\"}}]}<\/script>\n<!-- \/ Yoast SEO plugin. -->","yoast_head_json":{"title":"\"little guardians\" - Erdm\u00e4nnchen - Glaswunder","description":"Dieser in Deutschland hergestellte, mundgeblasene und handbemalte Christbaumschmuck ist ein hochwertiges Beispiel traditioneller Handwerkskunst.","robots":{"index":"noindex","follow":"follow","max-snippet":"max-snippet:-1","max-image-preview":"max-image-preview:large","max-video-preview":"max-video-preview:-1"},"og_locale":"en_US","og_type":"article","og_title":"\"little guardians\" - Erdm\u00e4nnchen - Glaswunder","og_description":"Dieser in Deutschland hergestellte, mundgeblasene und handbemalte Christbaumschmuck ist ein hochwertiges Beispiel traditioneller Handwerkskunst.","og_url":"https:\/\/staging.glaswunder.eu\/en\/shop\/little-guardians-erdmaennchen\/","og_site_name":"Glaswunder","article_modified_time":"2026-03-26T09:39:14+00:00","og_image":[{"width":1500,"height":1500,"url":"https:\/\/staging.glaswunder.eu\/wp-content\/uploads\/2026\/02\/little-guardians-erdmaennchen-4262381711937.webp","type":"image\/webp"}],"twitter_card":"summary_large_image","twitter_misc":{"Est. reading time":"1 minute"},"schema":{"@context":"https:\/\/schema.org","@graph":[{"@type":"WebPage","@id":"https:\/\/staging.glaswunder.eu\/shop\/little-guardians-erdmaennchen\/","url":"https:\/\/staging.glaswunder.eu\/shop\/little-guardians-erdmaennchen\/","name":"\"little guardians\" - Erdm\u00e4nnchen - Glaswunder","isPartOf":{"@id":"https:\/\/staging.glaswunder.eu\/#website"},"primaryImageOfPage":{"@id":"https:\/\/staging.glaswunder.eu\/shop\/little-guardians-erdmaennchen\/#primaryimage"},"image":{"@id":"https:\/\/staging.glaswunder.eu\/shop\/little-guardians-erdmaennchen\/#primaryimage"},"thumbnailUrl":"https:\/\/staging.glaswunder.eu\/wp-content\/uploads\/2026\/02\/little-guardians-erdmaennchen-4262381711937.webp","datePublished":"2025-11-15T15:56:42+00:00","dateModified":"2026-03-26T09:39:14+00:00","description":"Dieser in Deutschland hergestellte, mundgeblasene und handbemalte Christbaumschmuck ist ein hochwertiges Beispiel traditioneller Handwerkskunst.","breadcrumb":{"@id":"https:\/\/staging.glaswunder.eu\/shop\/little-guardians-erdmaennchen\/#breadcrumb"},"inLanguage":"en-US","potentialAction":[{"@type":"ReadAction","target":["https:\/\/staging.glaswunder.eu\/shop\/little-guardians-erdmaennchen\/"]}]},{"@type":"ImageObject","inLanguage":"en-US","@id":"https:\/\/staging.glaswunder.eu\/shop\/little-guardians-erdmaennchen\/#primaryimage","url":"https:\/\/staging.glaswunder.eu\/wp-content\/uploads\/2026\/02\/little-guardians-erdmaennchen-4262381711937.webp","contentUrl":"https:\/\/staging.glaswunder.eu\/wp-content\/uploads\/2026\/02\/little-guardians-erdmaennchen-4262381711937.webp","width":1500,"height":1500},{"@type":"BreadcrumbList","@id":"https:\/\/staging.glaswunder.eu\/shop\/little-guardians-erdmaennchen\/#breadcrumb","itemListElement":[{"@type":"ListItem","position":1,"name":"Startseite","item":"https:\/\/staging.glaswunder.eu\/"},{"@type":"ListItem","position":2,"name":"Shop","item":"https:\/\/staging.glaswunder.eu\/shop\/"},{"@type":"ListItem","position":3,"name":"&#8222;little guardians&#8220; &#8211; Erdm\u00e4nnchen"}]},{"@type":"WebSite","@id":"https:\/\/staging.glaswunder.eu\/#website","url":"https:\/\/staging.glaswunder.eu\/","name":"Glaswunder","description":"Exklusive Christbaumkugeln, Weihnachtkugeln, Christbaumschmuck und mehr.","publisher":{"@id":"https:\/\/staging.glaswunder.eu\/#organization"},"potentialAction":[{"@type":"SearchAction","target":{"@type":"EntryPoint","urlTemplate":"https:\/\/staging.glaswunder.eu\/?s={search_term_string}"},"query-input":{"@type":"PropertyValueSpecification","valueRequired":true,"valueName":"search_term_string"}}],"inLanguage":"en-US"},{"@type":"Organization","@id":"https:\/\/staging.glaswunder.eu\/#organization","name":"Glaswunder","url":"https:\/\/staging.glaswunder.eu\/","logo":{"@type":"ImageObject","inLanguage":"en-US","@id":"https:\/\/staging.glaswunder.eu\/#\/schema\/logo\/image\/","url":"https:\/\/staging.glaswunder.eu\/wp-content\/uploads\/2023\/02\/GlasWunderLogo.webp","contentUrl":"https:\/\/staging.glaswunder.eu\/wp-content\/uploads\/2023\/02\/GlasWunderLogo.webp","width":500,"height":486,"caption":"Glaswunder"},"image":{"@id":"https:\/\/staging.glaswunder.eu\/#\/schema\/logo\/image\/"}}]}},"_links":{"self":[{"href":"https:\/\/staging.glaswunder.eu\/en\/wp-json\/wp\/v2\/product\/4558","targetHints":{"allow":["GET"]}}],"collection":[{"href":"https:\/\/staging.glaswunder.eu\/en\/wp-json\/wp\/v2\/product"}],"about":[{"href":"https:\/\/staging.glaswunder.eu\/en\/wp-json\/wp\/v2\/types\/product"}],"version-history":[{"count":4,"href":"https:\/\/staging.glaswunder.eu\/en\/wp-json\/wp\/v2\/product\/4558\/revisions"}],"predecessor-version":[{"id":5066,"href":"https:\/\/staging.glaswunder.eu\/en\/wp-json\/wp\/v2\/product\/4558\/revisions\/5066"}],"wp:featuredmedia":[{"embeddable":true,"href":"https:\/\/staging.glaswunder.eu\/en\/wp-json\/wp\/v2\/media\/5026"}],"wp:attachment":[{"href":"https:\/\/staging.glaswunder.eu\/en\/wp-json\/wp\/v2\/media?parent=4558"}],"wp:term":[{"taxonomy":"product_brand","embeddable":true,"href":"https:\/\/staging.glaswunder.eu\/en\/wp-json\/wp\/v2\/product_brand?post=4558"},{"taxonomy":"product_cat","embeddable":true,"href":"https:\/\/staging.glaswunder.eu\/en\/wp-json\/wp\/v2\/product_cat?post=4558"},{"taxonomy":"product_tag","embeddable":true,"href":"https:\/\/staging.glaswunder.eu\/en\/wp-json\/wp\/v2\/product_tag?post=4558"}],"curies":[{"name":"wp","href":"https:\/\/api.w.org\/{rel}","templated":true}]}}