{"id":5198,"date":"2026-03-03T08:49:07","date_gmt":"2026-03-03T08:49:07","guid":{"rendered":"https:\/\/glaswunder.eu\/?post_type=product&#038;p=5198"},"modified":"2026-03-31T09:18:09","modified_gmt":"2026-03-31T09:18:09","slug":"haarspange-echtglas-gelb-weiss","status":"publish","type":"product","link":"https:\/\/staging.glaswunder.eu\/en\/shop\/haarspange-echtglas-gelb-weiss\/","title":{"rendered":"Haarspange Echtglas-gelb wei\u00df"},"content":{"rendered":"<p data-start=\"126\" data-end=\"391\">Diese hochwertige Haarspange ist vollst\u00e4ndig aus Echtglas gefertigt und \u00fcberzeugt durch ihre strahlende Farbkombination aus Gelb und Wei\u00df. Die kunstvoll gearbeiteten Blumen-Elemente aus Glas verleihen dem Accessoire eine elegante Leichtigkeit und einen edlen Glanz.<\/p>\n<p data-start=\"393\" data-end=\"648\">Durch das Echtglas entsteht eine besondere Tiefe und Hochwertigkeit, die jede Frisur stilvoll aufwertet. Die stabilen Zinken sorgen f\u00fcr sicheren Halt und lassen sich einfach ins Haar einstecken \u2013 ideal f\u00fcr Hochsteckfrisuren, Dutts oder halb offene Styles.<\/p>\n<p data-start=\"650\" data-end=\"734\">Ein elegantes Highlight f\u00fcr besondere Anl\u00e4sse oder als strahlender Akzent im Alltag.<\/p>\n<p data-start=\"736\" data-end=\"748\">","protected":false},"excerpt":{"rendered":"<p>Haarspange aus Echtglas in Gelb-Wei\u00df mit Blumen-Design. Edler Glanz, hochwertige Verarbeitung und sicherer Halt f\u00fcr stilvolle Frisuren.<\/p>","protected":false},"featured_media":5199,"template":"","meta":{"_acf_changed":false},"product_brand":[],"product_cat":[73,72],"product_tag":[],"class_list":{"0":"post-5198","1":"product","2":"type-product","3":"status-publish","4":"has-post-thumbnail","6":"product_cat-haarschmuck","7":"product_cat-schmuck","9":"first","10":"instock","11":"taxable","12":"shipping-taxable","13":"purchasable","14":"product-type-simple"},"acf":[],"yoast_head":"<!-- This site is optimized with the Yoast SEO plugin v27.3 - https:\/\/yoast.com\/product\/yoast-seo-wordpress\/ -->\n<title>Haarspange Echtglas-gelb wei\u00df - Glaswunder<\/title>\n<meta name=\"robots\" content=\"noindex, follow, max-snippet:-1, max-image-preview:large, max-video-preview:-1\" \/>\n<meta property=\"og:locale\" content=\"en_US\" \/>\n<meta property=\"og:type\" content=\"article\" \/>\n<meta property=\"og:title\" content=\"Haarspange Echtglas-gelb wei\u00df - Glaswunder\" \/>\n<meta property=\"og:description\" content=\"Haarspange aus Echtglas in Gelb-Wei\u00df mit Blumen-Design. Edler Glanz, hochwertige Verarbeitung und sicherer Halt f\u00fcr stilvolle Frisuren.\" \/>\n<meta property=\"og:url\" content=\"https:\/\/staging.glaswunder.eu\/en\/shop\/haarspange-echtglas-gelb-weiss\/\" \/>\n<meta property=\"og:site_name\" content=\"Glaswunder\" \/>\n<meta property=\"article:modified_time\" content=\"2026-03-31T09:18:09+00:00\" \/>\n<meta property=\"og:image\" content=\"https:\/\/staging.glaswunder.eu\/wp-content\/uploads\/2026\/03\/1-1-5.jpg\" \/>\n\t<meta property=\"og:image:width\" content=\"1920\" \/>\n\t<meta property=\"og:image:height\" content=\"1920\" \/>\n\t<meta property=\"og:image:type\" content=\"image\/jpeg\" \/>\n<meta name=\"twitter:card\" content=\"summary_large_image\" \/>\n<meta name=\"twitter:label1\" content=\"Est. reading time\" \/>\n\t<meta name=\"twitter:data1\" content=\"1 minute\" \/>\n<script type=\"application\/ld+json\" class=\"yoast-schema-graph\">{\"@context\":\"https:\\\/\\\/schema.org\",\"@graph\":[{\"@type\":\"WebPage\",\"@id\":\"https:\\\/\\\/staging.glaswunder.eu\\\/shop\\\/haarspange-echtglas-gelb-weiss\\\/\",\"url\":\"https:\\\/\\\/staging.glaswunder.eu\\\/shop\\\/haarspange-echtglas-gelb-weiss\\\/\",\"name\":\"Haarspange Echtglas-gelb wei\u00df - Glaswunder\",\"isPartOf\":{\"@id\":\"https:\\\/\\\/staging.glaswunder.eu\\\/#website\"},\"primaryImageOfPage\":{\"@id\":\"https:\\\/\\\/staging.glaswunder.eu\\\/shop\\\/haarspange-echtglas-gelb-weiss\\\/#primaryimage\"},\"image\":{\"@id\":\"https:\\\/\\\/staging.glaswunder.eu\\\/shop\\\/haarspange-echtglas-gelb-weiss\\\/#primaryimage\"},\"thumbnailUrl\":\"https:\\\/\\\/staging.glaswunder.eu\\\/wp-content\\\/uploads\\\/2026\\\/03\\\/1-1-5.jpg\",\"datePublished\":\"2026-03-03T08:49:07+00:00\",\"dateModified\":\"2026-03-31T09:18:09+00:00\",\"breadcrumb\":{\"@id\":\"https:\\\/\\\/staging.glaswunder.eu\\\/shop\\\/haarspange-echtglas-gelb-weiss\\\/#breadcrumb\"},\"inLanguage\":\"en-US\",\"potentialAction\":[{\"@type\":\"ReadAction\",\"target\":[\"https:\\\/\\\/staging.glaswunder.eu\\\/shop\\\/haarspange-echtglas-gelb-weiss\\\/\"]}]},{\"@type\":\"ImageObject\",\"inLanguage\":\"en-US\",\"@id\":\"https:\\\/\\\/staging.glaswunder.eu\\\/shop\\\/haarspange-echtglas-gelb-weiss\\\/#primaryimage\",\"url\":\"https:\\\/\\\/staging.glaswunder.eu\\\/wp-content\\\/uploads\\\/2026\\\/03\\\/1-1-5.jpg\",\"contentUrl\":\"https:\\\/\\\/staging.glaswunder.eu\\\/wp-content\\\/uploads\\\/2026\\\/03\\\/1-1-5.jpg\",\"width\":1920,\"height\":1920},{\"@type\":\"BreadcrumbList\",\"@id\":\"https:\\\/\\\/staging.glaswunder.eu\\\/shop\\\/haarspange-echtglas-gelb-weiss\\\/#breadcrumb\",\"itemListElement\":[{\"@type\":\"ListItem\",\"position\":1,\"name\":\"Startseite\",\"item\":\"https:\\\/\\\/staging.glaswunder.eu\\\/\"},{\"@type\":\"ListItem\",\"position\":2,\"name\":\"Shop\",\"item\":\"https:\\\/\\\/staging.glaswunder.eu\\\/shop\\\/\"},{\"@type\":\"ListItem\",\"position\":3,\"name\":\"Haarspange Echtglas-gelb wei\u00df\"}]},{\"@type\":\"WebSite\",\"@id\":\"https:\\\/\\\/staging.glaswunder.eu\\\/#website\",\"url\":\"https:\\\/\\\/staging.glaswunder.eu\\\/\",\"name\":\"Glaswunder\",\"description\":\"Exklusive Christbaumkugeln, Weihnachtkugeln, Christbaumschmuck und mehr.\",\"publisher\":{\"@id\":\"https:\\\/\\\/staging.glaswunder.eu\\\/#organization\"},\"potentialAction\":[{\"@type\":\"SearchAction\",\"target\":{\"@type\":\"EntryPoint\",\"urlTemplate\":\"https:\\\/\\\/staging.glaswunder.eu\\\/?s={search_term_string}\"},\"query-input\":{\"@type\":\"PropertyValueSpecification\",\"valueRequired\":true,\"valueName\":\"search_term_string\"}}],\"inLanguage\":\"en-US\"},{\"@type\":\"Organization\",\"@id\":\"https:\\\/\\\/staging.glaswunder.eu\\\/#organization\",\"name\":\"Glaswunder\",\"url\":\"https:\\\/\\\/staging.glaswunder.eu\\\/\",\"logo\":{\"@type\":\"ImageObject\",\"inLanguage\":\"en-US\",\"@id\":\"https:\\\/\\\/staging.glaswunder.eu\\\/#\\\/schema\\\/logo\\\/image\\\/\",\"url\":\"https:\\\/\\\/staging.glaswunder.eu\\\/wp-content\\\/uploads\\\/2023\\\/02\\\/GlasWunderLogo.webp\",\"contentUrl\":\"https:\\\/\\\/staging.glaswunder.eu\\\/wp-content\\\/uploads\\\/2023\\\/02\\\/GlasWunderLogo.webp\",\"width\":500,\"height\":486,\"caption\":\"Glaswunder\"},\"image\":{\"@id\":\"https:\\\/\\\/staging.glaswunder.eu\\\/#\\\/schema\\\/logo\\\/image\\\/\"}}]}<\/script>\n<!-- \/ Yoast SEO plugin. -->","yoast_head_json":{"title":"Haarspange Echtglas-gelb wei\u00df - Glaswunder","robots":{"index":"noindex","follow":"follow","max-snippet":"max-snippet:-1","max-image-preview":"max-image-preview:large","max-video-preview":"max-video-preview:-1"},"og_locale":"en_US","og_type":"article","og_title":"Haarspange Echtglas-gelb wei\u00df - Glaswunder","og_description":"Haarspange aus Echtglas in Gelb-Wei\u00df mit Blumen-Design. Edler Glanz, hochwertige Verarbeitung und sicherer Halt f\u00fcr stilvolle Frisuren.","og_url":"https:\/\/staging.glaswunder.eu\/en\/shop\/haarspange-echtglas-gelb-weiss\/","og_site_name":"Glaswunder","article_modified_time":"2026-03-31T09:18:09+00:00","og_image":[{"width":1920,"height":1920,"url":"https:\/\/staging.glaswunder.eu\/wp-content\/uploads\/2026\/03\/1-1-5.jpg","type":"image\/jpeg"}],"twitter_card":"summary_large_image","twitter_misc":{"Est. reading time":"1 minute"},"schema":{"@context":"https:\/\/schema.org","@graph":[{"@type":"WebPage","@id":"https:\/\/staging.glaswunder.eu\/shop\/haarspange-echtglas-gelb-weiss\/","url":"https:\/\/staging.glaswunder.eu\/shop\/haarspange-echtglas-gelb-weiss\/","name":"Haarspange Echtglas-gelb wei\u00df - Glaswunder","isPartOf":{"@id":"https:\/\/staging.glaswunder.eu\/#website"},"primaryImageOfPage":{"@id":"https:\/\/staging.glaswunder.eu\/shop\/haarspange-echtglas-gelb-weiss\/#primaryimage"},"image":{"@id":"https:\/\/staging.glaswunder.eu\/shop\/haarspange-echtglas-gelb-weiss\/#primaryimage"},"thumbnailUrl":"https:\/\/staging.glaswunder.eu\/wp-content\/uploads\/2026\/03\/1-1-5.jpg","datePublished":"2026-03-03T08:49:07+00:00","dateModified":"2026-03-31T09:18:09+00:00","breadcrumb":{"@id":"https:\/\/staging.glaswunder.eu\/shop\/haarspange-echtglas-gelb-weiss\/#breadcrumb"},"inLanguage":"en-US","potentialAction":[{"@type":"ReadAction","target":["https:\/\/staging.glaswunder.eu\/shop\/haarspange-echtglas-gelb-weiss\/"]}]},{"@type":"ImageObject","inLanguage":"en-US","@id":"https:\/\/staging.glaswunder.eu\/shop\/haarspange-echtglas-gelb-weiss\/#primaryimage","url":"https:\/\/staging.glaswunder.eu\/wp-content\/uploads\/2026\/03\/1-1-5.jpg","contentUrl":"https:\/\/staging.glaswunder.eu\/wp-content\/uploads\/2026\/03\/1-1-5.jpg","width":1920,"height":1920},{"@type":"BreadcrumbList","@id":"https:\/\/staging.glaswunder.eu\/shop\/haarspange-echtglas-gelb-weiss\/#breadcrumb","itemListElement":[{"@type":"ListItem","position":1,"name":"Startseite","item":"https:\/\/staging.glaswunder.eu\/"},{"@type":"ListItem","position":2,"name":"Shop","item":"https:\/\/staging.glaswunder.eu\/shop\/"},{"@type":"ListItem","position":3,"name":"Haarspange Echtglas-gelb wei\u00df"}]},{"@type":"WebSite","@id":"https:\/\/staging.glaswunder.eu\/#website","url":"https:\/\/staging.glaswunder.eu\/","name":"Glaswunder","description":"Exklusive Christbaumkugeln, Weihnachtkugeln, Christbaumschmuck und mehr.","publisher":{"@id":"https:\/\/staging.glaswunder.eu\/#organization"},"potentialAction":[{"@type":"SearchAction","target":{"@type":"EntryPoint","urlTemplate":"https:\/\/staging.glaswunder.eu\/?s={search_term_string}"},"query-input":{"@type":"PropertyValueSpecification","valueRequired":true,"valueName":"search_term_string"}}],"inLanguage":"en-US"},{"@type":"Organization","@id":"https:\/\/staging.glaswunder.eu\/#organization","name":"Glaswunder","url":"https:\/\/staging.glaswunder.eu\/","logo":{"@type":"ImageObject","inLanguage":"en-US","@id":"https:\/\/staging.glaswunder.eu\/#\/schema\/logo\/image\/","url":"https:\/\/staging.glaswunder.eu\/wp-content\/uploads\/2023\/02\/GlasWunderLogo.webp","contentUrl":"https:\/\/staging.glaswunder.eu\/wp-content\/uploads\/2023\/02\/GlasWunderLogo.webp","width":500,"height":486,"caption":"Glaswunder"},"image":{"@id":"https:\/\/staging.glaswunder.eu\/#\/schema\/logo\/image\/"}}]}},"_links":{"self":[{"href":"https:\/\/staging.glaswunder.eu\/en\/wp-json\/wp\/v2\/product\/5198","targetHints":{"allow":["GET"]}}],"collection":[{"href":"https:\/\/staging.glaswunder.eu\/en\/wp-json\/wp\/v2\/product"}],"about":[{"href":"https:\/\/staging.glaswunder.eu\/en\/wp-json\/wp\/v2\/types\/product"}],"version-history":[{"count":2,"href":"https:\/\/staging.glaswunder.eu\/en\/wp-json\/wp\/v2\/product\/5198\/revisions"}],"predecessor-version":[{"id":5204,"href":"https:\/\/staging.glaswunder.eu\/en\/wp-json\/wp\/v2\/product\/5198\/revisions\/5204"}],"wp:featuredmedia":[{"embeddable":true,"href":"https:\/\/staging.glaswunder.eu\/en\/wp-json\/wp\/v2\/media\/5199"}],"wp:attachment":[{"href":"https:\/\/staging.glaswunder.eu\/en\/wp-json\/wp\/v2\/media?parent=5198"}],"wp:term":[{"taxonomy":"product_brand","embeddable":true,"href":"https:\/\/staging.glaswunder.eu\/en\/wp-json\/wp\/v2\/product_brand?post=5198"},{"taxonomy":"product_cat","embeddable":true,"href":"https:\/\/staging.glaswunder.eu\/en\/wp-json\/wp\/v2\/product_cat?post=5198"},{"taxonomy":"product_tag","embeddable":true,"href":"https:\/\/staging.glaswunder.eu\/en\/wp-json\/wp\/v2\/product_tag?post=5198"}],"curies":[{"name":"wp","href":"https:\/\/api.w.org\/{rel}","templated":true}]}}