{"id":5212,"date":"2026-03-04T10:28:22","date_gmt":"2026-03-04T10:28:22","guid":{"rendered":"https:\/\/glaswunder.eu\/?post_type=product&#038;p=5212"},"modified":"2026-04-16T12:56:51","modified_gmt":"2026-04-16T10:56:51","slug":"rosenkugel-blau-12cm","status":"publish","type":"product","link":"https:\/\/staging.glaswunder.eu\/en\/shop\/rosenkugel-blau-12cm\/","title":{"rendered":"Rosenkugel Blau 12cm"},"content":{"rendered":"<p data-start=\"51\" data-end=\"312\">Die elegante Rosenkugel in Blau (12 cm) ist ein dekorativer Blickfang f\u00fcr Garten, Balkon oder Wohnbereich. Gefertigt aus hochwertigem Glas, \u00fcberzeugt sie durch ihre gl\u00e4nzende Oberfl\u00e4che und die intensive blaue Farbe, die das Licht wundersch\u00f6n reflektiert.<\/p>\n<p data-start=\"314\" data-end=\"513\">Ob zwischen Blumenbeeten, auf einem Rosenstab oder als stilvolle Dekoration im Innenbereich \u2013 die Glaskugel setzt besondere Akzente und verleiht jeder Umgebung eine harmonische und edle Atmosph\u00e4re.<\/p>\n<p data-start=\"515\" data-end=\"529\">","protected":false},"excerpt":{"rendered":"<p>Elegante Rosenkugel aus blauem Echtglas mit 12 cm Durchmesser. Die gl\u00e4nzende Oberfl\u00e4che reflektiert das Licht wundersch\u00f6n und setzt stilvolle Akzente im Garten, auf der Terrasse oder im Wohnbereich. Eine dekorative Glaskugel f\u00fcr eine besondere und harmonische Atmosph\u00e4re.<\/p>","protected":false},"featured_media":5213,"template":"","meta":{"_acf_changed":false},"product_brand":[],"product_cat":[15,74,77],"product_tag":[],"class_list":{"0":"post-5212","1":"product","2":"type-product","3":"status-publish","4":"has-post-thumbnail","6":"product_cat-alle-produkte","7":"product_cat-elias-farbglashuette-lauscha","8":"product_cat-rosenkugel-12cm","10":"first","11":"instock","12":"taxable","13":"shipping-taxable","14":"purchasable","15":"product-type-simple"},"acf":[],"yoast_head":"<!-- This site is optimized with the Yoast SEO plugin v27.3 - https:\/\/yoast.com\/product\/yoast-seo-wordpress\/ -->\n<title>Rosenkugel Blau 12cm - Glaswunder<\/title>\n<meta name=\"robots\" content=\"noindex, follow, max-snippet:-1, max-image-preview:large, max-video-preview:-1\" \/>\n<meta property=\"og:locale\" content=\"en_US\" \/>\n<meta property=\"og:type\" content=\"article\" \/>\n<meta property=\"og:title\" content=\"Rosenkugel Blau 12cm - Glaswunder\" \/>\n<meta property=\"og:description\" content=\"Elegante Rosenkugel aus blauem Echtglas mit 12 cm Durchmesser. Die gl\u00e4nzende Oberfl\u00e4che reflektiert das Licht wundersch\u00f6n und setzt stilvolle Akzente im Garten, auf der Terrasse oder im Wohnbereich. Eine dekorative Glaskugel f\u00fcr eine besondere und harmonische Atmosph\u00e4re.\" \/>\n<meta property=\"og:url\" content=\"https:\/\/staging.glaswunder.eu\/en\/shop\/rosenkugel-blau-12cm\/\" \/>\n<meta property=\"og:site_name\" content=\"Glaswunder\" \/>\n<meta property=\"article:modified_time\" content=\"2026-04-16T10:56:51+00:00\" \/>\n<meta property=\"og:image\" content=\"https:\/\/staging.glaswunder.eu\/wp-content\/uploads\/2026\/03\/2-4.jpg\" \/>\n\t<meta property=\"og:image:width\" content=\"1920\" \/>\n\t<meta property=\"og:image:height\" content=\"1920\" \/>\n\t<meta property=\"og:image:type\" content=\"image\/jpeg\" \/>\n<meta name=\"twitter:card\" content=\"summary_large_image\" \/>\n<meta name=\"twitter:label1\" content=\"Est. reading time\" \/>\n\t<meta name=\"twitter:data1\" content=\"1 minute\" \/>\n<script type=\"application\/ld+json\" class=\"yoast-schema-graph\">{\"@context\":\"https:\\\/\\\/schema.org\",\"@graph\":[{\"@type\":\"WebPage\",\"@id\":\"https:\\\/\\\/staging.glaswunder.eu\\\/shop\\\/rosenkugel-blau-12cm\\\/\",\"url\":\"https:\\\/\\\/staging.glaswunder.eu\\\/shop\\\/rosenkugel-blau-12cm\\\/\",\"name\":\"Rosenkugel Blau 12cm - Glaswunder\",\"isPartOf\":{\"@id\":\"https:\\\/\\\/staging.glaswunder.eu\\\/#website\"},\"primaryImageOfPage\":{\"@id\":\"https:\\\/\\\/staging.glaswunder.eu\\\/shop\\\/rosenkugel-blau-12cm\\\/#primaryimage\"},\"image\":{\"@id\":\"https:\\\/\\\/staging.glaswunder.eu\\\/shop\\\/rosenkugel-blau-12cm\\\/#primaryimage\"},\"thumbnailUrl\":\"https:\\\/\\\/staging.glaswunder.eu\\\/wp-content\\\/uploads\\\/2026\\\/03\\\/2-4.jpg\",\"datePublished\":\"2026-03-04T10:28:22+00:00\",\"dateModified\":\"2026-04-16T10:56:51+00:00\",\"breadcrumb\":{\"@id\":\"https:\\\/\\\/staging.glaswunder.eu\\\/shop\\\/rosenkugel-blau-12cm\\\/#breadcrumb\"},\"inLanguage\":\"en-US\",\"potentialAction\":[{\"@type\":\"ReadAction\",\"target\":[\"https:\\\/\\\/staging.glaswunder.eu\\\/shop\\\/rosenkugel-blau-12cm\\\/\"]}]},{\"@type\":\"ImageObject\",\"inLanguage\":\"en-US\",\"@id\":\"https:\\\/\\\/staging.glaswunder.eu\\\/shop\\\/rosenkugel-blau-12cm\\\/#primaryimage\",\"url\":\"https:\\\/\\\/staging.glaswunder.eu\\\/wp-content\\\/uploads\\\/2026\\\/03\\\/2-4.jpg\",\"contentUrl\":\"https:\\\/\\\/staging.glaswunder.eu\\\/wp-content\\\/uploads\\\/2026\\\/03\\\/2-4.jpg\",\"width\":1920,\"height\":1920},{\"@type\":\"BreadcrumbList\",\"@id\":\"https:\\\/\\\/staging.glaswunder.eu\\\/shop\\\/rosenkugel-blau-12cm\\\/#breadcrumb\",\"itemListElement\":[{\"@type\":\"ListItem\",\"position\":1,\"name\":\"Startseite\",\"item\":\"https:\\\/\\\/staging.glaswunder.eu\\\/\"},{\"@type\":\"ListItem\",\"position\":2,\"name\":\"Shop\",\"item\":\"https:\\\/\\\/staging.glaswunder.eu\\\/shop\\\/\"},{\"@type\":\"ListItem\",\"position\":3,\"name\":\"Rosenkugel Blau 12cm\"}]},{\"@type\":\"WebSite\",\"@id\":\"https:\\\/\\\/staging.glaswunder.eu\\\/#website\",\"url\":\"https:\\\/\\\/staging.glaswunder.eu\\\/\",\"name\":\"Glaswunder\",\"description\":\"Exklusive Christbaumkugeln, Weihnachtkugeln, Christbaumschmuck und mehr.\",\"publisher\":{\"@id\":\"https:\\\/\\\/staging.glaswunder.eu\\\/#organization\"},\"potentialAction\":[{\"@type\":\"SearchAction\",\"target\":{\"@type\":\"EntryPoint\",\"urlTemplate\":\"https:\\\/\\\/staging.glaswunder.eu\\\/?s={search_term_string}\"},\"query-input\":{\"@type\":\"PropertyValueSpecification\",\"valueRequired\":true,\"valueName\":\"search_term_string\"}}],\"inLanguage\":\"en-US\"},{\"@type\":\"Organization\",\"@id\":\"https:\\\/\\\/staging.glaswunder.eu\\\/#organization\",\"name\":\"Glaswunder\",\"url\":\"https:\\\/\\\/staging.glaswunder.eu\\\/\",\"logo\":{\"@type\":\"ImageObject\",\"inLanguage\":\"en-US\",\"@id\":\"https:\\\/\\\/staging.glaswunder.eu\\\/#\\\/schema\\\/logo\\\/image\\\/\",\"url\":\"https:\\\/\\\/staging.glaswunder.eu\\\/wp-content\\\/uploads\\\/2023\\\/02\\\/GlasWunderLogo.webp\",\"contentUrl\":\"https:\\\/\\\/staging.glaswunder.eu\\\/wp-content\\\/uploads\\\/2023\\\/02\\\/GlasWunderLogo.webp\",\"width\":500,\"height\":486,\"caption\":\"Glaswunder\"},\"image\":{\"@id\":\"https:\\\/\\\/staging.glaswunder.eu\\\/#\\\/schema\\\/logo\\\/image\\\/\"}}]}<\/script>\n<!-- \/ Yoast SEO plugin. -->","yoast_head_json":{"title":"Rosenkugel Blau 12cm - Glaswunder","robots":{"index":"noindex","follow":"follow","max-snippet":"max-snippet:-1","max-image-preview":"max-image-preview:large","max-video-preview":"max-video-preview:-1"},"og_locale":"en_US","og_type":"article","og_title":"Rosenkugel Blau 12cm - Glaswunder","og_description":"Elegante Rosenkugel aus blauem Echtglas mit 12 cm Durchmesser. Die gl\u00e4nzende Oberfl\u00e4che reflektiert das Licht wundersch\u00f6n und setzt stilvolle Akzente im Garten, auf der Terrasse oder im Wohnbereich. Eine dekorative Glaskugel f\u00fcr eine besondere und harmonische Atmosph\u00e4re.","og_url":"https:\/\/staging.glaswunder.eu\/en\/shop\/rosenkugel-blau-12cm\/","og_site_name":"Glaswunder","article_modified_time":"2026-04-16T10:56:51+00:00","og_image":[{"width":1920,"height":1920,"url":"https:\/\/staging.glaswunder.eu\/wp-content\/uploads\/2026\/03\/2-4.jpg","type":"image\/jpeg"}],"twitter_card":"summary_large_image","twitter_misc":{"Est. reading time":"1 minute"},"schema":{"@context":"https:\/\/schema.org","@graph":[{"@type":"WebPage","@id":"https:\/\/staging.glaswunder.eu\/shop\/rosenkugel-blau-12cm\/","url":"https:\/\/staging.glaswunder.eu\/shop\/rosenkugel-blau-12cm\/","name":"Rosenkugel Blau 12cm - Glaswunder","isPartOf":{"@id":"https:\/\/staging.glaswunder.eu\/#website"},"primaryImageOfPage":{"@id":"https:\/\/staging.glaswunder.eu\/shop\/rosenkugel-blau-12cm\/#primaryimage"},"image":{"@id":"https:\/\/staging.glaswunder.eu\/shop\/rosenkugel-blau-12cm\/#primaryimage"},"thumbnailUrl":"https:\/\/staging.glaswunder.eu\/wp-content\/uploads\/2026\/03\/2-4.jpg","datePublished":"2026-03-04T10:28:22+00:00","dateModified":"2026-04-16T10:56:51+00:00","breadcrumb":{"@id":"https:\/\/staging.glaswunder.eu\/shop\/rosenkugel-blau-12cm\/#breadcrumb"},"inLanguage":"en-US","potentialAction":[{"@type":"ReadAction","target":["https:\/\/staging.glaswunder.eu\/shop\/rosenkugel-blau-12cm\/"]}]},{"@type":"ImageObject","inLanguage":"en-US","@id":"https:\/\/staging.glaswunder.eu\/shop\/rosenkugel-blau-12cm\/#primaryimage","url":"https:\/\/staging.glaswunder.eu\/wp-content\/uploads\/2026\/03\/2-4.jpg","contentUrl":"https:\/\/staging.glaswunder.eu\/wp-content\/uploads\/2026\/03\/2-4.jpg","width":1920,"height":1920},{"@type":"BreadcrumbList","@id":"https:\/\/staging.glaswunder.eu\/shop\/rosenkugel-blau-12cm\/#breadcrumb","itemListElement":[{"@type":"ListItem","position":1,"name":"Startseite","item":"https:\/\/staging.glaswunder.eu\/"},{"@type":"ListItem","position":2,"name":"Shop","item":"https:\/\/staging.glaswunder.eu\/shop\/"},{"@type":"ListItem","position":3,"name":"Rosenkugel Blau 12cm"}]},{"@type":"WebSite","@id":"https:\/\/staging.glaswunder.eu\/#website","url":"https:\/\/staging.glaswunder.eu\/","name":"Glaswunder","description":"Exklusive Christbaumkugeln, Weihnachtkugeln, Christbaumschmuck und mehr.","publisher":{"@id":"https:\/\/staging.glaswunder.eu\/#organization"},"potentialAction":[{"@type":"SearchAction","target":{"@type":"EntryPoint","urlTemplate":"https:\/\/staging.glaswunder.eu\/?s={search_term_string}"},"query-input":{"@type":"PropertyValueSpecification","valueRequired":true,"valueName":"search_term_string"}}],"inLanguage":"en-US"},{"@type":"Organization","@id":"https:\/\/staging.glaswunder.eu\/#organization","name":"Glaswunder","url":"https:\/\/staging.glaswunder.eu\/","logo":{"@type":"ImageObject","inLanguage":"en-US","@id":"https:\/\/staging.glaswunder.eu\/#\/schema\/logo\/image\/","url":"https:\/\/staging.glaswunder.eu\/wp-content\/uploads\/2023\/02\/GlasWunderLogo.webp","contentUrl":"https:\/\/staging.glaswunder.eu\/wp-content\/uploads\/2023\/02\/GlasWunderLogo.webp","width":500,"height":486,"caption":"Glaswunder"},"image":{"@id":"https:\/\/staging.glaswunder.eu\/#\/schema\/logo\/image\/"}}]}},"_links":{"self":[{"href":"https:\/\/staging.glaswunder.eu\/en\/wp-json\/wp\/v2\/product\/5212","targetHints":{"allow":["GET"]}}],"collection":[{"href":"https:\/\/staging.glaswunder.eu\/en\/wp-json\/wp\/v2\/product"}],"about":[{"href":"https:\/\/staging.glaswunder.eu\/en\/wp-json\/wp\/v2\/types\/product"}],"version-history":[{"count":1,"href":"https:\/\/staging.glaswunder.eu\/en\/wp-json\/wp\/v2\/product\/5212\/revisions"}],"predecessor-version":[{"id":5216,"href":"https:\/\/staging.glaswunder.eu\/en\/wp-json\/wp\/v2\/product\/5212\/revisions\/5216"}],"wp:featuredmedia":[{"embeddable":true,"href":"https:\/\/staging.glaswunder.eu\/en\/wp-json\/wp\/v2\/media\/5213"}],"wp:attachment":[{"href":"https:\/\/staging.glaswunder.eu\/en\/wp-json\/wp\/v2\/media?parent=5212"}],"wp:term":[{"taxonomy":"product_brand","embeddable":true,"href":"https:\/\/staging.glaswunder.eu\/en\/wp-json\/wp\/v2\/product_brand?post=5212"},{"taxonomy":"product_cat","embeddable":true,"href":"https:\/\/staging.glaswunder.eu\/en\/wp-json\/wp\/v2\/product_cat?post=5212"},{"taxonomy":"product_tag","embeddable":true,"href":"https:\/\/staging.glaswunder.eu\/en\/wp-json\/wp\/v2\/product_tag?post=5212"}],"curies":[{"name":"wp","href":"https:\/\/api.w.org\/{rel}","templated":true}]}}