{"id":5227,"date":"2026-03-04T10:29:51","date_gmt":"2026-03-04T10:29:51","guid":{"rendered":"https:\/\/glaswunder.eu\/?post_type=product&#038;p=5227"},"modified":"2026-03-04T10:29:51","modified_gmt":"2026-03-04T10:29:51","slug":"rosenkugel-venezia-veilchenblau-15cm","status":"publish","type":"product","link":"https:\/\/staging.glaswunder.eu\/en\/shop\/rosenkugel-venezia-veilchenblau-15cm\/","title":{"rendered":"Rosenkugel Venezia Veilchenblau 15cm"},"content":{"rendered":"<p data-start=\"69\" data-end=\"371\">Die elegante Rosenkugel Venezia in Veilchenblau (15 cm) ist eine stilvolle Dekoration f\u00fcr Garten, Terrasse oder Balkon. Die intensive, violett-blaue Farbgebung verleiht der Glaskugel eine besondere Tiefe und sorgt f\u00fcr wundersch\u00f6ne Lichtreflexionen im Sonnenlicht.<\/p>\n<p data-start=\"373\" data-end=\"692\">Ob zwischen Rosen im Blumenbeet, auf einem Rosenstab oder als dekoratives Element im Au\u00dfenbereich \u2013 diese hochwertige Glaskugel setzt edle Akzente und bringt Farbe sowie Harmonie in jede Gartengestaltung. Durch ihre gl\u00e4nzende Oberfl\u00e4che wird das Licht sanft reflektiert und sorgt f\u00fcr eine ruhige, elegante Atmosph\u00e4re.<\/p>","protected":false},"excerpt":{"rendered":"<p>Elegante Rosenkugel Venezia in Veilchenblau mit 15 cm Durchmesser. Die gl\u00e4nzende Glaskugel reflektiert das Licht wundersch\u00f6n und setzt stilvolle Akzente im Garten, auf der Terrasse oder im Blumenbeet.<\/p>","protected":false},"featured_media":5228,"template":"","meta":{"_acf_changed":false},"product_brand":[],"product_cat":[74,75,77,78,76],"product_tag":[],"class_list":{"0":"post-5227","1":"product","2":"type-product","3":"status-publish","4":"has-post-thumbnail","6":"product_cat-elias-farbglashuette-lauscha","7":"product_cat-gartenkugel","8":"product_cat-rosenkugel-12cm","9":"product_cat-rosenkugel-15cm","10":"product_cat-rosenkugel-9cm","12":"first","13":"instock","14":"taxable","15":"shipping-taxable","16":"purchasable","17":"product-type-simple"},"acf":[],"yoast_head":"<!-- This site is optimized with the Yoast SEO plugin v27.3 - https:\/\/yoast.com\/product\/yoast-seo-wordpress\/ -->\n<title>Rosenkugel Venezia Veilchenblau 15cm - Glaswunder<\/title>\n<meta name=\"robots\" content=\"noindex, follow, max-snippet:-1, max-image-preview:large, max-video-preview:-1\" \/>\n<meta property=\"og:locale\" content=\"en_US\" \/>\n<meta property=\"og:type\" content=\"article\" \/>\n<meta property=\"og:title\" content=\"Rosenkugel Venezia Veilchenblau 15cm - Glaswunder\" \/>\n<meta property=\"og:description\" content=\"Elegante Rosenkugel Venezia in Veilchenblau mit 15 cm Durchmesser. Die gl\u00e4nzende Glaskugel reflektiert das Licht wundersch\u00f6n und setzt stilvolle Akzente im Garten, auf der Terrasse oder im Blumenbeet.\" \/>\n<meta property=\"og:url\" content=\"https:\/\/staging.glaswunder.eu\/en\/shop\/rosenkugel-venezia-veilchenblau-15cm\/\" \/>\n<meta property=\"og:site_name\" content=\"Glaswunder\" \/>\n<meta property=\"og:image\" content=\"https:\/\/staging.glaswunder.eu\/wp-content\/uploads\/2026\/03\/2-5.jpg\" \/>\n\t<meta property=\"og:image:width\" content=\"1920\" \/>\n\t<meta property=\"og:image:height\" content=\"1920\" \/>\n\t<meta property=\"og:image:type\" content=\"image\/jpeg\" \/>\n<meta name=\"twitter:card\" content=\"summary_large_image\" \/>\n<meta name=\"twitter:label1\" content=\"Est. reading time\" \/>\n\t<meta name=\"twitter:data1\" content=\"1 minute\" \/>\n<script type=\"application\/ld+json\" class=\"yoast-schema-graph\">{\"@context\":\"https:\\\/\\\/schema.org\",\"@graph\":[{\"@type\":\"WebPage\",\"@id\":\"https:\\\/\\\/staging.glaswunder.eu\\\/shop\\\/rosenkugel-venezia-veilchenblau-15cm\\\/\",\"url\":\"https:\\\/\\\/staging.glaswunder.eu\\\/shop\\\/rosenkugel-venezia-veilchenblau-15cm\\\/\",\"name\":\"Rosenkugel Venezia Veilchenblau 15cm - Glaswunder\",\"isPartOf\":{\"@id\":\"https:\\\/\\\/staging.glaswunder.eu\\\/#website\"},\"primaryImageOfPage\":{\"@id\":\"https:\\\/\\\/staging.glaswunder.eu\\\/shop\\\/rosenkugel-venezia-veilchenblau-15cm\\\/#primaryimage\"},\"image\":{\"@id\":\"https:\\\/\\\/staging.glaswunder.eu\\\/shop\\\/rosenkugel-venezia-veilchenblau-15cm\\\/#primaryimage\"},\"thumbnailUrl\":\"https:\\\/\\\/staging.glaswunder.eu\\\/wp-content\\\/uploads\\\/2026\\\/03\\\/2-5.jpg\",\"datePublished\":\"2026-03-04T10:29:51+00:00\",\"breadcrumb\":{\"@id\":\"https:\\\/\\\/staging.glaswunder.eu\\\/shop\\\/rosenkugel-venezia-veilchenblau-15cm\\\/#breadcrumb\"},\"inLanguage\":\"en-US\",\"potentialAction\":[{\"@type\":\"ReadAction\",\"target\":[\"https:\\\/\\\/staging.glaswunder.eu\\\/shop\\\/rosenkugel-venezia-veilchenblau-15cm\\\/\"]}]},{\"@type\":\"ImageObject\",\"inLanguage\":\"en-US\",\"@id\":\"https:\\\/\\\/staging.glaswunder.eu\\\/shop\\\/rosenkugel-venezia-veilchenblau-15cm\\\/#primaryimage\",\"url\":\"https:\\\/\\\/staging.glaswunder.eu\\\/wp-content\\\/uploads\\\/2026\\\/03\\\/2-5.jpg\",\"contentUrl\":\"https:\\\/\\\/staging.glaswunder.eu\\\/wp-content\\\/uploads\\\/2026\\\/03\\\/2-5.jpg\",\"width\":1920,\"height\":1920},{\"@type\":\"BreadcrumbList\",\"@id\":\"https:\\\/\\\/staging.glaswunder.eu\\\/shop\\\/rosenkugel-venezia-veilchenblau-15cm\\\/#breadcrumb\",\"itemListElement\":[{\"@type\":\"ListItem\",\"position\":1,\"name\":\"Startseite\",\"item\":\"https:\\\/\\\/staging.glaswunder.eu\\\/\"},{\"@type\":\"ListItem\",\"position\":2,\"name\":\"Shop\",\"item\":\"https:\\\/\\\/staging.glaswunder.eu\\\/shop\\\/\"},{\"@type\":\"ListItem\",\"position\":3,\"name\":\"Rosenkugel Venezia Veilchenblau 15cm\"}]},{\"@type\":\"WebSite\",\"@id\":\"https:\\\/\\\/staging.glaswunder.eu\\\/#website\",\"url\":\"https:\\\/\\\/staging.glaswunder.eu\\\/\",\"name\":\"Glaswunder\",\"description\":\"Exklusive Christbaumkugeln, Weihnachtkugeln, Christbaumschmuck und mehr.\",\"publisher\":{\"@id\":\"https:\\\/\\\/staging.glaswunder.eu\\\/#organization\"},\"potentialAction\":[{\"@type\":\"SearchAction\",\"target\":{\"@type\":\"EntryPoint\",\"urlTemplate\":\"https:\\\/\\\/staging.glaswunder.eu\\\/?s={search_term_string}\"},\"query-input\":{\"@type\":\"PropertyValueSpecification\",\"valueRequired\":true,\"valueName\":\"search_term_string\"}}],\"inLanguage\":\"en-US\"},{\"@type\":\"Organization\",\"@id\":\"https:\\\/\\\/staging.glaswunder.eu\\\/#organization\",\"name\":\"Glaswunder\",\"url\":\"https:\\\/\\\/staging.glaswunder.eu\\\/\",\"logo\":{\"@type\":\"ImageObject\",\"inLanguage\":\"en-US\",\"@id\":\"https:\\\/\\\/staging.glaswunder.eu\\\/#\\\/schema\\\/logo\\\/image\\\/\",\"url\":\"https:\\\/\\\/staging.glaswunder.eu\\\/wp-content\\\/uploads\\\/2023\\\/02\\\/GlasWunderLogo.webp\",\"contentUrl\":\"https:\\\/\\\/staging.glaswunder.eu\\\/wp-content\\\/uploads\\\/2023\\\/02\\\/GlasWunderLogo.webp\",\"width\":500,\"height\":486,\"caption\":\"Glaswunder\"},\"image\":{\"@id\":\"https:\\\/\\\/staging.glaswunder.eu\\\/#\\\/schema\\\/logo\\\/image\\\/\"}}]}<\/script>\n<!-- \/ Yoast SEO plugin. -->","yoast_head_json":{"title":"Rosenkugel Venezia Veilchenblau 15cm - Glaswunder","robots":{"index":"noindex","follow":"follow","max-snippet":"max-snippet:-1","max-image-preview":"max-image-preview:large","max-video-preview":"max-video-preview:-1"},"og_locale":"en_US","og_type":"article","og_title":"Rosenkugel Venezia Veilchenblau 15cm - Glaswunder","og_description":"Elegante Rosenkugel Venezia in Veilchenblau mit 15 cm Durchmesser. Die gl\u00e4nzende Glaskugel reflektiert das Licht wundersch\u00f6n und setzt stilvolle Akzente im Garten, auf der Terrasse oder im Blumenbeet.","og_url":"https:\/\/staging.glaswunder.eu\/en\/shop\/rosenkugel-venezia-veilchenblau-15cm\/","og_site_name":"Glaswunder","og_image":[{"width":1920,"height":1920,"url":"https:\/\/staging.glaswunder.eu\/wp-content\/uploads\/2026\/03\/2-5.jpg","type":"image\/jpeg"}],"twitter_card":"summary_large_image","twitter_misc":{"Est. reading time":"1 minute"},"schema":{"@context":"https:\/\/schema.org","@graph":[{"@type":"WebPage","@id":"https:\/\/staging.glaswunder.eu\/shop\/rosenkugel-venezia-veilchenblau-15cm\/","url":"https:\/\/staging.glaswunder.eu\/shop\/rosenkugel-venezia-veilchenblau-15cm\/","name":"Rosenkugel Venezia Veilchenblau 15cm - Glaswunder","isPartOf":{"@id":"https:\/\/staging.glaswunder.eu\/#website"},"primaryImageOfPage":{"@id":"https:\/\/staging.glaswunder.eu\/shop\/rosenkugel-venezia-veilchenblau-15cm\/#primaryimage"},"image":{"@id":"https:\/\/staging.glaswunder.eu\/shop\/rosenkugel-venezia-veilchenblau-15cm\/#primaryimage"},"thumbnailUrl":"https:\/\/staging.glaswunder.eu\/wp-content\/uploads\/2026\/03\/2-5.jpg","datePublished":"2026-03-04T10:29:51+00:00","breadcrumb":{"@id":"https:\/\/staging.glaswunder.eu\/shop\/rosenkugel-venezia-veilchenblau-15cm\/#breadcrumb"},"inLanguage":"en-US","potentialAction":[{"@type":"ReadAction","target":["https:\/\/staging.glaswunder.eu\/shop\/rosenkugel-venezia-veilchenblau-15cm\/"]}]},{"@type":"ImageObject","inLanguage":"en-US","@id":"https:\/\/staging.glaswunder.eu\/shop\/rosenkugel-venezia-veilchenblau-15cm\/#primaryimage","url":"https:\/\/staging.glaswunder.eu\/wp-content\/uploads\/2026\/03\/2-5.jpg","contentUrl":"https:\/\/staging.glaswunder.eu\/wp-content\/uploads\/2026\/03\/2-5.jpg","width":1920,"height":1920},{"@type":"BreadcrumbList","@id":"https:\/\/staging.glaswunder.eu\/shop\/rosenkugel-venezia-veilchenblau-15cm\/#breadcrumb","itemListElement":[{"@type":"ListItem","position":1,"name":"Startseite","item":"https:\/\/staging.glaswunder.eu\/"},{"@type":"ListItem","position":2,"name":"Shop","item":"https:\/\/staging.glaswunder.eu\/shop\/"},{"@type":"ListItem","position":3,"name":"Rosenkugel Venezia Veilchenblau 15cm"}]},{"@type":"WebSite","@id":"https:\/\/staging.glaswunder.eu\/#website","url":"https:\/\/staging.glaswunder.eu\/","name":"Glaswunder","description":"Exklusive Christbaumkugeln, Weihnachtkugeln, Christbaumschmuck und mehr.","publisher":{"@id":"https:\/\/staging.glaswunder.eu\/#organization"},"potentialAction":[{"@type":"SearchAction","target":{"@type":"EntryPoint","urlTemplate":"https:\/\/staging.glaswunder.eu\/?s={search_term_string}"},"query-input":{"@type":"PropertyValueSpecification","valueRequired":true,"valueName":"search_term_string"}}],"inLanguage":"en-US"},{"@type":"Organization","@id":"https:\/\/staging.glaswunder.eu\/#organization","name":"Glaswunder","url":"https:\/\/staging.glaswunder.eu\/","logo":{"@type":"ImageObject","inLanguage":"en-US","@id":"https:\/\/staging.glaswunder.eu\/#\/schema\/logo\/image\/","url":"https:\/\/staging.glaswunder.eu\/wp-content\/uploads\/2023\/02\/GlasWunderLogo.webp","contentUrl":"https:\/\/staging.glaswunder.eu\/wp-content\/uploads\/2023\/02\/GlasWunderLogo.webp","width":500,"height":486,"caption":"Glaswunder"},"image":{"@id":"https:\/\/staging.glaswunder.eu\/#\/schema\/logo\/image\/"}}]}},"_links":{"self":[{"href":"https:\/\/staging.glaswunder.eu\/en\/wp-json\/wp\/v2\/product\/5227","targetHints":{"allow":["GET"]}}],"collection":[{"href":"https:\/\/staging.glaswunder.eu\/en\/wp-json\/wp\/v2\/product"}],"about":[{"href":"https:\/\/staging.glaswunder.eu\/en\/wp-json\/wp\/v2\/types\/product"}],"version-history":[{"count":1,"href":"https:\/\/staging.glaswunder.eu\/en\/wp-json\/wp\/v2\/product\/5227\/revisions"}],"predecessor-version":[{"id":5231,"href":"https:\/\/staging.glaswunder.eu\/en\/wp-json\/wp\/v2\/product\/5227\/revisions\/5231"}],"wp:featuredmedia":[{"embeddable":true,"href":"https:\/\/staging.glaswunder.eu\/en\/wp-json\/wp\/v2\/media\/5228"}],"wp:attachment":[{"href":"https:\/\/staging.glaswunder.eu\/en\/wp-json\/wp\/v2\/media?parent=5227"}],"wp:term":[{"taxonomy":"product_brand","embeddable":true,"href":"https:\/\/staging.glaswunder.eu\/en\/wp-json\/wp\/v2\/product_brand?post=5227"},{"taxonomy":"product_cat","embeddable":true,"href":"https:\/\/staging.glaswunder.eu\/en\/wp-json\/wp\/v2\/product_cat?post=5227"},{"taxonomy":"product_tag","embeddable":true,"href":"https:\/\/staging.glaswunder.eu\/en\/wp-json\/wp\/v2\/product_tag?post=5227"}],"curies":[{"name":"wp","href":"https:\/\/api.w.org\/{rel}","templated":true}]}}