{"id":967,"date":"2022-10-27T20:38:03","date_gmt":"2022-10-27T20:38:03","guid":{"rendered":"https:\/\/glaswunder.eu\/shop\/gutscheinkarte\/"},"modified":"2025-10-31T07:50:11","modified_gmt":"2025-10-31T07:50:11","slug":"gutscheinkarte","status":"publish","type":"product","link":"https:\/\/staging.glaswunder.eu\/en\/shop\/gutscheinkarte\/","title":{"rendered":"Gutscheinkarte"},"content":{"rendered":"<p>Die Geschenkkarten von GlasWunder sind ein wunderbares Geschenk f\u00fcr jeden Anlass. Ob als Geburtstagsgeschenk, Weihnachtsgeschenk oder einfach als unerwartete Aufmerksamkeit, eine Geschenkkarte von GlasWunder ist immer eine tolle \u00dcberraschung. Mit einer Geschenkkarte im Wert von 10\u20ac bis 200\u20ac erh\u00e4lt der Beschenkte die M\u00f6glichkeit, sich aus einem vielseitigen Sortiment an feinstem Glaswerk etwas aussuchen zu k\u00f6nnen. GlasWunder bietet eine breite Auswahl an dekorativen und wundersch\u00f6nen Glasprodukten, die alle handgefertigt sind &#8211; hier ist f\u00fcr jeden Geschmack etwas dabei. Alle GlasWunder-Produkte werden aus hochwertigem, mundgeblasenem Glas hergestellt, das von handbemalt und mit verschiedenen dekorativen Elementen verziert wird.<\/p>\n<p>Der K\u00e4ufer kann aus einer Vielzahl von Farben, Mustern und Verzierungen w\u00e4hlen, die jedes St\u00fcck zu einem einzigartigen Kunstwerk machen. Die GlasWunder-Geschenkkarte ist eine ausgezeichnete Wahl, wenn man einem geliebten Menschen etwas Besonderes schenken m\u00f6chte. Die Karte kann in verschiedenen Werten erworben werden, von 10\u20ac bis 200\u20ac, und der Beschenkte kann sich dann sein Lieblingsst\u00fcck aus dem GlasWunder-Sortiment aussuchen. Die Karte wird in einer sch\u00f6nen Geschenkkarte geliefert oder kann sofort als Onlinevariante ausgedruckt und verschenkt werden.<\/p>","protected":false},"excerpt":{"rendered":"<p>Die Geschenkkarten von GlasWunder sind ein wunderbares Geschenk f\u00fcr jeden Anlass. Ob als Geburtstagsgeschenk, Weihnachtsgeschenk oder einfach als unerwartete Aufmerksamkeit, eine Geschenkkarte von GlasWunder ist immer eine tolle \u00dcberraschung. Mit einer Geschenkkarte im Wert von 10\u20ac bis 200\u20ac erh\u00e4lt der Beschenkte die M\u00f6glichkeit, sich aus einem vielseitigen Sortiment an feinstem Glaswerk etwas aussuchen zu k\u00f6nnen. [&hellip;]<\/p>\n","protected":false},"featured_media":3012,"template":"","meta":{"_acf_changed":false},"product_brand":[],"product_cat":[15,35,52,38,51,39,37,41,42],"product_tag":[],"class_list":{"0":"post-967","1":"product","2":"type-product","3":"status-publish","4":"has-post-thumbnail","6":"product_cat-alle-produkte","7":"product_cat-classic-moments","8":"product_cat-easter-collection","9":"product_cat-kings-queens","10":"product_cat-magic_dreams","11":"product_cat-modern-style","12":"product_cat-nature-spirit","13":"product_cat-weihnachtskugeln-6cm","14":"product_cat-weihnachtskugeln-8cm","16":"first","17":"instock","18":"purchasable","19":"product-type-pw-gift-card"},"acf":[],"yoast_head":"<!-- This site is optimized with the Yoast SEO plugin v27.3 - https:\/\/yoast.com\/product\/yoast-seo-wordpress\/ -->\n<title>Gutscheinkarte - Glaswunder<\/title>\n<meta name=\"robots\" content=\"noindex, follow, max-snippet:-1, max-image-preview:large, max-video-preview:-1\" \/>\n<meta property=\"og:locale\" content=\"en_US\" \/>\n<meta property=\"og:type\" content=\"article\" \/>\n<meta property=\"og:title\" content=\"Gutscheinkarte - Glaswunder\" \/>\n<meta property=\"og:description\" content=\"Die Geschenkkarten von GlasWunder sind ein wunderbares Geschenk f\u00fcr jeden Anlass. Ob als Geburtstagsgeschenk, Weihnachtsgeschenk oder einfach als unerwartete Aufmerksamkeit, eine Geschenkkarte von GlasWunder ist immer eine tolle \u00dcberraschung. Mit einer Geschenkkarte im Wert von 10\u20ac bis 200\u20ac erh\u00e4lt der Beschenkte die M\u00f6glichkeit, sich aus einem vielseitigen Sortiment an feinstem Glaswerk etwas aussuchen zu k\u00f6nnen. [&hellip;]\" \/>\n<meta property=\"og:url\" content=\"https:\/\/staging.glaswunder.eu\/en\/shop\/gutscheinkarte\/\" \/>\n<meta property=\"og:site_name\" content=\"Glaswunder\" \/>\n<meta property=\"article:modified_time\" content=\"2025-10-31T07:50:11+00:00\" \/>\n<meta property=\"og:image\" content=\"https:\/\/staging.glaswunder.eu\/wp-content\/uploads\/2022\/10\/Geschenkkarte-1.jpg\" \/>\n\t<meta property=\"og:image:width\" content=\"1500\" \/>\n\t<meta property=\"og:image:height\" content=\"1500\" \/>\n\t<meta property=\"og:image:type\" content=\"image\/jpeg\" \/>\n<meta name=\"twitter:card\" content=\"summary_large_image\" \/>\n<meta name=\"twitter:label1\" content=\"Est. reading time\" \/>\n\t<meta name=\"twitter:data1\" content=\"1 minute\" \/>\n<script type=\"application\/ld+json\" class=\"yoast-schema-graph\">{\"@context\":\"https:\\\/\\\/schema.org\",\"@graph\":[{\"@type\":\"WebPage\",\"@id\":\"https:\\\/\\\/staging.glaswunder.eu\\\/shop\\\/gutscheinkarte\\\/\",\"url\":\"https:\\\/\\\/staging.glaswunder.eu\\\/shop\\\/gutscheinkarte\\\/\",\"name\":\"Gutscheinkarte - Glaswunder\",\"isPartOf\":{\"@id\":\"https:\\\/\\\/staging.glaswunder.eu\\\/#website\"},\"primaryImageOfPage\":{\"@id\":\"https:\\\/\\\/staging.glaswunder.eu\\\/shop\\\/gutscheinkarte\\\/#primaryimage\"},\"image\":{\"@id\":\"https:\\\/\\\/staging.glaswunder.eu\\\/shop\\\/gutscheinkarte\\\/#primaryimage\"},\"thumbnailUrl\":\"https:\\\/\\\/staging.glaswunder.eu\\\/wp-content\\\/uploads\\\/2022\\\/10\\\/Geschenkkarte-1.jpg\",\"datePublished\":\"2022-10-27T20:38:03+00:00\",\"dateModified\":\"2025-10-31T07:50:11+00:00\",\"breadcrumb\":{\"@id\":\"https:\\\/\\\/staging.glaswunder.eu\\\/shop\\\/gutscheinkarte\\\/#breadcrumb\"},\"inLanguage\":\"en-US\",\"potentialAction\":[{\"@type\":\"ReadAction\",\"target\":[\"https:\\\/\\\/staging.glaswunder.eu\\\/shop\\\/gutscheinkarte\\\/\"]}]},{\"@type\":\"ImageObject\",\"inLanguage\":\"en-US\",\"@id\":\"https:\\\/\\\/staging.glaswunder.eu\\\/shop\\\/gutscheinkarte\\\/#primaryimage\",\"url\":\"https:\\\/\\\/staging.glaswunder.eu\\\/wp-content\\\/uploads\\\/2022\\\/10\\\/Geschenkkarte-1.jpg\",\"contentUrl\":\"https:\\\/\\\/staging.glaswunder.eu\\\/wp-content\\\/uploads\\\/2022\\\/10\\\/Geschenkkarte-1.jpg\",\"width\":1500,\"height\":1500,\"caption\":\"Geschenkekarte von GlasWunder\"},{\"@type\":\"BreadcrumbList\",\"@id\":\"https:\\\/\\\/staging.glaswunder.eu\\\/shop\\\/gutscheinkarte\\\/#breadcrumb\",\"itemListElement\":[{\"@type\":\"ListItem\",\"position\":1,\"name\":\"Startseite\",\"item\":\"https:\\\/\\\/staging.glaswunder.eu\\\/\"},{\"@type\":\"ListItem\",\"position\":2,\"name\":\"Shop\",\"item\":\"https:\\\/\\\/staging.glaswunder.eu\\\/shop\\\/\"},{\"@type\":\"ListItem\",\"position\":3,\"name\":\"Gutscheinkarte\"}]},{\"@type\":\"WebSite\",\"@id\":\"https:\\\/\\\/staging.glaswunder.eu\\\/#website\",\"url\":\"https:\\\/\\\/staging.glaswunder.eu\\\/\",\"name\":\"Glaswunder\",\"description\":\"Exklusive Christbaumkugeln, Weihnachtkugeln, Christbaumschmuck und mehr.\",\"publisher\":{\"@id\":\"https:\\\/\\\/staging.glaswunder.eu\\\/#organization\"},\"potentialAction\":[{\"@type\":\"SearchAction\",\"target\":{\"@type\":\"EntryPoint\",\"urlTemplate\":\"https:\\\/\\\/staging.glaswunder.eu\\\/?s={search_term_string}\"},\"query-input\":{\"@type\":\"PropertyValueSpecification\",\"valueRequired\":true,\"valueName\":\"search_term_string\"}}],\"inLanguage\":\"en-US\"},{\"@type\":\"Organization\",\"@id\":\"https:\\\/\\\/staging.glaswunder.eu\\\/#organization\",\"name\":\"Glaswunder\",\"url\":\"https:\\\/\\\/staging.glaswunder.eu\\\/\",\"logo\":{\"@type\":\"ImageObject\",\"inLanguage\":\"en-US\",\"@id\":\"https:\\\/\\\/staging.glaswunder.eu\\\/#\\\/schema\\\/logo\\\/image\\\/\",\"url\":\"https:\\\/\\\/staging.glaswunder.eu\\\/wp-content\\\/uploads\\\/2023\\\/02\\\/GlasWunderLogo.webp\",\"contentUrl\":\"https:\\\/\\\/staging.glaswunder.eu\\\/wp-content\\\/uploads\\\/2023\\\/02\\\/GlasWunderLogo.webp\",\"width\":500,\"height\":486,\"caption\":\"Glaswunder\"},\"image\":{\"@id\":\"https:\\\/\\\/staging.glaswunder.eu\\\/#\\\/schema\\\/logo\\\/image\\\/\"}}]}<\/script>\n<!-- \/ Yoast SEO plugin. -->","yoast_head_json":{"title":"Gutscheinkarte - Glaswunder","robots":{"index":"noindex","follow":"follow","max-snippet":"max-snippet:-1","max-image-preview":"max-image-preview:large","max-video-preview":"max-video-preview:-1"},"og_locale":"en_US","og_type":"article","og_title":"Gutscheinkarte - Glaswunder","og_description":"Die Geschenkkarten von GlasWunder sind ein wunderbares Geschenk f\u00fcr jeden Anlass. Ob als Geburtstagsgeschenk, Weihnachtsgeschenk oder einfach als unerwartete Aufmerksamkeit, eine Geschenkkarte von GlasWunder ist immer eine tolle \u00dcberraschung. Mit einer Geschenkkarte im Wert von 10\u20ac bis 200\u20ac erh\u00e4lt der Beschenkte die M\u00f6glichkeit, sich aus einem vielseitigen Sortiment an feinstem Glaswerk etwas aussuchen zu k\u00f6nnen. [&hellip;]","og_url":"https:\/\/staging.glaswunder.eu\/en\/shop\/gutscheinkarte\/","og_site_name":"Glaswunder","article_modified_time":"2025-10-31T07:50:11+00:00","og_image":[{"width":1500,"height":1500,"url":"https:\/\/staging.glaswunder.eu\/wp-content\/uploads\/2022\/10\/Geschenkkarte-1.jpg","type":"image\/jpeg"}],"twitter_card":"summary_large_image","twitter_misc":{"Est. reading time":"1 minute"},"schema":{"@context":"https:\/\/schema.org","@graph":[{"@type":"WebPage","@id":"https:\/\/staging.glaswunder.eu\/shop\/gutscheinkarte\/","url":"https:\/\/staging.glaswunder.eu\/shop\/gutscheinkarte\/","name":"Gutscheinkarte - Glaswunder","isPartOf":{"@id":"https:\/\/staging.glaswunder.eu\/#website"},"primaryImageOfPage":{"@id":"https:\/\/staging.glaswunder.eu\/shop\/gutscheinkarte\/#primaryimage"},"image":{"@id":"https:\/\/staging.glaswunder.eu\/shop\/gutscheinkarte\/#primaryimage"},"thumbnailUrl":"https:\/\/staging.glaswunder.eu\/wp-content\/uploads\/2022\/10\/Geschenkkarte-1.jpg","datePublished":"2022-10-27T20:38:03+00:00","dateModified":"2025-10-31T07:50:11+00:00","breadcrumb":{"@id":"https:\/\/staging.glaswunder.eu\/shop\/gutscheinkarte\/#breadcrumb"},"inLanguage":"en-US","potentialAction":[{"@type":"ReadAction","target":["https:\/\/staging.glaswunder.eu\/shop\/gutscheinkarte\/"]}]},{"@type":"ImageObject","inLanguage":"en-US","@id":"https:\/\/staging.glaswunder.eu\/shop\/gutscheinkarte\/#primaryimage","url":"https:\/\/staging.glaswunder.eu\/wp-content\/uploads\/2022\/10\/Geschenkkarte-1.jpg","contentUrl":"https:\/\/staging.glaswunder.eu\/wp-content\/uploads\/2022\/10\/Geschenkkarte-1.jpg","width":1500,"height":1500,"caption":"Geschenkekarte von GlasWunder"},{"@type":"BreadcrumbList","@id":"https:\/\/staging.glaswunder.eu\/shop\/gutscheinkarte\/#breadcrumb","itemListElement":[{"@type":"ListItem","position":1,"name":"Startseite","item":"https:\/\/staging.glaswunder.eu\/"},{"@type":"ListItem","position":2,"name":"Shop","item":"https:\/\/staging.glaswunder.eu\/shop\/"},{"@type":"ListItem","position":3,"name":"Gutscheinkarte"}]},{"@type":"WebSite","@id":"https:\/\/staging.glaswunder.eu\/#website","url":"https:\/\/staging.glaswunder.eu\/","name":"Glaswunder","description":"Exklusive Christbaumkugeln, Weihnachtkugeln, Christbaumschmuck und mehr.","publisher":{"@id":"https:\/\/staging.glaswunder.eu\/#organization"},"potentialAction":[{"@type":"SearchAction","target":{"@type":"EntryPoint","urlTemplate":"https:\/\/staging.glaswunder.eu\/?s={search_term_string}"},"query-input":{"@type":"PropertyValueSpecification","valueRequired":true,"valueName":"search_term_string"}}],"inLanguage":"en-US"},{"@type":"Organization","@id":"https:\/\/staging.glaswunder.eu\/#organization","name":"Glaswunder","url":"https:\/\/staging.glaswunder.eu\/","logo":{"@type":"ImageObject","inLanguage":"en-US","@id":"https:\/\/staging.glaswunder.eu\/#\/schema\/logo\/image\/","url":"https:\/\/staging.glaswunder.eu\/wp-content\/uploads\/2023\/02\/GlasWunderLogo.webp","contentUrl":"https:\/\/staging.glaswunder.eu\/wp-content\/uploads\/2023\/02\/GlasWunderLogo.webp","width":500,"height":486,"caption":"Glaswunder"},"image":{"@id":"https:\/\/staging.glaswunder.eu\/#\/schema\/logo\/image\/"}}]}},"_links":{"self":[{"href":"https:\/\/staging.glaswunder.eu\/en\/wp-json\/wp\/v2\/product\/967","targetHints":{"allow":["GET"]}}],"collection":[{"href":"https:\/\/staging.glaswunder.eu\/en\/wp-json\/wp\/v2\/product"}],"about":[{"href":"https:\/\/staging.glaswunder.eu\/en\/wp-json\/wp\/v2\/types\/product"}],"version-history":[{"count":1,"href":"https:\/\/staging.glaswunder.eu\/en\/wp-json\/wp\/v2\/product\/967\/revisions"}],"predecessor-version":[{"id":3013,"href":"https:\/\/staging.glaswunder.eu\/en\/wp-json\/wp\/v2\/product\/967\/revisions\/3013"}],"wp:featuredmedia":[{"embeddable":true,"href":"https:\/\/staging.glaswunder.eu\/en\/wp-json\/wp\/v2\/media\/3012"}],"wp:attachment":[{"href":"https:\/\/staging.glaswunder.eu\/en\/wp-json\/wp\/v2\/media?parent=967"}],"wp:term":[{"taxonomy":"product_brand","embeddable":true,"href":"https:\/\/staging.glaswunder.eu\/en\/wp-json\/wp\/v2\/product_brand?post=967"},{"taxonomy":"product_cat","embeddable":true,"href":"https:\/\/staging.glaswunder.eu\/en\/wp-json\/wp\/v2\/product_cat?post=967"},{"taxonomy":"product_tag","embeddable":true,"href":"https:\/\/staging.glaswunder.eu\/en\/wp-json\/wp\/v2\/product_tag?post=967"}],"curies":[{"name":"wp","href":"https:\/\/api.w.org\/{rel}","templated":true}]}}